{"id":11711,"date":"2021-01-04T10:48:40","date_gmt":"2021-01-04T09:48:40","guid":{"rendered":"https:\/\/www.formedia.pl\/sklep\/?post_type=product&#038;p=11711"},"modified":"2026-04-01T08:25:27","modified_gmt":"2026-04-01T06:25:27","slug":"stojak-na-ulotki-ze-znakiem-graficznym-druk-uv-typu-snul-18-a4-format-a4-snul18","status":"publish","type":"product","link":"https:\/\/www.formedia.pl\/sklep\/produkt\/stojak-na-ulotki-ze-znakiem-graficznym-druk-uv-typu-snul-18-a4-format-a4-snul18\/","title":{"rendered":"Stojak na ulotki ze znakiem graficznym, druk UV, format A4  SNUL18"},"content":{"rendered":"<h2><span style=\"color: #ff6600;\">Wizytownik z logiem<\/span><\/h2>\n<p>Czy potrzebujesz wyeksponowa\u0107 wizyt\u00f3wki w trudnym miejscu, gdzie nara\u017cone mog\u0105 by\u0107 na uszkodzenia? Je\u017celi tak, mamy dla Ciebie rozwi\u0105zanie! Oferujemy stojak z kieszonk\u0105 na wizyt\u00f3wki, ulotki czy foldery. Dzi\u0119ki temu, Twoje informacje pozostan\u0105 na swoim miejscu. Istnieje mo\u017cliwo\u015b\u0107 naniesienia Twojego nadruku bezpo\u015brednio na plexi, kt\u00f3re potem wykonamy za pomoc\u0105 metody UV. Postaw na jako\u015b\u0107 naszych produkt\u00f3w!<\/p>\n<p align=\"JUSTIFY\"><strong>UWAGA!<\/strong><\/p>\n<ul>\n<li>Na fotografii jest przyk\u0142adowa prezentacja produktu.<\/li>\n<li>Inne wzory, kszta\u0142ty, kolory tworzywa mo\u017cemy wykona\u0107 dla Pa\u0144stwa na zam\u00f3wienie mailowe. Przed z\u0142o\u017ceniem zam\u00f3wienia indywidualnego prosimy o kontakt z naszym biurem obs\u0142ugi klienta w celu ustalenia szczeg\u00f3\u0142\u00f3w:\u00a0<strong><a href=\"tel:+48661036036\">tel. 661 036 036<\/a><\/strong><\/li>\n<li>Oferujemy r\u00f3wnie\u017c znakowanie metod\u0105 grawerowania oraz nadruku utwardzanego \u015bwiat\u0142em UV.<\/li>\n<li>Druk UV wykonujemy m.in. na: plexi, szkle, dibondzie, drewnie, kartonie, metalu, PCV.<\/li>\n<li>Wyroby z plexi zabezpieczone s\u0105 foli\u0105 ochronn\u0105. Przed u\u017cyciem nale\u017cy j\u0105 \u015bci\u0105gn\u0105\u0107.<\/li>\n<li>Sprawd\u017a\u00a0paczk\u0119\u00a0przy kurierze i oce\u0144\u00a0czy zawarto\u015b\u0107\u00a0nie jest uszkodzona! Protok\u00f3\u0142\u00a0szkody jest jedyn\u0105\u00a0podstaw\u0105\u00a0do reklamacji.<\/li>\n<\/ul>\n","protected":false},"excerpt":{"rendered":"<ul>\n<li>Produkt wykonywany na indywidualne zam\u00f3wienie, minimalna ilo\u015b\u0107 to 30 sztuk.<\/li>\n<li><span style=\"color: #ff6600;\"><strong>Wymiary stojaka\u00a0(d\u0142ug. x szer. x wys.):<\/strong><\/span> 70 x 300 x 210 mm<\/li>\n<li><strong><span style=\"color: #ff6600;\">Format ulotek:<\/span><\/strong> A4<\/li>\n<li><strong><span style=\"color: #ff6600;\">Materia\u0142:<\/span><\/strong> plexi bezbarwna<\/li>\n<li><strong><span style=\"color: #ff6600;\">Grubo\u015b\u0107:<\/span><\/strong> 2 mm<\/li>\n<li><strong><span style=\"color: #ff6600;\">Kod produktu:<\/span> <\/strong>SNUL18A4<\/li>\n<\/ul>\n","protected":false},"featured_media":11712,"template":"","meta":[],"product_brand":[],"product_cat":[896,895,899,897,898,894,893,900,865,216,860],"product_tag":[],"woo-feed-brand":[],"class_list":{"0":"post-11711","1":"product","2":"type-product","3":"status-publish","4":"has-post-thumbnail","6":"product_cat-branza-farmaceutyczna","7":"product_cat-branza-kosmetyczna","8":"product_cat-branza-medyczna","9":"product_cat-branza-odziezowa","10":"product_cat-branza-przemyslowa","11":"product_cat-branza-spozywcza","12":"product_cat-branze","13":"product_cat-branza-biurowa","14":"product_cat-format-a4","15":"product_cat-stojaki-reklamowe-z-pleksi","16":"product_cat-stojaki-z-plexi","18":"first","19":"onbackorder","20":"taxable","21":"shipping-taxable","22":"product-type-simple"},"yoast_head":"<!-- This site is optimized with the Yoast SEO plugin v27.5 - https:\/\/yoast.com\/product\/yoast-seo-wordpress\/ -->\n<title>Stojak na ulotki ze znakiem graficznym, druk UV, format A4 SNUL18 - Formedia<\/title>\n<meta name=\"description\" content=\"Producent wyrob\u00f3w z plexi. Sprawd\u017a Stojak na ulotki ze znakiem graficznym, druk UV, format A4 SNUL18. Indywidualne podej\u015bcie, w\u0142asne studio projektowe. Zapraszamy!\" \/>\n<meta name=\"robots\" content=\"index, follow, max-snippet:-1, max-image-preview:large, max-video-preview:-1\" \/>\n<link rel=\"canonical\" href=\"https:\/\/www.formedia.pl\/sklep\/produkt\/stojak-na-ulotki-ze-znakiem-graficznym-druk-uv-typu-snul-18-a4-format-a4-snul18\/\" \/>\n<meta property=\"og:locale\" content=\"pl_PL\" \/>\n<meta property=\"og:type\" content=\"article\" \/>\n<meta property=\"og:title\" content=\"Stojak na ulotki ze znakiem graficznym, druk UV, format A4 SNUL18 - Formedia\" \/>\n<meta property=\"og:description\" content=\"Producent wyrob\u00f3w z plexi. Sprawd\u017a Stojak na ulotki ze znakiem graficznym, druk UV, format A4 SNUL18. Indywidualne podej\u015bcie, w\u0142asne studio projektowe. Zapraszamy!\" \/>\n<meta property=\"og:url\" content=\"https:\/\/www.formedia.pl\/sklep\/produkt\/stojak-na-ulotki-ze-znakiem-graficznym-druk-uv-typu-snul-18-a4-format-a4-snul18\/\" \/>\n<meta property=\"og:site_name\" content=\"Formedia\" \/>\n<meta property=\"article:publisher\" content=\"https:\/\/www.facebook.com\/formedia.bydgoszcz\/\" \/>\n<meta property=\"article:modified_time\" content=\"2026-04-01T06:25:27+00:00\" \/>\n<meta property=\"og:image\" content=\"https:\/\/www.formedia.pl\/sklep\/wp-content\/uploads\/2021\/01\/WIZUALIZACJE_NA_WWW_druk_UV_stojaki_SNUL-18.jpg\" \/>\n\t<meta property=\"og:image:width\" content=\"501\" \/>\n\t<meta property=\"og:image:height\" content=\"501\" \/>\n\t<meta property=\"og:image:type\" content=\"image\/jpeg\" \/>\n<meta name=\"twitter:card\" content=\"summary_large_image\" \/>\n<meta name=\"twitter:label1\" content=\"Szacowany czas czytania\" \/>\n\t<meta name=\"twitter:data1\" content=\"1 minuta\" \/>\n<script type=\"application\/ld+json\" class=\"yoast-schema-graph\">{\"@context\":\"https:\\\/\\\/schema.org\",\"@graph\":[{\"@type\":\"WebPage\",\"@id\":\"https:\\\/\\\/www.formedia.pl\\\/sklep\\\/produkt\\\/stojak-na-ulotki-ze-znakiem-graficznym-druk-uv-typu-snul-18-a4-format-a4-snul18\\\/\",\"url\":\"https:\\\/\\\/www.formedia.pl\\\/sklep\\\/produkt\\\/stojak-na-ulotki-ze-znakiem-graficznym-druk-uv-typu-snul-18-a4-format-a4-snul18\\\/\",\"name\":\"Stojak na ulotki ze znakiem graficznym, druk UV, format A4 SNUL18 - Formedia\",\"isPartOf\":{\"@id\":\"https:\\\/\\\/www.formedia.pl\\\/sklep\\\/#website\"},\"primaryImageOfPage\":{\"@id\":\"https:\\\/\\\/www.formedia.pl\\\/sklep\\\/produkt\\\/stojak-na-ulotki-ze-znakiem-graficznym-druk-uv-typu-snul-18-a4-format-a4-snul18\\\/#primaryimage\"},\"image\":{\"@id\":\"https:\\\/\\\/www.formedia.pl\\\/sklep\\\/produkt\\\/stojak-na-ulotki-ze-znakiem-graficznym-druk-uv-typu-snul-18-a4-format-a4-snul18\\\/#primaryimage\"},\"thumbnailUrl\":\"https:\\\/\\\/www.formedia.pl\\\/sklep\\\/wp-content\\\/uploads\\\/2021\\\/01\\\/WIZUALIZACJE_NA_WWW_druk_UV_stojaki_SNUL-18.jpg\",\"datePublished\":\"2021-01-04T09:48:40+00:00\",\"dateModified\":\"2026-04-01T06:25:27+00:00\",\"description\":\"Producent wyrob\u00f3w z plexi. Sprawd\u017a Stojak na ulotki ze znakiem graficznym, druk UV, format A4 SNUL18. Indywidualne podej\u015bcie, w\u0142asne studio projektowe. Zapraszamy!\",\"breadcrumb\":{\"@id\":\"https:\\\/\\\/www.formedia.pl\\\/sklep\\\/produkt\\\/stojak-na-ulotki-ze-znakiem-graficznym-druk-uv-typu-snul-18-a4-format-a4-snul18\\\/#breadcrumb\"},\"inLanguage\":\"pl-PL\",\"potentialAction\":[{\"@type\":\"ReadAction\",\"target\":[\"https:\\\/\\\/www.formedia.pl\\\/sklep\\\/produkt\\\/stojak-na-ulotki-ze-znakiem-graficznym-druk-uv-typu-snul-18-a4-format-a4-snul18\\\/\"]}]},{\"@type\":\"ImageObject\",\"inLanguage\":\"pl-PL\",\"@id\":\"https:\\\/\\\/www.formedia.pl\\\/sklep\\\/produkt\\\/stojak-na-ulotki-ze-znakiem-graficznym-druk-uv-typu-snul-18-a4-format-a4-snul18\\\/#primaryimage\",\"url\":\"https:\\\/\\\/www.formedia.pl\\\/sklep\\\/wp-content\\\/uploads\\\/2021\\\/01\\\/WIZUALIZACJE_NA_WWW_druk_UV_stojaki_SNUL-18.jpg\",\"contentUrl\":\"https:\\\/\\\/www.formedia.pl\\\/sklep\\\/wp-content\\\/uploads\\\/2021\\\/01\\\/WIZUALIZACJE_NA_WWW_druk_UV_stojaki_SNUL-18.jpg\",\"width\":501,\"height\":501,\"caption\":\"stojak na ulotki z bezbarwnej plexi logo\"},{\"@type\":\"BreadcrumbList\",\"@id\":\"https:\\\/\\\/www.formedia.pl\\\/sklep\\\/produkt\\\/stojak-na-ulotki-ze-znakiem-graficznym-druk-uv-typu-snul-18-a4-format-a4-snul18\\\/#breadcrumb\",\"itemListElement\":[{\"@type\":\"ListItem\",\"position\":1,\"name\":\"Strona g\u0142\u00f3wna\",\"item\":\"https:\\\/\\\/www.formedia.pl\\\/sklep\\\/\"},{\"@type\":\"ListItem\",\"position\":2,\"name\":\"Sklep\",\"item\":\"https:\\\/\\\/www.formedia.pl\\\/sklep\\\/\"},{\"@type\":\"ListItem\",\"position\":3,\"name\":\"Stojak na ulotki ze znakiem graficznym, druk UV, format A4 SNUL18\"}]},{\"@type\":\"WebSite\",\"@id\":\"https:\\\/\\\/www.formedia.pl\\\/sklep\\\/#website\",\"url\":\"https:\\\/\\\/www.formedia.pl\\\/sklep\\\/\",\"name\":\"Formedia\",\"description\":\"Producent wyrob\u00f3w z tworzyw sztucznych\",\"publisher\":{\"@id\":\"https:\\\/\\\/www.formedia.pl\\\/sklep\\\/#organization\"},\"alternateName\":\"Formedia\",\"potentialAction\":[{\"@type\":\"SearchAction\",\"target\":{\"@type\":\"EntryPoint\",\"urlTemplate\":\"https:\\\/\\\/www.formedia.pl\\\/sklep\\\/?s={search_term_string}\"},\"query-input\":{\"@type\":\"PropertyValueSpecification\",\"valueRequired\":true,\"valueName\":\"search_term_string\"}}],\"inLanguage\":\"pl-PL\"},{\"@type\":\"Organization\",\"@id\":\"https:\\\/\\\/www.formedia.pl\\\/sklep\\\/#organization\",\"name\":\"Formedia\",\"alternateName\":\"Formedia\",\"url\":\"https:\\\/\\\/www.formedia.pl\\\/sklep\\\/\",\"logo\":{\"@type\":\"ImageObject\",\"inLanguage\":\"pl-PL\",\"@id\":\"https:\\\/\\\/www.formedia.pl\\\/sklep\\\/#\\\/schema\\\/logo\\\/image\\\/\",\"url\":\"https:\\\/\\\/www.formedia.pl\\\/sklep\\\/wp-content\\\/uploads\\\/2025\\\/03\\\/1x1cropped-logo-WWW-ForMedia-bialy.png\",\"contentUrl\":\"https:\\\/\\\/www.formedia.pl\\\/sklep\\\/wp-content\\\/uploads\\\/2025\\\/03\\\/1x1cropped-logo-WWW-ForMedia-bialy.png\",\"width\":412,\"height\":412,\"caption\":\"Formedia\"},\"image\":{\"@id\":\"https:\\\/\\\/www.formedia.pl\\\/sklep\\\/#\\\/schema\\\/logo\\\/image\\\/\"},\"sameAs\":[\"https:\\\/\\\/www.facebook.com\\\/formedia.bydgoszcz\\\/\",\"https:\\\/\\\/www.youtube.com\\\/@formedia4306\"]}]}<\/script>\n<!-- \/ Yoast SEO plugin. -->","yoast_head_json":{"title":"Stojak na ulotki ze znakiem graficznym, druk UV, format A4 SNUL18 - Formedia","description":"Producent wyrob\u00f3w z plexi. Sprawd\u017a Stojak na ulotki ze znakiem graficznym, druk UV, format A4 SNUL18. Indywidualne podej\u015bcie, w\u0142asne studio projektowe. Zapraszamy!","robots":{"index":"index","follow":"follow","max-snippet":"max-snippet:-1","max-image-preview":"max-image-preview:large","max-video-preview":"max-video-preview:-1"},"canonical":"https:\/\/www.formedia.pl\/sklep\/produkt\/stojak-na-ulotki-ze-znakiem-graficznym-druk-uv-typu-snul-18-a4-format-a4-snul18\/","og_locale":"pl_PL","og_type":"article","og_title":"Stojak na ulotki ze znakiem graficznym, druk UV, format A4 SNUL18 - Formedia","og_description":"Producent wyrob\u00f3w z plexi. Sprawd\u017a Stojak na ulotki ze znakiem graficznym, druk UV, format A4 SNUL18. Indywidualne podej\u015bcie, w\u0142asne studio projektowe. Zapraszamy!","og_url":"https:\/\/www.formedia.pl\/sklep\/produkt\/stojak-na-ulotki-ze-znakiem-graficznym-druk-uv-typu-snul-18-a4-format-a4-snul18\/","og_site_name":"Formedia","article_publisher":"https:\/\/www.facebook.com\/formedia.bydgoszcz\/","article_modified_time":"2026-04-01T06:25:27+00:00","og_image":[{"width":501,"height":501,"url":"https:\/\/www.formedia.pl\/sklep\/wp-content\/uploads\/2021\/01\/WIZUALIZACJE_NA_WWW_druk_UV_stojaki_SNUL-18.jpg","type":"image\/jpeg"}],"twitter_card":"summary_large_image","twitter_misc":{"Szacowany czas czytania":"1 minuta"},"schema":{"@context":"https:\/\/schema.org","@graph":[{"@type":"WebPage","@id":"https:\/\/www.formedia.pl\/sklep\/produkt\/stojak-na-ulotki-ze-znakiem-graficznym-druk-uv-typu-snul-18-a4-format-a4-snul18\/","url":"https:\/\/www.formedia.pl\/sklep\/produkt\/stojak-na-ulotki-ze-znakiem-graficznym-druk-uv-typu-snul-18-a4-format-a4-snul18\/","name":"Stojak na ulotki ze znakiem graficznym, druk UV, format A4 SNUL18 - Formedia","isPartOf":{"@id":"https:\/\/www.formedia.pl\/sklep\/#website"},"primaryImageOfPage":{"@id":"https:\/\/www.formedia.pl\/sklep\/produkt\/stojak-na-ulotki-ze-znakiem-graficznym-druk-uv-typu-snul-18-a4-format-a4-snul18\/#primaryimage"},"image":{"@id":"https:\/\/www.formedia.pl\/sklep\/produkt\/stojak-na-ulotki-ze-znakiem-graficznym-druk-uv-typu-snul-18-a4-format-a4-snul18\/#primaryimage"},"thumbnailUrl":"https:\/\/www.formedia.pl\/sklep\/wp-content\/uploads\/2021\/01\/WIZUALIZACJE_NA_WWW_druk_UV_stojaki_SNUL-18.jpg","datePublished":"2021-01-04T09:48:40+00:00","dateModified":"2026-04-01T06:25:27+00:00","description":"Producent wyrob\u00f3w z plexi. Sprawd\u017a Stojak na ulotki ze znakiem graficznym, druk UV, format A4 SNUL18. Indywidualne podej\u015bcie, w\u0142asne studio projektowe. Zapraszamy!","breadcrumb":{"@id":"https:\/\/www.formedia.pl\/sklep\/produkt\/stojak-na-ulotki-ze-znakiem-graficznym-druk-uv-typu-snul-18-a4-format-a4-snul18\/#breadcrumb"},"inLanguage":"pl-PL","potentialAction":[{"@type":"ReadAction","target":["https:\/\/www.formedia.pl\/sklep\/produkt\/stojak-na-ulotki-ze-znakiem-graficznym-druk-uv-typu-snul-18-a4-format-a4-snul18\/"]}]},{"@type":"ImageObject","inLanguage":"pl-PL","@id":"https:\/\/www.formedia.pl\/sklep\/produkt\/stojak-na-ulotki-ze-znakiem-graficznym-druk-uv-typu-snul-18-a4-format-a4-snul18\/#primaryimage","url":"https:\/\/www.formedia.pl\/sklep\/wp-content\/uploads\/2021\/01\/WIZUALIZACJE_NA_WWW_druk_UV_stojaki_SNUL-18.jpg","contentUrl":"https:\/\/www.formedia.pl\/sklep\/wp-content\/uploads\/2021\/01\/WIZUALIZACJE_NA_WWW_druk_UV_stojaki_SNUL-18.jpg","width":501,"height":501,"caption":"stojak na ulotki z bezbarwnej plexi logo"},{"@type":"BreadcrumbList","@id":"https:\/\/www.formedia.pl\/sklep\/produkt\/stojak-na-ulotki-ze-znakiem-graficznym-druk-uv-typu-snul-18-a4-format-a4-snul18\/#breadcrumb","itemListElement":[{"@type":"ListItem","position":1,"name":"Strona g\u0142\u00f3wna","item":"https:\/\/www.formedia.pl\/sklep\/"},{"@type":"ListItem","position":2,"name":"Sklep","item":"https:\/\/www.formedia.pl\/sklep\/"},{"@type":"ListItem","position":3,"name":"Stojak na ulotki ze znakiem graficznym, druk UV, format A4 SNUL18"}]},{"@type":"WebSite","@id":"https:\/\/www.formedia.pl\/sklep\/#website","url":"https:\/\/www.formedia.pl\/sklep\/","name":"Formedia","description":"Producent wyrob\u00f3w z tworzyw sztucznych","publisher":{"@id":"https:\/\/www.formedia.pl\/sklep\/#organization"},"alternateName":"Formedia","potentialAction":[{"@type":"SearchAction","target":{"@type":"EntryPoint","urlTemplate":"https:\/\/www.formedia.pl\/sklep\/?s={search_term_string}"},"query-input":{"@type":"PropertyValueSpecification","valueRequired":true,"valueName":"search_term_string"}}],"inLanguage":"pl-PL"},{"@type":"Organization","@id":"https:\/\/www.formedia.pl\/sklep\/#organization","name":"Formedia","alternateName":"Formedia","url":"https:\/\/www.formedia.pl\/sklep\/","logo":{"@type":"ImageObject","inLanguage":"pl-PL","@id":"https:\/\/www.formedia.pl\/sklep\/#\/schema\/logo\/image\/","url":"https:\/\/www.formedia.pl\/sklep\/wp-content\/uploads\/2025\/03\/1x1cropped-logo-WWW-ForMedia-bialy.png","contentUrl":"https:\/\/www.formedia.pl\/sklep\/wp-content\/uploads\/2025\/03\/1x1cropped-logo-WWW-ForMedia-bialy.png","width":412,"height":412,"caption":"Formedia"},"image":{"@id":"https:\/\/www.formedia.pl\/sklep\/#\/schema\/logo\/image\/"},"sameAs":["https:\/\/www.facebook.com\/formedia.bydgoszcz\/","https:\/\/www.youtube.com\/@formedia4306"]}]}},"_links":{"self":[{"href":"https:\/\/www.formedia.pl\/sklep\/wp-json\/wp\/v2\/product\/11711","targetHints":{"allow":["GET"]}}],"collection":[{"href":"https:\/\/www.formedia.pl\/sklep\/wp-json\/wp\/v2\/product"}],"about":[{"href":"https:\/\/www.formedia.pl\/sklep\/wp-json\/wp\/v2\/types\/product"}],"wp:featuredmedia":[{"embeddable":true,"href":"https:\/\/www.formedia.pl\/sklep\/wp-json\/wp\/v2\/media\/11712"}],"wp:attachment":[{"href":"https:\/\/www.formedia.pl\/sklep\/wp-json\/wp\/v2\/media?parent=11711"}],"wp:term":[{"taxonomy":"product_brand","embeddable":true,"href":"https:\/\/www.formedia.pl\/sklep\/wp-json\/wp\/v2\/product_brand?post=11711"},{"taxonomy":"product_cat","embeddable":true,"href":"https:\/\/www.formedia.pl\/sklep\/wp-json\/wp\/v2\/product_cat?post=11711"},{"taxonomy":"product_tag","embeddable":true,"href":"https:\/\/www.formedia.pl\/sklep\/wp-json\/wp\/v2\/product_tag?post=11711"},{"taxonomy":"woo-feed-brand","embeddable":true,"href":"https:\/\/www.formedia.pl\/sklep\/wp-json\/wp\/v2\/woo-feed-brand?post=11711"}],"curies":[{"name":"wp","href":"https:\/\/api.w.org\/{rel}","templated":true}]}}