{"id":11837,"date":"2021-01-12T09:24:37","date_gmt":"2021-01-12T08:24:37","guid":{"rendered":"https:\/\/www.formedia.pl\/sklep\/?post_type=product&#038;p=11837"},"modified":"2026-04-01T08:25:30","modified_gmt":"2026-04-01T06:25:30","slug":"stojak-z-plexi-na-bizuterie-prezenter-na-naszyjniki-popiersie-wys-20cm-logo-druk-uv","status":"publish","type":"product","link":"https:\/\/www.formedia.pl\/sklep\/produkt\/stojak-z-plexi-na-bizuterie-prezenter-na-naszyjniki-popiersie-wys-20cm-logo-druk-uv\/","title":{"rendered":"Stojak z plexi na bi\u017cuteri\u0119, prezenter na naszyjniki, popiersie o wysoko\u015bci 20 cm, logo druk UV"},"content":{"rendered":"<h2><span style=\"color: #ff6600;\">Ekspozytor bi\u017cuteryjny<\/span><\/h2>\n<p>Prowadzisz sklep z bi\u017cuteri\u0105? Pragniesz uporz\u0105dkowa\u0107 gablot\u0119, \u017ceby Twoi klienci dok\u0142adniej widzieli co masz im do zaoferowania? Mamy dla Ciebie rozwi\u0105zanie! Wypr\u00f3buj prezentery bi\u017cuteryjne. Nasze produkty tworzymy z materia\u0142\u00f3w o najwy\u017cszej jako\u015bci. Bezbarwna plexi o grubo\u015bci 2 mm prezentuje si\u0119 elegancko na ka\u017cdej wystawie.\u00a0 Niepowtarzalne kszta\u0142ty stojak\u00f3w przyci\u0105gn\u0105 uwag\u0119 Twoich klient\u00f3w. Pozw\u00f3l ich zaskoczy\u0107 naszymi produktami! Mo\u017cliwo\u015b\u0107 naniesienia spersonalizowanego logo, za pomoc\u0105 innowacyjnej technologii druku UV. Zapewniamy trwa\u0142o\u015b\u0107, odporno\u015b\u0107 na uszkodzenia oraz estetyk\u0119 produktu.<\/p>\n<p align=\"JUSTIFY\"><strong>UWAGA!<\/strong><\/p>\n<ul>\n<li>Na fotografii jest przyk\u0142adowa prezentacja produktu.<\/li>\n<li>Inne wzory, kszta\u0142ty, kolory tworzywa mo\u017cemy wykona\u0107 dla Pa\u0144stwa na zam\u00f3wienie mailowe. Przed z\u0142o\u017ceniem zam\u00f3wienia indywidualnego prosimy o kontakt z naszym biurem obs\u0142ugi klienta w celu ustalenia szczeg\u00f3\u0142\u00f3w:\u00a0<strong><a href=\"tel:+48661036036\">tel. 661 036 036<\/a><\/strong><\/li>\n<li>Oferujemy r\u00f3wnie\u017c znakowanie metod\u0105 grawerowania oraz nadruku utwardzanego \u015bwiat\u0142em UV.<\/li>\n<li>Druk UV wykonujemy m.in. na: plexi, szkle, dibondzie, drewnie, kartonie, metalu, PCV.<\/li>\n<li>Wyroby z plexi zabezpieczone s\u0105 foli\u0105 ochronn\u0105. Przed u\u017cyciem nale\u017cy j\u0105 \u015bci\u0105gn\u0105\u0107.<\/li>\n<li>Sprawd\u017a\u00a0paczk\u0119\u00a0przy kurierze i oce\u0144\u00a0czy zawarto\u015b\u0107\u00a0nie jest uszkodzona! Protok\u00f3\u0142\u00a0szkody jest jedyn\u0105\u00a0podstaw\u0105\u00a0do reklamacji.<\/li>\n<\/ul>\n","protected":false},"excerpt":{"rendered":"<ul>\n<li>Produkt wykonywany na indywidualne zam\u00f3wienie, minimalna ilo\u015b\u0107 to 30 sztuk.<\/li>\n<li><strong><span style=\"color: #ff6600;\">Wymiary stojaka (g\u0142.\u00a0x szer. x wys.):<\/span><\/strong> \u00a080 x 170 x 200 mm<\/li>\n<li><strong><span style=\"color: #ff6600;\">Materia\u0142:<\/span><\/strong> plexi bezbarwna<\/li>\n<li><strong><span style=\"color: #ff6600;\">Grubo\u015b\u0107:<\/span> <\/strong>2 mm<\/li>\n<li><strong><span style=\"color: #ff6600;\">Personalizacja:<\/span><\/strong> druk UV<\/li>\n<li><strong><span style=\"color: #ff6600;\">Kod produktu:<\/span><\/strong> SNBPOP3UV<\/li>\n<\/ul>\n","protected":false},"featured_media":11839,"template":"","meta":[],"product_brand":[],"product_cat":[895,897,707,870],"product_tag":[],"woo-feed-brand":[],"class_list":{"0":"post-11837","1":"product","2":"type-product","3":"status-publish","4":"has-post-thumbnail","6":"product_cat-branza-kosmetyczna","7":"product_cat-branza-odziezowa","8":"product_cat-ekspozytor-prezenter","9":"product_cat-stojaki-na-bizuterie","11":"first","12":"onbackorder","13":"taxable","14":"shipping-taxable","15":"product-type-simple"},"yoast_head":"<!-- This site is optimized with the Yoast SEO plugin v27.5 - https:\/\/yoast.com\/product\/yoast-seo-wordpress\/ -->\n<title>Stojak z plexi na bi\u017cuteri\u0119, prezenter na naszyjniki, popiersie o wysoko\u015bci 20 cm, logo druk UV - Formedia<\/title>\n<meta name=\"description\" content=\"Producent wyrob\u00f3w z plexi. Sprawd\u017a Stojak z plexi na bi\u017cuteri\u0119, prezenter na naszyjniki, popiersie o wysoko\u015bci 20 cm, logo druk UV. Indywidualne podej\u015bcie, w\u0142asne studio projektowe. Zapraszamy!\" \/>\n<meta name=\"robots\" content=\"index, follow, max-snippet:-1, max-image-preview:large, max-video-preview:-1\" \/>\n<link rel=\"canonical\" href=\"https:\/\/www.formedia.pl\/sklep\/produkt\/stojak-z-plexi-na-bizuterie-prezenter-na-naszyjniki-popiersie-wys-20cm-logo-druk-uv\/\" \/>\n<meta property=\"og:locale\" content=\"pl_PL\" \/>\n<meta property=\"og:type\" content=\"article\" \/>\n<meta property=\"og:title\" content=\"Stojak z plexi na bi\u017cuteri\u0119, prezenter na naszyjniki, popiersie o wysoko\u015bci 20 cm, logo druk UV - Formedia\" \/>\n<meta property=\"og:description\" content=\"Producent wyrob\u00f3w z plexi. Sprawd\u017a Stojak z plexi na bi\u017cuteri\u0119, prezenter na naszyjniki, popiersie o wysoko\u015bci 20 cm, logo druk UV. Indywidualne podej\u015bcie, w\u0142asne studio projektowe. Zapraszamy!\" \/>\n<meta property=\"og:url\" content=\"https:\/\/www.formedia.pl\/sklep\/produkt\/stojak-z-plexi-na-bizuterie-prezenter-na-naszyjniki-popiersie-wys-20cm-logo-druk-uv\/\" \/>\n<meta property=\"og:site_name\" content=\"Formedia\" \/>\n<meta property=\"article:publisher\" content=\"https:\/\/www.facebook.com\/formedia.bydgoszcz\/\" \/>\n<meta property=\"article:modified_time\" content=\"2026-04-01T06:25:30+00:00\" \/>\n<meta property=\"og:image\" content=\"https:\/\/www.formedia.pl\/sklep\/wp-content\/uploads\/2021\/01\/druk-uv-kujawsko-pomorskie-producent-plexi.jpg.jpg\" \/>\n\t<meta property=\"og:image:width\" content=\"500\" \/>\n\t<meta property=\"og:image:height\" content=\"501\" \/>\n\t<meta property=\"og:image:type\" content=\"image\/jpeg\" \/>\n<meta name=\"twitter:card\" content=\"summary_large_image\" \/>\n<meta name=\"twitter:label1\" content=\"Szacowany czas czytania\" \/>\n\t<meta name=\"twitter:data1\" content=\"1 minuta\" \/>\n<script type=\"application\/ld+json\" class=\"yoast-schema-graph\">{\"@context\":\"https:\\\/\\\/schema.org\",\"@graph\":[{\"@type\":\"WebPage\",\"@id\":\"https:\\\/\\\/www.formedia.pl\\\/sklep\\\/produkt\\\/stojak-z-plexi-na-bizuterie-prezenter-na-naszyjniki-popiersie-wys-20cm-logo-druk-uv\\\/\",\"url\":\"https:\\\/\\\/www.formedia.pl\\\/sklep\\\/produkt\\\/stojak-z-plexi-na-bizuterie-prezenter-na-naszyjniki-popiersie-wys-20cm-logo-druk-uv\\\/\",\"name\":\"Stojak z plexi na bi\u017cuteri\u0119, prezenter na naszyjniki, popiersie o wysoko\u015bci 20 cm, logo druk UV - Formedia\",\"isPartOf\":{\"@id\":\"https:\\\/\\\/www.formedia.pl\\\/sklep\\\/#website\"},\"primaryImageOfPage\":{\"@id\":\"https:\\\/\\\/www.formedia.pl\\\/sklep\\\/produkt\\\/stojak-z-plexi-na-bizuterie-prezenter-na-naszyjniki-popiersie-wys-20cm-logo-druk-uv\\\/#primaryimage\"},\"image\":{\"@id\":\"https:\\\/\\\/www.formedia.pl\\\/sklep\\\/produkt\\\/stojak-z-plexi-na-bizuterie-prezenter-na-naszyjniki-popiersie-wys-20cm-logo-druk-uv\\\/#primaryimage\"},\"thumbnailUrl\":\"https:\\\/\\\/www.formedia.pl\\\/sklep\\\/wp-content\\\/uploads\\\/2021\\\/01\\\/druk-uv-kujawsko-pomorskie-producent-plexi.jpg.jpg\",\"datePublished\":\"2021-01-12T08:24:37+00:00\",\"dateModified\":\"2026-04-01T06:25:30+00:00\",\"description\":\"Producent wyrob\u00f3w z plexi. Sprawd\u017a Stojak z plexi na bi\u017cuteri\u0119, prezenter na naszyjniki, popiersie o wysoko\u015bci 20 cm, logo druk UV. Indywidualne podej\u015bcie, w\u0142asne studio projektowe. Zapraszamy!\",\"breadcrumb\":{\"@id\":\"https:\\\/\\\/www.formedia.pl\\\/sklep\\\/produkt\\\/stojak-z-plexi-na-bizuterie-prezenter-na-naszyjniki-popiersie-wys-20cm-logo-druk-uv\\\/#breadcrumb\"},\"inLanguage\":\"pl-PL\",\"potentialAction\":[{\"@type\":\"ReadAction\",\"target\":[\"https:\\\/\\\/www.formedia.pl\\\/sklep\\\/produkt\\\/stojak-z-plexi-na-bizuterie-prezenter-na-naszyjniki-popiersie-wys-20cm-logo-druk-uv\\\/\"]}]},{\"@type\":\"ImageObject\",\"inLanguage\":\"pl-PL\",\"@id\":\"https:\\\/\\\/www.formedia.pl\\\/sklep\\\/produkt\\\/stojak-z-plexi-na-bizuterie-prezenter-na-naszyjniki-popiersie-wys-20cm-logo-druk-uv\\\/#primaryimage\",\"url\":\"https:\\\/\\\/www.formedia.pl\\\/sklep\\\/wp-content\\\/uploads\\\/2021\\\/01\\\/druk-uv-kujawsko-pomorskie-producent-plexi.jpg.jpg\",\"contentUrl\":\"https:\\\/\\\/www.formedia.pl\\\/sklep\\\/wp-content\\\/uploads\\\/2021\\\/01\\\/druk-uv-kujawsko-pomorskie-producent-plexi.jpg.jpg\",\"width\":500,\"height\":501,\"caption\":\"organizer na naszyjniki z plexi\"},{\"@type\":\"BreadcrumbList\",\"@id\":\"https:\\\/\\\/www.formedia.pl\\\/sklep\\\/produkt\\\/stojak-z-plexi-na-bizuterie-prezenter-na-naszyjniki-popiersie-wys-20cm-logo-druk-uv\\\/#breadcrumb\",\"itemListElement\":[{\"@type\":\"ListItem\",\"position\":1,\"name\":\"Strona g\u0142\u00f3wna\",\"item\":\"https:\\\/\\\/www.formedia.pl\\\/sklep\\\/\"},{\"@type\":\"ListItem\",\"position\":2,\"name\":\"Sklep\",\"item\":\"https:\\\/\\\/www.formedia.pl\\\/sklep\\\/\"},{\"@type\":\"ListItem\",\"position\":3,\"name\":\"Stojak z plexi na bi\u017cuteri\u0119, prezenter na naszyjniki, popiersie o wysoko\u015bci 20 cm, logo druk UV\"}]},{\"@type\":\"WebSite\",\"@id\":\"https:\\\/\\\/www.formedia.pl\\\/sklep\\\/#website\",\"url\":\"https:\\\/\\\/www.formedia.pl\\\/sklep\\\/\",\"name\":\"Formedia\",\"description\":\"Producent wyrob\u00f3w z tworzyw sztucznych\",\"publisher\":{\"@id\":\"https:\\\/\\\/www.formedia.pl\\\/sklep\\\/#organization\"},\"alternateName\":\"Formedia\",\"potentialAction\":[{\"@type\":\"SearchAction\",\"target\":{\"@type\":\"EntryPoint\",\"urlTemplate\":\"https:\\\/\\\/www.formedia.pl\\\/sklep\\\/?s={search_term_string}\"},\"query-input\":{\"@type\":\"PropertyValueSpecification\",\"valueRequired\":true,\"valueName\":\"search_term_string\"}}],\"inLanguage\":\"pl-PL\"},{\"@type\":\"Organization\",\"@id\":\"https:\\\/\\\/www.formedia.pl\\\/sklep\\\/#organization\",\"name\":\"Formedia\",\"alternateName\":\"Formedia\",\"url\":\"https:\\\/\\\/www.formedia.pl\\\/sklep\\\/\",\"logo\":{\"@type\":\"ImageObject\",\"inLanguage\":\"pl-PL\",\"@id\":\"https:\\\/\\\/www.formedia.pl\\\/sklep\\\/#\\\/schema\\\/logo\\\/image\\\/\",\"url\":\"https:\\\/\\\/www.formedia.pl\\\/sklep\\\/wp-content\\\/uploads\\\/2025\\\/03\\\/1x1cropped-logo-WWW-ForMedia-bialy.png\",\"contentUrl\":\"https:\\\/\\\/www.formedia.pl\\\/sklep\\\/wp-content\\\/uploads\\\/2025\\\/03\\\/1x1cropped-logo-WWW-ForMedia-bialy.png\",\"width\":412,\"height\":412,\"caption\":\"Formedia\"},\"image\":{\"@id\":\"https:\\\/\\\/www.formedia.pl\\\/sklep\\\/#\\\/schema\\\/logo\\\/image\\\/\"},\"sameAs\":[\"https:\\\/\\\/www.facebook.com\\\/formedia.bydgoszcz\\\/\",\"https:\\\/\\\/www.youtube.com\\\/@formedia4306\"]}]}<\/script>\n<!-- \/ Yoast SEO plugin. -->","yoast_head_json":{"title":"Stojak z plexi na bi\u017cuteri\u0119, prezenter na naszyjniki, popiersie o wysoko\u015bci 20 cm, logo druk UV - Formedia","description":"Producent wyrob\u00f3w z plexi. Sprawd\u017a Stojak z plexi na bi\u017cuteri\u0119, prezenter na naszyjniki, popiersie o wysoko\u015bci 20 cm, logo druk UV. Indywidualne podej\u015bcie, w\u0142asne studio projektowe. Zapraszamy!","robots":{"index":"index","follow":"follow","max-snippet":"max-snippet:-1","max-image-preview":"max-image-preview:large","max-video-preview":"max-video-preview:-1"},"canonical":"https:\/\/www.formedia.pl\/sklep\/produkt\/stojak-z-plexi-na-bizuterie-prezenter-na-naszyjniki-popiersie-wys-20cm-logo-druk-uv\/","og_locale":"pl_PL","og_type":"article","og_title":"Stojak z plexi na bi\u017cuteri\u0119, prezenter na naszyjniki, popiersie o wysoko\u015bci 20 cm, logo druk UV - Formedia","og_description":"Producent wyrob\u00f3w z plexi. Sprawd\u017a Stojak z plexi na bi\u017cuteri\u0119, prezenter na naszyjniki, popiersie o wysoko\u015bci 20 cm, logo druk UV. Indywidualne podej\u015bcie, w\u0142asne studio projektowe. Zapraszamy!","og_url":"https:\/\/www.formedia.pl\/sklep\/produkt\/stojak-z-plexi-na-bizuterie-prezenter-na-naszyjniki-popiersie-wys-20cm-logo-druk-uv\/","og_site_name":"Formedia","article_publisher":"https:\/\/www.facebook.com\/formedia.bydgoszcz\/","article_modified_time":"2026-04-01T06:25:30+00:00","og_image":[{"width":500,"height":501,"url":"https:\/\/www.formedia.pl\/sklep\/wp-content\/uploads\/2021\/01\/druk-uv-kujawsko-pomorskie-producent-plexi.jpg.jpg","type":"image\/jpeg"}],"twitter_card":"summary_large_image","twitter_misc":{"Szacowany czas czytania":"1 minuta"},"schema":{"@context":"https:\/\/schema.org","@graph":[{"@type":"WebPage","@id":"https:\/\/www.formedia.pl\/sklep\/produkt\/stojak-z-plexi-na-bizuterie-prezenter-na-naszyjniki-popiersie-wys-20cm-logo-druk-uv\/","url":"https:\/\/www.formedia.pl\/sklep\/produkt\/stojak-z-plexi-na-bizuterie-prezenter-na-naszyjniki-popiersie-wys-20cm-logo-druk-uv\/","name":"Stojak z plexi na bi\u017cuteri\u0119, prezenter na naszyjniki, popiersie o wysoko\u015bci 20 cm, logo druk UV - Formedia","isPartOf":{"@id":"https:\/\/www.formedia.pl\/sklep\/#website"},"primaryImageOfPage":{"@id":"https:\/\/www.formedia.pl\/sklep\/produkt\/stojak-z-plexi-na-bizuterie-prezenter-na-naszyjniki-popiersie-wys-20cm-logo-druk-uv\/#primaryimage"},"image":{"@id":"https:\/\/www.formedia.pl\/sklep\/produkt\/stojak-z-plexi-na-bizuterie-prezenter-na-naszyjniki-popiersie-wys-20cm-logo-druk-uv\/#primaryimage"},"thumbnailUrl":"https:\/\/www.formedia.pl\/sklep\/wp-content\/uploads\/2021\/01\/druk-uv-kujawsko-pomorskie-producent-plexi.jpg.jpg","datePublished":"2021-01-12T08:24:37+00:00","dateModified":"2026-04-01T06:25:30+00:00","description":"Producent wyrob\u00f3w z plexi. Sprawd\u017a Stojak z plexi na bi\u017cuteri\u0119, prezenter na naszyjniki, popiersie o wysoko\u015bci 20 cm, logo druk UV. Indywidualne podej\u015bcie, w\u0142asne studio projektowe. Zapraszamy!","breadcrumb":{"@id":"https:\/\/www.formedia.pl\/sklep\/produkt\/stojak-z-plexi-na-bizuterie-prezenter-na-naszyjniki-popiersie-wys-20cm-logo-druk-uv\/#breadcrumb"},"inLanguage":"pl-PL","potentialAction":[{"@type":"ReadAction","target":["https:\/\/www.formedia.pl\/sklep\/produkt\/stojak-z-plexi-na-bizuterie-prezenter-na-naszyjniki-popiersie-wys-20cm-logo-druk-uv\/"]}]},{"@type":"ImageObject","inLanguage":"pl-PL","@id":"https:\/\/www.formedia.pl\/sklep\/produkt\/stojak-z-plexi-na-bizuterie-prezenter-na-naszyjniki-popiersie-wys-20cm-logo-druk-uv\/#primaryimage","url":"https:\/\/www.formedia.pl\/sklep\/wp-content\/uploads\/2021\/01\/druk-uv-kujawsko-pomorskie-producent-plexi.jpg.jpg","contentUrl":"https:\/\/www.formedia.pl\/sklep\/wp-content\/uploads\/2021\/01\/druk-uv-kujawsko-pomorskie-producent-plexi.jpg.jpg","width":500,"height":501,"caption":"organizer na naszyjniki z plexi"},{"@type":"BreadcrumbList","@id":"https:\/\/www.formedia.pl\/sklep\/produkt\/stojak-z-plexi-na-bizuterie-prezenter-na-naszyjniki-popiersie-wys-20cm-logo-druk-uv\/#breadcrumb","itemListElement":[{"@type":"ListItem","position":1,"name":"Strona g\u0142\u00f3wna","item":"https:\/\/www.formedia.pl\/sklep\/"},{"@type":"ListItem","position":2,"name":"Sklep","item":"https:\/\/www.formedia.pl\/sklep\/"},{"@type":"ListItem","position":3,"name":"Stojak z plexi na bi\u017cuteri\u0119, prezenter na naszyjniki, popiersie o wysoko\u015bci 20 cm, logo druk UV"}]},{"@type":"WebSite","@id":"https:\/\/www.formedia.pl\/sklep\/#website","url":"https:\/\/www.formedia.pl\/sklep\/","name":"Formedia","description":"Producent wyrob\u00f3w z tworzyw sztucznych","publisher":{"@id":"https:\/\/www.formedia.pl\/sklep\/#organization"},"alternateName":"Formedia","potentialAction":[{"@type":"SearchAction","target":{"@type":"EntryPoint","urlTemplate":"https:\/\/www.formedia.pl\/sklep\/?s={search_term_string}"},"query-input":{"@type":"PropertyValueSpecification","valueRequired":true,"valueName":"search_term_string"}}],"inLanguage":"pl-PL"},{"@type":"Organization","@id":"https:\/\/www.formedia.pl\/sklep\/#organization","name":"Formedia","alternateName":"Formedia","url":"https:\/\/www.formedia.pl\/sklep\/","logo":{"@type":"ImageObject","inLanguage":"pl-PL","@id":"https:\/\/www.formedia.pl\/sklep\/#\/schema\/logo\/image\/","url":"https:\/\/www.formedia.pl\/sklep\/wp-content\/uploads\/2025\/03\/1x1cropped-logo-WWW-ForMedia-bialy.png","contentUrl":"https:\/\/www.formedia.pl\/sklep\/wp-content\/uploads\/2025\/03\/1x1cropped-logo-WWW-ForMedia-bialy.png","width":412,"height":412,"caption":"Formedia"},"image":{"@id":"https:\/\/www.formedia.pl\/sklep\/#\/schema\/logo\/image\/"},"sameAs":["https:\/\/www.facebook.com\/formedia.bydgoszcz\/","https:\/\/www.youtube.com\/@formedia4306"]}]}},"_links":{"self":[{"href":"https:\/\/www.formedia.pl\/sklep\/wp-json\/wp\/v2\/product\/11837","targetHints":{"allow":["GET"]}}],"collection":[{"href":"https:\/\/www.formedia.pl\/sklep\/wp-json\/wp\/v2\/product"}],"about":[{"href":"https:\/\/www.formedia.pl\/sklep\/wp-json\/wp\/v2\/types\/product"}],"wp:featuredmedia":[{"embeddable":true,"href":"https:\/\/www.formedia.pl\/sklep\/wp-json\/wp\/v2\/media\/11839"}],"wp:attachment":[{"href":"https:\/\/www.formedia.pl\/sklep\/wp-json\/wp\/v2\/media?parent=11837"}],"wp:term":[{"taxonomy":"product_brand","embeddable":true,"href":"https:\/\/www.formedia.pl\/sklep\/wp-json\/wp\/v2\/product_brand?post=11837"},{"taxonomy":"product_cat","embeddable":true,"href":"https:\/\/www.formedia.pl\/sklep\/wp-json\/wp\/v2\/product_cat?post=11837"},{"taxonomy":"product_tag","embeddable":true,"href":"https:\/\/www.formedia.pl\/sklep\/wp-json\/wp\/v2\/product_tag?post=11837"},{"taxonomy":"woo-feed-brand","embeddable":true,"href":"https:\/\/www.formedia.pl\/sklep\/wp-json\/wp\/v2\/woo-feed-brand?post=11837"}],"curies":[{"name":"wp","href":"https:\/\/api.w.org\/{rel}","templated":true}]}}