{"id":11881,"date":"2021-01-12T12:19:17","date_gmt":"2021-01-12T11:19:17","guid":{"rendered":"https:\/\/www.formedia.pl\/sklep\/?post_type=product&#038;p=11881"},"modified":"2026-04-01T08:25:32","modified_gmt":"2026-04-01T06:25:32","slug":"stojak-na-buty-podstawka-na-obuwie-z-plexi-szer-8cm-logo-druk-uv-4","status":"publish","type":"product","link":"https:\/\/www.formedia.pl\/sklep\/produkt\/stojak-na-buty-podstawka-na-obuwie-z-plexi-szer-8cm-logo-druk-uv-4\/","title":{"rendered":"Stojak na wafelki do lod\u00f3w z plexi, szeroko\u015b\u0107 8 cm, logo druk UV"},"content":{"rendered":"<h2><span style=\"color: #ff6600;\">Stojak na wafle do lod\u00f3w<\/span><\/h2>\n<p>Prowadzisz w\u0142asn\u0105 lodziarnie? Chcesz u\u0142atwi\u0107 podawanie jedzenia klientom? Stojak na wafelki do lod\u00f3w posiada 3 wyci\u0119cia na ro\u017cki. Dzi\u0119ki zastosowaniu materia\u0142u odpowiedniej grubo\u015bci stojak jest stabilny i wytrzyma\u0142y. Idealnie sprawdzaj\u0105 si\u0119 w lodziarniach, cukierniach i kawiarniach. Ta innowacyjna technologia zapewni trwa\u0142o\u015b\u0107, estetyk\u0119 oraz odporno\u015b\u0107 na mikro uszkodzenia produktu. Wybierz nasz produkt i przekonaj si\u0119 sam o jako\u015bci.<\/p>\n<p>Poznaj pe\u0142n\u0105 ofert\u0119<a href=\"https:\/\/www.formedia.pl\/sklep\/kategoria-produktu\/druk-uv\/prezentery-z-uv\/\"><span style=\"color: #333333;\"><strong>\u00a0prezenter\u00f3w z drukiem UV i stojak\u00f3w wystawienniczych <\/strong><\/span><\/a>od Formedia.<\/p>\n<p><span style=\"color: #ff0000;\"><strong>UWAGA!<\/strong><\/span><\/p>\n<p><span style=\"color: #ff0000;\">Nie nale\u017cy czy\u015bci\u0107 produkt\u00f3w z pleksi \u015brodkami na bazie alkoholu (np. spirytus, denaturat), poniewa\u017c mog\u0105 one powodowa\u0107 mikrop\u0119kni\u0119cia i zmatowienie powierzchni. Zamiast tego, do czyszczenia zaleca si\u0119 stosowanie ciep\u0142ej wody z myd\u0142em lub specjalistycznych preparat\u00f3w przeznaczonych do tworzyw sztucznych, a do przecierania u\u017cywa\u0107 mi\u0119kkiej \u015bciereczki z mikrofibry.<span class=\"uJ19be notranslate\" data-wiz-uids=\"WcvRbd_b,WcvRbd_c,WcvRbd_d\"><span class=\"vKEkVd\" data-animation-atomic=\"\">\u00a0<\/span><\/span><\/span><\/p>\n<p align=\"JUSTIFY\"><strong>UWAGA!<\/strong><\/p>\n<ul>\n<li>Na fotografii jest przyk\u0142adowa prezentacja produktu.<\/li>\n<li>Inne wzory, kszta\u0142ty, kolory tworzywa mo\u017cemy wykona\u0107 dla Pa\u0144stwa na zam\u00f3wienie mailowe. Przed z\u0142o\u017ceniem zam\u00f3wienia indywidualnego prosimy o kontakt z naszym biurem obs\u0142ugi klienta w celu ustalenia szczeg\u00f3\u0142\u00f3w:\u00a0<strong><a href=\"tel:+48661036036\">tel. 661 036 036<\/a><\/strong><\/li>\n<li>Oferujemy r\u00f3wnie\u017c znakowanie metod\u0105 grawerowania oraz nadruku utwardzanego \u015bwiat\u0142em UV.<\/li>\n<li>Druk UV wykonujemy m.in. na: plexi, szkle, dibondzie, drewnie, kartonie, metalu, PCV.<\/li>\n<li>Wyroby z plexi zabezpieczone s\u0105 foli\u0105 ochronn\u0105. Przed u\u017cyciem nale\u017cy j\u0105 \u015bci\u0105gn\u0105\u0107.<\/li>\n<li>Sprawd\u017a\u00a0paczk\u0119\u00a0przy kurierze i oce\u0144\u00a0czy zawarto\u015b\u0107\u00a0nie jest uszkodzona! Protok\u00f3\u0142\u00a0szkody jest jedyn\u0105\u00a0podstaw\u0105\u00a0do reklamacji.<\/li>\n<\/ul>\n","protected":false},"excerpt":{"rendered":"<ul>\n<li>Produkt wykonywany na indywidualne zam\u00f3wienie, minimalna ilo\u015b\u0107 to 30 sztuk.<\/li>\n<li><strong><span style=\"color: #ff6600;\">Wymiary stojaka\u00a0(d\u0142. x szer. x wys.):<\/span><\/strong>\u00a0 80 x 160 x 90 mm<\/li>\n<li><strong><span style=\"color: #ff6600;\">\u015arednica otwor\u00f3w:\u00a0<\/span><\/strong> 30mm, 35mm, 40mm<\/li>\n<li><strong><span style=\"color: #ff6600;\">Materia\u0142:<\/span><\/strong> plexi bezbarwna<\/li>\n<li><strong><span style=\"color: #ff6600;\">Grubo\u015bci:<\/span><\/strong> 2 mm<\/li>\n<li><strong><span style=\"color: #ff6600;\">Personalizacja:<\/span> <\/strong>druk UV<\/li>\n<li><strong><span style=\"color: #ff6600;\">Kod produktu:<\/span><\/strong> SDGL6UV<\/li>\n<\/ul>\n","protected":false},"featured_media":11882,"template":"","meta":[],"product_brand":[],"product_cat":[894,707,873,886,826],"product_tag":[],"woo-feed-brand":[],"class_list":{"0":"post-11881","1":"product","2":"type-product","3":"status-publish","4":"has-post-thumbnail","6":"product_cat-branza-spozywcza","7":"product_cat-ekspozytor-prezenter","8":"product_cat-inne-stojaki","9":"product_cat-podajniki-na-wafle","10":"product_cat-wyposazenie-dla-horeca","12":"first","13":"onbackorder","14":"taxable","15":"shipping-taxable","16":"product-type-simple"},"yoast_head":"<!-- This site is optimized with the Yoast SEO plugin v27.5 - https:\/\/yoast.com\/product\/yoast-seo-wordpress\/ -->\n<title>Stojak na wafelki do lod\u00f3w z plexi, szeroko\u015b\u0107 8 cm, logo druk UV - Formedia<\/title>\n<meta name=\"description\" content=\"Producent wyrob\u00f3w z plexi. Sprawd\u017a Stojak na wafelki do lod\u00f3w z plexi, szeroko\u015b\u0107 8 cm, logo druk UV. Indywidualne podej\u015bcie, w\u0142asne studio projektowe. Zapraszamy!\" \/>\n<meta name=\"robots\" content=\"index, follow, max-snippet:-1, max-image-preview:large, max-video-preview:-1\" \/>\n<link rel=\"canonical\" href=\"https:\/\/www.formedia.pl\/sklep\/produkt\/stojak-na-buty-podstawka-na-obuwie-z-plexi-szer-8cm-logo-druk-uv-4\/\" \/>\n<meta property=\"og:locale\" content=\"pl_PL\" \/>\n<meta property=\"og:type\" content=\"article\" \/>\n<meta property=\"og:title\" content=\"Stojak na wafelki do lod\u00f3w z plexi, szeroko\u015b\u0107 8 cm, logo druk UV - Formedia\" \/>\n<meta property=\"og:description\" content=\"Producent wyrob\u00f3w z plexi. Sprawd\u017a Stojak na wafelki do lod\u00f3w z plexi, szeroko\u015b\u0107 8 cm, logo druk UV. Indywidualne podej\u015bcie, w\u0142asne studio projektowe. Zapraszamy!\" \/>\n<meta property=\"og:url\" content=\"https:\/\/www.formedia.pl\/sklep\/produkt\/stojak-na-buty-podstawka-na-obuwie-z-plexi-szer-8cm-logo-druk-uv-4\/\" \/>\n<meta property=\"og:site_name\" content=\"Formedia\" \/>\n<meta property=\"article:publisher\" content=\"https:\/\/www.facebook.com\/formedia.bydgoszcz\/\" \/>\n<meta property=\"article:modified_time\" content=\"2026-04-01T06:25:32+00:00\" \/>\n<meta property=\"og:image\" content=\"https:\/\/www.formedia.pl\/sklep\/wp-content\/uploads\/2019\/02\/GDZIE-W-BYDGOSZCZY-WYDRUKOWAC-UV.jpg\" \/>\n\t<meta property=\"og:image:width\" content=\"500\" \/>\n\t<meta property=\"og:image:height\" content=\"500\" \/>\n\t<meta property=\"og:image:type\" content=\"image\/jpeg\" \/>\n<meta name=\"twitter:card\" content=\"summary_large_image\" \/>\n<meta name=\"twitter:label1\" content=\"Szacowany czas czytania\" \/>\n\t<meta name=\"twitter:data1\" content=\"2 minuty\" \/>\n<script type=\"application\/ld+json\" class=\"yoast-schema-graph\">{\"@context\":\"https:\\\/\\\/schema.org\",\"@graph\":[{\"@type\":\"WebPage\",\"@id\":\"https:\\\/\\\/www.formedia.pl\\\/sklep\\\/produkt\\\/stojak-na-buty-podstawka-na-obuwie-z-plexi-szer-8cm-logo-druk-uv-4\\\/\",\"url\":\"https:\\\/\\\/www.formedia.pl\\\/sklep\\\/produkt\\\/stojak-na-buty-podstawka-na-obuwie-z-plexi-szer-8cm-logo-druk-uv-4\\\/\",\"name\":\"Stojak na wafelki do lod\u00f3w z plexi, szeroko\u015b\u0107 8 cm, logo druk UV - Formedia\",\"isPartOf\":{\"@id\":\"https:\\\/\\\/www.formedia.pl\\\/sklep\\\/#website\"},\"primaryImageOfPage\":{\"@id\":\"https:\\\/\\\/www.formedia.pl\\\/sklep\\\/produkt\\\/stojak-na-buty-podstawka-na-obuwie-z-plexi-szer-8cm-logo-druk-uv-4\\\/#primaryimage\"},\"image\":{\"@id\":\"https:\\\/\\\/www.formedia.pl\\\/sklep\\\/produkt\\\/stojak-na-buty-podstawka-na-obuwie-z-plexi-szer-8cm-logo-druk-uv-4\\\/#primaryimage\"},\"thumbnailUrl\":\"https:\\\/\\\/www.formedia.pl\\\/sklep\\\/wp-content\\\/uploads\\\/2019\\\/02\\\/GDZIE-W-BYDGOSZCZY-WYDRUKOWAC-UV.jpg\",\"datePublished\":\"2021-01-12T11:19:17+00:00\",\"dateModified\":\"2026-04-01T06:25:32+00:00\",\"description\":\"Producent wyrob\u00f3w z plexi. Sprawd\u017a Stojak na wafelki do lod\u00f3w z plexi, szeroko\u015b\u0107 8 cm, logo druk UV. Indywidualne podej\u015bcie, w\u0142asne studio projektowe. Zapraszamy!\",\"breadcrumb\":{\"@id\":\"https:\\\/\\\/www.formedia.pl\\\/sklep\\\/produkt\\\/stojak-na-buty-podstawka-na-obuwie-z-plexi-szer-8cm-logo-druk-uv-4\\\/#breadcrumb\"},\"inLanguage\":\"pl-PL\",\"potentialAction\":[{\"@type\":\"ReadAction\",\"target\":[\"https:\\\/\\\/www.formedia.pl\\\/sklep\\\/produkt\\\/stojak-na-buty-podstawka-na-obuwie-z-plexi-szer-8cm-logo-druk-uv-4\\\/\"]}]},{\"@type\":\"ImageObject\",\"inLanguage\":\"pl-PL\",\"@id\":\"https:\\\/\\\/www.formedia.pl\\\/sklep\\\/produkt\\\/stojak-na-buty-podstawka-na-obuwie-z-plexi-szer-8cm-logo-druk-uv-4\\\/#primaryimage\",\"url\":\"https:\\\/\\\/www.formedia.pl\\\/sklep\\\/wp-content\\\/uploads\\\/2019\\\/02\\\/GDZIE-W-BYDGOSZCZY-WYDRUKOWAC-UV.jpg\",\"contentUrl\":\"https:\\\/\\\/www.formedia.pl\\\/sklep\\\/wp-content\\\/uploads\\\/2019\\\/02\\\/GDZIE-W-BYDGOSZCZY-WYDRUKOWAC-UV.jpg\",\"width\":500,\"height\":500,\"caption\":\"stojak podajnik na wafelki do lodow\"},{\"@type\":\"BreadcrumbList\",\"@id\":\"https:\\\/\\\/www.formedia.pl\\\/sklep\\\/produkt\\\/stojak-na-buty-podstawka-na-obuwie-z-plexi-szer-8cm-logo-druk-uv-4\\\/#breadcrumb\",\"itemListElement\":[{\"@type\":\"ListItem\",\"position\":1,\"name\":\"Strona g\u0142\u00f3wna\",\"item\":\"https:\\\/\\\/www.formedia.pl\\\/sklep\\\/\"},{\"@type\":\"ListItem\",\"position\":2,\"name\":\"Sklep\",\"item\":\"https:\\\/\\\/www.formedia.pl\\\/sklep\\\/\"},{\"@type\":\"ListItem\",\"position\":3,\"name\":\"Stojak na wafelki do lod\u00f3w z plexi, szeroko\u015b\u0107 8 cm, logo druk UV\"}]},{\"@type\":\"WebSite\",\"@id\":\"https:\\\/\\\/www.formedia.pl\\\/sklep\\\/#website\",\"url\":\"https:\\\/\\\/www.formedia.pl\\\/sklep\\\/\",\"name\":\"Formedia\",\"description\":\"Producent wyrob\u00f3w z tworzyw sztucznych\",\"publisher\":{\"@id\":\"https:\\\/\\\/www.formedia.pl\\\/sklep\\\/#organization\"},\"alternateName\":\"Formedia\",\"potentialAction\":[{\"@type\":\"SearchAction\",\"target\":{\"@type\":\"EntryPoint\",\"urlTemplate\":\"https:\\\/\\\/www.formedia.pl\\\/sklep\\\/?s={search_term_string}\"},\"query-input\":{\"@type\":\"PropertyValueSpecification\",\"valueRequired\":true,\"valueName\":\"search_term_string\"}}],\"inLanguage\":\"pl-PL\"},{\"@type\":\"Organization\",\"@id\":\"https:\\\/\\\/www.formedia.pl\\\/sklep\\\/#organization\",\"name\":\"Formedia\",\"alternateName\":\"Formedia\",\"url\":\"https:\\\/\\\/www.formedia.pl\\\/sklep\\\/\",\"logo\":{\"@type\":\"ImageObject\",\"inLanguage\":\"pl-PL\",\"@id\":\"https:\\\/\\\/www.formedia.pl\\\/sklep\\\/#\\\/schema\\\/logo\\\/image\\\/\",\"url\":\"https:\\\/\\\/www.formedia.pl\\\/sklep\\\/wp-content\\\/uploads\\\/2025\\\/03\\\/1x1cropped-logo-WWW-ForMedia-bialy.png\",\"contentUrl\":\"https:\\\/\\\/www.formedia.pl\\\/sklep\\\/wp-content\\\/uploads\\\/2025\\\/03\\\/1x1cropped-logo-WWW-ForMedia-bialy.png\",\"width\":412,\"height\":412,\"caption\":\"Formedia\"},\"image\":{\"@id\":\"https:\\\/\\\/www.formedia.pl\\\/sklep\\\/#\\\/schema\\\/logo\\\/image\\\/\"},\"sameAs\":[\"https:\\\/\\\/www.facebook.com\\\/formedia.bydgoszcz\\\/\",\"https:\\\/\\\/www.youtube.com\\\/@formedia4306\"]}]}<\/script>\n<!-- \/ Yoast SEO plugin. -->","yoast_head_json":{"title":"Stojak na wafelki do lod\u00f3w z plexi, szeroko\u015b\u0107 8 cm, logo druk UV - Formedia","description":"Producent wyrob\u00f3w z plexi. Sprawd\u017a Stojak na wafelki do lod\u00f3w z plexi, szeroko\u015b\u0107 8 cm, logo druk UV. Indywidualne podej\u015bcie, w\u0142asne studio projektowe. Zapraszamy!","robots":{"index":"index","follow":"follow","max-snippet":"max-snippet:-1","max-image-preview":"max-image-preview:large","max-video-preview":"max-video-preview:-1"},"canonical":"https:\/\/www.formedia.pl\/sklep\/produkt\/stojak-na-buty-podstawka-na-obuwie-z-plexi-szer-8cm-logo-druk-uv-4\/","og_locale":"pl_PL","og_type":"article","og_title":"Stojak na wafelki do lod\u00f3w z plexi, szeroko\u015b\u0107 8 cm, logo druk UV - Formedia","og_description":"Producent wyrob\u00f3w z plexi. Sprawd\u017a Stojak na wafelki do lod\u00f3w z plexi, szeroko\u015b\u0107 8 cm, logo druk UV. Indywidualne podej\u015bcie, w\u0142asne studio projektowe. Zapraszamy!","og_url":"https:\/\/www.formedia.pl\/sklep\/produkt\/stojak-na-buty-podstawka-na-obuwie-z-plexi-szer-8cm-logo-druk-uv-4\/","og_site_name":"Formedia","article_publisher":"https:\/\/www.facebook.com\/formedia.bydgoszcz\/","article_modified_time":"2026-04-01T06:25:32+00:00","og_image":[{"width":500,"height":500,"url":"https:\/\/www.formedia.pl\/sklep\/wp-content\/uploads\/2019\/02\/GDZIE-W-BYDGOSZCZY-WYDRUKOWAC-UV.jpg","type":"image\/jpeg"}],"twitter_card":"summary_large_image","twitter_misc":{"Szacowany czas czytania":"2 minuty"},"schema":{"@context":"https:\/\/schema.org","@graph":[{"@type":"WebPage","@id":"https:\/\/www.formedia.pl\/sklep\/produkt\/stojak-na-buty-podstawka-na-obuwie-z-plexi-szer-8cm-logo-druk-uv-4\/","url":"https:\/\/www.formedia.pl\/sklep\/produkt\/stojak-na-buty-podstawka-na-obuwie-z-plexi-szer-8cm-logo-druk-uv-4\/","name":"Stojak na wafelki do lod\u00f3w z plexi, szeroko\u015b\u0107 8 cm, logo druk UV - Formedia","isPartOf":{"@id":"https:\/\/www.formedia.pl\/sklep\/#website"},"primaryImageOfPage":{"@id":"https:\/\/www.formedia.pl\/sklep\/produkt\/stojak-na-buty-podstawka-na-obuwie-z-plexi-szer-8cm-logo-druk-uv-4\/#primaryimage"},"image":{"@id":"https:\/\/www.formedia.pl\/sklep\/produkt\/stojak-na-buty-podstawka-na-obuwie-z-plexi-szer-8cm-logo-druk-uv-4\/#primaryimage"},"thumbnailUrl":"https:\/\/www.formedia.pl\/sklep\/wp-content\/uploads\/2019\/02\/GDZIE-W-BYDGOSZCZY-WYDRUKOWAC-UV.jpg","datePublished":"2021-01-12T11:19:17+00:00","dateModified":"2026-04-01T06:25:32+00:00","description":"Producent wyrob\u00f3w z plexi. Sprawd\u017a Stojak na wafelki do lod\u00f3w z plexi, szeroko\u015b\u0107 8 cm, logo druk UV. Indywidualne podej\u015bcie, w\u0142asne studio projektowe. Zapraszamy!","breadcrumb":{"@id":"https:\/\/www.formedia.pl\/sklep\/produkt\/stojak-na-buty-podstawka-na-obuwie-z-plexi-szer-8cm-logo-druk-uv-4\/#breadcrumb"},"inLanguage":"pl-PL","potentialAction":[{"@type":"ReadAction","target":["https:\/\/www.formedia.pl\/sklep\/produkt\/stojak-na-buty-podstawka-na-obuwie-z-plexi-szer-8cm-logo-druk-uv-4\/"]}]},{"@type":"ImageObject","inLanguage":"pl-PL","@id":"https:\/\/www.formedia.pl\/sklep\/produkt\/stojak-na-buty-podstawka-na-obuwie-z-plexi-szer-8cm-logo-druk-uv-4\/#primaryimage","url":"https:\/\/www.formedia.pl\/sklep\/wp-content\/uploads\/2019\/02\/GDZIE-W-BYDGOSZCZY-WYDRUKOWAC-UV.jpg","contentUrl":"https:\/\/www.formedia.pl\/sklep\/wp-content\/uploads\/2019\/02\/GDZIE-W-BYDGOSZCZY-WYDRUKOWAC-UV.jpg","width":500,"height":500,"caption":"stojak podajnik na wafelki do lodow"},{"@type":"BreadcrumbList","@id":"https:\/\/www.formedia.pl\/sklep\/produkt\/stojak-na-buty-podstawka-na-obuwie-z-plexi-szer-8cm-logo-druk-uv-4\/#breadcrumb","itemListElement":[{"@type":"ListItem","position":1,"name":"Strona g\u0142\u00f3wna","item":"https:\/\/www.formedia.pl\/sklep\/"},{"@type":"ListItem","position":2,"name":"Sklep","item":"https:\/\/www.formedia.pl\/sklep\/"},{"@type":"ListItem","position":3,"name":"Stojak na wafelki do lod\u00f3w z plexi, szeroko\u015b\u0107 8 cm, logo druk UV"}]},{"@type":"WebSite","@id":"https:\/\/www.formedia.pl\/sklep\/#website","url":"https:\/\/www.formedia.pl\/sklep\/","name":"Formedia","description":"Producent wyrob\u00f3w z tworzyw sztucznych","publisher":{"@id":"https:\/\/www.formedia.pl\/sklep\/#organization"},"alternateName":"Formedia","potentialAction":[{"@type":"SearchAction","target":{"@type":"EntryPoint","urlTemplate":"https:\/\/www.formedia.pl\/sklep\/?s={search_term_string}"},"query-input":{"@type":"PropertyValueSpecification","valueRequired":true,"valueName":"search_term_string"}}],"inLanguage":"pl-PL"},{"@type":"Organization","@id":"https:\/\/www.formedia.pl\/sklep\/#organization","name":"Formedia","alternateName":"Formedia","url":"https:\/\/www.formedia.pl\/sklep\/","logo":{"@type":"ImageObject","inLanguage":"pl-PL","@id":"https:\/\/www.formedia.pl\/sklep\/#\/schema\/logo\/image\/","url":"https:\/\/www.formedia.pl\/sklep\/wp-content\/uploads\/2025\/03\/1x1cropped-logo-WWW-ForMedia-bialy.png","contentUrl":"https:\/\/www.formedia.pl\/sklep\/wp-content\/uploads\/2025\/03\/1x1cropped-logo-WWW-ForMedia-bialy.png","width":412,"height":412,"caption":"Formedia"},"image":{"@id":"https:\/\/www.formedia.pl\/sklep\/#\/schema\/logo\/image\/"},"sameAs":["https:\/\/www.facebook.com\/formedia.bydgoszcz\/","https:\/\/www.youtube.com\/@formedia4306"]}]}},"_links":{"self":[{"href":"https:\/\/www.formedia.pl\/sklep\/wp-json\/wp\/v2\/product\/11881","targetHints":{"allow":["GET"]}}],"collection":[{"href":"https:\/\/www.formedia.pl\/sklep\/wp-json\/wp\/v2\/product"}],"about":[{"href":"https:\/\/www.formedia.pl\/sklep\/wp-json\/wp\/v2\/types\/product"}],"wp:featuredmedia":[{"embeddable":true,"href":"https:\/\/www.formedia.pl\/sklep\/wp-json\/wp\/v2\/media\/11882"}],"wp:attachment":[{"href":"https:\/\/www.formedia.pl\/sklep\/wp-json\/wp\/v2\/media?parent=11881"}],"wp:term":[{"taxonomy":"product_brand","embeddable":true,"href":"https:\/\/www.formedia.pl\/sklep\/wp-json\/wp\/v2\/product_brand?post=11881"},{"taxonomy":"product_cat","embeddable":true,"href":"https:\/\/www.formedia.pl\/sklep\/wp-json\/wp\/v2\/product_cat?post=11881"},{"taxonomy":"product_tag","embeddable":true,"href":"https:\/\/www.formedia.pl\/sklep\/wp-json\/wp\/v2\/product_tag?post=11881"},{"taxonomy":"woo-feed-brand","embeddable":true,"href":"https:\/\/www.formedia.pl\/sklep\/wp-json\/wp\/v2\/woo-feed-brand?post=11881"}],"curies":[{"name":"wp","href":"https:\/\/api.w.org\/{rel}","templated":true}]}}