{"id":12600,"date":"2021-01-26T14:14:53","date_gmt":"2021-01-26T13:14:53","guid":{"rendered":"https:\/\/www.formedia.pl\/sklep\/?post_type=product&#038;p=12600"},"modified":"2026-04-01T08:25:39","modified_gmt":"2026-04-01T06:25:39","slug":"ramka-na-plakat-a4-pionowy-mocowana-na-dwie-przyssawki-na-szybe-reklame-sklepu-format-zewnetrzny-ramki-30x30-cm","status":"publish","type":"product","link":"https:\/\/www.formedia.pl\/sklep\/produkt\/ramka-na-plakat-a4-pionowy-mocowana-na-dwie-przyssawki-na-szybe-reklame-sklepu-format-zewnetrzny-ramki-30x30-cm\/","title":{"rendered":"Ramka na plakat A4 pionowy mocowana na dwie przyssawki na szyb\u0119 reklam\u0119 sklepu 30 x 30 cm"},"content":{"rendered":"<h2><span style=\"color: #ff6600;\">Ramka na pionowy plakat na szyb\u0119 sklepu<\/span><\/h2>\n<p>Skuteczna forma reklamy dla Twojego biznesu. Nasze ramki cechuje wysoka jako\u015b\u0107 materia\u0142\u00f3w PCV lub plexi oraz przyssawki, dzi\u0119ki kt\u00f3rym monta\u017c jest prostszy. Produkt jest wielokrotnego u\u017cytku co daje mo\u017cliwo\u015b\u0107 wymieniania tre\u015bci. Umo\u017cliwiamy wyb\u00f3r koloru obramowania oraz formatu wk\u0142adki, w zale\u017cno\u015bci od potrzeb klienta. Nasz produkt z pewno\u015bci\u0105 pomo\u017ce Ci przyku\u0107 uwag\u0119 klienta.<\/p>\n<p><strong>Informacje o produkcie:<\/strong><\/p>\n<ul>\n<li>Ramka wykonana jest z lekkiego i wytrzyma\u0142ego tworzywa PCV lub plexi, w zale\u017cno\u015bci od wybranego wzoru<\/li>\n<li>Mocowanie ramki do szyby witryny sklepowej za pomoc\u0105 dw\u00f3ch przyssawek<\/li>\n<li>Ca\u0142o\u015b\u0107 wycinana jest za pomoc\u0105 precyzyjnej technologii frezowania, kt\u00f3ra zapewnia idealnie g\u0142adkie kraw\u0119dzie<\/li>\n<li>Pe\u0142ny kolor produktu naniesiony jest za pom\u0105c\u0105 naklejki i nale\u017cy go okre\u015bli\u0107 w zam\u00f3wieniu<\/li>\n<li>Intuicyjny monta\u017c i mo\u017cliwo\u015b\u0107 wielokrotnej wymiany grafiki<\/li>\n<li>Cena dotyczy jednego koloru, w przypadku druku UV lub zadruku naklejki sporz\u0105dzamy indywidualn\u0105 wycen\u0119<\/li>\n<li>Druk UV lub na naklejce przy zam\u00f3wieniu od 30 produkt\u00f3w<\/li>\n<li>Na indywidualne zam\u00f3wienie wykonujemy ramki dopasowane do wk\u0142adek\u00a0 np. w formacie A5, A3<\/li>\n<\/ul>\n<p><strong>Chcesz by\u0107 jeszcze bardziej oryginalny? <\/strong><\/p>\n<p>Ju\u017c dzi\u015b wybierz swoj\u0105 kolorystyk\u0119 lub prze\u015blij nam grafik\u0119 druku UV, kt\u00f3ry naniesiemy na wybrany produkt. Jeste\u015bmy producentem materia\u0142\u00f3w promocyjnych i je\u015bli masz projekt grafiki, kt\u00f3ra wychodzi poza obszar ramki, bez problemu wytniemy dla Ciebie okre\u015blony kszta\u0142t. <span style=\"color: #ff6600;\"><strong>Zam\u00f3wienia indywidualne realizujemy od 30 sztuk.<\/strong><\/span><\/p>\n<p><strong>UWAGA!<\/strong><b><\/b><\/p>\n<ul>\n<li>Na fotografii jest przyk\u0142adowa prezentacja produktu.<\/li>\n<li>Inne wzory, kszta\u0142ty, kolory tworzywa mo\u017cemy wykona\u0107 dla Pa\u0144stwa na zam\u00f3wienie mailowe. Przed z\u0142o\u017ceniem zam\u00f3wienia indywidualnego prosimy o kontakt z naszym biurem obs\u0142ugi klienta w celu ustalenia szczeg\u00f3\u0142\u00f3w:\u00a0<strong><a href=\"tel:+48661036036\">tel. 661 036 036<\/a><\/strong><\/li>\n<li>Oferujemy r\u00f3wnie\u017c znakowanie metod\u0105 grawerowania oraz nadruku utwardzanego \u015bwiat\u0142em UV.<\/li>\n<li>Druk UV wykonujemy m.in. na: plexi, szkle, dibondzie, drewnie, kartonie, metalu, PCV.<\/li>\n<li>Wyroby z plexi zabezpieczone s\u0105 foli\u0105 ochronn\u0105. Przed u\u017cyciem nale\u017cy j\u0105 \u015bci\u0105gn\u0105\u0107.<\/li>\n<li>Sprawd\u017a\u00a0paczk\u0119\u00a0przy kurierze i oce\u0144\u00a0czy zawarto\u015b\u0107\u00a0nie jest uszkodzona! Protok\u00f3\u0142\u00a0szkody jest jedyn\u0105\u00a0podstaw\u0105\u00a0do reklamacji.<\/li>\n<\/ul>\n","protected":false},"excerpt":{"rendered":"<ul>\n<li>Produkt od producenta Formedia, wykonywany jest na zam\u00f3wienie.<\/li>\n<li><span style=\"color: #ff6600;\"><strong>Format zewn\u0119trzny ramki:<\/strong><\/span> 300 x 300 mm<\/li>\n<li><strong><span style=\"color: #ff6600;\">Format wk\u0142adki:<\/span> <\/strong>A4 pion, pozosta\u0142e formaty na zapytanie<\/li>\n<li><strong><span style=\"color: #ff6600;\">Materia\u0142:<\/span> <\/strong>do wyboru PCV lub plexi, dwie przyssawki, naklejka<\/li>\n<li><strong><span style=\"color: #ff6600;\">Brzegi:<\/span><\/strong> g\u0142adkie<\/li>\n<li><strong><span style=\"color: #ff6600;\">Kolorystyka (do wyboru):<\/span> <\/strong>prosimy o podanie w tre\u015bci zam\u00f3wienia<\/li>\n<li><strong><span style=\"color: #ff6600;\">Uwaga:<\/span> <\/strong>Na indywidualn\u0105 wycen\u0119 mo\u017cliwo\u015b\u0107 druku UV, zadruku naklejki w zam\u00f3wieniach od 30 sztuk.<\/li>\n<li><strong><span style=\"color: #ff6600;\">Kod serii produktu:<\/span><\/strong>PSSPRPION2P30W<\/li>\n<\/ul>\n","protected":false},"featured_media":12566,"template":"","meta":[],"product_brand":[],"product_cat":[844,825],"product_tag":[],"woo-feed-brand":[],"class_list":{"0":"post-12600","1":"product","2":"type-product","3":"status-publish","4":"has-post-thumbnail","6":"product_cat-kieszenie-na-przyssawki","7":"product_cat-kieszenie-wiszace","9":"first","10":"onbackorder","11":"taxable","12":"shipping-taxable","13":"product-type-variable"},"yoast_head":"<!-- This site is optimized with the Yoast SEO plugin v27.5 - https:\/\/yoast.com\/product\/yoast-seo-wordpress\/ -->\n<title>Ramka na plakat A4 pionowy mocowana na dwie przyssawki na szyb\u0119 reklam\u0119 sklepu 30 x 30 cm - Formedia<\/title>\n<meta name=\"description\" content=\"Producent wyrob\u00f3w z plexi. Sprawd\u017a Ramka na plakat A4 pionowy mocowana na dwie przyssawki na szyb\u0119 reklam\u0119 sklepu 30 x 30 cm. Indywidualne podej\u015bcie, w\u0142asne studio projektowe. Zapraszamy!\" \/>\n<meta name=\"robots\" content=\"index, follow, max-snippet:-1, max-image-preview:large, max-video-preview:-1\" \/>\n<link rel=\"canonical\" href=\"https:\/\/www.formedia.pl\/sklep\/produkt\/ramka-na-plakat-a4-pionowy-mocowana-na-dwie-przyssawki-na-szybe-reklame-sklepu-format-zewnetrzny-ramki-30x30-cm\/\" \/>\n<meta property=\"og:locale\" content=\"pl_PL\" \/>\n<meta property=\"og:type\" content=\"article\" \/>\n<meta property=\"og:title\" content=\"Ramka na plakat A4 pionowy mocowana na dwie przyssawki na szyb\u0119 reklam\u0119 sklepu 30 x 30 cm - Formedia\" \/>\n<meta property=\"og:description\" content=\"Producent wyrob\u00f3w z plexi. Sprawd\u017a Ramka na plakat A4 pionowy mocowana na dwie przyssawki na szyb\u0119 reklam\u0119 sklepu 30 x 30 cm. Indywidualne podej\u015bcie, w\u0142asne studio projektowe. Zapraszamy!\" \/>\n<meta property=\"og:url\" content=\"https:\/\/www.formedia.pl\/sklep\/produkt\/ramka-na-plakat-a4-pionowy-mocowana-na-dwie-przyssawki-na-szybe-reklame-sklepu-format-zewnetrzny-ramki-30x30-cm\/\" \/>\n<meta property=\"og:site_name\" content=\"Formedia\" \/>\n<meta property=\"article:publisher\" content=\"https:\/\/www.facebook.com\/formedia.bydgoszcz\/\" \/>\n<meta property=\"article:modified_time\" content=\"2026-04-01T06:25:39+00:00\" \/>\n<meta property=\"og:image\" content=\"https:\/\/www.formedia.pl\/sklep\/wp-content\/uploads\/2021\/01\/ramka-na-przyssawki-na-szybe-okno-sklepowe-producent-pion-A4-30x30cm.jpg\" \/>\n\t<meta property=\"og:image:width\" content=\"496\" \/>\n\t<meta property=\"og:image:height\" content=\"496\" \/>\n\t<meta property=\"og:image:type\" content=\"image\/jpeg\" \/>\n<meta name=\"twitter:card\" content=\"summary_large_image\" \/>\n<meta name=\"twitter:label1\" content=\"Szacowany czas czytania\" \/>\n\t<meta name=\"twitter:data1\" content=\"2 minuty\" \/>\n<script type=\"application\/ld+json\" class=\"yoast-schema-graph\">{\"@context\":\"https:\\\/\\\/schema.org\",\"@graph\":[{\"@type\":\"WebPage\",\"@id\":\"https:\\\/\\\/www.formedia.pl\\\/sklep\\\/produkt\\\/ramka-na-plakat-a4-pionowy-mocowana-na-dwie-przyssawki-na-szybe-reklame-sklepu-format-zewnetrzny-ramki-30x30-cm\\\/\",\"url\":\"https:\\\/\\\/www.formedia.pl\\\/sklep\\\/produkt\\\/ramka-na-plakat-a4-pionowy-mocowana-na-dwie-przyssawki-na-szybe-reklame-sklepu-format-zewnetrzny-ramki-30x30-cm\\\/\",\"name\":\"Ramka na plakat A4 pionowy mocowana na dwie przyssawki na szyb\u0119 reklam\u0119 sklepu 30 x 30 cm - Formedia\",\"isPartOf\":{\"@id\":\"https:\\\/\\\/www.formedia.pl\\\/sklep\\\/#website\"},\"primaryImageOfPage\":{\"@id\":\"https:\\\/\\\/www.formedia.pl\\\/sklep\\\/produkt\\\/ramka-na-plakat-a4-pionowy-mocowana-na-dwie-przyssawki-na-szybe-reklame-sklepu-format-zewnetrzny-ramki-30x30-cm\\\/#primaryimage\"},\"image\":{\"@id\":\"https:\\\/\\\/www.formedia.pl\\\/sklep\\\/produkt\\\/ramka-na-plakat-a4-pionowy-mocowana-na-dwie-przyssawki-na-szybe-reklame-sklepu-format-zewnetrzny-ramki-30x30-cm\\\/#primaryimage\"},\"thumbnailUrl\":\"https:\\\/\\\/www.formedia.pl\\\/sklep\\\/wp-content\\\/uploads\\\/2021\\\/01\\\/ramka-na-przyssawki-na-szybe-okno-sklepowe-producent-pion-A4-30x30cm.jpg\",\"datePublished\":\"2021-01-26T13:14:53+00:00\",\"dateModified\":\"2026-04-01T06:25:39+00:00\",\"description\":\"Producent wyrob\u00f3w z plexi. Sprawd\u017a Ramka na plakat A4 pionowy mocowana na dwie przyssawki na szyb\u0119 reklam\u0119 sklepu 30 x 30 cm. Indywidualne podej\u015bcie, w\u0142asne studio projektowe. Zapraszamy!\",\"breadcrumb\":{\"@id\":\"https:\\\/\\\/www.formedia.pl\\\/sklep\\\/produkt\\\/ramka-na-plakat-a4-pionowy-mocowana-na-dwie-przyssawki-na-szybe-reklame-sklepu-format-zewnetrzny-ramki-30x30-cm\\\/#breadcrumb\"},\"inLanguage\":\"pl-PL\",\"potentialAction\":[{\"@type\":\"ReadAction\",\"target\":[\"https:\\\/\\\/www.formedia.pl\\\/sklep\\\/produkt\\\/ramka-na-plakat-a4-pionowy-mocowana-na-dwie-przyssawki-na-szybe-reklame-sklepu-format-zewnetrzny-ramki-30x30-cm\\\/\"]}]},{\"@type\":\"ImageObject\",\"inLanguage\":\"pl-PL\",\"@id\":\"https:\\\/\\\/www.formedia.pl\\\/sklep\\\/produkt\\\/ramka-na-plakat-a4-pionowy-mocowana-na-dwie-przyssawki-na-szybe-reklame-sklepu-format-zewnetrzny-ramki-30x30-cm\\\/#primaryimage\",\"url\":\"https:\\\/\\\/www.formedia.pl\\\/sklep\\\/wp-content\\\/uploads\\\/2021\\\/01\\\/ramka-na-przyssawki-na-szybe-okno-sklepowe-producent-pion-A4-30x30cm.jpg\",\"contentUrl\":\"https:\\\/\\\/www.formedia.pl\\\/sklep\\\/wp-content\\\/uploads\\\/2021\\\/01\\\/ramka-na-przyssawki-na-szybe-okno-sklepowe-producent-pion-A4-30x30cm.jpg\",\"width\":496,\"height\":496,\"caption\":\"czerwona ramka na plakat promocyjny w witrynie\"},{\"@type\":\"BreadcrumbList\",\"@id\":\"https:\\\/\\\/www.formedia.pl\\\/sklep\\\/produkt\\\/ramka-na-plakat-a4-pionowy-mocowana-na-dwie-przyssawki-na-szybe-reklame-sklepu-format-zewnetrzny-ramki-30x30-cm\\\/#breadcrumb\",\"itemListElement\":[{\"@type\":\"ListItem\",\"position\":1,\"name\":\"Strona g\u0142\u00f3wna\",\"item\":\"https:\\\/\\\/www.formedia.pl\\\/sklep\\\/\"},{\"@type\":\"ListItem\",\"position\":2,\"name\":\"Sklep\",\"item\":\"https:\\\/\\\/www.formedia.pl\\\/sklep\\\/\"},{\"@type\":\"ListItem\",\"position\":3,\"name\":\"Ramka na plakat A4 pionowy mocowana na dwie przyssawki na szyb\u0119 reklam\u0119 sklepu 30 x 30 cm\"}]},{\"@type\":\"WebSite\",\"@id\":\"https:\\\/\\\/www.formedia.pl\\\/sklep\\\/#website\",\"url\":\"https:\\\/\\\/www.formedia.pl\\\/sklep\\\/\",\"name\":\"Formedia\",\"description\":\"Producent wyrob\u00f3w z tworzyw sztucznych\",\"publisher\":{\"@id\":\"https:\\\/\\\/www.formedia.pl\\\/sklep\\\/#organization\"},\"alternateName\":\"Formedia\",\"potentialAction\":[{\"@type\":\"SearchAction\",\"target\":{\"@type\":\"EntryPoint\",\"urlTemplate\":\"https:\\\/\\\/www.formedia.pl\\\/sklep\\\/?s={search_term_string}\"},\"query-input\":{\"@type\":\"PropertyValueSpecification\",\"valueRequired\":true,\"valueName\":\"search_term_string\"}}],\"inLanguage\":\"pl-PL\"},{\"@type\":\"Organization\",\"@id\":\"https:\\\/\\\/www.formedia.pl\\\/sklep\\\/#organization\",\"name\":\"Formedia\",\"alternateName\":\"Formedia\",\"url\":\"https:\\\/\\\/www.formedia.pl\\\/sklep\\\/\",\"logo\":{\"@type\":\"ImageObject\",\"inLanguage\":\"pl-PL\",\"@id\":\"https:\\\/\\\/www.formedia.pl\\\/sklep\\\/#\\\/schema\\\/logo\\\/image\\\/\",\"url\":\"https:\\\/\\\/www.formedia.pl\\\/sklep\\\/wp-content\\\/uploads\\\/2025\\\/03\\\/1x1cropped-logo-WWW-ForMedia-bialy.png\",\"contentUrl\":\"https:\\\/\\\/www.formedia.pl\\\/sklep\\\/wp-content\\\/uploads\\\/2025\\\/03\\\/1x1cropped-logo-WWW-ForMedia-bialy.png\",\"width\":412,\"height\":412,\"caption\":\"Formedia\"},\"image\":{\"@id\":\"https:\\\/\\\/www.formedia.pl\\\/sklep\\\/#\\\/schema\\\/logo\\\/image\\\/\"},\"sameAs\":[\"https:\\\/\\\/www.facebook.com\\\/formedia.bydgoszcz\\\/\",\"https:\\\/\\\/www.youtube.com\\\/@formedia4306\"]}]}<\/script>\n<!-- \/ Yoast SEO plugin. -->","yoast_head_json":{"title":"Ramka na plakat A4 pionowy mocowana na dwie przyssawki na szyb\u0119 reklam\u0119 sklepu 30 x 30 cm - Formedia","description":"Producent wyrob\u00f3w z plexi. Sprawd\u017a Ramka na plakat A4 pionowy mocowana na dwie przyssawki na szyb\u0119 reklam\u0119 sklepu 30 x 30 cm. Indywidualne podej\u015bcie, w\u0142asne studio projektowe. Zapraszamy!","robots":{"index":"index","follow":"follow","max-snippet":"max-snippet:-1","max-image-preview":"max-image-preview:large","max-video-preview":"max-video-preview:-1"},"canonical":"https:\/\/www.formedia.pl\/sklep\/produkt\/ramka-na-plakat-a4-pionowy-mocowana-na-dwie-przyssawki-na-szybe-reklame-sklepu-format-zewnetrzny-ramki-30x30-cm\/","og_locale":"pl_PL","og_type":"article","og_title":"Ramka na plakat A4 pionowy mocowana na dwie przyssawki na szyb\u0119 reklam\u0119 sklepu 30 x 30 cm - Formedia","og_description":"Producent wyrob\u00f3w z plexi. Sprawd\u017a Ramka na plakat A4 pionowy mocowana na dwie przyssawki na szyb\u0119 reklam\u0119 sklepu 30 x 30 cm. Indywidualne podej\u015bcie, w\u0142asne studio projektowe. Zapraszamy!","og_url":"https:\/\/www.formedia.pl\/sklep\/produkt\/ramka-na-plakat-a4-pionowy-mocowana-na-dwie-przyssawki-na-szybe-reklame-sklepu-format-zewnetrzny-ramki-30x30-cm\/","og_site_name":"Formedia","article_publisher":"https:\/\/www.facebook.com\/formedia.bydgoszcz\/","article_modified_time":"2026-04-01T06:25:39+00:00","og_image":[{"width":496,"height":496,"url":"https:\/\/www.formedia.pl\/sklep\/wp-content\/uploads\/2021\/01\/ramka-na-przyssawki-na-szybe-okno-sklepowe-producent-pion-A4-30x30cm.jpg","type":"image\/jpeg"}],"twitter_card":"summary_large_image","twitter_misc":{"Szacowany czas czytania":"2 minuty"},"schema":{"@context":"https:\/\/schema.org","@graph":[{"@type":"WebPage","@id":"https:\/\/www.formedia.pl\/sklep\/produkt\/ramka-na-plakat-a4-pionowy-mocowana-na-dwie-przyssawki-na-szybe-reklame-sklepu-format-zewnetrzny-ramki-30x30-cm\/","url":"https:\/\/www.formedia.pl\/sklep\/produkt\/ramka-na-plakat-a4-pionowy-mocowana-na-dwie-przyssawki-na-szybe-reklame-sklepu-format-zewnetrzny-ramki-30x30-cm\/","name":"Ramka na plakat A4 pionowy mocowana na dwie przyssawki na szyb\u0119 reklam\u0119 sklepu 30 x 30 cm - Formedia","isPartOf":{"@id":"https:\/\/www.formedia.pl\/sklep\/#website"},"primaryImageOfPage":{"@id":"https:\/\/www.formedia.pl\/sklep\/produkt\/ramka-na-plakat-a4-pionowy-mocowana-na-dwie-przyssawki-na-szybe-reklame-sklepu-format-zewnetrzny-ramki-30x30-cm\/#primaryimage"},"image":{"@id":"https:\/\/www.formedia.pl\/sklep\/produkt\/ramka-na-plakat-a4-pionowy-mocowana-na-dwie-przyssawki-na-szybe-reklame-sklepu-format-zewnetrzny-ramki-30x30-cm\/#primaryimage"},"thumbnailUrl":"https:\/\/www.formedia.pl\/sklep\/wp-content\/uploads\/2021\/01\/ramka-na-przyssawki-na-szybe-okno-sklepowe-producent-pion-A4-30x30cm.jpg","datePublished":"2021-01-26T13:14:53+00:00","dateModified":"2026-04-01T06:25:39+00:00","description":"Producent wyrob\u00f3w z plexi. Sprawd\u017a Ramka na plakat A4 pionowy mocowana na dwie przyssawki na szyb\u0119 reklam\u0119 sklepu 30 x 30 cm. Indywidualne podej\u015bcie, w\u0142asne studio projektowe. Zapraszamy!","breadcrumb":{"@id":"https:\/\/www.formedia.pl\/sklep\/produkt\/ramka-na-plakat-a4-pionowy-mocowana-na-dwie-przyssawki-na-szybe-reklame-sklepu-format-zewnetrzny-ramki-30x30-cm\/#breadcrumb"},"inLanguage":"pl-PL","potentialAction":[{"@type":"ReadAction","target":["https:\/\/www.formedia.pl\/sklep\/produkt\/ramka-na-plakat-a4-pionowy-mocowana-na-dwie-przyssawki-na-szybe-reklame-sklepu-format-zewnetrzny-ramki-30x30-cm\/"]}]},{"@type":"ImageObject","inLanguage":"pl-PL","@id":"https:\/\/www.formedia.pl\/sklep\/produkt\/ramka-na-plakat-a4-pionowy-mocowana-na-dwie-przyssawki-na-szybe-reklame-sklepu-format-zewnetrzny-ramki-30x30-cm\/#primaryimage","url":"https:\/\/www.formedia.pl\/sklep\/wp-content\/uploads\/2021\/01\/ramka-na-przyssawki-na-szybe-okno-sklepowe-producent-pion-A4-30x30cm.jpg","contentUrl":"https:\/\/www.formedia.pl\/sklep\/wp-content\/uploads\/2021\/01\/ramka-na-przyssawki-na-szybe-okno-sklepowe-producent-pion-A4-30x30cm.jpg","width":496,"height":496,"caption":"czerwona ramka na plakat promocyjny w witrynie"},{"@type":"BreadcrumbList","@id":"https:\/\/www.formedia.pl\/sklep\/produkt\/ramka-na-plakat-a4-pionowy-mocowana-na-dwie-przyssawki-na-szybe-reklame-sklepu-format-zewnetrzny-ramki-30x30-cm\/#breadcrumb","itemListElement":[{"@type":"ListItem","position":1,"name":"Strona g\u0142\u00f3wna","item":"https:\/\/www.formedia.pl\/sklep\/"},{"@type":"ListItem","position":2,"name":"Sklep","item":"https:\/\/www.formedia.pl\/sklep\/"},{"@type":"ListItem","position":3,"name":"Ramka na plakat A4 pionowy mocowana na dwie przyssawki na szyb\u0119 reklam\u0119 sklepu 30 x 30 cm"}]},{"@type":"WebSite","@id":"https:\/\/www.formedia.pl\/sklep\/#website","url":"https:\/\/www.formedia.pl\/sklep\/","name":"Formedia","description":"Producent wyrob\u00f3w z tworzyw sztucznych","publisher":{"@id":"https:\/\/www.formedia.pl\/sklep\/#organization"},"alternateName":"Formedia","potentialAction":[{"@type":"SearchAction","target":{"@type":"EntryPoint","urlTemplate":"https:\/\/www.formedia.pl\/sklep\/?s={search_term_string}"},"query-input":{"@type":"PropertyValueSpecification","valueRequired":true,"valueName":"search_term_string"}}],"inLanguage":"pl-PL"},{"@type":"Organization","@id":"https:\/\/www.formedia.pl\/sklep\/#organization","name":"Formedia","alternateName":"Formedia","url":"https:\/\/www.formedia.pl\/sklep\/","logo":{"@type":"ImageObject","inLanguage":"pl-PL","@id":"https:\/\/www.formedia.pl\/sklep\/#\/schema\/logo\/image\/","url":"https:\/\/www.formedia.pl\/sklep\/wp-content\/uploads\/2025\/03\/1x1cropped-logo-WWW-ForMedia-bialy.png","contentUrl":"https:\/\/www.formedia.pl\/sklep\/wp-content\/uploads\/2025\/03\/1x1cropped-logo-WWW-ForMedia-bialy.png","width":412,"height":412,"caption":"Formedia"},"image":{"@id":"https:\/\/www.formedia.pl\/sklep\/#\/schema\/logo\/image\/"},"sameAs":["https:\/\/www.facebook.com\/formedia.bydgoszcz\/","https:\/\/www.youtube.com\/@formedia4306"]}]}},"_links":{"self":[{"href":"https:\/\/www.formedia.pl\/sklep\/wp-json\/wp\/v2\/product\/12600","targetHints":{"allow":["GET"]}}],"collection":[{"href":"https:\/\/www.formedia.pl\/sklep\/wp-json\/wp\/v2\/product"}],"about":[{"href":"https:\/\/www.formedia.pl\/sklep\/wp-json\/wp\/v2\/types\/product"}],"wp:featuredmedia":[{"embeddable":true,"href":"https:\/\/www.formedia.pl\/sklep\/wp-json\/wp\/v2\/media\/12566"}],"wp:attachment":[{"href":"https:\/\/www.formedia.pl\/sklep\/wp-json\/wp\/v2\/media?parent=12600"}],"wp:term":[{"taxonomy":"product_brand","embeddable":true,"href":"https:\/\/www.formedia.pl\/sklep\/wp-json\/wp\/v2\/product_brand?post=12600"},{"taxonomy":"product_cat","embeddable":true,"href":"https:\/\/www.formedia.pl\/sklep\/wp-json\/wp\/v2\/product_cat?post=12600"},{"taxonomy":"product_tag","embeddable":true,"href":"https:\/\/www.formedia.pl\/sklep\/wp-json\/wp\/v2\/product_tag?post=12600"},{"taxonomy":"woo-feed-brand","embeddable":true,"href":"https:\/\/www.formedia.pl\/sklep\/wp-json\/wp\/v2\/woo-feed-brand?post=12600"}],"curies":[{"name":"wp","href":"https:\/\/api.w.org\/{rel}","templated":true}]}}