{"id":1276,"date":"2019-03-10T09:59:01","date_gmt":"2019-03-10T08:59:01","guid":{"rendered":"https:\/\/formedia.pl\/sklep\/?post_type=product&#038;p=1276"},"modified":"2026-04-01T08:24:31","modified_gmt":"2026-04-01T06:24:31","slug":"stojak-na-okulary-pleksi-ekspozytor-z-plexi-4-pary-sno11","status":"publish","type":"product","link":"https:\/\/www.formedia.pl\/sklep\/produkt\/stojak-na-okulary-pleksi-ekspozytor-z-plexi-4-pary-sno11\/","title":{"rendered":"Ekspozytor, stojak z plexi na 4 pary okular\u00f3w 10 sztuk  SNO11"},"content":{"rendered":"<h2 align=\"LEFT\"><span style=\"color: #ff6600;\">Sto\u0142owy stojak na 4 pary okular\u00f3w, ekspozytor na rega\u0142 sklepowy<\/span><\/h2>\n<p align=\"LEFT\">Niezb\u0119dnik w Twoim salonie optycznym, stworzony z my\u015bl\u0105 o estetycznej ekspozycji Twoich produkt\u00f3w. Jest elegancki, stabilny i uniwersalny &#8211; dostosowany do szerokiej gamy rozmiar\u00f3w okular\u00f3w.<\/p>\n<p>Jeden ekspozytor mie\u015bci 4 pary okular\u00f3w. Wykonany jest z plexi bezbarwnej o grubo\u015bci 3 mm.<\/p>\n<p>Prezenter znajduje swoje zastosowanie w salonach optycznych, w sklepach odzie\u017cowych i na stoiskach &#8211; punktach sprzeda\u017cy okular\u00f3w przeciws\u0142onecznych. Zobacz ca\u0142\u0105 <a href=\"https:\/\/www.formedia.pl\/sklep\/kategoria-produktu\/oferta\/prezentery-z-plexi-oferta\/stojaki-na-okulary\/\"><span style=\"color: #333333;\"><strong>seri\u0119 gad\u017cet\u00f3w wystawienniczych prezenter\u00f3w na okulary od Formedia.<\/strong><\/span><\/a><\/p>\n<p align=\"JUSTIFY\"><strong>UWAGA!<\/strong><\/p>\n<ul>\n<li>Na fotografii jest przyk\u0142adowa prezentacja produktu.<\/li>\n<li>Inne wzory, kszta\u0142ty, kolory tworzywa mo\u017cemy wykona\u0107 dla Pa\u0144stwa na zam\u00f3wienie mailowe. Przed z\u0142o\u017ceniem zam\u00f3wienia indywidualnego prosimy o kontakt z naszym biurem obs\u0142ugi klienta w celu ustalenia szczeg\u00f3\u0142\u00f3w:\u00a0<strong><a href=\"tel:+48661036036\">tel. 661 036 036<\/a><\/strong><\/li>\n<li>Oferujemy r\u00f3wnie\u017c znakowanie metod\u0105 grawerowania oraz nadruku utwardzanego \u015bwiat\u0142em UV.<\/li>\n<li>Druk UV wykonujemy m.in. na: plexi, szkle, dibondzie, drewnie, kartonie, metalu, PCV.<\/li>\n<li>Wyroby z plexi zabezpieczone s\u0105 foli\u0105 ochronn\u0105. Przed u\u017cyciem nale\u017cy j\u0105 \u015bci\u0105gn\u0105\u0107.<\/li>\n<li>Sprawd\u017a\u00a0paczk\u0119\u00a0przy kurierze i oce\u0144\u00a0czy zawarto\u015b\u0107\u00a0nie jest uszkodzona! Protok\u00f3\u0142\u00a0szkody jest jedyn\u0105\u00a0podstaw\u0105\u00a0do reklamacji.<\/li>\n<\/ul>\n","protected":false},"excerpt":{"rendered":"<ul>\n<li><span style=\"color: #ff6600;\"><strong>Wymiary stojaka (d\u0142. x szer. x wys.):<\/strong><\/span> 75 x 160 x 210 mm<\/li>\n<li><span style=\"color: #ff6600;\"><strong>Materia\u0142:<\/strong><\/span> plexi bezbarwna<\/li>\n<li><span style=\"color: #ff6600;\"><strong>Grubo\u015b\u0107 materia\u0142u:<\/strong><\/span> 3 mm<\/li>\n<li><span style=\"color: #ff6600;\"><strong>Kod produktu:<\/strong><\/span> SNO11<\/li>\n<\/ul>\n","protected":false},"featured_media":17317,"template":"","meta":[],"product_brand":[],"product_cat":[707,879],"product_tag":[],"woo-feed-brand":[],"class_list":{"0":"post-1276","1":"product","2":"type-product","3":"status-publish","4":"has-post-thumbnail","6":"product_cat-ekspozytor-prezenter","7":"product_cat-stojaki-na-okulary","9":"first","10":"instock","11":"taxable","12":"shipping-taxable","13":"purchasable","14":"product-type-simple"},"yoast_head":"<!-- This site is optimized with the Yoast SEO plugin v27.4 - https:\/\/yoast.com\/product\/yoast-seo-wordpress\/ -->\n<title>Ekspozytor, stojak z plexi na 4 pary okular\u00f3w 10 sztuk SNO11 - Formedia<\/title>\n<meta name=\"description\" content=\"Producent wyrob\u00f3w z plexi. Sprawd\u017a Ekspozytor, stojak z plexi na 4 pary okular\u00f3w 10 sztuk SNO11. Indywidualne podej\u015bcie, w\u0142asne studio projektowe. Zapraszamy!\" \/>\n<meta name=\"robots\" content=\"index, follow, max-snippet:-1, max-image-preview:large, max-video-preview:-1\" \/>\n<link rel=\"canonical\" href=\"https:\/\/www.formedia.pl\/sklep\/produkt\/stojak-na-okulary-pleksi-ekspozytor-z-plexi-4-pary-sno11\/\" \/>\n<meta property=\"og:locale\" content=\"pl_PL\" \/>\n<meta property=\"og:type\" content=\"article\" \/>\n<meta property=\"og:title\" content=\"Ekspozytor, stojak z plexi na 4 pary okular\u00f3w 10 sztuk SNO11 - Formedia\" \/>\n<meta property=\"og:description\" content=\"Producent wyrob\u00f3w z plexi. Sprawd\u017a Ekspozytor, stojak z plexi na 4 pary okular\u00f3w 10 sztuk SNO11. Indywidualne podej\u015bcie, w\u0142asne studio projektowe. Zapraszamy!\" \/>\n<meta property=\"og:url\" content=\"https:\/\/www.formedia.pl\/sklep\/produkt\/stojak-na-okulary-pleksi-ekspozytor-z-plexi-4-pary-sno11\/\" \/>\n<meta property=\"og:site_name\" content=\"Formedia\" \/>\n<meta property=\"article:publisher\" content=\"https:\/\/www.facebook.com\/formedia.bydgoszcz\/\" \/>\n<meta property=\"article:modified_time\" content=\"2026-04-01T06:24:31+00:00\" \/>\n<meta property=\"og:image\" content=\"https:\/\/www.formedia.pl\/sklep\/wp-content\/uploads\/2019\/03\/Prezenter-okularow-SNO11.jpg\" \/>\n\t<meta property=\"og:image:width\" content=\"504\" \/>\n\t<meta property=\"og:image:height\" content=\"504\" \/>\n\t<meta property=\"og:image:type\" content=\"image\/jpeg\" \/>\n<meta name=\"twitter:card\" content=\"summary_large_image\" \/>\n<meta name=\"twitter:label1\" content=\"Szacowany czas czytania\" \/>\n\t<meta name=\"twitter:data1\" content=\"1 minuta\" \/>\n<script type=\"application\/ld+json\" class=\"yoast-schema-graph\">{\"@context\":\"https:\\\/\\\/schema.org\",\"@graph\":[{\"@type\":\"WebPage\",\"@id\":\"https:\\\/\\\/www.formedia.pl\\\/sklep\\\/produkt\\\/stojak-na-okulary-pleksi-ekspozytor-z-plexi-4-pary-sno11\\\/\",\"url\":\"https:\\\/\\\/www.formedia.pl\\\/sklep\\\/produkt\\\/stojak-na-okulary-pleksi-ekspozytor-z-plexi-4-pary-sno11\\\/\",\"name\":\"Ekspozytor, stojak z plexi na 4 pary okular\u00f3w 10 sztuk SNO11 - Formedia\",\"isPartOf\":{\"@id\":\"https:\\\/\\\/www.formedia.pl\\\/sklep\\\/#website\"},\"primaryImageOfPage\":{\"@id\":\"https:\\\/\\\/www.formedia.pl\\\/sklep\\\/produkt\\\/stojak-na-okulary-pleksi-ekspozytor-z-plexi-4-pary-sno11\\\/#primaryimage\"},\"image\":{\"@id\":\"https:\\\/\\\/www.formedia.pl\\\/sklep\\\/produkt\\\/stojak-na-okulary-pleksi-ekspozytor-z-plexi-4-pary-sno11\\\/#primaryimage\"},\"thumbnailUrl\":\"https:\\\/\\\/www.formedia.pl\\\/sklep\\\/wp-content\\\/uploads\\\/2019\\\/03\\\/Prezenter-okularow-SNO11.jpg\",\"datePublished\":\"2019-03-10T08:59:01+00:00\",\"dateModified\":\"2026-04-01T06:24:31+00:00\",\"description\":\"Producent wyrob\u00f3w z plexi. Sprawd\u017a Ekspozytor, stojak z plexi na 4 pary okular\u00f3w 10 sztuk SNO11. Indywidualne podej\u015bcie, w\u0142asne studio projektowe. Zapraszamy!\",\"breadcrumb\":{\"@id\":\"https:\\\/\\\/www.formedia.pl\\\/sklep\\\/produkt\\\/stojak-na-okulary-pleksi-ekspozytor-z-plexi-4-pary-sno11\\\/#breadcrumb\"},\"inLanguage\":\"pl-PL\",\"potentialAction\":[{\"@type\":\"ReadAction\",\"target\":[\"https:\\\/\\\/www.formedia.pl\\\/sklep\\\/produkt\\\/stojak-na-okulary-pleksi-ekspozytor-z-plexi-4-pary-sno11\\\/\"]}]},{\"@type\":\"ImageObject\",\"inLanguage\":\"pl-PL\",\"@id\":\"https:\\\/\\\/www.formedia.pl\\\/sklep\\\/produkt\\\/stojak-na-okulary-pleksi-ekspozytor-z-plexi-4-pary-sno11\\\/#primaryimage\",\"url\":\"https:\\\/\\\/www.formedia.pl\\\/sklep\\\/wp-content\\\/uploads\\\/2019\\\/03\\\/Prezenter-okularow-SNO11.jpg\",\"contentUrl\":\"https:\\\/\\\/www.formedia.pl\\\/sklep\\\/wp-content\\\/uploads\\\/2019\\\/03\\\/Prezenter-okularow-SNO11.jpg\",\"width\":504,\"height\":504,\"caption\":\"gdzie szuka\u0107 stojak\u00f3w z plexi od polskiego producenta\"},{\"@type\":\"BreadcrumbList\",\"@id\":\"https:\\\/\\\/www.formedia.pl\\\/sklep\\\/produkt\\\/stojak-na-okulary-pleksi-ekspozytor-z-plexi-4-pary-sno11\\\/#breadcrumb\",\"itemListElement\":[{\"@type\":\"ListItem\",\"position\":1,\"name\":\"Strona g\u0142\u00f3wna\",\"item\":\"https:\\\/\\\/www.formedia.pl\\\/sklep\\\/\"},{\"@type\":\"ListItem\",\"position\":2,\"name\":\"Sklep\",\"item\":\"https:\\\/\\\/www.formedia.pl\\\/sklep\\\/\"},{\"@type\":\"ListItem\",\"position\":3,\"name\":\"Ekspozytor, stojak z plexi na 4 pary okular\u00f3w 10 sztuk SNO11\"}]},{\"@type\":\"WebSite\",\"@id\":\"https:\\\/\\\/www.formedia.pl\\\/sklep\\\/#website\",\"url\":\"https:\\\/\\\/www.formedia.pl\\\/sklep\\\/\",\"name\":\"Formedia\",\"description\":\"Producent wyrob\u00f3w z tworzyw sztucznych\",\"publisher\":{\"@id\":\"https:\\\/\\\/www.formedia.pl\\\/sklep\\\/#organization\"},\"alternateName\":\"Formedia\",\"potentialAction\":[{\"@type\":\"SearchAction\",\"target\":{\"@type\":\"EntryPoint\",\"urlTemplate\":\"https:\\\/\\\/www.formedia.pl\\\/sklep\\\/?s={search_term_string}\"},\"query-input\":{\"@type\":\"PropertyValueSpecification\",\"valueRequired\":true,\"valueName\":\"search_term_string\"}}],\"inLanguage\":\"pl-PL\"},{\"@type\":\"Organization\",\"@id\":\"https:\\\/\\\/www.formedia.pl\\\/sklep\\\/#organization\",\"name\":\"Formedia\",\"alternateName\":\"Formedia\",\"url\":\"https:\\\/\\\/www.formedia.pl\\\/sklep\\\/\",\"logo\":{\"@type\":\"ImageObject\",\"inLanguage\":\"pl-PL\",\"@id\":\"https:\\\/\\\/www.formedia.pl\\\/sklep\\\/#\\\/schema\\\/logo\\\/image\\\/\",\"url\":\"https:\\\/\\\/www.formedia.pl\\\/sklep\\\/wp-content\\\/uploads\\\/2025\\\/03\\\/1x1cropped-logo-WWW-ForMedia-bialy.png\",\"contentUrl\":\"https:\\\/\\\/www.formedia.pl\\\/sklep\\\/wp-content\\\/uploads\\\/2025\\\/03\\\/1x1cropped-logo-WWW-ForMedia-bialy.png\",\"width\":412,\"height\":412,\"caption\":\"Formedia\"},\"image\":{\"@id\":\"https:\\\/\\\/www.formedia.pl\\\/sklep\\\/#\\\/schema\\\/logo\\\/image\\\/\"},\"sameAs\":[\"https:\\\/\\\/www.facebook.com\\\/formedia.bydgoszcz\\\/\",\"https:\\\/\\\/www.youtube.com\\\/@formedia4306\"]}]}<\/script>\n<!-- \/ Yoast SEO plugin. -->","yoast_head_json":{"title":"Ekspozytor, stojak z plexi na 4 pary okular\u00f3w 10 sztuk SNO11 - Formedia","description":"Producent wyrob\u00f3w z plexi. Sprawd\u017a Ekspozytor, stojak z plexi na 4 pary okular\u00f3w 10 sztuk SNO11. Indywidualne podej\u015bcie, w\u0142asne studio projektowe. Zapraszamy!","robots":{"index":"index","follow":"follow","max-snippet":"max-snippet:-1","max-image-preview":"max-image-preview:large","max-video-preview":"max-video-preview:-1"},"canonical":"https:\/\/www.formedia.pl\/sklep\/produkt\/stojak-na-okulary-pleksi-ekspozytor-z-plexi-4-pary-sno11\/","og_locale":"pl_PL","og_type":"article","og_title":"Ekspozytor, stojak z plexi na 4 pary okular\u00f3w 10 sztuk SNO11 - Formedia","og_description":"Producent wyrob\u00f3w z plexi. Sprawd\u017a Ekspozytor, stojak z plexi na 4 pary okular\u00f3w 10 sztuk SNO11. Indywidualne podej\u015bcie, w\u0142asne studio projektowe. Zapraszamy!","og_url":"https:\/\/www.formedia.pl\/sklep\/produkt\/stojak-na-okulary-pleksi-ekspozytor-z-plexi-4-pary-sno11\/","og_site_name":"Formedia","article_publisher":"https:\/\/www.facebook.com\/formedia.bydgoszcz\/","article_modified_time":"2026-04-01T06:24:31+00:00","og_image":[{"width":504,"height":504,"url":"https:\/\/www.formedia.pl\/sklep\/wp-content\/uploads\/2019\/03\/Prezenter-okularow-SNO11.jpg","type":"image\/jpeg"}],"twitter_card":"summary_large_image","twitter_misc":{"Szacowany czas czytania":"1 minuta"},"schema":{"@context":"https:\/\/schema.org","@graph":[{"@type":"WebPage","@id":"https:\/\/www.formedia.pl\/sklep\/produkt\/stojak-na-okulary-pleksi-ekspozytor-z-plexi-4-pary-sno11\/","url":"https:\/\/www.formedia.pl\/sklep\/produkt\/stojak-na-okulary-pleksi-ekspozytor-z-plexi-4-pary-sno11\/","name":"Ekspozytor, stojak z plexi na 4 pary okular\u00f3w 10 sztuk SNO11 - Formedia","isPartOf":{"@id":"https:\/\/www.formedia.pl\/sklep\/#website"},"primaryImageOfPage":{"@id":"https:\/\/www.formedia.pl\/sklep\/produkt\/stojak-na-okulary-pleksi-ekspozytor-z-plexi-4-pary-sno11\/#primaryimage"},"image":{"@id":"https:\/\/www.formedia.pl\/sklep\/produkt\/stojak-na-okulary-pleksi-ekspozytor-z-plexi-4-pary-sno11\/#primaryimage"},"thumbnailUrl":"https:\/\/www.formedia.pl\/sklep\/wp-content\/uploads\/2019\/03\/Prezenter-okularow-SNO11.jpg","datePublished":"2019-03-10T08:59:01+00:00","dateModified":"2026-04-01T06:24:31+00:00","description":"Producent wyrob\u00f3w z plexi. Sprawd\u017a Ekspozytor, stojak z plexi na 4 pary okular\u00f3w 10 sztuk SNO11. Indywidualne podej\u015bcie, w\u0142asne studio projektowe. Zapraszamy!","breadcrumb":{"@id":"https:\/\/www.formedia.pl\/sklep\/produkt\/stojak-na-okulary-pleksi-ekspozytor-z-plexi-4-pary-sno11\/#breadcrumb"},"inLanguage":"pl-PL","potentialAction":[{"@type":"ReadAction","target":["https:\/\/www.formedia.pl\/sklep\/produkt\/stojak-na-okulary-pleksi-ekspozytor-z-plexi-4-pary-sno11\/"]}]},{"@type":"ImageObject","inLanguage":"pl-PL","@id":"https:\/\/www.formedia.pl\/sklep\/produkt\/stojak-na-okulary-pleksi-ekspozytor-z-plexi-4-pary-sno11\/#primaryimage","url":"https:\/\/www.formedia.pl\/sklep\/wp-content\/uploads\/2019\/03\/Prezenter-okularow-SNO11.jpg","contentUrl":"https:\/\/www.formedia.pl\/sklep\/wp-content\/uploads\/2019\/03\/Prezenter-okularow-SNO11.jpg","width":504,"height":504,"caption":"gdzie szuka\u0107 stojak\u00f3w z plexi od polskiego producenta"},{"@type":"BreadcrumbList","@id":"https:\/\/www.formedia.pl\/sklep\/produkt\/stojak-na-okulary-pleksi-ekspozytor-z-plexi-4-pary-sno11\/#breadcrumb","itemListElement":[{"@type":"ListItem","position":1,"name":"Strona g\u0142\u00f3wna","item":"https:\/\/www.formedia.pl\/sklep\/"},{"@type":"ListItem","position":2,"name":"Sklep","item":"https:\/\/www.formedia.pl\/sklep\/"},{"@type":"ListItem","position":3,"name":"Ekspozytor, stojak z plexi na 4 pary okular\u00f3w 10 sztuk SNO11"}]},{"@type":"WebSite","@id":"https:\/\/www.formedia.pl\/sklep\/#website","url":"https:\/\/www.formedia.pl\/sklep\/","name":"Formedia","description":"Producent wyrob\u00f3w z tworzyw sztucznych","publisher":{"@id":"https:\/\/www.formedia.pl\/sklep\/#organization"},"alternateName":"Formedia","potentialAction":[{"@type":"SearchAction","target":{"@type":"EntryPoint","urlTemplate":"https:\/\/www.formedia.pl\/sklep\/?s={search_term_string}"},"query-input":{"@type":"PropertyValueSpecification","valueRequired":true,"valueName":"search_term_string"}}],"inLanguage":"pl-PL"},{"@type":"Organization","@id":"https:\/\/www.formedia.pl\/sklep\/#organization","name":"Formedia","alternateName":"Formedia","url":"https:\/\/www.formedia.pl\/sklep\/","logo":{"@type":"ImageObject","inLanguage":"pl-PL","@id":"https:\/\/www.formedia.pl\/sklep\/#\/schema\/logo\/image\/","url":"https:\/\/www.formedia.pl\/sklep\/wp-content\/uploads\/2025\/03\/1x1cropped-logo-WWW-ForMedia-bialy.png","contentUrl":"https:\/\/www.formedia.pl\/sklep\/wp-content\/uploads\/2025\/03\/1x1cropped-logo-WWW-ForMedia-bialy.png","width":412,"height":412,"caption":"Formedia"},"image":{"@id":"https:\/\/www.formedia.pl\/sklep\/#\/schema\/logo\/image\/"},"sameAs":["https:\/\/www.facebook.com\/formedia.bydgoszcz\/","https:\/\/www.youtube.com\/@formedia4306"]}]}},"_links":{"self":[{"href":"https:\/\/www.formedia.pl\/sklep\/wp-json\/wp\/v2\/product\/1276","targetHints":{"allow":["GET"]}}],"collection":[{"href":"https:\/\/www.formedia.pl\/sklep\/wp-json\/wp\/v2\/product"}],"about":[{"href":"https:\/\/www.formedia.pl\/sklep\/wp-json\/wp\/v2\/types\/product"}],"wp:featuredmedia":[{"embeddable":true,"href":"https:\/\/www.formedia.pl\/sklep\/wp-json\/wp\/v2\/media\/17317"}],"wp:attachment":[{"href":"https:\/\/www.formedia.pl\/sklep\/wp-json\/wp\/v2\/media?parent=1276"}],"wp:term":[{"taxonomy":"product_brand","embeddable":true,"href":"https:\/\/www.formedia.pl\/sklep\/wp-json\/wp\/v2\/product_brand?post=1276"},{"taxonomy":"product_cat","embeddable":true,"href":"https:\/\/www.formedia.pl\/sklep\/wp-json\/wp\/v2\/product_cat?post=1276"},{"taxonomy":"product_tag","embeddable":true,"href":"https:\/\/www.formedia.pl\/sklep\/wp-json\/wp\/v2\/product_tag?post=1276"},{"taxonomy":"woo-feed-brand","embeddable":true,"href":"https:\/\/www.formedia.pl\/sklep\/wp-json\/wp\/v2\/woo-feed-brand?post=1276"}],"curies":[{"name":"wp","href":"https:\/\/api.w.org\/{rel}","templated":true}]}}