{"id":12929,"date":"2021-01-27T13:48:46","date_gmt":"2021-01-27T12:48:46","guid":{"rendered":"https:\/\/www.formedia.pl\/sklep\/?post_type=product&#038;p=12929"},"modified":"2026-04-01T08:25:48","modified_gmt":"2026-04-01T06:25:48","slug":"tabliczki-z-przyssawkami-hangery-na-szybe-witryne-z-pcv-wielkosci-do-wyboru","status":"publish","type":"product","link":"https:\/\/www.formedia.pl\/sklep\/produkt\/tabliczki-z-przyssawkami-hangery-na-szybe-witryne-z-pcv-wielkosci-do-wyboru\/","title":{"rendered":"Tabliczki z przyssawkami hangery na szyb\u0119, witryn\u0119 z PCV wielko\u015bci do wyboru"},"content":{"rendered":"<h2><span style=\"color: #ff6600;\">Ramka na witryn\u0119 sklepow\u0105<\/span><\/h2>\n<p>Szukasz sposobu na zach\u0119cenie klient\u00f3w do odwiedzenia Twojego sklepu? W naszej ofercie znajdziesz plansze zrobione z PCV i plexi, kt\u00f3re \u015bwietnie podkre\u015bl\u0105 znaczenie Twojej firmy. Dzi\u0119ki temu wielu klient\u00f3w zauwa\u017cy promocje znajduj\u0105ce si\u0119 w Twoim sklepie.<\/p>\n<p><strong>Informacje o produkcie:<\/strong><\/p>\n<p>Produkt wykonany jest z lekkiego i wytrzyma\u0142ego tworzywa PCV. Mocowany do witryny za pomoc\u0105 dw\u00f3ch przyssawek. Znak &#8222;%&#8221; wyci\u0119ty jest w folii precyzyjn\u0105 technologi\u0105 frezowania, kt\u00f3ra zapewnia idealnie g\u0142adkie kraw\u0119dzie. Pe\u0142ny kolor tabliczki naniesiony jest za pom\u0105c\u0105 naklejki i nale\u017cy go okre\u015bli\u0107 w zam\u00f3wieniu. Do wyboru mamy wielko\u015bci: 30, 50 i 60 cm.<\/p>\n<p><strong>Chcesz by\u0107 jeszcze bardziej oryginalny? <\/strong><\/p>\n<p>Ju\u017c dzi\u015b wybierz swoj\u0105 kolorystyk\u0119 lub prze\u015blij nam grafik\u0119 druku UV, kt\u00f3ry naniesiemy na wybrany produkt. Jeste\u015bmy producentem materia\u0142\u00f3w promocyjnych i je\u015bli masz projekt grafiki, kt\u00f3ra wychodzi poza obszar ramki, bez problemu wytniemy dla Ciebie okre\u015blony kszta\u0142t. <span style=\"color: #ff6600;\"><strong>Zam\u00f3wienia indywidualne realizujemy od 30 sztuk.<\/strong><\/span><\/p>\n<p><strong>UWAGA!<\/strong><b><\/b><\/p>\n<ul>\n<li>Na fotografii jest przyk\u0142adowa prezentacja produktu.<\/li>\n<li>Inne wzory, kszta\u0142ty, kolory tworzywa mo\u017cemy wykona\u0107 dla Pa\u0144stwa na zam\u00f3wienie mailowe. Przed z\u0142o\u017ceniem zam\u00f3wienia indywidualnego prosimy o kontakt z naszym biurem obs\u0142ugi klienta w celu ustalenia szczeg\u00f3\u0142\u00f3w:\u00a0<strong><a href=\"tel:+48661036036\">tel. 661 036 036<\/a><\/strong><\/li>\n<li>Oferujemy r\u00f3wnie\u017c znakowanie metod\u0105 grawerowania oraz nadruku utwardzanego \u015bwiat\u0142em UV.<\/li>\n<li>Druk UV wykonujemy m.in. na: plexi, szkle, dibondzie, drewnie, kartonie, metalu, PCV.<\/li>\n<li>Wyroby z plexi zabezpieczone s\u0105 foli\u0105 ochronn\u0105. Przed u\u017cyciem nale\u017cy j\u0105 \u015bci\u0105gn\u0105\u0107.<\/li>\n<li>Sprawd\u017a\u00a0paczk\u0119\u00a0przy kurierze i oce\u0144\u00a0czy zawarto\u015b\u0107\u00a0nie jest uszkodzona! Protok\u00f3\u0142\u00a0szkody jest jedyn\u0105\u00a0podstaw\u0105\u00a0do reklamacji.<\/li>\n<\/ul>\n","protected":false},"excerpt":{"rendered":"<ul>\n<li>Produkt od producenta Formedia, wykonywany jest na zam\u00f3wienie.<\/li>\n<li><strong><span style=\"color: #ff6600;\">Format (do wyboru):<\/span> <\/strong>300&#215;300 ? 500&#215;500 ? 600&#215;600 mm<\/li>\n<li><strong><span style=\"color: #ff6600;\">Materia\u0142:<\/span> <\/strong>PCV,\u00a0 folia, dwie przyssawki<\/li>\n<li><strong><span style=\"color: #ff6600;\">Brzegi:<\/span> <\/strong>g\u0142adkie<\/li>\n<li><strong><span style=\"color: #ff6600;\">Kolorystyka (do wyboru):<\/span><\/strong> Czarny z bia\u0142ym znakiem lub bia\u0142y z czarnym znakiem. Pozosta\u0142e kolory na zapytanie.<\/li>\n<li><strong><span style=\"color: #ff6600;\">Uwaga:<\/span> <\/strong>Znak graficzny zawsze ma kolor tworzywa.<\/li>\n<li><strong><span style=\"color: #ff6600;\">Kod serii produktu:<\/span> <\/strong>RNP454647<\/li>\n<\/ul>\n","protected":false},"featured_media":12930,"template":"","meta":[],"product_brand":[],"product_cat":[895,897,898,900,844,825],"product_tag":[],"woo-feed-brand":[],"class_list":{"0":"post-12929","1":"product","2":"type-product","3":"status-publish","4":"has-post-thumbnail","6":"product_cat-branza-kosmetyczna","7":"product_cat-branza-odziezowa","8":"product_cat-branza-przemyslowa","9":"product_cat-branza-biurowa","10":"product_cat-kieszenie-na-przyssawki","11":"product_cat-kieszenie-wiszace","13":"first","14":"instock","15":"taxable","16":"shipping-taxable","17":"product-type-variable"},"yoast_head":"<!-- This site is optimized with the Yoast SEO plugin v27.5 - https:\/\/yoast.com\/product\/yoast-seo-wordpress\/ -->\n<title>Tabliczki z przyssawkami hangery na szyb\u0119, witryn\u0119 z PCV wielko\u015bci do wyboru - Formedia<\/title>\n<meta name=\"description\" content=\"Producent wyrob\u00f3w z plexi. Sprawd\u017a Tabliczki z przyssawkami hangery na szyb\u0119, witryn\u0119 z PCV wielko\u015bci do wyboru. Indywidualne podej\u015bcie, w\u0142asne studio projektowe. Zapraszamy!\" \/>\n<meta name=\"robots\" content=\"index, follow, max-snippet:-1, max-image-preview:large, max-video-preview:-1\" \/>\n<link rel=\"canonical\" href=\"https:\/\/www.formedia.pl\/sklep\/produkt\/tabliczki-z-przyssawkami-hangery-na-szybe-witryne-z-pcv-wielkosci-do-wyboru\/\" \/>\n<meta property=\"og:locale\" content=\"pl_PL\" \/>\n<meta property=\"og:type\" content=\"article\" \/>\n<meta property=\"og:title\" content=\"Tabliczki z przyssawkami hangery na szyb\u0119, witryn\u0119 z PCV wielko\u015bci do wyboru - Formedia\" \/>\n<meta property=\"og:description\" content=\"Producent wyrob\u00f3w z plexi. Sprawd\u017a Tabliczki z przyssawkami hangery na szyb\u0119, witryn\u0119 z PCV wielko\u015bci do wyboru. Indywidualne podej\u015bcie, w\u0142asne studio projektowe. Zapraszamy!\" \/>\n<meta property=\"og:url\" content=\"https:\/\/www.formedia.pl\/sklep\/produkt\/tabliczki-z-przyssawkami-hangery-na-szybe-witryne-z-pcv-wielkosci-do-wyboru\/\" \/>\n<meta property=\"og:site_name\" content=\"Formedia\" \/>\n<meta property=\"article:publisher\" content=\"https:\/\/www.facebook.com\/formedia.bydgoszcz\/\" \/>\n<meta property=\"article:modified_time\" content=\"2026-04-01T06:25:48+00:00\" \/>\n<meta property=\"og:image\" content=\"https:\/\/www.formedia.pl\/sklep\/wp-content\/uploads\/2021\/01\/tabliczka-z-przyssawkami-window-hanger-promocja-reklama-.jpg\" \/>\n\t<meta property=\"og:image:width\" content=\"496\" \/>\n\t<meta property=\"og:image:height\" content=\"496\" \/>\n\t<meta property=\"og:image:type\" content=\"image\/jpeg\" \/>\n<meta name=\"twitter:card\" content=\"summary_large_image\" \/>\n<meta name=\"twitter:label1\" content=\"Szacowany czas czytania\" \/>\n\t<meta name=\"twitter:data1\" content=\"1 minuta\" \/>\n<script type=\"application\/ld+json\" class=\"yoast-schema-graph\">{\"@context\":\"https:\\\/\\\/schema.org\",\"@graph\":[{\"@type\":\"WebPage\",\"@id\":\"https:\\\/\\\/www.formedia.pl\\\/sklep\\\/produkt\\\/tabliczki-z-przyssawkami-hangery-na-szybe-witryne-z-pcv-wielkosci-do-wyboru\\\/\",\"url\":\"https:\\\/\\\/www.formedia.pl\\\/sklep\\\/produkt\\\/tabliczki-z-przyssawkami-hangery-na-szybe-witryne-z-pcv-wielkosci-do-wyboru\\\/\",\"name\":\"Tabliczki z przyssawkami hangery na szyb\u0119, witryn\u0119 z PCV wielko\u015bci do wyboru - Formedia\",\"isPartOf\":{\"@id\":\"https:\\\/\\\/www.formedia.pl\\\/sklep\\\/#website\"},\"primaryImageOfPage\":{\"@id\":\"https:\\\/\\\/www.formedia.pl\\\/sklep\\\/produkt\\\/tabliczki-z-przyssawkami-hangery-na-szybe-witryne-z-pcv-wielkosci-do-wyboru\\\/#primaryimage\"},\"image\":{\"@id\":\"https:\\\/\\\/www.formedia.pl\\\/sklep\\\/produkt\\\/tabliczki-z-przyssawkami-hangery-na-szybe-witryne-z-pcv-wielkosci-do-wyboru\\\/#primaryimage\"},\"thumbnailUrl\":\"https:\\\/\\\/www.formedia.pl\\\/sklep\\\/wp-content\\\/uploads\\\/2021\\\/01\\\/tabliczka-z-przyssawkami-window-hanger-promocja-reklama-.jpg\",\"datePublished\":\"2021-01-27T12:48:46+00:00\",\"dateModified\":\"2026-04-01T06:25:48+00:00\",\"description\":\"Producent wyrob\u00f3w z plexi. Sprawd\u017a Tabliczki z przyssawkami hangery na szyb\u0119, witryn\u0119 z PCV wielko\u015bci do wyboru. Indywidualne podej\u015bcie, w\u0142asne studio projektowe. Zapraszamy!\",\"breadcrumb\":{\"@id\":\"https:\\\/\\\/www.formedia.pl\\\/sklep\\\/produkt\\\/tabliczki-z-przyssawkami-hangery-na-szybe-witryne-z-pcv-wielkosci-do-wyboru\\\/#breadcrumb\"},\"inLanguage\":\"pl-PL\",\"potentialAction\":[{\"@type\":\"ReadAction\",\"target\":[\"https:\\\/\\\/www.formedia.pl\\\/sklep\\\/produkt\\\/tabliczki-z-przyssawkami-hangery-na-szybe-witryne-z-pcv-wielkosci-do-wyboru\\\/\"]}]},{\"@type\":\"ImageObject\",\"inLanguage\":\"pl-PL\",\"@id\":\"https:\\\/\\\/www.formedia.pl\\\/sklep\\\/produkt\\\/tabliczki-z-przyssawkami-hangery-na-szybe-witryne-z-pcv-wielkosci-do-wyboru\\\/#primaryimage\",\"url\":\"https:\\\/\\\/www.formedia.pl\\\/sklep\\\/wp-content\\\/uploads\\\/2021\\\/01\\\/tabliczka-z-przyssawkami-window-hanger-promocja-reklama-.jpg\",\"contentUrl\":\"https:\\\/\\\/www.formedia.pl\\\/sklep\\\/wp-content\\\/uploads\\\/2021\\\/01\\\/tabliczka-z-przyssawkami-window-hanger-promocja-reklama-.jpg\",\"width\":496,\"height\":496,\"caption\":\"tabliczka informacyjna znizka na przyssawki\"},{\"@type\":\"BreadcrumbList\",\"@id\":\"https:\\\/\\\/www.formedia.pl\\\/sklep\\\/produkt\\\/tabliczki-z-przyssawkami-hangery-na-szybe-witryne-z-pcv-wielkosci-do-wyboru\\\/#breadcrumb\",\"itemListElement\":[{\"@type\":\"ListItem\",\"position\":1,\"name\":\"Strona g\u0142\u00f3wna\",\"item\":\"https:\\\/\\\/www.formedia.pl\\\/sklep\\\/\"},{\"@type\":\"ListItem\",\"position\":2,\"name\":\"Sklep\",\"item\":\"https:\\\/\\\/www.formedia.pl\\\/sklep\\\/\"},{\"@type\":\"ListItem\",\"position\":3,\"name\":\"Tabliczki z przyssawkami hangery na szyb\u0119, witryn\u0119 z PCV wielko\u015bci do wyboru\"}]},{\"@type\":\"WebSite\",\"@id\":\"https:\\\/\\\/www.formedia.pl\\\/sklep\\\/#website\",\"url\":\"https:\\\/\\\/www.formedia.pl\\\/sklep\\\/\",\"name\":\"Formedia\",\"description\":\"Producent wyrob\u00f3w z tworzyw sztucznych\",\"publisher\":{\"@id\":\"https:\\\/\\\/www.formedia.pl\\\/sklep\\\/#organization\"},\"alternateName\":\"Formedia\",\"potentialAction\":[{\"@type\":\"SearchAction\",\"target\":{\"@type\":\"EntryPoint\",\"urlTemplate\":\"https:\\\/\\\/www.formedia.pl\\\/sklep\\\/?s={search_term_string}\"},\"query-input\":{\"@type\":\"PropertyValueSpecification\",\"valueRequired\":true,\"valueName\":\"search_term_string\"}}],\"inLanguage\":\"pl-PL\"},{\"@type\":\"Organization\",\"@id\":\"https:\\\/\\\/www.formedia.pl\\\/sklep\\\/#organization\",\"name\":\"Formedia\",\"alternateName\":\"Formedia\",\"url\":\"https:\\\/\\\/www.formedia.pl\\\/sklep\\\/\",\"logo\":{\"@type\":\"ImageObject\",\"inLanguage\":\"pl-PL\",\"@id\":\"https:\\\/\\\/www.formedia.pl\\\/sklep\\\/#\\\/schema\\\/logo\\\/image\\\/\",\"url\":\"https:\\\/\\\/www.formedia.pl\\\/sklep\\\/wp-content\\\/uploads\\\/2025\\\/03\\\/1x1cropped-logo-WWW-ForMedia-bialy.png\",\"contentUrl\":\"https:\\\/\\\/www.formedia.pl\\\/sklep\\\/wp-content\\\/uploads\\\/2025\\\/03\\\/1x1cropped-logo-WWW-ForMedia-bialy.png\",\"width\":412,\"height\":412,\"caption\":\"Formedia\"},\"image\":{\"@id\":\"https:\\\/\\\/www.formedia.pl\\\/sklep\\\/#\\\/schema\\\/logo\\\/image\\\/\"},\"sameAs\":[\"https:\\\/\\\/www.facebook.com\\\/formedia.bydgoszcz\\\/\",\"https:\\\/\\\/www.youtube.com\\\/@formedia4306\"]}]}<\/script>\n<!-- \/ Yoast SEO plugin. -->","yoast_head_json":{"title":"Tabliczki z przyssawkami hangery na szyb\u0119, witryn\u0119 z PCV wielko\u015bci do wyboru - Formedia","description":"Producent wyrob\u00f3w z plexi. Sprawd\u017a Tabliczki z przyssawkami hangery na szyb\u0119, witryn\u0119 z PCV wielko\u015bci do wyboru. Indywidualne podej\u015bcie, w\u0142asne studio projektowe. Zapraszamy!","robots":{"index":"index","follow":"follow","max-snippet":"max-snippet:-1","max-image-preview":"max-image-preview:large","max-video-preview":"max-video-preview:-1"},"canonical":"https:\/\/www.formedia.pl\/sklep\/produkt\/tabliczki-z-przyssawkami-hangery-na-szybe-witryne-z-pcv-wielkosci-do-wyboru\/","og_locale":"pl_PL","og_type":"article","og_title":"Tabliczki z przyssawkami hangery na szyb\u0119, witryn\u0119 z PCV wielko\u015bci do wyboru - Formedia","og_description":"Producent wyrob\u00f3w z plexi. Sprawd\u017a Tabliczki z przyssawkami hangery na szyb\u0119, witryn\u0119 z PCV wielko\u015bci do wyboru. Indywidualne podej\u015bcie, w\u0142asne studio projektowe. Zapraszamy!","og_url":"https:\/\/www.formedia.pl\/sklep\/produkt\/tabliczki-z-przyssawkami-hangery-na-szybe-witryne-z-pcv-wielkosci-do-wyboru\/","og_site_name":"Formedia","article_publisher":"https:\/\/www.facebook.com\/formedia.bydgoszcz\/","article_modified_time":"2026-04-01T06:25:48+00:00","og_image":[{"width":496,"height":496,"url":"https:\/\/www.formedia.pl\/sklep\/wp-content\/uploads\/2021\/01\/tabliczka-z-przyssawkami-window-hanger-promocja-reklama-.jpg","type":"image\/jpeg"}],"twitter_card":"summary_large_image","twitter_misc":{"Szacowany czas czytania":"1 minuta"},"schema":{"@context":"https:\/\/schema.org","@graph":[{"@type":"WebPage","@id":"https:\/\/www.formedia.pl\/sklep\/produkt\/tabliczki-z-przyssawkami-hangery-na-szybe-witryne-z-pcv-wielkosci-do-wyboru\/","url":"https:\/\/www.formedia.pl\/sklep\/produkt\/tabliczki-z-przyssawkami-hangery-na-szybe-witryne-z-pcv-wielkosci-do-wyboru\/","name":"Tabliczki z przyssawkami hangery na szyb\u0119, witryn\u0119 z PCV wielko\u015bci do wyboru - Formedia","isPartOf":{"@id":"https:\/\/www.formedia.pl\/sklep\/#website"},"primaryImageOfPage":{"@id":"https:\/\/www.formedia.pl\/sklep\/produkt\/tabliczki-z-przyssawkami-hangery-na-szybe-witryne-z-pcv-wielkosci-do-wyboru\/#primaryimage"},"image":{"@id":"https:\/\/www.formedia.pl\/sklep\/produkt\/tabliczki-z-przyssawkami-hangery-na-szybe-witryne-z-pcv-wielkosci-do-wyboru\/#primaryimage"},"thumbnailUrl":"https:\/\/www.formedia.pl\/sklep\/wp-content\/uploads\/2021\/01\/tabliczka-z-przyssawkami-window-hanger-promocja-reklama-.jpg","datePublished":"2021-01-27T12:48:46+00:00","dateModified":"2026-04-01T06:25:48+00:00","description":"Producent wyrob\u00f3w z plexi. Sprawd\u017a Tabliczki z przyssawkami hangery na szyb\u0119, witryn\u0119 z PCV wielko\u015bci do wyboru. Indywidualne podej\u015bcie, w\u0142asne studio projektowe. Zapraszamy!","breadcrumb":{"@id":"https:\/\/www.formedia.pl\/sklep\/produkt\/tabliczki-z-przyssawkami-hangery-na-szybe-witryne-z-pcv-wielkosci-do-wyboru\/#breadcrumb"},"inLanguage":"pl-PL","potentialAction":[{"@type":"ReadAction","target":["https:\/\/www.formedia.pl\/sklep\/produkt\/tabliczki-z-przyssawkami-hangery-na-szybe-witryne-z-pcv-wielkosci-do-wyboru\/"]}]},{"@type":"ImageObject","inLanguage":"pl-PL","@id":"https:\/\/www.formedia.pl\/sklep\/produkt\/tabliczki-z-przyssawkami-hangery-na-szybe-witryne-z-pcv-wielkosci-do-wyboru\/#primaryimage","url":"https:\/\/www.formedia.pl\/sklep\/wp-content\/uploads\/2021\/01\/tabliczka-z-przyssawkami-window-hanger-promocja-reklama-.jpg","contentUrl":"https:\/\/www.formedia.pl\/sklep\/wp-content\/uploads\/2021\/01\/tabliczka-z-przyssawkami-window-hanger-promocja-reklama-.jpg","width":496,"height":496,"caption":"tabliczka informacyjna znizka na przyssawki"},{"@type":"BreadcrumbList","@id":"https:\/\/www.formedia.pl\/sklep\/produkt\/tabliczki-z-przyssawkami-hangery-na-szybe-witryne-z-pcv-wielkosci-do-wyboru\/#breadcrumb","itemListElement":[{"@type":"ListItem","position":1,"name":"Strona g\u0142\u00f3wna","item":"https:\/\/www.formedia.pl\/sklep\/"},{"@type":"ListItem","position":2,"name":"Sklep","item":"https:\/\/www.formedia.pl\/sklep\/"},{"@type":"ListItem","position":3,"name":"Tabliczki z przyssawkami hangery na szyb\u0119, witryn\u0119 z PCV wielko\u015bci do wyboru"}]},{"@type":"WebSite","@id":"https:\/\/www.formedia.pl\/sklep\/#website","url":"https:\/\/www.formedia.pl\/sklep\/","name":"Formedia","description":"Producent wyrob\u00f3w z tworzyw sztucznych","publisher":{"@id":"https:\/\/www.formedia.pl\/sklep\/#organization"},"alternateName":"Formedia","potentialAction":[{"@type":"SearchAction","target":{"@type":"EntryPoint","urlTemplate":"https:\/\/www.formedia.pl\/sklep\/?s={search_term_string}"},"query-input":{"@type":"PropertyValueSpecification","valueRequired":true,"valueName":"search_term_string"}}],"inLanguage":"pl-PL"},{"@type":"Organization","@id":"https:\/\/www.formedia.pl\/sklep\/#organization","name":"Formedia","alternateName":"Formedia","url":"https:\/\/www.formedia.pl\/sklep\/","logo":{"@type":"ImageObject","inLanguage":"pl-PL","@id":"https:\/\/www.formedia.pl\/sklep\/#\/schema\/logo\/image\/","url":"https:\/\/www.formedia.pl\/sklep\/wp-content\/uploads\/2025\/03\/1x1cropped-logo-WWW-ForMedia-bialy.png","contentUrl":"https:\/\/www.formedia.pl\/sklep\/wp-content\/uploads\/2025\/03\/1x1cropped-logo-WWW-ForMedia-bialy.png","width":412,"height":412,"caption":"Formedia"},"image":{"@id":"https:\/\/www.formedia.pl\/sklep\/#\/schema\/logo\/image\/"},"sameAs":["https:\/\/www.facebook.com\/formedia.bydgoszcz\/","https:\/\/www.youtube.com\/@formedia4306"]}]}},"_links":{"self":[{"href":"https:\/\/www.formedia.pl\/sklep\/wp-json\/wp\/v2\/product\/12929","targetHints":{"allow":["GET"]}}],"collection":[{"href":"https:\/\/www.formedia.pl\/sklep\/wp-json\/wp\/v2\/product"}],"about":[{"href":"https:\/\/www.formedia.pl\/sklep\/wp-json\/wp\/v2\/types\/product"}],"wp:featuredmedia":[{"embeddable":true,"href":"https:\/\/www.formedia.pl\/sklep\/wp-json\/wp\/v2\/media\/12930"}],"wp:attachment":[{"href":"https:\/\/www.formedia.pl\/sklep\/wp-json\/wp\/v2\/media?parent=12929"}],"wp:term":[{"taxonomy":"product_brand","embeddable":true,"href":"https:\/\/www.formedia.pl\/sklep\/wp-json\/wp\/v2\/product_brand?post=12929"},{"taxonomy":"product_cat","embeddable":true,"href":"https:\/\/www.formedia.pl\/sklep\/wp-json\/wp\/v2\/product_cat?post=12929"},{"taxonomy":"product_tag","embeddable":true,"href":"https:\/\/www.formedia.pl\/sklep\/wp-json\/wp\/v2\/product_tag?post=12929"},{"taxonomy":"woo-feed-brand","embeddable":true,"href":"https:\/\/www.formedia.pl\/sklep\/wp-json\/wp\/v2\/woo-feed-brand?post=12929"}],"curies":[{"name":"wp","href":"https:\/\/api.w.org\/{rel}","templated":true}]}}