{"id":13354,"date":"2021-02-02T15:51:49","date_gmt":"2021-02-02T14:51:49","guid":{"rendered":"https:\/\/www.formedia.pl\/sklep\/?post_type=product&#038;p=13354"},"modified":"2026-04-01T08:25:48","modified_gmt":"2026-04-01T06:25:48","slug":"kieszen-z-tworzywa-pet-na-boczna-szybe-w-samochodzie-2","status":"publish","type":"product","link":"https:\/\/www.formedia.pl\/sklep\/produkt\/kieszen-z-tworzywa-pet-na-boczna-szybe-w-samochodzie-2\/","title":{"rendered":"Kiesze\u0144 na ulotk\u0119, tworzywo PET, na boczn\u0105 szyb\u0119 w samochodzie, 10 szt"},"content":{"rendered":"<h2 align=\"JUSTIFY\"><span style=\"color: #ff6600;\">Kiesze\u0144 do ulotki na boczn\u0105 szyb\u0119 samochodu<\/span><\/h2>\n<p align=\"JUSTIFY\">Chcesz sprzeda\u0107 samoch\u00f3d? Prowadzisz salon samochodowy? Chcesz dobrze opisa\u0107 sw\u00f3j produkt? Mamy dla Ciebie koszulk\u0119 do zamontowania bezpo\u015brednio na Twoim aucie. Bez obaw, monta\u017c jest ca\u0142kowicie bezinwazyjny! Otw\u00f3rz lekko boczn\u0105 szyb\u0119, zawie\u015b na niej kiesze\u0144 z ulotk\u0105 i domknij okno. To prosty i bardzo wygodny spos\u00f3b spos\u00f3b na opisanie samochod\u00f3w np. na gie\u0142dzie, w salonach motoryzacyjnych. Zamie\u015b\u0107 w ramce plakat, ulotk\u0119, wydruk z informacjami. Teraz z \u0142atwo\u015bci\u0105 przeka\u017cesz kompletny opis, cen\u0119 samochodu. Ju\u017c nie musisz si\u0119 martwi\u0107, \u017ce uszkodzisz lakier lub b\u0119dziesz mie\u0107 brudne \u015blady odcisk\u00f3w po przyssawkach. Kiesze\u0144 z tworzywa PET z uchwytem na boczn\u0105 szyb\u0119 w samochodzie jest to bezinwazyjne rozwi\u0105zanie dla ka\u017cdego wystawcy. Produkt wykonany z dba\u0142o\u015bci\u0105 o funkcjonalno\u015b\u0107. Przeznaczony jest do eksponowania wszelkich tre\u015bci informacyjnych np. ulotki, ceny, opis samochodu, rocznik, przebieg itp. Zobacz ca\u0142\u0105 <span style=\"color: #333333;\"><strong><a style=\"color: #333333;\" href=\"https:\/\/www.formedia.pl\/sklep\/kategoria-produktu\/kieszenie\/kieszen-wiszaca-na-ulotki\/\">seri\u0119 kieszeni od Formedia <\/a><\/strong><a style=\"color: #333333;\" href=\"https:\/\/www.formedia.pl\/sklep\/kategoria-produktu\/kieszenie\/kieszen-wiszaca-na-ulotki\/\">i kup to co potrzebujesz<\/a><strong>.<\/strong><\/span><b> <\/b><\/p>\n<p><strong>UWAGA!<\/strong><\/p>\n<ul>\n<li>Na fotografii jest przyk\u0142adowa prezentacja produktu.<\/li>\n<li>Inne wzory, kszta\u0142ty, kolory tworzywa mo\u017cemy wykona\u0107 dla Pa\u0144stwa na zam\u00f3wienie mailowe. Przed z\u0142o\u017ceniem zam\u00f3wienia indywidualnego prosimy o kontakt z naszym biurem obs\u0142ugi klienta w celu ustalenia szczeg\u00f3\u0142\u00f3w:\u00a0<strong><a href=\"tel:+48661036036\">tel. 661 036 036<\/a><\/strong><\/li>\n<li>Oferujemy r\u00f3wnie\u017c znakowanie metod\u0105 grawerowania oraz nadruku utwardzanego \u015bwiat\u0142em UV.<\/li>\n<li>Druk UV wykonujemy m.in. na: plexi, szkle, dibondzie, drewnie, kartonie, metalu, PCV.<\/li>\n<li>Wyroby z plexi zabezpieczone s\u0105 foli\u0105 ochronn\u0105. Przed u\u017cyciem nale\u017cy j\u0105 \u015bci\u0105gn\u0105\u0107.<\/li>\n<li>Sprawd\u017a\u00a0paczk\u0119\u00a0przy kurierze i oce\u0144\u00a0czy zawarto\u015b\u0107\u00a0nie jest uszkodzona! Protok\u00f3\u0142\u00a0szkody jest jedyn\u0105\u00a0podstaw\u0105\u00a0do reklamacji.<\/li>\n<\/ul>\n","protected":false},"excerpt":{"rendered":"<ul>\n<li><strong><span style=\"color: #ff6600;\">Format wk\u0142adu (do wyboru):<\/span><\/strong> A5, A4<\/li>\n<li><strong><span style=\"color: #ff6600;\">Materia\u0142:<\/span> <\/strong>PET<\/li>\n<li><strong><span style=\"color: #ff6600;\">Grubo\u015b\u0107 tworzywa:<\/span><\/strong> 0,5 mm<\/li>\n<li><strong><span style=\"color: #ff6600;\">Kod produktu:<\/span> <\/strong>KSZ62<\/li>\n<\/ul>\n","protected":false},"featured_media":13352,"template":"","meta":[],"product_brand":[],"product_cat":[846,825,883],"product_tag":[],"woo-feed-brand":[],"class_list":{"0":"post-13354","1":"product","2":"type-product","3":"status-publish","4":"has-post-thumbnail","6":"product_cat-inne-kieszenie","7":"product_cat-kieszenie-wiszace","8":"product_cat-kieszenie-z-pet","10":"first","11":"instock","12":"taxable","13":"shipping-taxable","14":"purchasable","15":"product-type-variable"},"yoast_head":"<!-- This site is optimized with the Yoast SEO plugin v27.5 - https:\/\/yoast.com\/product\/yoast-seo-wordpress\/ -->\n<title>Kiesze\u0144 na ulotk\u0119, tworzywo PET, na boczn\u0105 szyb\u0119 w samochodzie, 10 szt - Formedia<\/title>\n<meta name=\"description\" content=\"Producent wyrob\u00f3w z plexi. Sprawd\u017a Kiesze\u0144 na ulotk\u0119, tworzywo PET, na boczn\u0105 szyb\u0119 w samochodzie, 10 szt. Indywidualne podej\u015bcie, w\u0142asne studio projektowe. Zapraszamy!\" \/>\n<meta name=\"robots\" content=\"index, follow, max-snippet:-1, max-image-preview:large, max-video-preview:-1\" \/>\n<link rel=\"canonical\" href=\"https:\/\/www.formedia.pl\/sklep\/produkt\/kieszen-z-tworzywa-pet-na-boczna-szybe-w-samochodzie-2\/\" \/>\n<meta property=\"og:locale\" content=\"pl_PL\" \/>\n<meta property=\"og:type\" content=\"article\" \/>\n<meta property=\"og:title\" content=\"Kiesze\u0144 na ulotk\u0119, tworzywo PET, na boczn\u0105 szyb\u0119 w samochodzie, 10 szt - Formedia\" \/>\n<meta property=\"og:description\" content=\"Producent wyrob\u00f3w z plexi. Sprawd\u017a Kiesze\u0144 na ulotk\u0119, tworzywo PET, na boczn\u0105 szyb\u0119 w samochodzie, 10 szt. Indywidualne podej\u015bcie, w\u0142asne studio projektowe. Zapraszamy!\" \/>\n<meta property=\"og:url\" content=\"https:\/\/www.formedia.pl\/sklep\/produkt\/kieszen-z-tworzywa-pet-na-boczna-szybe-w-samochodzie-2\/\" \/>\n<meta property=\"og:site_name\" content=\"Formedia\" \/>\n<meta property=\"article:publisher\" content=\"https:\/\/www.facebook.com\/formedia.bydgoszcz\/\" \/>\n<meta property=\"article:modified_time\" content=\"2026-04-01T06:25:48+00:00\" \/>\n<meta property=\"og:image\" content=\"https:\/\/www.formedia.pl\/sklep\/wp-content\/uploads\/2021\/02\/Kieszen_na_ulotke_na_samochod_KIESZ19-POZIOM-e1614846447195.jpg\" \/>\n\t<meta property=\"og:image:width\" content=\"504\" \/>\n\t<meta property=\"og:image:height\" content=\"504\" \/>\n\t<meta property=\"og:image:type\" content=\"image\/jpeg\" \/>\n<meta name=\"twitter:card\" content=\"summary_large_image\" \/>\n<meta name=\"twitter:label1\" content=\"Szacowany czas czytania\" \/>\n\t<meta name=\"twitter:data1\" content=\"1 minuta\" \/>\n<script type=\"application\/ld+json\" class=\"yoast-schema-graph\">{\"@context\":\"https:\\\/\\\/schema.org\",\"@graph\":[{\"@type\":\"WebPage\",\"@id\":\"https:\\\/\\\/www.formedia.pl\\\/sklep\\\/produkt\\\/kieszen-z-tworzywa-pet-na-boczna-szybe-w-samochodzie-2\\\/\",\"url\":\"https:\\\/\\\/www.formedia.pl\\\/sklep\\\/produkt\\\/kieszen-z-tworzywa-pet-na-boczna-szybe-w-samochodzie-2\\\/\",\"name\":\"Kiesze\u0144 na ulotk\u0119, tworzywo PET, na boczn\u0105 szyb\u0119 w samochodzie, 10 szt - Formedia\",\"isPartOf\":{\"@id\":\"https:\\\/\\\/www.formedia.pl\\\/sklep\\\/#website\"},\"primaryImageOfPage\":{\"@id\":\"https:\\\/\\\/www.formedia.pl\\\/sklep\\\/produkt\\\/kieszen-z-tworzywa-pet-na-boczna-szybe-w-samochodzie-2\\\/#primaryimage\"},\"image\":{\"@id\":\"https:\\\/\\\/www.formedia.pl\\\/sklep\\\/produkt\\\/kieszen-z-tworzywa-pet-na-boczna-szybe-w-samochodzie-2\\\/#primaryimage\"},\"thumbnailUrl\":\"https:\\\/\\\/www.formedia.pl\\\/sklep\\\/wp-content\\\/uploads\\\/2021\\\/02\\\/Kieszen_na_ulotke_na_samochod_KIESZ19-POZIOM-e1614846447195.jpg\",\"datePublished\":\"2021-02-02T14:51:49+00:00\",\"dateModified\":\"2026-04-01T06:25:48+00:00\",\"description\":\"Producent wyrob\u00f3w z plexi. Sprawd\u017a Kiesze\u0144 na ulotk\u0119, tworzywo PET, na boczn\u0105 szyb\u0119 w samochodzie, 10 szt. Indywidualne podej\u015bcie, w\u0142asne studio projektowe. Zapraszamy!\",\"breadcrumb\":{\"@id\":\"https:\\\/\\\/www.formedia.pl\\\/sklep\\\/produkt\\\/kieszen-z-tworzywa-pet-na-boczna-szybe-w-samochodzie-2\\\/#breadcrumb\"},\"inLanguage\":\"pl-PL\",\"potentialAction\":[{\"@type\":\"ReadAction\",\"target\":[\"https:\\\/\\\/www.formedia.pl\\\/sklep\\\/produkt\\\/kieszen-z-tworzywa-pet-na-boczna-szybe-w-samochodzie-2\\\/\"]}]},{\"@type\":\"ImageObject\",\"inLanguage\":\"pl-PL\",\"@id\":\"https:\\\/\\\/www.formedia.pl\\\/sklep\\\/produkt\\\/kieszen-z-tworzywa-pet-na-boczna-szybe-w-samochodzie-2\\\/#primaryimage\",\"url\":\"https:\\\/\\\/www.formedia.pl\\\/sklep\\\/wp-content\\\/uploads\\\/2021\\\/02\\\/Kieszen_na_ulotke_na_samochod_KIESZ19-POZIOM-e1614846447195.jpg\",\"contentUrl\":\"https:\\\/\\\/www.formedia.pl\\\/sklep\\\/wp-content\\\/uploads\\\/2021\\\/02\\\/Kieszen_na_ulotke_na_samochod_KIESZ19-POZIOM-e1614846447195.jpg\",\"width\":504,\"height\":504,\"caption\":\"koszulka zawieszana na szybe zamochodu\"},{\"@type\":\"BreadcrumbList\",\"@id\":\"https:\\\/\\\/www.formedia.pl\\\/sklep\\\/produkt\\\/kieszen-z-tworzywa-pet-na-boczna-szybe-w-samochodzie-2\\\/#breadcrumb\",\"itemListElement\":[{\"@type\":\"ListItem\",\"position\":1,\"name\":\"Strona g\u0142\u00f3wna\",\"item\":\"https:\\\/\\\/www.formedia.pl\\\/sklep\\\/\"},{\"@type\":\"ListItem\",\"position\":2,\"name\":\"Sklep\",\"item\":\"https:\\\/\\\/www.formedia.pl\\\/sklep\\\/\"},{\"@type\":\"ListItem\",\"position\":3,\"name\":\"Kiesze\u0144 na ulotk\u0119, tworzywo PET, na boczn\u0105 szyb\u0119 w samochodzie, 10 szt\"}]},{\"@type\":\"WebSite\",\"@id\":\"https:\\\/\\\/www.formedia.pl\\\/sklep\\\/#website\",\"url\":\"https:\\\/\\\/www.formedia.pl\\\/sklep\\\/\",\"name\":\"Formedia\",\"description\":\"Producent wyrob\u00f3w z tworzyw sztucznych\",\"publisher\":{\"@id\":\"https:\\\/\\\/www.formedia.pl\\\/sklep\\\/#organization\"},\"alternateName\":\"Formedia\",\"potentialAction\":[{\"@type\":\"SearchAction\",\"target\":{\"@type\":\"EntryPoint\",\"urlTemplate\":\"https:\\\/\\\/www.formedia.pl\\\/sklep\\\/?s={search_term_string}\"},\"query-input\":{\"@type\":\"PropertyValueSpecification\",\"valueRequired\":true,\"valueName\":\"search_term_string\"}}],\"inLanguage\":\"pl-PL\"},{\"@type\":\"Organization\",\"@id\":\"https:\\\/\\\/www.formedia.pl\\\/sklep\\\/#organization\",\"name\":\"Formedia\",\"alternateName\":\"Formedia\",\"url\":\"https:\\\/\\\/www.formedia.pl\\\/sklep\\\/\",\"logo\":{\"@type\":\"ImageObject\",\"inLanguage\":\"pl-PL\",\"@id\":\"https:\\\/\\\/www.formedia.pl\\\/sklep\\\/#\\\/schema\\\/logo\\\/image\\\/\",\"url\":\"https:\\\/\\\/www.formedia.pl\\\/sklep\\\/wp-content\\\/uploads\\\/2025\\\/03\\\/1x1cropped-logo-WWW-ForMedia-bialy.png\",\"contentUrl\":\"https:\\\/\\\/www.formedia.pl\\\/sklep\\\/wp-content\\\/uploads\\\/2025\\\/03\\\/1x1cropped-logo-WWW-ForMedia-bialy.png\",\"width\":412,\"height\":412,\"caption\":\"Formedia\"},\"image\":{\"@id\":\"https:\\\/\\\/www.formedia.pl\\\/sklep\\\/#\\\/schema\\\/logo\\\/image\\\/\"},\"sameAs\":[\"https:\\\/\\\/www.facebook.com\\\/formedia.bydgoszcz\\\/\",\"https:\\\/\\\/www.youtube.com\\\/@formedia4306\"]}]}<\/script>\n<!-- \/ Yoast SEO plugin. -->","yoast_head_json":{"title":"Kiesze\u0144 na ulotk\u0119, tworzywo PET, na boczn\u0105 szyb\u0119 w samochodzie, 10 szt - Formedia","description":"Producent wyrob\u00f3w z plexi. Sprawd\u017a Kiesze\u0144 na ulotk\u0119, tworzywo PET, na boczn\u0105 szyb\u0119 w samochodzie, 10 szt. Indywidualne podej\u015bcie, w\u0142asne studio projektowe. Zapraszamy!","robots":{"index":"index","follow":"follow","max-snippet":"max-snippet:-1","max-image-preview":"max-image-preview:large","max-video-preview":"max-video-preview:-1"},"canonical":"https:\/\/www.formedia.pl\/sklep\/produkt\/kieszen-z-tworzywa-pet-na-boczna-szybe-w-samochodzie-2\/","og_locale":"pl_PL","og_type":"article","og_title":"Kiesze\u0144 na ulotk\u0119, tworzywo PET, na boczn\u0105 szyb\u0119 w samochodzie, 10 szt - Formedia","og_description":"Producent wyrob\u00f3w z plexi. Sprawd\u017a Kiesze\u0144 na ulotk\u0119, tworzywo PET, na boczn\u0105 szyb\u0119 w samochodzie, 10 szt. Indywidualne podej\u015bcie, w\u0142asne studio projektowe. Zapraszamy!","og_url":"https:\/\/www.formedia.pl\/sklep\/produkt\/kieszen-z-tworzywa-pet-na-boczna-szybe-w-samochodzie-2\/","og_site_name":"Formedia","article_publisher":"https:\/\/www.facebook.com\/formedia.bydgoszcz\/","article_modified_time":"2026-04-01T06:25:48+00:00","og_image":[{"width":504,"height":504,"url":"https:\/\/www.formedia.pl\/sklep\/wp-content\/uploads\/2021\/02\/Kieszen_na_ulotke_na_samochod_KIESZ19-POZIOM-e1614846447195.jpg","type":"image\/jpeg"}],"twitter_card":"summary_large_image","twitter_misc":{"Szacowany czas czytania":"1 minuta"},"schema":{"@context":"https:\/\/schema.org","@graph":[{"@type":"WebPage","@id":"https:\/\/www.formedia.pl\/sklep\/produkt\/kieszen-z-tworzywa-pet-na-boczna-szybe-w-samochodzie-2\/","url":"https:\/\/www.formedia.pl\/sklep\/produkt\/kieszen-z-tworzywa-pet-na-boczna-szybe-w-samochodzie-2\/","name":"Kiesze\u0144 na ulotk\u0119, tworzywo PET, na boczn\u0105 szyb\u0119 w samochodzie, 10 szt - Formedia","isPartOf":{"@id":"https:\/\/www.formedia.pl\/sklep\/#website"},"primaryImageOfPage":{"@id":"https:\/\/www.formedia.pl\/sklep\/produkt\/kieszen-z-tworzywa-pet-na-boczna-szybe-w-samochodzie-2\/#primaryimage"},"image":{"@id":"https:\/\/www.formedia.pl\/sklep\/produkt\/kieszen-z-tworzywa-pet-na-boczna-szybe-w-samochodzie-2\/#primaryimage"},"thumbnailUrl":"https:\/\/www.formedia.pl\/sklep\/wp-content\/uploads\/2021\/02\/Kieszen_na_ulotke_na_samochod_KIESZ19-POZIOM-e1614846447195.jpg","datePublished":"2021-02-02T14:51:49+00:00","dateModified":"2026-04-01T06:25:48+00:00","description":"Producent wyrob\u00f3w z plexi. Sprawd\u017a Kiesze\u0144 na ulotk\u0119, tworzywo PET, na boczn\u0105 szyb\u0119 w samochodzie, 10 szt. Indywidualne podej\u015bcie, w\u0142asne studio projektowe. Zapraszamy!","breadcrumb":{"@id":"https:\/\/www.formedia.pl\/sklep\/produkt\/kieszen-z-tworzywa-pet-na-boczna-szybe-w-samochodzie-2\/#breadcrumb"},"inLanguage":"pl-PL","potentialAction":[{"@type":"ReadAction","target":["https:\/\/www.formedia.pl\/sklep\/produkt\/kieszen-z-tworzywa-pet-na-boczna-szybe-w-samochodzie-2\/"]}]},{"@type":"ImageObject","inLanguage":"pl-PL","@id":"https:\/\/www.formedia.pl\/sklep\/produkt\/kieszen-z-tworzywa-pet-na-boczna-szybe-w-samochodzie-2\/#primaryimage","url":"https:\/\/www.formedia.pl\/sklep\/wp-content\/uploads\/2021\/02\/Kieszen_na_ulotke_na_samochod_KIESZ19-POZIOM-e1614846447195.jpg","contentUrl":"https:\/\/www.formedia.pl\/sklep\/wp-content\/uploads\/2021\/02\/Kieszen_na_ulotke_na_samochod_KIESZ19-POZIOM-e1614846447195.jpg","width":504,"height":504,"caption":"koszulka zawieszana na szybe zamochodu"},{"@type":"BreadcrumbList","@id":"https:\/\/www.formedia.pl\/sklep\/produkt\/kieszen-z-tworzywa-pet-na-boczna-szybe-w-samochodzie-2\/#breadcrumb","itemListElement":[{"@type":"ListItem","position":1,"name":"Strona g\u0142\u00f3wna","item":"https:\/\/www.formedia.pl\/sklep\/"},{"@type":"ListItem","position":2,"name":"Sklep","item":"https:\/\/www.formedia.pl\/sklep\/"},{"@type":"ListItem","position":3,"name":"Kiesze\u0144 na ulotk\u0119, tworzywo PET, na boczn\u0105 szyb\u0119 w samochodzie, 10 szt"}]},{"@type":"WebSite","@id":"https:\/\/www.formedia.pl\/sklep\/#website","url":"https:\/\/www.formedia.pl\/sklep\/","name":"Formedia","description":"Producent wyrob\u00f3w z tworzyw sztucznych","publisher":{"@id":"https:\/\/www.formedia.pl\/sklep\/#organization"},"alternateName":"Formedia","potentialAction":[{"@type":"SearchAction","target":{"@type":"EntryPoint","urlTemplate":"https:\/\/www.formedia.pl\/sklep\/?s={search_term_string}"},"query-input":{"@type":"PropertyValueSpecification","valueRequired":true,"valueName":"search_term_string"}}],"inLanguage":"pl-PL"},{"@type":"Organization","@id":"https:\/\/www.formedia.pl\/sklep\/#organization","name":"Formedia","alternateName":"Formedia","url":"https:\/\/www.formedia.pl\/sklep\/","logo":{"@type":"ImageObject","inLanguage":"pl-PL","@id":"https:\/\/www.formedia.pl\/sklep\/#\/schema\/logo\/image\/","url":"https:\/\/www.formedia.pl\/sklep\/wp-content\/uploads\/2025\/03\/1x1cropped-logo-WWW-ForMedia-bialy.png","contentUrl":"https:\/\/www.formedia.pl\/sklep\/wp-content\/uploads\/2025\/03\/1x1cropped-logo-WWW-ForMedia-bialy.png","width":412,"height":412,"caption":"Formedia"},"image":{"@id":"https:\/\/www.formedia.pl\/sklep\/#\/schema\/logo\/image\/"},"sameAs":["https:\/\/www.facebook.com\/formedia.bydgoszcz\/","https:\/\/www.youtube.com\/@formedia4306"]}]}},"_links":{"self":[{"href":"https:\/\/www.formedia.pl\/sklep\/wp-json\/wp\/v2\/product\/13354","targetHints":{"allow":["GET"]}}],"collection":[{"href":"https:\/\/www.formedia.pl\/sklep\/wp-json\/wp\/v2\/product"}],"about":[{"href":"https:\/\/www.formedia.pl\/sklep\/wp-json\/wp\/v2\/types\/product"}],"wp:featuredmedia":[{"embeddable":true,"href":"https:\/\/www.formedia.pl\/sklep\/wp-json\/wp\/v2\/media\/13352"}],"wp:attachment":[{"href":"https:\/\/www.formedia.pl\/sklep\/wp-json\/wp\/v2\/media?parent=13354"}],"wp:term":[{"taxonomy":"product_brand","embeddable":true,"href":"https:\/\/www.formedia.pl\/sklep\/wp-json\/wp\/v2\/product_brand?post=13354"},{"taxonomy":"product_cat","embeddable":true,"href":"https:\/\/www.formedia.pl\/sklep\/wp-json\/wp\/v2\/product_cat?post=13354"},{"taxonomy":"product_tag","embeddable":true,"href":"https:\/\/www.formedia.pl\/sklep\/wp-json\/wp\/v2\/product_tag?post=13354"},{"taxonomy":"woo-feed-brand","embeddable":true,"href":"https:\/\/www.formedia.pl\/sklep\/wp-json\/wp\/v2\/woo-feed-brand?post=13354"}],"curies":[{"name":"wp","href":"https:\/\/api.w.org\/{rel}","templated":true}]}}