{"id":13603,"date":"2021-02-09T12:02:02","date_gmt":"2021-02-09T11:02:02","guid":{"rendered":"https:\/\/www.formedia.pl\/sklep\/?post_type=product&#038;p=13603"},"modified":"2026-04-01T08:25:52","modified_gmt":"2026-04-01T06:25:52","slug":"kieszen-z-haczykiem-na-ulotke-tworzywo-pet","status":"publish","type":"product","link":"https:\/\/www.formedia.pl\/sklep\/produkt\/kieszen-z-haczykiem-na-ulotke-tworzywo-pet\/","title":{"rendered":"Kiesze\u0144 plakatowa z haczykiem na ulotk\u0119, tworzywo PET 10 szt"},"content":{"rendered":"<h2 align=\"JUSTIFY\"><span style=\"color: #ff6600;\">Chcesz zawiesi\u0107 ulotk\u0119 na drzwiach, w\u00f3zku, p\u00f3\u0142ce?<\/span><\/h2>\n<p align=\"JUSTIFY\">Mamy dla Ciebie uniwersaln\u0105 kiesze\u0144 z haczykiem. Produkt wykonany jest z jednego arkusza tworzywa Pet. Odpowiednio wyprofilowany kszta\u0142t umo\u017cliwia szybkie powieszenie ulotki. Produkt wykonany z dba\u0142o\u015bci\u0105 o funkcjonalno\u015b\u0107 i uniwersalno\u015b\u0107 zastosowania. Mo\u017cesz go powiesi\u0107 gdzie tylko chcesz. Od razu bez zb\u0119dnych narz\u0119dzi, wsz\u0119dzie tam, gdzie masz mo\u017cliwo\u015b\u0107 zaczepienia haczyka. Mo\u017ce to by\u0107 nawet r\u0119ka manekina w Twojej witrynie sklepowej. Wsu\u0144 w kiesze\u0144 plakat A5, A4 i ciesz si\u0119 \u0142atwo\u015bci\u0105 przekazu! Przeznaczona jest do eksponowania wszelkich tre\u015bci informacyjnych np. ulotki, ceny, opis samochodu, rocznik, przebieg itp. Zobacz ca\u0142\u0105 <span style=\"color: #333333;\"><strong><a style=\"color: #333333;\" href=\"https:\/\/www.formedia.pl\/sklep\/kategoria-produktu\/kieszenie\/kieszen-wiszaca-na-ulotki\/\">seri\u0119 kieszeni od Formedia <\/a><\/strong><a style=\"color: #333333;\" href=\"https:\/\/www.formedia.pl\/sklep\/kategoria-produktu\/kieszenie\/kieszen-wiszaca-na-ulotki\/\">i kup to co potrzebujesz<\/a><strong>.<\/strong><\/span><b> <\/b><\/p>\n<p><strong>UWAGA!<\/strong><\/p>\n<ul>\n<li>Na fotografii jest przyk\u0142adowa prezentacja produktu.<\/li>\n<li>Inne wzory, kszta\u0142ty, kolory tworzywa mo\u017cemy wykona\u0107 dla Pa\u0144stwa na zam\u00f3wienie mailowe. Przed z\u0142o\u017ceniem zam\u00f3wienia indywidualnego prosimy o kontakt z naszym biurem obs\u0142ugi klienta w celu ustalenia szczeg\u00f3\u0142\u00f3w:\u00a0<strong><a href=\"tel:+48661036036\">tel. 661 036 036<\/a><\/strong><\/li>\n<li>Oferujemy r\u00f3wnie\u017c znakowanie metod\u0105 grawerowania oraz nadruku utwardzanego \u015bwiat\u0142em UV.<\/li>\n<li>Druk UV wykonujemy m.in. na: plexi, szkle, dibondzie, drewnie, kartonie, metalu, PCV.<\/li>\n<li>Wyroby z plexi zabezpieczone s\u0105 foli\u0105 ochronn\u0105. Przed u\u017cyciem nale\u017cy j\u0105 \u015bci\u0105gn\u0105\u0107.<\/li>\n<li>Sprawd\u017a\u00a0paczk\u0119\u00a0przy kurierze i oce\u0144\u00a0czy zawarto\u015b\u0107\u00a0nie jest uszkodzona! Protok\u00f3\u0142\u00a0szkody jest jedyn\u0105\u00a0podstaw\u0105\u00a0do reklamacji.<\/li>\n<\/ul>\n","protected":false},"excerpt":{"rendered":"<ul>\n<li><strong><span style=\"color: #ff6600;\">Format wk\u0142adu (do wyboru):<\/span> <\/strong>A5, A4<\/li>\n<li><strong><span style=\"color: #ff6600;\">Materia\u0142:<\/span> <\/strong>PET<\/li>\n<li><strong><span style=\"color: #ff6600;\">Grubo\u015b\u0107 tworzywa:<\/span><\/strong> 0,5 mm<\/li>\n<li><strong><span style=\"color: #ff6600;\">Kod produktu:<\/span> <\/strong>KSZ65<\/li>\n<\/ul>\n","protected":false},"featured_media":13606,"template":"","meta":[],"product_brand":[],"product_cat":[825,883],"product_tag":[],"woo-feed-brand":[],"class_list":{"0":"post-13603","1":"product","2":"type-product","3":"status-publish","4":"has-post-thumbnail","6":"product_cat-kieszenie-wiszace","7":"product_cat-kieszenie-z-pet","9":"first","10":"instock","11":"taxable","12":"shipping-taxable","13":"purchasable","14":"product-type-variable"},"yoast_head":"<!-- This site is optimized with the Yoast SEO plugin v27.4 - https:\/\/yoast.com\/product\/yoast-seo-wordpress\/ -->\n<title>Kiesze\u0144 plakatowa z haczykiem na ulotk\u0119, tworzywo PET 10 szt - Formedia<\/title>\n<meta name=\"description\" content=\"Producent wyrob\u00f3w z plexi. Sprawd\u017a Kiesze\u0144 plakatowa z haczykiem na ulotk\u0119, tworzywo PET 10 szt. Indywidualne podej\u015bcie, w\u0142asne studio projektowe. Zapraszamy!\" \/>\n<meta name=\"robots\" content=\"index, follow, max-snippet:-1, max-image-preview:large, max-video-preview:-1\" \/>\n<link rel=\"canonical\" href=\"https:\/\/www.formedia.pl\/sklep\/produkt\/kieszen-z-haczykiem-na-ulotke-tworzywo-pet\/\" \/>\n<meta property=\"og:locale\" content=\"pl_PL\" \/>\n<meta property=\"og:type\" content=\"article\" \/>\n<meta property=\"og:title\" content=\"Kiesze\u0144 plakatowa z haczykiem na ulotk\u0119, tworzywo PET 10 szt - Formedia\" \/>\n<meta property=\"og:description\" content=\"Producent wyrob\u00f3w z plexi. Sprawd\u017a Kiesze\u0144 plakatowa z haczykiem na ulotk\u0119, tworzywo PET 10 szt. Indywidualne podej\u015bcie, w\u0142asne studio projektowe. Zapraszamy!\" \/>\n<meta property=\"og:url\" content=\"https:\/\/www.formedia.pl\/sklep\/produkt\/kieszen-z-haczykiem-na-ulotke-tworzywo-pet\/\" \/>\n<meta property=\"og:site_name\" content=\"Formedia\" \/>\n<meta property=\"article:publisher\" content=\"https:\/\/www.facebook.com\/formedia.bydgoszcz\/\" \/>\n<meta property=\"article:modified_time\" content=\"2026-04-01T06:25:52+00:00\" \/>\n<meta property=\"og:image\" content=\"https:\/\/www.formedia.pl\/sklep\/wp-content\/uploads\/2021\/02\/Kieszen_z_haczykiem_PET-e1614846325297.jpg\" \/>\n\t<meta property=\"og:image:width\" content=\"504\" \/>\n\t<meta property=\"og:image:height\" content=\"504\" \/>\n\t<meta property=\"og:image:type\" content=\"image\/jpeg\" \/>\n<meta name=\"twitter:card\" content=\"summary_large_image\" \/>\n<meta name=\"twitter:label1\" content=\"Szacowany czas czytania\" \/>\n\t<meta name=\"twitter:data1\" content=\"1 minuta\" \/>\n<script type=\"application\/ld+json\" class=\"yoast-schema-graph\">{\"@context\":\"https:\\\/\\\/schema.org\",\"@graph\":[{\"@type\":\"WebPage\",\"@id\":\"https:\\\/\\\/www.formedia.pl\\\/sklep\\\/produkt\\\/kieszen-z-haczykiem-na-ulotke-tworzywo-pet\\\/\",\"url\":\"https:\\\/\\\/www.formedia.pl\\\/sklep\\\/produkt\\\/kieszen-z-haczykiem-na-ulotke-tworzywo-pet\\\/\",\"name\":\"Kiesze\u0144 plakatowa z haczykiem na ulotk\u0119, tworzywo PET 10 szt - Formedia\",\"isPartOf\":{\"@id\":\"https:\\\/\\\/www.formedia.pl\\\/sklep\\\/#website\"},\"primaryImageOfPage\":{\"@id\":\"https:\\\/\\\/www.formedia.pl\\\/sklep\\\/produkt\\\/kieszen-z-haczykiem-na-ulotke-tworzywo-pet\\\/#primaryimage\"},\"image\":{\"@id\":\"https:\\\/\\\/www.formedia.pl\\\/sklep\\\/produkt\\\/kieszen-z-haczykiem-na-ulotke-tworzywo-pet\\\/#primaryimage\"},\"thumbnailUrl\":\"https:\\\/\\\/www.formedia.pl\\\/sklep\\\/wp-content\\\/uploads\\\/2021\\\/02\\\/Kieszen_z_haczykiem_PET-e1614846325297.jpg\",\"datePublished\":\"2021-02-09T11:02:02+00:00\",\"dateModified\":\"2026-04-01T06:25:52+00:00\",\"description\":\"Producent wyrob\u00f3w z plexi. Sprawd\u017a Kiesze\u0144 plakatowa z haczykiem na ulotk\u0119, tworzywo PET 10 szt. Indywidualne podej\u015bcie, w\u0142asne studio projektowe. Zapraszamy!\",\"breadcrumb\":{\"@id\":\"https:\\\/\\\/www.formedia.pl\\\/sklep\\\/produkt\\\/kieszen-z-haczykiem-na-ulotke-tworzywo-pet\\\/#breadcrumb\"},\"inLanguage\":\"pl-PL\",\"potentialAction\":[{\"@type\":\"ReadAction\",\"target\":[\"https:\\\/\\\/www.formedia.pl\\\/sklep\\\/produkt\\\/kieszen-z-haczykiem-na-ulotke-tworzywo-pet\\\/\"]}]},{\"@type\":\"ImageObject\",\"inLanguage\":\"pl-PL\",\"@id\":\"https:\\\/\\\/www.formedia.pl\\\/sklep\\\/produkt\\\/kieszen-z-haczykiem-na-ulotke-tworzywo-pet\\\/#primaryimage\",\"url\":\"https:\\\/\\\/www.formedia.pl\\\/sklep\\\/wp-content\\\/uploads\\\/2021\\\/02\\\/Kieszen_z_haczykiem_PET-e1614846325297.jpg\",\"contentUrl\":\"https:\\\/\\\/www.formedia.pl\\\/sklep\\\/wp-content\\\/uploads\\\/2021\\\/02\\\/Kieszen_z_haczykiem_PET-e1614846325297.jpg\",\"width\":504,\"height\":504,\"caption\":\"tabliczka do zawieszenia z uchwytem na ulotke\"},{\"@type\":\"BreadcrumbList\",\"@id\":\"https:\\\/\\\/www.formedia.pl\\\/sklep\\\/produkt\\\/kieszen-z-haczykiem-na-ulotke-tworzywo-pet\\\/#breadcrumb\",\"itemListElement\":[{\"@type\":\"ListItem\",\"position\":1,\"name\":\"Strona g\u0142\u00f3wna\",\"item\":\"https:\\\/\\\/www.formedia.pl\\\/sklep\\\/\"},{\"@type\":\"ListItem\",\"position\":2,\"name\":\"Sklep\",\"item\":\"https:\\\/\\\/www.formedia.pl\\\/sklep\\\/\"},{\"@type\":\"ListItem\",\"position\":3,\"name\":\"Kiesze\u0144 plakatowa z haczykiem na ulotk\u0119, tworzywo PET 10 szt\"}]},{\"@type\":\"WebSite\",\"@id\":\"https:\\\/\\\/www.formedia.pl\\\/sklep\\\/#website\",\"url\":\"https:\\\/\\\/www.formedia.pl\\\/sklep\\\/\",\"name\":\"Formedia\",\"description\":\"Producent wyrob\u00f3w z tworzyw sztucznych\",\"publisher\":{\"@id\":\"https:\\\/\\\/www.formedia.pl\\\/sklep\\\/#organization\"},\"alternateName\":\"Formedia\",\"potentialAction\":[{\"@type\":\"SearchAction\",\"target\":{\"@type\":\"EntryPoint\",\"urlTemplate\":\"https:\\\/\\\/www.formedia.pl\\\/sklep\\\/?s={search_term_string}\"},\"query-input\":{\"@type\":\"PropertyValueSpecification\",\"valueRequired\":true,\"valueName\":\"search_term_string\"}}],\"inLanguage\":\"pl-PL\"},{\"@type\":\"Organization\",\"@id\":\"https:\\\/\\\/www.formedia.pl\\\/sklep\\\/#organization\",\"name\":\"Formedia\",\"alternateName\":\"Formedia\",\"url\":\"https:\\\/\\\/www.formedia.pl\\\/sklep\\\/\",\"logo\":{\"@type\":\"ImageObject\",\"inLanguage\":\"pl-PL\",\"@id\":\"https:\\\/\\\/www.formedia.pl\\\/sklep\\\/#\\\/schema\\\/logo\\\/image\\\/\",\"url\":\"https:\\\/\\\/www.formedia.pl\\\/sklep\\\/wp-content\\\/uploads\\\/2025\\\/03\\\/1x1cropped-logo-WWW-ForMedia-bialy.png\",\"contentUrl\":\"https:\\\/\\\/www.formedia.pl\\\/sklep\\\/wp-content\\\/uploads\\\/2025\\\/03\\\/1x1cropped-logo-WWW-ForMedia-bialy.png\",\"width\":412,\"height\":412,\"caption\":\"Formedia\"},\"image\":{\"@id\":\"https:\\\/\\\/www.formedia.pl\\\/sklep\\\/#\\\/schema\\\/logo\\\/image\\\/\"},\"sameAs\":[\"https:\\\/\\\/www.facebook.com\\\/formedia.bydgoszcz\\\/\",\"https:\\\/\\\/www.youtube.com\\\/@formedia4306\"]}]}<\/script>\n<!-- \/ Yoast SEO plugin. -->","yoast_head_json":{"title":"Kiesze\u0144 plakatowa z haczykiem na ulotk\u0119, tworzywo PET 10 szt - Formedia","description":"Producent wyrob\u00f3w z plexi. Sprawd\u017a Kiesze\u0144 plakatowa z haczykiem na ulotk\u0119, tworzywo PET 10 szt. Indywidualne podej\u015bcie, w\u0142asne studio projektowe. Zapraszamy!","robots":{"index":"index","follow":"follow","max-snippet":"max-snippet:-1","max-image-preview":"max-image-preview:large","max-video-preview":"max-video-preview:-1"},"canonical":"https:\/\/www.formedia.pl\/sklep\/produkt\/kieszen-z-haczykiem-na-ulotke-tworzywo-pet\/","og_locale":"pl_PL","og_type":"article","og_title":"Kiesze\u0144 plakatowa z haczykiem na ulotk\u0119, tworzywo PET 10 szt - Formedia","og_description":"Producent wyrob\u00f3w z plexi. Sprawd\u017a Kiesze\u0144 plakatowa z haczykiem na ulotk\u0119, tworzywo PET 10 szt. Indywidualne podej\u015bcie, w\u0142asne studio projektowe. Zapraszamy!","og_url":"https:\/\/www.formedia.pl\/sklep\/produkt\/kieszen-z-haczykiem-na-ulotke-tworzywo-pet\/","og_site_name":"Formedia","article_publisher":"https:\/\/www.facebook.com\/formedia.bydgoszcz\/","article_modified_time":"2026-04-01T06:25:52+00:00","og_image":[{"width":504,"height":504,"url":"https:\/\/www.formedia.pl\/sklep\/wp-content\/uploads\/2021\/02\/Kieszen_z_haczykiem_PET-e1614846325297.jpg","type":"image\/jpeg"}],"twitter_card":"summary_large_image","twitter_misc":{"Szacowany czas czytania":"1 minuta"},"schema":{"@context":"https:\/\/schema.org","@graph":[{"@type":"WebPage","@id":"https:\/\/www.formedia.pl\/sklep\/produkt\/kieszen-z-haczykiem-na-ulotke-tworzywo-pet\/","url":"https:\/\/www.formedia.pl\/sklep\/produkt\/kieszen-z-haczykiem-na-ulotke-tworzywo-pet\/","name":"Kiesze\u0144 plakatowa z haczykiem na ulotk\u0119, tworzywo PET 10 szt - Formedia","isPartOf":{"@id":"https:\/\/www.formedia.pl\/sklep\/#website"},"primaryImageOfPage":{"@id":"https:\/\/www.formedia.pl\/sklep\/produkt\/kieszen-z-haczykiem-na-ulotke-tworzywo-pet\/#primaryimage"},"image":{"@id":"https:\/\/www.formedia.pl\/sklep\/produkt\/kieszen-z-haczykiem-na-ulotke-tworzywo-pet\/#primaryimage"},"thumbnailUrl":"https:\/\/www.formedia.pl\/sklep\/wp-content\/uploads\/2021\/02\/Kieszen_z_haczykiem_PET-e1614846325297.jpg","datePublished":"2021-02-09T11:02:02+00:00","dateModified":"2026-04-01T06:25:52+00:00","description":"Producent wyrob\u00f3w z plexi. Sprawd\u017a Kiesze\u0144 plakatowa z haczykiem na ulotk\u0119, tworzywo PET 10 szt. Indywidualne podej\u015bcie, w\u0142asne studio projektowe. Zapraszamy!","breadcrumb":{"@id":"https:\/\/www.formedia.pl\/sklep\/produkt\/kieszen-z-haczykiem-na-ulotke-tworzywo-pet\/#breadcrumb"},"inLanguage":"pl-PL","potentialAction":[{"@type":"ReadAction","target":["https:\/\/www.formedia.pl\/sklep\/produkt\/kieszen-z-haczykiem-na-ulotke-tworzywo-pet\/"]}]},{"@type":"ImageObject","inLanguage":"pl-PL","@id":"https:\/\/www.formedia.pl\/sklep\/produkt\/kieszen-z-haczykiem-na-ulotke-tworzywo-pet\/#primaryimage","url":"https:\/\/www.formedia.pl\/sklep\/wp-content\/uploads\/2021\/02\/Kieszen_z_haczykiem_PET-e1614846325297.jpg","contentUrl":"https:\/\/www.formedia.pl\/sklep\/wp-content\/uploads\/2021\/02\/Kieszen_z_haczykiem_PET-e1614846325297.jpg","width":504,"height":504,"caption":"tabliczka do zawieszenia z uchwytem na ulotke"},{"@type":"BreadcrumbList","@id":"https:\/\/www.formedia.pl\/sklep\/produkt\/kieszen-z-haczykiem-na-ulotke-tworzywo-pet\/#breadcrumb","itemListElement":[{"@type":"ListItem","position":1,"name":"Strona g\u0142\u00f3wna","item":"https:\/\/www.formedia.pl\/sklep\/"},{"@type":"ListItem","position":2,"name":"Sklep","item":"https:\/\/www.formedia.pl\/sklep\/"},{"@type":"ListItem","position":3,"name":"Kiesze\u0144 plakatowa z haczykiem na ulotk\u0119, tworzywo PET 10 szt"}]},{"@type":"WebSite","@id":"https:\/\/www.formedia.pl\/sklep\/#website","url":"https:\/\/www.formedia.pl\/sklep\/","name":"Formedia","description":"Producent wyrob\u00f3w z tworzyw sztucznych","publisher":{"@id":"https:\/\/www.formedia.pl\/sklep\/#organization"},"alternateName":"Formedia","potentialAction":[{"@type":"SearchAction","target":{"@type":"EntryPoint","urlTemplate":"https:\/\/www.formedia.pl\/sklep\/?s={search_term_string}"},"query-input":{"@type":"PropertyValueSpecification","valueRequired":true,"valueName":"search_term_string"}}],"inLanguage":"pl-PL"},{"@type":"Organization","@id":"https:\/\/www.formedia.pl\/sklep\/#organization","name":"Formedia","alternateName":"Formedia","url":"https:\/\/www.formedia.pl\/sklep\/","logo":{"@type":"ImageObject","inLanguage":"pl-PL","@id":"https:\/\/www.formedia.pl\/sklep\/#\/schema\/logo\/image\/","url":"https:\/\/www.formedia.pl\/sklep\/wp-content\/uploads\/2025\/03\/1x1cropped-logo-WWW-ForMedia-bialy.png","contentUrl":"https:\/\/www.formedia.pl\/sklep\/wp-content\/uploads\/2025\/03\/1x1cropped-logo-WWW-ForMedia-bialy.png","width":412,"height":412,"caption":"Formedia"},"image":{"@id":"https:\/\/www.formedia.pl\/sklep\/#\/schema\/logo\/image\/"},"sameAs":["https:\/\/www.facebook.com\/formedia.bydgoszcz\/","https:\/\/www.youtube.com\/@formedia4306"]}]}},"_links":{"self":[{"href":"https:\/\/www.formedia.pl\/sklep\/wp-json\/wp\/v2\/product\/13603","targetHints":{"allow":["GET"]}}],"collection":[{"href":"https:\/\/www.formedia.pl\/sklep\/wp-json\/wp\/v2\/product"}],"about":[{"href":"https:\/\/www.formedia.pl\/sklep\/wp-json\/wp\/v2\/types\/product"}],"wp:featuredmedia":[{"embeddable":true,"href":"https:\/\/www.formedia.pl\/sklep\/wp-json\/wp\/v2\/media\/13606"}],"wp:attachment":[{"href":"https:\/\/www.formedia.pl\/sklep\/wp-json\/wp\/v2\/media?parent=13603"}],"wp:term":[{"taxonomy":"product_brand","embeddable":true,"href":"https:\/\/www.formedia.pl\/sklep\/wp-json\/wp\/v2\/product_brand?post=13603"},{"taxonomy":"product_cat","embeddable":true,"href":"https:\/\/www.formedia.pl\/sklep\/wp-json\/wp\/v2\/product_cat?post=13603"},{"taxonomy":"product_tag","embeddable":true,"href":"https:\/\/www.formedia.pl\/sklep\/wp-json\/wp\/v2\/product_tag?post=13603"},{"taxonomy":"woo-feed-brand","embeddable":true,"href":"https:\/\/www.formedia.pl\/sklep\/wp-json\/wp\/v2\/woo-feed-brand?post=13603"}],"curies":[{"name":"wp","href":"https:\/\/api.w.org\/{rel}","templated":true}]}}