{"id":13880,"date":"2021-02-17T11:17:13","date_gmt":"2021-02-17T10:17:13","guid":{"rendered":"https:\/\/www.formedia.pl\/sklep\/?post_type=product&#038;p=13880"},"modified":"2026-04-01T08:26:12","modified_gmt":"2026-04-01T06:26:12","slug":"display-podajnik-na-wafle-do-lodow-kopia","status":"publish","type":"product","link":"https:\/\/www.formedia.pl\/sklep\/produkt\/display-podajnik-na-wafle-do-lodow-kopia\/","title":{"rendered":"Display, podajnik na wafle do lod\u00f3w"},"content":{"rendered":"<h2 align=\"JUSTIFY\"><span style=\"color: #ff6600;\">Dyspozytor do sze\u015bciu s\u0142upk\u00f3w wafli na lody<\/span><\/h2>\n<p align=\"JUSTIFY\">Podajnik do lod\u00f3w to praktyczne rozwi\u0105zanie w ka\u017cdej lodziarni i cukierni. Estetyczne wykonanie w bezbarwnej plexi podkre\u015blaj\u0105 b\u0142yszcz\u0105ce kraw\u0119dzie uzyskane przez ci\u0119cie laserem. Idealnie zorganizuje przestrze\u0144 w miejscu pracy.\u00a0 Zajmuje miej miejsca, u\u0142atwiaj\u0105c prace pracownikom. Organizuje czas pracy, wydawanie lod\u00f3w b\u0119dzie trwa\u0142o szybciej.<\/p>\n<p><strong>Wybieraj\u0105c podajnik na wafle od Formedia zyskasz:<\/strong><\/p>\n<ul>\n<li>Podajnik na trzy rodzaje wafli<\/li>\n<li>U\u0142o\u017cenie wieczkiem do g\u00f3ry u\u0142atwiaj\u0105ce szybkie pobieranie wafelk\u00f3w<\/li>\n<li>Pomoc w ekspozycji i wydawaniu towaru<\/li>\n<li>Stabilny podajnik<\/li>\n<li>Mo\u017cliwo\u015b\u0107 wykonania personalizacji np. druk logo<\/li>\n<li>Produkt polskiego renomowanego producenta Formedia<\/li>\n<\/ul>\n<p><strong>Chcesz by\u0107 jeszcze bardziej oryginalny?<\/strong><\/p>\n<p>Jeste\u015bmy producentem materia\u0142\u00f3w promocyjnych.<strong> Prze\u015blij nam grafik\u0119, a my wydrukujemy j\u0105 bezpo\u015brednio na wybranym przez Ciebie produkcie.<\/strong> Druk utwardzany jest \u015bwiat\u0142em UV, co zapewnia jego wysok\u0105 jako\u015b\u0107. Druk UV wykonujemy m.in. na: plexi, szkle, dibondzie, drewnie, kartonie, metalu, PCV. Oferujemy r\u00f3wnie\u017c znakowanie produktu metod\u0105 grawerowania. <strong><span style=\"font-size: large; font-family: Calibri, sans-serif; color: #000000;\">Je\u015bli masz pomys\u0142 na sw\u00f3j kszta\u0142t, bez problemu wytniemy go dla Ciebie.<\/span><\/strong><\/p>\n<p><span style=\"color: #ff0000;\"><strong>UWAGA!<\/strong><\/span><\/p>\n<p><span style=\"color: #ff0000;\">Nie nale\u017cy czy\u015bci\u0107 produkt\u00f3w z pleksi \u015brodkami na bazie alkoholu (np. spirytus, denaturat), poniewa\u017c mog\u0105 one powodowa\u0107 mikrop\u0119kni\u0119cia i zmatowienie powierzchni. Zamiast tego, do czyszczenia zaleca si\u0119 stosowanie ciep\u0142ej wody z myd\u0142em lub specjalistycznych preparat\u00f3w przeznaczonych do tworzyw sztucznych, a do przecierania u\u017cywa\u0107 mi\u0119kkiej \u015bciereczki z mikrofibry.<span class=\"uJ19be notranslate\" data-wiz-uids=\"WcvRbd_b,WcvRbd_c,WcvRbd_d\"><span class=\"vKEkVd\" data-animation-atomic=\"\">\u00a0<\/span><\/span><\/span><\/p>\n<p><strong>UWAGA!<\/strong><b><\/b><\/p>\n<ul>\n<li>Na fotografii jest przyk\u0142adowa prezentacja produktu.<\/li>\n<li>Inne wzory, kszta\u0142ty, kolory tworzywa mo\u017cemy wykona\u0107 dla Pa\u0144stwa na zam\u00f3wienie mailowe. Przed z\u0142o\u017ceniem zam\u00f3wienia indywidualnego prosimy o kontakt z naszym biurem obs\u0142ugi klienta w celu ustalenia szczeg\u00f3\u0142\u00f3w:\u00a0<strong><a href=\"tel:+48661036036\">tel. 661 036 036<\/a><\/strong><\/li>\n<li>Oferujemy r\u00f3wnie\u017c znakowanie metod\u0105 grawerowania oraz nadruku utwardzanego \u015bwiat\u0142em UV.<\/li>\n<li>Druk UV wykonujemy m.in. na: plexi, szkle, dibondzie, drewnie, kartonie, metalu, PCV.<\/li>\n<li>Wyroby z plexi zabezpieczone s\u0105 foli\u0105 ochronn\u0105. Przed u\u017cyciem nale\u017cy j\u0105 \u015bci\u0105gn\u0105\u0107.<\/li>\n<li>Sprawd\u017a\u00a0paczk\u0119\u00a0przy kurierze i oce\u0144\u00a0czy zawarto\u015b\u0107\u00a0nie jest uszkodzona! Protok\u00f3\u0142\u00a0szkody jest jedyn\u0105\u00a0podstaw\u0105\u00a0do reklamacji.<\/li>\n<\/ul>\n","protected":false},"excerpt":{"rendered":"<ul>\n<li><span style=\"color: #000000;\"><span style=\"font-family: Calibri, sans-serif;\"><span style=\"font-size: large;\"><strong><span style=\"color: #ff6600;\">Wymiary produktu (d\u0142. x szer. x wys.): <\/span><\/strong><\/span><\/span><\/span>195 x 285 x 500 mm lub 195 x 285 x 400 mm<\/li>\n<li><strong><span style=\"color: #ff6600;\"><span style=\"font-family: Calibri, sans-serif;\"><span style=\"font-size: large;\">Ilo\u015b\u0107 miejsc w podajniku:<\/span><\/span><\/span><\/strong> sze\u015b\u0107 wypust\u00f3w, 2x 60 mm, 2x 90 mm, 2x 105 mm<\/li>\n<li><strong><span style=\"color: #ff6600;\"><span style=\"font-family: Calibri, sans-serif;\"><span style=\"font-size: large;\">Przeznaczenie:<\/span><\/span><\/span><\/strong> do wafli od lod\u00f3w<\/li>\n<li><strong><span style=\"color: #ff6600;\"><span style=\"font-family: Calibri, sans-serif;\"><span style=\"font-size: large;\">Materia\u0142: <\/span><\/span><\/span><\/strong>\u015bcianki plexi bezbarwna 3 mm, podstawa wraz z sze\u015bcioma wypustami plexi 5 mm<\/li>\n<li><strong><span style=\"color: #ff6600;\"><span style=\"font-family: Calibri, sans-serif;\"><span style=\"font-size: large;\">Kod produktu: <\/span><\/span><\/span><\/strong>SDGL9<\/li>\n<li>Plexi u\u017cyta do stworzenia produktu posiada atest do kontaktu z \u017cywno\u015bci\u0105<\/li>\n<\/ul>\n","protected":false},"featured_media":16004,"template":"","meta":[],"product_brand":[],"product_cat":[894,886,826],"product_tag":[],"woo-feed-brand":[],"class_list":{"0":"post-13880","1":"product","2":"type-product","3":"status-publish","4":"has-post-thumbnail","6":"product_cat-branza-spozywcza","7":"product_cat-podajniki-na-wafle","8":"product_cat-wyposazenie-dla-horeca","10":"first","11":"instock","12":"taxable","13":"shipping-taxable","14":"purchasable","15":"product-type-variable"},"yoast_head":"<!-- This site is optimized with the Yoast SEO plugin v27.5 - https:\/\/yoast.com\/product\/yoast-seo-wordpress\/ -->\n<title>Display, podajnik na wafle do lod\u00f3w - Formedia<\/title>\n<meta name=\"description\" content=\"Producent wyrob\u00f3w z plexi. Sprawd\u017a Display, podajnik na wafle do lod\u00f3w. Indywidualne podej\u015bcie, w\u0142asne studio projektowe. Zapraszamy!\" \/>\n<meta name=\"robots\" content=\"index, follow, max-snippet:-1, max-image-preview:large, max-video-preview:-1\" \/>\n<link rel=\"canonical\" href=\"https:\/\/www.formedia.pl\/sklep\/produkt\/display-podajnik-na-wafle-do-lodow-kopia\/\" \/>\n<meta property=\"og:locale\" content=\"pl_PL\" \/>\n<meta property=\"og:type\" content=\"article\" \/>\n<meta property=\"og:title\" content=\"Display, podajnik na wafle do lod\u00f3w - Formedia\" \/>\n<meta property=\"og:description\" content=\"Producent wyrob\u00f3w z plexi. Sprawd\u017a Display, podajnik na wafle do lod\u00f3w. Indywidualne podej\u015bcie, w\u0142asne studio projektowe. Zapraszamy!\" \/>\n<meta property=\"og:url\" content=\"https:\/\/www.formedia.pl\/sklep\/produkt\/display-podajnik-na-wafle-do-lodow-kopia\/\" \/>\n<meta property=\"og:site_name\" content=\"Formedia\" \/>\n<meta property=\"article:publisher\" content=\"https:\/\/www.facebook.com\/formedia.bydgoszcz\/\" \/>\n<meta property=\"article:modified_time\" content=\"2026-04-01T06:26:12+00:00\" \/>\n<meta property=\"og:image\" content=\"https:\/\/www.formedia.pl\/sklep\/wp-content\/uploads\/2021\/02\/stojak-dyspozytor-z-plexi-na-szesc-wafli.jpg\" \/>\n\t<meta property=\"og:image:width\" content=\"500\" \/>\n\t<meta property=\"og:image:height\" content=\"500\" \/>\n\t<meta property=\"og:image:type\" content=\"image\/jpeg\" \/>\n<meta name=\"twitter:card\" content=\"summary_large_image\" \/>\n<meta name=\"twitter:label1\" content=\"Szacowany czas czytania\" \/>\n\t<meta name=\"twitter:data1\" content=\"2 minuty\" \/>\n<script type=\"application\/ld+json\" class=\"yoast-schema-graph\">{\"@context\":\"https:\\\/\\\/schema.org\",\"@graph\":[{\"@type\":\"WebPage\",\"@id\":\"https:\\\/\\\/www.formedia.pl\\\/sklep\\\/produkt\\\/display-podajnik-na-wafle-do-lodow-kopia\\\/\",\"url\":\"https:\\\/\\\/www.formedia.pl\\\/sklep\\\/produkt\\\/display-podajnik-na-wafle-do-lodow-kopia\\\/\",\"name\":\"Display, podajnik na wafle do lod\u00f3w - Formedia\",\"isPartOf\":{\"@id\":\"https:\\\/\\\/www.formedia.pl\\\/sklep\\\/#website\"},\"primaryImageOfPage\":{\"@id\":\"https:\\\/\\\/www.formedia.pl\\\/sklep\\\/produkt\\\/display-podajnik-na-wafle-do-lodow-kopia\\\/#primaryimage\"},\"image\":{\"@id\":\"https:\\\/\\\/www.formedia.pl\\\/sklep\\\/produkt\\\/display-podajnik-na-wafle-do-lodow-kopia\\\/#primaryimage\"},\"thumbnailUrl\":\"https:\\\/\\\/www.formedia.pl\\\/sklep\\\/wp-content\\\/uploads\\\/2021\\\/02\\\/stojak-dyspozytor-z-plexi-na-szesc-wafli.jpg\",\"datePublished\":\"2021-02-17T10:17:13+00:00\",\"dateModified\":\"2026-04-01T06:26:12+00:00\",\"description\":\"Producent wyrob\u00f3w z plexi. Sprawd\u017a Display, podajnik na wafle do lod\u00f3w. Indywidualne podej\u015bcie, w\u0142asne studio projektowe. Zapraszamy!\",\"breadcrumb\":{\"@id\":\"https:\\\/\\\/www.formedia.pl\\\/sklep\\\/produkt\\\/display-podajnik-na-wafle-do-lodow-kopia\\\/#breadcrumb\"},\"inLanguage\":\"pl-PL\",\"potentialAction\":[{\"@type\":\"ReadAction\",\"target\":[\"https:\\\/\\\/www.formedia.pl\\\/sklep\\\/produkt\\\/display-podajnik-na-wafle-do-lodow-kopia\\\/\"]}]},{\"@type\":\"ImageObject\",\"inLanguage\":\"pl-PL\",\"@id\":\"https:\\\/\\\/www.formedia.pl\\\/sklep\\\/produkt\\\/display-podajnik-na-wafle-do-lodow-kopia\\\/#primaryimage\",\"url\":\"https:\\\/\\\/www.formedia.pl\\\/sklep\\\/wp-content\\\/uploads\\\/2021\\\/02\\\/stojak-dyspozytor-z-plexi-na-szesc-wafli.jpg\",\"contentUrl\":\"https:\\\/\\\/www.formedia.pl\\\/sklep\\\/wp-content\\\/uploads\\\/2021\\\/02\\\/stojak-dyspozytor-z-plexi-na-szesc-wafli.jpg\",\"width\":500,\"height\":500,\"caption\":\"podajnik z plexi na wafle\"},{\"@type\":\"BreadcrumbList\",\"@id\":\"https:\\\/\\\/www.formedia.pl\\\/sklep\\\/produkt\\\/display-podajnik-na-wafle-do-lodow-kopia\\\/#breadcrumb\",\"itemListElement\":[{\"@type\":\"ListItem\",\"position\":1,\"name\":\"Strona g\u0142\u00f3wna\",\"item\":\"https:\\\/\\\/www.formedia.pl\\\/sklep\\\/\"},{\"@type\":\"ListItem\",\"position\":2,\"name\":\"Sklep\",\"item\":\"https:\\\/\\\/www.formedia.pl\\\/sklep\\\/\"},{\"@type\":\"ListItem\",\"position\":3,\"name\":\"Display, podajnik na wafle do lod\u00f3w\"}]},{\"@type\":\"WebSite\",\"@id\":\"https:\\\/\\\/www.formedia.pl\\\/sklep\\\/#website\",\"url\":\"https:\\\/\\\/www.formedia.pl\\\/sklep\\\/\",\"name\":\"Formedia\",\"description\":\"Producent wyrob\u00f3w z tworzyw sztucznych\",\"publisher\":{\"@id\":\"https:\\\/\\\/www.formedia.pl\\\/sklep\\\/#organization\"},\"alternateName\":\"Formedia\",\"potentialAction\":[{\"@type\":\"SearchAction\",\"target\":{\"@type\":\"EntryPoint\",\"urlTemplate\":\"https:\\\/\\\/www.formedia.pl\\\/sklep\\\/?s={search_term_string}\"},\"query-input\":{\"@type\":\"PropertyValueSpecification\",\"valueRequired\":true,\"valueName\":\"search_term_string\"}}],\"inLanguage\":\"pl-PL\"},{\"@type\":\"Organization\",\"@id\":\"https:\\\/\\\/www.formedia.pl\\\/sklep\\\/#organization\",\"name\":\"Formedia\",\"alternateName\":\"Formedia\",\"url\":\"https:\\\/\\\/www.formedia.pl\\\/sklep\\\/\",\"logo\":{\"@type\":\"ImageObject\",\"inLanguage\":\"pl-PL\",\"@id\":\"https:\\\/\\\/www.formedia.pl\\\/sklep\\\/#\\\/schema\\\/logo\\\/image\\\/\",\"url\":\"https:\\\/\\\/www.formedia.pl\\\/sklep\\\/wp-content\\\/uploads\\\/2025\\\/03\\\/1x1cropped-logo-WWW-ForMedia-bialy.png\",\"contentUrl\":\"https:\\\/\\\/www.formedia.pl\\\/sklep\\\/wp-content\\\/uploads\\\/2025\\\/03\\\/1x1cropped-logo-WWW-ForMedia-bialy.png\",\"width\":412,\"height\":412,\"caption\":\"Formedia\"},\"image\":{\"@id\":\"https:\\\/\\\/www.formedia.pl\\\/sklep\\\/#\\\/schema\\\/logo\\\/image\\\/\"},\"sameAs\":[\"https:\\\/\\\/www.facebook.com\\\/formedia.bydgoszcz\\\/\",\"https:\\\/\\\/www.youtube.com\\\/@formedia4306\"]}]}<\/script>\n<!-- \/ Yoast SEO plugin. -->","yoast_head_json":{"title":"Display, podajnik na wafle do lod\u00f3w - Formedia","description":"Producent wyrob\u00f3w z plexi. Sprawd\u017a Display, podajnik na wafle do lod\u00f3w. Indywidualne podej\u015bcie, w\u0142asne studio projektowe. Zapraszamy!","robots":{"index":"index","follow":"follow","max-snippet":"max-snippet:-1","max-image-preview":"max-image-preview:large","max-video-preview":"max-video-preview:-1"},"canonical":"https:\/\/www.formedia.pl\/sklep\/produkt\/display-podajnik-na-wafle-do-lodow-kopia\/","og_locale":"pl_PL","og_type":"article","og_title":"Display, podajnik na wafle do lod\u00f3w - Formedia","og_description":"Producent wyrob\u00f3w z plexi. Sprawd\u017a Display, podajnik na wafle do lod\u00f3w. Indywidualne podej\u015bcie, w\u0142asne studio projektowe. Zapraszamy!","og_url":"https:\/\/www.formedia.pl\/sklep\/produkt\/display-podajnik-na-wafle-do-lodow-kopia\/","og_site_name":"Formedia","article_publisher":"https:\/\/www.facebook.com\/formedia.bydgoszcz\/","article_modified_time":"2026-04-01T06:26:12+00:00","og_image":[{"width":500,"height":500,"url":"https:\/\/www.formedia.pl\/sklep\/wp-content\/uploads\/2021\/02\/stojak-dyspozytor-z-plexi-na-szesc-wafli.jpg","type":"image\/jpeg"}],"twitter_card":"summary_large_image","twitter_misc":{"Szacowany czas czytania":"2 minuty"},"schema":{"@context":"https:\/\/schema.org","@graph":[{"@type":"WebPage","@id":"https:\/\/www.formedia.pl\/sklep\/produkt\/display-podajnik-na-wafle-do-lodow-kopia\/","url":"https:\/\/www.formedia.pl\/sklep\/produkt\/display-podajnik-na-wafle-do-lodow-kopia\/","name":"Display, podajnik na wafle do lod\u00f3w - Formedia","isPartOf":{"@id":"https:\/\/www.formedia.pl\/sklep\/#website"},"primaryImageOfPage":{"@id":"https:\/\/www.formedia.pl\/sklep\/produkt\/display-podajnik-na-wafle-do-lodow-kopia\/#primaryimage"},"image":{"@id":"https:\/\/www.formedia.pl\/sklep\/produkt\/display-podajnik-na-wafle-do-lodow-kopia\/#primaryimage"},"thumbnailUrl":"https:\/\/www.formedia.pl\/sklep\/wp-content\/uploads\/2021\/02\/stojak-dyspozytor-z-plexi-na-szesc-wafli.jpg","datePublished":"2021-02-17T10:17:13+00:00","dateModified":"2026-04-01T06:26:12+00:00","description":"Producent wyrob\u00f3w z plexi. Sprawd\u017a Display, podajnik na wafle do lod\u00f3w. Indywidualne podej\u015bcie, w\u0142asne studio projektowe. Zapraszamy!","breadcrumb":{"@id":"https:\/\/www.formedia.pl\/sklep\/produkt\/display-podajnik-na-wafle-do-lodow-kopia\/#breadcrumb"},"inLanguage":"pl-PL","potentialAction":[{"@type":"ReadAction","target":["https:\/\/www.formedia.pl\/sklep\/produkt\/display-podajnik-na-wafle-do-lodow-kopia\/"]}]},{"@type":"ImageObject","inLanguage":"pl-PL","@id":"https:\/\/www.formedia.pl\/sklep\/produkt\/display-podajnik-na-wafle-do-lodow-kopia\/#primaryimage","url":"https:\/\/www.formedia.pl\/sklep\/wp-content\/uploads\/2021\/02\/stojak-dyspozytor-z-plexi-na-szesc-wafli.jpg","contentUrl":"https:\/\/www.formedia.pl\/sklep\/wp-content\/uploads\/2021\/02\/stojak-dyspozytor-z-plexi-na-szesc-wafli.jpg","width":500,"height":500,"caption":"podajnik z plexi na wafle"},{"@type":"BreadcrumbList","@id":"https:\/\/www.formedia.pl\/sklep\/produkt\/display-podajnik-na-wafle-do-lodow-kopia\/#breadcrumb","itemListElement":[{"@type":"ListItem","position":1,"name":"Strona g\u0142\u00f3wna","item":"https:\/\/www.formedia.pl\/sklep\/"},{"@type":"ListItem","position":2,"name":"Sklep","item":"https:\/\/www.formedia.pl\/sklep\/"},{"@type":"ListItem","position":3,"name":"Display, podajnik na wafle do lod\u00f3w"}]},{"@type":"WebSite","@id":"https:\/\/www.formedia.pl\/sklep\/#website","url":"https:\/\/www.formedia.pl\/sklep\/","name":"Formedia","description":"Producent wyrob\u00f3w z tworzyw sztucznych","publisher":{"@id":"https:\/\/www.formedia.pl\/sklep\/#organization"},"alternateName":"Formedia","potentialAction":[{"@type":"SearchAction","target":{"@type":"EntryPoint","urlTemplate":"https:\/\/www.formedia.pl\/sklep\/?s={search_term_string}"},"query-input":{"@type":"PropertyValueSpecification","valueRequired":true,"valueName":"search_term_string"}}],"inLanguage":"pl-PL"},{"@type":"Organization","@id":"https:\/\/www.formedia.pl\/sklep\/#organization","name":"Formedia","alternateName":"Formedia","url":"https:\/\/www.formedia.pl\/sklep\/","logo":{"@type":"ImageObject","inLanguage":"pl-PL","@id":"https:\/\/www.formedia.pl\/sklep\/#\/schema\/logo\/image\/","url":"https:\/\/www.formedia.pl\/sklep\/wp-content\/uploads\/2025\/03\/1x1cropped-logo-WWW-ForMedia-bialy.png","contentUrl":"https:\/\/www.formedia.pl\/sklep\/wp-content\/uploads\/2025\/03\/1x1cropped-logo-WWW-ForMedia-bialy.png","width":412,"height":412,"caption":"Formedia"},"image":{"@id":"https:\/\/www.formedia.pl\/sklep\/#\/schema\/logo\/image\/"},"sameAs":["https:\/\/www.facebook.com\/formedia.bydgoszcz\/","https:\/\/www.youtube.com\/@formedia4306"]}]}},"_links":{"self":[{"href":"https:\/\/www.formedia.pl\/sklep\/wp-json\/wp\/v2\/product\/13880","targetHints":{"allow":["GET"]}}],"collection":[{"href":"https:\/\/www.formedia.pl\/sklep\/wp-json\/wp\/v2\/product"}],"about":[{"href":"https:\/\/www.formedia.pl\/sklep\/wp-json\/wp\/v2\/types\/product"}],"wp:featuredmedia":[{"embeddable":true,"href":"https:\/\/www.formedia.pl\/sklep\/wp-json\/wp\/v2\/media\/16004"}],"wp:attachment":[{"href":"https:\/\/www.formedia.pl\/sklep\/wp-json\/wp\/v2\/media?parent=13880"}],"wp:term":[{"taxonomy":"product_brand","embeddable":true,"href":"https:\/\/www.formedia.pl\/sklep\/wp-json\/wp\/v2\/product_brand?post=13880"},{"taxonomy":"product_cat","embeddable":true,"href":"https:\/\/www.formedia.pl\/sklep\/wp-json\/wp\/v2\/product_cat?post=13880"},{"taxonomy":"product_tag","embeddable":true,"href":"https:\/\/www.formedia.pl\/sklep\/wp-json\/wp\/v2\/product_tag?post=13880"},{"taxonomy":"woo-feed-brand","embeddable":true,"href":"https:\/\/www.formedia.pl\/sklep\/wp-json\/wp\/v2\/woo-feed-brand?post=13880"}],"curies":[{"name":"wp","href":"https:\/\/api.w.org\/{rel}","templated":true}]}}