{"id":15127,"date":"2021-04-19T14:43:23","date_gmt":"2021-04-19T12:43:23","guid":{"rendered":"https:\/\/www.formedia.pl\/sklep\/?post_type=product&#038;p=15127"},"modified":"2026-04-01T08:26:06","modified_gmt":"2026-04-01T06:26:06","slug":"gablota-z-plexi-do-cukierkow-na-lade","status":"publish","type":"product","link":"https:\/\/www.formedia.pl\/sklep\/produkt\/gablota-z-plexi-do-cukierkow-na-lade\/","title":{"rendered":"Podw\u00f3jna gablota z plexi do cukierk\u00f3w na lad\u0119 z miejscem na \u0142opatk\u0119"},"content":{"rendered":"<h2 align=\"JUSTIFY\"><span style=\"color: #ff6600;\">Zamykany pojemnik komorami<\/span><\/h2>\n<p align=\"JUSTIFY\">Podw\u00f3jny pojemnik na s\u0142odycze jest doskona\u0142ym narz\u0119dziem handlowym dla wszelkich punkt\u00f3w sprzeda\u017cy detalicznej jak np. sklepy wielobran\u017cowe, supermarkety, stacje benzynowe, kawiarnie. W pude\u0142ku z plexi mo\u017cna zamie\u015bci\u0107 lu\u017ane przedmioty, takie jak gumy w kulkach, \u017celki, cukierki, czekoladki, lizaki, bakalie, zapakowane przek\u0105ski, breloczki do kluczy lub wiele innych rodzaj\u00f3w drobnych towar\u00f3w. Dyspozytor do s\u0142odyczy jest idealny do stosowania na blatach, sto\u0142ach, rega\u0142ach. Posiada wmontowane miejsce do odk\u0142adania \u0142opatki, \u0142y\u017cki do nabierania towar\u00f3w.<\/p>\n<p align=\"JUSTIFY\">Punkty sprzeda\u017cy, takie jak kasy sklepowe wykorzystuj\u0105 tego rodzaju dyspozytory. Maj\u0105 one za zadanie prezentowa\u0107 kupuj\u0105cym produkty, kt\u00f3re mog\u0105 zakupi\u0107 pod wp\u0142ywem impulsu co wp\u0142ywa korzystnie na sprzeda\u017c POP, zach\u0119caj\u0105c klient\u00f3w dokonuj\u0105cych zakup\u00f3w do kupienia nie uj\u0119tego w li\u015bcie zakup\u00f3w towaru. Dodatkowo, skorzystanie z tego pojemnika jest korzystne dla bufet\u00f3w z deserami na bankietach, degustacjach, weselach lub innych imprezach cateringowych.<\/p>\n<p align=\"JUSTIFY\">Ten pojemnik na cukierki, znany r\u00f3wnie\u017c jako plastikowy pojemnik na zakupy, zapewnia wielofunkcyjne zastosowanie w wielu \u015brodowiskach. Futera\u0142 z plexi jest dzielony na dwie r\u00f3wne cz\u0119\u015bci, dzi\u0119ki czemu wspomagana jest funkcjonalno\u015b\u0107 produktu. Ka\u017cdy pojemnik na towary zawiera drzwi na zawiasach, kt\u00f3re zakrywaj\u0105 jego zawarto\u015b\u0107, zapewniaj\u0105c przed\u0142u\u017cenie \u015bwie\u017co\u015bci towaru. Ten ekspozytor to urz\u0105dzenie idealne do przechowywania \u017cywno\u015bci i artyku\u0142\u00f3w detalicznych.<\/p>\n<p align=\"JUSTIFY\">Oferujemy szerok\u0105 ofert\u0119 produkt\u00f3w z plexi do wyposa\u017cenia sklep\u00f3w, cukierni, restauracji, hoteli. Gabloty z plexi to praktyczne rozwi\u0105zanie wystawiennicze dla obs\u0142ugi detalicznej. Pojemniki od Formedia s\u0105 funkcjonalne, wykonane z dba\u0142o\u015bci\u0105 o szczeg\u00f3\u0142y. Za dodatkow\u0105 op\u0142at\u0105 mo\u017cliwo\u015b\u0107 personalizacji produktu za pomoc\u0105 graweru, naklejki lub trwa\u0142ego druku UV.<\/p>\n<p><span style=\"color: #ff0000;\"><strong>UWAGA!<\/strong><\/span><\/p>\n<p><span style=\"color: #ff0000;\">Nie nale\u017cy czy\u015bci\u0107 produkt\u00f3w z pleksi \u015brodkami na bazie alkoholu (np. spirytus, denaturat), poniewa\u017c mog\u0105 one powodowa\u0107 mikrop\u0119kni\u0119cia i zmatowienie powierzchni. Zamiast tego, do czyszczenia zaleca si\u0119 stosowanie ciep\u0142ej wody z myd\u0142em lub specjalistycznych preparat\u00f3w przeznaczonych do tworzyw sztucznych, a do przecierania u\u017cywa\u0107 mi\u0119kkiej \u015bciereczki z mikrofibry.<span class=\"uJ19be notranslate\" data-wiz-uids=\"WcvRbd_b,WcvRbd_c,WcvRbd_d\"><span class=\"vKEkVd\" data-animation-atomic=\"\">\u00a0<\/span><\/span><\/span><\/p>\n<p><strong>UWAGA!<\/strong><b><\/b><\/p>\n<ul>\n<li>Na fotografii jest przyk\u0142adowa prezentacja produktu.<\/li>\n<li>Inne wzory, kszta\u0142ty, kolory tworzywa mo\u017cemy wykona\u0107 dla Pa\u0144stwa na zam\u00f3wienie mailowe. Przed z\u0142o\u017ceniem zam\u00f3wienia indywidualnego prosimy o kontakt z naszym biurem obs\u0142ugi klienta w celu ustalenia szczeg\u00f3\u0142\u00f3w:\u00a0<strong><a href=\"tel:+48661036036\">tel. 661 036 036<\/a><\/strong><\/li>\n<li>Oferujemy r\u00f3wnie\u017c znakowanie metod\u0105 grawerowania oraz nadruku utwardzanego \u015bwiat\u0142em UV.<\/li>\n<li>Druk UV wykonujemy m.in. na: plexi, szkle, dibondzie, drewnie, kartonie, metalu, PCV.<\/li>\n<li>Wyroby z plexi zabezpieczone s\u0105 foli\u0105 ochronn\u0105. Przed u\u017cyciem nale\u017cy j\u0105 \u015bci\u0105gn\u0105\u0107.<\/li>\n<li>Sprawd\u017a\u00a0paczk\u0119\u00a0przy kurierze i oce\u0144\u00a0czy zawarto\u015b\u0107\u00a0nie jest uszkodzona! Protok\u00f3\u0142\u00a0szkody jest jedyn\u0105\u00a0podstaw\u0105\u00a0do reklamacji.<\/li>\n<\/ul>\n","protected":false},"excerpt":{"rendered":"<ul>\n<li><strong><span style=\"color: #ff6600;\">Format zewn\u0119trzny (d\u0142. x szer. x wys.):<\/span> <\/strong>250 x 200 x 200 mm<\/li>\n<li><strong><span style=\"color: #ff6600;\">Uszlachetnienie:<\/span><\/strong> druk utwardzany \u015bwiat\u0142em UV; grawer<\/li>\n<li><span style=\"color: #ff6600;\"><strong>Liczba przedzia\u0142\u00f3w:<\/strong><\/span> 2<\/li>\n<li><strong><span style=\"color: #ff6600;\">Kod produktu: <\/span><\/strong>SDG2<\/li>\n<li>Dwukomorowy dozownik z miejscem do odk\u0142adania \u0142opatki<\/li>\n<li>Zamykany pokryw\u0105, os\u0142on\u0105 na zawiasach<\/li>\n<li>Do postawienia na blacie, ladzie, regale, p\u00f3\u0142ce<\/li>\n<li>Konstrukcja z bezbarwnej plexi<\/li>\n<li>Mo\u017cliwo\u015b\u0107 wykonania produktu pod Tw\u00f3j wymiar zewn\u0119trzny<\/li>\n<\/ul>\n","protected":false},"featured_media":15128,"template":"","meta":[],"product_brand":[],"product_cat":[894,885,887,812,826],"product_tag":[],"woo-feed-brand":[],"class_list":{"0":"post-15127","1":"product","2":"type-product","3":"status-publish","4":"has-post-thumbnail","6":"product_cat-branza-spozywcza","7":"product_cat-podajniki-i-dozowniki","8":"product_cat-podajniki-na-cukierki","9":"product_cat-pojemniki","10":"product_cat-wyposazenie-dla-horeca","12":"first","13":"onbackorder","14":"taxable","15":"shipping-taxable","16":"product-type-simple"},"yoast_head":"<!-- This site is optimized with the Yoast SEO plugin v27.5 - https:\/\/yoast.com\/product\/yoast-seo-wordpress\/ -->\n<title>Podw\u00f3jna gablota z plexi do cukierk\u00f3w na lad\u0119 z miejscem na \u0142opatk\u0119 - Formedia<\/title>\n<meta name=\"description\" content=\"Producent wyrob\u00f3w z plexi. Sprawd\u017a Podw\u00f3jna gablota z plexi do cukierk\u00f3w na lad\u0119 z miejscem na \u0142opatk\u0119. Indywidualne podej\u015bcie, w\u0142asne studio projektowe. Zapraszamy!\" \/>\n<meta name=\"robots\" content=\"index, follow, max-snippet:-1, max-image-preview:large, max-video-preview:-1\" \/>\n<link rel=\"canonical\" href=\"https:\/\/www.formedia.pl\/sklep\/produkt\/gablota-z-plexi-do-cukierkow-na-lade\/\" \/>\n<meta property=\"og:locale\" content=\"pl_PL\" \/>\n<meta property=\"og:type\" content=\"article\" \/>\n<meta property=\"og:title\" content=\"Podw\u00f3jna gablota z plexi do cukierk\u00f3w na lad\u0119 z miejscem na \u0142opatk\u0119 - Formedia\" \/>\n<meta property=\"og:description\" content=\"Producent wyrob\u00f3w z plexi. Sprawd\u017a Podw\u00f3jna gablota z plexi do cukierk\u00f3w na lad\u0119 z miejscem na \u0142opatk\u0119. Indywidualne podej\u015bcie, w\u0142asne studio projektowe. Zapraszamy!\" \/>\n<meta property=\"og:url\" content=\"https:\/\/www.formedia.pl\/sklep\/produkt\/gablota-z-plexi-do-cukierkow-na-lade\/\" \/>\n<meta property=\"og:site_name\" content=\"Formedia\" \/>\n<meta property=\"article:publisher\" content=\"https:\/\/www.facebook.com\/formedia.bydgoszcz\/\" \/>\n<meta property=\"article:modified_time\" content=\"2026-04-01T06:26:06+00:00\" \/>\n<meta property=\"og:image\" content=\"https:\/\/www.formedia.pl\/sklep\/wp-content\/uploads\/2021\/04\/gablota-podwojna-z-plexi-na-cukierki-zamykana-do-sklepu-formedia.jpg\" \/>\n\t<meta property=\"og:image:width\" content=\"500\" \/>\n\t<meta property=\"og:image:height\" content=\"500\" \/>\n\t<meta property=\"og:image:type\" content=\"image\/jpeg\" \/>\n<meta name=\"twitter:card\" content=\"summary_large_image\" \/>\n<meta name=\"twitter:label1\" content=\"Szacowany czas czytania\" \/>\n\t<meta name=\"twitter:data1\" content=\"3 minuty\" \/>\n<script type=\"application\/ld+json\" class=\"yoast-schema-graph\">{\"@context\":\"https:\\\/\\\/schema.org\",\"@graph\":[{\"@type\":\"WebPage\",\"@id\":\"https:\\\/\\\/www.formedia.pl\\\/sklep\\\/produkt\\\/gablota-z-plexi-do-cukierkow-na-lade\\\/\",\"url\":\"https:\\\/\\\/www.formedia.pl\\\/sklep\\\/produkt\\\/gablota-z-plexi-do-cukierkow-na-lade\\\/\",\"name\":\"Podw\u00f3jna gablota z plexi do cukierk\u00f3w na lad\u0119 z miejscem na \u0142opatk\u0119 - Formedia\",\"isPartOf\":{\"@id\":\"https:\\\/\\\/www.formedia.pl\\\/sklep\\\/#website\"},\"primaryImageOfPage\":{\"@id\":\"https:\\\/\\\/www.formedia.pl\\\/sklep\\\/produkt\\\/gablota-z-plexi-do-cukierkow-na-lade\\\/#primaryimage\"},\"image\":{\"@id\":\"https:\\\/\\\/www.formedia.pl\\\/sklep\\\/produkt\\\/gablota-z-plexi-do-cukierkow-na-lade\\\/#primaryimage\"},\"thumbnailUrl\":\"https:\\\/\\\/www.formedia.pl\\\/sklep\\\/wp-content\\\/uploads\\\/2021\\\/04\\\/gablota-podwojna-z-plexi-na-cukierki-zamykana-do-sklepu-formedia.jpg\",\"datePublished\":\"2021-04-19T12:43:23+00:00\",\"dateModified\":\"2026-04-01T06:26:06+00:00\",\"description\":\"Producent wyrob\u00f3w z plexi. Sprawd\u017a Podw\u00f3jna gablota z plexi do cukierk\u00f3w na lad\u0119 z miejscem na \u0142opatk\u0119. Indywidualne podej\u015bcie, w\u0142asne studio projektowe. Zapraszamy!\",\"breadcrumb\":{\"@id\":\"https:\\\/\\\/www.formedia.pl\\\/sklep\\\/produkt\\\/gablota-z-plexi-do-cukierkow-na-lade\\\/#breadcrumb\"},\"inLanguage\":\"pl-PL\",\"potentialAction\":[{\"@type\":\"ReadAction\",\"target\":[\"https:\\\/\\\/www.formedia.pl\\\/sklep\\\/produkt\\\/gablota-z-plexi-do-cukierkow-na-lade\\\/\"]}]},{\"@type\":\"ImageObject\",\"inLanguage\":\"pl-PL\",\"@id\":\"https:\\\/\\\/www.formedia.pl\\\/sklep\\\/produkt\\\/gablota-z-plexi-do-cukierkow-na-lade\\\/#primaryimage\",\"url\":\"https:\\\/\\\/www.formedia.pl\\\/sklep\\\/wp-content\\\/uploads\\\/2021\\\/04\\\/gablota-podwojna-z-plexi-na-cukierki-zamykana-do-sklepu-formedia.jpg\",\"contentUrl\":\"https:\\\/\\\/www.formedia.pl\\\/sklep\\\/wp-content\\\/uploads\\\/2021\\\/04\\\/gablota-podwojna-z-plexi-na-cukierki-zamykana-do-sklepu-formedia.jpg\",\"width\":500,\"height\":500,\"caption\":\"podw\u00f3jna gablota na cukierki\"},{\"@type\":\"BreadcrumbList\",\"@id\":\"https:\\\/\\\/www.formedia.pl\\\/sklep\\\/produkt\\\/gablota-z-plexi-do-cukierkow-na-lade\\\/#breadcrumb\",\"itemListElement\":[{\"@type\":\"ListItem\",\"position\":1,\"name\":\"Strona g\u0142\u00f3wna\",\"item\":\"https:\\\/\\\/www.formedia.pl\\\/sklep\\\/\"},{\"@type\":\"ListItem\",\"position\":2,\"name\":\"Sklep\",\"item\":\"https:\\\/\\\/www.formedia.pl\\\/sklep\\\/\"},{\"@type\":\"ListItem\",\"position\":3,\"name\":\"Podw\u00f3jna gablota z plexi do cukierk\u00f3w na lad\u0119 z miejscem na \u0142opatk\u0119\"}]},{\"@type\":\"WebSite\",\"@id\":\"https:\\\/\\\/www.formedia.pl\\\/sklep\\\/#website\",\"url\":\"https:\\\/\\\/www.formedia.pl\\\/sklep\\\/\",\"name\":\"Formedia\",\"description\":\"Producent wyrob\u00f3w z tworzyw sztucznych\",\"publisher\":{\"@id\":\"https:\\\/\\\/www.formedia.pl\\\/sklep\\\/#organization\"},\"alternateName\":\"Formedia\",\"potentialAction\":[{\"@type\":\"SearchAction\",\"target\":{\"@type\":\"EntryPoint\",\"urlTemplate\":\"https:\\\/\\\/www.formedia.pl\\\/sklep\\\/?s={search_term_string}\"},\"query-input\":{\"@type\":\"PropertyValueSpecification\",\"valueRequired\":true,\"valueName\":\"search_term_string\"}}],\"inLanguage\":\"pl-PL\"},{\"@type\":\"Organization\",\"@id\":\"https:\\\/\\\/www.formedia.pl\\\/sklep\\\/#organization\",\"name\":\"Formedia\",\"alternateName\":\"Formedia\",\"url\":\"https:\\\/\\\/www.formedia.pl\\\/sklep\\\/\",\"logo\":{\"@type\":\"ImageObject\",\"inLanguage\":\"pl-PL\",\"@id\":\"https:\\\/\\\/www.formedia.pl\\\/sklep\\\/#\\\/schema\\\/logo\\\/image\\\/\",\"url\":\"https:\\\/\\\/www.formedia.pl\\\/sklep\\\/wp-content\\\/uploads\\\/2025\\\/03\\\/1x1cropped-logo-WWW-ForMedia-bialy.png\",\"contentUrl\":\"https:\\\/\\\/www.formedia.pl\\\/sklep\\\/wp-content\\\/uploads\\\/2025\\\/03\\\/1x1cropped-logo-WWW-ForMedia-bialy.png\",\"width\":412,\"height\":412,\"caption\":\"Formedia\"},\"image\":{\"@id\":\"https:\\\/\\\/www.formedia.pl\\\/sklep\\\/#\\\/schema\\\/logo\\\/image\\\/\"},\"sameAs\":[\"https:\\\/\\\/www.facebook.com\\\/formedia.bydgoszcz\\\/\",\"https:\\\/\\\/www.youtube.com\\\/@formedia4306\"]}]}<\/script>\n<!-- \/ Yoast SEO plugin. -->","yoast_head_json":{"title":"Podw\u00f3jna gablota z plexi do cukierk\u00f3w na lad\u0119 z miejscem na \u0142opatk\u0119 - Formedia","description":"Producent wyrob\u00f3w z plexi. Sprawd\u017a Podw\u00f3jna gablota z plexi do cukierk\u00f3w na lad\u0119 z miejscem na \u0142opatk\u0119. Indywidualne podej\u015bcie, w\u0142asne studio projektowe. Zapraszamy!","robots":{"index":"index","follow":"follow","max-snippet":"max-snippet:-1","max-image-preview":"max-image-preview:large","max-video-preview":"max-video-preview:-1"},"canonical":"https:\/\/www.formedia.pl\/sklep\/produkt\/gablota-z-plexi-do-cukierkow-na-lade\/","og_locale":"pl_PL","og_type":"article","og_title":"Podw\u00f3jna gablota z plexi do cukierk\u00f3w na lad\u0119 z miejscem na \u0142opatk\u0119 - Formedia","og_description":"Producent wyrob\u00f3w z plexi. Sprawd\u017a Podw\u00f3jna gablota z plexi do cukierk\u00f3w na lad\u0119 z miejscem na \u0142opatk\u0119. Indywidualne podej\u015bcie, w\u0142asne studio projektowe. Zapraszamy!","og_url":"https:\/\/www.formedia.pl\/sklep\/produkt\/gablota-z-plexi-do-cukierkow-na-lade\/","og_site_name":"Formedia","article_publisher":"https:\/\/www.facebook.com\/formedia.bydgoszcz\/","article_modified_time":"2026-04-01T06:26:06+00:00","og_image":[{"width":500,"height":500,"url":"https:\/\/www.formedia.pl\/sklep\/wp-content\/uploads\/2021\/04\/gablota-podwojna-z-plexi-na-cukierki-zamykana-do-sklepu-formedia.jpg","type":"image\/jpeg"}],"twitter_card":"summary_large_image","twitter_misc":{"Szacowany czas czytania":"3 minuty"},"schema":{"@context":"https:\/\/schema.org","@graph":[{"@type":"WebPage","@id":"https:\/\/www.formedia.pl\/sklep\/produkt\/gablota-z-plexi-do-cukierkow-na-lade\/","url":"https:\/\/www.formedia.pl\/sklep\/produkt\/gablota-z-plexi-do-cukierkow-na-lade\/","name":"Podw\u00f3jna gablota z plexi do cukierk\u00f3w na lad\u0119 z miejscem na \u0142opatk\u0119 - Formedia","isPartOf":{"@id":"https:\/\/www.formedia.pl\/sklep\/#website"},"primaryImageOfPage":{"@id":"https:\/\/www.formedia.pl\/sklep\/produkt\/gablota-z-plexi-do-cukierkow-na-lade\/#primaryimage"},"image":{"@id":"https:\/\/www.formedia.pl\/sklep\/produkt\/gablota-z-plexi-do-cukierkow-na-lade\/#primaryimage"},"thumbnailUrl":"https:\/\/www.formedia.pl\/sklep\/wp-content\/uploads\/2021\/04\/gablota-podwojna-z-plexi-na-cukierki-zamykana-do-sklepu-formedia.jpg","datePublished":"2021-04-19T12:43:23+00:00","dateModified":"2026-04-01T06:26:06+00:00","description":"Producent wyrob\u00f3w z plexi. Sprawd\u017a Podw\u00f3jna gablota z plexi do cukierk\u00f3w na lad\u0119 z miejscem na \u0142opatk\u0119. Indywidualne podej\u015bcie, w\u0142asne studio projektowe. Zapraszamy!","breadcrumb":{"@id":"https:\/\/www.formedia.pl\/sklep\/produkt\/gablota-z-plexi-do-cukierkow-na-lade\/#breadcrumb"},"inLanguage":"pl-PL","potentialAction":[{"@type":"ReadAction","target":["https:\/\/www.formedia.pl\/sklep\/produkt\/gablota-z-plexi-do-cukierkow-na-lade\/"]}]},{"@type":"ImageObject","inLanguage":"pl-PL","@id":"https:\/\/www.formedia.pl\/sklep\/produkt\/gablota-z-plexi-do-cukierkow-na-lade\/#primaryimage","url":"https:\/\/www.formedia.pl\/sklep\/wp-content\/uploads\/2021\/04\/gablota-podwojna-z-plexi-na-cukierki-zamykana-do-sklepu-formedia.jpg","contentUrl":"https:\/\/www.formedia.pl\/sklep\/wp-content\/uploads\/2021\/04\/gablota-podwojna-z-plexi-na-cukierki-zamykana-do-sklepu-formedia.jpg","width":500,"height":500,"caption":"podw\u00f3jna gablota na cukierki"},{"@type":"BreadcrumbList","@id":"https:\/\/www.formedia.pl\/sklep\/produkt\/gablota-z-plexi-do-cukierkow-na-lade\/#breadcrumb","itemListElement":[{"@type":"ListItem","position":1,"name":"Strona g\u0142\u00f3wna","item":"https:\/\/www.formedia.pl\/sklep\/"},{"@type":"ListItem","position":2,"name":"Sklep","item":"https:\/\/www.formedia.pl\/sklep\/"},{"@type":"ListItem","position":3,"name":"Podw\u00f3jna gablota z plexi do cukierk\u00f3w na lad\u0119 z miejscem na \u0142opatk\u0119"}]},{"@type":"WebSite","@id":"https:\/\/www.formedia.pl\/sklep\/#website","url":"https:\/\/www.formedia.pl\/sklep\/","name":"Formedia","description":"Producent wyrob\u00f3w z tworzyw sztucznych","publisher":{"@id":"https:\/\/www.formedia.pl\/sklep\/#organization"},"alternateName":"Formedia","potentialAction":[{"@type":"SearchAction","target":{"@type":"EntryPoint","urlTemplate":"https:\/\/www.formedia.pl\/sklep\/?s={search_term_string}"},"query-input":{"@type":"PropertyValueSpecification","valueRequired":true,"valueName":"search_term_string"}}],"inLanguage":"pl-PL"},{"@type":"Organization","@id":"https:\/\/www.formedia.pl\/sklep\/#organization","name":"Formedia","alternateName":"Formedia","url":"https:\/\/www.formedia.pl\/sklep\/","logo":{"@type":"ImageObject","inLanguage":"pl-PL","@id":"https:\/\/www.formedia.pl\/sklep\/#\/schema\/logo\/image\/","url":"https:\/\/www.formedia.pl\/sklep\/wp-content\/uploads\/2025\/03\/1x1cropped-logo-WWW-ForMedia-bialy.png","contentUrl":"https:\/\/www.formedia.pl\/sklep\/wp-content\/uploads\/2025\/03\/1x1cropped-logo-WWW-ForMedia-bialy.png","width":412,"height":412,"caption":"Formedia"},"image":{"@id":"https:\/\/www.formedia.pl\/sklep\/#\/schema\/logo\/image\/"},"sameAs":["https:\/\/www.facebook.com\/formedia.bydgoszcz\/","https:\/\/www.youtube.com\/@formedia4306"]}]}},"_links":{"self":[{"href":"https:\/\/www.formedia.pl\/sklep\/wp-json\/wp\/v2\/product\/15127","targetHints":{"allow":["GET"]}}],"collection":[{"href":"https:\/\/www.formedia.pl\/sklep\/wp-json\/wp\/v2\/product"}],"about":[{"href":"https:\/\/www.formedia.pl\/sklep\/wp-json\/wp\/v2\/types\/product"}],"wp:featuredmedia":[{"embeddable":true,"href":"https:\/\/www.formedia.pl\/sklep\/wp-json\/wp\/v2\/media\/15128"}],"wp:attachment":[{"href":"https:\/\/www.formedia.pl\/sklep\/wp-json\/wp\/v2\/media?parent=15127"}],"wp:term":[{"taxonomy":"product_brand","embeddable":true,"href":"https:\/\/www.formedia.pl\/sklep\/wp-json\/wp\/v2\/product_brand?post=15127"},{"taxonomy":"product_cat","embeddable":true,"href":"https:\/\/www.formedia.pl\/sklep\/wp-json\/wp\/v2\/product_cat?post=15127"},{"taxonomy":"product_tag","embeddable":true,"href":"https:\/\/www.formedia.pl\/sklep\/wp-json\/wp\/v2\/product_tag?post=15127"},{"taxonomy":"woo-feed-brand","embeddable":true,"href":"https:\/\/www.formedia.pl\/sklep\/wp-json\/wp\/v2\/woo-feed-brand?post=15127"}],"curies":[{"name":"wp","href":"https:\/\/api.w.org\/{rel}","templated":true}]}}