{"id":15141,"date":"2021-04-19T15:05:52","date_gmt":"2021-04-19T13:05:52","guid":{"rendered":"https:\/\/www.formedia.pl\/sklep\/?post_type=product&#038;p=15141"},"modified":"2026-04-01T08:26:06","modified_gmt":"2026-04-01T06:26:06","slug":"wysoki-pojemnik-gastronomia","status":"publish","type":"product","link":"https:\/\/www.formedia.pl\/sklep\/produkt\/wysoki-pojemnik-gastronomia\/","title":{"rendered":"Wysoki pojemnik na wafle do lod\u00f3w, kubki i \u0142y\u017ceczki jednorazowe do cukierni, lodziarni"},"content":{"rendered":"<h2 align=\"JUSTIFY\"><span style=\"color: #ff6600;\">Dwukomorowy podajnik na wafle z klapk\u0105<\/span><\/h2>\n<p align=\"JUSTIFY\">Ekspozytor, dozownik do stanowisk samoobs\u0142ugowych lub bar\u00f3w, miejsc szybkiej obs\u0142ugi gastronomicznej. Przeznaczony do codziennego stosowania przez klient\u00f3w i pracownik\u00f3w gastronomii. Stanowi wydajne i dost\u0119pne samoobs\u0142ugowe centrum do komercyjnych stacji samoobs\u0142ugowych jak np. miejsca z ekspresem do kawy, herbat\u0105, serwisem do lod\u00f3w.<\/p>\n<p align=\"JUSTIFY\">Dozownik charakteryzuje si\u0119 dwoma praktycznymi przegr\u00f3dkami. Rozmieszczone zosta\u0142y na dw\u00f3ch r\u00f3\u017cnych poziomach. Dzi\u0119ki temu zabiegowi, masz pewno\u015b\u0107, \u017ce Tw\u00f3j asortyment b\u0119dzie \u0142atwo dost\u0119pny i zawsze widoczny dla go\u015bci. Doln\u0105 kiesze\u0144, w kt\u00f3r\u0105 zaopatrzony jest nasz produkt doskonale sprawdza si\u0119 jako podajnik np. na sztuce jednorazowe, \u0142y\u017ceczki, serwetki, przyprawy jak cukier, s\u00f3l, herbata w saszetkach. Posiada wbudowan\u0105 konstrukcj\u0119 na dozowanie kubeczk\u00f3w i wafli na lody.<\/p>\n<p align=\"JUSTIFY\">Ten akrylowy organizer do kawiarni mo\u017cesz postawi\u0107 bezpo\u015brednio na blacie lady, stolika. Doskonale nada si\u0119 do wszelkich miejsc komercyjnych. Wysoka konstrukcja u\u0142atwia za\u0142adowanie wystarczaj\u0105co du\u017cych zapas\u00f3w produktu, dzi\u0119ki kt\u00f3rym unikniesz konieczno\u015bci ci\u0105g\u0142ego za\u0142adowywania towaru w czasie szczytu pracy np. podczas bankietu, pory \u015bniadania, lunchu, obiadu.<\/p>\n<p align=\"JUSTIFY\">Ka\u017cda komora wykonana jest z bezbarwnej plexi, dzi\u0119ki czemu organizer jest \u0142atwiejszy w obs\u0142udze. Spowodowane jest to lepsz\u0105 dost\u0119pno\u015bci\u0105 do produkt\u00f3w. R\u00f3wnie\u017c dzi\u0119ki temu zabiegowi personel obs\u0142uguj\u0105cy dozownik, b\u0119dzie m\u00f3g\u0142 w prosty spos\u00f3b okre\u015bli\u0107, czy pokrywki, kubki lub inne elementy w nim si\u0119 znajduj\u0105ce nie wymagaj\u0105 uzupe\u0142nienia. Dzi\u0119ki Dozownikowi na kubki, serwetki i inne przyrz\u0105dy do obs\u0142ugi bar\u00f3w utrzymasz sw\u00f3j punkt obs\u0142ugi z napojami w harmonii i porz\u0105dku. Twoi klienci z pewno\u015bci\u0105 doceni\u0105 wygod\u0119 jak\u0105 im oferujesz dzi\u0119ki produktowi do prezentacji od Formedia.<\/p>\n<p>Oferujemy szerok\u0105 ofert\u0119 produkt\u00f3w z plexi do wyposa\u017cenia sklep\u00f3w, cukierni, restauracji, hoteli. Gabloty z plexi to praktyczne rozwi\u0105zanie wystawiennicze. Pojemniki od Formedia s\u0105 funkcjonalne, wykonane z dba\u0142o\u015bci\u0105 o szczeg\u00f3\u0142y. Za dodatkow\u0105 op\u0142at\u0105 mo\u017cliwo\u015b\u0107 personalizacji produktu za pomoc\u0105 graweru, naklejki lub trwa\u0142ego druku UV.<\/p>\n<p><span style=\"color: #ff0000;\"><strong>UWAGA!<\/strong><\/span><\/p>\n<p><span style=\"color: #ff0000;\">Nie nale\u017cy czy\u015bci\u0107 produkt\u00f3w z pleksi \u015brodkami na bazie alkoholu (np. spirytus, denaturat), poniewa\u017c mog\u0105 one powodowa\u0107 mikrop\u0119kni\u0119cia i zmatowienie powierzchni. Zamiast tego, do czyszczenia zaleca si\u0119 stosowanie ciep\u0142ej wody z myd\u0142em lub specjalistycznych preparat\u00f3w przeznaczonych do tworzyw sztucznych, a do przecierania u\u017cywa\u0107 mi\u0119kkiej \u015bciereczki z mikrofibry.<span class=\"uJ19be notranslate\" data-wiz-uids=\"WcvRbd_b,WcvRbd_c,WcvRbd_d\"><span class=\"vKEkVd\" data-animation-atomic=\"\">\u00a0<\/span><\/span><\/span><\/p>\n<p><strong>UWAGA!<\/strong><b><\/b><\/p>\n<ul>\n<li>Na fotografii jest przyk\u0142adowa prezentacja produktu.<\/li>\n<li>Inne wzory, kszta\u0142ty, kolory tworzywa mo\u017cemy wykona\u0107 dla Pa\u0144stwa na zam\u00f3wienie mailowe. Przed z\u0142o\u017ceniem zam\u00f3wienia indywidualnego prosimy o kontakt z naszym biurem obs\u0142ugi klienta w celu ustalenia szczeg\u00f3\u0142\u00f3w:\u00a0<strong><a href=\"tel:+48661036036\">tel. 661 036 036<\/a><\/strong><\/li>\n<li>Oferujemy r\u00f3wnie\u017c znakowanie metod\u0105 grawerowania oraz nadruku utwardzanego \u015bwiat\u0142em UV.<\/li>\n<li>Druk UV wykonujemy m.in. na: plexi, szkle, dibondzie, drewnie, kartonie, metalu, PCV.<\/li>\n<li>Wyroby z plexi zabezpieczone s\u0105 foli\u0105 ochronn\u0105. Przed u\u017cyciem nale\u017cy j\u0105 \u015bci\u0105gn\u0105\u0107.<\/li>\n<li>Sprawd\u017a\u00a0paczk\u0119\u00a0przy kurierze i oce\u0144\u00a0czy zawarto\u015b\u0107\u00a0nie jest uszkodzona! Protok\u00f3\u0142\u00a0szkody jest jedyn\u0105\u00a0podstaw\u0105\u00a0do reklamacji.<\/li>\n<\/ul>\n","protected":false},"excerpt":{"rendered":"<ul>\n<li><span style=\"color: #ff6600;\"><strong>Produkt wykonywany na indywidualne zam\u00f3wienie<\/strong>.<\/span><\/li>\n<li>Z\u0142\u00f3\u017c zapytanie na adres: <strong>sklep@formedia.pl<\/strong><\/li>\n<li><strong><span style=\"color: #ff6600;\">Liczba przedzia\u0142\u00f3w:<\/span><\/strong> 2<\/li>\n<li><strong><span style=\"color: #ff6600;\">Materia\u0142:<\/span><\/strong> plexi bezbarwna<\/li>\n<li><span style=\"color: #ff6600;\"><strong>Uszlachetnienie:<\/strong><\/span> druk utwardzany \u015bwiat\u0142em UV; grawer<\/li>\n<li><strong><span style=\"color: #ff6600;\">Kod produktu:<\/span> <\/strong>SDG6<\/li>\n<\/ul>\n","protected":false},"featured_media":15142,"template":"","meta":[],"product_brand":[],"product_cat":[894,885,887,812,826],"product_tag":[],"woo-feed-brand":[],"class_list":{"0":"post-15141","1":"product","2":"type-product","3":"status-publish","4":"has-post-thumbnail","6":"product_cat-branza-spozywcza","7":"product_cat-podajniki-i-dozowniki","8":"product_cat-podajniki-na-cukierki","9":"product_cat-pojemniki","10":"product_cat-wyposazenie-dla-horeca","12":"first","13":"onbackorder","14":"taxable","15":"shipping-taxable","16":"product-type-simple"},"yoast_head":"<!-- This site is optimized with the Yoast SEO plugin v27.5 - https:\/\/yoast.com\/product\/yoast-seo-wordpress\/ -->\n<title>Wysoki pojemnik na wafle do lod\u00f3w, kubki i \u0142y\u017ceczki jednorazowe do cukierni, lodziarni - Formedia<\/title>\n<meta name=\"description\" content=\"Producent wyrob\u00f3w z plexi. Sprawd\u017a Wysoki pojemnik na wafle do lod\u00f3w, kubki i \u0142y\u017ceczki jednorazowe do cukierni, lodziarni. Indywidualne podej\u015bcie, w\u0142asne studio projektowe. Zapraszamy!\" \/>\n<meta name=\"robots\" content=\"index, follow, max-snippet:-1, max-image-preview:large, max-video-preview:-1\" \/>\n<link rel=\"canonical\" href=\"https:\/\/www.formedia.pl\/sklep\/produkt\/wysoki-pojemnik-gastronomia\/\" \/>\n<meta property=\"og:locale\" content=\"pl_PL\" \/>\n<meta property=\"og:type\" content=\"article\" \/>\n<meta property=\"og:title\" content=\"Wysoki pojemnik na wafle do lod\u00f3w, kubki i \u0142y\u017ceczki jednorazowe do cukierni, lodziarni - Formedia\" \/>\n<meta property=\"og:description\" content=\"Producent wyrob\u00f3w z plexi. Sprawd\u017a Wysoki pojemnik na wafle do lod\u00f3w, kubki i \u0142y\u017ceczki jednorazowe do cukierni, lodziarni. Indywidualne podej\u015bcie, w\u0142asne studio projektowe. Zapraszamy!\" \/>\n<meta property=\"og:url\" content=\"https:\/\/www.formedia.pl\/sklep\/produkt\/wysoki-pojemnik-gastronomia\/\" \/>\n<meta property=\"og:site_name\" content=\"Formedia\" \/>\n<meta property=\"article:publisher\" content=\"https:\/\/www.facebook.com\/formedia.bydgoszcz\/\" \/>\n<meta property=\"article:modified_time\" content=\"2026-04-01T06:26:06+00:00\" \/>\n<meta property=\"og:image\" content=\"https:\/\/www.formedia.pl\/sklep\/wp-content\/uploads\/2021\/04\/pojemnik-z-plexi-na-wafle-do-lodow-i-patyczki-lyzeczki-formedia.jpg\" \/>\n\t<meta property=\"og:image:width\" content=\"500\" \/>\n\t<meta property=\"og:image:height\" content=\"513\" \/>\n\t<meta property=\"og:image:type\" content=\"image\/jpeg\" \/>\n<meta name=\"twitter:card\" content=\"summary_large_image\" \/>\n<meta name=\"twitter:label1\" content=\"Szacowany czas czytania\" \/>\n\t<meta name=\"twitter:data1\" content=\"3 minuty\" \/>\n<script type=\"application\/ld+json\" class=\"yoast-schema-graph\">{\"@context\":\"https:\\\/\\\/schema.org\",\"@graph\":[{\"@type\":\"WebPage\",\"@id\":\"https:\\\/\\\/www.formedia.pl\\\/sklep\\\/produkt\\\/wysoki-pojemnik-gastronomia\\\/\",\"url\":\"https:\\\/\\\/www.formedia.pl\\\/sklep\\\/produkt\\\/wysoki-pojemnik-gastronomia\\\/\",\"name\":\"Wysoki pojemnik na wafle do lod\u00f3w, kubki i \u0142y\u017ceczki jednorazowe do cukierni, lodziarni - Formedia\",\"isPartOf\":{\"@id\":\"https:\\\/\\\/www.formedia.pl\\\/sklep\\\/#website\"},\"primaryImageOfPage\":{\"@id\":\"https:\\\/\\\/www.formedia.pl\\\/sklep\\\/produkt\\\/wysoki-pojemnik-gastronomia\\\/#primaryimage\"},\"image\":{\"@id\":\"https:\\\/\\\/www.formedia.pl\\\/sklep\\\/produkt\\\/wysoki-pojemnik-gastronomia\\\/#primaryimage\"},\"thumbnailUrl\":\"https:\\\/\\\/www.formedia.pl\\\/sklep\\\/wp-content\\\/uploads\\\/2021\\\/04\\\/pojemnik-z-plexi-na-wafle-do-lodow-i-patyczki-lyzeczki-formedia.jpg\",\"datePublished\":\"2021-04-19T13:05:52+00:00\",\"dateModified\":\"2026-04-01T06:26:06+00:00\",\"description\":\"Producent wyrob\u00f3w z plexi. Sprawd\u017a Wysoki pojemnik na wafle do lod\u00f3w, kubki i \u0142y\u017ceczki jednorazowe do cukierni, lodziarni. Indywidualne podej\u015bcie, w\u0142asne studio projektowe. Zapraszamy!\",\"breadcrumb\":{\"@id\":\"https:\\\/\\\/www.formedia.pl\\\/sklep\\\/produkt\\\/wysoki-pojemnik-gastronomia\\\/#breadcrumb\"},\"inLanguage\":\"pl-PL\",\"potentialAction\":[{\"@type\":\"ReadAction\",\"target\":[\"https:\\\/\\\/www.formedia.pl\\\/sklep\\\/produkt\\\/wysoki-pojemnik-gastronomia\\\/\"]}]},{\"@type\":\"ImageObject\",\"inLanguage\":\"pl-PL\",\"@id\":\"https:\\\/\\\/www.formedia.pl\\\/sklep\\\/produkt\\\/wysoki-pojemnik-gastronomia\\\/#primaryimage\",\"url\":\"https:\\\/\\\/www.formedia.pl\\\/sklep\\\/wp-content\\\/uploads\\\/2021\\\/04\\\/pojemnik-z-plexi-na-wafle-do-lodow-i-patyczki-lyzeczki-formedia.jpg\",\"contentUrl\":\"https:\\\/\\\/www.formedia.pl\\\/sklep\\\/wp-content\\\/uploads\\\/2021\\\/04\\\/pojemnik-z-plexi-na-wafle-do-lodow-i-patyczki-lyzeczki-formedia.jpg\",\"width\":500,\"height\":513,\"caption\":\"podajnik na wafle do lod\u00f3w z plexi\"},{\"@type\":\"BreadcrumbList\",\"@id\":\"https:\\\/\\\/www.formedia.pl\\\/sklep\\\/produkt\\\/wysoki-pojemnik-gastronomia\\\/#breadcrumb\",\"itemListElement\":[{\"@type\":\"ListItem\",\"position\":1,\"name\":\"Strona g\u0142\u00f3wna\",\"item\":\"https:\\\/\\\/www.formedia.pl\\\/sklep\\\/\"},{\"@type\":\"ListItem\",\"position\":2,\"name\":\"Sklep\",\"item\":\"https:\\\/\\\/www.formedia.pl\\\/sklep\\\/\"},{\"@type\":\"ListItem\",\"position\":3,\"name\":\"Wysoki pojemnik na wafle do lod\u00f3w, kubki i \u0142y\u017ceczki jednorazowe do cukierni, lodziarni\"}]},{\"@type\":\"WebSite\",\"@id\":\"https:\\\/\\\/www.formedia.pl\\\/sklep\\\/#website\",\"url\":\"https:\\\/\\\/www.formedia.pl\\\/sklep\\\/\",\"name\":\"Formedia\",\"description\":\"Producent wyrob\u00f3w z tworzyw sztucznych\",\"publisher\":{\"@id\":\"https:\\\/\\\/www.formedia.pl\\\/sklep\\\/#organization\"},\"alternateName\":\"Formedia\",\"potentialAction\":[{\"@type\":\"SearchAction\",\"target\":{\"@type\":\"EntryPoint\",\"urlTemplate\":\"https:\\\/\\\/www.formedia.pl\\\/sklep\\\/?s={search_term_string}\"},\"query-input\":{\"@type\":\"PropertyValueSpecification\",\"valueRequired\":true,\"valueName\":\"search_term_string\"}}],\"inLanguage\":\"pl-PL\"},{\"@type\":\"Organization\",\"@id\":\"https:\\\/\\\/www.formedia.pl\\\/sklep\\\/#organization\",\"name\":\"Formedia\",\"alternateName\":\"Formedia\",\"url\":\"https:\\\/\\\/www.formedia.pl\\\/sklep\\\/\",\"logo\":{\"@type\":\"ImageObject\",\"inLanguage\":\"pl-PL\",\"@id\":\"https:\\\/\\\/www.formedia.pl\\\/sklep\\\/#\\\/schema\\\/logo\\\/image\\\/\",\"url\":\"https:\\\/\\\/www.formedia.pl\\\/sklep\\\/wp-content\\\/uploads\\\/2025\\\/03\\\/1x1cropped-logo-WWW-ForMedia-bialy.png\",\"contentUrl\":\"https:\\\/\\\/www.formedia.pl\\\/sklep\\\/wp-content\\\/uploads\\\/2025\\\/03\\\/1x1cropped-logo-WWW-ForMedia-bialy.png\",\"width\":412,\"height\":412,\"caption\":\"Formedia\"},\"image\":{\"@id\":\"https:\\\/\\\/www.formedia.pl\\\/sklep\\\/#\\\/schema\\\/logo\\\/image\\\/\"},\"sameAs\":[\"https:\\\/\\\/www.facebook.com\\\/formedia.bydgoszcz\\\/\",\"https:\\\/\\\/www.youtube.com\\\/@formedia4306\"]}]}<\/script>\n<!-- \/ Yoast SEO plugin. -->","yoast_head_json":{"title":"Wysoki pojemnik na wafle do lod\u00f3w, kubki i \u0142y\u017ceczki jednorazowe do cukierni, lodziarni - Formedia","description":"Producent wyrob\u00f3w z plexi. Sprawd\u017a Wysoki pojemnik na wafle do lod\u00f3w, kubki i \u0142y\u017ceczki jednorazowe do cukierni, lodziarni. Indywidualne podej\u015bcie, w\u0142asne studio projektowe. Zapraszamy!","robots":{"index":"index","follow":"follow","max-snippet":"max-snippet:-1","max-image-preview":"max-image-preview:large","max-video-preview":"max-video-preview:-1"},"canonical":"https:\/\/www.formedia.pl\/sklep\/produkt\/wysoki-pojemnik-gastronomia\/","og_locale":"pl_PL","og_type":"article","og_title":"Wysoki pojemnik na wafle do lod\u00f3w, kubki i \u0142y\u017ceczki jednorazowe do cukierni, lodziarni - Formedia","og_description":"Producent wyrob\u00f3w z plexi. Sprawd\u017a Wysoki pojemnik na wafle do lod\u00f3w, kubki i \u0142y\u017ceczki jednorazowe do cukierni, lodziarni. Indywidualne podej\u015bcie, w\u0142asne studio projektowe. Zapraszamy!","og_url":"https:\/\/www.formedia.pl\/sklep\/produkt\/wysoki-pojemnik-gastronomia\/","og_site_name":"Formedia","article_publisher":"https:\/\/www.facebook.com\/formedia.bydgoszcz\/","article_modified_time":"2026-04-01T06:26:06+00:00","og_image":[{"width":500,"height":513,"url":"https:\/\/www.formedia.pl\/sklep\/wp-content\/uploads\/2021\/04\/pojemnik-z-plexi-na-wafle-do-lodow-i-patyczki-lyzeczki-formedia.jpg","type":"image\/jpeg"}],"twitter_card":"summary_large_image","twitter_misc":{"Szacowany czas czytania":"3 minuty"},"schema":{"@context":"https:\/\/schema.org","@graph":[{"@type":"WebPage","@id":"https:\/\/www.formedia.pl\/sklep\/produkt\/wysoki-pojemnik-gastronomia\/","url":"https:\/\/www.formedia.pl\/sklep\/produkt\/wysoki-pojemnik-gastronomia\/","name":"Wysoki pojemnik na wafle do lod\u00f3w, kubki i \u0142y\u017ceczki jednorazowe do cukierni, lodziarni - Formedia","isPartOf":{"@id":"https:\/\/www.formedia.pl\/sklep\/#website"},"primaryImageOfPage":{"@id":"https:\/\/www.formedia.pl\/sklep\/produkt\/wysoki-pojemnik-gastronomia\/#primaryimage"},"image":{"@id":"https:\/\/www.formedia.pl\/sklep\/produkt\/wysoki-pojemnik-gastronomia\/#primaryimage"},"thumbnailUrl":"https:\/\/www.formedia.pl\/sklep\/wp-content\/uploads\/2021\/04\/pojemnik-z-plexi-na-wafle-do-lodow-i-patyczki-lyzeczki-formedia.jpg","datePublished":"2021-04-19T13:05:52+00:00","dateModified":"2026-04-01T06:26:06+00:00","description":"Producent wyrob\u00f3w z plexi. Sprawd\u017a Wysoki pojemnik na wafle do lod\u00f3w, kubki i \u0142y\u017ceczki jednorazowe do cukierni, lodziarni. Indywidualne podej\u015bcie, w\u0142asne studio projektowe. Zapraszamy!","breadcrumb":{"@id":"https:\/\/www.formedia.pl\/sklep\/produkt\/wysoki-pojemnik-gastronomia\/#breadcrumb"},"inLanguage":"pl-PL","potentialAction":[{"@type":"ReadAction","target":["https:\/\/www.formedia.pl\/sklep\/produkt\/wysoki-pojemnik-gastronomia\/"]}]},{"@type":"ImageObject","inLanguage":"pl-PL","@id":"https:\/\/www.formedia.pl\/sklep\/produkt\/wysoki-pojemnik-gastronomia\/#primaryimage","url":"https:\/\/www.formedia.pl\/sklep\/wp-content\/uploads\/2021\/04\/pojemnik-z-plexi-na-wafle-do-lodow-i-patyczki-lyzeczki-formedia.jpg","contentUrl":"https:\/\/www.formedia.pl\/sklep\/wp-content\/uploads\/2021\/04\/pojemnik-z-plexi-na-wafle-do-lodow-i-patyczki-lyzeczki-formedia.jpg","width":500,"height":513,"caption":"podajnik na wafle do lod\u00f3w z plexi"},{"@type":"BreadcrumbList","@id":"https:\/\/www.formedia.pl\/sklep\/produkt\/wysoki-pojemnik-gastronomia\/#breadcrumb","itemListElement":[{"@type":"ListItem","position":1,"name":"Strona g\u0142\u00f3wna","item":"https:\/\/www.formedia.pl\/sklep\/"},{"@type":"ListItem","position":2,"name":"Sklep","item":"https:\/\/www.formedia.pl\/sklep\/"},{"@type":"ListItem","position":3,"name":"Wysoki pojemnik na wafle do lod\u00f3w, kubki i \u0142y\u017ceczki jednorazowe do cukierni, lodziarni"}]},{"@type":"WebSite","@id":"https:\/\/www.formedia.pl\/sklep\/#website","url":"https:\/\/www.formedia.pl\/sklep\/","name":"Formedia","description":"Producent wyrob\u00f3w z tworzyw sztucznych","publisher":{"@id":"https:\/\/www.formedia.pl\/sklep\/#organization"},"alternateName":"Formedia","potentialAction":[{"@type":"SearchAction","target":{"@type":"EntryPoint","urlTemplate":"https:\/\/www.formedia.pl\/sklep\/?s={search_term_string}"},"query-input":{"@type":"PropertyValueSpecification","valueRequired":true,"valueName":"search_term_string"}}],"inLanguage":"pl-PL"},{"@type":"Organization","@id":"https:\/\/www.formedia.pl\/sklep\/#organization","name":"Formedia","alternateName":"Formedia","url":"https:\/\/www.formedia.pl\/sklep\/","logo":{"@type":"ImageObject","inLanguage":"pl-PL","@id":"https:\/\/www.formedia.pl\/sklep\/#\/schema\/logo\/image\/","url":"https:\/\/www.formedia.pl\/sklep\/wp-content\/uploads\/2025\/03\/1x1cropped-logo-WWW-ForMedia-bialy.png","contentUrl":"https:\/\/www.formedia.pl\/sklep\/wp-content\/uploads\/2025\/03\/1x1cropped-logo-WWW-ForMedia-bialy.png","width":412,"height":412,"caption":"Formedia"},"image":{"@id":"https:\/\/www.formedia.pl\/sklep\/#\/schema\/logo\/image\/"},"sameAs":["https:\/\/www.facebook.com\/formedia.bydgoszcz\/","https:\/\/www.youtube.com\/@formedia4306"]}]}},"_links":{"self":[{"href":"https:\/\/www.formedia.pl\/sklep\/wp-json\/wp\/v2\/product\/15141","targetHints":{"allow":["GET"]}}],"collection":[{"href":"https:\/\/www.formedia.pl\/sklep\/wp-json\/wp\/v2\/product"}],"about":[{"href":"https:\/\/www.formedia.pl\/sklep\/wp-json\/wp\/v2\/types\/product"}],"wp:featuredmedia":[{"embeddable":true,"href":"https:\/\/www.formedia.pl\/sklep\/wp-json\/wp\/v2\/media\/15142"}],"wp:attachment":[{"href":"https:\/\/www.formedia.pl\/sklep\/wp-json\/wp\/v2\/media?parent=15141"}],"wp:term":[{"taxonomy":"product_brand","embeddable":true,"href":"https:\/\/www.formedia.pl\/sklep\/wp-json\/wp\/v2\/product_brand?post=15141"},{"taxonomy":"product_cat","embeddable":true,"href":"https:\/\/www.formedia.pl\/sklep\/wp-json\/wp\/v2\/product_cat?post=15141"},{"taxonomy":"product_tag","embeddable":true,"href":"https:\/\/www.formedia.pl\/sklep\/wp-json\/wp\/v2\/product_tag?post=15141"},{"taxonomy":"woo-feed-brand","embeddable":true,"href":"https:\/\/www.formedia.pl\/sklep\/wp-json\/wp\/v2\/woo-feed-brand?post=15141"}],"curies":[{"name":"wp","href":"https:\/\/api.w.org\/{rel}","templated":true}]}}