{"id":15347,"date":"2021-04-21T09:07:27","date_gmt":"2021-04-21T07:07:27","guid":{"rendered":"https:\/\/www.formedia.pl\/sklep\/?post_type=product&#038;p=15347"},"modified":"2026-04-01T08:26:08","modified_gmt":"2026-04-01T06:26:08","slug":"pojemnik-z-plexi-organizer-do-serwetek-slomek-mieszadelek-przypraw","status":"publish","type":"product","link":"https:\/\/www.formedia.pl\/sklep\/produkt\/pojemnik-z-plexi-organizer-do-serwetek-slomek-mieszadelek-przypraw\/","title":{"rendered":"Pojemnik z plexi, organizer do serwetek, s\u0142omek, mieszade\u0142ek, przypraw"},"content":{"rendered":"<h2 align=\"JUSTIFY\"><span style=\"color: #ff6600;\">Podajnik, ekspozytor na stolik<\/span><\/h2>\n<p align=\"JUSTIFY\">Do codziennego stosowania przez klient\u00f3w i pracownik\u00f3w gastronomii. Stanowi wydajny podajnik na przybory potrzebne podczas wydawania posi\u0142k\u00f3w i napoi przy komercyjnej stacji samoobs\u0142ugowych, na stolikach, ladach degustacyjnych, sto\u0142ach bankietowych. Trzy praktyczne przegr\u00f3dki rozmieszczone s\u0105 na jednej p\u0142aszczy\u017anie. Dzi\u0119ki temu zabiegowi, Tw\u00f3j asortyment b\u0119dzie zawsze widoczny dla go\u015bci i \u0142atwo dost\u0119pny.<\/p>\n<p align=\"JUSTIFY\">Dozownik posiada lekko zaokr\u0105glone wci\u0119cia na trzech zewn\u0119trznych bokach, dzi\u0119ki kt\u00f3rym u\u0142atwiony jest dost\u0119p do pobierania pojedynczych serwetek, przypraw jak cukier, s\u00f3l, czy herbaty w saszetkach.\u00a0 W organizerze na produkty do gastronomii od Formedia mo\u017cna zamie\u015bci\u0107 trzy r\u00f3\u017cne rodzaje produktu jak np. mieszade\u0142ka, serwetki i cukier w saszetkach. Dzi\u0119ki temu zapewnimy komfort i wygod\u0119 Twoim pracownikom oraz klientom korzystaj\u0105cych z Twoich us\u0142ug gastronomicznych. Dzi\u0119ki temu zabiegowi personel obs\u0142uguj\u0105cy pojemnik b\u0119dzie m\u00f3g\u0142 w prosty spos\u00f3b okre\u015bli\u0107, czy elementy w nim si\u0119 znajduj\u0105ce nie wymagaj\u0105 uzupe\u0142nienia. Dzi\u0119ki dozownikowi na akcesoria do obs\u0142ugi bar\u00f3w utrzymasz sw\u00f3j punkt obs\u0142ugi z napojami w harmonii i porz\u0105dku. Twoi klienci z pewno\u015bci\u0105 doceni\u0105 wygod\u0119 jak\u0105 im oferujesz dzi\u0119ki produktowi do prezentacji od Formedia.<\/p>\n<p align=\"JUSTIFY\">Oferujemy szerok\u0105 ofert\u0119 produkt\u00f3w z pleksi do wyposa\u017cenia sklep\u00f3w, cukierni, restauracji, hoteli. Pojemniki, organizery, kubiki na akcesoria do obs\u0142ugi stanowisk z napojami. Praktyczne rozwi\u0105zania wystawiennicze wprowadzaj\u0105ce harmoni\u0119 do wn\u0119trz restauracji, bar\u00f3w, sali konferencyjnej, kuchni biurowych. Produkty z tworzywa od Formedia s\u0105 funkcjonalne, wykonane z dba\u0142o\u015bci\u0105 o szczeg\u00f3\u0142y. Za dodatkow\u0105 op\u0142at\u0105 istnieje mo\u017cliwo\u015b\u0107 personalizacji produktu za pomoc\u0105 graweru, naklejki lub trwa\u0142ego druku UV.<\/p>\n<p><strong>UWAGA!<\/strong><b><\/b><\/p>\n<ul>\n<li>Na fotografii jest przyk\u0142adowa prezentacja produktu.<\/li>\n<li>Inne wzory, kszta\u0142ty, kolory tworzywa mo\u017cemy wykona\u0107 dla Pa\u0144stwa na zam\u00f3wienie mailowe. Przed z\u0142o\u017ceniem zam\u00f3wienia indywidualnego prosimy o kontakt z naszym biurem obs\u0142ugi klienta w celu ustalenia szczeg\u00f3\u0142\u00f3w:\u00a0<strong><a href=\"tel:+48661036036\">tel. 661 036 036<\/a><\/strong><\/li>\n<li>Oferujemy r\u00f3wnie\u017c znakowanie metod\u0105 grawerowania oraz nadruku utwardzanego \u015bwiat\u0142em UV.<\/li>\n<li>Druk UV wykonujemy m.in. na: plexi, szkle, dibondzie, drewnie, kartonie, metalu, PCV.<\/li>\n<li>Wyroby z plexi zabezpieczone s\u0105 foli\u0105 ochronn\u0105. Przed u\u017cyciem nale\u017cy j\u0105 \u015bci\u0105gn\u0105\u0107.<\/li>\n<li>Sprawd\u017a\u00a0paczk\u0119\u00a0przy kurierze i oce\u0144\u00a0czy zawarto\u015b\u0107\u00a0nie jest uszkodzona! Protok\u00f3\u0142\u00a0szkody jest jedyn\u0105\u00a0podstaw\u0105\u00a0do reklamacji.<\/li>\n<\/ul>\n","protected":false},"excerpt":{"rendered":"<ul>\n<li><span style=\"color: #ff6600;\"><strong>Produkt wykonywany na indywidualne zam\u00f3wienie<\/strong>.<\/span><\/li>\n<li>Z\u0142\u00f3\u017c zapytanie na adres: <strong>sklep@formedia.pl<\/strong><\/li>\n<li><strong><span style=\"color: #ff6600;\">Format zewn\u0119trzny (d\u0142. x szer. x wys.):<\/span> <\/strong>108 x 240 x 146 mm<\/li>\n<li><strong><span style=\"color: #ff6600;\">Liczba przedzia\u0142\u00f3w:<\/span> <\/strong>3<\/li>\n<li><span style=\"color: #ff6600;\"><strong>Uszlachetnienie:<\/strong><\/span> druk utwardzany \u015bwiat\u0142em UV; grawer<\/li>\n<li><strong><span style=\"color: #ff6600;\">Kod produktu:<\/span> <\/strong>SDG14<\/li>\n<li>Trzy przegr\u00f3dki<\/li>\n<li>\u0141agodne kraw\u0119dzie<\/li>\n<li>Do postawienia na blacie, stole, ladzie<\/li>\n<li>Konstrukcja z plexi do wyboru bezbarwna, czarna i mleczno-bia\u0142a<\/li>\n<\/ul>\n","protected":false},"featured_media":15348,"template":"","meta":[],"product_brand":[],"product_cat":[563,888,885,826],"product_tag":[],"woo-feed-brand":[],"class_list":{"0":"post-15347","1":"product","2":"type-product","3":"status-publish","4":"has-post-thumbnail","6":"product_cat-ekspozytory-i-displaye-z-pleksi-formedia-pl","7":"product_cat-organizery-na-kubki","8":"product_cat-podajniki-i-dozowniki","9":"product_cat-wyposazenie-dla-horeca","11":"first","12":"onbackorder","13":"taxable","14":"shipping-taxable","15":"product-type-simple"},"yoast_head":"<!-- This site is optimized with the Yoast SEO plugin v27.5 - https:\/\/yoast.com\/product\/yoast-seo-wordpress\/ -->\n<title>Pojemnik z plexi, organizer do serwetek, s\u0142omek, mieszade\u0142ek, przypraw - Formedia<\/title>\n<meta name=\"description\" content=\"Producent wyrob\u00f3w z plexi. Sprawd\u017a Pojemnik z plexi, organizer do serwetek, s\u0142omek, mieszade\u0142ek, przypraw. Indywidualne podej\u015bcie, w\u0142asne studio projektowe. Zapraszamy!\" \/>\n<meta name=\"robots\" content=\"index, follow, max-snippet:-1, max-image-preview:large, max-video-preview:-1\" \/>\n<link rel=\"canonical\" href=\"https:\/\/www.formedia.pl\/sklep\/produkt\/pojemnik-z-plexi-organizer-do-serwetek-slomek-mieszadelek-przypraw\/\" \/>\n<meta property=\"og:locale\" content=\"pl_PL\" \/>\n<meta property=\"og:type\" content=\"article\" \/>\n<meta property=\"og:title\" content=\"Pojemnik z plexi, organizer do serwetek, s\u0142omek, mieszade\u0142ek, przypraw - Formedia\" \/>\n<meta property=\"og:description\" content=\"Producent wyrob\u00f3w z plexi. Sprawd\u017a Pojemnik z plexi, organizer do serwetek, s\u0142omek, mieszade\u0142ek, przypraw. Indywidualne podej\u015bcie, w\u0142asne studio projektowe. Zapraszamy!\" \/>\n<meta property=\"og:url\" content=\"https:\/\/www.formedia.pl\/sklep\/produkt\/pojemnik-z-plexi-organizer-do-serwetek-slomek-mieszadelek-przypraw\/\" \/>\n<meta property=\"og:site_name\" content=\"Formedia\" \/>\n<meta property=\"article:publisher\" content=\"https:\/\/www.facebook.com\/formedia.bydgoszcz\/\" \/>\n<meta property=\"article:modified_time\" content=\"2026-04-01T06:26:08+00:00\" \/>\n<meta property=\"og:image\" content=\"https:\/\/www.formedia.pl\/sklep\/wp-content\/uploads\/2021\/04\/pojemnik-z-pleksi-czarny-organizer-do-serwetek-mieszadelek-slomek-cukru-soli-formedia.jpg\" \/>\n\t<meta property=\"og:image:width\" content=\"500\" \/>\n\t<meta property=\"og:image:height\" content=\"500\" \/>\n\t<meta property=\"og:image:type\" content=\"image\/jpeg\" \/>\n<meta name=\"twitter:card\" content=\"summary_large_image\" \/>\n<meta name=\"twitter:label1\" content=\"Szacowany czas czytania\" \/>\n\t<meta name=\"twitter:data1\" content=\"2 minuty\" \/>\n<script type=\"application\/ld+json\" class=\"yoast-schema-graph\">{\"@context\":\"https:\\\/\\\/schema.org\",\"@graph\":[{\"@type\":\"WebPage\",\"@id\":\"https:\\\/\\\/www.formedia.pl\\\/sklep\\\/produkt\\\/pojemnik-z-plexi-organizer-do-serwetek-slomek-mieszadelek-przypraw\\\/\",\"url\":\"https:\\\/\\\/www.formedia.pl\\\/sklep\\\/produkt\\\/pojemnik-z-plexi-organizer-do-serwetek-slomek-mieszadelek-przypraw\\\/\",\"name\":\"Pojemnik z plexi, organizer do serwetek, s\u0142omek, mieszade\u0142ek, przypraw - Formedia\",\"isPartOf\":{\"@id\":\"https:\\\/\\\/www.formedia.pl\\\/sklep\\\/#website\"},\"primaryImageOfPage\":{\"@id\":\"https:\\\/\\\/www.formedia.pl\\\/sklep\\\/produkt\\\/pojemnik-z-plexi-organizer-do-serwetek-slomek-mieszadelek-przypraw\\\/#primaryimage\"},\"image\":{\"@id\":\"https:\\\/\\\/www.formedia.pl\\\/sklep\\\/produkt\\\/pojemnik-z-plexi-organizer-do-serwetek-slomek-mieszadelek-przypraw\\\/#primaryimage\"},\"thumbnailUrl\":\"https:\\\/\\\/www.formedia.pl\\\/sklep\\\/wp-content\\\/uploads\\\/2021\\\/04\\\/pojemnik-z-pleksi-czarny-organizer-do-serwetek-mieszadelek-slomek-cukru-soli-formedia.jpg\",\"datePublished\":\"2021-04-21T07:07:27+00:00\",\"dateModified\":\"2026-04-01T06:26:08+00:00\",\"description\":\"Producent wyrob\u00f3w z plexi. Sprawd\u017a Pojemnik z plexi, organizer do serwetek, s\u0142omek, mieszade\u0142ek, przypraw. Indywidualne podej\u015bcie, w\u0142asne studio projektowe. Zapraszamy!\",\"breadcrumb\":{\"@id\":\"https:\\\/\\\/www.formedia.pl\\\/sklep\\\/produkt\\\/pojemnik-z-plexi-organizer-do-serwetek-slomek-mieszadelek-przypraw\\\/#breadcrumb\"},\"inLanguage\":\"pl-PL\",\"potentialAction\":[{\"@type\":\"ReadAction\",\"target\":[\"https:\\\/\\\/www.formedia.pl\\\/sklep\\\/produkt\\\/pojemnik-z-plexi-organizer-do-serwetek-slomek-mieszadelek-przypraw\\\/\"]}]},{\"@type\":\"ImageObject\",\"inLanguage\":\"pl-PL\",\"@id\":\"https:\\\/\\\/www.formedia.pl\\\/sklep\\\/produkt\\\/pojemnik-z-plexi-organizer-do-serwetek-slomek-mieszadelek-przypraw\\\/#primaryimage\",\"url\":\"https:\\\/\\\/www.formedia.pl\\\/sklep\\\/wp-content\\\/uploads\\\/2021\\\/04\\\/pojemnik-z-pleksi-czarny-organizer-do-serwetek-mieszadelek-slomek-cukru-soli-formedia.jpg\",\"contentUrl\":\"https:\\\/\\\/www.formedia.pl\\\/sklep\\\/wp-content\\\/uploads\\\/2021\\\/04\\\/pojemnik-z-pleksi-czarny-organizer-do-serwetek-mieszadelek-slomek-cukru-soli-formedia.jpg\",\"width\":500,\"height\":500,\"caption\":\"czarny organizer na serwetki patyczki cukier\"},{\"@type\":\"BreadcrumbList\",\"@id\":\"https:\\\/\\\/www.formedia.pl\\\/sklep\\\/produkt\\\/pojemnik-z-plexi-organizer-do-serwetek-slomek-mieszadelek-przypraw\\\/#breadcrumb\",\"itemListElement\":[{\"@type\":\"ListItem\",\"position\":1,\"name\":\"Strona g\u0142\u00f3wna\",\"item\":\"https:\\\/\\\/www.formedia.pl\\\/sklep\\\/\"},{\"@type\":\"ListItem\",\"position\":2,\"name\":\"Sklep\",\"item\":\"https:\\\/\\\/www.formedia.pl\\\/sklep\\\/\"},{\"@type\":\"ListItem\",\"position\":3,\"name\":\"Pojemnik z plexi, organizer do serwetek, s\u0142omek, mieszade\u0142ek, przypraw\"}]},{\"@type\":\"WebSite\",\"@id\":\"https:\\\/\\\/www.formedia.pl\\\/sklep\\\/#website\",\"url\":\"https:\\\/\\\/www.formedia.pl\\\/sklep\\\/\",\"name\":\"Formedia\",\"description\":\"Producent wyrob\u00f3w z tworzyw sztucznych\",\"publisher\":{\"@id\":\"https:\\\/\\\/www.formedia.pl\\\/sklep\\\/#organization\"},\"alternateName\":\"Formedia\",\"potentialAction\":[{\"@type\":\"SearchAction\",\"target\":{\"@type\":\"EntryPoint\",\"urlTemplate\":\"https:\\\/\\\/www.formedia.pl\\\/sklep\\\/?s={search_term_string}\"},\"query-input\":{\"@type\":\"PropertyValueSpecification\",\"valueRequired\":true,\"valueName\":\"search_term_string\"}}],\"inLanguage\":\"pl-PL\"},{\"@type\":\"Organization\",\"@id\":\"https:\\\/\\\/www.formedia.pl\\\/sklep\\\/#organization\",\"name\":\"Formedia\",\"alternateName\":\"Formedia\",\"url\":\"https:\\\/\\\/www.formedia.pl\\\/sklep\\\/\",\"logo\":{\"@type\":\"ImageObject\",\"inLanguage\":\"pl-PL\",\"@id\":\"https:\\\/\\\/www.formedia.pl\\\/sklep\\\/#\\\/schema\\\/logo\\\/image\\\/\",\"url\":\"https:\\\/\\\/www.formedia.pl\\\/sklep\\\/wp-content\\\/uploads\\\/2025\\\/03\\\/1x1cropped-logo-WWW-ForMedia-bialy.png\",\"contentUrl\":\"https:\\\/\\\/www.formedia.pl\\\/sklep\\\/wp-content\\\/uploads\\\/2025\\\/03\\\/1x1cropped-logo-WWW-ForMedia-bialy.png\",\"width\":412,\"height\":412,\"caption\":\"Formedia\"},\"image\":{\"@id\":\"https:\\\/\\\/www.formedia.pl\\\/sklep\\\/#\\\/schema\\\/logo\\\/image\\\/\"},\"sameAs\":[\"https:\\\/\\\/www.facebook.com\\\/formedia.bydgoszcz\\\/\",\"https:\\\/\\\/www.youtube.com\\\/@formedia4306\"]}]}<\/script>\n<!-- \/ Yoast SEO plugin. -->","yoast_head_json":{"title":"Pojemnik z plexi, organizer do serwetek, s\u0142omek, mieszade\u0142ek, przypraw - Formedia","description":"Producent wyrob\u00f3w z plexi. Sprawd\u017a Pojemnik z plexi, organizer do serwetek, s\u0142omek, mieszade\u0142ek, przypraw. Indywidualne podej\u015bcie, w\u0142asne studio projektowe. Zapraszamy!","robots":{"index":"index","follow":"follow","max-snippet":"max-snippet:-1","max-image-preview":"max-image-preview:large","max-video-preview":"max-video-preview:-1"},"canonical":"https:\/\/www.formedia.pl\/sklep\/produkt\/pojemnik-z-plexi-organizer-do-serwetek-slomek-mieszadelek-przypraw\/","og_locale":"pl_PL","og_type":"article","og_title":"Pojemnik z plexi, organizer do serwetek, s\u0142omek, mieszade\u0142ek, przypraw - Formedia","og_description":"Producent wyrob\u00f3w z plexi. Sprawd\u017a Pojemnik z plexi, organizer do serwetek, s\u0142omek, mieszade\u0142ek, przypraw. Indywidualne podej\u015bcie, w\u0142asne studio projektowe. Zapraszamy!","og_url":"https:\/\/www.formedia.pl\/sklep\/produkt\/pojemnik-z-plexi-organizer-do-serwetek-slomek-mieszadelek-przypraw\/","og_site_name":"Formedia","article_publisher":"https:\/\/www.facebook.com\/formedia.bydgoszcz\/","article_modified_time":"2026-04-01T06:26:08+00:00","og_image":[{"width":500,"height":500,"url":"https:\/\/www.formedia.pl\/sklep\/wp-content\/uploads\/2021\/04\/pojemnik-z-pleksi-czarny-organizer-do-serwetek-mieszadelek-slomek-cukru-soli-formedia.jpg","type":"image\/jpeg"}],"twitter_card":"summary_large_image","twitter_misc":{"Szacowany czas czytania":"2 minuty"},"schema":{"@context":"https:\/\/schema.org","@graph":[{"@type":"WebPage","@id":"https:\/\/www.formedia.pl\/sklep\/produkt\/pojemnik-z-plexi-organizer-do-serwetek-slomek-mieszadelek-przypraw\/","url":"https:\/\/www.formedia.pl\/sklep\/produkt\/pojemnik-z-plexi-organizer-do-serwetek-slomek-mieszadelek-przypraw\/","name":"Pojemnik z plexi, organizer do serwetek, s\u0142omek, mieszade\u0142ek, przypraw - Formedia","isPartOf":{"@id":"https:\/\/www.formedia.pl\/sklep\/#website"},"primaryImageOfPage":{"@id":"https:\/\/www.formedia.pl\/sklep\/produkt\/pojemnik-z-plexi-organizer-do-serwetek-slomek-mieszadelek-przypraw\/#primaryimage"},"image":{"@id":"https:\/\/www.formedia.pl\/sklep\/produkt\/pojemnik-z-plexi-organizer-do-serwetek-slomek-mieszadelek-przypraw\/#primaryimage"},"thumbnailUrl":"https:\/\/www.formedia.pl\/sklep\/wp-content\/uploads\/2021\/04\/pojemnik-z-pleksi-czarny-organizer-do-serwetek-mieszadelek-slomek-cukru-soli-formedia.jpg","datePublished":"2021-04-21T07:07:27+00:00","dateModified":"2026-04-01T06:26:08+00:00","description":"Producent wyrob\u00f3w z plexi. Sprawd\u017a Pojemnik z plexi, organizer do serwetek, s\u0142omek, mieszade\u0142ek, przypraw. Indywidualne podej\u015bcie, w\u0142asne studio projektowe. Zapraszamy!","breadcrumb":{"@id":"https:\/\/www.formedia.pl\/sklep\/produkt\/pojemnik-z-plexi-organizer-do-serwetek-slomek-mieszadelek-przypraw\/#breadcrumb"},"inLanguage":"pl-PL","potentialAction":[{"@type":"ReadAction","target":["https:\/\/www.formedia.pl\/sklep\/produkt\/pojemnik-z-plexi-organizer-do-serwetek-slomek-mieszadelek-przypraw\/"]}]},{"@type":"ImageObject","inLanguage":"pl-PL","@id":"https:\/\/www.formedia.pl\/sklep\/produkt\/pojemnik-z-plexi-organizer-do-serwetek-slomek-mieszadelek-przypraw\/#primaryimage","url":"https:\/\/www.formedia.pl\/sklep\/wp-content\/uploads\/2021\/04\/pojemnik-z-pleksi-czarny-organizer-do-serwetek-mieszadelek-slomek-cukru-soli-formedia.jpg","contentUrl":"https:\/\/www.formedia.pl\/sklep\/wp-content\/uploads\/2021\/04\/pojemnik-z-pleksi-czarny-organizer-do-serwetek-mieszadelek-slomek-cukru-soli-formedia.jpg","width":500,"height":500,"caption":"czarny organizer na serwetki patyczki cukier"},{"@type":"BreadcrumbList","@id":"https:\/\/www.formedia.pl\/sklep\/produkt\/pojemnik-z-plexi-organizer-do-serwetek-slomek-mieszadelek-przypraw\/#breadcrumb","itemListElement":[{"@type":"ListItem","position":1,"name":"Strona g\u0142\u00f3wna","item":"https:\/\/www.formedia.pl\/sklep\/"},{"@type":"ListItem","position":2,"name":"Sklep","item":"https:\/\/www.formedia.pl\/sklep\/"},{"@type":"ListItem","position":3,"name":"Pojemnik z plexi, organizer do serwetek, s\u0142omek, mieszade\u0142ek, przypraw"}]},{"@type":"WebSite","@id":"https:\/\/www.formedia.pl\/sklep\/#website","url":"https:\/\/www.formedia.pl\/sklep\/","name":"Formedia","description":"Producent wyrob\u00f3w z tworzyw sztucznych","publisher":{"@id":"https:\/\/www.formedia.pl\/sklep\/#organization"},"alternateName":"Formedia","potentialAction":[{"@type":"SearchAction","target":{"@type":"EntryPoint","urlTemplate":"https:\/\/www.formedia.pl\/sklep\/?s={search_term_string}"},"query-input":{"@type":"PropertyValueSpecification","valueRequired":true,"valueName":"search_term_string"}}],"inLanguage":"pl-PL"},{"@type":"Organization","@id":"https:\/\/www.formedia.pl\/sklep\/#organization","name":"Formedia","alternateName":"Formedia","url":"https:\/\/www.formedia.pl\/sklep\/","logo":{"@type":"ImageObject","inLanguage":"pl-PL","@id":"https:\/\/www.formedia.pl\/sklep\/#\/schema\/logo\/image\/","url":"https:\/\/www.formedia.pl\/sklep\/wp-content\/uploads\/2025\/03\/1x1cropped-logo-WWW-ForMedia-bialy.png","contentUrl":"https:\/\/www.formedia.pl\/sklep\/wp-content\/uploads\/2025\/03\/1x1cropped-logo-WWW-ForMedia-bialy.png","width":412,"height":412,"caption":"Formedia"},"image":{"@id":"https:\/\/www.formedia.pl\/sklep\/#\/schema\/logo\/image\/"},"sameAs":["https:\/\/www.facebook.com\/formedia.bydgoszcz\/","https:\/\/www.youtube.com\/@formedia4306"]}]}},"_links":{"self":[{"href":"https:\/\/www.formedia.pl\/sklep\/wp-json\/wp\/v2\/product\/15347","targetHints":{"allow":["GET"]}}],"collection":[{"href":"https:\/\/www.formedia.pl\/sklep\/wp-json\/wp\/v2\/product"}],"about":[{"href":"https:\/\/www.formedia.pl\/sklep\/wp-json\/wp\/v2\/types\/product"}],"wp:featuredmedia":[{"embeddable":true,"href":"https:\/\/www.formedia.pl\/sklep\/wp-json\/wp\/v2\/media\/15348"}],"wp:attachment":[{"href":"https:\/\/www.formedia.pl\/sklep\/wp-json\/wp\/v2\/media?parent=15347"}],"wp:term":[{"taxonomy":"product_brand","embeddable":true,"href":"https:\/\/www.formedia.pl\/sklep\/wp-json\/wp\/v2\/product_brand?post=15347"},{"taxonomy":"product_cat","embeddable":true,"href":"https:\/\/www.formedia.pl\/sklep\/wp-json\/wp\/v2\/product_cat?post=15347"},{"taxonomy":"product_tag","embeddable":true,"href":"https:\/\/www.formedia.pl\/sklep\/wp-json\/wp\/v2\/product_tag?post=15347"},{"taxonomy":"woo-feed-brand","embeddable":true,"href":"https:\/\/www.formedia.pl\/sklep\/wp-json\/wp\/v2\/woo-feed-brand?post=15347"}],"curies":[{"name":"wp","href":"https:\/\/api.w.org\/{rel}","templated":true}]}}