{"id":15498,"date":"2021-04-23T11:23:02","date_gmt":"2021-04-23T09:23:02","guid":{"rendered":"https:\/\/www.formedia.pl\/sklep\/?post_type=product&#038;p=15498"},"modified":"2026-04-01T08:26:08","modified_gmt":"2026-04-01T06:26:08","slug":"tacka-z-plexi-na-cake-pops-lizaki-do-cukierni-na-slodki-stol","status":"publish","type":"product","link":"https:\/\/www.formedia.pl\/sklep\/produkt\/tacka-z-plexi-na-cake-pops-lizaki-do-cukierni-na-slodki-stol\/","title":{"rendered":"Tacka z plexi na cake pops, lizaki do cukierni, na s\u0142odki st\u00f3\u0142"},"content":{"rendered":"<h2><span style=\"color: #ff6600;\">Praktyczna tacka z plexi<\/span><\/h2>\n<p>Nie masz pomys\u0142u jak zaprezentowa\u0107 w ciekawy spos\u00f3b lizaki? Wybierz nasz\u0105 tack\u0119, na lizaki kt\u00f3ra sprawi, \u017ce ka\u017cdy lizak b\u0119dzie si\u0119 pi\u0119knie prezentowa\u0142. Pomie\u015bci ona w sobie a\u017c trzydzie\u015bci trzy lizaki. Wykorzystywana jest w cukierniach, kawiarniach oraz na wystawach s\u0142odko\u015bci. Postawi\u0107 mo\u017cna j\u0105 na ladzie, blacie oraz stole. Swoim ciekawym kszta\u0142tem na pewno przyci\u0105gnie zainteresowanie klient\u00f3w. Dzi\u0119ki niej mo\u017cna z lizak\u00f3w tworzy\u0107 r\u00f3\u017cne wzory. Jej elegancki i nowoczesny wygl\u0105d na pewno przyci\u0105gnie uwag\u0119 os\u00f3b znajduj\u0105cych si\u0119 w sklepie. Jest \u0142atwa w czyszczeniu, stabilna oraz trwa\u0142a.<\/p>\n<p><strong>UWAGA!<\/strong><b><\/b><\/p>\n<ul>\n<li>Na fotografii jest przyk\u0142adowa prezentacja produktu.<\/li>\n<li>Inne wzory, kszta\u0142ty, kolory tworzywa mo\u017cemy wykona\u0107 dla Pa\u0144stwa na zam\u00f3wienie mailowe. Przed z\u0142o\u017ceniem zam\u00f3wienia indywidualnego prosimy o kontakt z naszym biurem obs\u0142ugi klienta w celu ustalenia szczeg\u00f3\u0142\u00f3w:\u00a0<strong><a href=\"tel:+48661036036\">tel. 661 036 036<\/a><\/strong><\/li>\n<li>Oferujemy r\u00f3wnie\u017c znakowanie metod\u0105 grawerowania oraz nadruku utwardzanego \u015bwiat\u0142em UV.<\/li>\n<li>Druk UV wykonujemy m.in. na: plexi, szkle, dibondzie, drewnie, kartonie, metalu, PCV.<\/li>\n<li>Wyroby z plexi zabezpieczone s\u0105 foli\u0105 ochronn\u0105. Przed u\u017cyciem nale\u017cy j\u0105 \u015bci\u0105gn\u0105\u0107.<\/li>\n<li>Sprawd\u017a\u00a0paczk\u0119\u00a0przy kurierze i oce\u0144\u00a0czy zawarto\u015b\u0107\u00a0nie jest uszkodzona! Protok\u00f3\u0142\u00a0szkody jest jedyn\u0105\u00a0podstaw\u0105\u00a0do reklamacji.<\/li>\n<\/ul>\n","protected":false},"excerpt":{"rendered":"<ul>\n<li>Przed z\u0142o\u017ceniem zam\u00f3wienia prosimy o kontakt z naszym biurem obs\u0142ugi klienta w celu ustalenia szczeg\u00f3\u0142\u00f3w: <strong><span style=\"color: #333333;\"><span style=\"color: #ff6600;\"><a style=\"color: #ff6600;\" href=\"tel:+48661036036\">tel. 661 036 036<\/a><\/span><\/span><\/strong><\/li>\n<li>Produkt wykonywany na indywidualne zam\u00f3wienie, minimalna ilo\u015b\u0107 to 10 sztuk.<\/li>\n<li><strong><span style=\"color: #ff6600;\">Format zewn\u0119trzny (d\u0142. x szer. x wys.):<\/span> <\/strong>20 x 180 x 170 mm<\/li>\n<li>Ekspozytor, podajnik na 33 patyczki<\/li>\n<li>Wielokrotnego u\u017cytku<\/li>\n<li>Do postawienia na blacie, stole, ladzie<\/li>\n<li>Konstrukcja z plexi czarnej i mleczno-bia\u0142ej<\/li>\n<li><strong><span style=\"color: #ff6600;\">Kod produktu:<\/span><\/strong> SDG20<\/li>\n<\/ul>\n","protected":false},"featured_media":15499,"template":"","meta":[],"product_brand":[],"product_cat":[891,826],"product_tag":[],"woo-feed-brand":[],"class_list":{"0":"post-15498","1":"product","2":"type-product","3":"status-publish","4":"has-post-thumbnail","6":"product_cat-pozostale-stojaki-horeca","7":"product_cat-wyposazenie-dla-horeca","9":"first","10":"onbackorder","11":"taxable","12":"shipping-taxable","13":"product-type-simple"},"yoast_head":"<!-- This site is optimized with the Yoast SEO plugin v27.5 - https:\/\/yoast.com\/product\/yoast-seo-wordpress\/ -->\n<title>Tacka z plexi na cake pops, lizaki do cukierni, na s\u0142odki st\u00f3\u0142 - Formedia<\/title>\n<meta name=\"description\" content=\"Producent wyrob\u00f3w z plexi. Sprawd\u017a Tacka z plexi na cake pops, lizaki do cukierni, na s\u0142odki st\u00f3\u0142. Indywidualne podej\u015bcie, w\u0142asne studio projektowe. Zapraszamy!\" \/>\n<meta name=\"robots\" content=\"index, follow, max-snippet:-1, max-image-preview:large, max-video-preview:-1\" \/>\n<link rel=\"canonical\" href=\"https:\/\/www.formedia.pl\/sklep\/produkt\/tacka-z-plexi-na-cake-pops-lizaki-do-cukierni-na-slodki-stol\/\" \/>\n<meta property=\"og:locale\" content=\"pl_PL\" \/>\n<meta property=\"og:type\" content=\"article\" \/>\n<meta property=\"og:title\" content=\"Tacka z plexi na cake pops, lizaki do cukierni, na s\u0142odki st\u00f3\u0142 - Formedia\" \/>\n<meta property=\"og:description\" content=\"Producent wyrob\u00f3w z plexi. Sprawd\u017a Tacka z plexi na cake pops, lizaki do cukierni, na s\u0142odki st\u00f3\u0142. Indywidualne podej\u015bcie, w\u0142asne studio projektowe. Zapraszamy!\" \/>\n<meta property=\"og:url\" content=\"https:\/\/www.formedia.pl\/sklep\/produkt\/tacka-z-plexi-na-cake-pops-lizaki-do-cukierni-na-slodki-stol\/\" \/>\n<meta property=\"og:site_name\" content=\"Formedia\" \/>\n<meta property=\"article:publisher\" content=\"https:\/\/www.facebook.com\/formedia.bydgoszcz\/\" \/>\n<meta property=\"article:modified_time\" content=\"2026-04-01T06:26:08+00:00\" \/>\n<meta property=\"og:image\" content=\"https:\/\/www.formedia.pl\/sklep\/wp-content\/uploads\/2021\/04\/tacka-do-cake-pops-plaska-z-plexi-cukiernia-slodki-stol-producent-formedia.jpg\" \/>\n\t<meta property=\"og:image:width\" content=\"500\" \/>\n\t<meta property=\"og:image:height\" content=\"500\" \/>\n\t<meta property=\"og:image:type\" content=\"image\/jpeg\" \/>\n<meta name=\"twitter:card\" content=\"summary_large_image\" \/>\n<meta name=\"twitter:label1\" content=\"Szacowany czas czytania\" \/>\n\t<meta name=\"twitter:data1\" content=\"1 minuta\" \/>\n<script type=\"application\/ld+json\" class=\"yoast-schema-graph\">{\"@context\":\"https:\\\/\\\/schema.org\",\"@graph\":[{\"@type\":\"WebPage\",\"@id\":\"https:\\\/\\\/www.formedia.pl\\\/sklep\\\/produkt\\\/tacka-z-plexi-na-cake-pops-lizaki-do-cukierni-na-slodki-stol\\\/\",\"url\":\"https:\\\/\\\/www.formedia.pl\\\/sklep\\\/produkt\\\/tacka-z-plexi-na-cake-pops-lizaki-do-cukierni-na-slodki-stol\\\/\",\"name\":\"Tacka z plexi na cake pops, lizaki do cukierni, na s\u0142odki st\u00f3\u0142 - Formedia\",\"isPartOf\":{\"@id\":\"https:\\\/\\\/www.formedia.pl\\\/sklep\\\/#website\"},\"primaryImageOfPage\":{\"@id\":\"https:\\\/\\\/www.formedia.pl\\\/sklep\\\/produkt\\\/tacka-z-plexi-na-cake-pops-lizaki-do-cukierni-na-slodki-stol\\\/#primaryimage\"},\"image\":{\"@id\":\"https:\\\/\\\/www.formedia.pl\\\/sklep\\\/produkt\\\/tacka-z-plexi-na-cake-pops-lizaki-do-cukierni-na-slodki-stol\\\/#primaryimage\"},\"thumbnailUrl\":\"https:\\\/\\\/www.formedia.pl\\\/sklep\\\/wp-content\\\/uploads\\\/2021\\\/04\\\/tacka-do-cake-pops-plaska-z-plexi-cukiernia-slodki-stol-producent-formedia.jpg\",\"datePublished\":\"2021-04-23T09:23:02+00:00\",\"dateModified\":\"2026-04-01T06:26:08+00:00\",\"description\":\"Producent wyrob\u00f3w z plexi. Sprawd\u017a Tacka z plexi na cake pops, lizaki do cukierni, na s\u0142odki st\u00f3\u0142. Indywidualne podej\u015bcie, w\u0142asne studio projektowe. Zapraszamy!\",\"breadcrumb\":{\"@id\":\"https:\\\/\\\/www.formedia.pl\\\/sklep\\\/produkt\\\/tacka-z-plexi-na-cake-pops-lizaki-do-cukierni-na-slodki-stol\\\/#breadcrumb\"},\"inLanguage\":\"pl-PL\",\"potentialAction\":[{\"@type\":\"ReadAction\",\"target\":[\"https:\\\/\\\/www.formedia.pl\\\/sklep\\\/produkt\\\/tacka-z-plexi-na-cake-pops-lizaki-do-cukierni-na-slodki-stol\\\/\"]}]},{\"@type\":\"ImageObject\",\"inLanguage\":\"pl-PL\",\"@id\":\"https:\\\/\\\/www.formedia.pl\\\/sklep\\\/produkt\\\/tacka-z-plexi-na-cake-pops-lizaki-do-cukierni-na-slodki-stol\\\/#primaryimage\",\"url\":\"https:\\\/\\\/www.formedia.pl\\\/sklep\\\/wp-content\\\/uploads\\\/2021\\\/04\\\/tacka-do-cake-pops-plaska-z-plexi-cukiernia-slodki-stol-producent-formedia.jpg\",\"contentUrl\":\"https:\\\/\\\/www.formedia.pl\\\/sklep\\\/wp-content\\\/uploads\\\/2021\\\/04\\\/tacka-do-cake-pops-plaska-z-plexi-cukiernia-slodki-stol-producent-formedia.jpg\",\"width\":500,\"height\":500,\"caption\":\"podk\u0142adka na cake pops czarna\"},{\"@type\":\"BreadcrumbList\",\"@id\":\"https:\\\/\\\/www.formedia.pl\\\/sklep\\\/produkt\\\/tacka-z-plexi-na-cake-pops-lizaki-do-cukierni-na-slodki-stol\\\/#breadcrumb\",\"itemListElement\":[{\"@type\":\"ListItem\",\"position\":1,\"name\":\"Strona g\u0142\u00f3wna\",\"item\":\"https:\\\/\\\/www.formedia.pl\\\/sklep\\\/\"},{\"@type\":\"ListItem\",\"position\":2,\"name\":\"Sklep\",\"item\":\"https:\\\/\\\/www.formedia.pl\\\/sklep\\\/\"},{\"@type\":\"ListItem\",\"position\":3,\"name\":\"Tacka z plexi na cake pops, lizaki do cukierni, na s\u0142odki st\u00f3\u0142\"}]},{\"@type\":\"WebSite\",\"@id\":\"https:\\\/\\\/www.formedia.pl\\\/sklep\\\/#website\",\"url\":\"https:\\\/\\\/www.formedia.pl\\\/sklep\\\/\",\"name\":\"Formedia\",\"description\":\"Producent wyrob\u00f3w z tworzyw sztucznych\",\"publisher\":{\"@id\":\"https:\\\/\\\/www.formedia.pl\\\/sklep\\\/#organization\"},\"alternateName\":\"Formedia\",\"potentialAction\":[{\"@type\":\"SearchAction\",\"target\":{\"@type\":\"EntryPoint\",\"urlTemplate\":\"https:\\\/\\\/www.formedia.pl\\\/sklep\\\/?s={search_term_string}\"},\"query-input\":{\"@type\":\"PropertyValueSpecification\",\"valueRequired\":true,\"valueName\":\"search_term_string\"}}],\"inLanguage\":\"pl-PL\"},{\"@type\":\"Organization\",\"@id\":\"https:\\\/\\\/www.formedia.pl\\\/sklep\\\/#organization\",\"name\":\"Formedia\",\"alternateName\":\"Formedia\",\"url\":\"https:\\\/\\\/www.formedia.pl\\\/sklep\\\/\",\"logo\":{\"@type\":\"ImageObject\",\"inLanguage\":\"pl-PL\",\"@id\":\"https:\\\/\\\/www.formedia.pl\\\/sklep\\\/#\\\/schema\\\/logo\\\/image\\\/\",\"url\":\"https:\\\/\\\/www.formedia.pl\\\/sklep\\\/wp-content\\\/uploads\\\/2025\\\/03\\\/1x1cropped-logo-WWW-ForMedia-bialy.png\",\"contentUrl\":\"https:\\\/\\\/www.formedia.pl\\\/sklep\\\/wp-content\\\/uploads\\\/2025\\\/03\\\/1x1cropped-logo-WWW-ForMedia-bialy.png\",\"width\":412,\"height\":412,\"caption\":\"Formedia\"},\"image\":{\"@id\":\"https:\\\/\\\/www.formedia.pl\\\/sklep\\\/#\\\/schema\\\/logo\\\/image\\\/\"},\"sameAs\":[\"https:\\\/\\\/www.facebook.com\\\/formedia.bydgoszcz\\\/\",\"https:\\\/\\\/www.youtube.com\\\/@formedia4306\"]}]}<\/script>\n<!-- \/ Yoast SEO plugin. -->","yoast_head_json":{"title":"Tacka z plexi na cake pops, lizaki do cukierni, na s\u0142odki st\u00f3\u0142 - Formedia","description":"Producent wyrob\u00f3w z plexi. Sprawd\u017a Tacka z plexi na cake pops, lizaki do cukierni, na s\u0142odki st\u00f3\u0142. Indywidualne podej\u015bcie, w\u0142asne studio projektowe. Zapraszamy!","robots":{"index":"index","follow":"follow","max-snippet":"max-snippet:-1","max-image-preview":"max-image-preview:large","max-video-preview":"max-video-preview:-1"},"canonical":"https:\/\/www.formedia.pl\/sklep\/produkt\/tacka-z-plexi-na-cake-pops-lizaki-do-cukierni-na-slodki-stol\/","og_locale":"pl_PL","og_type":"article","og_title":"Tacka z plexi na cake pops, lizaki do cukierni, na s\u0142odki st\u00f3\u0142 - Formedia","og_description":"Producent wyrob\u00f3w z plexi. Sprawd\u017a Tacka z plexi na cake pops, lizaki do cukierni, na s\u0142odki st\u00f3\u0142. Indywidualne podej\u015bcie, w\u0142asne studio projektowe. Zapraszamy!","og_url":"https:\/\/www.formedia.pl\/sklep\/produkt\/tacka-z-plexi-na-cake-pops-lizaki-do-cukierni-na-slodki-stol\/","og_site_name":"Formedia","article_publisher":"https:\/\/www.facebook.com\/formedia.bydgoszcz\/","article_modified_time":"2026-04-01T06:26:08+00:00","og_image":[{"width":500,"height":500,"url":"https:\/\/www.formedia.pl\/sklep\/wp-content\/uploads\/2021\/04\/tacka-do-cake-pops-plaska-z-plexi-cukiernia-slodki-stol-producent-formedia.jpg","type":"image\/jpeg"}],"twitter_card":"summary_large_image","twitter_misc":{"Szacowany czas czytania":"1 minuta"},"schema":{"@context":"https:\/\/schema.org","@graph":[{"@type":"WebPage","@id":"https:\/\/www.formedia.pl\/sklep\/produkt\/tacka-z-plexi-na-cake-pops-lizaki-do-cukierni-na-slodki-stol\/","url":"https:\/\/www.formedia.pl\/sklep\/produkt\/tacka-z-plexi-na-cake-pops-lizaki-do-cukierni-na-slodki-stol\/","name":"Tacka z plexi na cake pops, lizaki do cukierni, na s\u0142odki st\u00f3\u0142 - Formedia","isPartOf":{"@id":"https:\/\/www.formedia.pl\/sklep\/#website"},"primaryImageOfPage":{"@id":"https:\/\/www.formedia.pl\/sklep\/produkt\/tacka-z-plexi-na-cake-pops-lizaki-do-cukierni-na-slodki-stol\/#primaryimage"},"image":{"@id":"https:\/\/www.formedia.pl\/sklep\/produkt\/tacka-z-plexi-na-cake-pops-lizaki-do-cukierni-na-slodki-stol\/#primaryimage"},"thumbnailUrl":"https:\/\/www.formedia.pl\/sklep\/wp-content\/uploads\/2021\/04\/tacka-do-cake-pops-plaska-z-plexi-cukiernia-slodki-stol-producent-formedia.jpg","datePublished":"2021-04-23T09:23:02+00:00","dateModified":"2026-04-01T06:26:08+00:00","description":"Producent wyrob\u00f3w z plexi. Sprawd\u017a Tacka z plexi na cake pops, lizaki do cukierni, na s\u0142odki st\u00f3\u0142. Indywidualne podej\u015bcie, w\u0142asne studio projektowe. Zapraszamy!","breadcrumb":{"@id":"https:\/\/www.formedia.pl\/sklep\/produkt\/tacka-z-plexi-na-cake-pops-lizaki-do-cukierni-na-slodki-stol\/#breadcrumb"},"inLanguage":"pl-PL","potentialAction":[{"@type":"ReadAction","target":["https:\/\/www.formedia.pl\/sklep\/produkt\/tacka-z-plexi-na-cake-pops-lizaki-do-cukierni-na-slodki-stol\/"]}]},{"@type":"ImageObject","inLanguage":"pl-PL","@id":"https:\/\/www.formedia.pl\/sklep\/produkt\/tacka-z-plexi-na-cake-pops-lizaki-do-cukierni-na-slodki-stol\/#primaryimage","url":"https:\/\/www.formedia.pl\/sklep\/wp-content\/uploads\/2021\/04\/tacka-do-cake-pops-plaska-z-plexi-cukiernia-slodki-stol-producent-formedia.jpg","contentUrl":"https:\/\/www.formedia.pl\/sklep\/wp-content\/uploads\/2021\/04\/tacka-do-cake-pops-plaska-z-plexi-cukiernia-slodki-stol-producent-formedia.jpg","width":500,"height":500,"caption":"podk\u0142adka na cake pops czarna"},{"@type":"BreadcrumbList","@id":"https:\/\/www.formedia.pl\/sklep\/produkt\/tacka-z-plexi-na-cake-pops-lizaki-do-cukierni-na-slodki-stol\/#breadcrumb","itemListElement":[{"@type":"ListItem","position":1,"name":"Strona g\u0142\u00f3wna","item":"https:\/\/www.formedia.pl\/sklep\/"},{"@type":"ListItem","position":2,"name":"Sklep","item":"https:\/\/www.formedia.pl\/sklep\/"},{"@type":"ListItem","position":3,"name":"Tacka z plexi na cake pops, lizaki do cukierni, na s\u0142odki st\u00f3\u0142"}]},{"@type":"WebSite","@id":"https:\/\/www.formedia.pl\/sklep\/#website","url":"https:\/\/www.formedia.pl\/sklep\/","name":"Formedia","description":"Producent wyrob\u00f3w z tworzyw sztucznych","publisher":{"@id":"https:\/\/www.formedia.pl\/sklep\/#organization"},"alternateName":"Formedia","potentialAction":[{"@type":"SearchAction","target":{"@type":"EntryPoint","urlTemplate":"https:\/\/www.formedia.pl\/sklep\/?s={search_term_string}"},"query-input":{"@type":"PropertyValueSpecification","valueRequired":true,"valueName":"search_term_string"}}],"inLanguage":"pl-PL"},{"@type":"Organization","@id":"https:\/\/www.formedia.pl\/sklep\/#organization","name":"Formedia","alternateName":"Formedia","url":"https:\/\/www.formedia.pl\/sklep\/","logo":{"@type":"ImageObject","inLanguage":"pl-PL","@id":"https:\/\/www.formedia.pl\/sklep\/#\/schema\/logo\/image\/","url":"https:\/\/www.formedia.pl\/sklep\/wp-content\/uploads\/2025\/03\/1x1cropped-logo-WWW-ForMedia-bialy.png","contentUrl":"https:\/\/www.formedia.pl\/sklep\/wp-content\/uploads\/2025\/03\/1x1cropped-logo-WWW-ForMedia-bialy.png","width":412,"height":412,"caption":"Formedia"},"image":{"@id":"https:\/\/www.formedia.pl\/sklep\/#\/schema\/logo\/image\/"},"sameAs":["https:\/\/www.facebook.com\/formedia.bydgoszcz\/","https:\/\/www.youtube.com\/@formedia4306"]}]}},"_links":{"self":[{"href":"https:\/\/www.formedia.pl\/sklep\/wp-json\/wp\/v2\/product\/15498","targetHints":{"allow":["GET"]}}],"collection":[{"href":"https:\/\/www.formedia.pl\/sklep\/wp-json\/wp\/v2\/product"}],"about":[{"href":"https:\/\/www.formedia.pl\/sklep\/wp-json\/wp\/v2\/types\/product"}],"wp:featuredmedia":[{"embeddable":true,"href":"https:\/\/www.formedia.pl\/sklep\/wp-json\/wp\/v2\/media\/15499"}],"wp:attachment":[{"href":"https:\/\/www.formedia.pl\/sklep\/wp-json\/wp\/v2\/media?parent=15498"}],"wp:term":[{"taxonomy":"product_brand","embeddable":true,"href":"https:\/\/www.formedia.pl\/sklep\/wp-json\/wp\/v2\/product_brand?post=15498"},{"taxonomy":"product_cat","embeddable":true,"href":"https:\/\/www.formedia.pl\/sklep\/wp-json\/wp\/v2\/product_cat?post=15498"},{"taxonomy":"product_tag","embeddable":true,"href":"https:\/\/www.formedia.pl\/sklep\/wp-json\/wp\/v2\/product_tag?post=15498"},{"taxonomy":"woo-feed-brand","embeddable":true,"href":"https:\/\/www.formedia.pl\/sklep\/wp-json\/wp\/v2\/woo-feed-brand?post=15498"}],"curies":[{"name":"wp","href":"https:\/\/api.w.org\/{rel}","templated":true}]}}