{"id":1571,"date":"2019-04-26T12:32:48","date_gmt":"2019-04-26T10:32:48","guid":{"rendered":"https:\/\/www.formedia.pl\/sklep\/?post_type=product&#038;p=1571"},"modified":"2026-04-01T08:24:36","modified_gmt":"2026-04-01T06:24:36","slug":"stojak-z-plexi-na-bizuterie-prezenter-na-naszyjniki-popiersie-wys-20cm-10-snbpop11","status":"publish","type":"product","link":"https:\/\/www.formedia.pl\/sklep\/produkt\/stojak-z-plexi-na-bizuterie-prezenter-na-naszyjniki-popiersie-wys-20cm-10-snbpop11\/","title":{"rendered":"Bezbarwne popiersie z plexi, stojak prezenter na bi\u017cuteri\u0119 wys. 20 cm, 10 sztuk SNBPOP11"},"content":{"rendered":"<h2><span style=\"color: #ff6600;\"><span style=\"vertical-align: inherit;\"><span style=\"vertical-align: inherit;\">Poznaj sekretj prezentacji bi\u017cuterii w salonie jubilerskim<\/span><\/span><\/span><\/h2>\n<p><span style=\"vertical-align: inherit;\"><span style=\"vertical-align: inherit;\">Mo\u017cesz tworzy\u0107 stoiska znudzenia razem ze stojakami do prezentacji. <\/span><span style=\"vertical-align: inherit;\">Prezentacja z wykonan\u0105 plexi w uk\u0142adach z rz\u0119dami uk\u0142adowymi z uk\u0142adem zawieszenia korali, \u0142a\u0144cuszk\u00f3w, celety s\u0105 ponadczasowe, uk\u0142ady wystawiennicze. <\/span><span style=\"vertical-align: inherit;\">Dzi\u0119ki prze\u017aroczysto\u015bci plexi ekspozytory b\u0119d\u0105 subtelnym podkre\u015bleniem Twojego towaru. <\/span><span style=\"vertical-align: inherit;\">Na prze\u0142omie \u015bciance gabloty mo\u017cesz ponownie wymieni\u0107 z motywem przewodnim, kt\u00f3rego stojaczki nie zas\u0142oni\u0105. <\/span><span style=\"vertical-align: inherit;\">Dzi\u0119ki takiemu zabiegowi ka\u017cda kolekcja bi\u017cuterii b\u0119dzie w oddziale. <\/span><span style=\"vertical-align: inherit;\">Zyskasz ponadowe popiersia, kt\u00f3re czas s\u0105 na d\u0142ugi czas. <\/span><span style=\"vertical-align: inherit;\">Tylko od Ciebie zale\u017cy, co i jak chcesz pokaza\u0107. <\/span><span style=\"vertical-align: inherit;\">Zobacz ofert\u0119 <\/span><\/span><span style=\"color: #333333;\"><a style=\"color: #333333;\" href=\"https:\/\/www.formedia.pl\/sklep\/kategoria-produktu\/oferta\/prezentery-z-plexi-oferta\/stojaki-na-bizuterie\/\"><strong><span style=\"vertical-align: inherit;\"><span style=\"vertical-align: inherit;\">gad\u017cet\u00f3w wystawienniczych do bi\u017cuterii od producenta<\/span><\/span><\/strong><\/a><\/span><span style=\"vertical-align: inherit;\"><span style=\"vertical-align: inherit;\"> Formedia i ciesz\u00f3w si\u0119 prezenti\u0105 prezentacj\u0105 Twoich kolczyk\u00f3w zegark\u00f3w, bransoletek, zegark\u00f3w, zawieszek, korali, celebrytek.<\/span><\/span><\/p>\n<p><strong><span style=\"vertical-align: inherit;\"><span style=\"vertical-align: inherit;\">UWAGA! <\/span><\/span><\/strong><\/p>\n<ul>\n<li>Na fotografii jest przyk\u0142adowa prezentacja produktu.<\/li>\n<li>Inne wzory, kszta\u0142ty, kolory tworzywa mo\u017cemy wykona\u0107 dla Pa\u0144stwa na zam\u00f3wienie mailowe. Przed z\u0142o\u017ceniem zam\u00f3wienia indywidualnego prosimy o kontakt z naszym biurem obs\u0142ugi klienta w celu ustalenia szczeg\u00f3\u0142\u00f3w:\u00a0<strong><a href=\"tel:+48661036036\">tel. 661 036 036<\/a><\/strong><\/li>\n<li>Oferujemy r\u00f3wnie\u017c znakowanie metod\u0105 grawerowania oraz nadruku utwardzanego \u015bwiat\u0142em UV.<\/li>\n<li>Druk UV wykonujemy m.in. na: plexi, szkle, dibondzie, drewnie, kartonie, metalu, PCV.<\/li>\n<li>Wyroby z plexi zabezpieczone s\u0105 foli\u0105 ochronn\u0105. Przed u\u017cyciem nale\u017cy j\u0105 \u015bci\u0105gn\u0105\u0107.<\/li>\n<li>Sprawd\u017a\u00a0paczk\u0119\u00a0przy kurierze i oce\u0144\u00a0czy zawarto\u015b\u0107\u00a0nie jest uszkodzona! Protok\u00f3\u0142\u00a0szkody jest jedyn\u0105\u00a0podstaw\u0105\u00a0do reklamacji.<\/li>\n<\/ul>\n","protected":false},"excerpt":{"rendered":"<ul>\n<li><span style=\"color: #ff6600;\"><strong><span style=\"vertical-align: inherit;\"><span style=\"vertical-align: inherit;\">Wymiary stojaka (d\u0142. x szer. x wys.):<\/span><\/span><\/strong> <\/span><span style=\"vertical-align: inherit;\"><span style=\"vertical-align: inherit;\"> 80 x 130 x 200 mm<\/span><\/span><\/li>\n<li><strong><span style=\"color: #ff6600;\"><span style=\"vertical-align: inherit;\"><span style=\"vertical-align: inherit;\">Materia\u0142:<\/span><\/span><\/span><\/strong><span style=\"vertical-align: inherit;\"><span style=\"vertical-align: inherit;\"> pleksi materia\u0142a<\/span><\/span><\/li>\n<li><strong><span style=\"color: #ff6600;\"><span style=\"vertical-align: inherit;\"><span style=\"vertical-align: inherit;\">Grubo\u015b\u0107:<\/span><\/span><\/span> <\/strong><span style=\"vertical-align: inherit;\"><span style=\"vertical-align: inherit;\"> 2 mm<\/span><\/span><\/li>\n<li><strong><span style=\"color: #ff6600;\"><span style=\"vertical-align: inherit;\"><span style=\"vertical-align: inherit;\">Kod produktu:<\/span><\/span><\/span> <\/strong><span style=\"vertical-align: inherit;\"><span style=\"vertical-align: inherit;\"> SNBPOP11<\/span><\/span><\/li>\n<\/ul>\n","protected":false},"featured_media":17771,"template":"","meta":[],"product_brand":[],"product_cat":[707,870],"product_tag":[],"woo-feed-brand":[],"class_list":{"0":"post-1571","1":"product","2":"type-product","3":"status-publish","4":"has-post-thumbnail","6":"product_cat-ekspozytor-prezenter","7":"product_cat-stojaki-na-bizuterie","9":"first","10":"instock","11":"taxable","12":"shipping-taxable","13":"purchasable","14":"product-type-simple"},"yoast_head":"<!-- This site is optimized with the Yoast SEO plugin v27.5 - https:\/\/yoast.com\/product\/yoast-seo-wordpress\/ -->\n<title>Bezbarwne popiersie z plexi, stojak prezenter na bi\u017cuteri\u0119 wys. 20 cm, 10 sztuk SNBPOP11 - Formedia<\/title>\n<meta name=\"description\" content=\"Producent wyrob\u00f3w z plexi. Sprawd\u017a Bezbarwne popiersie z plexi, stojak prezenter na bi\u017cuteri\u0119 wys. 20 cm, 10 sztuk SNBPOP11. Indywidualne podej\u015bcie, w\u0142asne studio projektowe. Zapraszamy!\" \/>\n<meta name=\"robots\" content=\"index, follow, max-snippet:-1, max-image-preview:large, max-video-preview:-1\" \/>\n<link rel=\"canonical\" href=\"https:\/\/www.formedia.pl\/sklep\/produkt\/stojak-z-plexi-na-bizuterie-prezenter-na-naszyjniki-popiersie-wys-20cm-10-snbpop11\/\" \/>\n<meta property=\"og:locale\" content=\"pl_PL\" \/>\n<meta property=\"og:type\" content=\"article\" \/>\n<meta property=\"og:title\" content=\"Bezbarwne popiersie z plexi, stojak prezenter na bi\u017cuteri\u0119 wys. 20 cm, 10 sztuk SNBPOP11 - Formedia\" \/>\n<meta property=\"og:description\" content=\"Producent wyrob\u00f3w z plexi. Sprawd\u017a Bezbarwne popiersie z plexi, stojak prezenter na bi\u017cuteri\u0119 wys. 20 cm, 10 sztuk SNBPOP11. Indywidualne podej\u015bcie, w\u0142asne studio projektowe. Zapraszamy!\" \/>\n<meta property=\"og:url\" content=\"https:\/\/www.formedia.pl\/sklep\/produkt\/stojak-z-plexi-na-bizuterie-prezenter-na-naszyjniki-popiersie-wys-20cm-10-snbpop11\/\" \/>\n<meta property=\"og:site_name\" content=\"Formedia\" \/>\n<meta property=\"article:publisher\" content=\"https:\/\/www.facebook.com\/formedia.bydgoszcz\/\" \/>\n<meta property=\"article:modified_time\" content=\"2026-04-01T06:24:36+00:00\" \/>\n<meta property=\"og:image\" content=\"https:\/\/www.formedia.pl\/sklep\/wp-content\/uploads\/2019\/04\/bezbarwny-ekspozytor-popiersie-w-ksztalcie-liscia-boho-glamour.jpg\" \/>\n\t<meta property=\"og:image:width\" content=\"602\" \/>\n\t<meta property=\"og:image:height\" content=\"602\" \/>\n\t<meta property=\"og:image:type\" content=\"image\/jpeg\" \/>\n<meta name=\"twitter:card\" content=\"summary_large_image\" \/>\n<meta name=\"twitter:label1\" content=\"Szacowany czas czytania\" \/>\n\t<meta name=\"twitter:data1\" content=\"1 minuta\" \/>\n<script type=\"application\/ld+json\" class=\"yoast-schema-graph\">{\"@context\":\"https:\\\/\\\/schema.org\",\"@graph\":[{\"@type\":\"WebPage\",\"@id\":\"https:\\\/\\\/www.formedia.pl\\\/sklep\\\/produkt\\\/stojak-z-plexi-na-bizuterie-prezenter-na-naszyjniki-popiersie-wys-20cm-10-snbpop11\\\/\",\"url\":\"https:\\\/\\\/www.formedia.pl\\\/sklep\\\/produkt\\\/stojak-z-plexi-na-bizuterie-prezenter-na-naszyjniki-popiersie-wys-20cm-10-snbpop11\\\/\",\"name\":\"Bezbarwne popiersie z plexi, stojak prezenter na bi\u017cuteri\u0119 wys. 20 cm, 10 sztuk SNBPOP11 - Formedia\",\"isPartOf\":{\"@id\":\"https:\\\/\\\/www.formedia.pl\\\/sklep\\\/#website\"},\"primaryImageOfPage\":{\"@id\":\"https:\\\/\\\/www.formedia.pl\\\/sklep\\\/produkt\\\/stojak-z-plexi-na-bizuterie-prezenter-na-naszyjniki-popiersie-wys-20cm-10-snbpop11\\\/#primaryimage\"},\"image\":{\"@id\":\"https:\\\/\\\/www.formedia.pl\\\/sklep\\\/produkt\\\/stojak-z-plexi-na-bizuterie-prezenter-na-naszyjniki-popiersie-wys-20cm-10-snbpop11\\\/#primaryimage\"},\"thumbnailUrl\":\"https:\\\/\\\/www.formedia.pl\\\/sklep\\\/wp-content\\\/uploads\\\/2019\\\/04\\\/bezbarwny-ekspozytor-popiersie-w-ksztalcie-liscia-boho-glamour.jpg\",\"datePublished\":\"2019-04-26T10:32:48+00:00\",\"dateModified\":\"2026-04-01T06:24:36+00:00\",\"description\":\"Producent wyrob\u00f3w z plexi. Sprawd\u017a Bezbarwne popiersie z plexi, stojak prezenter na bi\u017cuteri\u0119 wys. 20 cm, 10 sztuk SNBPOP11. Indywidualne podej\u015bcie, w\u0142asne studio projektowe. Zapraszamy!\",\"breadcrumb\":{\"@id\":\"https:\\\/\\\/www.formedia.pl\\\/sklep\\\/produkt\\\/stojak-z-plexi-na-bizuterie-prezenter-na-naszyjniki-popiersie-wys-20cm-10-snbpop11\\\/#breadcrumb\"},\"inLanguage\":\"pl-PL\",\"potentialAction\":[{\"@type\":\"ReadAction\",\"target\":[\"https:\\\/\\\/www.formedia.pl\\\/sklep\\\/produkt\\\/stojak-z-plexi-na-bizuterie-prezenter-na-naszyjniki-popiersie-wys-20cm-10-snbpop11\\\/\"]}]},{\"@type\":\"ImageObject\",\"inLanguage\":\"pl-PL\",\"@id\":\"https:\\\/\\\/www.formedia.pl\\\/sklep\\\/produkt\\\/stojak-z-plexi-na-bizuterie-prezenter-na-naszyjniki-popiersie-wys-20cm-10-snbpop11\\\/#primaryimage\",\"url\":\"https:\\\/\\\/www.formedia.pl\\\/sklep\\\/wp-content\\\/uploads\\\/2019\\\/04\\\/bezbarwny-ekspozytor-popiersie-w-ksztalcie-liscia-boho-glamour.jpg\",\"contentUrl\":\"https:\\\/\\\/www.formedia.pl\\\/sklep\\\/wp-content\\\/uploads\\\/2019\\\/04\\\/bezbarwny-ekspozytor-popiersie-w-ksztalcie-liscia-boho-glamour.jpg\",\"width\":602,\"height\":602,\"caption\":\"stojak na wiele bi\u017cuterii w kszta\u0142cie li\u015bcia\"},{\"@type\":\"BreadcrumbList\",\"@id\":\"https:\\\/\\\/www.formedia.pl\\\/sklep\\\/produkt\\\/stojak-z-plexi-na-bizuterie-prezenter-na-naszyjniki-popiersie-wys-20cm-10-snbpop11\\\/#breadcrumb\",\"itemListElement\":[{\"@type\":\"ListItem\",\"position\":1,\"name\":\"Strona g\u0142\u00f3wna\",\"item\":\"https:\\\/\\\/www.formedia.pl\\\/sklep\\\/\"},{\"@type\":\"ListItem\",\"position\":2,\"name\":\"Sklep\",\"item\":\"https:\\\/\\\/www.formedia.pl\\\/sklep\\\/\"},{\"@type\":\"ListItem\",\"position\":3,\"name\":\"Bezbarwne popiersie z plexi, stojak prezenter na bi\u017cuteri\u0119 wys. 20 cm, 10 sztuk SNBPOP11\"}]},{\"@type\":\"WebSite\",\"@id\":\"https:\\\/\\\/www.formedia.pl\\\/sklep\\\/#website\",\"url\":\"https:\\\/\\\/www.formedia.pl\\\/sklep\\\/\",\"name\":\"Formedia\",\"description\":\"Producent wyrob\u00f3w z tworzyw sztucznych\",\"publisher\":{\"@id\":\"https:\\\/\\\/www.formedia.pl\\\/sklep\\\/#organization\"},\"alternateName\":\"Formedia\",\"potentialAction\":[{\"@type\":\"SearchAction\",\"target\":{\"@type\":\"EntryPoint\",\"urlTemplate\":\"https:\\\/\\\/www.formedia.pl\\\/sklep\\\/?s={search_term_string}\"},\"query-input\":{\"@type\":\"PropertyValueSpecification\",\"valueRequired\":true,\"valueName\":\"search_term_string\"}}],\"inLanguage\":\"pl-PL\"},{\"@type\":\"Organization\",\"@id\":\"https:\\\/\\\/www.formedia.pl\\\/sklep\\\/#organization\",\"name\":\"Formedia\",\"alternateName\":\"Formedia\",\"url\":\"https:\\\/\\\/www.formedia.pl\\\/sklep\\\/\",\"logo\":{\"@type\":\"ImageObject\",\"inLanguage\":\"pl-PL\",\"@id\":\"https:\\\/\\\/www.formedia.pl\\\/sklep\\\/#\\\/schema\\\/logo\\\/image\\\/\",\"url\":\"https:\\\/\\\/www.formedia.pl\\\/sklep\\\/wp-content\\\/uploads\\\/2025\\\/03\\\/1x1cropped-logo-WWW-ForMedia-bialy.png\",\"contentUrl\":\"https:\\\/\\\/www.formedia.pl\\\/sklep\\\/wp-content\\\/uploads\\\/2025\\\/03\\\/1x1cropped-logo-WWW-ForMedia-bialy.png\",\"width\":412,\"height\":412,\"caption\":\"Formedia\"},\"image\":{\"@id\":\"https:\\\/\\\/www.formedia.pl\\\/sklep\\\/#\\\/schema\\\/logo\\\/image\\\/\"},\"sameAs\":[\"https:\\\/\\\/www.facebook.com\\\/formedia.bydgoszcz\\\/\",\"https:\\\/\\\/www.youtube.com\\\/@formedia4306\"]}]}<\/script>\n<!-- \/ Yoast SEO plugin. -->","yoast_head_json":{"title":"Bezbarwne popiersie z plexi, stojak prezenter na bi\u017cuteri\u0119 wys. 20 cm, 10 sztuk SNBPOP11 - Formedia","description":"Producent wyrob\u00f3w z plexi. Sprawd\u017a Bezbarwne popiersie z plexi, stojak prezenter na bi\u017cuteri\u0119 wys. 20 cm, 10 sztuk SNBPOP11. Indywidualne podej\u015bcie, w\u0142asne studio projektowe. Zapraszamy!","robots":{"index":"index","follow":"follow","max-snippet":"max-snippet:-1","max-image-preview":"max-image-preview:large","max-video-preview":"max-video-preview:-1"},"canonical":"https:\/\/www.formedia.pl\/sklep\/produkt\/stojak-z-plexi-na-bizuterie-prezenter-na-naszyjniki-popiersie-wys-20cm-10-snbpop11\/","og_locale":"pl_PL","og_type":"article","og_title":"Bezbarwne popiersie z plexi, stojak prezenter na bi\u017cuteri\u0119 wys. 20 cm, 10 sztuk SNBPOP11 - Formedia","og_description":"Producent wyrob\u00f3w z plexi. Sprawd\u017a Bezbarwne popiersie z plexi, stojak prezenter na bi\u017cuteri\u0119 wys. 20 cm, 10 sztuk SNBPOP11. Indywidualne podej\u015bcie, w\u0142asne studio projektowe. Zapraszamy!","og_url":"https:\/\/www.formedia.pl\/sklep\/produkt\/stojak-z-plexi-na-bizuterie-prezenter-na-naszyjniki-popiersie-wys-20cm-10-snbpop11\/","og_site_name":"Formedia","article_publisher":"https:\/\/www.facebook.com\/formedia.bydgoszcz\/","article_modified_time":"2026-04-01T06:24:36+00:00","og_image":[{"width":602,"height":602,"url":"https:\/\/www.formedia.pl\/sklep\/wp-content\/uploads\/2019\/04\/bezbarwny-ekspozytor-popiersie-w-ksztalcie-liscia-boho-glamour.jpg","type":"image\/jpeg"}],"twitter_card":"summary_large_image","twitter_misc":{"Szacowany czas czytania":"1 minuta"},"schema":{"@context":"https:\/\/schema.org","@graph":[{"@type":"WebPage","@id":"https:\/\/www.formedia.pl\/sklep\/produkt\/stojak-z-plexi-na-bizuterie-prezenter-na-naszyjniki-popiersie-wys-20cm-10-snbpop11\/","url":"https:\/\/www.formedia.pl\/sklep\/produkt\/stojak-z-plexi-na-bizuterie-prezenter-na-naszyjniki-popiersie-wys-20cm-10-snbpop11\/","name":"Bezbarwne popiersie z plexi, stojak prezenter na bi\u017cuteri\u0119 wys. 20 cm, 10 sztuk SNBPOP11 - Formedia","isPartOf":{"@id":"https:\/\/www.formedia.pl\/sklep\/#website"},"primaryImageOfPage":{"@id":"https:\/\/www.formedia.pl\/sklep\/produkt\/stojak-z-plexi-na-bizuterie-prezenter-na-naszyjniki-popiersie-wys-20cm-10-snbpop11\/#primaryimage"},"image":{"@id":"https:\/\/www.formedia.pl\/sklep\/produkt\/stojak-z-plexi-na-bizuterie-prezenter-na-naszyjniki-popiersie-wys-20cm-10-snbpop11\/#primaryimage"},"thumbnailUrl":"https:\/\/www.formedia.pl\/sklep\/wp-content\/uploads\/2019\/04\/bezbarwny-ekspozytor-popiersie-w-ksztalcie-liscia-boho-glamour.jpg","datePublished":"2019-04-26T10:32:48+00:00","dateModified":"2026-04-01T06:24:36+00:00","description":"Producent wyrob\u00f3w z plexi. Sprawd\u017a Bezbarwne popiersie z plexi, stojak prezenter na bi\u017cuteri\u0119 wys. 20 cm, 10 sztuk SNBPOP11. Indywidualne podej\u015bcie, w\u0142asne studio projektowe. Zapraszamy!","breadcrumb":{"@id":"https:\/\/www.formedia.pl\/sklep\/produkt\/stojak-z-plexi-na-bizuterie-prezenter-na-naszyjniki-popiersie-wys-20cm-10-snbpop11\/#breadcrumb"},"inLanguage":"pl-PL","potentialAction":[{"@type":"ReadAction","target":["https:\/\/www.formedia.pl\/sklep\/produkt\/stojak-z-plexi-na-bizuterie-prezenter-na-naszyjniki-popiersie-wys-20cm-10-snbpop11\/"]}]},{"@type":"ImageObject","inLanguage":"pl-PL","@id":"https:\/\/www.formedia.pl\/sklep\/produkt\/stojak-z-plexi-na-bizuterie-prezenter-na-naszyjniki-popiersie-wys-20cm-10-snbpop11\/#primaryimage","url":"https:\/\/www.formedia.pl\/sklep\/wp-content\/uploads\/2019\/04\/bezbarwny-ekspozytor-popiersie-w-ksztalcie-liscia-boho-glamour.jpg","contentUrl":"https:\/\/www.formedia.pl\/sklep\/wp-content\/uploads\/2019\/04\/bezbarwny-ekspozytor-popiersie-w-ksztalcie-liscia-boho-glamour.jpg","width":602,"height":602,"caption":"stojak na wiele bi\u017cuterii w kszta\u0142cie li\u015bcia"},{"@type":"BreadcrumbList","@id":"https:\/\/www.formedia.pl\/sklep\/produkt\/stojak-z-plexi-na-bizuterie-prezenter-na-naszyjniki-popiersie-wys-20cm-10-snbpop11\/#breadcrumb","itemListElement":[{"@type":"ListItem","position":1,"name":"Strona g\u0142\u00f3wna","item":"https:\/\/www.formedia.pl\/sklep\/"},{"@type":"ListItem","position":2,"name":"Sklep","item":"https:\/\/www.formedia.pl\/sklep\/"},{"@type":"ListItem","position":3,"name":"Bezbarwne popiersie z plexi, stojak prezenter na bi\u017cuteri\u0119 wys. 20 cm, 10 sztuk SNBPOP11"}]},{"@type":"WebSite","@id":"https:\/\/www.formedia.pl\/sklep\/#website","url":"https:\/\/www.formedia.pl\/sklep\/","name":"Formedia","description":"Producent wyrob\u00f3w z tworzyw sztucznych","publisher":{"@id":"https:\/\/www.formedia.pl\/sklep\/#organization"},"alternateName":"Formedia","potentialAction":[{"@type":"SearchAction","target":{"@type":"EntryPoint","urlTemplate":"https:\/\/www.formedia.pl\/sklep\/?s={search_term_string}"},"query-input":{"@type":"PropertyValueSpecification","valueRequired":true,"valueName":"search_term_string"}}],"inLanguage":"pl-PL"},{"@type":"Organization","@id":"https:\/\/www.formedia.pl\/sklep\/#organization","name":"Formedia","alternateName":"Formedia","url":"https:\/\/www.formedia.pl\/sklep\/","logo":{"@type":"ImageObject","inLanguage":"pl-PL","@id":"https:\/\/www.formedia.pl\/sklep\/#\/schema\/logo\/image\/","url":"https:\/\/www.formedia.pl\/sklep\/wp-content\/uploads\/2025\/03\/1x1cropped-logo-WWW-ForMedia-bialy.png","contentUrl":"https:\/\/www.formedia.pl\/sklep\/wp-content\/uploads\/2025\/03\/1x1cropped-logo-WWW-ForMedia-bialy.png","width":412,"height":412,"caption":"Formedia"},"image":{"@id":"https:\/\/www.formedia.pl\/sklep\/#\/schema\/logo\/image\/"},"sameAs":["https:\/\/www.facebook.com\/formedia.bydgoszcz\/","https:\/\/www.youtube.com\/@formedia4306"]}]}},"_links":{"self":[{"href":"https:\/\/www.formedia.pl\/sklep\/wp-json\/wp\/v2\/product\/1571","targetHints":{"allow":["GET"]}}],"collection":[{"href":"https:\/\/www.formedia.pl\/sklep\/wp-json\/wp\/v2\/product"}],"about":[{"href":"https:\/\/www.formedia.pl\/sklep\/wp-json\/wp\/v2\/types\/product"}],"wp:featuredmedia":[{"embeddable":true,"href":"https:\/\/www.formedia.pl\/sklep\/wp-json\/wp\/v2\/media\/17771"}],"wp:attachment":[{"href":"https:\/\/www.formedia.pl\/sklep\/wp-json\/wp\/v2\/media?parent=1571"}],"wp:term":[{"taxonomy":"product_brand","embeddable":true,"href":"https:\/\/www.formedia.pl\/sklep\/wp-json\/wp\/v2\/product_brand?post=1571"},{"taxonomy":"product_cat","embeddable":true,"href":"https:\/\/www.formedia.pl\/sklep\/wp-json\/wp\/v2\/product_cat?post=1571"},{"taxonomy":"product_tag","embeddable":true,"href":"https:\/\/www.formedia.pl\/sklep\/wp-json\/wp\/v2\/product_tag?post=1571"},{"taxonomy":"woo-feed-brand","embeddable":true,"href":"https:\/\/www.formedia.pl\/sklep\/wp-json\/wp\/v2\/woo-feed-brand?post=1571"}],"curies":[{"name":"wp","href":"https:\/\/api.w.org\/{rel}","templated":true}]}}