{"id":15780,"date":"2021-04-27T12:39:26","date_gmt":"2021-04-27T10:39:26","guid":{"rendered":"https:\/\/www.formedia.pl\/sklep\/?post_type=product&#038;p=15780"},"modified":"2026-04-01T08:26:09","modified_gmt":"2026-04-01T06:26:09","slug":"mini-gablota-do-ciastek-polka-z-plexi-do-cukierni-sklepu","status":"publish","type":"product","link":"https:\/\/www.formedia.pl\/sklep\/produkt\/mini-gablota-do-ciastek-polka-z-plexi-do-cukierni-sklepu\/","title":{"rendered":"Mini gablota do ciastek, p\u00f3\u0142ka z plexi do cukierni, sklepu"},"content":{"rendered":"<h2 align=\"JUSTIFY\"><span style=\"color: #ff6600;\">Pude\u0142ko z p\u00f3\u0142kami do cukierni, warzywniaka<\/span><\/h2>\n<p align=\"JUSTIFY\">Gablotka posiada trzy poziomy do prezentacji, kt\u00f3re s\u0105 wykonane z bezbarwnego tworzywa. Dzi\u0119ki czemu ka\u017cdy ze stopni nie zas\u0142ania produkt\u00f3w nad lub pod nim si\u0119 znajduj\u0105cych. Przeznaczona do prezentacji i wydawania wszelkich ciast, bu\u0142ek, ciastek. Produkt wykonany jest w ca\u0142o\u015bci z prze\u017aroczystej plexi. Kraw\u0119dzie s\u0105 g\u0142adkie, a klejenie estetyczne. Sprawdzaj\u0105 si\u0119 w ekspozycji produkt\u00f3w na ladach, wi\u0119kszych rega\u0142ach, sto\u0142ach. Dodatkowo do konstrukcji na zam\u00f3wienie mo\u017cna dorobi\u0107 drzwiczki na zawiasach do lepszej ochrony produkt\u00f3w i przechowywania ich w d\u0142u\u017cszej \u015bwie\u017co\u015bci. Oferujemy szerok\u0105 ofert\u0119 produkt\u00f3w z plexi do wyposa\u017cenia sklep\u00f3w, cukierni, restauracji, hoteli. Mini gabloty z pleksi to wygodne ekspozytory na akcesoria do obs\u0142ugi stanowisk z degustacj\u0105 przek\u0105sek. Praktyczne rozwi\u0105zanie wystawiennicze wprowadzaj\u0105ce harmoni\u0119 do wn\u0119trz restauracji, bar\u00f3w, sali konferencyjnej i kuchni biurowych. Pojemniki od Formedia s\u0105 funkcjonalne, wykonane z dba\u0142o\u015bci\u0105 o szczeg\u00f3\u0142y.<\/p>\n<p align=\"JUSTIFY\">Cena produktu ustalana jest indywidualnie. W tym celu <strong>nale\u017cy z\u0142o\u017cy\u0107 zapytanie<\/strong> na adres: <strong>sklep@formedia.pl<\/strong> lub skontaktowa\u0107 si\u0119 z naszym <strong>biurem obs\u0142ugi klienta:<span style=\"color: #ff6600;\"> <a style=\"color: #ff6600;\" href=\"tel:+48661036036\">tel. 661 036 036<\/a><\/span>.<\/strong><\/p>\n<p><strong>UWAGA!<\/strong><b><\/b><\/p>\n<ul>\n<li>Na fotografii jest przyk\u0142adowa prezentacja produktu.<\/li>\n<li>Inne wzory, kszta\u0142ty, kolory tworzywa mo\u017cemy wykona\u0107 dla Pa\u0144stwa na zam\u00f3wienie mailowe. Przed z\u0142o\u017ceniem zam\u00f3wienia indywidualnego prosimy o kontakt z naszym biurem obs\u0142ugi klienta w celu ustalenia szczeg\u00f3\u0142\u00f3w:\u00a0<strong><a href=\"tel:+48661036036\">tel. 661 036 036<\/a><\/strong><\/li>\n<li>Oferujemy r\u00f3wnie\u017c znakowanie metod\u0105 grawerowania oraz nadruku utwardzanego \u015bwiat\u0142em UV.<\/li>\n<li>Druk UV wykonujemy m.in. na: plexi, szkle, dibondzie, drewnie, kartonie, metalu, PCV.<\/li>\n<li>Wyroby z plexi zabezpieczone s\u0105 foli\u0105 ochronn\u0105. Przed u\u017cyciem nale\u017cy j\u0105 \u015bci\u0105gn\u0105\u0107.<\/li>\n<li>Sprawd\u017a\u00a0paczk\u0119\u00a0przy kurierze i oce\u0144\u00a0czy zawarto\u015b\u0107\u00a0nie jest uszkodzona! Protok\u00f3\u0142\u00a0szkody jest jedyn\u0105\u00a0podstaw\u0105\u00a0do reklamacji.<\/li>\n<\/ul>\n","protected":false},"excerpt":{"rendered":"<ul>\n<li>Przed z\u0142o\u017ceniem zam\u00f3wienia prosimy o kontakt z naszym biurem obs\u0142ugi klienta w celu ustalenia szczeg\u00f3\u0142\u00f3w: <strong><span style=\"color: #333333;\"><span style=\"color: #ff6600;\"><a style=\"color: #ff6600;\" href=\"tel:+48661036036\">tel. 661 036 036<\/a><\/span><\/span><\/strong><\/li>\n<li><strong><span style=\"color: #ff6600;\">Format zewn\u0119trzny (d\u0142. x szer. x wys.):<\/span> <\/strong>365 x 410 x 440 mm<\/li>\n<li><strong><span style=\"color: #ff6600;\">Materia\u0142:<\/span><\/strong> plexi bezbarwna<\/li>\n<li><span style=\"color: #ff6600;\"><strong>Uszlachetnienie:<\/strong><\/span> druk utwardzany \u015bwiat\u0142em UV; grawer<\/li>\n<li><strong><span style=\"color: #ff6600;\">Kod produktu:<\/span><\/strong> SDG21<\/li>\n<li>Ekspozytor, podajnik wyroby cukiernicze<\/li>\n<li>Mini gablota z plexi<\/li>\n<li>Do postawienia na blacie, stole, ladzie<\/li>\n<li>Konstrukcja z bezbarwnej plexi<\/li>\n<li>Mo\u017cliwo\u015b\u0107 indywidualnego rozmiaru<\/li>\n<\/ul>\n","protected":false},"featured_media":15783,"template":"","meta":[],"product_brand":[],"product_cat":[896,895,899,897,894,562,885,887,826],"product_tag":[],"woo-feed-brand":[],"class_list":{"0":"post-15780","1":"product","2":"type-product","3":"status-publish","4":"has-post-thumbnail","6":"product_cat-branza-farmaceutyczna","7":"product_cat-branza-kosmetyczna","8":"product_cat-branza-medyczna","9":"product_cat-branza-odziezowa","10":"product_cat-branza-spozywcza","11":"product_cat-gabloty-szafki","12":"product_cat-podajniki-i-dozowniki","13":"product_cat-podajniki-na-cukierki","14":"product_cat-wyposazenie-dla-horeca","16":"first","17":"onbackorder","18":"taxable","19":"shipping-taxable","20":"product-type-simple"},"yoast_head":"<!-- This site is optimized with the Yoast SEO plugin v27.5 - https:\/\/yoast.com\/product\/yoast-seo-wordpress\/ -->\n<title>Mini gablota do ciastek, p\u00f3\u0142ka z plexi do cukierni, sklepu - Formedia<\/title>\n<meta name=\"description\" content=\"Producent wyrob\u00f3w z plexi. Sprawd\u017a Mini gablota do ciastek, p\u00f3\u0142ka z plexi do cukierni, sklepu. Indywidualne podej\u015bcie, w\u0142asne studio projektowe. Zapraszamy!\" \/>\n<meta name=\"robots\" content=\"index, follow, max-snippet:-1, max-image-preview:large, max-video-preview:-1\" \/>\n<link rel=\"canonical\" href=\"https:\/\/www.formedia.pl\/sklep\/produkt\/mini-gablota-do-ciastek-polka-z-plexi-do-cukierni-sklepu\/\" \/>\n<meta property=\"og:locale\" content=\"pl_PL\" \/>\n<meta property=\"og:type\" content=\"article\" \/>\n<meta property=\"og:title\" content=\"Mini gablota do ciastek, p\u00f3\u0142ka z plexi do cukierni, sklepu - Formedia\" \/>\n<meta property=\"og:description\" content=\"Producent wyrob\u00f3w z plexi. Sprawd\u017a Mini gablota do ciastek, p\u00f3\u0142ka z plexi do cukierni, sklepu. Indywidualne podej\u015bcie, w\u0142asne studio projektowe. Zapraszamy!\" \/>\n<meta property=\"og:url\" content=\"https:\/\/www.formedia.pl\/sklep\/produkt\/mini-gablota-do-ciastek-polka-z-plexi-do-cukierni-sklepu\/\" \/>\n<meta property=\"og:site_name\" content=\"Formedia\" \/>\n<meta property=\"article:publisher\" content=\"https:\/\/www.facebook.com\/formedia.bydgoszcz\/\" \/>\n<meta property=\"article:modified_time\" content=\"2026-04-01T06:26:09+00:00\" \/>\n<meta property=\"og:image\" content=\"https:\/\/www.formedia.pl\/sklep\/wp-content\/uploads\/2021\/04\/mini-gabloty-do-ciastek-polki-na-ciasto-do-cukierni-display-z-plexi-formedia-2.jpg\" \/>\n\t<meta property=\"og:image:width\" content=\"500\" \/>\n\t<meta property=\"og:image:height\" content=\"500\" \/>\n\t<meta property=\"og:image:type\" content=\"image\/jpeg\" \/>\n<meta name=\"twitter:card\" content=\"summary_large_image\" \/>\n<meta name=\"twitter:label1\" content=\"Szacowany czas czytania\" \/>\n\t<meta name=\"twitter:data1\" content=\"2 minuty\" \/>\n<script type=\"application\/ld+json\" class=\"yoast-schema-graph\">{\"@context\":\"https:\\\/\\\/schema.org\",\"@graph\":[{\"@type\":\"WebPage\",\"@id\":\"https:\\\/\\\/www.formedia.pl\\\/sklep\\\/produkt\\\/mini-gablota-do-ciastek-polka-z-plexi-do-cukierni-sklepu\\\/\",\"url\":\"https:\\\/\\\/www.formedia.pl\\\/sklep\\\/produkt\\\/mini-gablota-do-ciastek-polka-z-plexi-do-cukierni-sklepu\\\/\",\"name\":\"Mini gablota do ciastek, p\u00f3\u0142ka z plexi do cukierni, sklepu - Formedia\",\"isPartOf\":{\"@id\":\"https:\\\/\\\/www.formedia.pl\\\/sklep\\\/#website\"},\"primaryImageOfPage\":{\"@id\":\"https:\\\/\\\/www.formedia.pl\\\/sklep\\\/produkt\\\/mini-gablota-do-ciastek-polka-z-plexi-do-cukierni-sklepu\\\/#primaryimage\"},\"image\":{\"@id\":\"https:\\\/\\\/www.formedia.pl\\\/sklep\\\/produkt\\\/mini-gablota-do-ciastek-polka-z-plexi-do-cukierni-sklepu\\\/#primaryimage\"},\"thumbnailUrl\":\"https:\\\/\\\/www.formedia.pl\\\/sklep\\\/wp-content\\\/uploads\\\/2021\\\/04\\\/mini-gabloty-do-ciastek-polki-na-ciasto-do-cukierni-display-z-plexi-formedia-2.jpg\",\"datePublished\":\"2021-04-27T10:39:26+00:00\",\"dateModified\":\"2026-04-01T06:26:09+00:00\",\"description\":\"Producent wyrob\u00f3w z plexi. Sprawd\u017a Mini gablota do ciastek, p\u00f3\u0142ka z plexi do cukierni, sklepu. Indywidualne podej\u015bcie, w\u0142asne studio projektowe. Zapraszamy!\",\"breadcrumb\":{\"@id\":\"https:\\\/\\\/www.formedia.pl\\\/sklep\\\/produkt\\\/mini-gablota-do-ciastek-polka-z-plexi-do-cukierni-sklepu\\\/#breadcrumb\"},\"inLanguage\":\"pl-PL\",\"potentialAction\":[{\"@type\":\"ReadAction\",\"target\":[\"https:\\\/\\\/www.formedia.pl\\\/sklep\\\/produkt\\\/mini-gablota-do-ciastek-polka-z-plexi-do-cukierni-sklepu\\\/\"]}]},{\"@type\":\"ImageObject\",\"inLanguage\":\"pl-PL\",\"@id\":\"https:\\\/\\\/www.formedia.pl\\\/sklep\\\/produkt\\\/mini-gablota-do-ciastek-polka-z-plexi-do-cukierni-sklepu\\\/#primaryimage\",\"url\":\"https:\\\/\\\/www.formedia.pl\\\/sklep\\\/wp-content\\\/uploads\\\/2021\\\/04\\\/mini-gabloty-do-ciastek-polki-na-ciasto-do-cukierni-display-z-plexi-formedia-2.jpg\",\"contentUrl\":\"https:\\\/\\\/www.formedia.pl\\\/sklep\\\/wp-content\\\/uploads\\\/2021\\\/04\\\/mini-gabloty-do-ciastek-polki-na-ciasto-do-cukierni-display-z-plexi-formedia-2.jpg\",\"width\":500,\"height\":500,\"caption\":\"Wyposazenie cukierni polka na ciastka wypieki\"},{\"@type\":\"BreadcrumbList\",\"@id\":\"https:\\\/\\\/www.formedia.pl\\\/sklep\\\/produkt\\\/mini-gablota-do-ciastek-polka-z-plexi-do-cukierni-sklepu\\\/#breadcrumb\",\"itemListElement\":[{\"@type\":\"ListItem\",\"position\":1,\"name\":\"Strona g\u0142\u00f3wna\",\"item\":\"https:\\\/\\\/www.formedia.pl\\\/sklep\\\/\"},{\"@type\":\"ListItem\",\"position\":2,\"name\":\"Sklep\",\"item\":\"https:\\\/\\\/www.formedia.pl\\\/sklep\\\/\"},{\"@type\":\"ListItem\",\"position\":3,\"name\":\"Mini gablota do ciastek, p\u00f3\u0142ka z plexi do cukierni, sklepu\"}]},{\"@type\":\"WebSite\",\"@id\":\"https:\\\/\\\/www.formedia.pl\\\/sklep\\\/#website\",\"url\":\"https:\\\/\\\/www.formedia.pl\\\/sklep\\\/\",\"name\":\"Formedia\",\"description\":\"Producent wyrob\u00f3w z tworzyw sztucznych\",\"publisher\":{\"@id\":\"https:\\\/\\\/www.formedia.pl\\\/sklep\\\/#organization\"},\"alternateName\":\"Formedia\",\"potentialAction\":[{\"@type\":\"SearchAction\",\"target\":{\"@type\":\"EntryPoint\",\"urlTemplate\":\"https:\\\/\\\/www.formedia.pl\\\/sklep\\\/?s={search_term_string}\"},\"query-input\":{\"@type\":\"PropertyValueSpecification\",\"valueRequired\":true,\"valueName\":\"search_term_string\"}}],\"inLanguage\":\"pl-PL\"},{\"@type\":\"Organization\",\"@id\":\"https:\\\/\\\/www.formedia.pl\\\/sklep\\\/#organization\",\"name\":\"Formedia\",\"alternateName\":\"Formedia\",\"url\":\"https:\\\/\\\/www.formedia.pl\\\/sklep\\\/\",\"logo\":{\"@type\":\"ImageObject\",\"inLanguage\":\"pl-PL\",\"@id\":\"https:\\\/\\\/www.formedia.pl\\\/sklep\\\/#\\\/schema\\\/logo\\\/image\\\/\",\"url\":\"https:\\\/\\\/www.formedia.pl\\\/sklep\\\/wp-content\\\/uploads\\\/2025\\\/03\\\/1x1cropped-logo-WWW-ForMedia-bialy.png\",\"contentUrl\":\"https:\\\/\\\/www.formedia.pl\\\/sklep\\\/wp-content\\\/uploads\\\/2025\\\/03\\\/1x1cropped-logo-WWW-ForMedia-bialy.png\",\"width\":412,\"height\":412,\"caption\":\"Formedia\"},\"image\":{\"@id\":\"https:\\\/\\\/www.formedia.pl\\\/sklep\\\/#\\\/schema\\\/logo\\\/image\\\/\"},\"sameAs\":[\"https:\\\/\\\/www.facebook.com\\\/formedia.bydgoszcz\\\/\",\"https:\\\/\\\/www.youtube.com\\\/@formedia4306\"]}]}<\/script>\n<!-- \/ Yoast SEO plugin. -->","yoast_head_json":{"title":"Mini gablota do ciastek, p\u00f3\u0142ka z plexi do cukierni, sklepu - Formedia","description":"Producent wyrob\u00f3w z plexi. Sprawd\u017a Mini gablota do ciastek, p\u00f3\u0142ka z plexi do cukierni, sklepu. Indywidualne podej\u015bcie, w\u0142asne studio projektowe. Zapraszamy!","robots":{"index":"index","follow":"follow","max-snippet":"max-snippet:-1","max-image-preview":"max-image-preview:large","max-video-preview":"max-video-preview:-1"},"canonical":"https:\/\/www.formedia.pl\/sklep\/produkt\/mini-gablota-do-ciastek-polka-z-plexi-do-cukierni-sklepu\/","og_locale":"pl_PL","og_type":"article","og_title":"Mini gablota do ciastek, p\u00f3\u0142ka z plexi do cukierni, sklepu - Formedia","og_description":"Producent wyrob\u00f3w z plexi. Sprawd\u017a Mini gablota do ciastek, p\u00f3\u0142ka z plexi do cukierni, sklepu. Indywidualne podej\u015bcie, w\u0142asne studio projektowe. Zapraszamy!","og_url":"https:\/\/www.formedia.pl\/sklep\/produkt\/mini-gablota-do-ciastek-polka-z-plexi-do-cukierni-sklepu\/","og_site_name":"Formedia","article_publisher":"https:\/\/www.facebook.com\/formedia.bydgoszcz\/","article_modified_time":"2026-04-01T06:26:09+00:00","og_image":[{"width":500,"height":500,"url":"https:\/\/www.formedia.pl\/sklep\/wp-content\/uploads\/2021\/04\/mini-gabloty-do-ciastek-polki-na-ciasto-do-cukierni-display-z-plexi-formedia-2.jpg","type":"image\/jpeg"}],"twitter_card":"summary_large_image","twitter_misc":{"Szacowany czas czytania":"2 minuty"},"schema":{"@context":"https:\/\/schema.org","@graph":[{"@type":"WebPage","@id":"https:\/\/www.formedia.pl\/sklep\/produkt\/mini-gablota-do-ciastek-polka-z-plexi-do-cukierni-sklepu\/","url":"https:\/\/www.formedia.pl\/sklep\/produkt\/mini-gablota-do-ciastek-polka-z-plexi-do-cukierni-sklepu\/","name":"Mini gablota do ciastek, p\u00f3\u0142ka z plexi do cukierni, sklepu - Formedia","isPartOf":{"@id":"https:\/\/www.formedia.pl\/sklep\/#website"},"primaryImageOfPage":{"@id":"https:\/\/www.formedia.pl\/sklep\/produkt\/mini-gablota-do-ciastek-polka-z-plexi-do-cukierni-sklepu\/#primaryimage"},"image":{"@id":"https:\/\/www.formedia.pl\/sklep\/produkt\/mini-gablota-do-ciastek-polka-z-plexi-do-cukierni-sklepu\/#primaryimage"},"thumbnailUrl":"https:\/\/www.formedia.pl\/sklep\/wp-content\/uploads\/2021\/04\/mini-gabloty-do-ciastek-polki-na-ciasto-do-cukierni-display-z-plexi-formedia-2.jpg","datePublished":"2021-04-27T10:39:26+00:00","dateModified":"2026-04-01T06:26:09+00:00","description":"Producent wyrob\u00f3w z plexi. Sprawd\u017a Mini gablota do ciastek, p\u00f3\u0142ka z plexi do cukierni, sklepu. Indywidualne podej\u015bcie, w\u0142asne studio projektowe. Zapraszamy!","breadcrumb":{"@id":"https:\/\/www.formedia.pl\/sklep\/produkt\/mini-gablota-do-ciastek-polka-z-plexi-do-cukierni-sklepu\/#breadcrumb"},"inLanguage":"pl-PL","potentialAction":[{"@type":"ReadAction","target":["https:\/\/www.formedia.pl\/sklep\/produkt\/mini-gablota-do-ciastek-polka-z-plexi-do-cukierni-sklepu\/"]}]},{"@type":"ImageObject","inLanguage":"pl-PL","@id":"https:\/\/www.formedia.pl\/sklep\/produkt\/mini-gablota-do-ciastek-polka-z-plexi-do-cukierni-sklepu\/#primaryimage","url":"https:\/\/www.formedia.pl\/sklep\/wp-content\/uploads\/2021\/04\/mini-gabloty-do-ciastek-polki-na-ciasto-do-cukierni-display-z-plexi-formedia-2.jpg","contentUrl":"https:\/\/www.formedia.pl\/sklep\/wp-content\/uploads\/2021\/04\/mini-gabloty-do-ciastek-polki-na-ciasto-do-cukierni-display-z-plexi-formedia-2.jpg","width":500,"height":500,"caption":"Wyposazenie cukierni polka na ciastka wypieki"},{"@type":"BreadcrumbList","@id":"https:\/\/www.formedia.pl\/sklep\/produkt\/mini-gablota-do-ciastek-polka-z-plexi-do-cukierni-sklepu\/#breadcrumb","itemListElement":[{"@type":"ListItem","position":1,"name":"Strona g\u0142\u00f3wna","item":"https:\/\/www.formedia.pl\/sklep\/"},{"@type":"ListItem","position":2,"name":"Sklep","item":"https:\/\/www.formedia.pl\/sklep\/"},{"@type":"ListItem","position":3,"name":"Mini gablota do ciastek, p\u00f3\u0142ka z plexi do cukierni, sklepu"}]},{"@type":"WebSite","@id":"https:\/\/www.formedia.pl\/sklep\/#website","url":"https:\/\/www.formedia.pl\/sklep\/","name":"Formedia","description":"Producent wyrob\u00f3w z tworzyw sztucznych","publisher":{"@id":"https:\/\/www.formedia.pl\/sklep\/#organization"},"alternateName":"Formedia","potentialAction":[{"@type":"SearchAction","target":{"@type":"EntryPoint","urlTemplate":"https:\/\/www.formedia.pl\/sklep\/?s={search_term_string}"},"query-input":{"@type":"PropertyValueSpecification","valueRequired":true,"valueName":"search_term_string"}}],"inLanguage":"pl-PL"},{"@type":"Organization","@id":"https:\/\/www.formedia.pl\/sklep\/#organization","name":"Formedia","alternateName":"Formedia","url":"https:\/\/www.formedia.pl\/sklep\/","logo":{"@type":"ImageObject","inLanguage":"pl-PL","@id":"https:\/\/www.formedia.pl\/sklep\/#\/schema\/logo\/image\/","url":"https:\/\/www.formedia.pl\/sklep\/wp-content\/uploads\/2025\/03\/1x1cropped-logo-WWW-ForMedia-bialy.png","contentUrl":"https:\/\/www.formedia.pl\/sklep\/wp-content\/uploads\/2025\/03\/1x1cropped-logo-WWW-ForMedia-bialy.png","width":412,"height":412,"caption":"Formedia"},"image":{"@id":"https:\/\/www.formedia.pl\/sklep\/#\/schema\/logo\/image\/"},"sameAs":["https:\/\/www.facebook.com\/formedia.bydgoszcz\/","https:\/\/www.youtube.com\/@formedia4306"]}]}},"_links":{"self":[{"href":"https:\/\/www.formedia.pl\/sklep\/wp-json\/wp\/v2\/product\/15780","targetHints":{"allow":["GET"]}}],"collection":[{"href":"https:\/\/www.formedia.pl\/sklep\/wp-json\/wp\/v2\/product"}],"about":[{"href":"https:\/\/www.formedia.pl\/sklep\/wp-json\/wp\/v2\/types\/product"}],"wp:featuredmedia":[{"embeddable":true,"href":"https:\/\/www.formedia.pl\/sklep\/wp-json\/wp\/v2\/media\/15783"}],"wp:attachment":[{"href":"https:\/\/www.formedia.pl\/sklep\/wp-json\/wp\/v2\/media?parent=15780"}],"wp:term":[{"taxonomy":"product_brand","embeddable":true,"href":"https:\/\/www.formedia.pl\/sklep\/wp-json\/wp\/v2\/product_brand?post=15780"},{"taxonomy":"product_cat","embeddable":true,"href":"https:\/\/www.formedia.pl\/sklep\/wp-json\/wp\/v2\/product_cat?post=15780"},{"taxonomy":"product_tag","embeddable":true,"href":"https:\/\/www.formedia.pl\/sklep\/wp-json\/wp\/v2\/product_tag?post=15780"},{"taxonomy":"woo-feed-brand","embeddable":true,"href":"https:\/\/www.formedia.pl\/sklep\/wp-json\/wp\/v2\/woo-feed-brand?post=15780"}],"curies":[{"name":"wp","href":"https:\/\/api.w.org\/{rel}","templated":true}]}}