{"id":15824,"date":"2021-04-28T09:01:22","date_gmt":"2021-04-28T07:01:22","guid":{"rendered":"https:\/\/www.formedia.pl\/sklep\/?post_type=product&#038;p=15824"},"modified":"2026-04-01T08:26:09","modified_gmt":"2026-04-01T06:26:09","slug":"oslona-z-plexi-do-zywnosci-na-lade","status":"publish","type":"product","link":"https:\/\/www.formedia.pl\/sklep\/produkt\/oslona-z-plexi-do-zywnosci-na-lade\/","title":{"rendered":"Os\u0142ona do \u017cywno\u015bci na lad\u0119"},"content":{"rendered":"<h2 align=\"JUSTIFY\"><span style=\"color: #ff6600;\">Szyba z certyfikowanego materia\u0142u PET G do os\u0142ony \u017cywno\u015bci<\/span><\/h2>\n<p align=\"JUSTIFY\">Je\u015bli zastanawiasz si\u0119 jaka oferta na os\u0142ony do ciast i deser\u00f3w jest najlepsza to dobrze trafi\u0142e\u015b. W Formedia zaprojektowali\u015bmy uniwersaln\u0105 \u015bciank\u0119 do prezentacji i zabezpieczenia produkt\u00f3w spo\u017cywczych z kr\u00f3tkim terminem przydatno\u015bci jak wyroby rzemie\u015blnicze typu ciasta, torty, desery, muffinki, p\u0105czki, rogaliki z nadzieniem. Jest to produkt maj\u0105cy na celu poprawi\u0107 komfort pracy oraz bezpiecze\u0144stwo kupuj\u0105cych. Stosuj\u0105c ten przydatny stojak reklamowy zabezpieczaj\u0105cy wypieki w piekarniach, cukierniach, barach, restauracjach, salach bankietowych, salach weselnych upewnisz si\u0119, \u017ce wszystko b\u0119dzie widoczne, a artyku\u0142y wyda tylko obs\u0142uguj\u0105cy stanowisko ekspedient lub kelner.<\/p>\n<p align=\"JUSTIFY\">W Formedia dbamy o ka\u017cdy detal podczas procesu wykonywania ekspozytor\u00f3w do bran\u017cy gastronomii. Wi\u0119kszo\u015b\u0107 procesu obr\u00f3bki wykonywana jest w nowoczesnej technologii CNC, laserowego ci\u0119cia lub frezowania. U\u017cywamy zautomatyzowanych gi\u0119tarek. Do \u017cywno\u015bci stosujemy certyfikowany materia\u0142 PET G o dw\u00f3ch grubo\u015bciach 2 i 3mm. Dzi\u0119ki tym zabiegom masz pewno\u015b\u0107, \u017ce produkty z pleksi zawsze b\u0119d\u0105 powtarzalne, zgodne z prezentowanym wzorem na stronie naszego sklepu firmowego.<\/p>\n<p><span style=\"color: #ff0000;\"><strong>UWAGA!<\/strong><\/span><\/p>\n<p><span style=\"color: #ff0000;\">Nie nale\u017cy czy\u015bci\u0107 produkt\u00f3w z pleksi \u015brodkami na bazie alkoholu (np. spirytus, denaturat), poniewa\u017c mog\u0105 one powodowa\u0107 mikrop\u0119kni\u0119cia i zmatowienie powierzchni. Zamiast tego, do czyszczenia zaleca si\u0119 stosowanie ciep\u0142ej wody z myd\u0142em lub specjalistycznych preparat\u00f3w przeznaczonych do tworzyw sztucznych, a do przecierania u\u017cywa\u0107 mi\u0119kkiej \u015bciereczki z mikrofibry.<span class=\"uJ19be notranslate\" data-wiz-uids=\"WcvRbd_b,WcvRbd_c,WcvRbd_d\"><span class=\"vKEkVd\" data-animation-atomic=\"\">\u00a0<\/span><\/span><\/span><\/p>\n<p>Istnieje mo\u017cliwo\u015b\u0107 z\u0142o\u017cenia\u00a0<strong>indywidualnego zam\u00f3wienia<\/strong>. W tym celu\u00a0<strong>nale\u017cy napisa\u0107<\/strong>\u00a0na adres:\u00a0<strong>sklep@formedia.pl<\/strong>\u00a0lub skontaktowa\u0107 si\u0119 z naszym\u00a0<strong>biurem obs\u0142ugi klienta:\u00a0<span style=\"color: #ff6600;\"><a style=\"color: #ff6600;\" href=\"tel:+48661036036\">tel. 661 036 036<\/a><\/span><\/strong><\/p>\n<p align=\"JUSTIFY\"><strong>UWAGA!<\/strong><\/p>\n<ul>\n<li>Wyroby zabezpieczone s\u0105 foli\u0105 ochronn\u0105. Przed u\u017cyciem nale\u017cy j\u0105 \u015bci\u0105gn\u0105\u0107.<\/li>\n<li>Inne wzory mo\u017cemy wykona\u0107 dla Pa\u0144stwa na zam\u00f3wienie.<\/li>\n<li>Oferujemy znakowanie metod\u0105 grawerowania oraz nadruku utwardzanego \u015bwiat\u0142em UV.<\/li>\n<li>Sprawd\u017a paczk\u0119 przy kurierze i oce\u0144 czy zawarto\u015b\u0107 nie jest uszkodzona! Protok\u00f3\u0142 szkody jest jedyn\u0105 podstaw\u0105 do reklamacji.<\/li>\n<li>Do utrzymywania higienicznej konserwacji, dezynfekcji powierzchni produkt\u00f3w zalecamy u\u017cywanie <strong><a href=\"https:\/\/www.formedia.pl\/sklep\/produkt\/075-l-bezalkoholowy-bezbarwny-bezzapachowy-plyn-do-dezynfekcji\/\"><span style=\"color: #333333;\">Safe Zone 1.0 o w wygodnym opakowaniu 0,75<\/span><\/a>\u00a0L\u00a0<\/strong>lub\u00a0<a href=\"https:\/\/www.formedia.pl\/sklep\/produkt\/5-l-bezalkoholowy-bezbarwny-bezzapachowy-plyn-do-dezynfekcji\/\"><span style=\"color: #333333;\"><strong>Safe Zone 1.0 w ekonomicznej 5 L butelce<\/strong><\/span>.<\/a>\u00a0Jest to \u015brodek czyszcz\u0105cy o dzia\u0142aniu wirusob\u00f3jczym. Nie zawiera alkoholu jest bezbarwny i bezzapachowy.<\/li>\n<\/ul>\n","protected":false},"excerpt":{"rendered":"<ul>\n<li><span style=\"color: #ff6600;\"><strong>Format zewn\u0119trzny:<\/strong><\/span> szeroko\u015b\u0107: 100 cm, wysoko\u015b\u0107 od podstawy: 25 cm x 10 cm x 35 cm<\/li>\n<li><span style=\"color: #ff6600;\"><strong>Potrzebujesz os\u0142ony w innych wymiarach? <\/strong><\/span>Napisz do nas: sklep@formedia.pl<\/li>\n<li>Otwarta przegroda<\/li>\n<li>Jednostronna bariera do prezentacji<\/li>\n<li>Do postawienia na blacie, stole, ladzie<\/li>\n<li>Konstrukcja z certyfikowanego materia\u0142u do \u017cywno\u015bci: PET G 3 mm<\/li>\n<li>Kod produktu: SDG23<\/li>\n<\/ul>\n","protected":false},"featured_media":15825,"template":"","meta":[],"product_brand":[],"product_cat":[896,895,899,897,898,894,893,900,891,826],"product_tag":[],"woo-feed-brand":[],"class_list":{"0":"post-15824","1":"product","2":"type-product","3":"status-publish","4":"has-post-thumbnail","6":"product_cat-branza-farmaceutyczna","7":"product_cat-branza-kosmetyczna","8":"product_cat-branza-medyczna","9":"product_cat-branza-odziezowa","10":"product_cat-branza-przemyslowa","11":"product_cat-branza-spozywcza","12":"product_cat-branze","13":"product_cat-branza-biurowa","14":"product_cat-pozostale-stojaki-horeca","15":"product_cat-wyposazenie-dla-horeca","17":"first","18":"onbackorder","19":"taxable","20":"shipping-taxable","21":"purchasable","22":"product-type-simple"},"yoast_head":"<!-- This site is optimized with the Yoast SEO plugin v27.5 - https:\/\/yoast.com\/product\/yoast-seo-wordpress\/ -->\n<title>Os\u0142ona do \u017cywno\u015bci na lad\u0119 - Formedia<\/title>\n<meta name=\"description\" content=\"Producent wyrob\u00f3w z plexi. Sprawd\u017a Os\u0142ona do \u017cywno\u015bci na lad\u0119. Indywidualne podej\u015bcie, w\u0142asne studio projektowe. Zapraszamy!\" \/>\n<meta name=\"robots\" content=\"index, follow, max-snippet:-1, max-image-preview:large, max-video-preview:-1\" \/>\n<link rel=\"canonical\" href=\"https:\/\/www.formedia.pl\/sklep\/produkt\/oslona-z-plexi-do-zywnosci-na-lade\/\" \/>\n<meta property=\"og:locale\" content=\"pl_PL\" \/>\n<meta property=\"og:type\" content=\"article\" \/>\n<meta property=\"og:title\" content=\"Os\u0142ona do \u017cywno\u015bci na lad\u0119 - Formedia\" \/>\n<meta property=\"og:description\" content=\"Producent wyrob\u00f3w z plexi. Sprawd\u017a Os\u0142ona do \u017cywno\u015bci na lad\u0119. Indywidualne podej\u015bcie, w\u0142asne studio projektowe. Zapraszamy!\" \/>\n<meta property=\"og:url\" content=\"https:\/\/www.formedia.pl\/sklep\/produkt\/oslona-z-plexi-do-zywnosci-na-lade\/\" \/>\n<meta property=\"og:site_name\" content=\"Formedia\" \/>\n<meta property=\"article:publisher\" content=\"https:\/\/www.facebook.com\/formedia.bydgoszcz\/\" \/>\n<meta property=\"article:modified_time\" content=\"2026-04-01T06:26:09+00:00\" \/>\n<meta property=\"og:image\" content=\"https:\/\/www.formedia.pl\/sklep\/wp-content\/uploads\/2021\/04\/oslona-do-produktow-zywnosci-producent-wyrobow-z-plexi-e1619599075762.jpg\" \/>\n\t<meta property=\"og:image:width\" content=\"500\" \/>\n\t<meta property=\"og:image:height\" content=\"500\" \/>\n\t<meta property=\"og:image:type\" content=\"image\/jpeg\" \/>\n<meta name=\"twitter:card\" content=\"summary_large_image\" \/>\n<meta name=\"twitter:label1\" content=\"Szacowany czas czytania\" \/>\n\t<meta name=\"twitter:data1\" content=\"2 minuty\" \/>\n<script type=\"application\/ld+json\" class=\"yoast-schema-graph\">{\"@context\":\"https:\\\/\\\/schema.org\",\"@graph\":[{\"@type\":\"WebPage\",\"@id\":\"https:\\\/\\\/www.formedia.pl\\\/sklep\\\/produkt\\\/oslona-z-plexi-do-zywnosci-na-lade\\\/\",\"url\":\"https:\\\/\\\/www.formedia.pl\\\/sklep\\\/produkt\\\/oslona-z-plexi-do-zywnosci-na-lade\\\/\",\"name\":\"Os\u0142ona do \u017cywno\u015bci na lad\u0119 - Formedia\",\"isPartOf\":{\"@id\":\"https:\\\/\\\/www.formedia.pl\\\/sklep\\\/#website\"},\"primaryImageOfPage\":{\"@id\":\"https:\\\/\\\/www.formedia.pl\\\/sklep\\\/produkt\\\/oslona-z-plexi-do-zywnosci-na-lade\\\/#primaryimage\"},\"image\":{\"@id\":\"https:\\\/\\\/www.formedia.pl\\\/sklep\\\/produkt\\\/oslona-z-plexi-do-zywnosci-na-lade\\\/#primaryimage\"},\"thumbnailUrl\":\"https:\\\/\\\/www.formedia.pl\\\/sklep\\\/wp-content\\\/uploads\\\/2021\\\/04\\\/oslona-do-produktow-zywnosci-producent-wyrobow-z-plexi-e1619599075762.jpg\",\"datePublished\":\"2021-04-28T07:01:22+00:00\",\"dateModified\":\"2026-04-01T06:26:09+00:00\",\"description\":\"Producent wyrob\u00f3w z plexi. Sprawd\u017a Os\u0142ona do \u017cywno\u015bci na lad\u0119. Indywidualne podej\u015bcie, w\u0142asne studio projektowe. Zapraszamy!\",\"breadcrumb\":{\"@id\":\"https:\\\/\\\/www.formedia.pl\\\/sklep\\\/produkt\\\/oslona-z-plexi-do-zywnosci-na-lade\\\/#breadcrumb\"},\"inLanguage\":\"pl-PL\",\"potentialAction\":[{\"@type\":\"ReadAction\",\"target\":[\"https:\\\/\\\/www.formedia.pl\\\/sklep\\\/produkt\\\/oslona-z-plexi-do-zywnosci-na-lade\\\/\"]}]},{\"@type\":\"ImageObject\",\"inLanguage\":\"pl-PL\",\"@id\":\"https:\\\/\\\/www.formedia.pl\\\/sklep\\\/produkt\\\/oslona-z-plexi-do-zywnosci-na-lade\\\/#primaryimage\",\"url\":\"https:\\\/\\\/www.formedia.pl\\\/sklep\\\/wp-content\\\/uploads\\\/2021\\\/04\\\/oslona-do-produktow-zywnosci-producent-wyrobow-z-plexi-e1619599075762.jpg\",\"contentUrl\":\"https:\\\/\\\/www.formedia.pl\\\/sklep\\\/wp-content\\\/uploads\\\/2021\\\/04\\\/oslona-do-produktow-zywnosci-producent-wyrobow-z-plexi-e1619599075762.jpg\",\"width\":500,\"height\":500,\"caption\":\"Praktyczny gad\u017cet do bran\u017cy gastronomicznej i Horecka\"},{\"@type\":\"BreadcrumbList\",\"@id\":\"https:\\\/\\\/www.formedia.pl\\\/sklep\\\/produkt\\\/oslona-z-plexi-do-zywnosci-na-lade\\\/#breadcrumb\",\"itemListElement\":[{\"@type\":\"ListItem\",\"position\":1,\"name\":\"Strona g\u0142\u00f3wna\",\"item\":\"https:\\\/\\\/www.formedia.pl\\\/sklep\\\/\"},{\"@type\":\"ListItem\",\"position\":2,\"name\":\"Sklep\",\"item\":\"https:\\\/\\\/www.formedia.pl\\\/sklep\\\/\"},{\"@type\":\"ListItem\",\"position\":3,\"name\":\"Os\u0142ona do \u017cywno\u015bci na lad\u0119\"}]},{\"@type\":\"WebSite\",\"@id\":\"https:\\\/\\\/www.formedia.pl\\\/sklep\\\/#website\",\"url\":\"https:\\\/\\\/www.formedia.pl\\\/sklep\\\/\",\"name\":\"Formedia\",\"description\":\"Producent wyrob\u00f3w z tworzyw sztucznych\",\"publisher\":{\"@id\":\"https:\\\/\\\/www.formedia.pl\\\/sklep\\\/#organization\"},\"alternateName\":\"Formedia\",\"potentialAction\":[{\"@type\":\"SearchAction\",\"target\":{\"@type\":\"EntryPoint\",\"urlTemplate\":\"https:\\\/\\\/www.formedia.pl\\\/sklep\\\/?s={search_term_string}\"},\"query-input\":{\"@type\":\"PropertyValueSpecification\",\"valueRequired\":true,\"valueName\":\"search_term_string\"}}],\"inLanguage\":\"pl-PL\"},{\"@type\":\"Organization\",\"@id\":\"https:\\\/\\\/www.formedia.pl\\\/sklep\\\/#organization\",\"name\":\"Formedia\",\"alternateName\":\"Formedia\",\"url\":\"https:\\\/\\\/www.formedia.pl\\\/sklep\\\/\",\"logo\":{\"@type\":\"ImageObject\",\"inLanguage\":\"pl-PL\",\"@id\":\"https:\\\/\\\/www.formedia.pl\\\/sklep\\\/#\\\/schema\\\/logo\\\/image\\\/\",\"url\":\"https:\\\/\\\/www.formedia.pl\\\/sklep\\\/wp-content\\\/uploads\\\/2025\\\/03\\\/1x1cropped-logo-WWW-ForMedia-bialy.png\",\"contentUrl\":\"https:\\\/\\\/www.formedia.pl\\\/sklep\\\/wp-content\\\/uploads\\\/2025\\\/03\\\/1x1cropped-logo-WWW-ForMedia-bialy.png\",\"width\":412,\"height\":412,\"caption\":\"Formedia\"},\"image\":{\"@id\":\"https:\\\/\\\/www.formedia.pl\\\/sklep\\\/#\\\/schema\\\/logo\\\/image\\\/\"},\"sameAs\":[\"https:\\\/\\\/www.facebook.com\\\/formedia.bydgoszcz\\\/\",\"https:\\\/\\\/www.youtube.com\\\/@formedia4306\"]}]}<\/script>\n<!-- \/ Yoast SEO plugin. -->","yoast_head_json":{"title":"Os\u0142ona do \u017cywno\u015bci na lad\u0119 - Formedia","description":"Producent wyrob\u00f3w z plexi. Sprawd\u017a Os\u0142ona do \u017cywno\u015bci na lad\u0119. Indywidualne podej\u015bcie, w\u0142asne studio projektowe. Zapraszamy!","robots":{"index":"index","follow":"follow","max-snippet":"max-snippet:-1","max-image-preview":"max-image-preview:large","max-video-preview":"max-video-preview:-1"},"canonical":"https:\/\/www.formedia.pl\/sklep\/produkt\/oslona-z-plexi-do-zywnosci-na-lade\/","og_locale":"pl_PL","og_type":"article","og_title":"Os\u0142ona do \u017cywno\u015bci na lad\u0119 - Formedia","og_description":"Producent wyrob\u00f3w z plexi. Sprawd\u017a Os\u0142ona do \u017cywno\u015bci na lad\u0119. Indywidualne podej\u015bcie, w\u0142asne studio projektowe. Zapraszamy!","og_url":"https:\/\/www.formedia.pl\/sklep\/produkt\/oslona-z-plexi-do-zywnosci-na-lade\/","og_site_name":"Formedia","article_publisher":"https:\/\/www.facebook.com\/formedia.bydgoszcz\/","article_modified_time":"2026-04-01T06:26:09+00:00","og_image":[{"width":500,"height":500,"url":"https:\/\/www.formedia.pl\/sklep\/wp-content\/uploads\/2021\/04\/oslona-do-produktow-zywnosci-producent-wyrobow-z-plexi-e1619599075762.jpg","type":"image\/jpeg"}],"twitter_card":"summary_large_image","twitter_misc":{"Szacowany czas czytania":"2 minuty"},"schema":{"@context":"https:\/\/schema.org","@graph":[{"@type":"WebPage","@id":"https:\/\/www.formedia.pl\/sklep\/produkt\/oslona-z-plexi-do-zywnosci-na-lade\/","url":"https:\/\/www.formedia.pl\/sklep\/produkt\/oslona-z-plexi-do-zywnosci-na-lade\/","name":"Os\u0142ona do \u017cywno\u015bci na lad\u0119 - Formedia","isPartOf":{"@id":"https:\/\/www.formedia.pl\/sklep\/#website"},"primaryImageOfPage":{"@id":"https:\/\/www.formedia.pl\/sklep\/produkt\/oslona-z-plexi-do-zywnosci-na-lade\/#primaryimage"},"image":{"@id":"https:\/\/www.formedia.pl\/sklep\/produkt\/oslona-z-plexi-do-zywnosci-na-lade\/#primaryimage"},"thumbnailUrl":"https:\/\/www.formedia.pl\/sklep\/wp-content\/uploads\/2021\/04\/oslona-do-produktow-zywnosci-producent-wyrobow-z-plexi-e1619599075762.jpg","datePublished":"2021-04-28T07:01:22+00:00","dateModified":"2026-04-01T06:26:09+00:00","description":"Producent wyrob\u00f3w z plexi. Sprawd\u017a Os\u0142ona do \u017cywno\u015bci na lad\u0119. Indywidualne podej\u015bcie, w\u0142asne studio projektowe. Zapraszamy!","breadcrumb":{"@id":"https:\/\/www.formedia.pl\/sklep\/produkt\/oslona-z-plexi-do-zywnosci-na-lade\/#breadcrumb"},"inLanguage":"pl-PL","potentialAction":[{"@type":"ReadAction","target":["https:\/\/www.formedia.pl\/sklep\/produkt\/oslona-z-plexi-do-zywnosci-na-lade\/"]}]},{"@type":"ImageObject","inLanguage":"pl-PL","@id":"https:\/\/www.formedia.pl\/sklep\/produkt\/oslona-z-plexi-do-zywnosci-na-lade\/#primaryimage","url":"https:\/\/www.formedia.pl\/sklep\/wp-content\/uploads\/2021\/04\/oslona-do-produktow-zywnosci-producent-wyrobow-z-plexi-e1619599075762.jpg","contentUrl":"https:\/\/www.formedia.pl\/sklep\/wp-content\/uploads\/2021\/04\/oslona-do-produktow-zywnosci-producent-wyrobow-z-plexi-e1619599075762.jpg","width":500,"height":500,"caption":"Praktyczny gad\u017cet do bran\u017cy gastronomicznej i Horecka"},{"@type":"BreadcrumbList","@id":"https:\/\/www.formedia.pl\/sklep\/produkt\/oslona-z-plexi-do-zywnosci-na-lade\/#breadcrumb","itemListElement":[{"@type":"ListItem","position":1,"name":"Strona g\u0142\u00f3wna","item":"https:\/\/www.formedia.pl\/sklep\/"},{"@type":"ListItem","position":2,"name":"Sklep","item":"https:\/\/www.formedia.pl\/sklep\/"},{"@type":"ListItem","position":3,"name":"Os\u0142ona do \u017cywno\u015bci na lad\u0119"}]},{"@type":"WebSite","@id":"https:\/\/www.formedia.pl\/sklep\/#website","url":"https:\/\/www.formedia.pl\/sklep\/","name":"Formedia","description":"Producent wyrob\u00f3w z tworzyw sztucznych","publisher":{"@id":"https:\/\/www.formedia.pl\/sklep\/#organization"},"alternateName":"Formedia","potentialAction":[{"@type":"SearchAction","target":{"@type":"EntryPoint","urlTemplate":"https:\/\/www.formedia.pl\/sklep\/?s={search_term_string}"},"query-input":{"@type":"PropertyValueSpecification","valueRequired":true,"valueName":"search_term_string"}}],"inLanguage":"pl-PL"},{"@type":"Organization","@id":"https:\/\/www.formedia.pl\/sklep\/#organization","name":"Formedia","alternateName":"Formedia","url":"https:\/\/www.formedia.pl\/sklep\/","logo":{"@type":"ImageObject","inLanguage":"pl-PL","@id":"https:\/\/www.formedia.pl\/sklep\/#\/schema\/logo\/image\/","url":"https:\/\/www.formedia.pl\/sklep\/wp-content\/uploads\/2025\/03\/1x1cropped-logo-WWW-ForMedia-bialy.png","contentUrl":"https:\/\/www.formedia.pl\/sklep\/wp-content\/uploads\/2025\/03\/1x1cropped-logo-WWW-ForMedia-bialy.png","width":412,"height":412,"caption":"Formedia"},"image":{"@id":"https:\/\/www.formedia.pl\/sklep\/#\/schema\/logo\/image\/"},"sameAs":["https:\/\/www.facebook.com\/formedia.bydgoszcz\/","https:\/\/www.youtube.com\/@formedia4306"]}]}},"_links":{"self":[{"href":"https:\/\/www.formedia.pl\/sklep\/wp-json\/wp\/v2\/product\/15824","targetHints":{"allow":["GET"]}}],"collection":[{"href":"https:\/\/www.formedia.pl\/sklep\/wp-json\/wp\/v2\/product"}],"about":[{"href":"https:\/\/www.formedia.pl\/sklep\/wp-json\/wp\/v2\/types\/product"}],"wp:featuredmedia":[{"embeddable":true,"href":"https:\/\/www.formedia.pl\/sklep\/wp-json\/wp\/v2\/media\/15825"}],"wp:attachment":[{"href":"https:\/\/www.formedia.pl\/sklep\/wp-json\/wp\/v2\/media?parent=15824"}],"wp:term":[{"taxonomy":"product_brand","embeddable":true,"href":"https:\/\/www.formedia.pl\/sklep\/wp-json\/wp\/v2\/product_brand?post=15824"},{"taxonomy":"product_cat","embeddable":true,"href":"https:\/\/www.formedia.pl\/sklep\/wp-json\/wp\/v2\/product_cat?post=15824"},{"taxonomy":"product_tag","embeddable":true,"href":"https:\/\/www.formedia.pl\/sklep\/wp-json\/wp\/v2\/product_tag?post=15824"},{"taxonomy":"woo-feed-brand","embeddable":true,"href":"https:\/\/www.formedia.pl\/sklep\/wp-json\/wp\/v2\/woo-feed-brand?post=15824"}],"curies":[{"name":"wp","href":"https:\/\/api.w.org\/{rel}","templated":true}]}}