{"id":15837,"date":"2021-04-28T14:14:50","date_gmt":"2021-04-28T12:14:50","guid":{"rendered":"https:\/\/www.formedia.pl\/sklep\/?post_type=product&#038;p=15837"},"modified":"2026-04-01T08:26:10","modified_gmt":"2026-04-01T06:26:10","slug":"ogranicznik-czolowy-z-plexi-listwa-na-brzeg-regalu","status":"publish","type":"product","link":"https:\/\/www.formedia.pl\/sklep\/produkt\/ogranicznik-czolowy-z-plexi-listwa-na-brzeg-regalu\/","title":{"rendered":"Ogranicznik czo\u0142owy z plexi listwa na brzeg rega\u0142u"},"content":{"rendered":"<h2 align=\"JUSTIFY\"><span style=\"color: #ff6600;\">Profilowane listwy z tworzywa w kszta\u0142cie L<\/span><\/h2>\n<p align=\"JUSTIFY\">Bardzo dobre do zastosowania na frontach rega\u0142\u00f3w sklepowych. Przymocowuje je si\u0119 na bardzo mocn\u0105 i bezbarwn\u0105 ta\u015bm\u0119 dwustronn\u0105 bezpo\u015brednio do powierzchni blatu. Dzi\u0119ki temu praktycznemu gad\u017cetowi zapewnimy sobie komfort pracy. Zabezpieczymy za pomoc\u0105 k\u0105townika z plexi drobne produkty przed przypadkowym wypadni\u0119ciem z p\u00f3\u0142ki. Produkt wykonujemy z plexi bezbarwnej, mlecznej lub czarnej. Wycinamy odpowiednie formaty szk\u0142a akrylowego laserowym ci\u0119ciem je\u017celi chcemy uzyska\u0107 b\u0142yszcz\u0105ce kraw\u0119dzie lub CNC gdy oczekujemy matowych brzeg\u00f3w stylizowanych na oszronione szk\u0142o. Proces profilowania do k\u0105ta prostego odbywa si\u0119 natomiast na automatycznych gi\u0119tarkach rozgrzewaj\u0105cych plexi do temperatury gi\u0119cia. Oddzielacz z ogranicznikiem prawy i lewy mo\u017cemy dopasowa\u0107 do wskazanego formatu oraz spersonalizowa\u0107 np. za pomoc\u0105 nadrukowanego logo.<\/p>\n<p><span style=\"color: #ff0000;\"><strong>UWAGA!<\/strong><\/span><\/p>\n<p><span style=\"color: #ff0000;\">Nie nale\u017cy czy\u015bci\u0107 produkt\u00f3w z pleksi \u015brodkami na bazie alkoholu (np. spirytus, denaturat), poniewa\u017c mog\u0105 one powodowa\u0107 mikrop\u0119kni\u0119cia i zmatowienie powierzchni. Zamiast tego, do czyszczenia zaleca si\u0119 stosowanie ciep\u0142ej wody z myd\u0142em lub specjalistycznych preparat\u00f3w przeznaczonych do tworzyw sztucznych, a do przecierania u\u017cywa\u0107 mi\u0119kkiej \u015bciereczki z mikrofibry.<span class=\"uJ19be notranslate\" data-wiz-uids=\"WcvRbd_b,WcvRbd_c,WcvRbd_d\"><span class=\"vKEkVd\" data-animation-atomic=\"\">\u00a0<\/span><\/span><\/span><\/p>\n<p><strong>UWAGA!<\/strong><b><\/b><\/p>\n<ul>\n<li>Na fotografii jest przyk\u0142adowa prezentacja produktu.<\/li>\n<li>Inne wzory, kszta\u0142ty, kolory tworzywa mo\u017cemy wykona\u0107 dla Pa\u0144stwa na zam\u00f3wienie mailowe. Przed z\u0142o\u017ceniem zam\u00f3wienia indywidualnego prosimy o kontakt z naszym biurem obs\u0142ugi klienta w celu ustalenia szczeg\u00f3\u0142\u00f3w:\u00a0<strong><a href=\"tel:+48661036036\">tel. 661 036 036<\/a><\/strong><\/li>\n<li>Oferujemy r\u00f3wnie\u017c znakowanie metod\u0105 grawerowania oraz nadruku utwardzanego \u015bwiat\u0142em UV.<\/li>\n<li>Druk UV wykonujemy m.in. na: plexi, szkle, dibondzie, drewnie, kartonie, metalu, PCV.<\/li>\n<li>Wyroby z plexi zabezpieczone s\u0105 foli\u0105 ochronn\u0105. Przed u\u017cyciem nale\u017cy j\u0105 \u015bci\u0105gn\u0105\u0107.<\/li>\n<li>Sprawd\u017a\u00a0paczk\u0119\u00a0przy kurierze i oce\u0144\u00a0czy zawarto\u015b\u0107\u00a0nie jest uszkodzona! Protok\u00f3\u0142\u00a0szkody jest jedyn\u0105\u00a0podstaw\u0105\u00a0do reklamacji.<\/li>\n<\/ul>\n","protected":false},"excerpt":{"rendered":"<ul>\n<li>Przed z\u0142o\u017ceniem zam\u00f3wienia prosimy o kontakt z naszym biurem obs\u0142ugi klienta w celu ustalenia szczeg\u00f3\u0142\u00f3w: <strong><span style=\"color: #333333;\"><span style=\"color: #ff6600;\"><a style=\"color: #ff6600;\" href=\"tel:+48661036036\">tel. 661 036 036<\/a><\/span><\/span><\/strong><\/li>\n<li>Produkt wykonywany na indywidualne zam\u00f3wienie, minimalna ilo\u015b\u0107 to 10 sztuk.<\/li>\n<li><strong><span style=\"color: #ff6600;\">Format zewn\u0119trzny (d\u0142. x szer. x wys.): <\/span><\/strong>30 x 1240 x 30 mm<\/li>\n<li>Chroni przed wypadaniem towaru z p\u00f3\u0142ek<\/li>\n<li>U\u0142atwia monta\u017c cen i opis\u00f3wek<\/li>\n<li>Wprowadza \u0142ad do ekspozycji<\/li>\n<li>Kolorystyka do wyboru: bezbarwna, mleczna biel i czer\u0144<\/li>\n<li>Inne formaty na zam\u00f3wienie<\/li>\n<li>Mo\u017cliwo\u015b\u0107 wykonania wersji z kieszeni\u0105 na wymienn\u0105 grafik\u0119<\/li>\n<li>Do monta\u017cu z u\u017cyciem ta\u015bmy dwustronnej<\/li>\n<li><strong><span style=\"color: #ff6600;\">Kod produktu:<\/span><\/strong> SDG26<\/li>\n<\/ul>\n","protected":false},"featured_media":15838,"template":"","meta":[],"product_brand":[],"product_cat":[826],"product_tag":[],"woo-feed-brand":[],"class_list":{"0":"post-15837","1":"product","2":"type-product","3":"status-publish","4":"has-post-thumbnail","6":"product_cat-wyposazenie-dla-horeca","8":"first","9":"onbackorder","10":"taxable","11":"shipping-taxable","12":"product-type-simple"},"yoast_head":"<!-- This site is optimized with the Yoast SEO plugin v27.5 - https:\/\/yoast.com\/product\/yoast-seo-wordpress\/ -->\n<title>Ogranicznik czo\u0142owy z plexi listwa na brzeg rega\u0142u - Formedia<\/title>\n<meta name=\"description\" content=\"Producent wyrob\u00f3w z plexi. Sprawd\u017a Ogranicznik czo\u0142owy z plexi listwa na brzeg rega\u0142u. Indywidualne podej\u015bcie, w\u0142asne studio projektowe. Zapraszamy!\" \/>\n<meta name=\"robots\" content=\"index, follow, max-snippet:-1, max-image-preview:large, max-video-preview:-1\" \/>\n<link rel=\"canonical\" href=\"https:\/\/www.formedia.pl\/sklep\/produkt\/ogranicznik-czolowy-z-plexi-listwa-na-brzeg-regalu\/\" \/>\n<meta property=\"og:locale\" content=\"pl_PL\" \/>\n<meta property=\"og:type\" content=\"article\" \/>\n<meta property=\"og:title\" content=\"Ogranicznik czo\u0142owy z plexi listwa na brzeg rega\u0142u - Formedia\" \/>\n<meta property=\"og:description\" content=\"Producent wyrob\u00f3w z plexi. Sprawd\u017a Ogranicznik czo\u0142owy z plexi listwa na brzeg rega\u0142u. Indywidualne podej\u015bcie, w\u0142asne studio projektowe. Zapraszamy!\" \/>\n<meta property=\"og:url\" content=\"https:\/\/www.formedia.pl\/sklep\/produkt\/ogranicznik-czolowy-z-plexi-listwa-na-brzeg-regalu\/\" \/>\n<meta property=\"og:site_name\" content=\"Formedia\" \/>\n<meta property=\"article:publisher\" content=\"https:\/\/www.facebook.com\/formedia.bydgoszcz\/\" \/>\n<meta property=\"article:modified_time\" content=\"2026-04-01T06:26:10+00:00\" \/>\n<meta property=\"og:image\" content=\"https:\/\/www.formedia.pl\/sklep\/wp-content\/uploads\/2021\/04\/ogranicznik-czolowy-z-plexi-pod-wymiar-nawymiar-regalu.jpg\" \/>\n\t<meta property=\"og:image:width\" content=\"500\" \/>\n\t<meta property=\"og:image:height\" content=\"500\" \/>\n\t<meta property=\"og:image:type\" content=\"image\/jpeg\" \/>\n<meta name=\"twitter:card\" content=\"summary_large_image\" \/>\n<meta name=\"twitter:label1\" content=\"Szacowany czas czytania\" \/>\n\t<meta name=\"twitter:data1\" content=\"2 minuty\" \/>\n<script type=\"application\/ld+json\" class=\"yoast-schema-graph\">{\"@context\":\"https:\\\/\\\/schema.org\",\"@graph\":[{\"@type\":\"WebPage\",\"@id\":\"https:\\\/\\\/www.formedia.pl\\\/sklep\\\/produkt\\\/ogranicznik-czolowy-z-plexi-listwa-na-brzeg-regalu\\\/\",\"url\":\"https:\\\/\\\/www.formedia.pl\\\/sklep\\\/produkt\\\/ogranicznik-czolowy-z-plexi-listwa-na-brzeg-regalu\\\/\",\"name\":\"Ogranicznik czo\u0142owy z plexi listwa na brzeg rega\u0142u - Formedia\",\"isPartOf\":{\"@id\":\"https:\\\/\\\/www.formedia.pl\\\/sklep\\\/#website\"},\"primaryImageOfPage\":{\"@id\":\"https:\\\/\\\/www.formedia.pl\\\/sklep\\\/produkt\\\/ogranicznik-czolowy-z-plexi-listwa-na-brzeg-regalu\\\/#primaryimage\"},\"image\":{\"@id\":\"https:\\\/\\\/www.formedia.pl\\\/sklep\\\/produkt\\\/ogranicznik-czolowy-z-plexi-listwa-na-brzeg-regalu\\\/#primaryimage\"},\"thumbnailUrl\":\"https:\\\/\\\/www.formedia.pl\\\/sklep\\\/wp-content\\\/uploads\\\/2021\\\/04\\\/ogranicznik-czolowy-z-plexi-pod-wymiar-nawymiar-regalu.jpg\",\"datePublished\":\"2021-04-28T12:14:50+00:00\",\"dateModified\":\"2026-04-01T06:26:10+00:00\",\"description\":\"Producent wyrob\u00f3w z plexi. Sprawd\u017a Ogranicznik czo\u0142owy z plexi listwa na brzeg rega\u0142u. Indywidualne podej\u015bcie, w\u0142asne studio projektowe. Zapraszamy!\",\"breadcrumb\":{\"@id\":\"https:\\\/\\\/www.formedia.pl\\\/sklep\\\/produkt\\\/ogranicznik-czolowy-z-plexi-listwa-na-brzeg-regalu\\\/#breadcrumb\"},\"inLanguage\":\"pl-PL\",\"potentialAction\":[{\"@type\":\"ReadAction\",\"target\":[\"https:\\\/\\\/www.formedia.pl\\\/sklep\\\/produkt\\\/ogranicznik-czolowy-z-plexi-listwa-na-brzeg-regalu\\\/\"]}]},{\"@type\":\"ImageObject\",\"inLanguage\":\"pl-PL\",\"@id\":\"https:\\\/\\\/www.formedia.pl\\\/sklep\\\/produkt\\\/ogranicznik-czolowy-z-plexi-listwa-na-brzeg-regalu\\\/#primaryimage\",\"url\":\"https:\\\/\\\/www.formedia.pl\\\/sklep\\\/wp-content\\\/uploads\\\/2021\\\/04\\\/ogranicznik-czolowy-z-plexi-pod-wymiar-nawymiar-regalu.jpg\",\"contentUrl\":\"https:\\\/\\\/www.formedia.pl\\\/sklep\\\/wp-content\\\/uploads\\\/2021\\\/04\\\/ogranicznik-czolowy-z-plexi-pod-wymiar-nawymiar-regalu.jpg\",\"width\":500,\"height\":500,\"caption\":\"ogranicznik czo\u0142owy z plastiku do rega\u0142\u00f3w sklepowych\"},{\"@type\":\"BreadcrumbList\",\"@id\":\"https:\\\/\\\/www.formedia.pl\\\/sklep\\\/produkt\\\/ogranicznik-czolowy-z-plexi-listwa-na-brzeg-regalu\\\/#breadcrumb\",\"itemListElement\":[{\"@type\":\"ListItem\",\"position\":1,\"name\":\"Strona g\u0142\u00f3wna\",\"item\":\"https:\\\/\\\/www.formedia.pl\\\/sklep\\\/\"},{\"@type\":\"ListItem\",\"position\":2,\"name\":\"Sklep\",\"item\":\"https:\\\/\\\/www.formedia.pl\\\/sklep\\\/\"},{\"@type\":\"ListItem\",\"position\":3,\"name\":\"Ogranicznik czo\u0142owy z plexi listwa na brzeg rega\u0142u\"}]},{\"@type\":\"WebSite\",\"@id\":\"https:\\\/\\\/www.formedia.pl\\\/sklep\\\/#website\",\"url\":\"https:\\\/\\\/www.formedia.pl\\\/sklep\\\/\",\"name\":\"Formedia\",\"description\":\"Producent wyrob\u00f3w z tworzyw sztucznych\",\"publisher\":{\"@id\":\"https:\\\/\\\/www.formedia.pl\\\/sklep\\\/#organization\"},\"alternateName\":\"Formedia\",\"potentialAction\":[{\"@type\":\"SearchAction\",\"target\":{\"@type\":\"EntryPoint\",\"urlTemplate\":\"https:\\\/\\\/www.formedia.pl\\\/sklep\\\/?s={search_term_string}\"},\"query-input\":{\"@type\":\"PropertyValueSpecification\",\"valueRequired\":true,\"valueName\":\"search_term_string\"}}],\"inLanguage\":\"pl-PL\"},{\"@type\":\"Organization\",\"@id\":\"https:\\\/\\\/www.formedia.pl\\\/sklep\\\/#organization\",\"name\":\"Formedia\",\"alternateName\":\"Formedia\",\"url\":\"https:\\\/\\\/www.formedia.pl\\\/sklep\\\/\",\"logo\":{\"@type\":\"ImageObject\",\"inLanguage\":\"pl-PL\",\"@id\":\"https:\\\/\\\/www.formedia.pl\\\/sklep\\\/#\\\/schema\\\/logo\\\/image\\\/\",\"url\":\"https:\\\/\\\/www.formedia.pl\\\/sklep\\\/wp-content\\\/uploads\\\/2025\\\/03\\\/1x1cropped-logo-WWW-ForMedia-bialy.png\",\"contentUrl\":\"https:\\\/\\\/www.formedia.pl\\\/sklep\\\/wp-content\\\/uploads\\\/2025\\\/03\\\/1x1cropped-logo-WWW-ForMedia-bialy.png\",\"width\":412,\"height\":412,\"caption\":\"Formedia\"},\"image\":{\"@id\":\"https:\\\/\\\/www.formedia.pl\\\/sklep\\\/#\\\/schema\\\/logo\\\/image\\\/\"},\"sameAs\":[\"https:\\\/\\\/www.facebook.com\\\/formedia.bydgoszcz\\\/\",\"https:\\\/\\\/www.youtube.com\\\/@formedia4306\"]}]}<\/script>\n<!-- \/ Yoast SEO plugin. -->","yoast_head_json":{"title":"Ogranicznik czo\u0142owy z plexi listwa na brzeg rega\u0142u - Formedia","description":"Producent wyrob\u00f3w z plexi. Sprawd\u017a Ogranicznik czo\u0142owy z plexi listwa na brzeg rega\u0142u. Indywidualne podej\u015bcie, w\u0142asne studio projektowe. Zapraszamy!","robots":{"index":"index","follow":"follow","max-snippet":"max-snippet:-1","max-image-preview":"max-image-preview:large","max-video-preview":"max-video-preview:-1"},"canonical":"https:\/\/www.formedia.pl\/sklep\/produkt\/ogranicznik-czolowy-z-plexi-listwa-na-brzeg-regalu\/","og_locale":"pl_PL","og_type":"article","og_title":"Ogranicznik czo\u0142owy z plexi listwa na brzeg rega\u0142u - Formedia","og_description":"Producent wyrob\u00f3w z plexi. Sprawd\u017a Ogranicznik czo\u0142owy z plexi listwa na brzeg rega\u0142u. Indywidualne podej\u015bcie, w\u0142asne studio projektowe. Zapraszamy!","og_url":"https:\/\/www.formedia.pl\/sklep\/produkt\/ogranicznik-czolowy-z-plexi-listwa-na-brzeg-regalu\/","og_site_name":"Formedia","article_publisher":"https:\/\/www.facebook.com\/formedia.bydgoszcz\/","article_modified_time":"2026-04-01T06:26:10+00:00","og_image":[{"width":500,"height":500,"url":"https:\/\/www.formedia.pl\/sklep\/wp-content\/uploads\/2021\/04\/ogranicznik-czolowy-z-plexi-pod-wymiar-nawymiar-regalu.jpg","type":"image\/jpeg"}],"twitter_card":"summary_large_image","twitter_misc":{"Szacowany czas czytania":"2 minuty"},"schema":{"@context":"https:\/\/schema.org","@graph":[{"@type":"WebPage","@id":"https:\/\/www.formedia.pl\/sklep\/produkt\/ogranicznik-czolowy-z-plexi-listwa-na-brzeg-regalu\/","url":"https:\/\/www.formedia.pl\/sklep\/produkt\/ogranicznik-czolowy-z-plexi-listwa-na-brzeg-regalu\/","name":"Ogranicznik czo\u0142owy z plexi listwa na brzeg rega\u0142u - Formedia","isPartOf":{"@id":"https:\/\/www.formedia.pl\/sklep\/#website"},"primaryImageOfPage":{"@id":"https:\/\/www.formedia.pl\/sklep\/produkt\/ogranicznik-czolowy-z-plexi-listwa-na-brzeg-regalu\/#primaryimage"},"image":{"@id":"https:\/\/www.formedia.pl\/sklep\/produkt\/ogranicznik-czolowy-z-plexi-listwa-na-brzeg-regalu\/#primaryimage"},"thumbnailUrl":"https:\/\/www.formedia.pl\/sklep\/wp-content\/uploads\/2021\/04\/ogranicznik-czolowy-z-plexi-pod-wymiar-nawymiar-regalu.jpg","datePublished":"2021-04-28T12:14:50+00:00","dateModified":"2026-04-01T06:26:10+00:00","description":"Producent wyrob\u00f3w z plexi. Sprawd\u017a Ogranicznik czo\u0142owy z plexi listwa na brzeg rega\u0142u. Indywidualne podej\u015bcie, w\u0142asne studio projektowe. Zapraszamy!","breadcrumb":{"@id":"https:\/\/www.formedia.pl\/sklep\/produkt\/ogranicznik-czolowy-z-plexi-listwa-na-brzeg-regalu\/#breadcrumb"},"inLanguage":"pl-PL","potentialAction":[{"@type":"ReadAction","target":["https:\/\/www.formedia.pl\/sklep\/produkt\/ogranicznik-czolowy-z-plexi-listwa-na-brzeg-regalu\/"]}]},{"@type":"ImageObject","inLanguage":"pl-PL","@id":"https:\/\/www.formedia.pl\/sklep\/produkt\/ogranicznik-czolowy-z-plexi-listwa-na-brzeg-regalu\/#primaryimage","url":"https:\/\/www.formedia.pl\/sklep\/wp-content\/uploads\/2021\/04\/ogranicznik-czolowy-z-plexi-pod-wymiar-nawymiar-regalu.jpg","contentUrl":"https:\/\/www.formedia.pl\/sklep\/wp-content\/uploads\/2021\/04\/ogranicznik-czolowy-z-plexi-pod-wymiar-nawymiar-regalu.jpg","width":500,"height":500,"caption":"ogranicznik czo\u0142owy z plastiku do rega\u0142\u00f3w sklepowych"},{"@type":"BreadcrumbList","@id":"https:\/\/www.formedia.pl\/sklep\/produkt\/ogranicznik-czolowy-z-plexi-listwa-na-brzeg-regalu\/#breadcrumb","itemListElement":[{"@type":"ListItem","position":1,"name":"Strona g\u0142\u00f3wna","item":"https:\/\/www.formedia.pl\/sklep\/"},{"@type":"ListItem","position":2,"name":"Sklep","item":"https:\/\/www.formedia.pl\/sklep\/"},{"@type":"ListItem","position":3,"name":"Ogranicznik czo\u0142owy z plexi listwa na brzeg rega\u0142u"}]},{"@type":"WebSite","@id":"https:\/\/www.formedia.pl\/sklep\/#website","url":"https:\/\/www.formedia.pl\/sklep\/","name":"Formedia","description":"Producent wyrob\u00f3w z tworzyw sztucznych","publisher":{"@id":"https:\/\/www.formedia.pl\/sklep\/#organization"},"alternateName":"Formedia","potentialAction":[{"@type":"SearchAction","target":{"@type":"EntryPoint","urlTemplate":"https:\/\/www.formedia.pl\/sklep\/?s={search_term_string}"},"query-input":{"@type":"PropertyValueSpecification","valueRequired":true,"valueName":"search_term_string"}}],"inLanguage":"pl-PL"},{"@type":"Organization","@id":"https:\/\/www.formedia.pl\/sklep\/#organization","name":"Formedia","alternateName":"Formedia","url":"https:\/\/www.formedia.pl\/sklep\/","logo":{"@type":"ImageObject","inLanguage":"pl-PL","@id":"https:\/\/www.formedia.pl\/sklep\/#\/schema\/logo\/image\/","url":"https:\/\/www.formedia.pl\/sklep\/wp-content\/uploads\/2025\/03\/1x1cropped-logo-WWW-ForMedia-bialy.png","contentUrl":"https:\/\/www.formedia.pl\/sklep\/wp-content\/uploads\/2025\/03\/1x1cropped-logo-WWW-ForMedia-bialy.png","width":412,"height":412,"caption":"Formedia"},"image":{"@id":"https:\/\/www.formedia.pl\/sklep\/#\/schema\/logo\/image\/"},"sameAs":["https:\/\/www.facebook.com\/formedia.bydgoszcz\/","https:\/\/www.youtube.com\/@formedia4306"]}]}},"_links":{"self":[{"href":"https:\/\/www.formedia.pl\/sklep\/wp-json\/wp\/v2\/product\/15837","targetHints":{"allow":["GET"]}}],"collection":[{"href":"https:\/\/www.formedia.pl\/sklep\/wp-json\/wp\/v2\/product"}],"about":[{"href":"https:\/\/www.formedia.pl\/sklep\/wp-json\/wp\/v2\/types\/product"}],"wp:featuredmedia":[{"embeddable":true,"href":"https:\/\/www.formedia.pl\/sklep\/wp-json\/wp\/v2\/media\/15838"}],"wp:attachment":[{"href":"https:\/\/www.formedia.pl\/sklep\/wp-json\/wp\/v2\/media?parent=15837"}],"wp:term":[{"taxonomy":"product_brand","embeddable":true,"href":"https:\/\/www.formedia.pl\/sklep\/wp-json\/wp\/v2\/product_brand?post=15837"},{"taxonomy":"product_cat","embeddable":true,"href":"https:\/\/www.formedia.pl\/sklep\/wp-json\/wp\/v2\/product_cat?post=15837"},{"taxonomy":"product_tag","embeddable":true,"href":"https:\/\/www.formedia.pl\/sklep\/wp-json\/wp\/v2\/product_tag?post=15837"},{"taxonomy":"woo-feed-brand","embeddable":true,"href":"https:\/\/www.formedia.pl\/sklep\/wp-json\/wp\/v2\/woo-feed-brand?post=15837"}],"curies":[{"name":"wp","href":"https:\/\/api.w.org\/{rel}","templated":true}]}}