{"id":1587,"date":"2019-04-26T12:54:45","date_gmt":"2019-04-26T10:54:45","guid":{"rendered":"https:\/\/www.formedia.pl\/sklep\/?post_type=product&#038;p=1587"},"modified":"2026-04-01T08:24:37","modified_gmt":"2026-04-01T06:24:37","slug":"stojak-z-plexi-na-bizuterie-prezenter-na-naszyjniki-popiersie-wys-20cm-18-snbpop19","status":"publish","type":"product","link":"https:\/\/www.formedia.pl\/sklep\/produkt\/stojak-z-plexi-na-bizuterie-prezenter-na-naszyjniki-popiersie-wys-20cm-18-snbpop19\/","title":{"rendered":"Prze\u017aroczysty stojak z plexi na naszyjniki, prezenter do bi\u017cuterii, popiersie do wielu celebrytek, wys. 20 cm, 15 sztuk SNBPOP19"},"content":{"rendered":"<h2><span style=\"color: #ff6600;\">Bezbarwny prezenter na lad\u0119 do jednoczesnej prezentacji wielu \u0142a\u0144cuszk\u00f3w, celebrytek<\/span><\/h2>\n<p>Masz do\u015b\u0107 trzymania bi\u017cuterii, w szufladzie kt\u00f3ra ci\u0105gle Ci si\u0119 pl\u0105ta? Chcesz mie\u0107 wszystko na wierzchu, ale nie masz poj\u0119cia na czym j\u0105 trzyma\u0107? Wybierz stojak na bi\u017cuteri\u0119 z plexi. Posiada on miejsce na wiele \u015bwiecide\u0142ek. Stworzony jest do przechowywania \u0142a\u0144cuszk\u00f3w na nog\u0119, naszyjnik\u00f3w, kolczyk\u00f3w, wisiork\u00f3w oraz bransoletek. Bardzo cz\u0119sto stosowany jest w sklepach jubilerskich, na wystawach z bi\u017cuteri\u0105 oraz w salonach \u015blubnych. Wykonany z bezbarwnej plexi przez co klienci mog\u0105 dok\u0142adnie z ka\u017cdej strony obejrze\u0107 produkt, kt\u00f3ry si\u0119 na nim znajduje bez zdejmowania go. Jest \u0142atwy w czyszczeniu, stabilny i odporny na uszkodzenia. Pasuje do ka\u017cdego wn\u0119trza przez to, \u017ce wygl\u0105da uniwersalnie i elegancko. Tylko od Ciebie zale\u017cy, co i jak chcesz pokaza\u0107. Zobacz ofert\u0119 <a href=\"https:\/\/www.formedia.pl\/sklep\/kategoria-produktu\/oferta\/prezentery-z-plexi-oferta\/stojaki-na-bizuterie\/\"><strong><span style=\"color: #333333;\">gad\u017cet\u00f3w wystawienniczych do bi\u017cuterii od producenta<\/span><\/strong><\/a> Formedia i ciesz si\u0119 doskona\u0142\u0105 prezentacj\u0105 Twoich kolczyk\u00f3w, zegark\u00f3w, bransoletek, \u0142a\u0144cuszk\u00f3w, zawieszek, korali, celebrytek.<\/p>\n<p><strong>UWAGA!<\/strong><\/p>\n<ul>\n<li>Na fotografii jest przyk\u0142adowa prezentacja produktu.<\/li>\n<li>Inne wzory, kszta\u0142ty, kolory tworzywa mo\u017cemy wykona\u0107 dla Pa\u0144stwa na zam\u00f3wienie mailowe. Przed z\u0142o\u017ceniem zam\u00f3wienia indywidualnego prosimy o kontakt z naszym biurem obs\u0142ugi klienta w celu ustalenia szczeg\u00f3\u0142\u00f3w:\u00a0<strong><a href=\"tel:+48661036036\">tel. 661 036 036<\/a><\/strong><\/li>\n<li>Oferujemy r\u00f3wnie\u017c znakowanie metod\u0105 grawerowania oraz nadruku utwardzanego \u015bwiat\u0142em UV.<\/li>\n<li>Druk UV wykonujemy m.in. na: plexi, szkle, dibondzie, drewnie, kartonie, metalu, PCV.<\/li>\n<li>Wyroby z plexi zabezpieczone s\u0105 foli\u0105 ochronn\u0105. Przed u\u017cyciem nale\u017cy j\u0105 \u015bci\u0105gn\u0105\u0107.<\/li>\n<li>Sprawd\u017a\u00a0paczk\u0119\u00a0przy kurierze i oce\u0144\u00a0czy zawarto\u015b\u0107\u00a0nie jest uszkodzona! Protok\u00f3\u0142\u00a0szkody jest jedyn\u0105\u00a0podstaw\u0105\u00a0do reklamacji.<\/li>\n<\/ul>\n","protected":false},"excerpt":{"rendered":"<ul>\n<li><span style=\"color: #ff6600;\"><strong>Wymiary stojaka<\/strong> <strong>(d\u0142. x szer. x wys.):<\/strong><\/span> 80 x 70 x 200 mm<\/li>\n<li><strong><span style=\"color: #ff6600;\">Materia\u0142:<\/span> <\/strong>plexi bezbarwna<\/li>\n<li><strong><span style=\"color: #ff6600;\">Grubo\u015b\u0107:<\/span> <\/strong>2 mm<\/li>\n<li><strong><span style=\"color: #ff6600;\">Kod produktu:<\/span> <\/strong> SNBPOP19<\/li>\n<\/ul>\n","protected":false},"featured_media":17862,"template":"","meta":[],"product_brand":[],"product_cat":[707,870],"product_tag":[],"woo-feed-brand":[],"class_list":{"0":"post-1587","1":"product","2":"type-product","3":"status-publish","4":"has-post-thumbnail","6":"product_cat-ekspozytor-prezenter","7":"product_cat-stojaki-na-bizuterie","9":"first","10":"instock","11":"taxable","12":"shipping-taxable","13":"purchasable","14":"product-type-simple"},"yoast_head":"<!-- This site is optimized with the Yoast SEO plugin v27.5 - https:\/\/yoast.com\/product\/yoast-seo-wordpress\/ -->\n<title>Prze\u017aroczysty stojak z plexi na naszyjniki, prezenter do bi\u017cuterii, popiersie do wielu celebrytek, wys. 20 cm, 15 sztuk SNBPOP19 - Formedia<\/title>\n<meta name=\"description\" content=\"Producent wyrob\u00f3w z plexi. Sprawd\u017a Prze\u017aroczysty stojak z plexi na naszyjniki, prezenter do bi\u017cuterii, popiersie do wielu celebrytek, wys. 20 cm, 15 sztuk SNBPOP19. Indywidualne podej\u015bcie, w\u0142asne studio projektowe. Zapraszamy!\" \/>\n<meta name=\"robots\" content=\"index, follow, max-snippet:-1, max-image-preview:large, max-video-preview:-1\" \/>\n<link rel=\"canonical\" href=\"https:\/\/www.formedia.pl\/sklep\/produkt\/stojak-z-plexi-na-bizuterie-prezenter-na-naszyjniki-popiersie-wys-20cm-18-snbpop19\/\" \/>\n<meta property=\"og:locale\" content=\"pl_PL\" \/>\n<meta property=\"og:type\" content=\"article\" \/>\n<meta property=\"og:title\" content=\"Prze\u017aroczysty stojak z plexi na naszyjniki, prezenter do bi\u017cuterii, popiersie do wielu celebrytek, wys. 20 cm, 15 sztuk SNBPOP19 - Formedia\" \/>\n<meta property=\"og:description\" content=\"Producent wyrob\u00f3w z plexi. Sprawd\u017a Prze\u017aroczysty stojak z plexi na naszyjniki, prezenter do bi\u017cuterii, popiersie do wielu celebrytek, wys. 20 cm, 15 sztuk SNBPOP19. Indywidualne podej\u015bcie, w\u0142asne studio projektowe. Zapraszamy!\" \/>\n<meta property=\"og:url\" content=\"https:\/\/www.formedia.pl\/sklep\/produkt\/stojak-z-plexi-na-bizuterie-prezenter-na-naszyjniki-popiersie-wys-20cm-18-snbpop19\/\" \/>\n<meta property=\"og:site_name\" content=\"Formedia\" \/>\n<meta property=\"article:publisher\" content=\"https:\/\/www.facebook.com\/formedia.bydgoszcz\/\" \/>\n<meta property=\"article:modified_time\" content=\"2026-04-01T06:24:37+00:00\" \/>\n<meta property=\"og:image\" content=\"https:\/\/www.formedia.pl\/sklep\/wp-content\/uploads\/2019\/04\/stojak-na-duza-ilosc-zawieszek-lancuszkow-na-stol-toaletke-do-gabloty.jpg\" \/>\n\t<meta property=\"og:image:width\" content=\"602\" \/>\n\t<meta property=\"og:image:height\" content=\"602\" \/>\n\t<meta property=\"og:image:type\" content=\"image\/jpeg\" \/>\n<meta name=\"twitter:card\" content=\"summary_large_image\" \/>\n<meta name=\"twitter:label1\" content=\"Szacowany czas czytania\" \/>\n\t<meta name=\"twitter:data1\" content=\"1 minuta\" \/>\n<script type=\"application\/ld+json\" class=\"yoast-schema-graph\">{\"@context\":\"https:\\\/\\\/schema.org\",\"@graph\":[{\"@type\":\"WebPage\",\"@id\":\"https:\\\/\\\/www.formedia.pl\\\/sklep\\\/produkt\\\/stojak-z-plexi-na-bizuterie-prezenter-na-naszyjniki-popiersie-wys-20cm-18-snbpop19\\\/\",\"url\":\"https:\\\/\\\/www.formedia.pl\\\/sklep\\\/produkt\\\/stojak-z-plexi-na-bizuterie-prezenter-na-naszyjniki-popiersie-wys-20cm-18-snbpop19\\\/\",\"name\":\"Prze\u017aroczysty stojak z plexi na naszyjniki, prezenter do bi\u017cuterii, popiersie do wielu celebrytek, wys. 20 cm, 15 sztuk SNBPOP19 - Formedia\",\"isPartOf\":{\"@id\":\"https:\\\/\\\/www.formedia.pl\\\/sklep\\\/#website\"},\"primaryImageOfPage\":{\"@id\":\"https:\\\/\\\/www.formedia.pl\\\/sklep\\\/produkt\\\/stojak-z-plexi-na-bizuterie-prezenter-na-naszyjniki-popiersie-wys-20cm-18-snbpop19\\\/#primaryimage\"},\"image\":{\"@id\":\"https:\\\/\\\/www.formedia.pl\\\/sklep\\\/produkt\\\/stojak-z-plexi-na-bizuterie-prezenter-na-naszyjniki-popiersie-wys-20cm-18-snbpop19\\\/#primaryimage\"},\"thumbnailUrl\":\"https:\\\/\\\/www.formedia.pl\\\/sklep\\\/wp-content\\\/uploads\\\/2019\\\/04\\\/stojak-na-duza-ilosc-zawieszek-lancuszkow-na-stol-toaletke-do-gabloty.jpg\",\"datePublished\":\"2019-04-26T10:54:45+00:00\",\"dateModified\":\"2026-04-01T06:24:37+00:00\",\"description\":\"Producent wyrob\u00f3w z plexi. Sprawd\u017a Prze\u017aroczysty stojak z plexi na naszyjniki, prezenter do bi\u017cuterii, popiersie do wielu celebrytek, wys. 20 cm, 15 sztuk SNBPOP19. Indywidualne podej\u015bcie, w\u0142asne studio projektowe. Zapraszamy!\",\"breadcrumb\":{\"@id\":\"https:\\\/\\\/www.formedia.pl\\\/sklep\\\/produkt\\\/stojak-z-plexi-na-bizuterie-prezenter-na-naszyjniki-popiersie-wys-20cm-18-snbpop19\\\/#breadcrumb\"},\"inLanguage\":\"pl-PL\",\"potentialAction\":[{\"@type\":\"ReadAction\",\"target\":[\"https:\\\/\\\/www.formedia.pl\\\/sklep\\\/produkt\\\/stojak-z-plexi-na-bizuterie-prezenter-na-naszyjniki-popiersie-wys-20cm-18-snbpop19\\\/\"]}]},{\"@type\":\"ImageObject\",\"inLanguage\":\"pl-PL\",\"@id\":\"https:\\\/\\\/www.formedia.pl\\\/sklep\\\/produkt\\\/stojak-z-plexi-na-bizuterie-prezenter-na-naszyjniki-popiersie-wys-20cm-18-snbpop19\\\/#primaryimage\",\"url\":\"https:\\\/\\\/www.formedia.pl\\\/sklep\\\/wp-content\\\/uploads\\\/2019\\\/04\\\/stojak-na-duza-ilosc-zawieszek-lancuszkow-na-stol-toaletke-do-gabloty.jpg\",\"contentUrl\":\"https:\\\/\\\/www.formedia.pl\\\/sklep\\\/wp-content\\\/uploads\\\/2019\\\/04\\\/stojak-na-duza-ilosc-zawieszek-lancuszkow-na-stol-toaletke-do-gabloty.jpg\",\"width\":602,\"height\":602,\"caption\":\"ekspozytor na du\u017c\u0105 ilo\u015b\u0107 bi\u017cuterii\"},{\"@type\":\"BreadcrumbList\",\"@id\":\"https:\\\/\\\/www.formedia.pl\\\/sklep\\\/produkt\\\/stojak-z-plexi-na-bizuterie-prezenter-na-naszyjniki-popiersie-wys-20cm-18-snbpop19\\\/#breadcrumb\",\"itemListElement\":[{\"@type\":\"ListItem\",\"position\":1,\"name\":\"Strona g\u0142\u00f3wna\",\"item\":\"https:\\\/\\\/www.formedia.pl\\\/sklep\\\/\"},{\"@type\":\"ListItem\",\"position\":2,\"name\":\"Sklep\",\"item\":\"https:\\\/\\\/www.formedia.pl\\\/sklep\\\/\"},{\"@type\":\"ListItem\",\"position\":3,\"name\":\"Prze\u017aroczysty stojak z plexi na naszyjniki, prezenter do bi\u017cuterii, popiersie do wielu celebrytek, wys. 20 cm, 15 sztuk SNBPOP19\"}]},{\"@type\":\"WebSite\",\"@id\":\"https:\\\/\\\/www.formedia.pl\\\/sklep\\\/#website\",\"url\":\"https:\\\/\\\/www.formedia.pl\\\/sklep\\\/\",\"name\":\"Formedia\",\"description\":\"Producent wyrob\u00f3w z tworzyw sztucznych\",\"publisher\":{\"@id\":\"https:\\\/\\\/www.formedia.pl\\\/sklep\\\/#organization\"},\"alternateName\":\"Formedia\",\"potentialAction\":[{\"@type\":\"SearchAction\",\"target\":{\"@type\":\"EntryPoint\",\"urlTemplate\":\"https:\\\/\\\/www.formedia.pl\\\/sklep\\\/?s={search_term_string}\"},\"query-input\":{\"@type\":\"PropertyValueSpecification\",\"valueRequired\":true,\"valueName\":\"search_term_string\"}}],\"inLanguage\":\"pl-PL\"},{\"@type\":\"Organization\",\"@id\":\"https:\\\/\\\/www.formedia.pl\\\/sklep\\\/#organization\",\"name\":\"Formedia\",\"alternateName\":\"Formedia\",\"url\":\"https:\\\/\\\/www.formedia.pl\\\/sklep\\\/\",\"logo\":{\"@type\":\"ImageObject\",\"inLanguage\":\"pl-PL\",\"@id\":\"https:\\\/\\\/www.formedia.pl\\\/sklep\\\/#\\\/schema\\\/logo\\\/image\\\/\",\"url\":\"https:\\\/\\\/www.formedia.pl\\\/sklep\\\/wp-content\\\/uploads\\\/2025\\\/03\\\/1x1cropped-logo-WWW-ForMedia-bialy.png\",\"contentUrl\":\"https:\\\/\\\/www.formedia.pl\\\/sklep\\\/wp-content\\\/uploads\\\/2025\\\/03\\\/1x1cropped-logo-WWW-ForMedia-bialy.png\",\"width\":412,\"height\":412,\"caption\":\"Formedia\"},\"image\":{\"@id\":\"https:\\\/\\\/www.formedia.pl\\\/sklep\\\/#\\\/schema\\\/logo\\\/image\\\/\"},\"sameAs\":[\"https:\\\/\\\/www.facebook.com\\\/formedia.bydgoszcz\\\/\",\"https:\\\/\\\/www.youtube.com\\\/@formedia4306\"]}]}<\/script>\n<!-- \/ Yoast SEO plugin. -->","yoast_head_json":{"title":"Prze\u017aroczysty stojak z plexi na naszyjniki, prezenter do bi\u017cuterii, popiersie do wielu celebrytek, wys. 20 cm, 15 sztuk SNBPOP19 - Formedia","description":"Producent wyrob\u00f3w z plexi. Sprawd\u017a Prze\u017aroczysty stojak z plexi na naszyjniki, prezenter do bi\u017cuterii, popiersie do wielu celebrytek, wys. 20 cm, 15 sztuk SNBPOP19. Indywidualne podej\u015bcie, w\u0142asne studio projektowe. Zapraszamy!","robots":{"index":"index","follow":"follow","max-snippet":"max-snippet:-1","max-image-preview":"max-image-preview:large","max-video-preview":"max-video-preview:-1"},"canonical":"https:\/\/www.formedia.pl\/sklep\/produkt\/stojak-z-plexi-na-bizuterie-prezenter-na-naszyjniki-popiersie-wys-20cm-18-snbpop19\/","og_locale":"pl_PL","og_type":"article","og_title":"Prze\u017aroczysty stojak z plexi na naszyjniki, prezenter do bi\u017cuterii, popiersie do wielu celebrytek, wys. 20 cm, 15 sztuk SNBPOP19 - Formedia","og_description":"Producent wyrob\u00f3w z plexi. Sprawd\u017a Prze\u017aroczysty stojak z plexi na naszyjniki, prezenter do bi\u017cuterii, popiersie do wielu celebrytek, wys. 20 cm, 15 sztuk SNBPOP19. Indywidualne podej\u015bcie, w\u0142asne studio projektowe. Zapraszamy!","og_url":"https:\/\/www.formedia.pl\/sklep\/produkt\/stojak-z-plexi-na-bizuterie-prezenter-na-naszyjniki-popiersie-wys-20cm-18-snbpop19\/","og_site_name":"Formedia","article_publisher":"https:\/\/www.facebook.com\/formedia.bydgoszcz\/","article_modified_time":"2026-04-01T06:24:37+00:00","og_image":[{"width":602,"height":602,"url":"https:\/\/www.formedia.pl\/sklep\/wp-content\/uploads\/2019\/04\/stojak-na-duza-ilosc-zawieszek-lancuszkow-na-stol-toaletke-do-gabloty.jpg","type":"image\/jpeg"}],"twitter_card":"summary_large_image","twitter_misc":{"Szacowany czas czytania":"1 minuta"},"schema":{"@context":"https:\/\/schema.org","@graph":[{"@type":"WebPage","@id":"https:\/\/www.formedia.pl\/sklep\/produkt\/stojak-z-plexi-na-bizuterie-prezenter-na-naszyjniki-popiersie-wys-20cm-18-snbpop19\/","url":"https:\/\/www.formedia.pl\/sklep\/produkt\/stojak-z-plexi-na-bizuterie-prezenter-na-naszyjniki-popiersie-wys-20cm-18-snbpop19\/","name":"Prze\u017aroczysty stojak z plexi na naszyjniki, prezenter do bi\u017cuterii, popiersie do wielu celebrytek, wys. 20 cm, 15 sztuk SNBPOP19 - Formedia","isPartOf":{"@id":"https:\/\/www.formedia.pl\/sklep\/#website"},"primaryImageOfPage":{"@id":"https:\/\/www.formedia.pl\/sklep\/produkt\/stojak-z-plexi-na-bizuterie-prezenter-na-naszyjniki-popiersie-wys-20cm-18-snbpop19\/#primaryimage"},"image":{"@id":"https:\/\/www.formedia.pl\/sklep\/produkt\/stojak-z-plexi-na-bizuterie-prezenter-na-naszyjniki-popiersie-wys-20cm-18-snbpop19\/#primaryimage"},"thumbnailUrl":"https:\/\/www.formedia.pl\/sklep\/wp-content\/uploads\/2019\/04\/stojak-na-duza-ilosc-zawieszek-lancuszkow-na-stol-toaletke-do-gabloty.jpg","datePublished":"2019-04-26T10:54:45+00:00","dateModified":"2026-04-01T06:24:37+00:00","description":"Producent wyrob\u00f3w z plexi. Sprawd\u017a Prze\u017aroczysty stojak z plexi na naszyjniki, prezenter do bi\u017cuterii, popiersie do wielu celebrytek, wys. 20 cm, 15 sztuk SNBPOP19. Indywidualne podej\u015bcie, w\u0142asne studio projektowe. Zapraszamy!","breadcrumb":{"@id":"https:\/\/www.formedia.pl\/sklep\/produkt\/stojak-z-plexi-na-bizuterie-prezenter-na-naszyjniki-popiersie-wys-20cm-18-snbpop19\/#breadcrumb"},"inLanguage":"pl-PL","potentialAction":[{"@type":"ReadAction","target":["https:\/\/www.formedia.pl\/sklep\/produkt\/stojak-z-plexi-na-bizuterie-prezenter-na-naszyjniki-popiersie-wys-20cm-18-snbpop19\/"]}]},{"@type":"ImageObject","inLanguage":"pl-PL","@id":"https:\/\/www.formedia.pl\/sklep\/produkt\/stojak-z-plexi-na-bizuterie-prezenter-na-naszyjniki-popiersie-wys-20cm-18-snbpop19\/#primaryimage","url":"https:\/\/www.formedia.pl\/sklep\/wp-content\/uploads\/2019\/04\/stojak-na-duza-ilosc-zawieszek-lancuszkow-na-stol-toaletke-do-gabloty.jpg","contentUrl":"https:\/\/www.formedia.pl\/sklep\/wp-content\/uploads\/2019\/04\/stojak-na-duza-ilosc-zawieszek-lancuszkow-na-stol-toaletke-do-gabloty.jpg","width":602,"height":602,"caption":"ekspozytor na du\u017c\u0105 ilo\u015b\u0107 bi\u017cuterii"},{"@type":"BreadcrumbList","@id":"https:\/\/www.formedia.pl\/sklep\/produkt\/stojak-z-plexi-na-bizuterie-prezenter-na-naszyjniki-popiersie-wys-20cm-18-snbpop19\/#breadcrumb","itemListElement":[{"@type":"ListItem","position":1,"name":"Strona g\u0142\u00f3wna","item":"https:\/\/www.formedia.pl\/sklep\/"},{"@type":"ListItem","position":2,"name":"Sklep","item":"https:\/\/www.formedia.pl\/sklep\/"},{"@type":"ListItem","position":3,"name":"Prze\u017aroczysty stojak z plexi na naszyjniki, prezenter do bi\u017cuterii, popiersie do wielu celebrytek, wys. 20 cm, 15 sztuk SNBPOP19"}]},{"@type":"WebSite","@id":"https:\/\/www.formedia.pl\/sklep\/#website","url":"https:\/\/www.formedia.pl\/sklep\/","name":"Formedia","description":"Producent wyrob\u00f3w z tworzyw sztucznych","publisher":{"@id":"https:\/\/www.formedia.pl\/sklep\/#organization"},"alternateName":"Formedia","potentialAction":[{"@type":"SearchAction","target":{"@type":"EntryPoint","urlTemplate":"https:\/\/www.formedia.pl\/sklep\/?s={search_term_string}"},"query-input":{"@type":"PropertyValueSpecification","valueRequired":true,"valueName":"search_term_string"}}],"inLanguage":"pl-PL"},{"@type":"Organization","@id":"https:\/\/www.formedia.pl\/sklep\/#organization","name":"Formedia","alternateName":"Formedia","url":"https:\/\/www.formedia.pl\/sklep\/","logo":{"@type":"ImageObject","inLanguage":"pl-PL","@id":"https:\/\/www.formedia.pl\/sklep\/#\/schema\/logo\/image\/","url":"https:\/\/www.formedia.pl\/sklep\/wp-content\/uploads\/2025\/03\/1x1cropped-logo-WWW-ForMedia-bialy.png","contentUrl":"https:\/\/www.formedia.pl\/sklep\/wp-content\/uploads\/2025\/03\/1x1cropped-logo-WWW-ForMedia-bialy.png","width":412,"height":412,"caption":"Formedia"},"image":{"@id":"https:\/\/www.formedia.pl\/sklep\/#\/schema\/logo\/image\/"},"sameAs":["https:\/\/www.facebook.com\/formedia.bydgoszcz\/","https:\/\/www.youtube.com\/@formedia4306"]}]}},"_links":{"self":[{"href":"https:\/\/www.formedia.pl\/sklep\/wp-json\/wp\/v2\/product\/1587","targetHints":{"allow":["GET"]}}],"collection":[{"href":"https:\/\/www.formedia.pl\/sklep\/wp-json\/wp\/v2\/product"}],"about":[{"href":"https:\/\/www.formedia.pl\/sklep\/wp-json\/wp\/v2\/types\/product"}],"wp:featuredmedia":[{"embeddable":true,"href":"https:\/\/www.formedia.pl\/sklep\/wp-json\/wp\/v2\/media\/17862"}],"wp:attachment":[{"href":"https:\/\/www.formedia.pl\/sklep\/wp-json\/wp\/v2\/media?parent=1587"}],"wp:term":[{"taxonomy":"product_brand","embeddable":true,"href":"https:\/\/www.formedia.pl\/sklep\/wp-json\/wp\/v2\/product_brand?post=1587"},{"taxonomy":"product_cat","embeddable":true,"href":"https:\/\/www.formedia.pl\/sklep\/wp-json\/wp\/v2\/product_cat?post=1587"},{"taxonomy":"product_tag","embeddable":true,"href":"https:\/\/www.formedia.pl\/sklep\/wp-json\/wp\/v2\/product_tag?post=1587"},{"taxonomy":"woo-feed-brand","embeddable":true,"href":"https:\/\/www.formedia.pl\/sklep\/wp-json\/wp\/v2\/woo-feed-brand?post=1587"}],"curies":[{"name":"wp","href":"https:\/\/api.w.org\/{rel}","templated":true}]}}