{"id":16498,"date":"2021-05-19T11:31:05","date_gmt":"2021-05-19T09:31:05","guid":{"rendered":"https:\/\/www.formedia.pl\/sklep\/?post_type=product&#038;p=16498"},"modified":"2026-04-01T08:26:20","modified_gmt":"2026-04-01T06:26:20","slug":"przezroczysta-przegroda-do-lady-chlodniczej-do-podzialu-towaru","status":"publish","type":"product","link":"https:\/\/www.formedia.pl\/sklep\/produkt\/przezroczysta-przegroda-do-lady-chlodniczej-do-podzialu-towaru\/","title":{"rendered":"Prze\u017aroczysta przegroda do lady ch\u0142odniczej do podzia\u0142u towaru"},"content":{"rendered":"<h2><span lang=\"en-US\" style=\"color: #ff6600;\">Przegroda do witryn sklepowych na wymiar<\/span><\/h2>\n<p><span lang=\"en-US\">Prowadzisz dzia\u0142alno\u015b\u0107 gastronomiczn\u0105? Z pewno\u015bci\u0105 b\u0119dziesz zainteresowany nasz\u0105 ofert\u0105! Posiadamy \u015bcianki do oddzielania towar<\/span><span lang=\"en-US\">\u00f3<\/span><span lang=\"en-US\">w w ladzie ch\u0142odniczej. Ich uniwersalno\u015b\u0107 i dopasowanie do twojego wymiaru lady usprawni i przyspieszy Ci prac\u0119. W kr<\/span><span lang=\"en-US\">\u00f3tszym czasie obs<\/span><span lang=\"en-US\">\u0142u\u017cysz wi\u0119cej klient<\/span><span lang=\"en-US\">\u00f3w. Wszyscy b<\/span><span lang=\"en-US\">\u0119d\u0105 zadowoleni oraz b\u0119d\u0105 ch\u0119tnie wraca\u0107 do Twojego sklepu ze wzgl\u0119du na szybk\u0105 obs\u0142ug\u0119. Ciesz si\u0119 z jako\u015bci i z rozwi\u0105za\u0144 jakimi mo\u017cemy Ciebie obdarzy\u0107!<\/span><\/p>\n<p>Istnieje mo\u017cliwo\u015b\u0107 z\u0142o\u017cenia\u00a0<strong>indywidualnego zam\u00f3wienia<\/strong>. W tym celu\u00a0<strong>nale\u017cy napisa\u0107<\/strong>\u00a0na adres:\u00a0<strong>sklep@formedia.pl<\/strong>\u00a0lub skontaktowa\u0107 si\u0119 z naszym\u00a0<strong>biurem obs\u0142ugi klienta:\u00a0<span style=\"color: #ff6600;\"><a style=\"color: #ff6600;\" href=\"tel:+48661036036\">tel. 661 036 036<\/a><\/span><\/strong><\/p>\n<p align=\"JUSTIFY\"><strong>UWAGA!<\/strong><\/p>\n<ul>\n<li>Na fotografii jest przyk\u0142adowa prezentacja produktu.<\/li>\n<li>Inne wzory, kszta\u0142ty, kolory tworzywa mo\u017cemy wykona\u0107 dla Pa\u0144stwa na zam\u00f3wienie mailowe. Przed z\u0142o\u017ceniem zam\u00f3wienia indywidualnego prosimy o kontakt z naszym biurem obs\u0142ugi klienta w celu ustalenia szczeg\u00f3\u0142\u00f3w:\u00a0<strong><a href=\"tel:+48661036036\">tel. 661 036 036<\/a><\/strong><\/li>\n<li>Oferujemy r\u00f3wnie\u017c znakowanie metod\u0105 grawerowania oraz nadruku utwardzanego \u015bwiat\u0142em UV.<\/li>\n<li>Druk UV wykonujemy m.in. na: plexi, szkle, dibondzie, drewnie, kartonie, metalu, PCV.<\/li>\n<li>Wyroby z plexi zabezpieczone s\u0105 foli\u0105 ochronn\u0105. Przed u\u017cyciem nale\u017cy j\u0105 \u015bci\u0105gn\u0105\u0107.<\/li>\n<li>Sprawd\u017a\u00a0paczk\u0119\u00a0przy kurierze i oce\u0144\u00a0czy zawarto\u015b\u0107\u00a0nie jest uszkodzona! Protok\u00f3\u0142\u00a0szkody jest jedyn\u0105\u00a0podstaw\u0105\u00a0do reklamacji.<\/li>\n<\/ul>\n","protected":false},"excerpt":{"rendered":"<ul>\n<li>Przed z\u0142o\u017ceniem zam\u00f3wienia prosimy o kontakt z naszym biurem obs\u0142ugi klienta w celu ustalenia szczeg\u00f3\u0142\u00f3w: <strong><span style=\"color: #333333;\"><span style=\"color: #ff6600;\"><a style=\"color: #ff6600;\" href=\"tel:+48661036036\">tel. 661 036 036<\/a><\/span><\/span><\/strong><\/li>\n<li>Produkt wykonywany na indywidualne zam\u00f3wienie, minimalna ilo\u015b\u0107 to 10 sztuk.<\/li>\n<li><strong><span style=\"color: #ff6600;\">Wymiary:<\/span> <\/strong>na zam\u00f3wienie do Twojego typu ch\u0142odziarki<\/li>\n<li><strong><span style=\"color: #ff6600;\">Materia\u0142:<\/span><\/strong> plexi<\/li>\n<li><strong><span style=\"color: #ff6600;\">Grubo\u015b\u0107 materia\u0142u:<\/span><\/strong> 3 mm<\/li>\n<li><strong><span style=\"color: #ff6600;\">Czyszczenie:<\/span> <\/strong>mycie r\u0119czne<\/li>\n<li><strong><span style=\"color: #ff6600;\">Kod produktu:<\/span> <\/strong>PDGL3<\/li>\n<\/ul>\n","protected":false},"featured_media":16499,"template":"","meta":[],"product_brand":[],"product_cat":[891,826],"product_tag":[],"woo-feed-brand":[],"class_list":{"0":"post-16498","1":"product","2":"type-product","3":"status-publish","4":"has-post-thumbnail","6":"product_cat-pozostale-stojaki-horeca","7":"product_cat-wyposazenie-dla-horeca","9":"first","10":"onbackorder","11":"taxable","12":"shipping-taxable","13":"product-type-simple"},"yoast_head":"<!-- This site is optimized with the Yoast SEO plugin v27.5 - https:\/\/yoast.com\/product\/yoast-seo-wordpress\/ -->\n<title>Prze\u017aroczysta przegroda do lady ch\u0142odniczej do podzia\u0142u towaru - Formedia<\/title>\n<meta name=\"description\" content=\"Producent wyrob\u00f3w z plexi. Sprawd\u017a Prze\u017aroczysta przegroda do lady ch\u0142odniczej do podzia\u0142u towaru. Indywidualne podej\u015bcie, w\u0142asne studio projektowe. Zapraszamy!\" \/>\n<meta name=\"robots\" content=\"index, follow, max-snippet:-1, max-image-preview:large, max-video-preview:-1\" \/>\n<link rel=\"canonical\" href=\"https:\/\/www.formedia.pl\/sklep\/produkt\/przezroczysta-przegroda-do-lady-chlodniczej-do-podzialu-towaru\/\" \/>\n<meta property=\"og:locale\" content=\"pl_PL\" \/>\n<meta property=\"og:type\" content=\"article\" \/>\n<meta property=\"og:title\" content=\"Prze\u017aroczysta przegroda do lady ch\u0142odniczej do podzia\u0142u towaru - Formedia\" \/>\n<meta property=\"og:description\" content=\"Producent wyrob\u00f3w z plexi. Sprawd\u017a Prze\u017aroczysta przegroda do lady ch\u0142odniczej do podzia\u0142u towaru. Indywidualne podej\u015bcie, w\u0142asne studio projektowe. Zapraszamy!\" \/>\n<meta property=\"og:url\" content=\"https:\/\/www.formedia.pl\/sklep\/produkt\/przezroczysta-przegroda-do-lady-chlodniczej-do-podzialu-towaru\/\" \/>\n<meta property=\"og:site_name\" content=\"Formedia\" \/>\n<meta property=\"article:publisher\" content=\"https:\/\/www.facebook.com\/formedia.bydgoszcz\/\" \/>\n<meta property=\"article:modified_time\" content=\"2026-04-01T06:26:20+00:00\" \/>\n<meta property=\"og:image\" content=\"https:\/\/www.formedia.pl\/sklep\/wp-content\/uploads\/2021\/05\/przegrody-do-chlodziarek-sklepowych-lad-chlodniczych-na-wymiar.jpg\" \/>\n\t<meta property=\"og:image:width\" content=\"394\" \/>\n\t<meta property=\"og:image:height\" content=\"394\" \/>\n\t<meta property=\"og:image:type\" content=\"image\/jpeg\" \/>\n<meta name=\"twitter:card\" content=\"summary_large_image\" \/>\n<meta name=\"twitter:label1\" content=\"Szacowany czas czytania\" \/>\n\t<meta name=\"twitter:data1\" content=\"1 minuta\" \/>\n<script type=\"application\/ld+json\" class=\"yoast-schema-graph\">{\"@context\":\"https:\\\/\\\/schema.org\",\"@graph\":[{\"@type\":\"WebPage\",\"@id\":\"https:\\\/\\\/www.formedia.pl\\\/sklep\\\/produkt\\\/przezroczysta-przegroda-do-lady-chlodniczej-do-podzialu-towaru\\\/\",\"url\":\"https:\\\/\\\/www.formedia.pl\\\/sklep\\\/produkt\\\/przezroczysta-przegroda-do-lady-chlodniczej-do-podzialu-towaru\\\/\",\"name\":\"Prze\u017aroczysta przegroda do lady ch\u0142odniczej do podzia\u0142u towaru - Formedia\",\"isPartOf\":{\"@id\":\"https:\\\/\\\/www.formedia.pl\\\/sklep\\\/#website\"},\"primaryImageOfPage\":{\"@id\":\"https:\\\/\\\/www.formedia.pl\\\/sklep\\\/produkt\\\/przezroczysta-przegroda-do-lady-chlodniczej-do-podzialu-towaru\\\/#primaryimage\"},\"image\":{\"@id\":\"https:\\\/\\\/www.formedia.pl\\\/sklep\\\/produkt\\\/przezroczysta-przegroda-do-lady-chlodniczej-do-podzialu-towaru\\\/#primaryimage\"},\"thumbnailUrl\":\"https:\\\/\\\/www.formedia.pl\\\/sklep\\\/wp-content\\\/uploads\\\/2021\\\/05\\\/przegrody-do-chlodziarek-sklepowych-lad-chlodniczych-na-wymiar.jpg\",\"datePublished\":\"2021-05-19T09:31:05+00:00\",\"dateModified\":\"2026-04-01T06:26:20+00:00\",\"description\":\"Producent wyrob\u00f3w z plexi. Sprawd\u017a Prze\u017aroczysta przegroda do lady ch\u0142odniczej do podzia\u0142u towaru. Indywidualne podej\u015bcie, w\u0142asne studio projektowe. Zapraszamy!\",\"breadcrumb\":{\"@id\":\"https:\\\/\\\/www.formedia.pl\\\/sklep\\\/produkt\\\/przezroczysta-przegroda-do-lady-chlodniczej-do-podzialu-towaru\\\/#breadcrumb\"},\"inLanguage\":\"pl-PL\",\"potentialAction\":[{\"@type\":\"ReadAction\",\"target\":[\"https:\\\/\\\/www.formedia.pl\\\/sklep\\\/produkt\\\/przezroczysta-przegroda-do-lady-chlodniczej-do-podzialu-towaru\\\/\"]}]},{\"@type\":\"ImageObject\",\"inLanguage\":\"pl-PL\",\"@id\":\"https:\\\/\\\/www.formedia.pl\\\/sklep\\\/produkt\\\/przezroczysta-przegroda-do-lady-chlodniczej-do-podzialu-towaru\\\/#primaryimage\",\"url\":\"https:\\\/\\\/www.formedia.pl\\\/sklep\\\/wp-content\\\/uploads\\\/2021\\\/05\\\/przegrody-do-chlodziarek-sklepowych-lad-chlodniczych-na-wymiar.jpg\",\"contentUrl\":\"https:\\\/\\\/www.formedia.pl\\\/sklep\\\/wp-content\\\/uploads\\\/2021\\\/05\\\/przegrody-do-chlodziarek-sklepowych-lad-chlodniczych-na-wymiar.jpg\",\"width\":394,\"height\":394,\"caption\":\"przegroda z plexi do sklepowych lodowek\"},{\"@type\":\"BreadcrumbList\",\"@id\":\"https:\\\/\\\/www.formedia.pl\\\/sklep\\\/produkt\\\/przezroczysta-przegroda-do-lady-chlodniczej-do-podzialu-towaru\\\/#breadcrumb\",\"itemListElement\":[{\"@type\":\"ListItem\",\"position\":1,\"name\":\"Strona g\u0142\u00f3wna\",\"item\":\"https:\\\/\\\/www.formedia.pl\\\/sklep\\\/\"},{\"@type\":\"ListItem\",\"position\":2,\"name\":\"Sklep\",\"item\":\"https:\\\/\\\/www.formedia.pl\\\/sklep\\\/\"},{\"@type\":\"ListItem\",\"position\":3,\"name\":\"Prze\u017aroczysta przegroda do lady ch\u0142odniczej do podzia\u0142u towaru\"}]},{\"@type\":\"WebSite\",\"@id\":\"https:\\\/\\\/www.formedia.pl\\\/sklep\\\/#website\",\"url\":\"https:\\\/\\\/www.formedia.pl\\\/sklep\\\/\",\"name\":\"Formedia\",\"description\":\"Producent wyrob\u00f3w z tworzyw sztucznych\",\"publisher\":{\"@id\":\"https:\\\/\\\/www.formedia.pl\\\/sklep\\\/#organization\"},\"alternateName\":\"Formedia\",\"potentialAction\":[{\"@type\":\"SearchAction\",\"target\":{\"@type\":\"EntryPoint\",\"urlTemplate\":\"https:\\\/\\\/www.formedia.pl\\\/sklep\\\/?s={search_term_string}\"},\"query-input\":{\"@type\":\"PropertyValueSpecification\",\"valueRequired\":true,\"valueName\":\"search_term_string\"}}],\"inLanguage\":\"pl-PL\"},{\"@type\":\"Organization\",\"@id\":\"https:\\\/\\\/www.formedia.pl\\\/sklep\\\/#organization\",\"name\":\"Formedia\",\"alternateName\":\"Formedia\",\"url\":\"https:\\\/\\\/www.formedia.pl\\\/sklep\\\/\",\"logo\":{\"@type\":\"ImageObject\",\"inLanguage\":\"pl-PL\",\"@id\":\"https:\\\/\\\/www.formedia.pl\\\/sklep\\\/#\\\/schema\\\/logo\\\/image\\\/\",\"url\":\"https:\\\/\\\/www.formedia.pl\\\/sklep\\\/wp-content\\\/uploads\\\/2025\\\/03\\\/1x1cropped-logo-WWW-ForMedia-bialy.png\",\"contentUrl\":\"https:\\\/\\\/www.formedia.pl\\\/sklep\\\/wp-content\\\/uploads\\\/2025\\\/03\\\/1x1cropped-logo-WWW-ForMedia-bialy.png\",\"width\":412,\"height\":412,\"caption\":\"Formedia\"},\"image\":{\"@id\":\"https:\\\/\\\/www.formedia.pl\\\/sklep\\\/#\\\/schema\\\/logo\\\/image\\\/\"},\"sameAs\":[\"https:\\\/\\\/www.facebook.com\\\/formedia.bydgoszcz\\\/\",\"https:\\\/\\\/www.youtube.com\\\/@formedia4306\"]}]}<\/script>\n<!-- \/ Yoast SEO plugin. -->","yoast_head_json":{"title":"Prze\u017aroczysta przegroda do lady ch\u0142odniczej do podzia\u0142u towaru - Formedia","description":"Producent wyrob\u00f3w z plexi. Sprawd\u017a Prze\u017aroczysta przegroda do lady ch\u0142odniczej do podzia\u0142u towaru. Indywidualne podej\u015bcie, w\u0142asne studio projektowe. Zapraszamy!","robots":{"index":"index","follow":"follow","max-snippet":"max-snippet:-1","max-image-preview":"max-image-preview:large","max-video-preview":"max-video-preview:-1"},"canonical":"https:\/\/www.formedia.pl\/sklep\/produkt\/przezroczysta-przegroda-do-lady-chlodniczej-do-podzialu-towaru\/","og_locale":"pl_PL","og_type":"article","og_title":"Prze\u017aroczysta przegroda do lady ch\u0142odniczej do podzia\u0142u towaru - Formedia","og_description":"Producent wyrob\u00f3w z plexi. Sprawd\u017a Prze\u017aroczysta przegroda do lady ch\u0142odniczej do podzia\u0142u towaru. Indywidualne podej\u015bcie, w\u0142asne studio projektowe. Zapraszamy!","og_url":"https:\/\/www.formedia.pl\/sklep\/produkt\/przezroczysta-przegroda-do-lady-chlodniczej-do-podzialu-towaru\/","og_site_name":"Formedia","article_publisher":"https:\/\/www.facebook.com\/formedia.bydgoszcz\/","article_modified_time":"2026-04-01T06:26:20+00:00","og_image":[{"width":394,"height":394,"url":"https:\/\/www.formedia.pl\/sklep\/wp-content\/uploads\/2021\/05\/przegrody-do-chlodziarek-sklepowych-lad-chlodniczych-na-wymiar.jpg","type":"image\/jpeg"}],"twitter_card":"summary_large_image","twitter_misc":{"Szacowany czas czytania":"1 minuta"},"schema":{"@context":"https:\/\/schema.org","@graph":[{"@type":"WebPage","@id":"https:\/\/www.formedia.pl\/sklep\/produkt\/przezroczysta-przegroda-do-lady-chlodniczej-do-podzialu-towaru\/","url":"https:\/\/www.formedia.pl\/sklep\/produkt\/przezroczysta-przegroda-do-lady-chlodniczej-do-podzialu-towaru\/","name":"Prze\u017aroczysta przegroda do lady ch\u0142odniczej do podzia\u0142u towaru - Formedia","isPartOf":{"@id":"https:\/\/www.formedia.pl\/sklep\/#website"},"primaryImageOfPage":{"@id":"https:\/\/www.formedia.pl\/sklep\/produkt\/przezroczysta-przegroda-do-lady-chlodniczej-do-podzialu-towaru\/#primaryimage"},"image":{"@id":"https:\/\/www.formedia.pl\/sklep\/produkt\/przezroczysta-przegroda-do-lady-chlodniczej-do-podzialu-towaru\/#primaryimage"},"thumbnailUrl":"https:\/\/www.formedia.pl\/sklep\/wp-content\/uploads\/2021\/05\/przegrody-do-chlodziarek-sklepowych-lad-chlodniczych-na-wymiar.jpg","datePublished":"2021-05-19T09:31:05+00:00","dateModified":"2026-04-01T06:26:20+00:00","description":"Producent wyrob\u00f3w z plexi. Sprawd\u017a Prze\u017aroczysta przegroda do lady ch\u0142odniczej do podzia\u0142u towaru. Indywidualne podej\u015bcie, w\u0142asne studio projektowe. Zapraszamy!","breadcrumb":{"@id":"https:\/\/www.formedia.pl\/sklep\/produkt\/przezroczysta-przegroda-do-lady-chlodniczej-do-podzialu-towaru\/#breadcrumb"},"inLanguage":"pl-PL","potentialAction":[{"@type":"ReadAction","target":["https:\/\/www.formedia.pl\/sklep\/produkt\/przezroczysta-przegroda-do-lady-chlodniczej-do-podzialu-towaru\/"]}]},{"@type":"ImageObject","inLanguage":"pl-PL","@id":"https:\/\/www.formedia.pl\/sklep\/produkt\/przezroczysta-przegroda-do-lady-chlodniczej-do-podzialu-towaru\/#primaryimage","url":"https:\/\/www.formedia.pl\/sklep\/wp-content\/uploads\/2021\/05\/przegrody-do-chlodziarek-sklepowych-lad-chlodniczych-na-wymiar.jpg","contentUrl":"https:\/\/www.formedia.pl\/sklep\/wp-content\/uploads\/2021\/05\/przegrody-do-chlodziarek-sklepowych-lad-chlodniczych-na-wymiar.jpg","width":394,"height":394,"caption":"przegroda z plexi do sklepowych lodowek"},{"@type":"BreadcrumbList","@id":"https:\/\/www.formedia.pl\/sklep\/produkt\/przezroczysta-przegroda-do-lady-chlodniczej-do-podzialu-towaru\/#breadcrumb","itemListElement":[{"@type":"ListItem","position":1,"name":"Strona g\u0142\u00f3wna","item":"https:\/\/www.formedia.pl\/sklep\/"},{"@type":"ListItem","position":2,"name":"Sklep","item":"https:\/\/www.formedia.pl\/sklep\/"},{"@type":"ListItem","position":3,"name":"Prze\u017aroczysta przegroda do lady ch\u0142odniczej do podzia\u0142u towaru"}]},{"@type":"WebSite","@id":"https:\/\/www.formedia.pl\/sklep\/#website","url":"https:\/\/www.formedia.pl\/sklep\/","name":"Formedia","description":"Producent wyrob\u00f3w z tworzyw sztucznych","publisher":{"@id":"https:\/\/www.formedia.pl\/sklep\/#organization"},"alternateName":"Formedia","potentialAction":[{"@type":"SearchAction","target":{"@type":"EntryPoint","urlTemplate":"https:\/\/www.formedia.pl\/sklep\/?s={search_term_string}"},"query-input":{"@type":"PropertyValueSpecification","valueRequired":true,"valueName":"search_term_string"}}],"inLanguage":"pl-PL"},{"@type":"Organization","@id":"https:\/\/www.formedia.pl\/sklep\/#organization","name":"Formedia","alternateName":"Formedia","url":"https:\/\/www.formedia.pl\/sklep\/","logo":{"@type":"ImageObject","inLanguage":"pl-PL","@id":"https:\/\/www.formedia.pl\/sklep\/#\/schema\/logo\/image\/","url":"https:\/\/www.formedia.pl\/sklep\/wp-content\/uploads\/2025\/03\/1x1cropped-logo-WWW-ForMedia-bialy.png","contentUrl":"https:\/\/www.formedia.pl\/sklep\/wp-content\/uploads\/2025\/03\/1x1cropped-logo-WWW-ForMedia-bialy.png","width":412,"height":412,"caption":"Formedia"},"image":{"@id":"https:\/\/www.formedia.pl\/sklep\/#\/schema\/logo\/image\/"},"sameAs":["https:\/\/www.facebook.com\/formedia.bydgoszcz\/","https:\/\/www.youtube.com\/@formedia4306"]}]}},"_links":{"self":[{"href":"https:\/\/www.formedia.pl\/sklep\/wp-json\/wp\/v2\/product\/16498","targetHints":{"allow":["GET"]}}],"collection":[{"href":"https:\/\/www.formedia.pl\/sklep\/wp-json\/wp\/v2\/product"}],"about":[{"href":"https:\/\/www.formedia.pl\/sklep\/wp-json\/wp\/v2\/types\/product"}],"wp:featuredmedia":[{"embeddable":true,"href":"https:\/\/www.formedia.pl\/sklep\/wp-json\/wp\/v2\/media\/16499"}],"wp:attachment":[{"href":"https:\/\/www.formedia.pl\/sklep\/wp-json\/wp\/v2\/media?parent=16498"}],"wp:term":[{"taxonomy":"product_brand","embeddable":true,"href":"https:\/\/www.formedia.pl\/sklep\/wp-json\/wp\/v2\/product_brand?post=16498"},{"taxonomy":"product_cat","embeddable":true,"href":"https:\/\/www.formedia.pl\/sklep\/wp-json\/wp\/v2\/product_cat?post=16498"},{"taxonomy":"product_tag","embeddable":true,"href":"https:\/\/www.formedia.pl\/sklep\/wp-json\/wp\/v2\/product_tag?post=16498"},{"taxonomy":"woo-feed-brand","embeddable":true,"href":"https:\/\/www.formedia.pl\/sklep\/wp-json\/wp\/v2\/woo-feed-brand?post=16498"}],"curies":[{"name":"wp","href":"https:\/\/api.w.org\/{rel}","templated":true}]}}