{"id":1704,"date":"2019-04-29T14:06:18","date_gmt":"2019-04-29T12:06:18","guid":{"rendered":"https:\/\/www.formedia.pl\/sklep\/?post_type=product&#038;p=1704"},"modified":"2026-04-01T08:24:39","modified_gmt":"2026-04-01T06:24:39","slug":"kieszen-tabliczka-z-pleksi-na-ulotke-dl-poziom-4-przyssawki","status":"publish","type":"product","link":"https:\/\/www.formedia.pl\/sklep\/produkt\/kieszen-tabliczka-z-pleksi-na-ulotke-dl-poziom-4-przyssawki\/","title":{"rendered":"Kiesze\u0144 z plexi, z przyssawkami, DL, poziom &#8211; 15 sztuk"},"content":{"rendered":"<h2 align=\"JUSTIFY\"><span style=\"color: #ff6600;\">Pozioma kiesze\u0144 DL montowana na cztery przyssawki<\/span><\/h2>\n<p align=\"JUSTIFY\">Szukasz czego\u015b do zawieszenia poziomej kartki DL? Mamy dla Ciebie trwa\u0142\u0105 kiesze\u0144 z plexi, kt\u00f3r\u0105 bez trudu zamontujesz na szklanej powierzchni. Wystarczy, \u017ce odt\u0142u\u015bcisz pod\u0142o\u017ce i przytkniesz no niej koszulk\u0119 z przyssawkami i gotowe! Projektowana z my\u015bl\u0105 o wytrzyma\u0142o\u015bci i funkcjonalno\u015bci produktu. Z tego wzgl\u0119du jest\u00a0 on wykonany z plexi bezbarwnej o grubo\u015bci 2 mm. Poddanej obr\u00f3bce cyfrowej i termicznej. Jest to najwy\u017cszej jako\u015bci gad\u017cet wystawienniczy do eksponowania m.in. ulotek, tre\u015bci informacyjnych, itp. Znakomicie sprawdzi si\u0119 w plac\u00f3wkach handlowych, bankach czy urz\u0119dach. Zobacz ca\u0142\u0105 <span style=\"color: #333333;\"><strong><a style=\"color: #333333;\" href=\"https:\/\/www.formedia.pl\/sklep\/kategoria-produktu\/kieszenie\/kieszen-wiszaca-na-ulotki\/\">seri\u0119 kieszeni z plexi od Formedia<\/a>.<\/strong><\/span><\/p>\n<p><strong>UWAGA!<\/strong><\/p>\n<p>? Wyroby z plexi zabezpieczone s\u0105 foli\u0105 ochronn\u0105. Przed u\u017cyciem nale\u017cy j\u0105 \u015bci\u0105gn\u0105\u0107.<\/p>\n<p>? Inne wzory mo\u017cemy wykona\u0107 dla Pa\u0144stwa na zam\u00f3wienie.<\/p>\n<p>? Oferujemy r\u00f3wnie\u017c znakowanie metod\u0105 grawerowania oraz nadruku utwardzanego \u015bwiat\u0142em UV.<\/p>\n<p>? Sprawd\u017a paczk\u0119 przy kurierze i oce\u0144 czy zawarto\u015b\u0107 nie jest uszkodzona! Protok\u00f3\u0142 szkody jest jedyn\u0105 podstaw\u0105 do reklamacji.<\/p>\n<p>[contact-form-7 id=&#8221;7734&#8243; title=&#8221;Potrzebujesz wyceny?&#8221;]<\/p>\n","protected":false},"excerpt":{"rendered":"<p><strong><span style=\"color: #ff6600;\">Wymiary kieszeni (szer. x wys.):<\/span><\/strong> 210 x 100 mm<\/p>\n<p><strong><span style=\"color: #ff6600;\">Wymiary ulotki:<\/span> <\/strong>DL<\/p>\n<p><strong><span style=\"color: #ff6600;\">Materia\u0142:<\/span> <\/strong>plexi bezbarwna, dwie mocne przyssawki<\/p>\n<p><strong><span style=\"color: #ff6600;\">Grubo\u015b\u0107 tworzywa:<\/span>\u00a0<\/strong>2 mm<\/p>\n<p align=\"LEFT\"><strong><span style=\"color: #ff6600;\">Kod produktu:<\/span> <\/strong> KSZ30P<\/p>\n","protected":false},"featured_media":26321,"template":"","meta":[],"product_brand":[],"product_cat":[844,825],"product_tag":[],"woo-feed-brand":[],"class_list":{"0":"post-1704","1":"product","2":"type-product","3":"status-publish","4":"has-post-thumbnail","6":"product_cat-kieszenie-na-przyssawki","7":"product_cat-kieszenie-wiszace","9":"first","10":"instock","11":"taxable","12":"shipping-taxable","13":"purchasable","14":"product-type-simple"},"yoast_head":"<!-- This site is optimized with the Yoast SEO plugin v27.4 - https:\/\/yoast.com\/product\/yoast-seo-wordpress\/ -->\n<title>Kiesze\u0144 z plexi, z przyssawkami, DL, poziom - 15 sztuk - Formedia<\/title>\n<meta name=\"description\" content=\"Producent wyrob\u00f3w z plexi. Sprawd\u017a Kiesze\u0144 z plexi, z przyssawkami, DL, poziom - 15 sztuk. Indywidualne podej\u015bcie, w\u0142asne studio projektowe. Zapraszamy!\" \/>\n<meta name=\"robots\" content=\"index, follow, max-snippet:-1, max-image-preview:large, max-video-preview:-1\" \/>\n<link rel=\"canonical\" href=\"https:\/\/www.formedia.pl\/sklep\/produkt\/kieszen-tabliczka-z-pleksi-na-ulotke-dl-poziom-4-przyssawki\/\" \/>\n<meta property=\"og:locale\" content=\"pl_PL\" \/>\n<meta property=\"og:type\" content=\"article\" \/>\n<meta property=\"og:title\" content=\"Kiesze\u0144 z plexi, z przyssawkami, DL, poziom - 15 sztuk - Formedia\" \/>\n<meta property=\"og:description\" content=\"Producent wyrob\u00f3w z plexi. Sprawd\u017a Kiesze\u0144 z plexi, z przyssawkami, DL, poziom - 15 sztuk. Indywidualne podej\u015bcie, w\u0142asne studio projektowe. Zapraszamy!\" \/>\n<meta property=\"og:url\" content=\"https:\/\/www.formedia.pl\/sklep\/produkt\/kieszen-tabliczka-z-pleksi-na-ulotke-dl-poziom-4-przyssawki\/\" \/>\n<meta property=\"og:site_name\" content=\"Formedia\" \/>\n<meta property=\"article:publisher\" content=\"https:\/\/www.facebook.com\/formedia.bydgoszcz\/\" \/>\n<meta property=\"article:modified_time\" content=\"2026-04-01T06:24:39+00:00\" \/>\n<meta property=\"og:image\" content=\"https:\/\/www.formedia.pl\/sklep\/wp-content\/uploads\/2019\/04\/KSZ22P.jpg\" \/>\n\t<meta property=\"og:image:width\" content=\"225\" \/>\n\t<meta property=\"og:image:height\" content=\"225\" \/>\n\t<meta property=\"og:image:type\" content=\"image\/jpeg\" \/>\n<meta name=\"twitter:card\" content=\"summary_large_image\" \/>\n<meta name=\"twitter:label1\" content=\"Szacowany czas czytania\" \/>\n\t<meta name=\"twitter:data1\" content=\"1 minuta\" \/>\n<script type=\"application\/ld+json\" class=\"yoast-schema-graph\">{\"@context\":\"https:\\\/\\\/schema.org\",\"@graph\":[{\"@type\":\"WebPage\",\"@id\":\"https:\\\/\\\/www.formedia.pl\\\/sklep\\\/produkt\\\/kieszen-tabliczka-z-pleksi-na-ulotke-dl-poziom-4-przyssawki\\\/\",\"url\":\"https:\\\/\\\/www.formedia.pl\\\/sklep\\\/produkt\\\/kieszen-tabliczka-z-pleksi-na-ulotke-dl-poziom-4-przyssawki\\\/\",\"name\":\"Kiesze\u0144 z plexi, z przyssawkami, DL, poziom - 15 sztuk - Formedia\",\"isPartOf\":{\"@id\":\"https:\\\/\\\/www.formedia.pl\\\/sklep\\\/#website\"},\"primaryImageOfPage\":{\"@id\":\"https:\\\/\\\/www.formedia.pl\\\/sklep\\\/produkt\\\/kieszen-tabliczka-z-pleksi-na-ulotke-dl-poziom-4-przyssawki\\\/#primaryimage\"},\"image\":{\"@id\":\"https:\\\/\\\/www.formedia.pl\\\/sklep\\\/produkt\\\/kieszen-tabliczka-z-pleksi-na-ulotke-dl-poziom-4-przyssawki\\\/#primaryimage\"},\"thumbnailUrl\":\"https:\\\/\\\/www.formedia.pl\\\/sklep\\\/wp-content\\\/uploads\\\/2019\\\/04\\\/KSZ22P.jpg\",\"datePublished\":\"2019-04-29T12:06:18+00:00\",\"dateModified\":\"2026-04-01T06:24:39+00:00\",\"description\":\"Producent wyrob\u00f3w z plexi. Sprawd\u017a Kiesze\u0144 z plexi, z przyssawkami, DL, poziom - 15 sztuk. Indywidualne podej\u015bcie, w\u0142asne studio projektowe. Zapraszamy!\",\"breadcrumb\":{\"@id\":\"https:\\\/\\\/www.formedia.pl\\\/sklep\\\/produkt\\\/kieszen-tabliczka-z-pleksi-na-ulotke-dl-poziom-4-przyssawki\\\/#breadcrumb\"},\"inLanguage\":\"pl-PL\",\"potentialAction\":[{\"@type\":\"ReadAction\",\"target\":[\"https:\\\/\\\/www.formedia.pl\\\/sklep\\\/produkt\\\/kieszen-tabliczka-z-pleksi-na-ulotke-dl-poziom-4-przyssawki\\\/\"]}]},{\"@type\":\"ImageObject\",\"inLanguage\":\"pl-PL\",\"@id\":\"https:\\\/\\\/www.formedia.pl\\\/sklep\\\/produkt\\\/kieszen-tabliczka-z-pleksi-na-ulotke-dl-poziom-4-przyssawki\\\/#primaryimage\",\"url\":\"https:\\\/\\\/www.formedia.pl\\\/sklep\\\/wp-content\\\/uploads\\\/2019\\\/04\\\/KSZ22P.jpg\",\"contentUrl\":\"https:\\\/\\\/www.formedia.pl\\\/sklep\\\/wp-content\\\/uploads\\\/2019\\\/04\\\/KSZ22P.jpg\",\"width\":225,\"height\":225},{\"@type\":\"BreadcrumbList\",\"@id\":\"https:\\\/\\\/www.formedia.pl\\\/sklep\\\/produkt\\\/kieszen-tabliczka-z-pleksi-na-ulotke-dl-poziom-4-przyssawki\\\/#breadcrumb\",\"itemListElement\":[{\"@type\":\"ListItem\",\"position\":1,\"name\":\"Strona g\u0142\u00f3wna\",\"item\":\"https:\\\/\\\/www.formedia.pl\\\/sklep\\\/\"},{\"@type\":\"ListItem\",\"position\":2,\"name\":\"Sklep\",\"item\":\"https:\\\/\\\/www.formedia.pl\\\/sklep\\\/\"},{\"@type\":\"ListItem\",\"position\":3,\"name\":\"Kiesze\u0144 z plexi, z przyssawkami, DL, poziom &#8211; 15 sztuk\"}]},{\"@type\":\"WebSite\",\"@id\":\"https:\\\/\\\/www.formedia.pl\\\/sklep\\\/#website\",\"url\":\"https:\\\/\\\/www.formedia.pl\\\/sklep\\\/\",\"name\":\"Formedia\",\"description\":\"Producent wyrob\u00f3w z tworzyw sztucznych\",\"publisher\":{\"@id\":\"https:\\\/\\\/www.formedia.pl\\\/sklep\\\/#organization\"},\"alternateName\":\"Formedia\",\"potentialAction\":[{\"@type\":\"SearchAction\",\"target\":{\"@type\":\"EntryPoint\",\"urlTemplate\":\"https:\\\/\\\/www.formedia.pl\\\/sklep\\\/?s={search_term_string}\"},\"query-input\":{\"@type\":\"PropertyValueSpecification\",\"valueRequired\":true,\"valueName\":\"search_term_string\"}}],\"inLanguage\":\"pl-PL\"},{\"@type\":\"Organization\",\"@id\":\"https:\\\/\\\/www.formedia.pl\\\/sklep\\\/#organization\",\"name\":\"Formedia\",\"alternateName\":\"Formedia\",\"url\":\"https:\\\/\\\/www.formedia.pl\\\/sklep\\\/\",\"logo\":{\"@type\":\"ImageObject\",\"inLanguage\":\"pl-PL\",\"@id\":\"https:\\\/\\\/www.formedia.pl\\\/sklep\\\/#\\\/schema\\\/logo\\\/image\\\/\",\"url\":\"https:\\\/\\\/www.formedia.pl\\\/sklep\\\/wp-content\\\/uploads\\\/2025\\\/03\\\/1x1cropped-logo-WWW-ForMedia-bialy.png\",\"contentUrl\":\"https:\\\/\\\/www.formedia.pl\\\/sklep\\\/wp-content\\\/uploads\\\/2025\\\/03\\\/1x1cropped-logo-WWW-ForMedia-bialy.png\",\"width\":412,\"height\":412,\"caption\":\"Formedia\"},\"image\":{\"@id\":\"https:\\\/\\\/www.formedia.pl\\\/sklep\\\/#\\\/schema\\\/logo\\\/image\\\/\"},\"sameAs\":[\"https:\\\/\\\/www.facebook.com\\\/formedia.bydgoszcz\\\/\",\"https:\\\/\\\/www.youtube.com\\\/@formedia4306\"]}]}<\/script>\n<!-- \/ Yoast SEO plugin. -->","yoast_head_json":{"title":"Kiesze\u0144 z plexi, z przyssawkami, DL, poziom - 15 sztuk - Formedia","description":"Producent wyrob\u00f3w z plexi. Sprawd\u017a Kiesze\u0144 z plexi, z przyssawkami, DL, poziom - 15 sztuk. Indywidualne podej\u015bcie, w\u0142asne studio projektowe. Zapraszamy!","robots":{"index":"index","follow":"follow","max-snippet":"max-snippet:-1","max-image-preview":"max-image-preview:large","max-video-preview":"max-video-preview:-1"},"canonical":"https:\/\/www.formedia.pl\/sklep\/produkt\/kieszen-tabliczka-z-pleksi-na-ulotke-dl-poziom-4-przyssawki\/","og_locale":"pl_PL","og_type":"article","og_title":"Kiesze\u0144 z plexi, z przyssawkami, DL, poziom - 15 sztuk - Formedia","og_description":"Producent wyrob\u00f3w z plexi. Sprawd\u017a Kiesze\u0144 z plexi, z przyssawkami, DL, poziom - 15 sztuk. Indywidualne podej\u015bcie, w\u0142asne studio projektowe. Zapraszamy!","og_url":"https:\/\/www.formedia.pl\/sklep\/produkt\/kieszen-tabliczka-z-pleksi-na-ulotke-dl-poziom-4-przyssawki\/","og_site_name":"Formedia","article_publisher":"https:\/\/www.facebook.com\/formedia.bydgoszcz\/","article_modified_time":"2026-04-01T06:24:39+00:00","og_image":[{"width":225,"height":225,"url":"https:\/\/www.formedia.pl\/sklep\/wp-content\/uploads\/2019\/04\/KSZ22P.jpg","type":"image\/jpeg"}],"twitter_card":"summary_large_image","twitter_misc":{"Szacowany czas czytania":"1 minuta"},"schema":{"@context":"https:\/\/schema.org","@graph":[{"@type":"WebPage","@id":"https:\/\/www.formedia.pl\/sklep\/produkt\/kieszen-tabliczka-z-pleksi-na-ulotke-dl-poziom-4-przyssawki\/","url":"https:\/\/www.formedia.pl\/sklep\/produkt\/kieszen-tabliczka-z-pleksi-na-ulotke-dl-poziom-4-przyssawki\/","name":"Kiesze\u0144 z plexi, z przyssawkami, DL, poziom - 15 sztuk - Formedia","isPartOf":{"@id":"https:\/\/www.formedia.pl\/sklep\/#website"},"primaryImageOfPage":{"@id":"https:\/\/www.formedia.pl\/sklep\/produkt\/kieszen-tabliczka-z-pleksi-na-ulotke-dl-poziom-4-przyssawki\/#primaryimage"},"image":{"@id":"https:\/\/www.formedia.pl\/sklep\/produkt\/kieszen-tabliczka-z-pleksi-na-ulotke-dl-poziom-4-przyssawki\/#primaryimage"},"thumbnailUrl":"https:\/\/www.formedia.pl\/sklep\/wp-content\/uploads\/2019\/04\/KSZ22P.jpg","datePublished":"2019-04-29T12:06:18+00:00","dateModified":"2026-04-01T06:24:39+00:00","description":"Producent wyrob\u00f3w z plexi. Sprawd\u017a Kiesze\u0144 z plexi, z przyssawkami, DL, poziom - 15 sztuk. Indywidualne podej\u015bcie, w\u0142asne studio projektowe. Zapraszamy!","breadcrumb":{"@id":"https:\/\/www.formedia.pl\/sklep\/produkt\/kieszen-tabliczka-z-pleksi-na-ulotke-dl-poziom-4-przyssawki\/#breadcrumb"},"inLanguage":"pl-PL","potentialAction":[{"@type":"ReadAction","target":["https:\/\/www.formedia.pl\/sklep\/produkt\/kieszen-tabliczka-z-pleksi-na-ulotke-dl-poziom-4-przyssawki\/"]}]},{"@type":"ImageObject","inLanguage":"pl-PL","@id":"https:\/\/www.formedia.pl\/sklep\/produkt\/kieszen-tabliczka-z-pleksi-na-ulotke-dl-poziom-4-przyssawki\/#primaryimage","url":"https:\/\/www.formedia.pl\/sklep\/wp-content\/uploads\/2019\/04\/KSZ22P.jpg","contentUrl":"https:\/\/www.formedia.pl\/sklep\/wp-content\/uploads\/2019\/04\/KSZ22P.jpg","width":225,"height":225},{"@type":"BreadcrumbList","@id":"https:\/\/www.formedia.pl\/sklep\/produkt\/kieszen-tabliczka-z-pleksi-na-ulotke-dl-poziom-4-przyssawki\/#breadcrumb","itemListElement":[{"@type":"ListItem","position":1,"name":"Strona g\u0142\u00f3wna","item":"https:\/\/www.formedia.pl\/sklep\/"},{"@type":"ListItem","position":2,"name":"Sklep","item":"https:\/\/www.formedia.pl\/sklep\/"},{"@type":"ListItem","position":3,"name":"Kiesze\u0144 z plexi, z przyssawkami, DL, poziom &#8211; 15 sztuk"}]},{"@type":"WebSite","@id":"https:\/\/www.formedia.pl\/sklep\/#website","url":"https:\/\/www.formedia.pl\/sklep\/","name":"Formedia","description":"Producent wyrob\u00f3w z tworzyw sztucznych","publisher":{"@id":"https:\/\/www.formedia.pl\/sklep\/#organization"},"alternateName":"Formedia","potentialAction":[{"@type":"SearchAction","target":{"@type":"EntryPoint","urlTemplate":"https:\/\/www.formedia.pl\/sklep\/?s={search_term_string}"},"query-input":{"@type":"PropertyValueSpecification","valueRequired":true,"valueName":"search_term_string"}}],"inLanguage":"pl-PL"},{"@type":"Organization","@id":"https:\/\/www.formedia.pl\/sklep\/#organization","name":"Formedia","alternateName":"Formedia","url":"https:\/\/www.formedia.pl\/sklep\/","logo":{"@type":"ImageObject","inLanguage":"pl-PL","@id":"https:\/\/www.formedia.pl\/sklep\/#\/schema\/logo\/image\/","url":"https:\/\/www.formedia.pl\/sklep\/wp-content\/uploads\/2025\/03\/1x1cropped-logo-WWW-ForMedia-bialy.png","contentUrl":"https:\/\/www.formedia.pl\/sklep\/wp-content\/uploads\/2025\/03\/1x1cropped-logo-WWW-ForMedia-bialy.png","width":412,"height":412,"caption":"Formedia"},"image":{"@id":"https:\/\/www.formedia.pl\/sklep\/#\/schema\/logo\/image\/"},"sameAs":["https:\/\/www.facebook.com\/formedia.bydgoszcz\/","https:\/\/www.youtube.com\/@formedia4306"]}]}},"_links":{"self":[{"href":"https:\/\/www.formedia.pl\/sklep\/wp-json\/wp\/v2\/product\/1704","targetHints":{"allow":["GET"]}}],"collection":[{"href":"https:\/\/www.formedia.pl\/sklep\/wp-json\/wp\/v2\/product"}],"about":[{"href":"https:\/\/www.formedia.pl\/sklep\/wp-json\/wp\/v2\/types\/product"}],"wp:featuredmedia":[{"embeddable":true,"href":"https:\/\/www.formedia.pl\/sklep\/wp-json\/wp\/v2\/media\/26321"}],"wp:attachment":[{"href":"https:\/\/www.formedia.pl\/sklep\/wp-json\/wp\/v2\/media?parent=1704"}],"wp:term":[{"taxonomy":"product_brand","embeddable":true,"href":"https:\/\/www.formedia.pl\/sklep\/wp-json\/wp\/v2\/product_brand?post=1704"},{"taxonomy":"product_cat","embeddable":true,"href":"https:\/\/www.formedia.pl\/sklep\/wp-json\/wp\/v2\/product_cat?post=1704"},{"taxonomy":"product_tag","embeddable":true,"href":"https:\/\/www.formedia.pl\/sklep\/wp-json\/wp\/v2\/product_tag?post=1704"},{"taxonomy":"woo-feed-brand","embeddable":true,"href":"https:\/\/www.formedia.pl\/sklep\/wp-json\/wp\/v2\/woo-feed-brand?post=1704"}],"curies":[{"name":"wp","href":"https:\/\/api.w.org\/{rel}","templated":true}]}}