{"id":185,"date":"2019-02-06T10:19:21","date_gmt":"2019-02-06T09:19:21","guid":{"rendered":"http:\/\/formedia.pl\/sklep\/index.php\/produkt\/schodki-15-10-stojak-podstawka-polka-stopnie-z-plexi\/"},"modified":"2026-04-01T08:24:18","modified_gmt":"2026-04-01T06:24:18","slug":"schodki-15-10-stojak-podstawka-polka-stopnie-z-plexi","status":"publish","type":"product","link":"https:\/\/www.formedia.pl\/sklep\/produkt\/schodki-15-10-stojak-podstawka-polka-stopnie-z-plexi\/","title":{"rendered":"Schodki, 2 p\u00f3\u0142ka &#8211; 5cm, szer 15cm &#8211; 10sztuk"},"content":{"rendered":"<h2 align=\"LEFT\"><span style=\"color: #ff6600;\">Ekspozytor z plexi w kszta\u0142cie schodk\u00f3w<\/span><\/h2>\n<p>Eleganckie stojaki schodki stosowane s\u0105 do prezentacji ma\u0142ych gad\u017cet\u00f3w, obuwia, kosmetyk\u00f3w, porcelany, bi\u017cuterii oraz elektroniki. To mini p\u00f3\u0142ki z plexi do prezentacji. Te ekspozytory z plexi wykorzystywane s\u0105 w drogeriach, na wystawach z bi\u017cuteri\u0105, firmach oraz w sklepach jubilerskich. Posiadaj\u0105 dwie p\u00f3\u0142eczki co pozwala na prezentacj\u0119 dw\u00f3ch produkt\u00f3w. Charakteryzuj\u0105 si\u0119 \u0142atwym czyszczeniem i stabilno\u015bci\u0105, dlatego du\u017co os\u00f3b u\u017cywa ich w swoim domu.<\/p>\n<h3><span style=\"color: #ff6600;\">Stojak z plexi typu schodki<\/span><\/h3>\n<p>Wykonany jest z jednego arkusza tworzywa profilowanego na kszta\u0142t schod\u00f3w. Jest on ca\u0142kowicie przejrzysty jak szk\u0142o. Idealnie nadaje si\u0119 do tworzenia kompozycji cukierniczych na Candy barach przez firmy cateringowe podczas imprez firmowych, weselach, uroczysto\u015bciach. Mo\u017ce by\u0107 tak\u017ce sta\u0142ym elementem wystawy u jubilera. W zgrabny spos\u00f3b zaprezentujesz na nim wszelkie \u0142a\u0144cuszki, zegarki, odpinane bransoletki. Dzi\u0119ki dw\u00f3m stopniom przedmioty nie b\u0119d\u0105 siebie nawzajem zas\u0142ania\u0107 i uwydatnisz wszystkie atuty prezentowanego asortymentu. Jest to oryginalna, o wszechstronnym zastosowaniu schodkowa podstawka z plexi.<\/p>\n<h4><span style=\"color: #ff6600;\">W ofercie Formedia znajdziesz najwi\u0119kszy wyb\u00f3r w Polsce na stojaki z plexi<\/span><\/h4>\n<p>S\u0105 to gotowe rozwi\u0105zania wystawiennicze, ekspozytory, prezentery do u\u017cycia w biurach, sklepach, galeriach handlowych. S\u0105 o najr\u00f3\u017cniejszych kszta\u0142tach i zastosowaniach. Stojaki schodki mog\u0105 by\u0107 zar\u00f3wno u\u017cyte jako stojaki na zegarek i jako stojak na praliny. Wszystko zale\u017cy od Ciebie jakiej wielko\u015bci jest Tw\u00f3j asortyment i gdzie chcesz go wyeksponowa\u0107. Mo\u017ce to by\u0107 p\u00f3\u0142ka sklepowa, witryna okienna, przeszklona gablota. Wyroby z plexi z naszego asortymentu s\u0105 wykonywane z najwi\u0119ksz\u0105 staranno\u015bci\u0105 i dba\u0142o\u015bci\u0105 o detal. Dbamy o jako\u015b\u0107 materia\u0142u, \u0142atwo\u015b\u0107 zastosowania produktu z plexi i ponadczasow\u0105 form\u0119, kt\u00f3ra wpisze si\u0119 w ka\u017cdy styl wn\u0119trza biura, sklepu.<\/p>\n<p><strong>UWAGA!<\/strong><b><\/b><\/p>\n<ul>\n<li>Na fotografii jest przyk\u0142adowa prezentacja produktu.<\/li>\n<li>Inne wzory, kszta\u0142ty, kolory tworzywa mo\u017cemy wykona\u0107 dla Pa\u0144stwa na zam\u00f3wienie mailowe. Przed z\u0142o\u017ceniem zam\u00f3wienia indywidualnego prosimy o kontakt z naszym biurem obs\u0142ugi klienta w celu ustalenia szczeg\u00f3\u0142\u00f3w:\u00a0<strong><a href=\"tel:+48661036036\">tel. 661 036 036<\/a><\/strong><\/li>\n<li>Oferujemy r\u00f3wnie\u017c znakowanie metod\u0105 grawerowania oraz nadruku utwardzanego \u015bwiat\u0142em UV.<\/li>\n<li>Druk UV wykonujemy m.in. na: plexi, szkle, dibondzie, drewnie, kartonie, metalu, PCV.<\/li>\n<li>Wyroby z plexi zabezpieczone s\u0105 foli\u0105 ochronn\u0105. Przed u\u017cyciem nale\u017cy j\u0105 \u015bci\u0105gn\u0105\u0107.<\/li>\n<li>Sprawd\u017a\u00a0paczk\u0119\u00a0przy kurierze i oce\u0144\u00a0czy zawarto\u015b\u0107\u00a0nie jest uszkodzona! Protok\u00f3\u0142\u00a0szkody jest jedyn\u0105\u00a0podstaw\u0105\u00a0do reklamacji.<\/li>\n<\/ul>\n","protected":false},"excerpt":{"rendered":"<ul>\n<li><strong><span style=\"color: #ff6600;\">Wymiary stojaka (d\u0142. x szer. x wys.):<\/span> <\/strong>100 x 150 x 100 mm<\/li>\n<li><strong><span style=\"color: #ff6600;\">Wymiary stopnia (d\u0142. x szer. x wys.):<\/span> <\/strong>50 x 150 x 50 mm<\/li>\n<li><strong><span style=\"color: #ff6600;\">Ilo\u015b\u0107 p\u00f3\u0142ek:\u00a0<\/span><\/strong>2<\/li>\n<li><strong><span style=\"color: #ff6600;\">Materia\u0142:\u00a0<\/span><\/strong>plexi bezbarwna<\/li>\n<li><strong><span style=\"color: #ff6600;\">Grubo\u015b\u0107:\u00a0<\/span><\/strong>2 mm<\/li>\n<li><strong><span style=\"color: #ff6600;\">Kod produktu:\u00a0<\/span><\/strong>SCH1510<\/li>\n<\/ul>\n","protected":false},"featured_media":19983,"template":"","meta":[],"product_brand":[],"product_cat":[707,873],"product_tag":[],"woo-feed-brand":[],"class_list":{"0":"post-185","1":"product","2":"type-product","3":"status-publish","4":"has-post-thumbnail","6":"product_cat-ekspozytor-prezenter","7":"product_cat-inne-stojaki","9":"first","10":"instock","11":"taxable","12":"shipping-taxable","13":"purchasable","14":"product-type-simple"},"yoast_head":"<!-- This site is optimized with the Yoast SEO plugin v27.5 - https:\/\/yoast.com\/product\/yoast-seo-wordpress\/ -->\n<title>Schodki, 2 p\u00f3\u0142ka - 5cm, szer 15cm - 10sztuk - Formedia<\/title>\n<meta name=\"description\" content=\"Producent wyrob\u00f3w z plexi. Sprawd\u017a Schodki, 2 p\u00f3\u0142ka - 5cm, szer 15cm - 10sztuk. Indywidualne podej\u015bcie, w\u0142asne studio projektowe. Zapraszamy!\" \/>\n<meta name=\"robots\" content=\"index, follow, max-snippet:-1, max-image-preview:large, max-video-preview:-1\" \/>\n<link rel=\"canonical\" href=\"https:\/\/www.formedia.pl\/sklep\/produkt\/schodki-15-10-stojak-podstawka-polka-stopnie-z-plexi\/\" \/>\n<meta property=\"og:locale\" content=\"pl_PL\" \/>\n<meta property=\"og:type\" content=\"article\" \/>\n<meta property=\"og:title\" content=\"Schodki, 2 p\u00f3\u0142ka - 5cm, szer 15cm - 10sztuk - Formedia\" \/>\n<meta property=\"og:description\" content=\"Producent wyrob\u00f3w z plexi. Sprawd\u017a Schodki, 2 p\u00f3\u0142ka - 5cm, szer 15cm - 10sztuk. Indywidualne podej\u015bcie, w\u0142asne studio projektowe. Zapraszamy!\" \/>\n<meta property=\"og:url\" content=\"https:\/\/www.formedia.pl\/sklep\/produkt\/schodki-15-10-stojak-podstawka-polka-stopnie-z-plexi\/\" \/>\n<meta property=\"og:site_name\" content=\"Formedia\" \/>\n<meta property=\"article:publisher\" content=\"https:\/\/www.facebook.com\/formedia.bydgoszcz\/\" \/>\n<meta property=\"article:modified_time\" content=\"2026-04-01T06:24:18+00:00\" \/>\n<meta property=\"og:image\" content=\"https:\/\/www.formedia.pl\/sklep\/wp-content\/uploads\/2019\/02\/podstawka-schodki-z-pleksi-przezroczystej-do-jubilera-na-praliny.jpg\" \/>\n\t<meta property=\"og:image:width\" content=\"602\" \/>\n\t<meta property=\"og:image:height\" content=\"602\" \/>\n\t<meta property=\"og:image:type\" content=\"image\/jpeg\" \/>\n<meta name=\"twitter:card\" content=\"summary_large_image\" \/>\n<meta name=\"twitter:label1\" content=\"Szacowany czas czytania\" \/>\n\t<meta name=\"twitter:data1\" content=\"2 minuty\" \/>\n<script type=\"application\/ld+json\" class=\"yoast-schema-graph\">{\"@context\":\"https:\\\/\\\/schema.org\",\"@graph\":[{\"@type\":\"WebPage\",\"@id\":\"https:\\\/\\\/www.formedia.pl\\\/sklep\\\/produkt\\\/schodki-15-10-stojak-podstawka-polka-stopnie-z-plexi\\\/\",\"url\":\"https:\\\/\\\/www.formedia.pl\\\/sklep\\\/produkt\\\/schodki-15-10-stojak-podstawka-polka-stopnie-z-plexi\\\/\",\"name\":\"Schodki, 2 p\u00f3\u0142ka - 5cm, szer 15cm - 10sztuk - Formedia\",\"isPartOf\":{\"@id\":\"https:\\\/\\\/www.formedia.pl\\\/sklep\\\/#website\"},\"primaryImageOfPage\":{\"@id\":\"https:\\\/\\\/www.formedia.pl\\\/sklep\\\/produkt\\\/schodki-15-10-stojak-podstawka-polka-stopnie-z-plexi\\\/#primaryimage\"},\"image\":{\"@id\":\"https:\\\/\\\/www.formedia.pl\\\/sklep\\\/produkt\\\/schodki-15-10-stojak-podstawka-polka-stopnie-z-plexi\\\/#primaryimage\"},\"thumbnailUrl\":\"https:\\\/\\\/www.formedia.pl\\\/sklep\\\/wp-content\\\/uploads\\\/2019\\\/02\\\/podstawka-schodki-z-pleksi-przezroczystej-do-jubilera-na-praliny.jpg\",\"datePublished\":\"2019-02-06T09:19:21+00:00\",\"dateModified\":\"2026-04-01T06:24:18+00:00\",\"description\":\"Producent wyrob\u00f3w z plexi. Sprawd\u017a Schodki, 2 p\u00f3\u0142ka - 5cm, szer 15cm - 10sztuk. Indywidualne podej\u015bcie, w\u0142asne studio projektowe. Zapraszamy!\",\"breadcrumb\":{\"@id\":\"https:\\\/\\\/www.formedia.pl\\\/sklep\\\/produkt\\\/schodki-15-10-stojak-podstawka-polka-stopnie-z-plexi\\\/#breadcrumb\"},\"inLanguage\":\"pl-PL\",\"potentialAction\":[{\"@type\":\"ReadAction\",\"target\":[\"https:\\\/\\\/www.formedia.pl\\\/sklep\\\/produkt\\\/schodki-15-10-stojak-podstawka-polka-stopnie-z-plexi\\\/\"]}]},{\"@type\":\"ImageObject\",\"inLanguage\":\"pl-PL\",\"@id\":\"https:\\\/\\\/www.formedia.pl\\\/sklep\\\/produkt\\\/schodki-15-10-stojak-podstawka-polka-stopnie-z-plexi\\\/#primaryimage\",\"url\":\"https:\\\/\\\/www.formedia.pl\\\/sklep\\\/wp-content\\\/uploads\\\/2019\\\/02\\\/podstawka-schodki-z-pleksi-przezroczystej-do-jubilera-na-praliny.jpg\",\"contentUrl\":\"https:\\\/\\\/www.formedia.pl\\\/sklep\\\/wp-content\\\/uploads\\\/2019\\\/02\\\/podstawka-schodki-z-pleksi-przezroczystej-do-jubilera-na-praliny.jpg\",\"width\":602,\"height\":602},{\"@type\":\"BreadcrumbList\",\"@id\":\"https:\\\/\\\/www.formedia.pl\\\/sklep\\\/produkt\\\/schodki-15-10-stojak-podstawka-polka-stopnie-z-plexi\\\/#breadcrumb\",\"itemListElement\":[{\"@type\":\"ListItem\",\"position\":1,\"name\":\"Strona g\u0142\u00f3wna\",\"item\":\"https:\\\/\\\/www.formedia.pl\\\/sklep\\\/\"},{\"@type\":\"ListItem\",\"position\":2,\"name\":\"Sklep\",\"item\":\"https:\\\/\\\/www.formedia.pl\\\/sklep\\\/\"},{\"@type\":\"ListItem\",\"position\":3,\"name\":\"Schodki, 2 p\u00f3\u0142ka &#8211; 5cm, szer 15cm &#8211; 10sztuk\"}]},{\"@type\":\"WebSite\",\"@id\":\"https:\\\/\\\/www.formedia.pl\\\/sklep\\\/#website\",\"url\":\"https:\\\/\\\/www.formedia.pl\\\/sklep\\\/\",\"name\":\"Formedia\",\"description\":\"Producent wyrob\u00f3w z tworzyw sztucznych\",\"publisher\":{\"@id\":\"https:\\\/\\\/www.formedia.pl\\\/sklep\\\/#organization\"},\"alternateName\":\"Formedia\",\"potentialAction\":[{\"@type\":\"SearchAction\",\"target\":{\"@type\":\"EntryPoint\",\"urlTemplate\":\"https:\\\/\\\/www.formedia.pl\\\/sklep\\\/?s={search_term_string}\"},\"query-input\":{\"@type\":\"PropertyValueSpecification\",\"valueRequired\":true,\"valueName\":\"search_term_string\"}}],\"inLanguage\":\"pl-PL\"},{\"@type\":\"Organization\",\"@id\":\"https:\\\/\\\/www.formedia.pl\\\/sklep\\\/#organization\",\"name\":\"Formedia\",\"alternateName\":\"Formedia\",\"url\":\"https:\\\/\\\/www.formedia.pl\\\/sklep\\\/\",\"logo\":{\"@type\":\"ImageObject\",\"inLanguage\":\"pl-PL\",\"@id\":\"https:\\\/\\\/www.formedia.pl\\\/sklep\\\/#\\\/schema\\\/logo\\\/image\\\/\",\"url\":\"https:\\\/\\\/www.formedia.pl\\\/sklep\\\/wp-content\\\/uploads\\\/2025\\\/03\\\/1x1cropped-logo-WWW-ForMedia-bialy.png\",\"contentUrl\":\"https:\\\/\\\/www.formedia.pl\\\/sklep\\\/wp-content\\\/uploads\\\/2025\\\/03\\\/1x1cropped-logo-WWW-ForMedia-bialy.png\",\"width\":412,\"height\":412,\"caption\":\"Formedia\"},\"image\":{\"@id\":\"https:\\\/\\\/www.formedia.pl\\\/sklep\\\/#\\\/schema\\\/logo\\\/image\\\/\"},\"sameAs\":[\"https:\\\/\\\/www.facebook.com\\\/formedia.bydgoszcz\\\/\",\"https:\\\/\\\/www.youtube.com\\\/@formedia4306\"]}]}<\/script>\n<!-- \/ Yoast SEO plugin. -->","yoast_head_json":{"title":"Schodki, 2 p\u00f3\u0142ka - 5cm, szer 15cm - 10sztuk - Formedia","description":"Producent wyrob\u00f3w z plexi. Sprawd\u017a Schodki, 2 p\u00f3\u0142ka - 5cm, szer 15cm - 10sztuk. Indywidualne podej\u015bcie, w\u0142asne studio projektowe. Zapraszamy!","robots":{"index":"index","follow":"follow","max-snippet":"max-snippet:-1","max-image-preview":"max-image-preview:large","max-video-preview":"max-video-preview:-1"},"canonical":"https:\/\/www.formedia.pl\/sklep\/produkt\/schodki-15-10-stojak-podstawka-polka-stopnie-z-plexi\/","og_locale":"pl_PL","og_type":"article","og_title":"Schodki, 2 p\u00f3\u0142ka - 5cm, szer 15cm - 10sztuk - Formedia","og_description":"Producent wyrob\u00f3w z plexi. Sprawd\u017a Schodki, 2 p\u00f3\u0142ka - 5cm, szer 15cm - 10sztuk. Indywidualne podej\u015bcie, w\u0142asne studio projektowe. Zapraszamy!","og_url":"https:\/\/www.formedia.pl\/sklep\/produkt\/schodki-15-10-stojak-podstawka-polka-stopnie-z-plexi\/","og_site_name":"Formedia","article_publisher":"https:\/\/www.facebook.com\/formedia.bydgoszcz\/","article_modified_time":"2026-04-01T06:24:18+00:00","og_image":[{"width":602,"height":602,"url":"https:\/\/www.formedia.pl\/sklep\/wp-content\/uploads\/2019\/02\/podstawka-schodki-z-pleksi-przezroczystej-do-jubilera-na-praliny.jpg","type":"image\/jpeg"}],"twitter_card":"summary_large_image","twitter_misc":{"Szacowany czas czytania":"2 minuty"},"schema":{"@context":"https:\/\/schema.org","@graph":[{"@type":"WebPage","@id":"https:\/\/www.formedia.pl\/sklep\/produkt\/schodki-15-10-stojak-podstawka-polka-stopnie-z-plexi\/","url":"https:\/\/www.formedia.pl\/sklep\/produkt\/schodki-15-10-stojak-podstawka-polka-stopnie-z-plexi\/","name":"Schodki, 2 p\u00f3\u0142ka - 5cm, szer 15cm - 10sztuk - Formedia","isPartOf":{"@id":"https:\/\/www.formedia.pl\/sklep\/#website"},"primaryImageOfPage":{"@id":"https:\/\/www.formedia.pl\/sklep\/produkt\/schodki-15-10-stojak-podstawka-polka-stopnie-z-plexi\/#primaryimage"},"image":{"@id":"https:\/\/www.formedia.pl\/sklep\/produkt\/schodki-15-10-stojak-podstawka-polka-stopnie-z-plexi\/#primaryimage"},"thumbnailUrl":"https:\/\/www.formedia.pl\/sklep\/wp-content\/uploads\/2019\/02\/podstawka-schodki-z-pleksi-przezroczystej-do-jubilera-na-praliny.jpg","datePublished":"2019-02-06T09:19:21+00:00","dateModified":"2026-04-01T06:24:18+00:00","description":"Producent wyrob\u00f3w z plexi. Sprawd\u017a Schodki, 2 p\u00f3\u0142ka - 5cm, szer 15cm - 10sztuk. Indywidualne podej\u015bcie, w\u0142asne studio projektowe. Zapraszamy!","breadcrumb":{"@id":"https:\/\/www.formedia.pl\/sklep\/produkt\/schodki-15-10-stojak-podstawka-polka-stopnie-z-plexi\/#breadcrumb"},"inLanguage":"pl-PL","potentialAction":[{"@type":"ReadAction","target":["https:\/\/www.formedia.pl\/sklep\/produkt\/schodki-15-10-stojak-podstawka-polka-stopnie-z-plexi\/"]}]},{"@type":"ImageObject","inLanguage":"pl-PL","@id":"https:\/\/www.formedia.pl\/sklep\/produkt\/schodki-15-10-stojak-podstawka-polka-stopnie-z-plexi\/#primaryimage","url":"https:\/\/www.formedia.pl\/sklep\/wp-content\/uploads\/2019\/02\/podstawka-schodki-z-pleksi-przezroczystej-do-jubilera-na-praliny.jpg","contentUrl":"https:\/\/www.formedia.pl\/sklep\/wp-content\/uploads\/2019\/02\/podstawka-schodki-z-pleksi-przezroczystej-do-jubilera-na-praliny.jpg","width":602,"height":602},{"@type":"BreadcrumbList","@id":"https:\/\/www.formedia.pl\/sklep\/produkt\/schodki-15-10-stojak-podstawka-polka-stopnie-z-plexi\/#breadcrumb","itemListElement":[{"@type":"ListItem","position":1,"name":"Strona g\u0142\u00f3wna","item":"https:\/\/www.formedia.pl\/sklep\/"},{"@type":"ListItem","position":2,"name":"Sklep","item":"https:\/\/www.formedia.pl\/sklep\/"},{"@type":"ListItem","position":3,"name":"Schodki, 2 p\u00f3\u0142ka &#8211; 5cm, szer 15cm &#8211; 10sztuk"}]},{"@type":"WebSite","@id":"https:\/\/www.formedia.pl\/sklep\/#website","url":"https:\/\/www.formedia.pl\/sklep\/","name":"Formedia","description":"Producent wyrob\u00f3w z tworzyw sztucznych","publisher":{"@id":"https:\/\/www.formedia.pl\/sklep\/#organization"},"alternateName":"Formedia","potentialAction":[{"@type":"SearchAction","target":{"@type":"EntryPoint","urlTemplate":"https:\/\/www.formedia.pl\/sklep\/?s={search_term_string}"},"query-input":{"@type":"PropertyValueSpecification","valueRequired":true,"valueName":"search_term_string"}}],"inLanguage":"pl-PL"},{"@type":"Organization","@id":"https:\/\/www.formedia.pl\/sklep\/#organization","name":"Formedia","alternateName":"Formedia","url":"https:\/\/www.formedia.pl\/sklep\/","logo":{"@type":"ImageObject","inLanguage":"pl-PL","@id":"https:\/\/www.formedia.pl\/sklep\/#\/schema\/logo\/image\/","url":"https:\/\/www.formedia.pl\/sklep\/wp-content\/uploads\/2025\/03\/1x1cropped-logo-WWW-ForMedia-bialy.png","contentUrl":"https:\/\/www.formedia.pl\/sklep\/wp-content\/uploads\/2025\/03\/1x1cropped-logo-WWW-ForMedia-bialy.png","width":412,"height":412,"caption":"Formedia"},"image":{"@id":"https:\/\/www.formedia.pl\/sklep\/#\/schema\/logo\/image\/"},"sameAs":["https:\/\/www.facebook.com\/formedia.bydgoszcz\/","https:\/\/www.youtube.com\/@formedia4306"]}]}},"_links":{"self":[{"href":"https:\/\/www.formedia.pl\/sklep\/wp-json\/wp\/v2\/product\/185","targetHints":{"allow":["GET"]}}],"collection":[{"href":"https:\/\/www.formedia.pl\/sklep\/wp-json\/wp\/v2\/product"}],"about":[{"href":"https:\/\/www.formedia.pl\/sklep\/wp-json\/wp\/v2\/types\/product"}],"wp:featuredmedia":[{"embeddable":true,"href":"https:\/\/www.formedia.pl\/sklep\/wp-json\/wp\/v2\/media\/19983"}],"wp:attachment":[{"href":"https:\/\/www.formedia.pl\/sklep\/wp-json\/wp\/v2\/media?parent=185"}],"wp:term":[{"taxonomy":"product_brand","embeddable":true,"href":"https:\/\/www.formedia.pl\/sklep\/wp-json\/wp\/v2\/product_brand?post=185"},{"taxonomy":"product_cat","embeddable":true,"href":"https:\/\/www.formedia.pl\/sklep\/wp-json\/wp\/v2\/product_cat?post=185"},{"taxonomy":"product_tag","embeddable":true,"href":"https:\/\/www.formedia.pl\/sklep\/wp-json\/wp\/v2\/product_tag?post=185"},{"taxonomy":"woo-feed-brand","embeddable":true,"href":"https:\/\/www.formedia.pl\/sklep\/wp-json\/wp\/v2\/woo-feed-brand?post=185"}],"curies":[{"name":"wp","href":"https:\/\/api.w.org\/{rel}","templated":true}]}}