{"id":18525,"date":"2021-08-02T15:29:54","date_gmt":"2021-08-02T13:29:54","guid":{"rendered":"https:\/\/www.formedia.pl\/sklep\/?post_type=product&#038;p=18525"},"modified":"2026-04-01T08:26:25","modified_gmt":"2026-04-01T06:26:25","slug":"statuetka-z-plexi-i-tworzyw-sztucznych-na-zamowienie-3","status":"publish","type":"product","link":"https:\/\/www.formedia.pl\/sklep\/produkt\/statuetka-z-plexi-i-tworzyw-sztucznych-na-zamowienie-3\/","title":{"rendered":"Statuetka z plexi i tworzyw sztucznych, na zam\u00f3wienie"},"content":{"rendered":"<h2 align=\"LEFT\"><span style=\"color: #ff6600;\">Wyr\u00f3\u017cnienie z plexi<\/span><\/h2>\n<p align=\"JUSTIFY\">Efektowne, unikatowe statuetki to doskona\u0142a forma nagrody, podzi\u0119kowania czy wyr\u00f3\u017cnienia, podnosz\u0105ca presti\u017c ka\u017cdego wa\u017cnego wydarzenia. Wykonywane przy u\u017cyciu nowoczesnych technologii, dzi\u0119ki kt\u00f3rym posiadamy szeroki wachlarz mo\u017cliwo\u015bci technicznych. Wysoka jako\u015b\u0107 wykonania, niebanalny wygl\u0105d, niepowtarzalno\u015b\u0107 formy, sprawi\u0105, \u017ce nagroda znacznie wyr\u00f3\u017cni si\u0119 na tle konkurencyjnych statuetek. Wykonujemy zar\u00f3wno klasyczne formy, jak i nowoczesne, na ka\u017cd\u0105 okazj\u0119: podzi\u0119kowanie, uhonorowanie zwyci\u0119zcy konkursu czy osoby zas\u0142u\u017conej, a tak\u017ce jako reklamow\u0105 ekspozycj\u0119, np. z logo firmy.<\/p>\n<p>Na specjalne zam\u00f3wienie zrealizujemy Tw\u00f3j indywidualny projekt, pomo\u017cemy w doborze materia\u0142u, kszta\u0142tu oraz uszlachetnie\u0144.<\/p>\n<p>Cena produktu ustalana jest indywidualnie. W tym celu <strong>nale\u017cy z\u0142o\u017cy\u0107 zapytanie<\/strong> na adres: <strong>sklep@formedia.pl<\/strong> lub skontaktowa\u0107 si\u0119 z naszym <strong>biurem obs\u0142ugi klienta:<span style=\"color: #ff6600;\"> <a style=\"color: #ff6600;\" href=\"tel:+48661036036\">tel. 661 036 036<\/a><\/span>.<\/strong><\/p>\n<p align=\"JUSTIFY\"><strong>UWAGA!<\/strong><\/p>\n<ul>\n<li>Na fotografii jest przyk\u0142adowa prezentacja produktu.<\/li>\n<li>Inne wzory, kszta\u0142ty, kolory tworzywa mo\u017cemy wykona\u0107 dla Pa\u0144stwa na zam\u00f3wienie mailowe. Przed z\u0142o\u017ceniem zam\u00f3wienia indywidualnego prosimy o kontakt z naszym biurem obs\u0142ugi klienta w celu ustalenia szczeg\u00f3\u0142\u00f3w:\u00a0<strong><a href=\"tel:+48661036036\">tel. 661 036 036<\/a><\/strong><\/li>\n<li>Oferujemy r\u00f3wnie\u017c znakowanie metod\u0105 grawerowania oraz nadruku utwardzanego \u015bwiat\u0142em UV.<\/li>\n<li>Druk UV wykonujemy m.in. na: plexi, szkle, dibondzie, drewnie, kartonie, metalu, PCV.<\/li>\n<li>Wyroby z plexi zabezpieczone s\u0105 foli\u0105 ochronn\u0105. Przed u\u017cyciem nale\u017cy j\u0105 \u015bci\u0105gn\u0105\u0107.<\/li>\n<li>Sprawd\u017a\u00a0paczk\u0119\u00a0przy kurierze i oce\u0144\u00a0czy zawarto\u015b\u0107\u00a0nie jest uszkodzona! Protok\u00f3\u0142\u00a0szkody jest jedyn\u0105\u00a0podstaw\u0105\u00a0do reklamacji.<\/li>\n<\/ul>\n","protected":false},"excerpt":{"rendered":"<p><span style=\"color: #ff6600;\"><strong>Produkt wykonywany na indywidualne zam\u00f3wienie<\/strong>.<\/span><\/p>\n<p>Z\u0142\u00f3\u017c zapytanie na adres: <strong>sklep@formedia.pl<\/strong><\/p>\n<p><span style=\"color: #ff6600;\"><strong>Materia\u0142 (do wyboru):<\/strong><\/span> plexi bezbarwna, mleczna, czarna<\/p>\n<p><span style=\"color: #ff6600;\"><strong>Uszlachetnienie:<\/strong><\/span> druk utwardzany \u015bwiat\u0142em UV; laminat srebrny lub z\u0142oty;\u00a0grawer<\/p>\n<p align=\"LEFT\"><strong><span style=\"color: #ff6600;\">Kod produktu:<\/span><\/strong> STAT3<\/p>\n","protected":false},"featured_media":18523,"template":"","meta":[],"product_brand":[],"product_cat":[563,718],"product_tag":[],"woo-feed-brand":[],"class_list":{"0":"post-18525","1":"product","2":"type-product","3":"status-publish","4":"has-post-thumbnail","6":"product_cat-ekspozytory-i-displaye-z-pleksi-formedia-pl","7":"product_cat-statuetki-puchary","9":"first","10":"onbackorder","11":"taxable","12":"shipping-taxable","13":"product-type-simple"},"yoast_head":"<!-- This site is optimized with the Yoast SEO plugin v27.5 - https:\/\/yoast.com\/product\/yoast-seo-wordpress\/ -->\n<title>Statuetka z plexi i tworzyw sztucznych, na zam\u00f3wienie - Formedia<\/title>\n<meta name=\"description\" content=\"Producent wyrob\u00f3w z plexi. Sprawd\u017a Statuetka z plexi i tworzyw sztucznych, na zam\u00f3wienie. Indywidualne podej\u015bcie, w\u0142asne studio projektowe. Zapraszamy!\" \/>\n<meta name=\"robots\" content=\"index, follow, max-snippet:-1, max-image-preview:large, max-video-preview:-1\" \/>\n<link rel=\"canonical\" href=\"https:\/\/www.formedia.pl\/sklep\/produkt\/statuetka-z-plexi-i-tworzyw-sztucznych-na-zamowienie-3\/\" \/>\n<meta property=\"og:locale\" content=\"pl_PL\" \/>\n<meta property=\"og:type\" content=\"article\" \/>\n<meta property=\"og:title\" content=\"Statuetka z plexi i tworzyw sztucznych, na zam\u00f3wienie - Formedia\" \/>\n<meta property=\"og:description\" content=\"Producent wyrob\u00f3w z plexi. Sprawd\u017a Statuetka z plexi i tworzyw sztucznych, na zam\u00f3wienie. Indywidualne podej\u015bcie, w\u0142asne studio projektowe. Zapraszamy!\" \/>\n<meta property=\"og:url\" content=\"https:\/\/www.formedia.pl\/sklep\/produkt\/statuetka-z-plexi-i-tworzyw-sztucznych-na-zamowienie-3\/\" \/>\n<meta property=\"og:site_name\" content=\"Formedia\" \/>\n<meta property=\"article:publisher\" content=\"https:\/\/www.facebook.com\/formedia.bydgoszcz\/\" \/>\n<meta property=\"article:modified_time\" content=\"2026-04-01T06:26:25+00:00\" \/>\n<meta property=\"og:image\" content=\"https:\/\/www.formedia.pl\/sklep\/wp-content\/uploads\/2021\/08\/Statuetka-z-pleksi-STAT3.jpg\" \/>\n\t<meta property=\"og:image:width\" content=\"504\" \/>\n\t<meta property=\"og:image:height\" content=\"504\" \/>\n\t<meta property=\"og:image:type\" content=\"image\/jpeg\" \/>\n<meta name=\"twitter:card\" content=\"summary_large_image\" \/>\n<meta name=\"twitter:label1\" content=\"Szacowany czas czytania\" \/>\n\t<meta name=\"twitter:data1\" content=\"1 minuta\" \/>\n<script type=\"application\/ld+json\" class=\"yoast-schema-graph\">{\"@context\":\"https:\\\/\\\/schema.org\",\"@graph\":[{\"@type\":\"WebPage\",\"@id\":\"https:\\\/\\\/www.formedia.pl\\\/sklep\\\/produkt\\\/statuetka-z-plexi-i-tworzyw-sztucznych-na-zamowienie-3\\\/\",\"url\":\"https:\\\/\\\/www.formedia.pl\\\/sklep\\\/produkt\\\/statuetka-z-plexi-i-tworzyw-sztucznych-na-zamowienie-3\\\/\",\"name\":\"Statuetka z plexi i tworzyw sztucznych, na zam\u00f3wienie - Formedia\",\"isPartOf\":{\"@id\":\"https:\\\/\\\/www.formedia.pl\\\/sklep\\\/#website\"},\"primaryImageOfPage\":{\"@id\":\"https:\\\/\\\/www.formedia.pl\\\/sklep\\\/produkt\\\/statuetka-z-plexi-i-tworzyw-sztucznych-na-zamowienie-3\\\/#primaryimage\"},\"image\":{\"@id\":\"https:\\\/\\\/www.formedia.pl\\\/sklep\\\/produkt\\\/statuetka-z-plexi-i-tworzyw-sztucznych-na-zamowienie-3\\\/#primaryimage\"},\"thumbnailUrl\":\"https:\\\/\\\/www.formedia.pl\\\/sklep\\\/wp-content\\\/uploads\\\/2021\\\/08\\\/Statuetka-z-pleksi-STAT3.jpg\",\"datePublished\":\"2021-08-02T13:29:54+00:00\",\"dateModified\":\"2026-04-01T06:26:25+00:00\",\"description\":\"Producent wyrob\u00f3w z plexi. Sprawd\u017a Statuetka z plexi i tworzyw sztucznych, na zam\u00f3wienie. Indywidualne podej\u015bcie, w\u0142asne studio projektowe. Zapraszamy!\",\"breadcrumb\":{\"@id\":\"https:\\\/\\\/www.formedia.pl\\\/sklep\\\/produkt\\\/statuetka-z-plexi-i-tworzyw-sztucznych-na-zamowienie-3\\\/#breadcrumb\"},\"inLanguage\":\"pl-PL\",\"potentialAction\":[{\"@type\":\"ReadAction\",\"target\":[\"https:\\\/\\\/www.formedia.pl\\\/sklep\\\/produkt\\\/statuetka-z-plexi-i-tworzyw-sztucznych-na-zamowienie-3\\\/\"]}]},{\"@type\":\"ImageObject\",\"inLanguage\":\"pl-PL\",\"@id\":\"https:\\\/\\\/www.formedia.pl\\\/sklep\\\/produkt\\\/statuetka-z-plexi-i-tworzyw-sztucznych-na-zamowienie-3\\\/#primaryimage\",\"url\":\"https:\\\/\\\/www.formedia.pl\\\/sklep\\\/wp-content\\\/uploads\\\/2021\\\/08\\\/Statuetka-z-pleksi-STAT3.jpg\",\"contentUrl\":\"https:\\\/\\\/www.formedia.pl\\\/sklep\\\/wp-content\\\/uploads\\\/2021\\\/08\\\/Statuetka-z-pleksi-STAT3.jpg\",\"width\":504,\"height\":504,\"caption\":\"Nagroda plexi z nadrukiem\"},{\"@type\":\"BreadcrumbList\",\"@id\":\"https:\\\/\\\/www.formedia.pl\\\/sklep\\\/produkt\\\/statuetka-z-plexi-i-tworzyw-sztucznych-na-zamowienie-3\\\/#breadcrumb\",\"itemListElement\":[{\"@type\":\"ListItem\",\"position\":1,\"name\":\"Strona g\u0142\u00f3wna\",\"item\":\"https:\\\/\\\/www.formedia.pl\\\/sklep\\\/\"},{\"@type\":\"ListItem\",\"position\":2,\"name\":\"Sklep\",\"item\":\"https:\\\/\\\/www.formedia.pl\\\/sklep\\\/\"},{\"@type\":\"ListItem\",\"position\":3,\"name\":\"Statuetka z plexi i tworzyw sztucznych, na zam\u00f3wienie\"}]},{\"@type\":\"WebSite\",\"@id\":\"https:\\\/\\\/www.formedia.pl\\\/sklep\\\/#website\",\"url\":\"https:\\\/\\\/www.formedia.pl\\\/sklep\\\/\",\"name\":\"Formedia\",\"description\":\"Producent wyrob\u00f3w z tworzyw sztucznych\",\"publisher\":{\"@id\":\"https:\\\/\\\/www.formedia.pl\\\/sklep\\\/#organization\"},\"alternateName\":\"Formedia\",\"potentialAction\":[{\"@type\":\"SearchAction\",\"target\":{\"@type\":\"EntryPoint\",\"urlTemplate\":\"https:\\\/\\\/www.formedia.pl\\\/sklep\\\/?s={search_term_string}\"},\"query-input\":{\"@type\":\"PropertyValueSpecification\",\"valueRequired\":true,\"valueName\":\"search_term_string\"}}],\"inLanguage\":\"pl-PL\"},{\"@type\":\"Organization\",\"@id\":\"https:\\\/\\\/www.formedia.pl\\\/sklep\\\/#organization\",\"name\":\"Formedia\",\"alternateName\":\"Formedia\",\"url\":\"https:\\\/\\\/www.formedia.pl\\\/sklep\\\/\",\"logo\":{\"@type\":\"ImageObject\",\"inLanguage\":\"pl-PL\",\"@id\":\"https:\\\/\\\/www.formedia.pl\\\/sklep\\\/#\\\/schema\\\/logo\\\/image\\\/\",\"url\":\"https:\\\/\\\/www.formedia.pl\\\/sklep\\\/wp-content\\\/uploads\\\/2025\\\/03\\\/1x1cropped-logo-WWW-ForMedia-bialy.png\",\"contentUrl\":\"https:\\\/\\\/www.formedia.pl\\\/sklep\\\/wp-content\\\/uploads\\\/2025\\\/03\\\/1x1cropped-logo-WWW-ForMedia-bialy.png\",\"width\":412,\"height\":412,\"caption\":\"Formedia\"},\"image\":{\"@id\":\"https:\\\/\\\/www.formedia.pl\\\/sklep\\\/#\\\/schema\\\/logo\\\/image\\\/\"},\"sameAs\":[\"https:\\\/\\\/www.facebook.com\\\/formedia.bydgoszcz\\\/\",\"https:\\\/\\\/www.youtube.com\\\/@formedia4306\"]}]}<\/script>\n<!-- \/ Yoast SEO plugin. -->","yoast_head_json":{"title":"Statuetka z plexi i tworzyw sztucznych, na zam\u00f3wienie - Formedia","description":"Producent wyrob\u00f3w z plexi. Sprawd\u017a Statuetka z plexi i tworzyw sztucznych, na zam\u00f3wienie. Indywidualne podej\u015bcie, w\u0142asne studio projektowe. Zapraszamy!","robots":{"index":"index","follow":"follow","max-snippet":"max-snippet:-1","max-image-preview":"max-image-preview:large","max-video-preview":"max-video-preview:-1"},"canonical":"https:\/\/www.formedia.pl\/sklep\/produkt\/statuetka-z-plexi-i-tworzyw-sztucznych-na-zamowienie-3\/","og_locale":"pl_PL","og_type":"article","og_title":"Statuetka z plexi i tworzyw sztucznych, na zam\u00f3wienie - Formedia","og_description":"Producent wyrob\u00f3w z plexi. Sprawd\u017a Statuetka z plexi i tworzyw sztucznych, na zam\u00f3wienie. Indywidualne podej\u015bcie, w\u0142asne studio projektowe. Zapraszamy!","og_url":"https:\/\/www.formedia.pl\/sklep\/produkt\/statuetka-z-plexi-i-tworzyw-sztucznych-na-zamowienie-3\/","og_site_name":"Formedia","article_publisher":"https:\/\/www.facebook.com\/formedia.bydgoszcz\/","article_modified_time":"2026-04-01T06:26:25+00:00","og_image":[{"width":504,"height":504,"url":"https:\/\/www.formedia.pl\/sklep\/wp-content\/uploads\/2021\/08\/Statuetka-z-pleksi-STAT3.jpg","type":"image\/jpeg"}],"twitter_card":"summary_large_image","twitter_misc":{"Szacowany czas czytania":"1 minuta"},"schema":{"@context":"https:\/\/schema.org","@graph":[{"@type":"WebPage","@id":"https:\/\/www.formedia.pl\/sklep\/produkt\/statuetka-z-plexi-i-tworzyw-sztucznych-na-zamowienie-3\/","url":"https:\/\/www.formedia.pl\/sklep\/produkt\/statuetka-z-plexi-i-tworzyw-sztucznych-na-zamowienie-3\/","name":"Statuetka z plexi i tworzyw sztucznych, na zam\u00f3wienie - Formedia","isPartOf":{"@id":"https:\/\/www.formedia.pl\/sklep\/#website"},"primaryImageOfPage":{"@id":"https:\/\/www.formedia.pl\/sklep\/produkt\/statuetka-z-plexi-i-tworzyw-sztucznych-na-zamowienie-3\/#primaryimage"},"image":{"@id":"https:\/\/www.formedia.pl\/sklep\/produkt\/statuetka-z-plexi-i-tworzyw-sztucznych-na-zamowienie-3\/#primaryimage"},"thumbnailUrl":"https:\/\/www.formedia.pl\/sklep\/wp-content\/uploads\/2021\/08\/Statuetka-z-pleksi-STAT3.jpg","datePublished":"2021-08-02T13:29:54+00:00","dateModified":"2026-04-01T06:26:25+00:00","description":"Producent wyrob\u00f3w z plexi. Sprawd\u017a Statuetka z plexi i tworzyw sztucznych, na zam\u00f3wienie. Indywidualne podej\u015bcie, w\u0142asne studio projektowe. Zapraszamy!","breadcrumb":{"@id":"https:\/\/www.formedia.pl\/sklep\/produkt\/statuetka-z-plexi-i-tworzyw-sztucznych-na-zamowienie-3\/#breadcrumb"},"inLanguage":"pl-PL","potentialAction":[{"@type":"ReadAction","target":["https:\/\/www.formedia.pl\/sklep\/produkt\/statuetka-z-plexi-i-tworzyw-sztucznych-na-zamowienie-3\/"]}]},{"@type":"ImageObject","inLanguage":"pl-PL","@id":"https:\/\/www.formedia.pl\/sklep\/produkt\/statuetka-z-plexi-i-tworzyw-sztucznych-na-zamowienie-3\/#primaryimage","url":"https:\/\/www.formedia.pl\/sklep\/wp-content\/uploads\/2021\/08\/Statuetka-z-pleksi-STAT3.jpg","contentUrl":"https:\/\/www.formedia.pl\/sklep\/wp-content\/uploads\/2021\/08\/Statuetka-z-pleksi-STAT3.jpg","width":504,"height":504,"caption":"Nagroda plexi z nadrukiem"},{"@type":"BreadcrumbList","@id":"https:\/\/www.formedia.pl\/sklep\/produkt\/statuetka-z-plexi-i-tworzyw-sztucznych-na-zamowienie-3\/#breadcrumb","itemListElement":[{"@type":"ListItem","position":1,"name":"Strona g\u0142\u00f3wna","item":"https:\/\/www.formedia.pl\/sklep\/"},{"@type":"ListItem","position":2,"name":"Sklep","item":"https:\/\/www.formedia.pl\/sklep\/"},{"@type":"ListItem","position":3,"name":"Statuetka z plexi i tworzyw sztucznych, na zam\u00f3wienie"}]},{"@type":"WebSite","@id":"https:\/\/www.formedia.pl\/sklep\/#website","url":"https:\/\/www.formedia.pl\/sklep\/","name":"Formedia","description":"Producent wyrob\u00f3w z tworzyw sztucznych","publisher":{"@id":"https:\/\/www.formedia.pl\/sklep\/#organization"},"alternateName":"Formedia","potentialAction":[{"@type":"SearchAction","target":{"@type":"EntryPoint","urlTemplate":"https:\/\/www.formedia.pl\/sklep\/?s={search_term_string}"},"query-input":{"@type":"PropertyValueSpecification","valueRequired":true,"valueName":"search_term_string"}}],"inLanguage":"pl-PL"},{"@type":"Organization","@id":"https:\/\/www.formedia.pl\/sklep\/#organization","name":"Formedia","alternateName":"Formedia","url":"https:\/\/www.formedia.pl\/sklep\/","logo":{"@type":"ImageObject","inLanguage":"pl-PL","@id":"https:\/\/www.formedia.pl\/sklep\/#\/schema\/logo\/image\/","url":"https:\/\/www.formedia.pl\/sklep\/wp-content\/uploads\/2025\/03\/1x1cropped-logo-WWW-ForMedia-bialy.png","contentUrl":"https:\/\/www.formedia.pl\/sklep\/wp-content\/uploads\/2025\/03\/1x1cropped-logo-WWW-ForMedia-bialy.png","width":412,"height":412,"caption":"Formedia"},"image":{"@id":"https:\/\/www.formedia.pl\/sklep\/#\/schema\/logo\/image\/"},"sameAs":["https:\/\/www.facebook.com\/formedia.bydgoszcz\/","https:\/\/www.youtube.com\/@formedia4306"]}]}},"_links":{"self":[{"href":"https:\/\/www.formedia.pl\/sklep\/wp-json\/wp\/v2\/product\/18525","targetHints":{"allow":["GET"]}}],"collection":[{"href":"https:\/\/www.formedia.pl\/sklep\/wp-json\/wp\/v2\/product"}],"about":[{"href":"https:\/\/www.formedia.pl\/sklep\/wp-json\/wp\/v2\/types\/product"}],"wp:featuredmedia":[{"embeddable":true,"href":"https:\/\/www.formedia.pl\/sklep\/wp-json\/wp\/v2\/media\/18523"}],"wp:attachment":[{"href":"https:\/\/www.formedia.pl\/sklep\/wp-json\/wp\/v2\/media?parent=18525"}],"wp:term":[{"taxonomy":"product_brand","embeddable":true,"href":"https:\/\/www.formedia.pl\/sklep\/wp-json\/wp\/v2\/product_brand?post=18525"},{"taxonomy":"product_cat","embeddable":true,"href":"https:\/\/www.formedia.pl\/sklep\/wp-json\/wp\/v2\/product_cat?post=18525"},{"taxonomy":"product_tag","embeddable":true,"href":"https:\/\/www.formedia.pl\/sklep\/wp-json\/wp\/v2\/product_tag?post=18525"},{"taxonomy":"woo-feed-brand","embeddable":true,"href":"https:\/\/www.formedia.pl\/sklep\/wp-json\/wp\/v2\/woo-feed-brand?post=18525"}],"curies":[{"name":"wp","href":"https:\/\/api.w.org\/{rel}","templated":true}]}}