{"id":18773,"date":"2021-08-13T10:42:06","date_gmt":"2021-08-13T08:42:06","guid":{"rendered":"https:\/\/www.formedia.pl\/sklep\/?post_type=product&#038;p=18773"},"modified":"2026-04-01T08:26:28","modified_gmt":"2026-04-01T06:26:28","slug":"tablica-reklamowa-z-pcw-z-kieszeniami-z-plexi","status":"publish","type":"product","link":"https:\/\/www.formedia.pl\/sklep\/produkt\/tablica-reklamowa-z-pcw-z-kieszeniami-z-plexi\/","title":{"rendered":"Tablica reklamowa z PCW, z kieszeniami z plexi"},"content":{"rendered":"<h2 align=\"LEFT\"><span style=\"color: #ff6600;\">Tablica na materia\u0142y reklamowe i informacyjne<\/span><\/h2>\n<p align=\"LEFT\">Tablica reklamowa, og\u0142oszeniowa, o szerokim zastosowaniu. Sprawdzi si\u0119 m. in. jako \u015bcianka prasowa, tablica informacyjna, organizer na dokumenty w urz\u0119dzie, rega\u0142 na kartki okazjonalne, materia\u0142y papiernicze, podajnik gazetek promocyjnych i ulotek. Produkt uniwersalny z mo\u017cliwo\u015bci\u0105 podmiany informacji bez konieczno\u015bci demonta\u017cu ca\u0142ej tablicy. Wygodny w u\u017cytkowaniu.<\/p>\n<ul>\n<li>Prezentowana plansza wykonana jest z bia\u0142ego PCW o grubo\u015bci 5 mm. Kieszenie wykonane s\u0105 z plexi bezbarwnej, dzi\u0119ki czemu materia\u0142y w nich umieszczone b\u0119d\u0105 w pe\u0142ni widoczne.<\/li>\n<li>Zestaw zawiera komplet 4 dystans\u00f3w.<\/li>\n<li>Tablica personalizowana za pomoc\u0105 druku utwardzanego \u015bwiat\u0142em UV. Oferujemy r\u00f3wnie\u017c znakowanie metod\u0105 grawerowania.<\/li>\n<li>Produkt wykonywany na indywidualne zam\u00f3wienie, w oparciu o przes\u0142ane parametry oraz projekt przygotowany przez klienta.<\/li>\n<li>W celu z\u0142o\u017cenia zam\u00f3wienia <strong>nale\u017cy przes\u0142a\u0107 zapytanie<\/strong> na adres: <strong>sklep@formedia.pl<\/strong> lub skontaktowa\u0107 si\u0119 z naszym <strong>biurem obs\u0142ugi klienta: <a href=\"tel:+48661036036\">tel. 661 036 036<\/a>.<\/strong><\/li>\n<\/ul>\n<p align=\"JUSTIFY\"><strong>UWAGA!<\/strong><\/p>\n<ul>\n<li>Na fotografii jest przyk\u0142adowa prezentacja produktu.<\/li>\n<li>Inne wzory, kszta\u0142ty, kolory tworzywa mo\u017cemy wykona\u0107 dla Pa\u0144stwa na zam\u00f3wienie mailowe. Przed z\u0142o\u017ceniem zam\u00f3wienia indywidualnego prosimy o kontakt z naszym biurem obs\u0142ugi klienta w celu ustalenia szczeg\u00f3\u0142\u00f3w:\u00a0<strong><a href=\"tel:+48661036036\">tel. 661 036 036<\/a><\/strong><\/li>\n<li>Oferujemy r\u00f3wnie\u017c znakowanie metod\u0105 grawerowania oraz nadruku utwardzanego \u015bwiat\u0142em UV.<\/li>\n<li>Druk UV wykonujemy m.in. na: plexi, szkle, dibondzie, drewnie, kartonie, metalu, PCV.<\/li>\n<li>Wyroby z plexi zabezpieczone s\u0105 foli\u0105 ochronn\u0105. Przed u\u017cyciem nale\u017cy j\u0105 \u015bci\u0105gn\u0105\u0107.<\/li>\n<li>Sprawd\u017a\u00a0paczk\u0119\u00a0przy kurierze i oce\u0144\u00a0czy zawarto\u015b\u0107\u00a0nie jest uszkodzona! Protok\u00f3\u0142\u00a0szkody jest jedyn\u0105\u00a0podstaw\u0105\u00a0do reklamacji.<\/li>\n<\/ul>\n","protected":false},"excerpt":{"rendered":"<ul>\n<li><span style=\"color: #ff6600;\"><strong>Wymiary tablicy (szer. x wys.): <\/strong><\/span>800 x 370 mm<\/li>\n<li><span style=\"color: #ff6600;\"><strong>Materia\u0142 tablicy:<\/strong><\/span> PCW bia\u0142y (5 mm)<\/li>\n<li><span style=\"color: #ff6600;\"><strong>Materia\u0142 kieszeni:<\/strong><\/span> plexi bezbarwna (3 mm)<\/li>\n<li><span style=\"color: #ff6600;\"><strong>Elementy monta\u017cowe:<\/strong> <\/span>4 dystanse<\/li>\n<li><span style=\"color: #ff6600;\"><strong>Kod produktu: <\/strong><\/span>TZK4PCW<\/li>\n<\/ul>\n","protected":false},"featured_media":18759,"template":"","meta":[],"product_brand":[],"product_cat":[673],"product_tag":[],"woo-feed-brand":[],"class_list":{"0":"post-18773","1":"product","2":"type-product","3":"status-publish","4":"has-post-thumbnail","6":"product_cat-tablice","8":"first","9":"onbackorder","10":"taxable","11":"shipping-taxable","12":"product-type-simple"},"yoast_head":"<!-- This site is optimized with the Yoast SEO plugin v27.5 - https:\/\/yoast.com\/product\/yoast-seo-wordpress\/ -->\n<title>Tablica reklamowa z PCW, z kieszeniami z plexi - Formedia<\/title>\n<meta name=\"description\" content=\"Producent wyrob\u00f3w z plexi. Sprawd\u017a Tablica reklamowa z PCW, z kieszeniami z plexi. Indywidualne podej\u015bcie, w\u0142asne studio projektowe. Zapraszamy!\" \/>\n<meta name=\"robots\" content=\"index, follow, max-snippet:-1, max-image-preview:large, max-video-preview:-1\" \/>\n<link rel=\"canonical\" href=\"https:\/\/www.formedia.pl\/sklep\/produkt\/tablica-reklamowa-z-pcw-z-kieszeniami-z-plexi\/\" \/>\n<meta property=\"og:locale\" content=\"pl_PL\" \/>\n<meta property=\"og:type\" content=\"article\" \/>\n<meta property=\"og:title\" content=\"Tablica reklamowa z PCW, z kieszeniami z plexi - Formedia\" \/>\n<meta property=\"og:description\" content=\"Producent wyrob\u00f3w z plexi. Sprawd\u017a Tablica reklamowa z PCW, z kieszeniami z plexi. Indywidualne podej\u015bcie, w\u0142asne studio projektowe. Zapraszamy!\" \/>\n<meta property=\"og:url\" content=\"https:\/\/www.formedia.pl\/sklep\/produkt\/tablica-reklamowa-z-pcw-z-kieszeniami-z-plexi\/\" \/>\n<meta property=\"og:site_name\" content=\"Formedia\" \/>\n<meta property=\"article:publisher\" content=\"https:\/\/www.facebook.com\/formedia.bydgoszcz\/\" \/>\n<meta property=\"article:modified_time\" content=\"2026-04-01T06:26:28+00:00\" \/>\n<meta property=\"og:image\" content=\"https:\/\/www.formedia.pl\/sklep\/wp-content\/uploads\/2021\/08\/Zawieszka-na-reklame-TZK4PCW.jpg\" \/>\n\t<meta property=\"og:image:width\" content=\"504\" \/>\n\t<meta property=\"og:image:height\" content=\"504\" \/>\n\t<meta property=\"og:image:type\" content=\"image\/jpeg\" \/>\n<meta name=\"twitter:card\" content=\"summary_large_image\" \/>\n<meta name=\"twitter:label1\" content=\"Szacowany czas czytania\" \/>\n\t<meta name=\"twitter:data1\" content=\"1 minuta\" \/>\n<script type=\"application\/ld+json\" class=\"yoast-schema-graph\">{\"@context\":\"https:\\\/\\\/schema.org\",\"@graph\":[{\"@type\":\"WebPage\",\"@id\":\"https:\\\/\\\/www.formedia.pl\\\/sklep\\\/produkt\\\/tablica-reklamowa-z-pcw-z-kieszeniami-z-plexi\\\/\",\"url\":\"https:\\\/\\\/www.formedia.pl\\\/sklep\\\/produkt\\\/tablica-reklamowa-z-pcw-z-kieszeniami-z-plexi\\\/\",\"name\":\"Tablica reklamowa z PCW, z kieszeniami z plexi - Formedia\",\"isPartOf\":{\"@id\":\"https:\\\/\\\/www.formedia.pl\\\/sklep\\\/#website\"},\"primaryImageOfPage\":{\"@id\":\"https:\\\/\\\/www.formedia.pl\\\/sklep\\\/produkt\\\/tablica-reklamowa-z-pcw-z-kieszeniami-z-plexi\\\/#primaryimage\"},\"image\":{\"@id\":\"https:\\\/\\\/www.formedia.pl\\\/sklep\\\/produkt\\\/tablica-reklamowa-z-pcw-z-kieszeniami-z-plexi\\\/#primaryimage\"},\"thumbnailUrl\":\"https:\\\/\\\/www.formedia.pl\\\/sklep\\\/wp-content\\\/uploads\\\/2021\\\/08\\\/Zawieszka-na-reklame-TZK4PCW.jpg\",\"datePublished\":\"2021-08-13T08:42:06+00:00\",\"dateModified\":\"2026-04-01T06:26:28+00:00\",\"description\":\"Producent wyrob\u00f3w z plexi. Sprawd\u017a Tablica reklamowa z PCW, z kieszeniami z plexi. Indywidualne podej\u015bcie, w\u0142asne studio projektowe. Zapraszamy!\",\"breadcrumb\":{\"@id\":\"https:\\\/\\\/www.formedia.pl\\\/sklep\\\/produkt\\\/tablica-reklamowa-z-pcw-z-kieszeniami-z-plexi\\\/#breadcrumb\"},\"inLanguage\":\"pl-PL\",\"potentialAction\":[{\"@type\":\"ReadAction\",\"target\":[\"https:\\\/\\\/www.formedia.pl\\\/sklep\\\/produkt\\\/tablica-reklamowa-z-pcw-z-kieszeniami-z-plexi\\\/\"]}]},{\"@type\":\"ImageObject\",\"inLanguage\":\"pl-PL\",\"@id\":\"https:\\\/\\\/www.formedia.pl\\\/sklep\\\/produkt\\\/tablica-reklamowa-z-pcw-z-kieszeniami-z-plexi\\\/#primaryimage\",\"url\":\"https:\\\/\\\/www.formedia.pl\\\/sklep\\\/wp-content\\\/uploads\\\/2021\\\/08\\\/Zawieszka-na-reklame-TZK4PCW.jpg\",\"contentUrl\":\"https:\\\/\\\/www.formedia.pl\\\/sklep\\\/wp-content\\\/uploads\\\/2021\\\/08\\\/Zawieszka-na-reklame-TZK4PCW.jpg\",\"width\":504,\"height\":504,\"caption\":\"tablica PCW z kieszeniami z plexi\"},{\"@type\":\"BreadcrumbList\",\"@id\":\"https:\\\/\\\/www.formedia.pl\\\/sklep\\\/produkt\\\/tablica-reklamowa-z-pcw-z-kieszeniami-z-plexi\\\/#breadcrumb\",\"itemListElement\":[{\"@type\":\"ListItem\",\"position\":1,\"name\":\"Strona g\u0142\u00f3wna\",\"item\":\"https:\\\/\\\/www.formedia.pl\\\/sklep\\\/\"},{\"@type\":\"ListItem\",\"position\":2,\"name\":\"Sklep\",\"item\":\"https:\\\/\\\/www.formedia.pl\\\/sklep\\\/\"},{\"@type\":\"ListItem\",\"position\":3,\"name\":\"Tablica reklamowa z PCW, z kieszeniami z plexi\"}]},{\"@type\":\"WebSite\",\"@id\":\"https:\\\/\\\/www.formedia.pl\\\/sklep\\\/#website\",\"url\":\"https:\\\/\\\/www.formedia.pl\\\/sklep\\\/\",\"name\":\"Formedia\",\"description\":\"Producent wyrob\u00f3w z tworzyw sztucznych\",\"publisher\":{\"@id\":\"https:\\\/\\\/www.formedia.pl\\\/sklep\\\/#organization\"},\"alternateName\":\"Formedia\",\"potentialAction\":[{\"@type\":\"SearchAction\",\"target\":{\"@type\":\"EntryPoint\",\"urlTemplate\":\"https:\\\/\\\/www.formedia.pl\\\/sklep\\\/?s={search_term_string}\"},\"query-input\":{\"@type\":\"PropertyValueSpecification\",\"valueRequired\":true,\"valueName\":\"search_term_string\"}}],\"inLanguage\":\"pl-PL\"},{\"@type\":\"Organization\",\"@id\":\"https:\\\/\\\/www.formedia.pl\\\/sklep\\\/#organization\",\"name\":\"Formedia\",\"alternateName\":\"Formedia\",\"url\":\"https:\\\/\\\/www.formedia.pl\\\/sklep\\\/\",\"logo\":{\"@type\":\"ImageObject\",\"inLanguage\":\"pl-PL\",\"@id\":\"https:\\\/\\\/www.formedia.pl\\\/sklep\\\/#\\\/schema\\\/logo\\\/image\\\/\",\"url\":\"https:\\\/\\\/www.formedia.pl\\\/sklep\\\/wp-content\\\/uploads\\\/2025\\\/03\\\/1x1cropped-logo-WWW-ForMedia-bialy.png\",\"contentUrl\":\"https:\\\/\\\/www.formedia.pl\\\/sklep\\\/wp-content\\\/uploads\\\/2025\\\/03\\\/1x1cropped-logo-WWW-ForMedia-bialy.png\",\"width\":412,\"height\":412,\"caption\":\"Formedia\"},\"image\":{\"@id\":\"https:\\\/\\\/www.formedia.pl\\\/sklep\\\/#\\\/schema\\\/logo\\\/image\\\/\"},\"sameAs\":[\"https:\\\/\\\/www.facebook.com\\\/formedia.bydgoszcz\\\/\",\"https:\\\/\\\/www.youtube.com\\\/@formedia4306\"]}]}<\/script>\n<!-- \/ Yoast SEO plugin. -->","yoast_head_json":{"title":"Tablica reklamowa z PCW, z kieszeniami z plexi - Formedia","description":"Producent wyrob\u00f3w z plexi. Sprawd\u017a Tablica reklamowa z PCW, z kieszeniami z plexi. Indywidualne podej\u015bcie, w\u0142asne studio projektowe. Zapraszamy!","robots":{"index":"index","follow":"follow","max-snippet":"max-snippet:-1","max-image-preview":"max-image-preview:large","max-video-preview":"max-video-preview:-1"},"canonical":"https:\/\/www.formedia.pl\/sklep\/produkt\/tablica-reklamowa-z-pcw-z-kieszeniami-z-plexi\/","og_locale":"pl_PL","og_type":"article","og_title":"Tablica reklamowa z PCW, z kieszeniami z plexi - Formedia","og_description":"Producent wyrob\u00f3w z plexi. Sprawd\u017a Tablica reklamowa z PCW, z kieszeniami z plexi. Indywidualne podej\u015bcie, w\u0142asne studio projektowe. Zapraszamy!","og_url":"https:\/\/www.formedia.pl\/sklep\/produkt\/tablica-reklamowa-z-pcw-z-kieszeniami-z-plexi\/","og_site_name":"Formedia","article_publisher":"https:\/\/www.facebook.com\/formedia.bydgoszcz\/","article_modified_time":"2026-04-01T06:26:28+00:00","og_image":[{"width":504,"height":504,"url":"https:\/\/www.formedia.pl\/sklep\/wp-content\/uploads\/2021\/08\/Zawieszka-na-reklame-TZK4PCW.jpg","type":"image\/jpeg"}],"twitter_card":"summary_large_image","twitter_misc":{"Szacowany czas czytania":"1 minuta"},"schema":{"@context":"https:\/\/schema.org","@graph":[{"@type":"WebPage","@id":"https:\/\/www.formedia.pl\/sklep\/produkt\/tablica-reklamowa-z-pcw-z-kieszeniami-z-plexi\/","url":"https:\/\/www.formedia.pl\/sklep\/produkt\/tablica-reklamowa-z-pcw-z-kieszeniami-z-plexi\/","name":"Tablica reklamowa z PCW, z kieszeniami z plexi - Formedia","isPartOf":{"@id":"https:\/\/www.formedia.pl\/sklep\/#website"},"primaryImageOfPage":{"@id":"https:\/\/www.formedia.pl\/sklep\/produkt\/tablica-reklamowa-z-pcw-z-kieszeniami-z-plexi\/#primaryimage"},"image":{"@id":"https:\/\/www.formedia.pl\/sklep\/produkt\/tablica-reklamowa-z-pcw-z-kieszeniami-z-plexi\/#primaryimage"},"thumbnailUrl":"https:\/\/www.formedia.pl\/sklep\/wp-content\/uploads\/2021\/08\/Zawieszka-na-reklame-TZK4PCW.jpg","datePublished":"2021-08-13T08:42:06+00:00","dateModified":"2026-04-01T06:26:28+00:00","description":"Producent wyrob\u00f3w z plexi. Sprawd\u017a Tablica reklamowa z PCW, z kieszeniami z plexi. Indywidualne podej\u015bcie, w\u0142asne studio projektowe. Zapraszamy!","breadcrumb":{"@id":"https:\/\/www.formedia.pl\/sklep\/produkt\/tablica-reklamowa-z-pcw-z-kieszeniami-z-plexi\/#breadcrumb"},"inLanguage":"pl-PL","potentialAction":[{"@type":"ReadAction","target":["https:\/\/www.formedia.pl\/sklep\/produkt\/tablica-reklamowa-z-pcw-z-kieszeniami-z-plexi\/"]}]},{"@type":"ImageObject","inLanguage":"pl-PL","@id":"https:\/\/www.formedia.pl\/sklep\/produkt\/tablica-reklamowa-z-pcw-z-kieszeniami-z-plexi\/#primaryimage","url":"https:\/\/www.formedia.pl\/sklep\/wp-content\/uploads\/2021\/08\/Zawieszka-na-reklame-TZK4PCW.jpg","contentUrl":"https:\/\/www.formedia.pl\/sklep\/wp-content\/uploads\/2021\/08\/Zawieszka-na-reklame-TZK4PCW.jpg","width":504,"height":504,"caption":"tablica PCW z kieszeniami z plexi"},{"@type":"BreadcrumbList","@id":"https:\/\/www.formedia.pl\/sklep\/produkt\/tablica-reklamowa-z-pcw-z-kieszeniami-z-plexi\/#breadcrumb","itemListElement":[{"@type":"ListItem","position":1,"name":"Strona g\u0142\u00f3wna","item":"https:\/\/www.formedia.pl\/sklep\/"},{"@type":"ListItem","position":2,"name":"Sklep","item":"https:\/\/www.formedia.pl\/sklep\/"},{"@type":"ListItem","position":3,"name":"Tablica reklamowa z PCW, z kieszeniami z plexi"}]},{"@type":"WebSite","@id":"https:\/\/www.formedia.pl\/sklep\/#website","url":"https:\/\/www.formedia.pl\/sklep\/","name":"Formedia","description":"Producent wyrob\u00f3w z tworzyw sztucznych","publisher":{"@id":"https:\/\/www.formedia.pl\/sklep\/#organization"},"alternateName":"Formedia","potentialAction":[{"@type":"SearchAction","target":{"@type":"EntryPoint","urlTemplate":"https:\/\/www.formedia.pl\/sklep\/?s={search_term_string}"},"query-input":{"@type":"PropertyValueSpecification","valueRequired":true,"valueName":"search_term_string"}}],"inLanguage":"pl-PL"},{"@type":"Organization","@id":"https:\/\/www.formedia.pl\/sklep\/#organization","name":"Formedia","alternateName":"Formedia","url":"https:\/\/www.formedia.pl\/sklep\/","logo":{"@type":"ImageObject","inLanguage":"pl-PL","@id":"https:\/\/www.formedia.pl\/sklep\/#\/schema\/logo\/image\/","url":"https:\/\/www.formedia.pl\/sklep\/wp-content\/uploads\/2025\/03\/1x1cropped-logo-WWW-ForMedia-bialy.png","contentUrl":"https:\/\/www.formedia.pl\/sklep\/wp-content\/uploads\/2025\/03\/1x1cropped-logo-WWW-ForMedia-bialy.png","width":412,"height":412,"caption":"Formedia"},"image":{"@id":"https:\/\/www.formedia.pl\/sklep\/#\/schema\/logo\/image\/"},"sameAs":["https:\/\/www.facebook.com\/formedia.bydgoszcz\/","https:\/\/www.youtube.com\/@formedia4306"]}]}},"_links":{"self":[{"href":"https:\/\/www.formedia.pl\/sklep\/wp-json\/wp\/v2\/product\/18773","targetHints":{"allow":["GET"]}}],"collection":[{"href":"https:\/\/www.formedia.pl\/sklep\/wp-json\/wp\/v2\/product"}],"about":[{"href":"https:\/\/www.formedia.pl\/sklep\/wp-json\/wp\/v2\/types\/product"}],"wp:featuredmedia":[{"embeddable":true,"href":"https:\/\/www.formedia.pl\/sklep\/wp-json\/wp\/v2\/media\/18759"}],"wp:attachment":[{"href":"https:\/\/www.formedia.pl\/sklep\/wp-json\/wp\/v2\/media?parent=18773"}],"wp:term":[{"taxonomy":"product_brand","embeddable":true,"href":"https:\/\/www.formedia.pl\/sklep\/wp-json\/wp\/v2\/product_brand?post=18773"},{"taxonomy":"product_cat","embeddable":true,"href":"https:\/\/www.formedia.pl\/sklep\/wp-json\/wp\/v2\/product_cat?post=18773"},{"taxonomy":"product_tag","embeddable":true,"href":"https:\/\/www.formedia.pl\/sklep\/wp-json\/wp\/v2\/product_tag?post=18773"},{"taxonomy":"woo-feed-brand","embeddable":true,"href":"https:\/\/www.formedia.pl\/sklep\/wp-json\/wp\/v2\/woo-feed-brand?post=18773"}],"curies":[{"name":"wp","href":"https:\/\/api.w.org\/{rel}","templated":true}]}}