{"id":20029,"date":"2022-01-28T14:48:36","date_gmt":"2022-01-28T13:48:36","guid":{"rendered":"https:\/\/www.formedia.pl\/sklep\/?post_type=product&#038;p=20029"},"modified":"2026-04-01T08:26:28","modified_gmt":"2026-04-01T06:26:28","slug":"giety-kubik-z-przezroczystej-pleksi-kubg2","status":"publish","type":"product","link":"https:\/\/www.formedia.pl\/sklep\/produkt\/giety-kubik-z-przezroczystej-pleksi-kubg2\/","title":{"rendered":"Gi\u0119ty kubik z przezroczystej pleksi, format 20x20x20cm, 2 sztuki  KUBG2"},"content":{"rendered":"<h2 align=\"LEFT\"><span style=\"color: #ff6600;\">Bezbarwne pude\u0142ko z pleksi do sklepu<\/span><\/h2>\n<p align=\"JUSTIFY\">Zastanawiasz si\u0119 gdzie znale\u017a\u0107 producenta kubik\u00f3w z pleksi? Ju\u017c tu jeste\u015b. W Formedia tworzymy wszelkie formy wystawiennicze, w tym kubiki z gi\u0119tej pleksi. Jest to nowoczesne rozwi\u0105zanie, kt\u00f3re nie wymaga klejenia. Dzi\u0119ki temu nie musisz martwi\u0107 si\u0119 o jako\u015b\u0107 wykonania. Pude\u0142ka z wygi\u0119tej plexi s\u0105 bardzo trwa\u0142e. Dzi\u0119ki nie \u0142\u0105czonym \u015bciankom produkt ten jest bardziej odporny na wewn\u0119trzne napr\u0119\u017cenia. Nie po\u0142amie si\u0119, je\u017celi b\u0119dzie wypchany po brzegi. Postaw pude\u0142ko z pleksi w swojej strefie kasy lub obs\u0142ugi klienta i zapomnij o ba\u0142aganie. Dzi\u0119ki nim doskonale wyeksponujesz swoje gad\u017cety. Mo\u017cesz w nich trzyma\u0107 asortyment sklepowy na sprzeda\u017c lub drobne upominki dla swoich go\u015bci. Chcesz podkre\u015bli\u0107 swoj\u0105 mark\u0119? Nic trudnego. Z\u0142\u00f3\u017c indywidualne zapytanie na sklep@formedia.pl i podaj wymiary, kolor tworzywa, kt\u00f3ry Ci\u0119 interesuje. Mo\u017ce to by\u0107 pleksi bezbarwna, bia\u0142\u0105 lub czarna. Do\u0142\u0105cz do maila grafik\u0119, kt\u00f3r\u0105 chcesz nadrukowa\u0107, a my przygotujemy dla Ciebie najatrakcyjniejsz\u0105 ofert\u0119.<\/p>\n<p>Jeste\u015bmy producentem produkt\u00f3w z pleksi.\u00a0 Wykonujemy tak\u017ce, na indywidualn\u0105 wycen\u0119 kubiki i pude\u0142ka z plexi gi\u0119tej w indywidualnych rozmiarach i tworzywach dobranych do Twoich potrzeb. Dysponujemy m. in. pleksi bezbarwn\u0105, mleczno-bia\u0142\u0105 i czarn\u0105 o r\u00f3\u017cnych grubo\u015bciach. W celu zam\u00f3wienia niestandardowego <strong>nale\u017cy z\u0142o\u017cy\u0107 zapytanie<\/strong> na adres: <strong>sklep@formedia.pl<\/strong> lub skontaktowa\u0107 si\u0119 z naszym <strong>biurem obs\u0142ugi klienta: <a href=\"tel:+48661036036\"><span style=\"color: #ff6600;\">tel. 661 036 036<\/span><\/a><span style=\"color: #ff6600;\">.<\/span><\/strong><\/p>\n<p align=\"JUSTIFY\"><strong>UWAGA!<\/strong><\/p>\n<ul>\n<li>Na fotografii jest przyk\u0142adowa prezentacja produktu.<\/li>\n<li>Inne wzory, kszta\u0142ty, kolory tworzywa mo\u017cemy wykona\u0107 dla Pa\u0144stwa na zam\u00f3wienie mailowe. Przed z\u0142o\u017ceniem zam\u00f3wienia indywidualnego prosimy o kontakt z naszym biurem obs\u0142ugi klienta w celu ustalenia szczeg\u00f3\u0142\u00f3w:\u00a0<strong><a href=\"tel:+48661036036\">tel. 661 036 036<\/a><\/strong><\/li>\n<li>Oferujemy r\u00f3wnie\u017c znakowanie metod\u0105 grawerowania oraz nadruku utwardzanego \u015bwiat\u0142em UV.<\/li>\n<li>Druk UV wykonujemy m.in. na: plexi, szkle, dibondzie, drewnie, kartonie, metalu, PCV.<\/li>\n<li>Wyroby z plexi zabezpieczone s\u0105 foli\u0105 ochronn\u0105. Przed u\u017cyciem nale\u017cy j\u0105 \u015bci\u0105gn\u0105\u0107.<\/li>\n<li>Sprawd\u017a\u00a0paczk\u0119\u00a0przy kurierze i oce\u0144\u00a0czy zawarto\u015b\u0107\u00a0nie jest uszkodzona! Protok\u00f3\u0142\u00a0szkody jest jedyn\u0105\u00a0podstaw\u0105\u00a0do reklamacji.<\/li>\n<\/ul>\n<p>&nbsp;<\/p>\n","protected":false},"excerpt":{"rendered":"<ul>\n<li><span style=\"color: #ff6600;\"><strong>Materia\u0142 :<\/strong><\/span> plexi bezbarwna<\/li>\n<li><strong><span style=\"color: #ff6600;\">Grubo\u015b\u0107:<\/span> <\/strong>2 mm<\/li>\n<li><strong><span style=\"color: #ff6600;\">Wielko\u015b\u0107:<\/span> <\/strong>200 x 200 x 200 mm<\/li>\n<li><strong><span style=\"color: #ff6600;\">Kod produktu:<\/span><\/strong> KUBG2<\/li>\n<\/ul>\n","protected":false},"featured_media":20057,"template":"","meta":[],"product_brand":[],"product_cat":[895,897,894,151],"product_tag":[],"woo-feed-brand":[],"class_list":{"0":"post-20029","1":"product","2":"type-product","3":"status-publish","4":"has-post-thumbnail","6":"product_cat-branza-kosmetyczna","7":"product_cat-branza-odziezowa","8":"product_cat-branza-spozywcza","9":"product_cat-kubiki","11":"first","12":"instock","13":"taxable","14":"shipping-taxable","15":"purchasable","16":"product-type-simple"},"yoast_head":"<!-- This site is optimized with the Yoast SEO plugin v27.5 - https:\/\/yoast.com\/product\/yoast-seo-wordpress\/ -->\n<title>Gi\u0119ty kubik z przezroczystej pleksi, format 20x20x20cm, 2 sztuki KUBG2 - Formedia<\/title>\n<meta name=\"description\" content=\"Producent wyrob\u00f3w z plexi. Sprawd\u017a Gi\u0119ty kubik z przezroczystej pleksi, format 20x20x20cm, 2 sztuki KUBG2. Indywidualne podej\u015bcie, w\u0142asne studio projektowe. Zapraszamy!\" \/>\n<meta name=\"robots\" content=\"index, follow, max-snippet:-1, max-image-preview:large, max-video-preview:-1\" \/>\n<link rel=\"canonical\" href=\"https:\/\/www.formedia.pl\/sklep\/produkt\/giety-kubik-z-przezroczystej-pleksi-kubg2\/\" \/>\n<meta property=\"og:locale\" content=\"pl_PL\" \/>\n<meta property=\"og:type\" content=\"article\" \/>\n<meta property=\"og:title\" content=\"Gi\u0119ty kubik z przezroczystej pleksi, format 20x20x20cm, 2 sztuki KUBG2 - Formedia\" \/>\n<meta property=\"og:description\" content=\"Producent wyrob\u00f3w z plexi. Sprawd\u017a Gi\u0119ty kubik z przezroczystej pleksi, format 20x20x20cm, 2 sztuki KUBG2. Indywidualne podej\u015bcie, w\u0142asne studio projektowe. Zapraszamy!\" \/>\n<meta property=\"og:url\" content=\"https:\/\/www.formedia.pl\/sklep\/produkt\/giety-kubik-z-przezroczystej-pleksi-kubg2\/\" \/>\n<meta property=\"og:site_name\" content=\"Formedia\" \/>\n<meta property=\"article:publisher\" content=\"https:\/\/www.facebook.com\/formedia.bydgoszcz\/\" \/>\n<meta property=\"article:modified_time\" content=\"2026-04-01T06:26:28+00:00\" \/>\n<meta property=\"og:image\" content=\"https:\/\/www.formedia.pl\/sklep\/wp-content\/uploads\/2022\/01\/kubik-giety-szescian-z-pleksi.jpg\" \/>\n\t<meta property=\"og:image:width\" content=\"669\" \/>\n\t<meta property=\"og:image:height\" content=\"669\" \/>\n\t<meta property=\"og:image:type\" content=\"image\/jpeg\" \/>\n<meta name=\"twitter:card\" content=\"summary_large_image\" \/>\n<meta name=\"twitter:label1\" content=\"Szacowany czas czytania\" \/>\n\t<meta name=\"twitter:data1\" content=\"2 minuty\" \/>\n<script type=\"application\/ld+json\" class=\"yoast-schema-graph\">{\"@context\":\"https:\\\/\\\/schema.org\",\"@graph\":[{\"@type\":\"WebPage\",\"@id\":\"https:\\\/\\\/www.formedia.pl\\\/sklep\\\/produkt\\\/giety-kubik-z-przezroczystej-pleksi-kubg2\\\/\",\"url\":\"https:\\\/\\\/www.formedia.pl\\\/sklep\\\/produkt\\\/giety-kubik-z-przezroczystej-pleksi-kubg2\\\/\",\"name\":\"Gi\u0119ty kubik z przezroczystej pleksi, format 20x20x20cm, 2 sztuki KUBG2 - Formedia\",\"isPartOf\":{\"@id\":\"https:\\\/\\\/www.formedia.pl\\\/sklep\\\/#website\"},\"primaryImageOfPage\":{\"@id\":\"https:\\\/\\\/www.formedia.pl\\\/sklep\\\/produkt\\\/giety-kubik-z-przezroczystej-pleksi-kubg2\\\/#primaryimage\"},\"image\":{\"@id\":\"https:\\\/\\\/www.formedia.pl\\\/sklep\\\/produkt\\\/giety-kubik-z-przezroczystej-pleksi-kubg2\\\/#primaryimage\"},\"thumbnailUrl\":\"https:\\\/\\\/www.formedia.pl\\\/sklep\\\/wp-content\\\/uploads\\\/2022\\\/01\\\/kubik-giety-szescian-z-pleksi.jpg\",\"datePublished\":\"2022-01-28T13:48:36+00:00\",\"dateModified\":\"2026-04-01T06:26:28+00:00\",\"description\":\"Producent wyrob\u00f3w z plexi. Sprawd\u017a Gi\u0119ty kubik z przezroczystej pleksi, format 20x20x20cm, 2 sztuki KUBG2. Indywidualne podej\u015bcie, w\u0142asne studio projektowe. Zapraszamy!\",\"breadcrumb\":{\"@id\":\"https:\\\/\\\/www.formedia.pl\\\/sklep\\\/produkt\\\/giety-kubik-z-przezroczystej-pleksi-kubg2\\\/#breadcrumb\"},\"inLanguage\":\"pl-PL\",\"potentialAction\":[{\"@type\":\"ReadAction\",\"target\":[\"https:\\\/\\\/www.formedia.pl\\\/sklep\\\/produkt\\\/giety-kubik-z-przezroczystej-pleksi-kubg2\\\/\"]}]},{\"@type\":\"ImageObject\",\"inLanguage\":\"pl-PL\",\"@id\":\"https:\\\/\\\/www.formedia.pl\\\/sklep\\\/produkt\\\/giety-kubik-z-przezroczystej-pleksi-kubg2\\\/#primaryimage\",\"url\":\"https:\\\/\\\/www.formedia.pl\\\/sklep\\\/wp-content\\\/uploads\\\/2022\\\/01\\\/kubik-giety-szescian-z-pleksi.jpg\",\"contentUrl\":\"https:\\\/\\\/www.formedia.pl\\\/sklep\\\/wp-content\\\/uploads\\\/2022\\\/01\\\/kubik-giety-szescian-z-pleksi.jpg\",\"width\":669,\"height\":669},{\"@type\":\"BreadcrumbList\",\"@id\":\"https:\\\/\\\/www.formedia.pl\\\/sklep\\\/produkt\\\/giety-kubik-z-przezroczystej-pleksi-kubg2\\\/#breadcrumb\",\"itemListElement\":[{\"@type\":\"ListItem\",\"position\":1,\"name\":\"Strona g\u0142\u00f3wna\",\"item\":\"https:\\\/\\\/www.formedia.pl\\\/sklep\\\/\"},{\"@type\":\"ListItem\",\"position\":2,\"name\":\"Sklep\",\"item\":\"https:\\\/\\\/www.formedia.pl\\\/sklep\\\/\"},{\"@type\":\"ListItem\",\"position\":3,\"name\":\"Gi\u0119ty kubik z przezroczystej pleksi, format 20x20x20cm, 2 sztuki KUBG2\"}]},{\"@type\":\"WebSite\",\"@id\":\"https:\\\/\\\/www.formedia.pl\\\/sklep\\\/#website\",\"url\":\"https:\\\/\\\/www.formedia.pl\\\/sklep\\\/\",\"name\":\"Formedia\",\"description\":\"Producent wyrob\u00f3w z tworzyw sztucznych\",\"publisher\":{\"@id\":\"https:\\\/\\\/www.formedia.pl\\\/sklep\\\/#organization\"},\"alternateName\":\"Formedia\",\"potentialAction\":[{\"@type\":\"SearchAction\",\"target\":{\"@type\":\"EntryPoint\",\"urlTemplate\":\"https:\\\/\\\/www.formedia.pl\\\/sklep\\\/?s={search_term_string}\"},\"query-input\":{\"@type\":\"PropertyValueSpecification\",\"valueRequired\":true,\"valueName\":\"search_term_string\"}}],\"inLanguage\":\"pl-PL\"},{\"@type\":\"Organization\",\"@id\":\"https:\\\/\\\/www.formedia.pl\\\/sklep\\\/#organization\",\"name\":\"Formedia\",\"alternateName\":\"Formedia\",\"url\":\"https:\\\/\\\/www.formedia.pl\\\/sklep\\\/\",\"logo\":{\"@type\":\"ImageObject\",\"inLanguage\":\"pl-PL\",\"@id\":\"https:\\\/\\\/www.formedia.pl\\\/sklep\\\/#\\\/schema\\\/logo\\\/image\\\/\",\"url\":\"https:\\\/\\\/www.formedia.pl\\\/sklep\\\/wp-content\\\/uploads\\\/2025\\\/03\\\/1x1cropped-logo-WWW-ForMedia-bialy.png\",\"contentUrl\":\"https:\\\/\\\/www.formedia.pl\\\/sklep\\\/wp-content\\\/uploads\\\/2025\\\/03\\\/1x1cropped-logo-WWW-ForMedia-bialy.png\",\"width\":412,\"height\":412,\"caption\":\"Formedia\"},\"image\":{\"@id\":\"https:\\\/\\\/www.formedia.pl\\\/sklep\\\/#\\\/schema\\\/logo\\\/image\\\/\"},\"sameAs\":[\"https:\\\/\\\/www.facebook.com\\\/formedia.bydgoszcz\\\/\",\"https:\\\/\\\/www.youtube.com\\\/@formedia4306\"]}]}<\/script>\n<!-- \/ Yoast SEO plugin. -->","yoast_head_json":{"title":"Gi\u0119ty kubik z przezroczystej pleksi, format 20x20x20cm, 2 sztuki KUBG2 - Formedia","description":"Producent wyrob\u00f3w z plexi. Sprawd\u017a Gi\u0119ty kubik z przezroczystej pleksi, format 20x20x20cm, 2 sztuki KUBG2. Indywidualne podej\u015bcie, w\u0142asne studio projektowe. Zapraszamy!","robots":{"index":"index","follow":"follow","max-snippet":"max-snippet:-1","max-image-preview":"max-image-preview:large","max-video-preview":"max-video-preview:-1"},"canonical":"https:\/\/www.formedia.pl\/sklep\/produkt\/giety-kubik-z-przezroczystej-pleksi-kubg2\/","og_locale":"pl_PL","og_type":"article","og_title":"Gi\u0119ty kubik z przezroczystej pleksi, format 20x20x20cm, 2 sztuki KUBG2 - Formedia","og_description":"Producent wyrob\u00f3w z plexi. Sprawd\u017a Gi\u0119ty kubik z przezroczystej pleksi, format 20x20x20cm, 2 sztuki KUBG2. Indywidualne podej\u015bcie, w\u0142asne studio projektowe. Zapraszamy!","og_url":"https:\/\/www.formedia.pl\/sklep\/produkt\/giety-kubik-z-przezroczystej-pleksi-kubg2\/","og_site_name":"Formedia","article_publisher":"https:\/\/www.facebook.com\/formedia.bydgoszcz\/","article_modified_time":"2026-04-01T06:26:28+00:00","og_image":[{"width":669,"height":669,"url":"https:\/\/www.formedia.pl\/sklep\/wp-content\/uploads\/2022\/01\/kubik-giety-szescian-z-pleksi.jpg","type":"image\/jpeg"}],"twitter_card":"summary_large_image","twitter_misc":{"Szacowany czas czytania":"2 minuty"},"schema":{"@context":"https:\/\/schema.org","@graph":[{"@type":"WebPage","@id":"https:\/\/www.formedia.pl\/sklep\/produkt\/giety-kubik-z-przezroczystej-pleksi-kubg2\/","url":"https:\/\/www.formedia.pl\/sklep\/produkt\/giety-kubik-z-przezroczystej-pleksi-kubg2\/","name":"Gi\u0119ty kubik z przezroczystej pleksi, format 20x20x20cm, 2 sztuki KUBG2 - Formedia","isPartOf":{"@id":"https:\/\/www.formedia.pl\/sklep\/#website"},"primaryImageOfPage":{"@id":"https:\/\/www.formedia.pl\/sklep\/produkt\/giety-kubik-z-przezroczystej-pleksi-kubg2\/#primaryimage"},"image":{"@id":"https:\/\/www.formedia.pl\/sklep\/produkt\/giety-kubik-z-przezroczystej-pleksi-kubg2\/#primaryimage"},"thumbnailUrl":"https:\/\/www.formedia.pl\/sklep\/wp-content\/uploads\/2022\/01\/kubik-giety-szescian-z-pleksi.jpg","datePublished":"2022-01-28T13:48:36+00:00","dateModified":"2026-04-01T06:26:28+00:00","description":"Producent wyrob\u00f3w z plexi. Sprawd\u017a Gi\u0119ty kubik z przezroczystej pleksi, format 20x20x20cm, 2 sztuki KUBG2. Indywidualne podej\u015bcie, w\u0142asne studio projektowe. Zapraszamy!","breadcrumb":{"@id":"https:\/\/www.formedia.pl\/sklep\/produkt\/giety-kubik-z-przezroczystej-pleksi-kubg2\/#breadcrumb"},"inLanguage":"pl-PL","potentialAction":[{"@type":"ReadAction","target":["https:\/\/www.formedia.pl\/sklep\/produkt\/giety-kubik-z-przezroczystej-pleksi-kubg2\/"]}]},{"@type":"ImageObject","inLanguage":"pl-PL","@id":"https:\/\/www.formedia.pl\/sklep\/produkt\/giety-kubik-z-przezroczystej-pleksi-kubg2\/#primaryimage","url":"https:\/\/www.formedia.pl\/sklep\/wp-content\/uploads\/2022\/01\/kubik-giety-szescian-z-pleksi.jpg","contentUrl":"https:\/\/www.formedia.pl\/sklep\/wp-content\/uploads\/2022\/01\/kubik-giety-szescian-z-pleksi.jpg","width":669,"height":669},{"@type":"BreadcrumbList","@id":"https:\/\/www.formedia.pl\/sklep\/produkt\/giety-kubik-z-przezroczystej-pleksi-kubg2\/#breadcrumb","itemListElement":[{"@type":"ListItem","position":1,"name":"Strona g\u0142\u00f3wna","item":"https:\/\/www.formedia.pl\/sklep\/"},{"@type":"ListItem","position":2,"name":"Sklep","item":"https:\/\/www.formedia.pl\/sklep\/"},{"@type":"ListItem","position":3,"name":"Gi\u0119ty kubik z przezroczystej pleksi, format 20x20x20cm, 2 sztuki KUBG2"}]},{"@type":"WebSite","@id":"https:\/\/www.formedia.pl\/sklep\/#website","url":"https:\/\/www.formedia.pl\/sklep\/","name":"Formedia","description":"Producent wyrob\u00f3w z tworzyw sztucznych","publisher":{"@id":"https:\/\/www.formedia.pl\/sklep\/#organization"},"alternateName":"Formedia","potentialAction":[{"@type":"SearchAction","target":{"@type":"EntryPoint","urlTemplate":"https:\/\/www.formedia.pl\/sklep\/?s={search_term_string}"},"query-input":{"@type":"PropertyValueSpecification","valueRequired":true,"valueName":"search_term_string"}}],"inLanguage":"pl-PL"},{"@type":"Organization","@id":"https:\/\/www.formedia.pl\/sklep\/#organization","name":"Formedia","alternateName":"Formedia","url":"https:\/\/www.formedia.pl\/sklep\/","logo":{"@type":"ImageObject","inLanguage":"pl-PL","@id":"https:\/\/www.formedia.pl\/sklep\/#\/schema\/logo\/image\/","url":"https:\/\/www.formedia.pl\/sklep\/wp-content\/uploads\/2025\/03\/1x1cropped-logo-WWW-ForMedia-bialy.png","contentUrl":"https:\/\/www.formedia.pl\/sklep\/wp-content\/uploads\/2025\/03\/1x1cropped-logo-WWW-ForMedia-bialy.png","width":412,"height":412,"caption":"Formedia"},"image":{"@id":"https:\/\/www.formedia.pl\/sklep\/#\/schema\/logo\/image\/"},"sameAs":["https:\/\/www.facebook.com\/formedia.bydgoszcz\/","https:\/\/www.youtube.com\/@formedia4306"]}]}},"_links":{"self":[{"href":"https:\/\/www.formedia.pl\/sklep\/wp-json\/wp\/v2\/product\/20029","targetHints":{"allow":["GET"]}}],"collection":[{"href":"https:\/\/www.formedia.pl\/sklep\/wp-json\/wp\/v2\/product"}],"about":[{"href":"https:\/\/www.formedia.pl\/sklep\/wp-json\/wp\/v2\/types\/product"}],"wp:featuredmedia":[{"embeddable":true,"href":"https:\/\/www.formedia.pl\/sklep\/wp-json\/wp\/v2\/media\/20057"}],"wp:attachment":[{"href":"https:\/\/www.formedia.pl\/sklep\/wp-json\/wp\/v2\/media?parent=20029"}],"wp:term":[{"taxonomy":"product_brand","embeddable":true,"href":"https:\/\/www.formedia.pl\/sklep\/wp-json\/wp\/v2\/product_brand?post=20029"},{"taxonomy":"product_cat","embeddable":true,"href":"https:\/\/www.formedia.pl\/sklep\/wp-json\/wp\/v2\/product_cat?post=20029"},{"taxonomy":"product_tag","embeddable":true,"href":"https:\/\/www.formedia.pl\/sklep\/wp-json\/wp\/v2\/product_tag?post=20029"},{"taxonomy":"woo-feed-brand","embeddable":true,"href":"https:\/\/www.formedia.pl\/sklep\/wp-json\/wp\/v2\/woo-feed-brand?post=20029"}],"curies":[{"name":"wp","href":"https:\/\/api.w.org\/{rel}","templated":true}]}}