{"id":20030,"date":"2022-01-28T15:01:35","date_gmt":"2022-01-28T14:01:35","guid":{"rendered":"https:\/\/www.formedia.pl\/sklep\/?post_type=product&#038;p=20030"},"modified":"2026-04-01T08:26:29","modified_gmt":"2026-04-01T06:26:29","slug":"skrzynka-pojemnik-z-gietej-pleksi-kubg3","status":"publish","type":"product","link":"https:\/\/www.formedia.pl\/sklep\/produkt\/skrzynka-pojemnik-z-gietej-pleksi-kubg3\/","title":{"rendered":"Skrzynka, pojemnik z gi\u0119tej pleksi, format 30x30x30cm, 1 sztuka KUBG3"},"content":{"rendered":"<h2 align=\"LEFT\"><span style=\"color: #ff6600;\">Kubik z gi\u0119tej pleksi bez podstawy<\/span><\/h2>\n<p align=\"JUSTIFY\">Szukasz eleganckie, mocne i praktyczne pude\u0142ka z akrylu? Dobrze trafi\u0142e\u015b! Oferujemy kubiki z gi\u0119tej pleksi od producenta. S\u0105 to organizery na blat, p\u00f3\u0142k\u0119 sklepow\u0105, czy szafk\u0119 w biurze. Postaw kubik w kuchni firmowej i u\u0142\u00f3\u017c w nim drobne przedmioty. Dzi\u0119ki temu zyskasz harmoni\u0119 otoczenia. Wystawiony w strefie kasy w Twoim sklepie, skutecznie zach\u0119ci klient\u00f3w do zakupu dobrze posegregowanego asortymentu. Szybko i skutecznie wyeksponujesz drobne przedmioty jak cukierki, batoniki na wag\u0119, artyku\u0142y szkolne, artyku\u0142y drogeryjne, niewielkie elementy odzie\u017cy jak skarpety, rajstopy ect. Kubik z pleksi gi\u0119tej jest to doskona\u0142e rozwi\u0105zanie do przechowywania niewielkich przedmiot\u00f3w, kt\u00f3re chcesz mie\u0107 pod r\u0119k\u0105 dla siebie i swoich klient\u00f3w.<\/p>\n<p>Jeste\u015bmy producentem produkt\u00f3w z pleksi.\u00a0 Wykonujemy tak\u017ce, na indywidualn\u0105 wycen\u0119 kubiki i pude\u0142ka z plexi gi\u0119tej w indywidualnych rozmiarach i tworzywach dobranych do Twoich potrzeb. Dysponujemy m. in. pleksi bezbarwn\u0105, mleczno-bia\u0142\u0105 i czarn\u0105 o r\u00f3\u017cnych grubo\u015bciach. W celu zam\u00f3wienia niestandardowego <strong>nale\u017cy z\u0142o\u017cy\u0107 zapytanie<\/strong> na adres: <strong>sklep@formedia.pl<\/strong> lub skontaktowa\u0107 si\u0119 z naszym <strong>biurem obs\u0142ugi klienta: <a href=\"tel:+48661036036\"><span style=\"color: #ff6600;\">tel. 661 036 036<\/span><\/a><span style=\"color: #ff6600;\">.<\/span><\/strong><\/p>\n<p align=\"JUSTIFY\"><strong>UWAGA!<\/strong><\/p>\n<ul>\n<li>Na fotografii jest przyk\u0142adowa prezentacja produktu.<\/li>\n<li>Inne wzory, kszta\u0142ty, kolory tworzywa mo\u017cemy wykona\u0107 dla Pa\u0144stwa na zam\u00f3wienie mailowe. Przed z\u0142o\u017ceniem zam\u00f3wienia indywidualnego prosimy o kontakt z naszym biurem obs\u0142ugi klienta w celu ustalenia szczeg\u00f3\u0142\u00f3w:\u00a0<strong><a href=\"tel:+48661036036\">tel. 661 036 036<\/a><\/strong><\/li>\n<li>Oferujemy r\u00f3wnie\u017c znakowanie metod\u0105 grawerowania oraz nadruku utwardzanego \u015bwiat\u0142em UV.<\/li>\n<li>Druk UV wykonujemy m.in. na: plexi, szkle, dibondzie, drewnie, kartonie, metalu, PCV.<\/li>\n<li>Wyroby z plexi zabezpieczone s\u0105 foli\u0105 ochronn\u0105. Przed u\u017cyciem nale\u017cy j\u0105 \u015bci\u0105gn\u0105\u0107.<\/li>\n<li>Sprawd\u017a\u00a0paczk\u0119\u00a0przy kurierze i oce\u0144\u00a0czy zawarto\u015b\u0107\u00a0nie jest uszkodzona! Protok\u00f3\u0142\u00a0szkody jest jedyn\u0105\u00a0podstaw\u0105\u00a0do reklamacji.<\/li>\n<\/ul>\n","protected":false},"excerpt":{"rendered":"<ul>\n<li><span style=\"color: #ff6600;\"><strong>Materia\u0142 :<\/strong><\/span> plexi bezbarwna<\/li>\n<li><strong><span style=\"color: #ff6600;\">Grubo\u015b\u0107:<\/span> <\/strong>5 mm<\/li>\n<li><strong><span style=\"color: #ff6600;\">Wielko\u015b\u0107:<\/span> <\/strong>300 x 300 x 300 mm<\/li>\n<li><span style=\"color: #ff6600;\"><strong>Uszlachetnienie (za dodatkow\u0105 op\u0142at\u0105):<\/strong><\/span> druk utwardzany \u015bwiat\u0142em UV lub grawer<\/li>\n<li><strong><span style=\"color: #ff6600;\">Kod produktu:<\/span><\/strong> KUBG3<\/li>\n<\/ul>\n","protected":false},"featured_media":20062,"template":"","meta":[],"product_brand":[],"product_cat":[151],"product_tag":[],"woo-feed-brand":[],"class_list":{"0":"post-20030","1":"product","2":"type-product","3":"status-publish","4":"has-post-thumbnail","6":"product_cat-kubiki","8":"first","9":"instock","10":"taxable","11":"shipping-taxable","12":"purchasable","13":"product-type-simple"},"yoast_head":"<!-- This site is optimized with the Yoast SEO plugin v27.5 - https:\/\/yoast.com\/product\/yoast-seo-wordpress\/ -->\n<title>Skrzynka, pojemnik z gi\u0119tej pleksi, format 30x30x30cm, 1 sztuka KUBG3 - Formedia<\/title>\n<meta name=\"description\" content=\"Producent wyrob\u00f3w z plexi. Sprawd\u017a Skrzynka, pojemnik z gi\u0119tej pleksi, format 30x30x30cm, 1 sztuka KUBG3. Indywidualne podej\u015bcie, w\u0142asne studio projektowe. Zapraszamy!\" \/>\n<meta name=\"robots\" content=\"index, follow, max-snippet:-1, max-image-preview:large, max-video-preview:-1\" \/>\n<link rel=\"canonical\" href=\"https:\/\/www.formedia.pl\/sklep\/produkt\/skrzynka-pojemnik-z-gietej-pleksi-kubg3\/\" \/>\n<meta property=\"og:locale\" content=\"pl_PL\" \/>\n<meta property=\"og:type\" content=\"article\" \/>\n<meta property=\"og:title\" content=\"Skrzynka, pojemnik z gi\u0119tej pleksi, format 30x30x30cm, 1 sztuka KUBG3 - Formedia\" \/>\n<meta property=\"og:description\" content=\"Producent wyrob\u00f3w z plexi. Sprawd\u017a Skrzynka, pojemnik z gi\u0119tej pleksi, format 30x30x30cm, 1 sztuka KUBG3. Indywidualne podej\u015bcie, w\u0142asne studio projektowe. Zapraszamy!\" \/>\n<meta property=\"og:url\" content=\"https:\/\/www.formedia.pl\/sklep\/produkt\/skrzynka-pojemnik-z-gietej-pleksi-kubg3\/\" \/>\n<meta property=\"og:site_name\" content=\"Formedia\" \/>\n<meta property=\"article:publisher\" content=\"https:\/\/www.facebook.com\/formedia.bydgoszcz\/\" \/>\n<meta property=\"article:modified_time\" content=\"2026-04-01T06:26:29+00:00\" \/>\n<meta property=\"og:image\" content=\"https:\/\/www.formedia.pl\/sklep\/wp-content\/uploads\/2022\/01\/kubik-giety-szescian-z-pleksi-duzy-producent.jpg\" \/>\n\t<meta property=\"og:image:width\" content=\"669\" \/>\n\t<meta property=\"og:image:height\" content=\"669\" \/>\n\t<meta property=\"og:image:type\" content=\"image\/jpeg\" \/>\n<meta name=\"twitter:card\" content=\"summary_large_image\" \/>\n<meta name=\"twitter:label1\" content=\"Szacowany czas czytania\" \/>\n\t<meta name=\"twitter:data1\" content=\"2 minuty\" \/>\n<script type=\"application\/ld+json\" class=\"yoast-schema-graph\">{\"@context\":\"https:\\\/\\\/schema.org\",\"@graph\":[{\"@type\":\"WebPage\",\"@id\":\"https:\\\/\\\/www.formedia.pl\\\/sklep\\\/produkt\\\/skrzynka-pojemnik-z-gietej-pleksi-kubg3\\\/\",\"url\":\"https:\\\/\\\/www.formedia.pl\\\/sklep\\\/produkt\\\/skrzynka-pojemnik-z-gietej-pleksi-kubg3\\\/\",\"name\":\"Skrzynka, pojemnik z gi\u0119tej pleksi, format 30x30x30cm, 1 sztuka KUBG3 - Formedia\",\"isPartOf\":{\"@id\":\"https:\\\/\\\/www.formedia.pl\\\/sklep\\\/#website\"},\"primaryImageOfPage\":{\"@id\":\"https:\\\/\\\/www.formedia.pl\\\/sklep\\\/produkt\\\/skrzynka-pojemnik-z-gietej-pleksi-kubg3\\\/#primaryimage\"},\"image\":{\"@id\":\"https:\\\/\\\/www.formedia.pl\\\/sklep\\\/produkt\\\/skrzynka-pojemnik-z-gietej-pleksi-kubg3\\\/#primaryimage\"},\"thumbnailUrl\":\"https:\\\/\\\/www.formedia.pl\\\/sklep\\\/wp-content\\\/uploads\\\/2022\\\/01\\\/kubik-giety-szescian-z-pleksi-duzy-producent.jpg\",\"datePublished\":\"2022-01-28T14:01:35+00:00\",\"dateModified\":\"2026-04-01T06:26:29+00:00\",\"description\":\"Producent wyrob\u00f3w z plexi. Sprawd\u017a Skrzynka, pojemnik z gi\u0119tej pleksi, format 30x30x30cm, 1 sztuka KUBG3. Indywidualne podej\u015bcie, w\u0142asne studio projektowe. Zapraszamy!\",\"breadcrumb\":{\"@id\":\"https:\\\/\\\/www.formedia.pl\\\/sklep\\\/produkt\\\/skrzynka-pojemnik-z-gietej-pleksi-kubg3\\\/#breadcrumb\"},\"inLanguage\":\"pl-PL\",\"potentialAction\":[{\"@type\":\"ReadAction\",\"target\":[\"https:\\\/\\\/www.formedia.pl\\\/sklep\\\/produkt\\\/skrzynka-pojemnik-z-gietej-pleksi-kubg3\\\/\"]}]},{\"@type\":\"ImageObject\",\"inLanguage\":\"pl-PL\",\"@id\":\"https:\\\/\\\/www.formedia.pl\\\/sklep\\\/produkt\\\/skrzynka-pojemnik-z-gietej-pleksi-kubg3\\\/#primaryimage\",\"url\":\"https:\\\/\\\/www.formedia.pl\\\/sklep\\\/wp-content\\\/uploads\\\/2022\\\/01\\\/kubik-giety-szescian-z-pleksi-duzy-producent.jpg\",\"contentUrl\":\"https:\\\/\\\/www.formedia.pl\\\/sklep\\\/wp-content\\\/uploads\\\/2022\\\/01\\\/kubik-giety-szescian-z-pleksi-duzy-producent.jpg\",\"width\":669,\"height\":669},{\"@type\":\"BreadcrumbList\",\"@id\":\"https:\\\/\\\/www.formedia.pl\\\/sklep\\\/produkt\\\/skrzynka-pojemnik-z-gietej-pleksi-kubg3\\\/#breadcrumb\",\"itemListElement\":[{\"@type\":\"ListItem\",\"position\":1,\"name\":\"Strona g\u0142\u00f3wna\",\"item\":\"https:\\\/\\\/www.formedia.pl\\\/sklep\\\/\"},{\"@type\":\"ListItem\",\"position\":2,\"name\":\"Sklep\",\"item\":\"https:\\\/\\\/www.formedia.pl\\\/sklep\\\/\"},{\"@type\":\"ListItem\",\"position\":3,\"name\":\"Skrzynka, pojemnik z gi\u0119tej pleksi, format 30x30x30cm, 1 sztuka KUBG3\"}]},{\"@type\":\"WebSite\",\"@id\":\"https:\\\/\\\/www.formedia.pl\\\/sklep\\\/#website\",\"url\":\"https:\\\/\\\/www.formedia.pl\\\/sklep\\\/\",\"name\":\"Formedia\",\"description\":\"Producent wyrob\u00f3w z tworzyw sztucznych\",\"publisher\":{\"@id\":\"https:\\\/\\\/www.formedia.pl\\\/sklep\\\/#organization\"},\"alternateName\":\"Formedia\",\"potentialAction\":[{\"@type\":\"SearchAction\",\"target\":{\"@type\":\"EntryPoint\",\"urlTemplate\":\"https:\\\/\\\/www.formedia.pl\\\/sklep\\\/?s={search_term_string}\"},\"query-input\":{\"@type\":\"PropertyValueSpecification\",\"valueRequired\":true,\"valueName\":\"search_term_string\"}}],\"inLanguage\":\"pl-PL\"},{\"@type\":\"Organization\",\"@id\":\"https:\\\/\\\/www.formedia.pl\\\/sklep\\\/#organization\",\"name\":\"Formedia\",\"alternateName\":\"Formedia\",\"url\":\"https:\\\/\\\/www.formedia.pl\\\/sklep\\\/\",\"logo\":{\"@type\":\"ImageObject\",\"inLanguage\":\"pl-PL\",\"@id\":\"https:\\\/\\\/www.formedia.pl\\\/sklep\\\/#\\\/schema\\\/logo\\\/image\\\/\",\"url\":\"https:\\\/\\\/www.formedia.pl\\\/sklep\\\/wp-content\\\/uploads\\\/2025\\\/03\\\/1x1cropped-logo-WWW-ForMedia-bialy.png\",\"contentUrl\":\"https:\\\/\\\/www.formedia.pl\\\/sklep\\\/wp-content\\\/uploads\\\/2025\\\/03\\\/1x1cropped-logo-WWW-ForMedia-bialy.png\",\"width\":412,\"height\":412,\"caption\":\"Formedia\"},\"image\":{\"@id\":\"https:\\\/\\\/www.formedia.pl\\\/sklep\\\/#\\\/schema\\\/logo\\\/image\\\/\"},\"sameAs\":[\"https:\\\/\\\/www.facebook.com\\\/formedia.bydgoszcz\\\/\",\"https:\\\/\\\/www.youtube.com\\\/@formedia4306\"]}]}<\/script>\n<!-- \/ Yoast SEO plugin. -->","yoast_head_json":{"title":"Skrzynka, pojemnik z gi\u0119tej pleksi, format 30x30x30cm, 1 sztuka KUBG3 - Formedia","description":"Producent wyrob\u00f3w z plexi. Sprawd\u017a Skrzynka, pojemnik z gi\u0119tej pleksi, format 30x30x30cm, 1 sztuka KUBG3. Indywidualne podej\u015bcie, w\u0142asne studio projektowe. Zapraszamy!","robots":{"index":"index","follow":"follow","max-snippet":"max-snippet:-1","max-image-preview":"max-image-preview:large","max-video-preview":"max-video-preview:-1"},"canonical":"https:\/\/www.formedia.pl\/sklep\/produkt\/skrzynka-pojemnik-z-gietej-pleksi-kubg3\/","og_locale":"pl_PL","og_type":"article","og_title":"Skrzynka, pojemnik z gi\u0119tej pleksi, format 30x30x30cm, 1 sztuka KUBG3 - Formedia","og_description":"Producent wyrob\u00f3w z plexi. Sprawd\u017a Skrzynka, pojemnik z gi\u0119tej pleksi, format 30x30x30cm, 1 sztuka KUBG3. Indywidualne podej\u015bcie, w\u0142asne studio projektowe. Zapraszamy!","og_url":"https:\/\/www.formedia.pl\/sklep\/produkt\/skrzynka-pojemnik-z-gietej-pleksi-kubg3\/","og_site_name":"Formedia","article_publisher":"https:\/\/www.facebook.com\/formedia.bydgoszcz\/","article_modified_time":"2026-04-01T06:26:29+00:00","og_image":[{"width":669,"height":669,"url":"https:\/\/www.formedia.pl\/sklep\/wp-content\/uploads\/2022\/01\/kubik-giety-szescian-z-pleksi-duzy-producent.jpg","type":"image\/jpeg"}],"twitter_card":"summary_large_image","twitter_misc":{"Szacowany czas czytania":"2 minuty"},"schema":{"@context":"https:\/\/schema.org","@graph":[{"@type":"WebPage","@id":"https:\/\/www.formedia.pl\/sklep\/produkt\/skrzynka-pojemnik-z-gietej-pleksi-kubg3\/","url":"https:\/\/www.formedia.pl\/sklep\/produkt\/skrzynka-pojemnik-z-gietej-pleksi-kubg3\/","name":"Skrzynka, pojemnik z gi\u0119tej pleksi, format 30x30x30cm, 1 sztuka KUBG3 - Formedia","isPartOf":{"@id":"https:\/\/www.formedia.pl\/sklep\/#website"},"primaryImageOfPage":{"@id":"https:\/\/www.formedia.pl\/sklep\/produkt\/skrzynka-pojemnik-z-gietej-pleksi-kubg3\/#primaryimage"},"image":{"@id":"https:\/\/www.formedia.pl\/sklep\/produkt\/skrzynka-pojemnik-z-gietej-pleksi-kubg3\/#primaryimage"},"thumbnailUrl":"https:\/\/www.formedia.pl\/sklep\/wp-content\/uploads\/2022\/01\/kubik-giety-szescian-z-pleksi-duzy-producent.jpg","datePublished":"2022-01-28T14:01:35+00:00","dateModified":"2026-04-01T06:26:29+00:00","description":"Producent wyrob\u00f3w z plexi. Sprawd\u017a Skrzynka, pojemnik z gi\u0119tej pleksi, format 30x30x30cm, 1 sztuka KUBG3. Indywidualne podej\u015bcie, w\u0142asne studio projektowe. Zapraszamy!","breadcrumb":{"@id":"https:\/\/www.formedia.pl\/sklep\/produkt\/skrzynka-pojemnik-z-gietej-pleksi-kubg3\/#breadcrumb"},"inLanguage":"pl-PL","potentialAction":[{"@type":"ReadAction","target":["https:\/\/www.formedia.pl\/sklep\/produkt\/skrzynka-pojemnik-z-gietej-pleksi-kubg3\/"]}]},{"@type":"ImageObject","inLanguage":"pl-PL","@id":"https:\/\/www.formedia.pl\/sklep\/produkt\/skrzynka-pojemnik-z-gietej-pleksi-kubg3\/#primaryimage","url":"https:\/\/www.formedia.pl\/sklep\/wp-content\/uploads\/2022\/01\/kubik-giety-szescian-z-pleksi-duzy-producent.jpg","contentUrl":"https:\/\/www.formedia.pl\/sklep\/wp-content\/uploads\/2022\/01\/kubik-giety-szescian-z-pleksi-duzy-producent.jpg","width":669,"height":669},{"@type":"BreadcrumbList","@id":"https:\/\/www.formedia.pl\/sklep\/produkt\/skrzynka-pojemnik-z-gietej-pleksi-kubg3\/#breadcrumb","itemListElement":[{"@type":"ListItem","position":1,"name":"Strona g\u0142\u00f3wna","item":"https:\/\/www.formedia.pl\/sklep\/"},{"@type":"ListItem","position":2,"name":"Sklep","item":"https:\/\/www.formedia.pl\/sklep\/"},{"@type":"ListItem","position":3,"name":"Skrzynka, pojemnik z gi\u0119tej pleksi, format 30x30x30cm, 1 sztuka KUBG3"}]},{"@type":"WebSite","@id":"https:\/\/www.formedia.pl\/sklep\/#website","url":"https:\/\/www.formedia.pl\/sklep\/","name":"Formedia","description":"Producent wyrob\u00f3w z tworzyw sztucznych","publisher":{"@id":"https:\/\/www.formedia.pl\/sklep\/#organization"},"alternateName":"Formedia","potentialAction":[{"@type":"SearchAction","target":{"@type":"EntryPoint","urlTemplate":"https:\/\/www.formedia.pl\/sklep\/?s={search_term_string}"},"query-input":{"@type":"PropertyValueSpecification","valueRequired":true,"valueName":"search_term_string"}}],"inLanguage":"pl-PL"},{"@type":"Organization","@id":"https:\/\/www.formedia.pl\/sklep\/#organization","name":"Formedia","alternateName":"Formedia","url":"https:\/\/www.formedia.pl\/sklep\/","logo":{"@type":"ImageObject","inLanguage":"pl-PL","@id":"https:\/\/www.formedia.pl\/sklep\/#\/schema\/logo\/image\/","url":"https:\/\/www.formedia.pl\/sklep\/wp-content\/uploads\/2025\/03\/1x1cropped-logo-WWW-ForMedia-bialy.png","contentUrl":"https:\/\/www.formedia.pl\/sklep\/wp-content\/uploads\/2025\/03\/1x1cropped-logo-WWW-ForMedia-bialy.png","width":412,"height":412,"caption":"Formedia"},"image":{"@id":"https:\/\/www.formedia.pl\/sklep\/#\/schema\/logo\/image\/"},"sameAs":["https:\/\/www.facebook.com\/formedia.bydgoszcz\/","https:\/\/www.youtube.com\/@formedia4306"]}]}},"_links":{"self":[{"href":"https:\/\/www.formedia.pl\/sklep\/wp-json\/wp\/v2\/product\/20030","targetHints":{"allow":["GET"]}}],"collection":[{"href":"https:\/\/www.formedia.pl\/sklep\/wp-json\/wp\/v2\/product"}],"about":[{"href":"https:\/\/www.formedia.pl\/sklep\/wp-json\/wp\/v2\/types\/product"}],"wp:featuredmedia":[{"embeddable":true,"href":"https:\/\/www.formedia.pl\/sklep\/wp-json\/wp\/v2\/media\/20062"}],"wp:attachment":[{"href":"https:\/\/www.formedia.pl\/sklep\/wp-json\/wp\/v2\/media?parent=20030"}],"wp:term":[{"taxonomy":"product_brand","embeddable":true,"href":"https:\/\/www.formedia.pl\/sklep\/wp-json\/wp\/v2\/product_brand?post=20030"},{"taxonomy":"product_cat","embeddable":true,"href":"https:\/\/www.formedia.pl\/sklep\/wp-json\/wp\/v2\/product_cat?post=20030"},{"taxonomy":"product_tag","embeddable":true,"href":"https:\/\/www.formedia.pl\/sklep\/wp-json\/wp\/v2\/product_tag?post=20030"},{"taxonomy":"woo-feed-brand","embeddable":true,"href":"https:\/\/www.formedia.pl\/sklep\/wp-json\/wp\/v2\/woo-feed-brand?post=20030"}],"curies":[{"name":"wp","href":"https:\/\/api.w.org\/{rel}","templated":true}]}}