{"id":21075,"date":"2022-11-03T15:17:00","date_gmt":"2022-11-03T14:17:00","guid":{"rendered":"https:\/\/www.formedia.pl\/sklep\/?post_type=product&#038;p=21075"},"modified":"2026-04-01T08:26:38","modified_gmt":"2026-04-01T06:26:38","slug":"postument-z-plexi-bialej-25-x-25-x-75-cm-wysoki-klosz-pst11b","status":"publish","type":"product","link":"https:\/\/www.formedia.pl\/sklep\/produkt\/postument-z-plexi-bialej-25-x-25-x-75-cm-wysoki-klosz-pst11b\/","title":{"rendered":"Postument bia\u0142y, 25 x 25 x 75 cm, wysoki klosz, PST11B"},"content":{"rendered":"<h2><span style=\"color: #ff6600;\">Postument z plexi na ozdoby, trofea, figurki<\/span><\/h2>\n<p>Poszukujesz efektownego ekspozytora? Poznaj nasz produkt!\u00a0\u00a0Mo\u017cliwo\u015b\u0107 wybrania podstawy czarnej, bia\u0142ej lub podstawy z pod\u015bwietleniem. Idealnie sprawdza si\u0119 do ekspozycji modeli, figurek i innych cennych towar\u00f3w. Znajdzie zastosowanie w muzeach, biurach czy sklepach.<\/p>\n<p align=\"JUSTIFY\"><strong><span style=\"vertical-align: inherit;\"><span style=\"vertical-align: inherit;\">UWAGA! <\/span><\/span><\/strong><\/p>\n<ul>\n<li>Na fotografii jest przyk\u0142adowa prezentacja produktu.<\/li>\n<li>Inne wzory, kszta\u0142ty, kolory tworzywa mo\u017cemy wykona\u0107 dla Pa\u0144stwa na zam\u00f3wienie mailowe. Przed z\u0142o\u017ceniem zam\u00f3wienia indywidualnego prosimy o kontakt z naszym biurem obs\u0142ugi klienta w celu ustalenia szczeg\u00f3\u0142\u00f3w: <strong><a href=\"tel:+48661036036\">tel. 661 036 036<\/a><\/strong><\/li>\n<li>Oferujemy r\u00f3wnie\u017c znakowanie metod\u0105 grawerowania oraz nadruku utwardzanego \u015bwiat\u0142em UV.<\/li>\n<li>Druk UV wykonujemy m.in. na: plexi, szkle, dibondzie, drewnie, kartonie, metalu, PCV.<\/li>\n<li>Wyroby z plexi zabezpieczone s\u0105 foli\u0105 ochronn\u0105. Przed u\u017cyciem nale\u017cy j\u0105 \u015bci\u0105gn\u0105\u0107.<\/li>\n<li>Sprawd\u017a\u00a0paczk\u0119\u00a0przy kurierze i oce\u0144\u00a0czy zawarto\u015b\u0107\u00a0nie jest uszkodzona! Protok\u00f3\u0142\u00a0szkody jest jedyn\u0105\u00a0podstaw\u0105\u00a0do reklamacji.<\/li>\n<\/ul>\n","protected":false},"excerpt":{"rendered":"<ul>\n<li>Zanim zam\u00f3wisz, skontaktuj si\u0119 w celu dobrania odpowiedniego materia\u0142u z kt\u00f3rego wykonany jest postument do ci\u0119\u017caru twojej ekspozycji.<\/li>\n<li><strong><span style=\"color: #ff6600;\"><span style=\"vertical-align: inherit;\"><span style=\"vertical-align: inherit;\">Wymiary zewn\u0119trzne (d\u0142. x szer. x wys.):<br \/>\n<\/span><\/span><\/span><\/strong><strong>Ca\u0142y postument<\/strong> 250 x 250 x 750 mm<br \/>\n<span style=\"color: #ff6600;\"><span style=\"vertical-align: inherit;\"><span style=\"vertical-align: inherit;\"><span style=\"color: #000000;\"><b>Podstawa <\/b>250 x 250 x 250 mm<br \/>\n<\/span><\/span><\/span><\/span><strong><span style=\"color: #ff6600;\"><span style=\"vertical-align: inherit;\"><span style=\"vertical-align: inherit;\"><span style=\"color: #000000;\">Klosz <\/span><\/span><\/span><\/span><\/strong><span style=\"color: #ff6600;\"><span style=\"vertical-align: inherit;\"><span style=\"vertical-align: inherit;\"><span style=\"color: #000000;\">250 x 250 x 500 mm<\/span><\/span><\/span><\/span><\/li>\n<li><span style=\"color: #ff6600;\"><strong><span style=\"vertical-align: inherit;\"><span style=\"vertical-align: inherit;\">Materia\u0142y:<br \/>\n<\/span><\/span><\/strong><\/span><strong>Podstawa<\/strong> pleksi mleczna 3 mm<br \/>\n<strong>Klosz<\/strong> pleksi prze\u017aroczysta 3 mm<\/li>\n<li><strong><span style=\"color: #ff6600;\"><span style=\"vertical-align: inherit;\"><span style=\"vertical-align: inherit;\">Kod produktu:<\/span><\/span><\/span><\/strong><span style=\"vertical-align: inherit;\"><span style=\"vertical-align: inherit;\"> PST11B<\/span><\/span><\/li>\n<\/ul>\n","protected":false},"featured_media":21095,"template":"","meta":[],"product_brand":[],"product_cat":[744],"product_tag":[],"woo-feed-brand":[],"class_list":{"0":"post-21075","1":"product","2":"type-product","3":"status-publish","4":"has-post-thumbnail","6":"product_cat-postumenty","8":"first","9":"instock","10":"taxable","11":"shipping-taxable","12":"purchasable","13":"product-type-simple"},"yoast_head":"<!-- This site is optimized with the Yoast SEO plugin v27.4 - https:\/\/yoast.com\/product\/yoast-seo-wordpress\/ -->\n<title>Postument bia\u0142y, 25 x 25 x 75 cm, wysoki klosz, PST11B - Formedia<\/title>\n<meta name=\"description\" content=\"Producent wyrob\u00f3w z plexi. Sprawd\u017a Postument bia\u0142y, 25 x 25 x 75 cm, wysoki klosz, PST11B. Indywidualne podej\u015bcie, w\u0142asne studio projektowe. Zapraszamy!\" \/>\n<meta name=\"robots\" content=\"index, follow, max-snippet:-1, max-image-preview:large, max-video-preview:-1\" \/>\n<link rel=\"canonical\" href=\"https:\/\/www.formedia.pl\/sklep\/produkt\/postument-z-plexi-bialej-25-x-25-x-75-cm-wysoki-klosz-pst11b\/\" \/>\n<meta property=\"og:locale\" content=\"pl_PL\" \/>\n<meta property=\"og:type\" content=\"article\" \/>\n<meta property=\"og:title\" content=\"Postument bia\u0142y, 25 x 25 x 75 cm, wysoki klosz, PST11B - Formedia\" \/>\n<meta property=\"og:description\" content=\"Producent wyrob\u00f3w z plexi. Sprawd\u017a Postument bia\u0142y, 25 x 25 x 75 cm, wysoki klosz, PST11B. Indywidualne podej\u015bcie, w\u0142asne studio projektowe. Zapraszamy!\" \/>\n<meta property=\"og:url\" content=\"https:\/\/www.formedia.pl\/sklep\/produkt\/postument-z-plexi-bialej-25-x-25-x-75-cm-wysoki-klosz-pst11b\/\" \/>\n<meta property=\"og:site_name\" content=\"Formedia\" \/>\n<meta property=\"article:publisher\" content=\"https:\/\/www.facebook.com\/formedia.bydgoszcz\/\" \/>\n<meta property=\"article:modified_time\" content=\"2026-04-01T06:26:38+00:00\" \/>\n<meta property=\"og:image\" content=\"https:\/\/www.formedia.pl\/sklep\/wp-content\/uploads\/2022\/11\/Postument_wysoki_klosz_bialy.jpg\" \/>\n\t<meta property=\"og:image:width\" content=\"500\" \/>\n\t<meta property=\"og:image:height\" content=\"500\" \/>\n\t<meta property=\"og:image:type\" content=\"image\/jpeg\" \/>\n<meta name=\"twitter:card\" content=\"summary_large_image\" \/>\n<meta name=\"twitter:label1\" content=\"Szacowany czas czytania\" \/>\n\t<meta name=\"twitter:data1\" content=\"1 minuta\" \/>\n<script type=\"application\/ld+json\" class=\"yoast-schema-graph\">{\"@context\":\"https:\\\/\\\/schema.org\",\"@graph\":[{\"@type\":\"WebPage\",\"@id\":\"https:\\\/\\\/www.formedia.pl\\\/sklep\\\/produkt\\\/postument-z-plexi-bialej-25-x-25-x-75-cm-wysoki-klosz-pst11b\\\/\",\"url\":\"https:\\\/\\\/www.formedia.pl\\\/sklep\\\/produkt\\\/postument-z-plexi-bialej-25-x-25-x-75-cm-wysoki-klosz-pst11b\\\/\",\"name\":\"Postument bia\u0142y, 25 x 25 x 75 cm, wysoki klosz, PST11B - Formedia\",\"isPartOf\":{\"@id\":\"https:\\\/\\\/www.formedia.pl\\\/sklep\\\/#website\"},\"primaryImageOfPage\":{\"@id\":\"https:\\\/\\\/www.formedia.pl\\\/sklep\\\/produkt\\\/postument-z-plexi-bialej-25-x-25-x-75-cm-wysoki-klosz-pst11b\\\/#primaryimage\"},\"image\":{\"@id\":\"https:\\\/\\\/www.formedia.pl\\\/sklep\\\/produkt\\\/postument-z-plexi-bialej-25-x-25-x-75-cm-wysoki-klosz-pst11b\\\/#primaryimage\"},\"thumbnailUrl\":\"https:\\\/\\\/www.formedia.pl\\\/sklep\\\/wp-content\\\/uploads\\\/2022\\\/11\\\/Postument_wysoki_klosz_bialy.jpg\",\"datePublished\":\"2022-11-03T14:17:00+00:00\",\"dateModified\":\"2026-04-01T06:26:38+00:00\",\"description\":\"Producent wyrob\u00f3w z plexi. Sprawd\u017a Postument bia\u0142y, 25 x 25 x 75 cm, wysoki klosz, PST11B. Indywidualne podej\u015bcie, w\u0142asne studio projektowe. Zapraszamy!\",\"breadcrumb\":{\"@id\":\"https:\\\/\\\/www.formedia.pl\\\/sklep\\\/produkt\\\/postument-z-plexi-bialej-25-x-25-x-75-cm-wysoki-klosz-pst11b\\\/#breadcrumb\"},\"inLanguage\":\"pl-PL\",\"potentialAction\":[{\"@type\":\"ReadAction\",\"target\":[\"https:\\\/\\\/www.formedia.pl\\\/sklep\\\/produkt\\\/postument-z-plexi-bialej-25-x-25-x-75-cm-wysoki-klosz-pst11b\\\/\"]}]},{\"@type\":\"ImageObject\",\"inLanguage\":\"pl-PL\",\"@id\":\"https:\\\/\\\/www.formedia.pl\\\/sklep\\\/produkt\\\/postument-z-plexi-bialej-25-x-25-x-75-cm-wysoki-klosz-pst11b\\\/#primaryimage\",\"url\":\"https:\\\/\\\/www.formedia.pl\\\/sklep\\\/wp-content\\\/uploads\\\/2022\\\/11\\\/Postument_wysoki_klosz_bialy.jpg\",\"contentUrl\":\"https:\\\/\\\/www.formedia.pl\\\/sklep\\\/wp-content\\\/uploads\\\/2022\\\/11\\\/Postument_wysoki_klosz_bialy.jpg\",\"width\":500,\"height\":500},{\"@type\":\"BreadcrumbList\",\"@id\":\"https:\\\/\\\/www.formedia.pl\\\/sklep\\\/produkt\\\/postument-z-plexi-bialej-25-x-25-x-75-cm-wysoki-klosz-pst11b\\\/#breadcrumb\",\"itemListElement\":[{\"@type\":\"ListItem\",\"position\":1,\"name\":\"Strona g\u0142\u00f3wna\",\"item\":\"https:\\\/\\\/www.formedia.pl\\\/sklep\\\/\"},{\"@type\":\"ListItem\",\"position\":2,\"name\":\"Sklep\",\"item\":\"https:\\\/\\\/www.formedia.pl\\\/sklep\\\/\"},{\"@type\":\"ListItem\",\"position\":3,\"name\":\"Postument bia\u0142y, 25 x 25 x 75 cm, wysoki klosz, PST11B\"}]},{\"@type\":\"WebSite\",\"@id\":\"https:\\\/\\\/www.formedia.pl\\\/sklep\\\/#website\",\"url\":\"https:\\\/\\\/www.formedia.pl\\\/sklep\\\/\",\"name\":\"Formedia\",\"description\":\"Producent wyrob\u00f3w z tworzyw sztucznych\",\"publisher\":{\"@id\":\"https:\\\/\\\/www.formedia.pl\\\/sklep\\\/#organization\"},\"alternateName\":\"Formedia\",\"potentialAction\":[{\"@type\":\"SearchAction\",\"target\":{\"@type\":\"EntryPoint\",\"urlTemplate\":\"https:\\\/\\\/www.formedia.pl\\\/sklep\\\/?s={search_term_string}\"},\"query-input\":{\"@type\":\"PropertyValueSpecification\",\"valueRequired\":true,\"valueName\":\"search_term_string\"}}],\"inLanguage\":\"pl-PL\"},{\"@type\":\"Organization\",\"@id\":\"https:\\\/\\\/www.formedia.pl\\\/sklep\\\/#organization\",\"name\":\"Formedia\",\"alternateName\":\"Formedia\",\"url\":\"https:\\\/\\\/www.formedia.pl\\\/sklep\\\/\",\"logo\":{\"@type\":\"ImageObject\",\"inLanguage\":\"pl-PL\",\"@id\":\"https:\\\/\\\/www.formedia.pl\\\/sklep\\\/#\\\/schema\\\/logo\\\/image\\\/\",\"url\":\"https:\\\/\\\/www.formedia.pl\\\/sklep\\\/wp-content\\\/uploads\\\/2025\\\/03\\\/1x1cropped-logo-WWW-ForMedia-bialy.png\",\"contentUrl\":\"https:\\\/\\\/www.formedia.pl\\\/sklep\\\/wp-content\\\/uploads\\\/2025\\\/03\\\/1x1cropped-logo-WWW-ForMedia-bialy.png\",\"width\":412,\"height\":412,\"caption\":\"Formedia\"},\"image\":{\"@id\":\"https:\\\/\\\/www.formedia.pl\\\/sklep\\\/#\\\/schema\\\/logo\\\/image\\\/\"},\"sameAs\":[\"https:\\\/\\\/www.facebook.com\\\/formedia.bydgoszcz\\\/\",\"https:\\\/\\\/www.youtube.com\\\/@formedia4306\"]}]}<\/script>\n<!-- \/ Yoast SEO plugin. -->","yoast_head_json":{"title":"Postument bia\u0142y, 25 x 25 x 75 cm, wysoki klosz, PST11B - Formedia","description":"Producent wyrob\u00f3w z plexi. Sprawd\u017a Postument bia\u0142y, 25 x 25 x 75 cm, wysoki klosz, PST11B. Indywidualne podej\u015bcie, w\u0142asne studio projektowe. Zapraszamy!","robots":{"index":"index","follow":"follow","max-snippet":"max-snippet:-1","max-image-preview":"max-image-preview:large","max-video-preview":"max-video-preview:-1"},"canonical":"https:\/\/www.formedia.pl\/sklep\/produkt\/postument-z-plexi-bialej-25-x-25-x-75-cm-wysoki-klosz-pst11b\/","og_locale":"pl_PL","og_type":"article","og_title":"Postument bia\u0142y, 25 x 25 x 75 cm, wysoki klosz, PST11B - Formedia","og_description":"Producent wyrob\u00f3w z plexi. Sprawd\u017a Postument bia\u0142y, 25 x 25 x 75 cm, wysoki klosz, PST11B. Indywidualne podej\u015bcie, w\u0142asne studio projektowe. Zapraszamy!","og_url":"https:\/\/www.formedia.pl\/sklep\/produkt\/postument-z-plexi-bialej-25-x-25-x-75-cm-wysoki-klosz-pst11b\/","og_site_name":"Formedia","article_publisher":"https:\/\/www.facebook.com\/formedia.bydgoszcz\/","article_modified_time":"2026-04-01T06:26:38+00:00","og_image":[{"width":500,"height":500,"url":"https:\/\/www.formedia.pl\/sklep\/wp-content\/uploads\/2022\/11\/Postument_wysoki_klosz_bialy.jpg","type":"image\/jpeg"}],"twitter_card":"summary_large_image","twitter_misc":{"Szacowany czas czytania":"1 minuta"},"schema":{"@context":"https:\/\/schema.org","@graph":[{"@type":"WebPage","@id":"https:\/\/www.formedia.pl\/sklep\/produkt\/postument-z-plexi-bialej-25-x-25-x-75-cm-wysoki-klosz-pst11b\/","url":"https:\/\/www.formedia.pl\/sklep\/produkt\/postument-z-plexi-bialej-25-x-25-x-75-cm-wysoki-klosz-pst11b\/","name":"Postument bia\u0142y, 25 x 25 x 75 cm, wysoki klosz, PST11B - Formedia","isPartOf":{"@id":"https:\/\/www.formedia.pl\/sklep\/#website"},"primaryImageOfPage":{"@id":"https:\/\/www.formedia.pl\/sklep\/produkt\/postument-z-plexi-bialej-25-x-25-x-75-cm-wysoki-klosz-pst11b\/#primaryimage"},"image":{"@id":"https:\/\/www.formedia.pl\/sklep\/produkt\/postument-z-plexi-bialej-25-x-25-x-75-cm-wysoki-klosz-pst11b\/#primaryimage"},"thumbnailUrl":"https:\/\/www.formedia.pl\/sklep\/wp-content\/uploads\/2022\/11\/Postument_wysoki_klosz_bialy.jpg","datePublished":"2022-11-03T14:17:00+00:00","dateModified":"2026-04-01T06:26:38+00:00","description":"Producent wyrob\u00f3w z plexi. Sprawd\u017a Postument bia\u0142y, 25 x 25 x 75 cm, wysoki klosz, PST11B. Indywidualne podej\u015bcie, w\u0142asne studio projektowe. Zapraszamy!","breadcrumb":{"@id":"https:\/\/www.formedia.pl\/sklep\/produkt\/postument-z-plexi-bialej-25-x-25-x-75-cm-wysoki-klosz-pst11b\/#breadcrumb"},"inLanguage":"pl-PL","potentialAction":[{"@type":"ReadAction","target":["https:\/\/www.formedia.pl\/sklep\/produkt\/postument-z-plexi-bialej-25-x-25-x-75-cm-wysoki-klosz-pst11b\/"]}]},{"@type":"ImageObject","inLanguage":"pl-PL","@id":"https:\/\/www.formedia.pl\/sklep\/produkt\/postument-z-plexi-bialej-25-x-25-x-75-cm-wysoki-klosz-pst11b\/#primaryimage","url":"https:\/\/www.formedia.pl\/sklep\/wp-content\/uploads\/2022\/11\/Postument_wysoki_klosz_bialy.jpg","contentUrl":"https:\/\/www.formedia.pl\/sklep\/wp-content\/uploads\/2022\/11\/Postument_wysoki_klosz_bialy.jpg","width":500,"height":500},{"@type":"BreadcrumbList","@id":"https:\/\/www.formedia.pl\/sklep\/produkt\/postument-z-plexi-bialej-25-x-25-x-75-cm-wysoki-klosz-pst11b\/#breadcrumb","itemListElement":[{"@type":"ListItem","position":1,"name":"Strona g\u0142\u00f3wna","item":"https:\/\/www.formedia.pl\/sklep\/"},{"@type":"ListItem","position":2,"name":"Sklep","item":"https:\/\/www.formedia.pl\/sklep\/"},{"@type":"ListItem","position":3,"name":"Postument bia\u0142y, 25 x 25 x 75 cm, wysoki klosz, PST11B"}]},{"@type":"WebSite","@id":"https:\/\/www.formedia.pl\/sklep\/#website","url":"https:\/\/www.formedia.pl\/sklep\/","name":"Formedia","description":"Producent wyrob\u00f3w z tworzyw sztucznych","publisher":{"@id":"https:\/\/www.formedia.pl\/sklep\/#organization"},"alternateName":"Formedia","potentialAction":[{"@type":"SearchAction","target":{"@type":"EntryPoint","urlTemplate":"https:\/\/www.formedia.pl\/sklep\/?s={search_term_string}"},"query-input":{"@type":"PropertyValueSpecification","valueRequired":true,"valueName":"search_term_string"}}],"inLanguage":"pl-PL"},{"@type":"Organization","@id":"https:\/\/www.formedia.pl\/sklep\/#organization","name":"Formedia","alternateName":"Formedia","url":"https:\/\/www.formedia.pl\/sklep\/","logo":{"@type":"ImageObject","inLanguage":"pl-PL","@id":"https:\/\/www.formedia.pl\/sklep\/#\/schema\/logo\/image\/","url":"https:\/\/www.formedia.pl\/sklep\/wp-content\/uploads\/2025\/03\/1x1cropped-logo-WWW-ForMedia-bialy.png","contentUrl":"https:\/\/www.formedia.pl\/sklep\/wp-content\/uploads\/2025\/03\/1x1cropped-logo-WWW-ForMedia-bialy.png","width":412,"height":412,"caption":"Formedia"},"image":{"@id":"https:\/\/www.formedia.pl\/sklep\/#\/schema\/logo\/image\/"},"sameAs":["https:\/\/www.facebook.com\/formedia.bydgoszcz\/","https:\/\/www.youtube.com\/@formedia4306"]}]}},"_links":{"self":[{"href":"https:\/\/www.formedia.pl\/sklep\/wp-json\/wp\/v2\/product\/21075","targetHints":{"allow":["GET"]}}],"collection":[{"href":"https:\/\/www.formedia.pl\/sklep\/wp-json\/wp\/v2\/product"}],"about":[{"href":"https:\/\/www.formedia.pl\/sklep\/wp-json\/wp\/v2\/types\/product"}],"wp:featuredmedia":[{"embeddable":true,"href":"https:\/\/www.formedia.pl\/sklep\/wp-json\/wp\/v2\/media\/21095"}],"wp:attachment":[{"href":"https:\/\/www.formedia.pl\/sklep\/wp-json\/wp\/v2\/media?parent=21075"}],"wp:term":[{"taxonomy":"product_brand","embeddable":true,"href":"https:\/\/www.formedia.pl\/sklep\/wp-json\/wp\/v2\/product_brand?post=21075"},{"taxonomy":"product_cat","embeddable":true,"href":"https:\/\/www.formedia.pl\/sklep\/wp-json\/wp\/v2\/product_cat?post=21075"},{"taxonomy":"product_tag","embeddable":true,"href":"https:\/\/www.formedia.pl\/sklep\/wp-json\/wp\/v2\/product_tag?post=21075"},{"taxonomy":"woo-feed-brand","embeddable":true,"href":"https:\/\/www.formedia.pl\/sklep\/wp-json\/wp\/v2\/woo-feed-brand?post=21075"}],"curies":[{"name":"wp","href":"https:\/\/api.w.org\/{rel}","templated":true}]}}