{"id":21320,"date":"2022-11-21T15:41:55","date_gmt":"2022-11-21T14:41:55","guid":{"rendered":"https:\/\/www.formedia.pl\/sklep\/?post_type=product&#038;p=21320"},"modified":"2026-04-01T08:26:43","modified_gmt":"2026-04-01T06:26:43","slug":"tabliczka-na-stol-plexi-biala-15x75cm-10-sztuk-sns12","status":"publish","type":"product","link":"https:\/\/www.formedia.pl\/sklep\/produkt\/tabliczka-na-stol-plexi-biala-15x75cm-10-sztuk-sns12\/","title":{"rendered":"Tabliczka na st\u00f3\u0142, plexi bia\u0142a 15&#215;7,5cm, 10 sztuk  SNS12"},"content":{"rendered":"<h2><span style=\"color: #ff6600;\">Rezerwacja na stolik tabliczka<\/span><\/h2>\n<p>Zastanawiasz si\u0119 nad prostym, ale eleganckim sposobem na zamieszczenie informacji o rezerwacji stolika? Mamy dla Ciebie rozwi\u0105zanie! Uniwersalno\u015b\u0107 tabliczek z napisem &#8222;Rezerwacja&#8221; pozwoli Ci na umieszczenie ich w niemal\u017ce w ka\u017cdym lokalu. Niewielki format 10 x 7,5 cm umie\u015bcisz na ka\u017cdym stoliku. Plakietki nadadz\u0105 si\u0119 do restauracji, poczekalni, pub\u00f3w czy tak\u017ce cukierni. Wykonane s\u0105 z solidnej plexi z nadrukiem utwardzanym za pomoc\u0105 \u015bwiat\u0142a UV. Odporne na wszelkie uszkodzenia, pos\u0142u\u017c\u0105 Ci na d\u0142ugo. Przekonaj si\u0119 sam o jako\u015bci naszych produkt\u00f3w!\u00a0 Zestaw zawiera 10 sztuk.<\/p>\n<p><b>UWAGA!<\/b><b><\/b><\/p>\n<ul>\n<li>Na fotografii jest przyk\u0142adowa prezentacja produktu.<\/li>\n<li>Inne wzory, kszta\u0142ty, kolory tworzywa mo\u017cemy wykona\u0107 dla Pa\u0144stwa na zam\u00f3wienie mailowe. Przed z\u0142o\u017ceniem zam\u00f3wienia indywidualnego prosimy o kontakt z naszym biurem obs\u0142ugi klienta w celu ustalenia szczeg\u00f3\u0142\u00f3w: <strong><a href=\"tel:+48661036036\">tel. 661 036 036<\/a><\/strong><\/li>\n<li>Oferujemy r\u00f3wnie\u017c znakowanie metod\u0105 grawerowania oraz nadruku utwardzanego \u015bwiat\u0142em UV.<\/li>\n<li>Druk UV wykonujemy m.in. na: plexi, szkle, dibondzie, drewnie, kartonie, metalu, PCV.<\/li>\n<li>Wyroby z plexi zabezpieczone s\u0105 foli\u0105 ochronn\u0105. Przed u\u017cyciem nale\u017cy j\u0105 \u015bci\u0105gn\u0105\u0107.<\/li>\n<li>Sprawd\u017a\u00a0paczk\u0119\u00a0przy kurierze i oce\u0144\u00a0czy zawarto\u015b\u0107\u00a0nie jest uszkodzona! Protok\u00f3\u0142\u00a0szkody jest jedyn\u0105\u00a0podstaw\u0105\u00a0do reklamacji.<\/li>\n<\/ul>\n","protected":false},"excerpt":{"rendered":"<ul>\n<li>Tabliczki zawieraj\u0105 s\u0142owo &#8222;rezerwacja&#8221;, drukowane po obu stronach produkt\u00f3w.<\/li>\n<li><strong><span style=\"color: #ff6600;\">Format:<\/span><\/strong> 150 x 75 mm<\/li>\n<li><span style=\"color: #ff6600;\"><strong>Materia\u0142:<\/strong><\/span> plexi bia\u0142a 3mm<\/li>\n<li><strong><span style=\"color: #ff6600;\">Kod serii produktu:<\/span><\/strong>\u00a0 SNS12<\/li>\n<\/ul>\n","protected":false},"featured_media":12981,"template":"","meta":[],"product_brand":[],"product_cat":[894,890,826],"product_tag":[760,759,758],"woo-feed-brand":[],"class_list":{"0":"post-21320","1":"product","2":"type-product","3":"status-publish","4":"has-post-thumbnail","6":"product_cat-branza-spozywcza","7":"product_cat-tabliczki-na-stol","8":"product_cat-wyposazenie-dla-horeca","9":"product_tag-stojaczek-na-stol-z-pleksi","10":"product_tag-stojak-rezerwacja","11":"product_tag-stojaki-na-stolik","13":"first","14":"instock","15":"taxable","16":"shipping-taxable","17":"purchasable","18":"product-type-simple"},"yoast_head":"<!-- This site is optimized with the Yoast SEO plugin v27.5 - https:\/\/yoast.com\/product\/yoast-seo-wordpress\/ -->\n<title>Tabliczka na st\u00f3\u0142, plexi bia\u0142a 15x7,5cm, 10 sztuk SNS12 - Formedia<\/title>\n<meta name=\"description\" content=\"Producent wyrob\u00f3w z plexi. Sprawd\u017a Tabliczka na st\u00f3\u0142, plexi bia\u0142a 15x7,5cm, 10 sztuk SNS12. Indywidualne podej\u015bcie, w\u0142asne studio projektowe. Zapraszamy!\" \/>\n<meta name=\"robots\" content=\"index, follow, max-snippet:-1, max-image-preview:large, max-video-preview:-1\" \/>\n<link rel=\"canonical\" href=\"https:\/\/www.formedia.pl\/sklep\/produkt\/tabliczka-na-stol-plexi-biala-15x75cm-10-sztuk-sns12\/\" \/>\n<meta property=\"og:locale\" content=\"pl_PL\" \/>\n<meta property=\"og:type\" content=\"article\" \/>\n<meta property=\"og:title\" content=\"Tabliczka na st\u00f3\u0142, plexi bia\u0142a 15x7,5cm, 10 sztuk SNS12 - Formedia\" \/>\n<meta property=\"og:description\" content=\"Producent wyrob\u00f3w z plexi. Sprawd\u017a Tabliczka na st\u00f3\u0142, plexi bia\u0142a 15x7,5cm, 10 sztuk SNS12. Indywidualne podej\u015bcie, w\u0142asne studio projektowe. Zapraszamy!\" \/>\n<meta property=\"og:url\" content=\"https:\/\/www.formedia.pl\/sklep\/produkt\/tabliczka-na-stol-plexi-biala-15x75cm-10-sztuk-sns12\/\" \/>\n<meta property=\"og:site_name\" content=\"Formedia\" \/>\n<meta property=\"article:publisher\" content=\"https:\/\/www.facebook.com\/formedia.bydgoszcz\/\" \/>\n<meta property=\"article:modified_time\" content=\"2026-04-01T06:26:43+00:00\" \/>\n<meta property=\"og:image\" content=\"https:\/\/www.formedia.pl\/sklep\/wp-content\/uploads\/2021\/01\/tabliczka-1-biala-druk-UV-rezerwacja.jpg\" \/>\n\t<meta property=\"og:image:width\" content=\"248\" \/>\n\t<meta property=\"og:image:height\" content=\"248\" \/>\n\t<meta property=\"og:image:type\" content=\"image\/jpeg\" \/>\n<meta name=\"twitter:card\" content=\"summary_large_image\" \/>\n<meta name=\"twitter:label1\" content=\"Szacowany czas czytania\" \/>\n\t<meta name=\"twitter:data1\" content=\"1 minuta\" \/>\n<script type=\"application\/ld+json\" class=\"yoast-schema-graph\">{\"@context\":\"https:\\\/\\\/schema.org\",\"@graph\":[{\"@type\":\"WebPage\",\"@id\":\"https:\\\/\\\/www.formedia.pl\\\/sklep\\\/produkt\\\/tabliczka-na-stol-plexi-biala-15x75cm-10-sztuk-sns12\\\/\",\"url\":\"https:\\\/\\\/www.formedia.pl\\\/sklep\\\/produkt\\\/tabliczka-na-stol-plexi-biala-15x75cm-10-sztuk-sns12\\\/\",\"name\":\"Tabliczka na st\u00f3\u0142, plexi bia\u0142a 15x7,5cm, 10 sztuk SNS12 - Formedia\",\"isPartOf\":{\"@id\":\"https:\\\/\\\/www.formedia.pl\\\/sklep\\\/#website\"},\"primaryImageOfPage\":{\"@id\":\"https:\\\/\\\/www.formedia.pl\\\/sklep\\\/produkt\\\/tabliczka-na-stol-plexi-biala-15x75cm-10-sztuk-sns12\\\/#primaryimage\"},\"image\":{\"@id\":\"https:\\\/\\\/www.formedia.pl\\\/sklep\\\/produkt\\\/tabliczka-na-stol-plexi-biala-15x75cm-10-sztuk-sns12\\\/#primaryimage\"},\"thumbnailUrl\":\"https:\\\/\\\/www.formedia.pl\\\/sklep\\\/wp-content\\\/uploads\\\/2021\\\/01\\\/tabliczka-1-biala-druk-UV-rezerwacja.jpg\",\"datePublished\":\"2022-11-21T14:41:55+00:00\",\"dateModified\":\"2026-04-01T06:26:43+00:00\",\"description\":\"Producent wyrob\u00f3w z plexi. Sprawd\u017a Tabliczka na st\u00f3\u0142, plexi bia\u0142a 15x7,5cm, 10 sztuk SNS12. Indywidualne podej\u015bcie, w\u0142asne studio projektowe. Zapraszamy!\",\"breadcrumb\":{\"@id\":\"https:\\\/\\\/www.formedia.pl\\\/sklep\\\/produkt\\\/tabliczka-na-stol-plexi-biala-15x75cm-10-sztuk-sns12\\\/#breadcrumb\"},\"inLanguage\":\"pl-PL\",\"potentialAction\":[{\"@type\":\"ReadAction\",\"target\":[\"https:\\\/\\\/www.formedia.pl\\\/sklep\\\/produkt\\\/tabliczka-na-stol-plexi-biala-15x75cm-10-sztuk-sns12\\\/\"]}]},{\"@type\":\"ImageObject\",\"inLanguage\":\"pl-PL\",\"@id\":\"https:\\\/\\\/www.formedia.pl\\\/sklep\\\/produkt\\\/tabliczka-na-stol-plexi-biala-15x75cm-10-sztuk-sns12\\\/#primaryimage\",\"url\":\"https:\\\/\\\/www.formedia.pl\\\/sklep\\\/wp-content\\\/uploads\\\/2021\\\/01\\\/tabliczka-1-biala-druk-UV-rezerwacja.jpg\",\"contentUrl\":\"https:\\\/\\\/www.formedia.pl\\\/sklep\\\/wp-content\\\/uploads\\\/2021\\\/01\\\/tabliczka-1-biala-druk-UV-rezerwacja.jpg\",\"width\":248,\"height\":248,\"caption\":\"biala tabliczka informacyjna na stol rezerwacja\"},{\"@type\":\"BreadcrumbList\",\"@id\":\"https:\\\/\\\/www.formedia.pl\\\/sklep\\\/produkt\\\/tabliczka-na-stol-plexi-biala-15x75cm-10-sztuk-sns12\\\/#breadcrumb\",\"itemListElement\":[{\"@type\":\"ListItem\",\"position\":1,\"name\":\"Strona g\u0142\u00f3wna\",\"item\":\"https:\\\/\\\/www.formedia.pl\\\/sklep\\\/\"},{\"@type\":\"ListItem\",\"position\":2,\"name\":\"Sklep\",\"item\":\"https:\\\/\\\/www.formedia.pl\\\/sklep\\\/\"},{\"@type\":\"ListItem\",\"position\":3,\"name\":\"Tabliczka na st\u00f3\u0142, plexi bia\u0142a 15&#215;7,5cm, 10 sztuk SNS12\"}]},{\"@type\":\"WebSite\",\"@id\":\"https:\\\/\\\/www.formedia.pl\\\/sklep\\\/#website\",\"url\":\"https:\\\/\\\/www.formedia.pl\\\/sklep\\\/\",\"name\":\"Formedia\",\"description\":\"Producent wyrob\u00f3w z tworzyw sztucznych\",\"publisher\":{\"@id\":\"https:\\\/\\\/www.formedia.pl\\\/sklep\\\/#organization\"},\"alternateName\":\"Formedia\",\"potentialAction\":[{\"@type\":\"SearchAction\",\"target\":{\"@type\":\"EntryPoint\",\"urlTemplate\":\"https:\\\/\\\/www.formedia.pl\\\/sklep\\\/?s={search_term_string}\"},\"query-input\":{\"@type\":\"PropertyValueSpecification\",\"valueRequired\":true,\"valueName\":\"search_term_string\"}}],\"inLanguage\":\"pl-PL\"},{\"@type\":\"Organization\",\"@id\":\"https:\\\/\\\/www.formedia.pl\\\/sklep\\\/#organization\",\"name\":\"Formedia\",\"alternateName\":\"Formedia\",\"url\":\"https:\\\/\\\/www.formedia.pl\\\/sklep\\\/\",\"logo\":{\"@type\":\"ImageObject\",\"inLanguage\":\"pl-PL\",\"@id\":\"https:\\\/\\\/www.formedia.pl\\\/sklep\\\/#\\\/schema\\\/logo\\\/image\\\/\",\"url\":\"https:\\\/\\\/www.formedia.pl\\\/sklep\\\/wp-content\\\/uploads\\\/2025\\\/03\\\/1x1cropped-logo-WWW-ForMedia-bialy.png\",\"contentUrl\":\"https:\\\/\\\/www.formedia.pl\\\/sklep\\\/wp-content\\\/uploads\\\/2025\\\/03\\\/1x1cropped-logo-WWW-ForMedia-bialy.png\",\"width\":412,\"height\":412,\"caption\":\"Formedia\"},\"image\":{\"@id\":\"https:\\\/\\\/www.formedia.pl\\\/sklep\\\/#\\\/schema\\\/logo\\\/image\\\/\"},\"sameAs\":[\"https:\\\/\\\/www.facebook.com\\\/formedia.bydgoszcz\\\/\",\"https:\\\/\\\/www.youtube.com\\\/@formedia4306\"]}]}<\/script>\n<!-- \/ Yoast SEO plugin. -->","yoast_head_json":{"title":"Tabliczka na st\u00f3\u0142, plexi bia\u0142a 15x7,5cm, 10 sztuk SNS12 - Formedia","description":"Producent wyrob\u00f3w z plexi. Sprawd\u017a Tabliczka na st\u00f3\u0142, plexi bia\u0142a 15x7,5cm, 10 sztuk SNS12. Indywidualne podej\u015bcie, w\u0142asne studio projektowe. Zapraszamy!","robots":{"index":"index","follow":"follow","max-snippet":"max-snippet:-1","max-image-preview":"max-image-preview:large","max-video-preview":"max-video-preview:-1"},"canonical":"https:\/\/www.formedia.pl\/sklep\/produkt\/tabliczka-na-stol-plexi-biala-15x75cm-10-sztuk-sns12\/","og_locale":"pl_PL","og_type":"article","og_title":"Tabliczka na st\u00f3\u0142, plexi bia\u0142a 15x7,5cm, 10 sztuk SNS12 - Formedia","og_description":"Producent wyrob\u00f3w z plexi. Sprawd\u017a Tabliczka na st\u00f3\u0142, plexi bia\u0142a 15x7,5cm, 10 sztuk SNS12. Indywidualne podej\u015bcie, w\u0142asne studio projektowe. Zapraszamy!","og_url":"https:\/\/www.formedia.pl\/sklep\/produkt\/tabliczka-na-stol-plexi-biala-15x75cm-10-sztuk-sns12\/","og_site_name":"Formedia","article_publisher":"https:\/\/www.facebook.com\/formedia.bydgoszcz\/","article_modified_time":"2026-04-01T06:26:43+00:00","og_image":[{"width":248,"height":248,"url":"https:\/\/www.formedia.pl\/sklep\/wp-content\/uploads\/2021\/01\/tabliczka-1-biala-druk-UV-rezerwacja.jpg","type":"image\/jpeg"}],"twitter_card":"summary_large_image","twitter_misc":{"Szacowany czas czytania":"1 minuta"},"schema":{"@context":"https:\/\/schema.org","@graph":[{"@type":"WebPage","@id":"https:\/\/www.formedia.pl\/sklep\/produkt\/tabliczka-na-stol-plexi-biala-15x75cm-10-sztuk-sns12\/","url":"https:\/\/www.formedia.pl\/sklep\/produkt\/tabliczka-na-stol-plexi-biala-15x75cm-10-sztuk-sns12\/","name":"Tabliczka na st\u00f3\u0142, plexi bia\u0142a 15x7,5cm, 10 sztuk SNS12 - Formedia","isPartOf":{"@id":"https:\/\/www.formedia.pl\/sklep\/#website"},"primaryImageOfPage":{"@id":"https:\/\/www.formedia.pl\/sklep\/produkt\/tabliczka-na-stol-plexi-biala-15x75cm-10-sztuk-sns12\/#primaryimage"},"image":{"@id":"https:\/\/www.formedia.pl\/sklep\/produkt\/tabliczka-na-stol-plexi-biala-15x75cm-10-sztuk-sns12\/#primaryimage"},"thumbnailUrl":"https:\/\/www.formedia.pl\/sklep\/wp-content\/uploads\/2021\/01\/tabliczka-1-biala-druk-UV-rezerwacja.jpg","datePublished":"2022-11-21T14:41:55+00:00","dateModified":"2026-04-01T06:26:43+00:00","description":"Producent wyrob\u00f3w z plexi. Sprawd\u017a Tabliczka na st\u00f3\u0142, plexi bia\u0142a 15x7,5cm, 10 sztuk SNS12. Indywidualne podej\u015bcie, w\u0142asne studio projektowe. Zapraszamy!","breadcrumb":{"@id":"https:\/\/www.formedia.pl\/sklep\/produkt\/tabliczka-na-stol-plexi-biala-15x75cm-10-sztuk-sns12\/#breadcrumb"},"inLanguage":"pl-PL","potentialAction":[{"@type":"ReadAction","target":["https:\/\/www.formedia.pl\/sklep\/produkt\/tabliczka-na-stol-plexi-biala-15x75cm-10-sztuk-sns12\/"]}]},{"@type":"ImageObject","inLanguage":"pl-PL","@id":"https:\/\/www.formedia.pl\/sklep\/produkt\/tabliczka-na-stol-plexi-biala-15x75cm-10-sztuk-sns12\/#primaryimage","url":"https:\/\/www.formedia.pl\/sklep\/wp-content\/uploads\/2021\/01\/tabliczka-1-biala-druk-UV-rezerwacja.jpg","contentUrl":"https:\/\/www.formedia.pl\/sklep\/wp-content\/uploads\/2021\/01\/tabliczka-1-biala-druk-UV-rezerwacja.jpg","width":248,"height":248,"caption":"biala tabliczka informacyjna na stol rezerwacja"},{"@type":"BreadcrumbList","@id":"https:\/\/www.formedia.pl\/sklep\/produkt\/tabliczka-na-stol-plexi-biala-15x75cm-10-sztuk-sns12\/#breadcrumb","itemListElement":[{"@type":"ListItem","position":1,"name":"Strona g\u0142\u00f3wna","item":"https:\/\/www.formedia.pl\/sklep\/"},{"@type":"ListItem","position":2,"name":"Sklep","item":"https:\/\/www.formedia.pl\/sklep\/"},{"@type":"ListItem","position":3,"name":"Tabliczka na st\u00f3\u0142, plexi bia\u0142a 15&#215;7,5cm, 10 sztuk SNS12"}]},{"@type":"WebSite","@id":"https:\/\/www.formedia.pl\/sklep\/#website","url":"https:\/\/www.formedia.pl\/sklep\/","name":"Formedia","description":"Producent wyrob\u00f3w z tworzyw sztucznych","publisher":{"@id":"https:\/\/www.formedia.pl\/sklep\/#organization"},"alternateName":"Formedia","potentialAction":[{"@type":"SearchAction","target":{"@type":"EntryPoint","urlTemplate":"https:\/\/www.formedia.pl\/sklep\/?s={search_term_string}"},"query-input":{"@type":"PropertyValueSpecification","valueRequired":true,"valueName":"search_term_string"}}],"inLanguage":"pl-PL"},{"@type":"Organization","@id":"https:\/\/www.formedia.pl\/sklep\/#organization","name":"Formedia","alternateName":"Formedia","url":"https:\/\/www.formedia.pl\/sklep\/","logo":{"@type":"ImageObject","inLanguage":"pl-PL","@id":"https:\/\/www.formedia.pl\/sklep\/#\/schema\/logo\/image\/","url":"https:\/\/www.formedia.pl\/sklep\/wp-content\/uploads\/2025\/03\/1x1cropped-logo-WWW-ForMedia-bialy.png","contentUrl":"https:\/\/www.formedia.pl\/sklep\/wp-content\/uploads\/2025\/03\/1x1cropped-logo-WWW-ForMedia-bialy.png","width":412,"height":412,"caption":"Formedia"},"image":{"@id":"https:\/\/www.formedia.pl\/sklep\/#\/schema\/logo\/image\/"},"sameAs":["https:\/\/www.facebook.com\/formedia.bydgoszcz\/","https:\/\/www.youtube.com\/@formedia4306"]}]}},"_links":{"self":[{"href":"https:\/\/www.formedia.pl\/sklep\/wp-json\/wp\/v2\/product\/21320","targetHints":{"allow":["GET"]}}],"collection":[{"href":"https:\/\/www.formedia.pl\/sklep\/wp-json\/wp\/v2\/product"}],"about":[{"href":"https:\/\/www.formedia.pl\/sklep\/wp-json\/wp\/v2\/types\/product"}],"wp:featuredmedia":[{"embeddable":true,"href":"https:\/\/www.formedia.pl\/sklep\/wp-json\/wp\/v2\/media\/12981"}],"wp:attachment":[{"href":"https:\/\/www.formedia.pl\/sklep\/wp-json\/wp\/v2\/media?parent=21320"}],"wp:term":[{"taxonomy":"product_brand","embeddable":true,"href":"https:\/\/www.formedia.pl\/sklep\/wp-json\/wp\/v2\/product_brand?post=21320"},{"taxonomy":"product_cat","embeddable":true,"href":"https:\/\/www.formedia.pl\/sklep\/wp-json\/wp\/v2\/product_cat?post=21320"},{"taxonomy":"product_tag","embeddable":true,"href":"https:\/\/www.formedia.pl\/sklep\/wp-json\/wp\/v2\/product_tag?post=21320"},{"taxonomy":"woo-feed-brand","embeddable":true,"href":"https:\/\/www.formedia.pl\/sklep\/wp-json\/wp\/v2\/woo-feed-brand?post=21320"}],"curies":[{"name":"wp","href":"https:\/\/api.w.org\/{rel}","templated":true}]}}