{"id":21671,"date":"2023-01-09T11:36:47","date_gmt":"2023-01-09T10:36:47","guid":{"rendered":"https:\/\/www.formedia.pl\/sklep\/?post_type=product&#038;p=21671"},"modified":"2026-04-01T08:26:45","modified_gmt":"2026-04-01T06:26:45","slug":"stojak-podlogowy-informacyjny-na-ulotki-broszury-i-reklamy-z-plexi-stpd9","status":"publish","type":"product","link":"https:\/\/www.formedia.pl\/sklep\/produkt\/stojak-podlogowy-informacyjny-na-ulotki-broszury-i-reklamy-z-plexi-stpd9\/","title":{"rendered":"Stojak pod\u0142ogowy, informacyjny na ulotki, broszury i reklamy z plexi, STPD9"},"content":{"rendered":"<h2><span style=\"color: #ff6600;\">Stojak pod\u0142ogowy z plexi<\/span><\/h2>\n<p>Stojak pod\u0142ogowy informacyjny od Formedia jest idealnym sposobem na eksponowanie ulotek, broszur, gazetek czy menu dla klient\u00f3w. Mo\u017cna wykorzystywa\u0107 go w sklepach, muzeach, wystawach samochod\u00f3w i w wielu innych miejscach. Stojak zrobiony jest z grubej plexi dzi\u0119ki czemu prezentuje si\u0119 \u015bwietnie w ka\u017cdym pomieszczeniu oraz jest bardzo wytrzyma\u0142y.\u00a0 Stojak posiada jedn\u0105 kiesze\u0144 na ulotki w formacie A4.<\/p>\n<p>Jeste\u015bmy producentami wyrob\u00f3w z plexi dlatego mo\u017cemy dowolnie modyfikowa\u0107 nasze wyroby w dowolny spos\u00f3b, tak aby dopasowa\u0107 produkt to pa\u0144stwa potrzeb.<\/p>\n<p><strong>UWAGA!<\/strong><\/p>\n<ul>\n<li>Na fotografii jest przyk\u0142adowa prezentacja produktu.<\/li>\n<li>Inne kszta\u0142ty, kolory tworzywa, wymiary mo\u017cemy wykona\u0107 dla Pa\u0144stwa na zam\u00f3wienie. Zlecenia niestandardowe wyceniamy indywidualnie.<\/li>\n<li>Inne wzory mo<span style=\"font-family: Calibri, serif;\">\u017c<\/span>emy wykona\u0107 dla Pa<span style=\"font-family: Calibri, serif;\">\u0144<\/span>stwa na zam<span style=\"font-family: Calibri, serif;\">\u00f3<\/span>wienie mailowe.\u00a0Przed z\u0142o\u017ceniem zam\u00f3wienia indywidualnego prosimy o kontakt z naszym biurem obs\u0142ugi klienta w celu ustalenia szczeg\u00f3\u0142\u00f3w: <strong><span style=\"color: #333333;\"><span style=\"color: #ff6600;\"><a style=\"color: #ff6600;\" href=\"tel:+48661036036\">tel. 661 036 036<\/a><\/span><\/span><\/strong><\/li>\n<li>Oferujemy r\u00f3wnie\u017c znakowanie metod\u0105 grawerowania oraz nadruku utwardzanego \u015bwiat\u0142em UV.<\/li>\n<li>Druk UV wykonujemy m.in. na: plexi, szkle, dibondzie, drewnie, kartonie, metalu, PCV.<\/li>\n<li>Wyroby z plexi zabezpieczone s\u0105 foli\u0105 ochronn\u0105. Przed u\u017cyciem nale\u017cy j\u0105 \u015bci\u0105gn\u0105\u0107.<\/li>\n<li>Sprawd<span style=\"font-family: Calibri, serif;\">\u017a<\/span> paczk<span style=\"font-family: Calibri, serif;\">\u0119<\/span> przy kurierze i oce<span style=\"font-family: Calibri, serif;\">\u0144<\/span> czy zawarto<span style=\"font-family: Calibri, serif;\">\u015b\u0107<\/span> nie jest uszkodzona! Protok<span style=\"font-family: Calibri, serif;\">\u00f3\u0142<\/span> szkody jest jedyn<span style=\"font-family: Calibri, serif;\">\u0105<\/span> podstaw<span style=\"font-family: Calibri, serif;\">\u0105<\/span> do reklamacji.<\/li>\n<\/ul>\n","protected":false},"excerpt":{"rendered":"<ul>\n<li><strong><span style=\"color: #ff6600;\">Wymiary zewn\u0119trzne (d\u0142. x szer. x wys.): <\/span><\/strong><span style=\"color: #808080;\">235 x 250 x 600mm<\/span><\/li>\n<li><strong><span style=\"color: #ff6600;\">Rozmiar kieszeni:<\/span><\/strong> <span style=\"color: #808080;\">A4<\/span><\/li>\n<li><strong><span style=\"color: #ff6600;\">Grubo\u015b\u0107 materia\u0142u: <\/span><\/strong><span style=\"color: #ff6600;\"><span style=\"color: #808080;\">8 mm<\/span><\/span><\/li>\n<li><strong><span style=\"color: #ff6600;\">Kod produktu<\/span><\/strong>: <span style=\"color: #808080;\">STPD9<\/span><\/li>\n<\/ul>\n","protected":false},"featured_media":21672,"template":"","meta":[],"product_brand":[],"product_cat":[842],"product_tag":[776,777,774,775,778,779],"woo-feed-brand":[],"class_list":{"0":"post-21671","1":"product","2":"type-product","3":"status-publish","4":"has-post-thumbnail","6":"product_cat-stojaki-podlogowe","7":"product_tag-stojak-informacyjny","8":"product_tag-stojak-na-ulotki","9":"product_tag-stojak-podlogowy-z-plexi","10":"product_tag-stojak-z-plexi","11":"product_tag-z-plexi","12":"product_tag-z-plexy","14":"first","15":"instock","16":"taxable","17":"shipping-taxable","18":"product-type-simple"},"yoast_head":"<!-- This site is optimized with the Yoast SEO plugin v27.5 - https:\/\/yoast.com\/product\/yoast-seo-wordpress\/ -->\n<title>Stojak pod\u0142ogowy, informacyjny na ulotki, broszury i reklamy z plexi, STPD9 - Formedia<\/title>\n<meta name=\"description\" content=\"Producent wyrob\u00f3w z plexi. Sprawd\u017a Stojak pod\u0142ogowy, informacyjny na ulotki, broszury i reklamy z plexi, STPD9. Indywidualne podej\u015bcie, w\u0142asne studio projektowe. Zapraszamy!\" \/>\n<meta name=\"robots\" content=\"index, follow, max-snippet:-1, max-image-preview:large, max-video-preview:-1\" \/>\n<link rel=\"canonical\" href=\"https:\/\/www.formedia.pl\/sklep\/produkt\/stojak-podlogowy-informacyjny-na-ulotki-broszury-i-reklamy-z-plexi-stpd9\/\" \/>\n<meta property=\"og:locale\" content=\"pl_PL\" \/>\n<meta property=\"og:type\" content=\"article\" \/>\n<meta property=\"og:title\" content=\"Stojak pod\u0142ogowy, informacyjny na ulotki, broszury i reklamy z plexi, STPD9 - Formedia\" \/>\n<meta property=\"og:description\" content=\"Producent wyrob\u00f3w z plexi. Sprawd\u017a Stojak pod\u0142ogowy, informacyjny na ulotki, broszury i reklamy z plexi, STPD9. Indywidualne podej\u015bcie, w\u0142asne studio projektowe. Zapraszamy!\" \/>\n<meta property=\"og:url\" content=\"https:\/\/www.formedia.pl\/sklep\/produkt\/stojak-podlogowy-informacyjny-na-ulotki-broszury-i-reklamy-z-plexi-stpd9\/\" \/>\n<meta property=\"og:site_name\" content=\"Formedia\" \/>\n<meta property=\"article:publisher\" content=\"https:\/\/www.facebook.com\/formedia.bydgoszcz\/\" \/>\n<meta property=\"article:modified_time\" content=\"2026-04-01T06:26:45+00:00\" \/>\n<meta property=\"og:image\" content=\"https:\/\/www.formedia.pl\/sklep\/wp-content\/uploads\/2023\/01\/stojak-podlogowy-informacyjny-STPD9.jpg\" \/>\n\t<meta property=\"og:image:width\" content=\"500\" \/>\n\t<meta property=\"og:image:height\" content=\"500\" \/>\n\t<meta property=\"og:image:type\" content=\"image\/jpeg\" \/>\n<meta name=\"twitter:card\" content=\"summary_large_image\" \/>\n<meta name=\"twitter:label1\" content=\"Szacowany czas czytania\" \/>\n\t<meta name=\"twitter:data1\" content=\"1 minuta\" \/>\n<script type=\"application\/ld+json\" class=\"yoast-schema-graph\">{\"@context\":\"https:\\\/\\\/schema.org\",\"@graph\":[{\"@type\":\"WebPage\",\"@id\":\"https:\\\/\\\/www.formedia.pl\\\/sklep\\\/produkt\\\/stojak-podlogowy-informacyjny-na-ulotki-broszury-i-reklamy-z-plexi-stpd9\\\/\",\"url\":\"https:\\\/\\\/www.formedia.pl\\\/sklep\\\/produkt\\\/stojak-podlogowy-informacyjny-na-ulotki-broszury-i-reklamy-z-plexi-stpd9\\\/\",\"name\":\"Stojak pod\u0142ogowy, informacyjny na ulotki, broszury i reklamy z plexi, STPD9 - Formedia\",\"isPartOf\":{\"@id\":\"https:\\\/\\\/www.formedia.pl\\\/sklep\\\/#website\"},\"primaryImageOfPage\":{\"@id\":\"https:\\\/\\\/www.formedia.pl\\\/sklep\\\/produkt\\\/stojak-podlogowy-informacyjny-na-ulotki-broszury-i-reklamy-z-plexi-stpd9\\\/#primaryimage\"},\"image\":{\"@id\":\"https:\\\/\\\/www.formedia.pl\\\/sklep\\\/produkt\\\/stojak-podlogowy-informacyjny-na-ulotki-broszury-i-reklamy-z-plexi-stpd9\\\/#primaryimage\"},\"thumbnailUrl\":\"https:\\\/\\\/www.formedia.pl\\\/sklep\\\/wp-content\\\/uploads\\\/2023\\\/01\\\/stojak-podlogowy-informacyjny-STPD9.jpg\",\"datePublished\":\"2023-01-09T10:36:47+00:00\",\"dateModified\":\"2026-04-01T06:26:45+00:00\",\"description\":\"Producent wyrob\u00f3w z plexi. Sprawd\u017a Stojak pod\u0142ogowy, informacyjny na ulotki, broszury i reklamy z plexi, STPD9. Indywidualne podej\u015bcie, w\u0142asne studio projektowe. Zapraszamy!\",\"breadcrumb\":{\"@id\":\"https:\\\/\\\/www.formedia.pl\\\/sklep\\\/produkt\\\/stojak-podlogowy-informacyjny-na-ulotki-broszury-i-reklamy-z-plexi-stpd9\\\/#breadcrumb\"},\"inLanguage\":\"pl-PL\",\"potentialAction\":[{\"@type\":\"ReadAction\",\"target\":[\"https:\\\/\\\/www.formedia.pl\\\/sklep\\\/produkt\\\/stojak-podlogowy-informacyjny-na-ulotki-broszury-i-reklamy-z-plexi-stpd9\\\/\"]}]},{\"@type\":\"ImageObject\",\"inLanguage\":\"pl-PL\",\"@id\":\"https:\\\/\\\/www.formedia.pl\\\/sklep\\\/produkt\\\/stojak-podlogowy-informacyjny-na-ulotki-broszury-i-reklamy-z-plexi-stpd9\\\/#primaryimage\",\"url\":\"https:\\\/\\\/www.formedia.pl\\\/sklep\\\/wp-content\\\/uploads\\\/2023\\\/01\\\/stojak-podlogowy-informacyjny-STPD9.jpg\",\"contentUrl\":\"https:\\\/\\\/www.formedia.pl\\\/sklep\\\/wp-content\\\/uploads\\\/2023\\\/01\\\/stojak-podlogowy-informacyjny-STPD9.jpg\",\"width\":500,\"height\":500},{\"@type\":\"BreadcrumbList\",\"@id\":\"https:\\\/\\\/www.formedia.pl\\\/sklep\\\/produkt\\\/stojak-podlogowy-informacyjny-na-ulotki-broszury-i-reklamy-z-plexi-stpd9\\\/#breadcrumb\",\"itemListElement\":[{\"@type\":\"ListItem\",\"position\":1,\"name\":\"Strona g\u0142\u00f3wna\",\"item\":\"https:\\\/\\\/www.formedia.pl\\\/sklep\\\/\"},{\"@type\":\"ListItem\",\"position\":2,\"name\":\"Sklep\",\"item\":\"https:\\\/\\\/www.formedia.pl\\\/sklep\\\/\"},{\"@type\":\"ListItem\",\"position\":3,\"name\":\"Stojak pod\u0142ogowy, informacyjny na ulotki, broszury i reklamy z plexi, STPD9\"}]},{\"@type\":\"WebSite\",\"@id\":\"https:\\\/\\\/www.formedia.pl\\\/sklep\\\/#website\",\"url\":\"https:\\\/\\\/www.formedia.pl\\\/sklep\\\/\",\"name\":\"Formedia\",\"description\":\"Producent wyrob\u00f3w z tworzyw sztucznych\",\"publisher\":{\"@id\":\"https:\\\/\\\/www.formedia.pl\\\/sklep\\\/#organization\"},\"alternateName\":\"Formedia\",\"potentialAction\":[{\"@type\":\"SearchAction\",\"target\":{\"@type\":\"EntryPoint\",\"urlTemplate\":\"https:\\\/\\\/www.formedia.pl\\\/sklep\\\/?s={search_term_string}\"},\"query-input\":{\"@type\":\"PropertyValueSpecification\",\"valueRequired\":true,\"valueName\":\"search_term_string\"}}],\"inLanguage\":\"pl-PL\"},{\"@type\":\"Organization\",\"@id\":\"https:\\\/\\\/www.formedia.pl\\\/sklep\\\/#organization\",\"name\":\"Formedia\",\"alternateName\":\"Formedia\",\"url\":\"https:\\\/\\\/www.formedia.pl\\\/sklep\\\/\",\"logo\":{\"@type\":\"ImageObject\",\"inLanguage\":\"pl-PL\",\"@id\":\"https:\\\/\\\/www.formedia.pl\\\/sklep\\\/#\\\/schema\\\/logo\\\/image\\\/\",\"url\":\"https:\\\/\\\/www.formedia.pl\\\/sklep\\\/wp-content\\\/uploads\\\/2025\\\/03\\\/1x1cropped-logo-WWW-ForMedia-bialy.png\",\"contentUrl\":\"https:\\\/\\\/www.formedia.pl\\\/sklep\\\/wp-content\\\/uploads\\\/2025\\\/03\\\/1x1cropped-logo-WWW-ForMedia-bialy.png\",\"width\":412,\"height\":412,\"caption\":\"Formedia\"},\"image\":{\"@id\":\"https:\\\/\\\/www.formedia.pl\\\/sklep\\\/#\\\/schema\\\/logo\\\/image\\\/\"},\"sameAs\":[\"https:\\\/\\\/www.facebook.com\\\/formedia.bydgoszcz\\\/\",\"https:\\\/\\\/www.youtube.com\\\/@formedia4306\"]}]}<\/script>\n<!-- \/ Yoast SEO plugin. -->","yoast_head_json":{"title":"Stojak pod\u0142ogowy, informacyjny na ulotki, broszury i reklamy z plexi, STPD9 - Formedia","description":"Producent wyrob\u00f3w z plexi. Sprawd\u017a Stojak pod\u0142ogowy, informacyjny na ulotki, broszury i reklamy z plexi, STPD9. Indywidualne podej\u015bcie, w\u0142asne studio projektowe. Zapraszamy!","robots":{"index":"index","follow":"follow","max-snippet":"max-snippet:-1","max-image-preview":"max-image-preview:large","max-video-preview":"max-video-preview:-1"},"canonical":"https:\/\/www.formedia.pl\/sklep\/produkt\/stojak-podlogowy-informacyjny-na-ulotki-broszury-i-reklamy-z-plexi-stpd9\/","og_locale":"pl_PL","og_type":"article","og_title":"Stojak pod\u0142ogowy, informacyjny na ulotki, broszury i reklamy z plexi, STPD9 - Formedia","og_description":"Producent wyrob\u00f3w z plexi. Sprawd\u017a Stojak pod\u0142ogowy, informacyjny na ulotki, broszury i reklamy z plexi, STPD9. Indywidualne podej\u015bcie, w\u0142asne studio projektowe. Zapraszamy!","og_url":"https:\/\/www.formedia.pl\/sklep\/produkt\/stojak-podlogowy-informacyjny-na-ulotki-broszury-i-reklamy-z-plexi-stpd9\/","og_site_name":"Formedia","article_publisher":"https:\/\/www.facebook.com\/formedia.bydgoszcz\/","article_modified_time":"2026-04-01T06:26:45+00:00","og_image":[{"width":500,"height":500,"url":"https:\/\/www.formedia.pl\/sklep\/wp-content\/uploads\/2023\/01\/stojak-podlogowy-informacyjny-STPD9.jpg","type":"image\/jpeg"}],"twitter_card":"summary_large_image","twitter_misc":{"Szacowany czas czytania":"1 minuta"},"schema":{"@context":"https:\/\/schema.org","@graph":[{"@type":"WebPage","@id":"https:\/\/www.formedia.pl\/sklep\/produkt\/stojak-podlogowy-informacyjny-na-ulotki-broszury-i-reklamy-z-plexi-stpd9\/","url":"https:\/\/www.formedia.pl\/sklep\/produkt\/stojak-podlogowy-informacyjny-na-ulotki-broszury-i-reklamy-z-plexi-stpd9\/","name":"Stojak pod\u0142ogowy, informacyjny na ulotki, broszury i reklamy z plexi, STPD9 - Formedia","isPartOf":{"@id":"https:\/\/www.formedia.pl\/sklep\/#website"},"primaryImageOfPage":{"@id":"https:\/\/www.formedia.pl\/sklep\/produkt\/stojak-podlogowy-informacyjny-na-ulotki-broszury-i-reklamy-z-plexi-stpd9\/#primaryimage"},"image":{"@id":"https:\/\/www.formedia.pl\/sklep\/produkt\/stojak-podlogowy-informacyjny-na-ulotki-broszury-i-reklamy-z-plexi-stpd9\/#primaryimage"},"thumbnailUrl":"https:\/\/www.formedia.pl\/sklep\/wp-content\/uploads\/2023\/01\/stojak-podlogowy-informacyjny-STPD9.jpg","datePublished":"2023-01-09T10:36:47+00:00","dateModified":"2026-04-01T06:26:45+00:00","description":"Producent wyrob\u00f3w z plexi. Sprawd\u017a Stojak pod\u0142ogowy, informacyjny na ulotki, broszury i reklamy z plexi, STPD9. Indywidualne podej\u015bcie, w\u0142asne studio projektowe. Zapraszamy!","breadcrumb":{"@id":"https:\/\/www.formedia.pl\/sklep\/produkt\/stojak-podlogowy-informacyjny-na-ulotki-broszury-i-reklamy-z-plexi-stpd9\/#breadcrumb"},"inLanguage":"pl-PL","potentialAction":[{"@type":"ReadAction","target":["https:\/\/www.formedia.pl\/sklep\/produkt\/stojak-podlogowy-informacyjny-na-ulotki-broszury-i-reklamy-z-plexi-stpd9\/"]}]},{"@type":"ImageObject","inLanguage":"pl-PL","@id":"https:\/\/www.formedia.pl\/sklep\/produkt\/stojak-podlogowy-informacyjny-na-ulotki-broszury-i-reklamy-z-plexi-stpd9\/#primaryimage","url":"https:\/\/www.formedia.pl\/sklep\/wp-content\/uploads\/2023\/01\/stojak-podlogowy-informacyjny-STPD9.jpg","contentUrl":"https:\/\/www.formedia.pl\/sklep\/wp-content\/uploads\/2023\/01\/stojak-podlogowy-informacyjny-STPD9.jpg","width":500,"height":500},{"@type":"BreadcrumbList","@id":"https:\/\/www.formedia.pl\/sklep\/produkt\/stojak-podlogowy-informacyjny-na-ulotki-broszury-i-reklamy-z-plexi-stpd9\/#breadcrumb","itemListElement":[{"@type":"ListItem","position":1,"name":"Strona g\u0142\u00f3wna","item":"https:\/\/www.formedia.pl\/sklep\/"},{"@type":"ListItem","position":2,"name":"Sklep","item":"https:\/\/www.formedia.pl\/sklep\/"},{"@type":"ListItem","position":3,"name":"Stojak pod\u0142ogowy, informacyjny na ulotki, broszury i reklamy z plexi, STPD9"}]},{"@type":"WebSite","@id":"https:\/\/www.formedia.pl\/sklep\/#website","url":"https:\/\/www.formedia.pl\/sklep\/","name":"Formedia","description":"Producent wyrob\u00f3w z tworzyw sztucznych","publisher":{"@id":"https:\/\/www.formedia.pl\/sklep\/#organization"},"alternateName":"Formedia","potentialAction":[{"@type":"SearchAction","target":{"@type":"EntryPoint","urlTemplate":"https:\/\/www.formedia.pl\/sklep\/?s={search_term_string}"},"query-input":{"@type":"PropertyValueSpecification","valueRequired":true,"valueName":"search_term_string"}}],"inLanguage":"pl-PL"},{"@type":"Organization","@id":"https:\/\/www.formedia.pl\/sklep\/#organization","name":"Formedia","alternateName":"Formedia","url":"https:\/\/www.formedia.pl\/sklep\/","logo":{"@type":"ImageObject","inLanguage":"pl-PL","@id":"https:\/\/www.formedia.pl\/sklep\/#\/schema\/logo\/image\/","url":"https:\/\/www.formedia.pl\/sklep\/wp-content\/uploads\/2025\/03\/1x1cropped-logo-WWW-ForMedia-bialy.png","contentUrl":"https:\/\/www.formedia.pl\/sklep\/wp-content\/uploads\/2025\/03\/1x1cropped-logo-WWW-ForMedia-bialy.png","width":412,"height":412,"caption":"Formedia"},"image":{"@id":"https:\/\/www.formedia.pl\/sklep\/#\/schema\/logo\/image\/"},"sameAs":["https:\/\/www.facebook.com\/formedia.bydgoszcz\/","https:\/\/www.youtube.com\/@formedia4306"]}]}},"_links":{"self":[{"href":"https:\/\/www.formedia.pl\/sklep\/wp-json\/wp\/v2\/product\/21671","targetHints":{"allow":["GET"]}}],"collection":[{"href":"https:\/\/www.formedia.pl\/sklep\/wp-json\/wp\/v2\/product"}],"about":[{"href":"https:\/\/www.formedia.pl\/sklep\/wp-json\/wp\/v2\/types\/product"}],"wp:featuredmedia":[{"embeddable":true,"href":"https:\/\/www.formedia.pl\/sklep\/wp-json\/wp\/v2\/media\/21672"}],"wp:attachment":[{"href":"https:\/\/www.formedia.pl\/sklep\/wp-json\/wp\/v2\/media?parent=21671"}],"wp:term":[{"taxonomy":"product_brand","embeddable":true,"href":"https:\/\/www.formedia.pl\/sklep\/wp-json\/wp\/v2\/product_brand?post=21671"},{"taxonomy":"product_cat","embeddable":true,"href":"https:\/\/www.formedia.pl\/sklep\/wp-json\/wp\/v2\/product_cat?post=21671"},{"taxonomy":"product_tag","embeddable":true,"href":"https:\/\/www.formedia.pl\/sklep\/wp-json\/wp\/v2\/product_tag?post=21671"},{"taxonomy":"woo-feed-brand","embeddable":true,"href":"https:\/\/www.formedia.pl\/sklep\/wp-json\/wp\/v2\/woo-feed-brand?post=21671"}],"curies":[{"name":"wp","href":"https:\/\/api.w.org\/{rel}","templated":true}]}}