{"id":21714,"date":"2023-01-10T11:21:58","date_gmt":"2023-01-10T10:21:58","guid":{"rendered":"https:\/\/www.formedia.pl\/sklep\/?post_type=product&#038;p=21714"},"modified":"2026-04-01T08:26:47","modified_gmt":"2026-04-01T06:26:47","slug":"stojak-na-kosmetyki-snk26","status":"publish","type":"product","link":"https:\/\/www.formedia.pl\/sklep\/produkt\/stojak-na-kosmetyki-snk26\/","title":{"rendered":"Stojak na kosmetyki, SNK26"},"content":{"rendered":"<h2><span style=\"color: #ff6600;\">Stojak na kosmetyki<\/span><\/h2>\n<p>Elegancki i wytrzyma\u0142y? Wybierz prezenter na kosmetyk. G\u0142\u00f3wnie wykorzystywany jest na wystawach sklepowych oraz w sklepach z kosmetykami. Posiada miejsce na cen\u0119 lub kr\u00f3tki opis produktu. Wykonany z bezbarwnej plexi przez co klient mo\u017ce dok\u0142adnie obejrze\u0107 ca\u0142y produkt. Wygl\u0105da uniwersalnie i nowocze\u015bnie dzi\u0119ki czemu pasuje do ka\u017cdego wn\u0119trza. Jest \u0142atwy w utrzymaniu czysto\u015bci, dlatego wiele os\u00f3b u\u017cywa go te\u017c w domu. Wykonany z trwa\u0142ych i solidnych materia\u0142\u00f3w.<\/p>\n<p><b>U<\/b><b>WAGA!<\/b><b><\/b><\/p>\n<ul>\n<li>Wyroby z plexi zabezpieczone s\u0105 foli\u0105 ochronn\u0105. Przed u\u017cyciem nale\u017cy j\u0105 \u015bci\u0105gn\u0105\u0107.<\/li>\n<li>Inne wzory mo<span style=\"font-family: Calibri, serif;\">\u017c<\/span>emy wykona<span style=\"font-family: Calibri, serif;\">\u0107<\/span> dla Pa<span style=\"font-family: Calibri, serif;\">\u0144<\/span>stwa na zam<span style=\"font-family: Calibri, serif;\">\u00f3<\/span>wienie.<\/li>\n<li>Oferujemy r<span style=\"font-family: Calibri, serif;\">\u00f3<\/span>wnie<span style=\"font-family: Calibri, serif;\">\u017c<\/span> znakowanie metod<span style=\"font-family: Calibri, serif;\">\u0105<\/span> grawerowania oraz nadruku utwardzanego \u015bwiat\u0142em UV.<\/li>\n<li>Sprawd<span style=\"font-family: Calibri, serif;\">\u017a<\/span> paczk<span style=\"font-family: Calibri, serif;\">\u0119<\/span> przy kurierze i oce<span style=\"font-family: Calibri, serif;\">\u0144<\/span> czy zawarto<span style=\"font-family: Calibri, serif;\">\u015b\u0107<\/span> nie jest uszkodzona! Protok<span style=\"font-family: Calibri, serif;\">\u00f3\u0142<\/span> szkody jest jedyn<span style=\"font-family: Calibri, serif;\">\u0105<\/span> podstaw<span style=\"font-family: Calibri, serif;\">\u0105<\/span> do reklamacji.<\/li>\n<li>Minimalna ilo\u015b\u0107 zam\u00f3wienia to 25 sztuk. W przypadku wyboru innej ilo\u015bci prosimy o kontakt mailowy.<\/li>\n<\/ul>\n","protected":false},"excerpt":{"rendered":"<ul>\n<li><strong><span style=\"color: #ff6600;\">Wymiary stojaka (d\u0142. x szer. x wys.):<\/span><\/strong> 70 x 140 x 50 mm<\/li>\n<li><strong><span style=\"color: #ff6600;\">Materia\u0142 (do wyboru):<\/span><\/strong> plexi bezbarwna o grubo\u015bci 2 mm<\/li>\n<li><strong><span style=\"color: #ff6600;\">Kod produktu: <\/span><\/strong>SNK26<\/li>\n<\/ul>\n","protected":false},"featured_media":14172,"template":"","meta":[],"product_brand":[],"product_cat":[895,707,873,872,869],"product_tag":[],"woo-feed-brand":[],"class_list":{"0":"post-21714","1":"product","2":"type-product","3":"status-publish","4":"has-post-thumbnail","6":"product_cat-branza-kosmetyczna","7":"product_cat-ekspozytor-prezenter","8":"product_cat-inne-stojaki","9":"product_cat-stojaki-na-aparaty-fotograficzne","10":"product_cat-stojaki-na-kosmetyki","12":"first","13":"instock","14":"taxable","15":"shipping-taxable","16":"purchasable","17":"product-type-simple"},"yoast_head":"<!-- This site is optimized with the Yoast SEO plugin v27.5 - https:\/\/yoast.com\/product\/yoast-seo-wordpress\/ -->\n<title>Stojak na kosmetyki, SNK26 - Formedia<\/title>\n<meta name=\"description\" content=\"Producent wyrob\u00f3w z plexi. Sprawd\u017a Stojak na kosmetyki, SNK26. Indywidualne podej\u015bcie, w\u0142asne studio projektowe. Zapraszamy!\" \/>\n<meta name=\"robots\" content=\"index, follow, max-snippet:-1, max-image-preview:large, max-video-preview:-1\" \/>\n<link rel=\"canonical\" href=\"https:\/\/www.formedia.pl\/sklep\/produkt\/stojak-na-kosmetyki-snk26\/\" \/>\n<meta property=\"og:locale\" content=\"pl_PL\" \/>\n<meta property=\"og:type\" content=\"article\" \/>\n<meta property=\"og:title\" content=\"Stojak na kosmetyki, SNK26 - Formedia\" \/>\n<meta property=\"og:description\" content=\"Producent wyrob\u00f3w z plexi. Sprawd\u017a Stojak na kosmetyki, SNK26. Indywidualne podej\u015bcie, w\u0142asne studio projektowe. Zapraszamy!\" \/>\n<meta property=\"og:url\" content=\"https:\/\/www.formedia.pl\/sklep\/produkt\/stojak-na-kosmetyki-snk26\/\" \/>\n<meta property=\"og:site_name\" content=\"Formedia\" \/>\n<meta property=\"article:publisher\" content=\"https:\/\/www.facebook.com\/formedia.bydgoszcz\/\" \/>\n<meta property=\"article:modified_time\" content=\"2026-04-01T06:26:47+00:00\" \/>\n<meta property=\"og:image\" content=\"https:\/\/www.formedia.pl\/sklep\/wp-content\/uploads\/2021\/02\/Stand_na_aparat_fotograficzny_PNPA4.jpg\" \/>\n\t<meta property=\"og:image:width\" content=\"504\" \/>\n\t<meta property=\"og:image:height\" content=\"504\" \/>\n\t<meta property=\"og:image:type\" content=\"image\/jpeg\" \/>\n<meta name=\"twitter:card\" content=\"summary_large_image\" \/>\n<meta name=\"twitter:label1\" content=\"Szacowany czas czytania\" \/>\n\t<meta name=\"twitter:data1\" content=\"1 minuta\" \/>\n<script type=\"application\/ld+json\" class=\"yoast-schema-graph\">{\"@context\":\"https:\\\/\\\/schema.org\",\"@graph\":[{\"@type\":\"WebPage\",\"@id\":\"https:\\\/\\\/www.formedia.pl\\\/sklep\\\/produkt\\\/stojak-na-kosmetyki-snk26\\\/\",\"url\":\"https:\\\/\\\/www.formedia.pl\\\/sklep\\\/produkt\\\/stojak-na-kosmetyki-snk26\\\/\",\"name\":\"Stojak na kosmetyki, SNK26 - Formedia\",\"isPartOf\":{\"@id\":\"https:\\\/\\\/www.formedia.pl\\\/sklep\\\/#website\"},\"primaryImageOfPage\":{\"@id\":\"https:\\\/\\\/www.formedia.pl\\\/sklep\\\/produkt\\\/stojak-na-kosmetyki-snk26\\\/#primaryimage\"},\"image\":{\"@id\":\"https:\\\/\\\/www.formedia.pl\\\/sklep\\\/produkt\\\/stojak-na-kosmetyki-snk26\\\/#primaryimage\"},\"thumbnailUrl\":\"https:\\\/\\\/www.formedia.pl\\\/sklep\\\/wp-content\\\/uploads\\\/2021\\\/02\\\/Stand_na_aparat_fotograficzny_PNPA4.jpg\",\"datePublished\":\"2023-01-10T10:21:58+00:00\",\"dateModified\":\"2026-04-01T06:26:47+00:00\",\"description\":\"Producent wyrob\u00f3w z plexi. Sprawd\u017a Stojak na kosmetyki, SNK26. Indywidualne podej\u015bcie, w\u0142asne studio projektowe. Zapraszamy!\",\"breadcrumb\":{\"@id\":\"https:\\\/\\\/www.formedia.pl\\\/sklep\\\/produkt\\\/stojak-na-kosmetyki-snk26\\\/#breadcrumb\"},\"inLanguage\":\"pl-PL\",\"potentialAction\":[{\"@type\":\"ReadAction\",\"target\":[\"https:\\\/\\\/www.formedia.pl\\\/sklep\\\/produkt\\\/stojak-na-kosmetyki-snk26\\\/\"]}]},{\"@type\":\"ImageObject\",\"inLanguage\":\"pl-PL\",\"@id\":\"https:\\\/\\\/www.formedia.pl\\\/sklep\\\/produkt\\\/stojak-na-kosmetyki-snk26\\\/#primaryimage\",\"url\":\"https:\\\/\\\/www.formedia.pl\\\/sklep\\\/wp-content\\\/uploads\\\/2021\\\/02\\\/Stand_na_aparat_fotograficzny_PNPA4.jpg\",\"contentUrl\":\"https:\\\/\\\/www.formedia.pl\\\/sklep\\\/wp-content\\\/uploads\\\/2021\\\/02\\\/Stand_na_aparat_fotograficzny_PNPA4.jpg\",\"width\":504,\"height\":504,\"caption\":\"ekspozytor z plexi na aparat\"},{\"@type\":\"BreadcrumbList\",\"@id\":\"https:\\\/\\\/www.formedia.pl\\\/sklep\\\/produkt\\\/stojak-na-kosmetyki-snk26\\\/#breadcrumb\",\"itemListElement\":[{\"@type\":\"ListItem\",\"position\":1,\"name\":\"Strona g\u0142\u00f3wna\",\"item\":\"https:\\\/\\\/www.formedia.pl\\\/sklep\\\/\"},{\"@type\":\"ListItem\",\"position\":2,\"name\":\"Sklep\",\"item\":\"https:\\\/\\\/www.formedia.pl\\\/sklep\\\/\"},{\"@type\":\"ListItem\",\"position\":3,\"name\":\"Stojak na kosmetyki, SNK26\"}]},{\"@type\":\"WebSite\",\"@id\":\"https:\\\/\\\/www.formedia.pl\\\/sklep\\\/#website\",\"url\":\"https:\\\/\\\/www.formedia.pl\\\/sklep\\\/\",\"name\":\"Formedia\",\"description\":\"Producent wyrob\u00f3w z tworzyw sztucznych\",\"publisher\":{\"@id\":\"https:\\\/\\\/www.formedia.pl\\\/sklep\\\/#organization\"},\"alternateName\":\"Formedia\",\"potentialAction\":[{\"@type\":\"SearchAction\",\"target\":{\"@type\":\"EntryPoint\",\"urlTemplate\":\"https:\\\/\\\/www.formedia.pl\\\/sklep\\\/?s={search_term_string}\"},\"query-input\":{\"@type\":\"PropertyValueSpecification\",\"valueRequired\":true,\"valueName\":\"search_term_string\"}}],\"inLanguage\":\"pl-PL\"},{\"@type\":\"Organization\",\"@id\":\"https:\\\/\\\/www.formedia.pl\\\/sklep\\\/#organization\",\"name\":\"Formedia\",\"alternateName\":\"Formedia\",\"url\":\"https:\\\/\\\/www.formedia.pl\\\/sklep\\\/\",\"logo\":{\"@type\":\"ImageObject\",\"inLanguage\":\"pl-PL\",\"@id\":\"https:\\\/\\\/www.formedia.pl\\\/sklep\\\/#\\\/schema\\\/logo\\\/image\\\/\",\"url\":\"https:\\\/\\\/www.formedia.pl\\\/sklep\\\/wp-content\\\/uploads\\\/2025\\\/03\\\/1x1cropped-logo-WWW-ForMedia-bialy.png\",\"contentUrl\":\"https:\\\/\\\/www.formedia.pl\\\/sklep\\\/wp-content\\\/uploads\\\/2025\\\/03\\\/1x1cropped-logo-WWW-ForMedia-bialy.png\",\"width\":412,\"height\":412,\"caption\":\"Formedia\"},\"image\":{\"@id\":\"https:\\\/\\\/www.formedia.pl\\\/sklep\\\/#\\\/schema\\\/logo\\\/image\\\/\"},\"sameAs\":[\"https:\\\/\\\/www.facebook.com\\\/formedia.bydgoszcz\\\/\",\"https:\\\/\\\/www.youtube.com\\\/@formedia4306\"]}]}<\/script>\n<!-- \/ Yoast SEO plugin. -->","yoast_head_json":{"title":"Stojak na kosmetyki, SNK26 - Formedia","description":"Producent wyrob\u00f3w z plexi. Sprawd\u017a Stojak na kosmetyki, SNK26. Indywidualne podej\u015bcie, w\u0142asne studio projektowe. Zapraszamy!","robots":{"index":"index","follow":"follow","max-snippet":"max-snippet:-1","max-image-preview":"max-image-preview:large","max-video-preview":"max-video-preview:-1"},"canonical":"https:\/\/www.formedia.pl\/sklep\/produkt\/stojak-na-kosmetyki-snk26\/","og_locale":"pl_PL","og_type":"article","og_title":"Stojak na kosmetyki, SNK26 - Formedia","og_description":"Producent wyrob\u00f3w z plexi. Sprawd\u017a Stojak na kosmetyki, SNK26. Indywidualne podej\u015bcie, w\u0142asne studio projektowe. Zapraszamy!","og_url":"https:\/\/www.formedia.pl\/sklep\/produkt\/stojak-na-kosmetyki-snk26\/","og_site_name":"Formedia","article_publisher":"https:\/\/www.facebook.com\/formedia.bydgoszcz\/","article_modified_time":"2026-04-01T06:26:47+00:00","og_image":[{"width":504,"height":504,"url":"https:\/\/www.formedia.pl\/sklep\/wp-content\/uploads\/2021\/02\/Stand_na_aparat_fotograficzny_PNPA4.jpg","type":"image\/jpeg"}],"twitter_card":"summary_large_image","twitter_misc":{"Szacowany czas czytania":"1 minuta"},"schema":{"@context":"https:\/\/schema.org","@graph":[{"@type":"WebPage","@id":"https:\/\/www.formedia.pl\/sklep\/produkt\/stojak-na-kosmetyki-snk26\/","url":"https:\/\/www.formedia.pl\/sklep\/produkt\/stojak-na-kosmetyki-snk26\/","name":"Stojak na kosmetyki, SNK26 - Formedia","isPartOf":{"@id":"https:\/\/www.formedia.pl\/sklep\/#website"},"primaryImageOfPage":{"@id":"https:\/\/www.formedia.pl\/sklep\/produkt\/stojak-na-kosmetyki-snk26\/#primaryimage"},"image":{"@id":"https:\/\/www.formedia.pl\/sklep\/produkt\/stojak-na-kosmetyki-snk26\/#primaryimage"},"thumbnailUrl":"https:\/\/www.formedia.pl\/sklep\/wp-content\/uploads\/2021\/02\/Stand_na_aparat_fotograficzny_PNPA4.jpg","datePublished":"2023-01-10T10:21:58+00:00","dateModified":"2026-04-01T06:26:47+00:00","description":"Producent wyrob\u00f3w z plexi. Sprawd\u017a Stojak na kosmetyki, SNK26. Indywidualne podej\u015bcie, w\u0142asne studio projektowe. Zapraszamy!","breadcrumb":{"@id":"https:\/\/www.formedia.pl\/sklep\/produkt\/stojak-na-kosmetyki-snk26\/#breadcrumb"},"inLanguage":"pl-PL","potentialAction":[{"@type":"ReadAction","target":["https:\/\/www.formedia.pl\/sklep\/produkt\/stojak-na-kosmetyki-snk26\/"]}]},{"@type":"ImageObject","inLanguage":"pl-PL","@id":"https:\/\/www.formedia.pl\/sklep\/produkt\/stojak-na-kosmetyki-snk26\/#primaryimage","url":"https:\/\/www.formedia.pl\/sklep\/wp-content\/uploads\/2021\/02\/Stand_na_aparat_fotograficzny_PNPA4.jpg","contentUrl":"https:\/\/www.formedia.pl\/sklep\/wp-content\/uploads\/2021\/02\/Stand_na_aparat_fotograficzny_PNPA4.jpg","width":504,"height":504,"caption":"ekspozytor z plexi na aparat"},{"@type":"BreadcrumbList","@id":"https:\/\/www.formedia.pl\/sklep\/produkt\/stojak-na-kosmetyki-snk26\/#breadcrumb","itemListElement":[{"@type":"ListItem","position":1,"name":"Strona g\u0142\u00f3wna","item":"https:\/\/www.formedia.pl\/sklep\/"},{"@type":"ListItem","position":2,"name":"Sklep","item":"https:\/\/www.formedia.pl\/sklep\/"},{"@type":"ListItem","position":3,"name":"Stojak na kosmetyki, SNK26"}]},{"@type":"WebSite","@id":"https:\/\/www.formedia.pl\/sklep\/#website","url":"https:\/\/www.formedia.pl\/sklep\/","name":"Formedia","description":"Producent wyrob\u00f3w z tworzyw sztucznych","publisher":{"@id":"https:\/\/www.formedia.pl\/sklep\/#organization"},"alternateName":"Formedia","potentialAction":[{"@type":"SearchAction","target":{"@type":"EntryPoint","urlTemplate":"https:\/\/www.formedia.pl\/sklep\/?s={search_term_string}"},"query-input":{"@type":"PropertyValueSpecification","valueRequired":true,"valueName":"search_term_string"}}],"inLanguage":"pl-PL"},{"@type":"Organization","@id":"https:\/\/www.formedia.pl\/sklep\/#organization","name":"Formedia","alternateName":"Formedia","url":"https:\/\/www.formedia.pl\/sklep\/","logo":{"@type":"ImageObject","inLanguage":"pl-PL","@id":"https:\/\/www.formedia.pl\/sklep\/#\/schema\/logo\/image\/","url":"https:\/\/www.formedia.pl\/sklep\/wp-content\/uploads\/2025\/03\/1x1cropped-logo-WWW-ForMedia-bialy.png","contentUrl":"https:\/\/www.formedia.pl\/sklep\/wp-content\/uploads\/2025\/03\/1x1cropped-logo-WWW-ForMedia-bialy.png","width":412,"height":412,"caption":"Formedia"},"image":{"@id":"https:\/\/www.formedia.pl\/sklep\/#\/schema\/logo\/image\/"},"sameAs":["https:\/\/www.facebook.com\/formedia.bydgoszcz\/","https:\/\/www.youtube.com\/@formedia4306"]}]}},"_links":{"self":[{"href":"https:\/\/www.formedia.pl\/sklep\/wp-json\/wp\/v2\/product\/21714","targetHints":{"allow":["GET"]}}],"collection":[{"href":"https:\/\/www.formedia.pl\/sklep\/wp-json\/wp\/v2\/product"}],"about":[{"href":"https:\/\/www.formedia.pl\/sklep\/wp-json\/wp\/v2\/types\/product"}],"wp:featuredmedia":[{"embeddable":true,"href":"https:\/\/www.formedia.pl\/sklep\/wp-json\/wp\/v2\/media\/14172"}],"wp:attachment":[{"href":"https:\/\/www.formedia.pl\/sklep\/wp-json\/wp\/v2\/media?parent=21714"}],"wp:term":[{"taxonomy":"product_brand","embeddable":true,"href":"https:\/\/www.formedia.pl\/sklep\/wp-json\/wp\/v2\/product_brand?post=21714"},{"taxonomy":"product_cat","embeddable":true,"href":"https:\/\/www.formedia.pl\/sklep\/wp-json\/wp\/v2\/product_cat?post=21714"},{"taxonomy":"product_tag","embeddable":true,"href":"https:\/\/www.formedia.pl\/sklep\/wp-json\/wp\/v2\/product_tag?post=21714"},{"taxonomy":"woo-feed-brand","embeddable":true,"href":"https:\/\/www.formedia.pl\/sklep\/wp-json\/wp\/v2\/woo-feed-brand?post=21714"}],"curies":[{"name":"wp","href":"https:\/\/api.w.org\/{rel}","templated":true}]}}