{"id":21724,"date":"2023-01-10T11:48:32","date_gmt":"2023-01-10T10:48:32","guid":{"rendered":"https:\/\/www.formedia.pl\/sklep\/?post_type=product&#038;p=21724"},"modified":"2026-04-01T08:26:48","modified_gmt":"2026-04-01T06:26:48","slug":"stojak-ekspozytor-z-plexi-na-kredki-lub-pedzelki-na-20-sztuk-10-sztuk-snk32","status":"publish","type":"product","link":"https:\/\/www.formedia.pl\/sklep\/produkt\/stojak-ekspozytor-z-plexi-na-kredki-lub-pedzelki-na-20-sztuk-10-sztuk-snk32\/","title":{"rendered":"Stojak, ekspozytor z plexi na kredki lub p\u0119dzelki, na 20 sztuk, 10 sztuk, SNK32"},"content":{"rendered":"<h2><span style=\"color: #ff6600;\">Stojak na kredki z plexi<\/span><\/h2>\n<p>Elegancki wygl\u0105d i praktyczne u\u017cycie? Stojak z plexi na kredki do oczu i p\u0119dzelki, stosowany jest w sklepach, zak\u0142adach kosmetycznych i drogeriach. Sprawia ze utrzymanie porz\u0105dku jest \u0142atwe. Do wyboru jest w bia\u0142ym, bezbarwnym oraz czarnym kolorze. W\u0142o\u017cy\u0107 do niego mo\u017cesz a\u017c dwadzie\u015bcia d\u0142ugopis\u00f3w. Wykonany z dobrej jako\u015bci materia\u0142\u00f3w przez co jest odporny na uszkodzenia i stabilny. \u0141atwy w czyszczeniu, dlatego sporo os\u00f3b u\u017cywa go tak\u017ce w swoim domu. Posiada elegancki i estetyczny wygl\u0105d dzi\u0119ki czemu pasuje do ka\u017cdego wn\u0119trza.<\/p>\n<p><b>U<\/b><b>WAGA!<\/b><b><\/b><\/p>\n<ul>\n<li><span style=\"vertical-align: inherit;\"><span style=\"vertical-align: inherit;\">Wyroby z plexi s\u0105 foli\u0105 zwyk\u0142\u0105. <\/span><span style=\"vertical-align: inherit;\">Przed us\u0142ug\u0105 nale\u017cy j\u0105 \u015bci\u0105gn\u0105\u0107. <\/span><\/span><\/li>\n<li><span style=\"vertical-align: inherit;\"><span style=\"vertical-align: inherit;\">Inne wzory ust\u0119p\u00f3w dla Pa\u0144stwa na zam\u00f3wienie. <\/span><span style=\"vertical-align: inherit;\">W celu ustalenia nowego o kontakt z biurem obs\u0142ugi klienta: <\/span><\/span><strong><span style=\"color: #ff6600;\"><a style=\"color: #ff6600;\" href=\"tel:+48661036036\"><span style=\"vertical-align: inherit;\"><span style=\"vertical-align: inherit;\">tel. <\/span><span style=\"vertical-align: inherit;\">661 036 036<\/span><\/span><\/a><\/span><\/strong><\/li>\n<li><span style=\"vertical-align: inherit;\"><span style=\"vertical-align: inherit;\">Oferujemy r\u00f3wnie\u017c znakowanie metod\u0105 grawerowania oraz nadruku utwardzanego \u015bwiat\u0142em UV. <\/span><\/span><\/li>\n<li><span style=\"vertical-align: inherit;\"><span style=\"vertical-align: inherit;\">Sprawd\u017a paczk\u0119 przy kurierze i oce\u0144 czy zawarto\u015b\u0107 nie jest uszkodzona! <\/span><span style=\"vertical-align: inherit;\">Protok\u00f3\u0142 obiektu jest narz\u0119dziem do reklamacji.<\/span><\/span><\/li>\n<\/ul>\n","protected":false},"excerpt":{"rendered":"<ul>\n<li><span style=\"color: #ff6600;\"><strong>Wymiary stojaka (d\u0142. x szer. x wys.): <\/strong><\/span>90 x 105 x 110 mm<\/li>\n<li><strong><span style=\"color: #ff6600;\">Materia\u0142 (do wyboru):<\/span><\/strong> plexi bezbarwna, bia\u0142a lub czarna<\/li>\n<li><strong><span style=\"color: #ff6600;\">Kod produktu:<\/span><\/strong> SNK32<\/li>\n<\/ul>\n","protected":false},"featured_media":17998,"template":"","meta":[],"product_brand":[],"product_cat":[896,895,707,881],"product_tag":[],"woo-feed-brand":[],"class_list":{"0":"post-21724","1":"product","2":"type-product","3":"status-publish","4":"has-post-thumbnail","6":"product_cat-branza-farmaceutyczna","7":"product_cat-branza-kosmetyczna","8":"product_cat-ekspozytor-prezenter","9":"product_cat-stojaki-na-dlugopisy","11":"first","12":"instock","13":"taxable","14":"shipping-taxable","15":"purchasable","16":"product-type-variable"},"yoast_head":"<!-- This site is optimized with the Yoast SEO plugin v27.5 - https:\/\/yoast.com\/product\/yoast-seo-wordpress\/ -->\n<title>Stojak, ekspozytor z plexi na kredki lub p\u0119dzelki, na 20 sztuk, 10 sztuk, SNK32 - Formedia<\/title>\n<meta name=\"description\" content=\"Producent wyrob\u00f3w z plexi. Sprawd\u017a Stojak, ekspozytor z plexi na kredki lub p\u0119dzelki, na 20 sztuk, 10 sztuk, SNK32. Indywidualne podej\u015bcie, w\u0142asne studio projektowe. Zapraszamy!\" \/>\n<meta name=\"robots\" content=\"index, follow, max-snippet:-1, max-image-preview:large, max-video-preview:-1\" \/>\n<link rel=\"canonical\" href=\"https:\/\/www.formedia.pl\/sklep\/produkt\/stojak-ekspozytor-z-plexi-na-kredki-lub-pedzelki-na-20-sztuk-10-sztuk-snk32\/\" \/>\n<meta property=\"og:locale\" content=\"pl_PL\" \/>\n<meta property=\"og:type\" content=\"article\" \/>\n<meta property=\"og:title\" content=\"Stojak, ekspozytor z plexi na kredki lub p\u0119dzelki, na 20 sztuk, 10 sztuk, SNK32 - Formedia\" \/>\n<meta property=\"og:description\" content=\"Producent wyrob\u00f3w z plexi. Sprawd\u017a Stojak, ekspozytor z plexi na kredki lub p\u0119dzelki, na 20 sztuk, 10 sztuk, SNK32. Indywidualne podej\u015bcie, w\u0142asne studio projektowe. Zapraszamy!\" \/>\n<meta property=\"og:url\" content=\"https:\/\/www.formedia.pl\/sklep\/produkt\/stojak-ekspozytor-z-plexi-na-kredki-lub-pedzelki-na-20-sztuk-10-sztuk-snk32\/\" \/>\n<meta property=\"og:site_name\" content=\"Formedia\" \/>\n<meta property=\"article:publisher\" content=\"https:\/\/www.facebook.com\/formedia.bydgoszcz\/\" \/>\n<meta property=\"article:modified_time\" content=\"2026-04-01T06:26:48+00:00\" \/>\n<meta property=\"og:image\" content=\"https:\/\/www.formedia.pl\/sklep\/wp-content\/uploads\/2019\/03\/stojak-ekspozytor-z-plexi-na-wiele-dlugopisow-do-sklepu-na-lade-do-gabloty-na-targi.jpg\" \/>\n\t<meta property=\"og:image:width\" content=\"602\" \/>\n\t<meta property=\"og:image:height\" content=\"602\" \/>\n\t<meta property=\"og:image:type\" content=\"image\/jpeg\" \/>\n<meta name=\"twitter:card\" content=\"summary_large_image\" \/>\n<meta name=\"twitter:label1\" content=\"Szacowany czas czytania\" \/>\n\t<meta name=\"twitter:data1\" content=\"1 minuta\" \/>\n<script type=\"application\/ld+json\" class=\"yoast-schema-graph\">{\"@context\":\"https:\\\/\\\/schema.org\",\"@graph\":[{\"@type\":\"WebPage\",\"@id\":\"https:\\\/\\\/www.formedia.pl\\\/sklep\\\/produkt\\\/stojak-ekspozytor-z-plexi-na-kredki-lub-pedzelki-na-20-sztuk-10-sztuk-snk32\\\/\",\"url\":\"https:\\\/\\\/www.formedia.pl\\\/sklep\\\/produkt\\\/stojak-ekspozytor-z-plexi-na-kredki-lub-pedzelki-na-20-sztuk-10-sztuk-snk32\\\/\",\"name\":\"Stojak, ekspozytor z plexi na kredki lub p\u0119dzelki, na 20 sztuk, 10 sztuk, SNK32 - Formedia\",\"isPartOf\":{\"@id\":\"https:\\\/\\\/www.formedia.pl\\\/sklep\\\/#website\"},\"primaryImageOfPage\":{\"@id\":\"https:\\\/\\\/www.formedia.pl\\\/sklep\\\/produkt\\\/stojak-ekspozytor-z-plexi-na-kredki-lub-pedzelki-na-20-sztuk-10-sztuk-snk32\\\/#primaryimage\"},\"image\":{\"@id\":\"https:\\\/\\\/www.formedia.pl\\\/sklep\\\/produkt\\\/stojak-ekspozytor-z-plexi-na-kredki-lub-pedzelki-na-20-sztuk-10-sztuk-snk32\\\/#primaryimage\"},\"thumbnailUrl\":\"https:\\\/\\\/www.formedia.pl\\\/sklep\\\/wp-content\\\/uploads\\\/2019\\\/03\\\/stojak-ekspozytor-z-plexi-na-wiele-dlugopisow-do-sklepu-na-lade-do-gabloty-na-targi.jpg\",\"datePublished\":\"2023-01-10T10:48:32+00:00\",\"dateModified\":\"2026-04-01T06:26:48+00:00\",\"description\":\"Producent wyrob\u00f3w z plexi. Sprawd\u017a Stojak, ekspozytor z plexi na kredki lub p\u0119dzelki, na 20 sztuk, 10 sztuk, SNK32. Indywidualne podej\u015bcie, w\u0142asne studio projektowe. Zapraszamy!\",\"breadcrumb\":{\"@id\":\"https:\\\/\\\/www.formedia.pl\\\/sklep\\\/produkt\\\/stojak-ekspozytor-z-plexi-na-kredki-lub-pedzelki-na-20-sztuk-10-sztuk-snk32\\\/#breadcrumb\"},\"inLanguage\":\"pl-PL\",\"potentialAction\":[{\"@type\":\"ReadAction\",\"target\":[\"https:\\\/\\\/www.formedia.pl\\\/sklep\\\/produkt\\\/stojak-ekspozytor-z-plexi-na-kredki-lub-pedzelki-na-20-sztuk-10-sztuk-snk32\\\/\"]}]},{\"@type\":\"ImageObject\",\"inLanguage\":\"pl-PL\",\"@id\":\"https:\\\/\\\/www.formedia.pl\\\/sklep\\\/produkt\\\/stojak-ekspozytor-z-plexi-na-kredki-lub-pedzelki-na-20-sztuk-10-sztuk-snk32\\\/#primaryimage\",\"url\":\"https:\\\/\\\/www.formedia.pl\\\/sklep\\\/wp-content\\\/uploads\\\/2019\\\/03\\\/stojak-ekspozytor-z-plexi-na-wiele-dlugopisow-do-sklepu-na-lade-do-gabloty-na-targi.jpg\",\"contentUrl\":\"https:\\\/\\\/www.formedia.pl\\\/sklep\\\/wp-content\\\/uploads\\\/2019\\\/03\\\/stojak-ekspozytor-z-plexi-na-wiele-dlugopisow-do-sklepu-na-lade-do-gabloty-na-targi.jpg\",\"width\":602,\"height\":602,\"caption\":\"ekspozytor stojak na wiele d\u0142ugopis\u00f3w z plexi producent polski\"},{\"@type\":\"BreadcrumbList\",\"@id\":\"https:\\\/\\\/www.formedia.pl\\\/sklep\\\/produkt\\\/stojak-ekspozytor-z-plexi-na-kredki-lub-pedzelki-na-20-sztuk-10-sztuk-snk32\\\/#breadcrumb\",\"itemListElement\":[{\"@type\":\"ListItem\",\"position\":1,\"name\":\"Strona g\u0142\u00f3wna\",\"item\":\"https:\\\/\\\/www.formedia.pl\\\/sklep\\\/\"},{\"@type\":\"ListItem\",\"position\":2,\"name\":\"Sklep\",\"item\":\"https:\\\/\\\/www.formedia.pl\\\/sklep\\\/\"},{\"@type\":\"ListItem\",\"position\":3,\"name\":\"Stojak, ekspozytor z plexi na kredki lub p\u0119dzelki, na 20 sztuk, 10 sztuk, SNK32\"}]},{\"@type\":\"WebSite\",\"@id\":\"https:\\\/\\\/www.formedia.pl\\\/sklep\\\/#website\",\"url\":\"https:\\\/\\\/www.formedia.pl\\\/sklep\\\/\",\"name\":\"Formedia\",\"description\":\"Producent wyrob\u00f3w z tworzyw sztucznych\",\"publisher\":{\"@id\":\"https:\\\/\\\/www.formedia.pl\\\/sklep\\\/#organization\"},\"alternateName\":\"Formedia\",\"potentialAction\":[{\"@type\":\"SearchAction\",\"target\":{\"@type\":\"EntryPoint\",\"urlTemplate\":\"https:\\\/\\\/www.formedia.pl\\\/sklep\\\/?s={search_term_string}\"},\"query-input\":{\"@type\":\"PropertyValueSpecification\",\"valueRequired\":true,\"valueName\":\"search_term_string\"}}],\"inLanguage\":\"pl-PL\"},{\"@type\":\"Organization\",\"@id\":\"https:\\\/\\\/www.formedia.pl\\\/sklep\\\/#organization\",\"name\":\"Formedia\",\"alternateName\":\"Formedia\",\"url\":\"https:\\\/\\\/www.formedia.pl\\\/sklep\\\/\",\"logo\":{\"@type\":\"ImageObject\",\"inLanguage\":\"pl-PL\",\"@id\":\"https:\\\/\\\/www.formedia.pl\\\/sklep\\\/#\\\/schema\\\/logo\\\/image\\\/\",\"url\":\"https:\\\/\\\/www.formedia.pl\\\/sklep\\\/wp-content\\\/uploads\\\/2025\\\/03\\\/1x1cropped-logo-WWW-ForMedia-bialy.png\",\"contentUrl\":\"https:\\\/\\\/www.formedia.pl\\\/sklep\\\/wp-content\\\/uploads\\\/2025\\\/03\\\/1x1cropped-logo-WWW-ForMedia-bialy.png\",\"width\":412,\"height\":412,\"caption\":\"Formedia\"},\"image\":{\"@id\":\"https:\\\/\\\/www.formedia.pl\\\/sklep\\\/#\\\/schema\\\/logo\\\/image\\\/\"},\"sameAs\":[\"https:\\\/\\\/www.facebook.com\\\/formedia.bydgoszcz\\\/\",\"https:\\\/\\\/www.youtube.com\\\/@formedia4306\"]}]}<\/script>\n<!-- \/ Yoast SEO plugin. -->","yoast_head_json":{"title":"Stojak, ekspozytor z plexi na kredki lub p\u0119dzelki, na 20 sztuk, 10 sztuk, SNK32 - Formedia","description":"Producent wyrob\u00f3w z plexi. Sprawd\u017a Stojak, ekspozytor z plexi na kredki lub p\u0119dzelki, na 20 sztuk, 10 sztuk, SNK32. Indywidualne podej\u015bcie, w\u0142asne studio projektowe. Zapraszamy!","robots":{"index":"index","follow":"follow","max-snippet":"max-snippet:-1","max-image-preview":"max-image-preview:large","max-video-preview":"max-video-preview:-1"},"canonical":"https:\/\/www.formedia.pl\/sklep\/produkt\/stojak-ekspozytor-z-plexi-na-kredki-lub-pedzelki-na-20-sztuk-10-sztuk-snk32\/","og_locale":"pl_PL","og_type":"article","og_title":"Stojak, ekspozytor z plexi na kredki lub p\u0119dzelki, na 20 sztuk, 10 sztuk, SNK32 - Formedia","og_description":"Producent wyrob\u00f3w z plexi. Sprawd\u017a Stojak, ekspozytor z plexi na kredki lub p\u0119dzelki, na 20 sztuk, 10 sztuk, SNK32. Indywidualne podej\u015bcie, w\u0142asne studio projektowe. Zapraszamy!","og_url":"https:\/\/www.formedia.pl\/sklep\/produkt\/stojak-ekspozytor-z-plexi-na-kredki-lub-pedzelki-na-20-sztuk-10-sztuk-snk32\/","og_site_name":"Formedia","article_publisher":"https:\/\/www.facebook.com\/formedia.bydgoszcz\/","article_modified_time":"2026-04-01T06:26:48+00:00","og_image":[{"width":602,"height":602,"url":"https:\/\/www.formedia.pl\/sklep\/wp-content\/uploads\/2019\/03\/stojak-ekspozytor-z-plexi-na-wiele-dlugopisow-do-sklepu-na-lade-do-gabloty-na-targi.jpg","type":"image\/jpeg"}],"twitter_card":"summary_large_image","twitter_misc":{"Szacowany czas czytania":"1 minuta"},"schema":{"@context":"https:\/\/schema.org","@graph":[{"@type":"WebPage","@id":"https:\/\/www.formedia.pl\/sklep\/produkt\/stojak-ekspozytor-z-plexi-na-kredki-lub-pedzelki-na-20-sztuk-10-sztuk-snk32\/","url":"https:\/\/www.formedia.pl\/sklep\/produkt\/stojak-ekspozytor-z-plexi-na-kredki-lub-pedzelki-na-20-sztuk-10-sztuk-snk32\/","name":"Stojak, ekspozytor z plexi na kredki lub p\u0119dzelki, na 20 sztuk, 10 sztuk, SNK32 - Formedia","isPartOf":{"@id":"https:\/\/www.formedia.pl\/sklep\/#website"},"primaryImageOfPage":{"@id":"https:\/\/www.formedia.pl\/sklep\/produkt\/stojak-ekspozytor-z-plexi-na-kredki-lub-pedzelki-na-20-sztuk-10-sztuk-snk32\/#primaryimage"},"image":{"@id":"https:\/\/www.formedia.pl\/sklep\/produkt\/stojak-ekspozytor-z-plexi-na-kredki-lub-pedzelki-na-20-sztuk-10-sztuk-snk32\/#primaryimage"},"thumbnailUrl":"https:\/\/www.formedia.pl\/sklep\/wp-content\/uploads\/2019\/03\/stojak-ekspozytor-z-plexi-na-wiele-dlugopisow-do-sklepu-na-lade-do-gabloty-na-targi.jpg","datePublished":"2023-01-10T10:48:32+00:00","dateModified":"2026-04-01T06:26:48+00:00","description":"Producent wyrob\u00f3w z plexi. Sprawd\u017a Stojak, ekspozytor z plexi na kredki lub p\u0119dzelki, na 20 sztuk, 10 sztuk, SNK32. Indywidualne podej\u015bcie, w\u0142asne studio projektowe. Zapraszamy!","breadcrumb":{"@id":"https:\/\/www.formedia.pl\/sklep\/produkt\/stojak-ekspozytor-z-plexi-na-kredki-lub-pedzelki-na-20-sztuk-10-sztuk-snk32\/#breadcrumb"},"inLanguage":"pl-PL","potentialAction":[{"@type":"ReadAction","target":["https:\/\/www.formedia.pl\/sklep\/produkt\/stojak-ekspozytor-z-plexi-na-kredki-lub-pedzelki-na-20-sztuk-10-sztuk-snk32\/"]}]},{"@type":"ImageObject","inLanguage":"pl-PL","@id":"https:\/\/www.formedia.pl\/sklep\/produkt\/stojak-ekspozytor-z-plexi-na-kredki-lub-pedzelki-na-20-sztuk-10-sztuk-snk32\/#primaryimage","url":"https:\/\/www.formedia.pl\/sklep\/wp-content\/uploads\/2019\/03\/stojak-ekspozytor-z-plexi-na-wiele-dlugopisow-do-sklepu-na-lade-do-gabloty-na-targi.jpg","contentUrl":"https:\/\/www.formedia.pl\/sklep\/wp-content\/uploads\/2019\/03\/stojak-ekspozytor-z-plexi-na-wiele-dlugopisow-do-sklepu-na-lade-do-gabloty-na-targi.jpg","width":602,"height":602,"caption":"ekspozytor stojak na wiele d\u0142ugopis\u00f3w z plexi producent polski"},{"@type":"BreadcrumbList","@id":"https:\/\/www.formedia.pl\/sklep\/produkt\/stojak-ekspozytor-z-plexi-na-kredki-lub-pedzelki-na-20-sztuk-10-sztuk-snk32\/#breadcrumb","itemListElement":[{"@type":"ListItem","position":1,"name":"Strona g\u0142\u00f3wna","item":"https:\/\/www.formedia.pl\/sklep\/"},{"@type":"ListItem","position":2,"name":"Sklep","item":"https:\/\/www.formedia.pl\/sklep\/"},{"@type":"ListItem","position":3,"name":"Stojak, ekspozytor z plexi na kredki lub p\u0119dzelki, na 20 sztuk, 10 sztuk, SNK32"}]},{"@type":"WebSite","@id":"https:\/\/www.formedia.pl\/sklep\/#website","url":"https:\/\/www.formedia.pl\/sklep\/","name":"Formedia","description":"Producent wyrob\u00f3w z tworzyw sztucznych","publisher":{"@id":"https:\/\/www.formedia.pl\/sklep\/#organization"},"alternateName":"Formedia","potentialAction":[{"@type":"SearchAction","target":{"@type":"EntryPoint","urlTemplate":"https:\/\/www.formedia.pl\/sklep\/?s={search_term_string}"},"query-input":{"@type":"PropertyValueSpecification","valueRequired":true,"valueName":"search_term_string"}}],"inLanguage":"pl-PL"},{"@type":"Organization","@id":"https:\/\/www.formedia.pl\/sklep\/#organization","name":"Formedia","alternateName":"Formedia","url":"https:\/\/www.formedia.pl\/sklep\/","logo":{"@type":"ImageObject","inLanguage":"pl-PL","@id":"https:\/\/www.formedia.pl\/sklep\/#\/schema\/logo\/image\/","url":"https:\/\/www.formedia.pl\/sklep\/wp-content\/uploads\/2025\/03\/1x1cropped-logo-WWW-ForMedia-bialy.png","contentUrl":"https:\/\/www.formedia.pl\/sklep\/wp-content\/uploads\/2025\/03\/1x1cropped-logo-WWW-ForMedia-bialy.png","width":412,"height":412,"caption":"Formedia"},"image":{"@id":"https:\/\/www.formedia.pl\/sklep\/#\/schema\/logo\/image\/"},"sameAs":["https:\/\/www.facebook.com\/formedia.bydgoszcz\/","https:\/\/www.youtube.com\/@formedia4306"]}]}},"_links":{"self":[{"href":"https:\/\/www.formedia.pl\/sklep\/wp-json\/wp\/v2\/product\/21724","targetHints":{"allow":["GET"]}}],"collection":[{"href":"https:\/\/www.formedia.pl\/sklep\/wp-json\/wp\/v2\/product"}],"about":[{"href":"https:\/\/www.formedia.pl\/sklep\/wp-json\/wp\/v2\/types\/product"}],"wp:featuredmedia":[{"embeddable":true,"href":"https:\/\/www.formedia.pl\/sklep\/wp-json\/wp\/v2\/media\/17998"}],"wp:attachment":[{"href":"https:\/\/www.formedia.pl\/sklep\/wp-json\/wp\/v2\/media?parent=21724"}],"wp:term":[{"taxonomy":"product_brand","embeddable":true,"href":"https:\/\/www.formedia.pl\/sklep\/wp-json\/wp\/v2\/product_brand?post=21724"},{"taxonomy":"product_cat","embeddable":true,"href":"https:\/\/www.formedia.pl\/sklep\/wp-json\/wp\/v2\/product_cat?post=21724"},{"taxonomy":"product_tag","embeddable":true,"href":"https:\/\/www.formedia.pl\/sklep\/wp-json\/wp\/v2\/product_tag?post=21724"},{"taxonomy":"woo-feed-brand","embeddable":true,"href":"https:\/\/www.formedia.pl\/sklep\/wp-json\/wp\/v2\/woo-feed-brand?post=21724"}],"curies":[{"name":"wp","href":"https:\/\/api.w.org\/{rel}","templated":true}]}}