{"id":21728,"date":"2023-01-10T11:52:44","date_gmt":"2023-01-10T10:52:44","guid":{"rendered":"https:\/\/www.formedia.pl\/sklep\/?post_type=product&#038;p=21728"},"modified":"2026-04-01T08:26:48","modified_gmt":"2026-04-01T06:26:48","slug":"stojak-na-kosmetyk-z-miejscem-na-ulotke-a4-snk33","status":"publish","type":"product","link":"https:\/\/www.formedia.pl\/sklep\/produkt\/stojak-na-kosmetyk-z-miejscem-na-ulotke-a4-snk33\/","title":{"rendered":"Stojak na kosmetyk z miejscem na ulotk\u0119 A4, SNK33"},"content":{"rendered":"<h2 align=\"LEFT\"><span style=\"color: #ff6600;\">Stojak na kosmetyk z miejscem na ulotk\u0119 A4<\/span><\/h2>\n<p align=\"LEFT\">Stojak na kosmetyk z mo\u017cliwo\u015bci\u0105 wstawienia pasuj\u0105cej ulotki. Idealnie sprawdzi si\u0119 w sklepie z kosmetykami. Dopasowany kosmetyk z ulotk\u0105 na stojaku doda wyj\u0105tkowo\u015bci produktowi.<\/p>\n<p><strong>UWAGA!<\/strong><b><\/b><\/p>\n<ul>\n<li><span style=\"vertical-align: inherit;\">Wyroby z plexi s\u0105 foli\u0105 zwyk\u0142\u0105. Przed us\u0142ug\u0105 nale\u017cy j\u0105 \u015bci\u0105gn\u0105\u0107. <\/span><\/li>\n<li><span style=\"vertical-align: inherit;\">Inne wzory ust\u0119p\u00f3w dla Pa\u0144stwa na zam\u00f3wienie. W celu ustalenia nowego o kontakt z biurem obs\u0142ugi klienta: <\/span><strong><span style=\"color: #ff6600;\"><a style=\"color: #ff6600;\" href=\"tel:+48661036036\"><span style=\"vertical-align: inherit;\">tel. 661 036 036<\/span><\/a><\/span><\/strong><\/li>\n<li><span style=\"vertical-align: inherit;\">Oferujemy r\u00f3wnie\u017c znakowanie metod\u0105 grawerowania oraz nadruku utwardzanego \u015bwiat\u0142em UV. <\/span><\/li>\n<li><span style=\"vertical-align: inherit;\">Sprawd\u017a paczk\u0119 przy kurierze i oce\u0144 czy zawarto\u015b\u0107 nie jest uszkodzona! Protok\u00f3\u0142 obiektu jest narz\u0119dziem do reklamacji.<\/span><\/li>\n<\/ul>\n","protected":false},"excerpt":{"rendered":"<ul>\n<li>Produkt sprzedawany w kompletach po 5 sztuk<\/li>\n<li><strong><span style=\"color: #ff6600;\">Wymiary kartki (szer. x wys.):<\/span><\/strong> 210 x 297 mm<\/li>\n<li><strong><span style=\"color: #ff6600;\">Wymiary stojaka (d\u0142. x szer. x wys.):<\/span><\/strong> 150 x 210 x 300 mm<\/li>\n<li><strong><span style=\"color: #ff6600;\">Materia\u0142:<\/span><\/strong> plexi bezbarwna<\/li>\n<li><strong><span style=\"color: #ff6600;\">Grubo\u015b\u0107:<\/span><\/strong> 2 mm<\/li>\n<li><strong><span style=\"color: #ff6600;\">Kod produktu:<\/span><\/strong> SNK33<\/li>\n<\/ul>\n","protected":false},"featured_media":17661,"template":"","meta":[],"product_brand":[],"product_cat":[897,900,865,216,860],"product_tag":[],"woo-feed-brand":[],"class_list":{"0":"post-21728","1":"product","2":"type-product","3":"status-publish","4":"has-post-thumbnail","6":"product_cat-branza-odziezowa","7":"product_cat-branza-biurowa","8":"product_cat-format-a4","9":"product_cat-stojaki-reklamowe-z-pleksi","10":"product_cat-stojaki-z-plexi","12":"first","13":"instock","14":"taxable","15":"shipping-taxable","16":"product-type-simple"},"yoast_head":"<!-- This site is optimized with the Yoast SEO plugin v27.5 - https:\/\/yoast.com\/product\/yoast-seo-wordpress\/ -->\n<title>Stojak na kosmetyk z miejscem na ulotk\u0119 A4, SNK33 - Formedia<\/title>\n<meta name=\"description\" content=\"Producent wyrob\u00f3w z plexi. Sprawd\u017a Stojak na kosmetyk z miejscem na ulotk\u0119 A4, SNK33. Indywidualne podej\u015bcie, w\u0142asne studio projektowe. Zapraszamy!\" \/>\n<meta name=\"robots\" content=\"index, follow, max-snippet:-1, max-image-preview:large, max-video-preview:-1\" \/>\n<link rel=\"canonical\" href=\"https:\/\/www.formedia.pl\/sklep\/produkt\/stojak-na-kosmetyk-z-miejscem-na-ulotke-a4-snk33\/\" \/>\n<meta property=\"og:locale\" content=\"pl_PL\" \/>\n<meta property=\"og:type\" content=\"article\" \/>\n<meta property=\"og:title\" content=\"Stojak na kosmetyk z miejscem na ulotk\u0119 A4, SNK33 - Formedia\" \/>\n<meta property=\"og:description\" content=\"Producent wyrob\u00f3w z plexi. Sprawd\u017a Stojak na kosmetyk z miejscem na ulotk\u0119 A4, SNK33. Indywidualne podej\u015bcie, w\u0142asne studio projektowe. Zapraszamy!\" \/>\n<meta property=\"og:url\" content=\"https:\/\/www.formedia.pl\/sklep\/produkt\/stojak-na-kosmetyk-z-miejscem-na-ulotke-a4-snk33\/\" \/>\n<meta property=\"og:site_name\" content=\"Formedia\" \/>\n<meta property=\"article:publisher\" content=\"https:\/\/www.facebook.com\/formedia.bydgoszcz\/\" \/>\n<meta property=\"article:modified_time\" content=\"2026-04-01T06:26:48+00:00\" \/>\n<meta property=\"og:image\" content=\"https:\/\/www.formedia.pl\/sklep\/wp-content\/uploads\/2020\/03\/podajnik-do-durzej-ilosci-ulotek-broszur-ekspozytor-na-ksiazke-producent.jpg\" \/>\n\t<meta property=\"og:image:width\" content=\"602\" \/>\n\t<meta property=\"og:image:height\" content=\"602\" \/>\n\t<meta property=\"og:image:type\" content=\"image\/jpeg\" \/>\n<meta name=\"twitter:card\" content=\"summary_large_image\" \/>\n<meta name=\"twitter:label1\" content=\"Szacowany czas czytania\" \/>\n\t<meta name=\"twitter:data1\" content=\"1 minuta\" \/>\n<script type=\"application\/ld+json\" class=\"yoast-schema-graph\">{\"@context\":\"https:\\\/\\\/schema.org\",\"@graph\":[{\"@type\":\"WebPage\",\"@id\":\"https:\\\/\\\/www.formedia.pl\\\/sklep\\\/produkt\\\/stojak-na-kosmetyk-z-miejscem-na-ulotke-a4-snk33\\\/\",\"url\":\"https:\\\/\\\/www.formedia.pl\\\/sklep\\\/produkt\\\/stojak-na-kosmetyk-z-miejscem-na-ulotke-a4-snk33\\\/\",\"name\":\"Stojak na kosmetyk z miejscem na ulotk\u0119 A4, SNK33 - Formedia\",\"isPartOf\":{\"@id\":\"https:\\\/\\\/www.formedia.pl\\\/sklep\\\/#website\"},\"primaryImageOfPage\":{\"@id\":\"https:\\\/\\\/www.formedia.pl\\\/sklep\\\/produkt\\\/stojak-na-kosmetyk-z-miejscem-na-ulotke-a4-snk33\\\/#primaryimage\"},\"image\":{\"@id\":\"https:\\\/\\\/www.formedia.pl\\\/sklep\\\/produkt\\\/stojak-na-kosmetyk-z-miejscem-na-ulotke-a4-snk33\\\/#primaryimage\"},\"thumbnailUrl\":\"https:\\\/\\\/www.formedia.pl\\\/sklep\\\/wp-content\\\/uploads\\\/2020\\\/03\\\/podajnik-do-durzej-ilosci-ulotek-broszur-ekspozytor-na-ksiazke-producent.jpg\",\"datePublished\":\"2023-01-10T10:52:44+00:00\",\"dateModified\":\"2026-04-01T06:26:48+00:00\",\"description\":\"Producent wyrob\u00f3w z plexi. Sprawd\u017a Stojak na kosmetyk z miejscem na ulotk\u0119 A4, SNK33. Indywidualne podej\u015bcie, w\u0142asne studio projektowe. Zapraszamy!\",\"breadcrumb\":{\"@id\":\"https:\\\/\\\/www.formedia.pl\\\/sklep\\\/produkt\\\/stojak-na-kosmetyk-z-miejscem-na-ulotke-a4-snk33\\\/#breadcrumb\"},\"inLanguage\":\"pl-PL\",\"potentialAction\":[{\"@type\":\"ReadAction\",\"target\":[\"https:\\\/\\\/www.formedia.pl\\\/sklep\\\/produkt\\\/stojak-na-kosmetyk-z-miejscem-na-ulotke-a4-snk33\\\/\"]}]},{\"@type\":\"ImageObject\",\"inLanguage\":\"pl-PL\",\"@id\":\"https:\\\/\\\/www.formedia.pl\\\/sklep\\\/produkt\\\/stojak-na-kosmetyk-z-miejscem-na-ulotke-a4-snk33\\\/#primaryimage\",\"url\":\"https:\\\/\\\/www.formedia.pl\\\/sklep\\\/wp-content\\\/uploads\\\/2020\\\/03\\\/podajnik-do-durzej-ilosci-ulotek-broszur-ekspozytor-na-ksiazke-producent.jpg\",\"contentUrl\":\"https:\\\/\\\/www.formedia.pl\\\/sklep\\\/wp-content\\\/uploads\\\/2020\\\/03\\\/podajnik-do-durzej-ilosci-ulotek-broszur-ekspozytor-na-ksiazke-producent.jpg\",\"width\":602,\"height\":602,\"caption\":\"efektywny podajnik na broszury\"},{\"@type\":\"BreadcrumbList\",\"@id\":\"https:\\\/\\\/www.formedia.pl\\\/sklep\\\/produkt\\\/stojak-na-kosmetyk-z-miejscem-na-ulotke-a4-snk33\\\/#breadcrumb\",\"itemListElement\":[{\"@type\":\"ListItem\",\"position\":1,\"name\":\"Strona g\u0142\u00f3wna\",\"item\":\"https:\\\/\\\/www.formedia.pl\\\/sklep\\\/\"},{\"@type\":\"ListItem\",\"position\":2,\"name\":\"Sklep\",\"item\":\"https:\\\/\\\/www.formedia.pl\\\/sklep\\\/\"},{\"@type\":\"ListItem\",\"position\":3,\"name\":\"Stojak na kosmetyk z miejscem na ulotk\u0119 A4, SNK33\"}]},{\"@type\":\"WebSite\",\"@id\":\"https:\\\/\\\/www.formedia.pl\\\/sklep\\\/#website\",\"url\":\"https:\\\/\\\/www.formedia.pl\\\/sklep\\\/\",\"name\":\"Formedia\",\"description\":\"Producent wyrob\u00f3w z tworzyw sztucznych\",\"publisher\":{\"@id\":\"https:\\\/\\\/www.formedia.pl\\\/sklep\\\/#organization\"},\"alternateName\":\"Formedia\",\"potentialAction\":[{\"@type\":\"SearchAction\",\"target\":{\"@type\":\"EntryPoint\",\"urlTemplate\":\"https:\\\/\\\/www.formedia.pl\\\/sklep\\\/?s={search_term_string}\"},\"query-input\":{\"@type\":\"PropertyValueSpecification\",\"valueRequired\":true,\"valueName\":\"search_term_string\"}}],\"inLanguage\":\"pl-PL\"},{\"@type\":\"Organization\",\"@id\":\"https:\\\/\\\/www.formedia.pl\\\/sklep\\\/#organization\",\"name\":\"Formedia\",\"alternateName\":\"Formedia\",\"url\":\"https:\\\/\\\/www.formedia.pl\\\/sklep\\\/\",\"logo\":{\"@type\":\"ImageObject\",\"inLanguage\":\"pl-PL\",\"@id\":\"https:\\\/\\\/www.formedia.pl\\\/sklep\\\/#\\\/schema\\\/logo\\\/image\\\/\",\"url\":\"https:\\\/\\\/www.formedia.pl\\\/sklep\\\/wp-content\\\/uploads\\\/2025\\\/03\\\/1x1cropped-logo-WWW-ForMedia-bialy.png\",\"contentUrl\":\"https:\\\/\\\/www.formedia.pl\\\/sklep\\\/wp-content\\\/uploads\\\/2025\\\/03\\\/1x1cropped-logo-WWW-ForMedia-bialy.png\",\"width\":412,\"height\":412,\"caption\":\"Formedia\"},\"image\":{\"@id\":\"https:\\\/\\\/www.formedia.pl\\\/sklep\\\/#\\\/schema\\\/logo\\\/image\\\/\"},\"sameAs\":[\"https:\\\/\\\/www.facebook.com\\\/formedia.bydgoszcz\\\/\",\"https:\\\/\\\/www.youtube.com\\\/@formedia4306\"]}]}<\/script>\n<!-- \/ Yoast SEO plugin. -->","yoast_head_json":{"title":"Stojak na kosmetyk z miejscem na ulotk\u0119 A4, SNK33 - Formedia","description":"Producent wyrob\u00f3w z plexi. Sprawd\u017a Stojak na kosmetyk z miejscem na ulotk\u0119 A4, SNK33. Indywidualne podej\u015bcie, w\u0142asne studio projektowe. Zapraszamy!","robots":{"index":"index","follow":"follow","max-snippet":"max-snippet:-1","max-image-preview":"max-image-preview:large","max-video-preview":"max-video-preview:-1"},"canonical":"https:\/\/www.formedia.pl\/sklep\/produkt\/stojak-na-kosmetyk-z-miejscem-na-ulotke-a4-snk33\/","og_locale":"pl_PL","og_type":"article","og_title":"Stojak na kosmetyk z miejscem na ulotk\u0119 A4, SNK33 - Formedia","og_description":"Producent wyrob\u00f3w z plexi. Sprawd\u017a Stojak na kosmetyk z miejscem na ulotk\u0119 A4, SNK33. Indywidualne podej\u015bcie, w\u0142asne studio projektowe. Zapraszamy!","og_url":"https:\/\/www.formedia.pl\/sklep\/produkt\/stojak-na-kosmetyk-z-miejscem-na-ulotke-a4-snk33\/","og_site_name":"Formedia","article_publisher":"https:\/\/www.facebook.com\/formedia.bydgoszcz\/","article_modified_time":"2026-04-01T06:26:48+00:00","og_image":[{"width":602,"height":602,"url":"https:\/\/www.formedia.pl\/sklep\/wp-content\/uploads\/2020\/03\/podajnik-do-durzej-ilosci-ulotek-broszur-ekspozytor-na-ksiazke-producent.jpg","type":"image\/jpeg"}],"twitter_card":"summary_large_image","twitter_misc":{"Szacowany czas czytania":"1 minuta"},"schema":{"@context":"https:\/\/schema.org","@graph":[{"@type":"WebPage","@id":"https:\/\/www.formedia.pl\/sklep\/produkt\/stojak-na-kosmetyk-z-miejscem-na-ulotke-a4-snk33\/","url":"https:\/\/www.formedia.pl\/sklep\/produkt\/stojak-na-kosmetyk-z-miejscem-na-ulotke-a4-snk33\/","name":"Stojak na kosmetyk z miejscem na ulotk\u0119 A4, SNK33 - Formedia","isPartOf":{"@id":"https:\/\/www.formedia.pl\/sklep\/#website"},"primaryImageOfPage":{"@id":"https:\/\/www.formedia.pl\/sklep\/produkt\/stojak-na-kosmetyk-z-miejscem-na-ulotke-a4-snk33\/#primaryimage"},"image":{"@id":"https:\/\/www.formedia.pl\/sklep\/produkt\/stojak-na-kosmetyk-z-miejscem-na-ulotke-a4-snk33\/#primaryimage"},"thumbnailUrl":"https:\/\/www.formedia.pl\/sklep\/wp-content\/uploads\/2020\/03\/podajnik-do-durzej-ilosci-ulotek-broszur-ekspozytor-na-ksiazke-producent.jpg","datePublished":"2023-01-10T10:52:44+00:00","dateModified":"2026-04-01T06:26:48+00:00","description":"Producent wyrob\u00f3w z plexi. Sprawd\u017a Stojak na kosmetyk z miejscem na ulotk\u0119 A4, SNK33. Indywidualne podej\u015bcie, w\u0142asne studio projektowe. Zapraszamy!","breadcrumb":{"@id":"https:\/\/www.formedia.pl\/sklep\/produkt\/stojak-na-kosmetyk-z-miejscem-na-ulotke-a4-snk33\/#breadcrumb"},"inLanguage":"pl-PL","potentialAction":[{"@type":"ReadAction","target":["https:\/\/www.formedia.pl\/sklep\/produkt\/stojak-na-kosmetyk-z-miejscem-na-ulotke-a4-snk33\/"]}]},{"@type":"ImageObject","inLanguage":"pl-PL","@id":"https:\/\/www.formedia.pl\/sklep\/produkt\/stojak-na-kosmetyk-z-miejscem-na-ulotke-a4-snk33\/#primaryimage","url":"https:\/\/www.formedia.pl\/sklep\/wp-content\/uploads\/2020\/03\/podajnik-do-durzej-ilosci-ulotek-broszur-ekspozytor-na-ksiazke-producent.jpg","contentUrl":"https:\/\/www.formedia.pl\/sklep\/wp-content\/uploads\/2020\/03\/podajnik-do-durzej-ilosci-ulotek-broszur-ekspozytor-na-ksiazke-producent.jpg","width":602,"height":602,"caption":"efektywny podajnik na broszury"},{"@type":"BreadcrumbList","@id":"https:\/\/www.formedia.pl\/sklep\/produkt\/stojak-na-kosmetyk-z-miejscem-na-ulotke-a4-snk33\/#breadcrumb","itemListElement":[{"@type":"ListItem","position":1,"name":"Strona g\u0142\u00f3wna","item":"https:\/\/www.formedia.pl\/sklep\/"},{"@type":"ListItem","position":2,"name":"Sklep","item":"https:\/\/www.formedia.pl\/sklep\/"},{"@type":"ListItem","position":3,"name":"Stojak na kosmetyk z miejscem na ulotk\u0119 A4, SNK33"}]},{"@type":"WebSite","@id":"https:\/\/www.formedia.pl\/sklep\/#website","url":"https:\/\/www.formedia.pl\/sklep\/","name":"Formedia","description":"Producent wyrob\u00f3w z tworzyw sztucznych","publisher":{"@id":"https:\/\/www.formedia.pl\/sklep\/#organization"},"alternateName":"Formedia","potentialAction":[{"@type":"SearchAction","target":{"@type":"EntryPoint","urlTemplate":"https:\/\/www.formedia.pl\/sklep\/?s={search_term_string}"},"query-input":{"@type":"PropertyValueSpecification","valueRequired":true,"valueName":"search_term_string"}}],"inLanguage":"pl-PL"},{"@type":"Organization","@id":"https:\/\/www.formedia.pl\/sklep\/#organization","name":"Formedia","alternateName":"Formedia","url":"https:\/\/www.formedia.pl\/sklep\/","logo":{"@type":"ImageObject","inLanguage":"pl-PL","@id":"https:\/\/www.formedia.pl\/sklep\/#\/schema\/logo\/image\/","url":"https:\/\/www.formedia.pl\/sklep\/wp-content\/uploads\/2025\/03\/1x1cropped-logo-WWW-ForMedia-bialy.png","contentUrl":"https:\/\/www.formedia.pl\/sklep\/wp-content\/uploads\/2025\/03\/1x1cropped-logo-WWW-ForMedia-bialy.png","width":412,"height":412,"caption":"Formedia"},"image":{"@id":"https:\/\/www.formedia.pl\/sklep\/#\/schema\/logo\/image\/"},"sameAs":["https:\/\/www.facebook.com\/formedia.bydgoszcz\/","https:\/\/www.youtube.com\/@formedia4306"]}]}},"_links":{"self":[{"href":"https:\/\/www.formedia.pl\/sklep\/wp-json\/wp\/v2\/product\/21728","targetHints":{"allow":["GET"]}}],"collection":[{"href":"https:\/\/www.formedia.pl\/sklep\/wp-json\/wp\/v2\/product"}],"about":[{"href":"https:\/\/www.formedia.pl\/sklep\/wp-json\/wp\/v2\/types\/product"}],"wp:featuredmedia":[{"embeddable":true,"href":"https:\/\/www.formedia.pl\/sklep\/wp-json\/wp\/v2\/media\/17661"}],"wp:attachment":[{"href":"https:\/\/www.formedia.pl\/sklep\/wp-json\/wp\/v2\/media?parent=21728"}],"wp:term":[{"taxonomy":"product_brand","embeddable":true,"href":"https:\/\/www.formedia.pl\/sklep\/wp-json\/wp\/v2\/product_brand?post=21728"},{"taxonomy":"product_cat","embeddable":true,"href":"https:\/\/www.formedia.pl\/sklep\/wp-json\/wp\/v2\/product_cat?post=21728"},{"taxonomy":"product_tag","embeddable":true,"href":"https:\/\/www.formedia.pl\/sklep\/wp-json\/wp\/v2\/product_tag?post=21728"},{"taxonomy":"woo-feed-brand","embeddable":true,"href":"https:\/\/www.formedia.pl\/sklep\/wp-json\/wp\/v2\/woo-feed-brand?post=21728"}],"curies":[{"name":"wp","href":"https:\/\/api.w.org\/{rel}","templated":true}]}}