{"id":21799,"date":"2023-01-26T09:48:48","date_gmt":"2023-01-26T08:48:48","guid":{"rendered":"https:\/\/www.formedia.pl\/sklep\/?post_type=product&#038;p=21799"},"modified":"2026-04-01T08:26:50","modified_gmt":"2026-04-01T06:26:50","slug":"skrzynka-z-sklejki-50-x-50-x-50-cm","status":"publish","type":"product","link":"https:\/\/www.formedia.pl\/sklep\/produkt\/skrzynka-z-sklejki-50-x-50-x-50-cm\/","title":{"rendered":"Skrzynka z sklejki 50 x 50 x 50 cm"},"content":{"rendered":"<p><span style=\"color: #333333;\">Szukasz pomys\u0142\u00f3w na organizacj\u0119 przestrzeni w Twoim sklepie? Niewielki kubik ze sklejki na wymiar doskonale wpisze si\u0119 w ka\u017cde wn\u0119trze, a dzi\u0119ki naszej modyfikacji, b\u0119dzie on efektywnie promowa\u0107 produkty. Kubik z sklejki od <strong>Formedia<\/strong> to idealny produkt je\u017celi chcesz przenosi\u0107 lub wyeksponowa\u0107 swoje produkty eko. Skrzynki pasuj\u0105 idealnie do r\u00f3\u017cnych sklep\u00f3w, targ\u00f3w jak i wystaw. Kubiki zrobione s\u0105 z wysokiej jako\u015bci sklejki.\u00a0<\/span><\/p>\n<p><span style=\"color: #333333;\">Oferujemy r\u00f3wnie\u017c nadruk na skrzynkach lub grawer spersonalizowany.<\/span><\/p>\n<p><span style=\"color: #333333;\"><strong>Je\u017celi potrzebujesz spersonalizowanych wymiar\u00f3w <\/strong>\u00a0napisz do nasz przez formularz kontaktowy lub napisz na maila <strong>sklep@formedia.pl<\/strong><\/span><\/p>\n<p><span style=\"color: #333333;\">Skrzynka jest tak zaprojektowana aby pa\u0144stwo mogli z\u0142o\u017cy\u0107 j\u0105 samodzielnie w domu. Aby uzyska\u0107 najwy\u017csz\u0105 jako\u015b\u0107 wyrob\u00f3w, przed wykonaniem wi\u0119kszej partii zam\u00f3wienia sporz\u0105dzamy prototypy, pr\u00f3b\u0119 druku UV i graweru, a konstrukcj\u0119 ekspozytora \u0142\u0105czymy metod\u0105 na wcisk. Dzi\u0119ki temu, mo\u017cemy po\u0142\u0105czy\u0107 intuicyjno\u015b\u0107 monta\u017cu z ekonomiczno\u015bci\u0105 transportu.<\/span><\/p>\n<h3 style=\"text-align: center;\"><span style=\"color: #333333;\"><strong>Instrukcja sk\u0142adania skrzynki<\/strong><\/span><\/h3>\n<h3 style=\"text-align: center;\"><img loading=\"lazy\" decoding=\"async\" class=\"wp-image-21788 size-full aligncenter\" src=\"https:\/\/www.formedia.pl\/sklep\/wp-content\/uploads\/2023\/01\/box.jpg\" alt=\"\" width=\"1000\" height=\"1000\" srcset=\"https:\/\/www.formedia.pl\/sklep\/wp-content\/uploads\/2023\/01\/box.jpg 1000w, https:\/\/www.formedia.pl\/sklep\/wp-content\/uploads\/2023\/01\/box-324x324.jpg 324w, https:\/\/www.formedia.pl\/sklep\/wp-content\/uploads\/2023\/01\/box-100x100.jpg 100w, https:\/\/www.formedia.pl\/sklep\/wp-content\/uploads\/2023\/01\/box-416x416.jpg 416w, https:\/\/www.formedia.pl\/sklep\/wp-content\/uploads\/2023\/01\/box-300x300.jpg 300w, https:\/\/www.formedia.pl\/sklep\/wp-content\/uploads\/2023\/01\/box-150x150.jpg 150w, https:\/\/www.formedia.pl\/sklep\/wp-content\/uploads\/2023\/01\/box-768x768.jpg 768w\" sizes=\"auto, (max-width: 1000px) 100vw, 1000px\" \/><\/h3>\n<p align=\"JUSTIFY\"><strong>UWAGA!<\/strong><\/p>\n<ul>\n<li><span style=\"vertical-align: inherit;\">Wyroby z plexi s\u0105 foli\u0105 zwyk\u0142\u0105. Przed us\u0142ug\u0105 nale\u017cy j\u0105 \u015bci\u0105gn\u0105\u0107. <\/span><\/li>\n<li><span style=\"vertical-align: inherit;\">Inne wzory ust\u0119p\u00f3w dla Pa\u0144stwa na zam\u00f3wienie. W celu ustalenia nowego o kontakt z biurem obs\u0142ugi klienta: <\/span><strong><span style=\"color: #ff6600;\"><a style=\"color: #ff6600;\" href=\"tel:+48661036036\"><span style=\"vertical-align: inherit;\">tel. 661 036 036<\/span><\/a><\/span><\/strong><\/li>\n<li><span style=\"vertical-align: inherit;\">Oferujemy r\u00f3wnie\u017c znakowanie metod\u0105 grawerowania oraz nadruku utwardzanego \u015bwiat\u0142em UV. <\/span><\/li>\n<li><span style=\"vertical-align: inherit;\">Sprawd\u017a paczk\u0119 przy kurierze i oce\u0144 czy zawarto\u015b\u0107 nie jest uszkodzona! Protok\u00f3\u0142 obiektu jest narz\u0119dziem do reklamacji.<\/span><\/li>\n<\/ul>\n","protected":false},"excerpt":{"rendered":"<ul>\n<li><span style=\"color: #ff6600;\"><strong>Wymiary zewn\u0119trzne (d\u0142. x szer. x wys.): <\/strong><span style=\"color: #808080;\">500 x 500 x 500 mm<\/span><\/span><\/li>\n<li><strong><span style=\"color: #ff6600;\">Materia\u0142<\/span><\/strong>: <span style=\"color: #808080;\">Sklejka<\/span><\/li>\n<li><strong><span style=\"color: #ff6600;\">Kod produktu:<\/span><\/strong> <span style=\"color: #808080;\">KBKSKL2<\/span><\/li>\n<\/ul>\n","protected":false},"featured_media":21794,"template":"","meta":[],"product_brand":[],"product_cat":[856],"product_tag":[784,786,785,788,787],"woo-feed-brand":[],"class_list":{"0":"post-21799","1":"product","2":"type-product","3":"status-publish","4":"has-post-thumbnail","6":"product_cat-produkty-ze-sklejki","7":"product_tag-kubik","8":"product_tag-kubik-z-sklejki","9":"product_tag-sklejka","10":"product_tag-skrzynka","11":"product_tag-skrzynka-z-sklejki","13":"first","14":"instock","15":"taxable","16":"shipping-taxable","17":"purchasable","18":"product-type-simple"},"yoast_head":"<!-- This site is optimized with the Yoast SEO plugin v27.5 - https:\/\/yoast.com\/product\/yoast-seo-wordpress\/ -->\n<title>Skrzynka z sklejki 50 x 50 x 50 cm - Formedia<\/title>\n<meta name=\"description\" content=\"Producent wyrob\u00f3w z plexi. Sprawd\u017a Skrzynka z sklejki 50 x 50 x 50 cm. Indywidualne podej\u015bcie, w\u0142asne studio projektowe. Zapraszamy!\" \/>\n<meta name=\"robots\" content=\"index, follow, max-snippet:-1, max-image-preview:large, max-video-preview:-1\" \/>\n<link rel=\"canonical\" href=\"https:\/\/www.formedia.pl\/sklep\/produkt\/skrzynka-z-sklejki-50-x-50-x-50-cm\/\" \/>\n<meta property=\"og:locale\" content=\"pl_PL\" \/>\n<meta property=\"og:type\" content=\"article\" \/>\n<meta property=\"og:title\" content=\"Skrzynka z sklejki 50 x 50 x 50 cm - Formedia\" \/>\n<meta property=\"og:description\" content=\"Producent wyrob\u00f3w z plexi. Sprawd\u017a Skrzynka z sklejki 50 x 50 x 50 cm. Indywidualne podej\u015bcie, w\u0142asne studio projektowe. Zapraszamy!\" \/>\n<meta property=\"og:url\" content=\"https:\/\/www.formedia.pl\/sklep\/produkt\/skrzynka-z-sklejki-50-x-50-x-50-cm\/\" \/>\n<meta property=\"og:site_name\" content=\"Formedia\" \/>\n<meta property=\"article:publisher\" content=\"https:\/\/www.facebook.com\/formedia.bydgoszcz\/\" \/>\n<meta property=\"article:modified_time\" content=\"2026-04-01T06:26:50+00:00\" \/>\n<meta property=\"og:image\" content=\"https:\/\/www.formedia.pl\/sklep\/wp-content\/uploads\/2023\/01\/KBKSKL2.jpg\" \/>\n\t<meta property=\"og:image:width\" content=\"501\" \/>\n\t<meta property=\"og:image:height\" content=\"501\" \/>\n\t<meta property=\"og:image:type\" content=\"image\/jpeg\" \/>\n<meta name=\"twitter:card\" content=\"summary_large_image\" \/>\n<meta name=\"twitter:label1\" content=\"Szacowany czas czytania\" \/>\n\t<meta name=\"twitter:data1\" content=\"1 minuta\" \/>\n<script type=\"application\/ld+json\" class=\"yoast-schema-graph\">{\"@context\":\"https:\\\/\\\/schema.org\",\"@graph\":[{\"@type\":\"WebPage\",\"@id\":\"https:\\\/\\\/www.formedia.pl\\\/sklep\\\/produkt\\\/skrzynka-z-sklejki-50-x-50-x-50-cm\\\/\",\"url\":\"https:\\\/\\\/www.formedia.pl\\\/sklep\\\/produkt\\\/skrzynka-z-sklejki-50-x-50-x-50-cm\\\/\",\"name\":\"Skrzynka z sklejki 50 x 50 x 50 cm - Formedia\",\"isPartOf\":{\"@id\":\"https:\\\/\\\/www.formedia.pl\\\/sklep\\\/#website\"},\"primaryImageOfPage\":{\"@id\":\"https:\\\/\\\/www.formedia.pl\\\/sklep\\\/produkt\\\/skrzynka-z-sklejki-50-x-50-x-50-cm\\\/#primaryimage\"},\"image\":{\"@id\":\"https:\\\/\\\/www.formedia.pl\\\/sklep\\\/produkt\\\/skrzynka-z-sklejki-50-x-50-x-50-cm\\\/#primaryimage\"},\"thumbnailUrl\":\"https:\\\/\\\/www.formedia.pl\\\/sklep\\\/wp-content\\\/uploads\\\/2023\\\/01\\\/KBKSKL2.jpg\",\"datePublished\":\"2023-01-26T08:48:48+00:00\",\"dateModified\":\"2026-04-01T06:26:50+00:00\",\"description\":\"Producent wyrob\u00f3w z plexi. Sprawd\u017a Skrzynka z sklejki 50 x 50 x 50 cm. Indywidualne podej\u015bcie, w\u0142asne studio projektowe. Zapraszamy!\",\"breadcrumb\":{\"@id\":\"https:\\\/\\\/www.formedia.pl\\\/sklep\\\/produkt\\\/skrzynka-z-sklejki-50-x-50-x-50-cm\\\/#breadcrumb\"},\"inLanguage\":\"pl-PL\",\"potentialAction\":[{\"@type\":\"ReadAction\",\"target\":[\"https:\\\/\\\/www.formedia.pl\\\/sklep\\\/produkt\\\/skrzynka-z-sklejki-50-x-50-x-50-cm\\\/\"]}]},{\"@type\":\"ImageObject\",\"inLanguage\":\"pl-PL\",\"@id\":\"https:\\\/\\\/www.formedia.pl\\\/sklep\\\/produkt\\\/skrzynka-z-sklejki-50-x-50-x-50-cm\\\/#primaryimage\",\"url\":\"https:\\\/\\\/www.formedia.pl\\\/sklep\\\/wp-content\\\/uploads\\\/2023\\\/01\\\/KBKSKL2.jpg\",\"contentUrl\":\"https:\\\/\\\/www.formedia.pl\\\/sklep\\\/wp-content\\\/uploads\\\/2023\\\/01\\\/KBKSKL2.jpg\",\"width\":501,\"height\":501},{\"@type\":\"BreadcrumbList\",\"@id\":\"https:\\\/\\\/www.formedia.pl\\\/sklep\\\/produkt\\\/skrzynka-z-sklejki-50-x-50-x-50-cm\\\/#breadcrumb\",\"itemListElement\":[{\"@type\":\"ListItem\",\"position\":1,\"name\":\"Strona g\u0142\u00f3wna\",\"item\":\"https:\\\/\\\/www.formedia.pl\\\/sklep\\\/\"},{\"@type\":\"ListItem\",\"position\":2,\"name\":\"Sklep\",\"item\":\"https:\\\/\\\/www.formedia.pl\\\/sklep\\\/\"},{\"@type\":\"ListItem\",\"position\":3,\"name\":\"Skrzynka z sklejki 50 x 50 x 50 cm\"}]},{\"@type\":\"WebSite\",\"@id\":\"https:\\\/\\\/www.formedia.pl\\\/sklep\\\/#website\",\"url\":\"https:\\\/\\\/www.formedia.pl\\\/sklep\\\/\",\"name\":\"Formedia\",\"description\":\"Producent wyrob\u00f3w z tworzyw sztucznych\",\"publisher\":{\"@id\":\"https:\\\/\\\/www.formedia.pl\\\/sklep\\\/#organization\"},\"alternateName\":\"Formedia\",\"potentialAction\":[{\"@type\":\"SearchAction\",\"target\":{\"@type\":\"EntryPoint\",\"urlTemplate\":\"https:\\\/\\\/www.formedia.pl\\\/sklep\\\/?s={search_term_string}\"},\"query-input\":{\"@type\":\"PropertyValueSpecification\",\"valueRequired\":true,\"valueName\":\"search_term_string\"}}],\"inLanguage\":\"pl-PL\"},{\"@type\":\"Organization\",\"@id\":\"https:\\\/\\\/www.formedia.pl\\\/sklep\\\/#organization\",\"name\":\"Formedia\",\"alternateName\":\"Formedia\",\"url\":\"https:\\\/\\\/www.formedia.pl\\\/sklep\\\/\",\"logo\":{\"@type\":\"ImageObject\",\"inLanguage\":\"pl-PL\",\"@id\":\"https:\\\/\\\/www.formedia.pl\\\/sklep\\\/#\\\/schema\\\/logo\\\/image\\\/\",\"url\":\"https:\\\/\\\/www.formedia.pl\\\/sklep\\\/wp-content\\\/uploads\\\/2025\\\/03\\\/1x1cropped-logo-WWW-ForMedia-bialy.png\",\"contentUrl\":\"https:\\\/\\\/www.formedia.pl\\\/sklep\\\/wp-content\\\/uploads\\\/2025\\\/03\\\/1x1cropped-logo-WWW-ForMedia-bialy.png\",\"width\":412,\"height\":412,\"caption\":\"Formedia\"},\"image\":{\"@id\":\"https:\\\/\\\/www.formedia.pl\\\/sklep\\\/#\\\/schema\\\/logo\\\/image\\\/\"},\"sameAs\":[\"https:\\\/\\\/www.facebook.com\\\/formedia.bydgoszcz\\\/\",\"https:\\\/\\\/www.youtube.com\\\/@formedia4306\"]}]}<\/script>\n<!-- \/ Yoast SEO plugin. -->","yoast_head_json":{"title":"Skrzynka z sklejki 50 x 50 x 50 cm - Formedia","description":"Producent wyrob\u00f3w z plexi. Sprawd\u017a Skrzynka z sklejki 50 x 50 x 50 cm. Indywidualne podej\u015bcie, w\u0142asne studio projektowe. Zapraszamy!","robots":{"index":"index","follow":"follow","max-snippet":"max-snippet:-1","max-image-preview":"max-image-preview:large","max-video-preview":"max-video-preview:-1"},"canonical":"https:\/\/www.formedia.pl\/sklep\/produkt\/skrzynka-z-sklejki-50-x-50-x-50-cm\/","og_locale":"pl_PL","og_type":"article","og_title":"Skrzynka z sklejki 50 x 50 x 50 cm - Formedia","og_description":"Producent wyrob\u00f3w z plexi. Sprawd\u017a Skrzynka z sklejki 50 x 50 x 50 cm. Indywidualne podej\u015bcie, w\u0142asne studio projektowe. Zapraszamy!","og_url":"https:\/\/www.formedia.pl\/sklep\/produkt\/skrzynka-z-sklejki-50-x-50-x-50-cm\/","og_site_name":"Formedia","article_publisher":"https:\/\/www.facebook.com\/formedia.bydgoszcz\/","article_modified_time":"2026-04-01T06:26:50+00:00","og_image":[{"width":501,"height":501,"url":"https:\/\/www.formedia.pl\/sklep\/wp-content\/uploads\/2023\/01\/KBKSKL2.jpg","type":"image\/jpeg"}],"twitter_card":"summary_large_image","twitter_misc":{"Szacowany czas czytania":"1 minuta"},"schema":{"@context":"https:\/\/schema.org","@graph":[{"@type":"WebPage","@id":"https:\/\/www.formedia.pl\/sklep\/produkt\/skrzynka-z-sklejki-50-x-50-x-50-cm\/","url":"https:\/\/www.formedia.pl\/sklep\/produkt\/skrzynka-z-sklejki-50-x-50-x-50-cm\/","name":"Skrzynka z sklejki 50 x 50 x 50 cm - Formedia","isPartOf":{"@id":"https:\/\/www.formedia.pl\/sklep\/#website"},"primaryImageOfPage":{"@id":"https:\/\/www.formedia.pl\/sklep\/produkt\/skrzynka-z-sklejki-50-x-50-x-50-cm\/#primaryimage"},"image":{"@id":"https:\/\/www.formedia.pl\/sklep\/produkt\/skrzynka-z-sklejki-50-x-50-x-50-cm\/#primaryimage"},"thumbnailUrl":"https:\/\/www.formedia.pl\/sklep\/wp-content\/uploads\/2023\/01\/KBKSKL2.jpg","datePublished":"2023-01-26T08:48:48+00:00","dateModified":"2026-04-01T06:26:50+00:00","description":"Producent wyrob\u00f3w z plexi. Sprawd\u017a Skrzynka z sklejki 50 x 50 x 50 cm. Indywidualne podej\u015bcie, w\u0142asne studio projektowe. Zapraszamy!","breadcrumb":{"@id":"https:\/\/www.formedia.pl\/sklep\/produkt\/skrzynka-z-sklejki-50-x-50-x-50-cm\/#breadcrumb"},"inLanguage":"pl-PL","potentialAction":[{"@type":"ReadAction","target":["https:\/\/www.formedia.pl\/sklep\/produkt\/skrzynka-z-sklejki-50-x-50-x-50-cm\/"]}]},{"@type":"ImageObject","inLanguage":"pl-PL","@id":"https:\/\/www.formedia.pl\/sklep\/produkt\/skrzynka-z-sklejki-50-x-50-x-50-cm\/#primaryimage","url":"https:\/\/www.formedia.pl\/sklep\/wp-content\/uploads\/2023\/01\/KBKSKL2.jpg","contentUrl":"https:\/\/www.formedia.pl\/sklep\/wp-content\/uploads\/2023\/01\/KBKSKL2.jpg","width":501,"height":501},{"@type":"BreadcrumbList","@id":"https:\/\/www.formedia.pl\/sklep\/produkt\/skrzynka-z-sklejki-50-x-50-x-50-cm\/#breadcrumb","itemListElement":[{"@type":"ListItem","position":1,"name":"Strona g\u0142\u00f3wna","item":"https:\/\/www.formedia.pl\/sklep\/"},{"@type":"ListItem","position":2,"name":"Sklep","item":"https:\/\/www.formedia.pl\/sklep\/"},{"@type":"ListItem","position":3,"name":"Skrzynka z sklejki 50 x 50 x 50 cm"}]},{"@type":"WebSite","@id":"https:\/\/www.formedia.pl\/sklep\/#website","url":"https:\/\/www.formedia.pl\/sklep\/","name":"Formedia","description":"Producent wyrob\u00f3w z tworzyw sztucznych","publisher":{"@id":"https:\/\/www.formedia.pl\/sklep\/#organization"},"alternateName":"Formedia","potentialAction":[{"@type":"SearchAction","target":{"@type":"EntryPoint","urlTemplate":"https:\/\/www.formedia.pl\/sklep\/?s={search_term_string}"},"query-input":{"@type":"PropertyValueSpecification","valueRequired":true,"valueName":"search_term_string"}}],"inLanguage":"pl-PL"},{"@type":"Organization","@id":"https:\/\/www.formedia.pl\/sklep\/#organization","name":"Formedia","alternateName":"Formedia","url":"https:\/\/www.formedia.pl\/sklep\/","logo":{"@type":"ImageObject","inLanguage":"pl-PL","@id":"https:\/\/www.formedia.pl\/sklep\/#\/schema\/logo\/image\/","url":"https:\/\/www.formedia.pl\/sklep\/wp-content\/uploads\/2025\/03\/1x1cropped-logo-WWW-ForMedia-bialy.png","contentUrl":"https:\/\/www.formedia.pl\/sklep\/wp-content\/uploads\/2025\/03\/1x1cropped-logo-WWW-ForMedia-bialy.png","width":412,"height":412,"caption":"Formedia"},"image":{"@id":"https:\/\/www.formedia.pl\/sklep\/#\/schema\/logo\/image\/"},"sameAs":["https:\/\/www.facebook.com\/formedia.bydgoszcz\/","https:\/\/www.youtube.com\/@formedia4306"]}]}},"_links":{"self":[{"href":"https:\/\/www.formedia.pl\/sklep\/wp-json\/wp\/v2\/product\/21799","targetHints":{"allow":["GET"]}}],"collection":[{"href":"https:\/\/www.formedia.pl\/sklep\/wp-json\/wp\/v2\/product"}],"about":[{"href":"https:\/\/www.formedia.pl\/sklep\/wp-json\/wp\/v2\/types\/product"}],"wp:featuredmedia":[{"embeddable":true,"href":"https:\/\/www.formedia.pl\/sklep\/wp-json\/wp\/v2\/media\/21794"}],"wp:attachment":[{"href":"https:\/\/www.formedia.pl\/sklep\/wp-json\/wp\/v2\/media?parent=21799"}],"wp:term":[{"taxonomy":"product_brand","embeddable":true,"href":"https:\/\/www.formedia.pl\/sklep\/wp-json\/wp\/v2\/product_brand?post=21799"},{"taxonomy":"product_cat","embeddable":true,"href":"https:\/\/www.formedia.pl\/sklep\/wp-json\/wp\/v2\/product_cat?post=21799"},{"taxonomy":"product_tag","embeddable":true,"href":"https:\/\/www.formedia.pl\/sklep\/wp-json\/wp\/v2\/product_tag?post=21799"},{"taxonomy":"woo-feed-brand","embeddable":true,"href":"https:\/\/www.formedia.pl\/sklep\/wp-json\/wp\/v2\/woo-feed-brand?post=21799"}],"curies":[{"name":"wp","href":"https:\/\/api.w.org\/{rel}","templated":true}]}}