{"id":26507,"date":"2024-02-16T14:24:29","date_gmt":"2024-02-16T13:24:29","guid":{"rendered":"https:\/\/www.formedia.pl\/sklep\/?post_type=product&#038;p=26507"},"modified":"2026-04-01T08:26:51","modified_gmt":"2026-04-01T06:26:51","slug":"stojak-trojdzielny-na-ulotki-3xdl","status":"publish","type":"product","link":"https:\/\/www.formedia.pl\/sklep\/produkt\/stojak-trojdzielny-na-ulotki-3xdl\/","title":{"rendered":"Stojak tr\u00f3jstronny na ulotki DLx3"},"content":{"rendered":"<h2><span style=\"color: #ff6600;\">Stojak <\/span><span style=\"color: #ff6600;\">tr\u00f3jstronny <\/span><span style=\"color: #ff6600;\">na ulotki\u00a0 z plexi DLx3<\/span><\/h2>\n<p>Oferujemy Pa\u0144stwu serie stojak\u00f3w tr\u00f3jstronnych, wykonane\u00a0 z pleksi bezbarwnej 2mm, dopasowane do prezentacji r\u00f3\u017cnych wymiar\u00f3w kartek od A4 do A6 i DL. Stojak ten to doskona\u0142y wyb\u00f3r , bo w jednym miejscu mo\u017cna umie\u015bci\u0107 kilka kartek z menu lub inne oferty z opisem. S\u0105 wygodne w u\u017cytkowaniu, wielokrotnego u\u017cytku z mo\u017cliwo\u015bci\u0105 szybkiej wymiany trzech ulotek. Idealnie sprawdzaj\u0105 si\u0119 jako menu w restauracjach.<\/p>\n<p>Jest to produkt trwa\u0142y, wykonany z jednego arkusza tworzywa ci\u0119tego mechanicznie i gi\u0119tego termicznie. Stojak ten zajmuje niewiele miejsca i z pewno\u015bci\u0105 wpasuje si\u0119 we wi\u0119kszo\u015b\u0107 aran\u017cacji wystawienniczych. Zobacz ca\u0142\u0105 <strong><a href=\"https:\/\/www.formedia.pl\/sklep\/kategoria-produktu\/oferta\/stojaki-reklamowe\/\">seri\u0119 gad\u017cet\u00f3w wystawienniczych stojak\u00f3w na ulotki od Formedia<\/a><\/strong><a href=\"https:\/\/www.formedia.pl\/sklep\/kategoria-produktu\/oferta\/stojaki-reklamowe\/\"> i znajd\u017a to czego szukasz.<\/a><\/p>\n<p align=\"JUSTIFY\"><strong>UWAGA!<\/strong><\/p>\n<ul>\n<li><span style=\"vertical-align: inherit;\">Wyroby z plexi s\u0105 foli\u0105 zwyk\u0142\u0105. Przed us\u0142ug\u0105 nale\u017cy j\u0105 \u015bci\u0105gn\u0105\u0107. <\/span><\/li>\n<li><span style=\"vertical-align: inherit;\">Inne wzory ust\u0119p\u00f3w dla Pa\u0144stwa na zam\u00f3wienie. W celu ustalenia nowego o kontakt z biurem obs\u0142ugi klienta: <\/span><strong><span style=\"color: #ff6600;\"><a style=\"color: #ff6600;\" href=\"tel:+48661036036\"><span style=\"vertical-align: inherit;\">tel. 661 036 036<\/span><\/a><\/span><\/strong><\/li>\n<li><span style=\"vertical-align: inherit;\">Oferujemy r\u00f3wnie\u017c znakowanie metod\u0105 grawerowania oraz nadruku utwardzanego \u015bwiat\u0142em UV. <\/span><\/li>\n<li><span style=\"vertical-align: inherit;\">Sprawd\u017a paczk\u0119 przy kurierze i oce\u0144 czy zawarto\u015b\u0107 nie jest uszkodzona! Protok\u00f3\u0142 obiektu jest narz\u0119dziem do reklamacji.<\/span><\/li>\n<\/ul>\n","protected":false},"excerpt":{"rendered":"<ul>\n<li><span style=\"color: #ff6600;\"><strong>Wymiary kartki : <\/strong><\/span>3 x DL (99x210mm)<\/li>\n<li><strong><span style=\"color: #ff6600;\">Wymiary stojaka (d\u0142. x szer. x wys.): <\/span><\/strong>100x100x210 mm<\/li>\n<li><strong><span style=\"color: #ff6600;\">Materia\u0142:<\/span> <\/strong>plexi bezbarwna 2 mm<\/li>\n<li><span style=\"color: #ff6600;\"><strong>Kod produktu:<\/strong> <\/span>SNUDLX3W<\/li>\n<\/ul>\n","protected":false},"featured_media":26512,"template":"","meta":[],"product_brand":[],"product_cat":[894,900,216,902],"product_tag":[],"woo-feed-brand":[],"class_list":{"0":"post-26507","1":"product","2":"type-product","3":"status-publish","4":"has-post-thumbnail","6":"product_cat-branza-spozywcza","7":"product_cat-branza-biurowa","8":"product_cat-stojaki-reklamowe-z-pleksi","9":"product_cat-stojaki-trojdzielne","11":"first","12":"instock","13":"taxable","14":"shipping-taxable","15":"product-type-simple"},"yoast_head":"<!-- This site is optimized with the Yoast SEO plugin v27.5 - https:\/\/yoast.com\/product\/yoast-seo-wordpress\/ -->\n<title>Stojak tr\u00f3jstronny na ulotki DLx3 - Formedia<\/title>\n<meta name=\"description\" content=\"Producent wyrob\u00f3w z plexi. Sprawd\u017a Stojak tr\u00f3jstronny na ulotki DLx3. Indywidualne podej\u015bcie, w\u0142asne studio projektowe. Zapraszamy!\" \/>\n<meta name=\"robots\" content=\"index, follow, max-snippet:-1, max-image-preview:large, max-video-preview:-1\" \/>\n<link rel=\"canonical\" href=\"https:\/\/www.formedia.pl\/sklep\/produkt\/stojak-trojdzielny-na-ulotki-3xdl\/\" \/>\n<meta property=\"og:locale\" content=\"pl_PL\" \/>\n<meta property=\"og:type\" content=\"article\" \/>\n<meta property=\"og:title\" content=\"Stojak tr\u00f3jstronny na ulotki DLx3 - Formedia\" \/>\n<meta property=\"og:description\" content=\"Producent wyrob\u00f3w z plexi. Sprawd\u017a Stojak tr\u00f3jstronny na ulotki DLx3. Indywidualne podej\u015bcie, w\u0142asne studio projektowe. Zapraszamy!\" \/>\n<meta property=\"og:url\" content=\"https:\/\/www.formedia.pl\/sklep\/produkt\/stojak-trojdzielny-na-ulotki-3xdl\/\" \/>\n<meta property=\"og:site_name\" content=\"Formedia\" \/>\n<meta property=\"article:publisher\" content=\"https:\/\/www.facebook.com\/formedia.bydgoszcz\/\" \/>\n<meta property=\"article:modified_time\" content=\"2026-04-01T06:26:51+00:00\" \/>\n<meta property=\"og:image\" content=\"https:\/\/www.formedia.pl\/sklep\/wp-content\/uploads\/2024\/02\/stojak-trojdzielnybezulotki2.webp\" \/>\n\t<meta property=\"og:image:width\" content=\"1000\" \/>\n\t<meta property=\"og:image:height\" content=\"1000\" \/>\n\t<meta property=\"og:image:type\" content=\"image\/webp\" \/>\n<meta name=\"twitter:card\" content=\"summary_large_image\" \/>\n<meta name=\"twitter:label1\" content=\"Szacowany czas czytania\" \/>\n\t<meta name=\"twitter:data1\" content=\"1 minuta\" \/>\n<script type=\"application\/ld+json\" class=\"yoast-schema-graph\">{\"@context\":\"https:\\\/\\\/schema.org\",\"@graph\":[{\"@type\":\"WebPage\",\"@id\":\"https:\\\/\\\/www.formedia.pl\\\/sklep\\\/produkt\\\/stojak-trojdzielny-na-ulotki-3xdl\\\/\",\"url\":\"https:\\\/\\\/www.formedia.pl\\\/sklep\\\/produkt\\\/stojak-trojdzielny-na-ulotki-3xdl\\\/\",\"name\":\"Stojak tr\u00f3jstronny na ulotki DLx3 - Formedia\",\"isPartOf\":{\"@id\":\"https:\\\/\\\/www.formedia.pl\\\/sklep\\\/#website\"},\"primaryImageOfPage\":{\"@id\":\"https:\\\/\\\/www.formedia.pl\\\/sklep\\\/produkt\\\/stojak-trojdzielny-na-ulotki-3xdl\\\/#primaryimage\"},\"image\":{\"@id\":\"https:\\\/\\\/www.formedia.pl\\\/sklep\\\/produkt\\\/stojak-trojdzielny-na-ulotki-3xdl\\\/#primaryimage\"},\"thumbnailUrl\":\"https:\\\/\\\/www.formedia.pl\\\/sklep\\\/wp-content\\\/uploads\\\/2024\\\/02\\\/stojak-trojdzielnybezulotki2.webp\",\"datePublished\":\"2024-02-16T13:24:29+00:00\",\"dateModified\":\"2026-04-01T06:26:51+00:00\",\"description\":\"Producent wyrob\u00f3w z plexi. Sprawd\u017a Stojak tr\u00f3jstronny na ulotki DLx3. Indywidualne podej\u015bcie, w\u0142asne studio projektowe. Zapraszamy!\",\"breadcrumb\":{\"@id\":\"https:\\\/\\\/www.formedia.pl\\\/sklep\\\/produkt\\\/stojak-trojdzielny-na-ulotki-3xdl\\\/#breadcrumb\"},\"inLanguage\":\"pl-PL\",\"potentialAction\":[{\"@type\":\"ReadAction\",\"target\":[\"https:\\\/\\\/www.formedia.pl\\\/sklep\\\/produkt\\\/stojak-trojdzielny-na-ulotki-3xdl\\\/\"]}]},{\"@type\":\"ImageObject\",\"inLanguage\":\"pl-PL\",\"@id\":\"https:\\\/\\\/www.formedia.pl\\\/sklep\\\/produkt\\\/stojak-trojdzielny-na-ulotki-3xdl\\\/#primaryimage\",\"url\":\"https:\\\/\\\/www.formedia.pl\\\/sklep\\\/wp-content\\\/uploads\\\/2024\\\/02\\\/stojak-trojdzielnybezulotki2.webp\",\"contentUrl\":\"https:\\\/\\\/www.formedia.pl\\\/sklep\\\/wp-content\\\/uploads\\\/2024\\\/02\\\/stojak-trojdzielnybezulotki2.webp\",\"width\":1000,\"height\":1000},{\"@type\":\"BreadcrumbList\",\"@id\":\"https:\\\/\\\/www.formedia.pl\\\/sklep\\\/produkt\\\/stojak-trojdzielny-na-ulotki-3xdl\\\/#breadcrumb\",\"itemListElement\":[{\"@type\":\"ListItem\",\"position\":1,\"name\":\"Strona g\u0142\u00f3wna\",\"item\":\"https:\\\/\\\/www.formedia.pl\\\/sklep\\\/\"},{\"@type\":\"ListItem\",\"position\":2,\"name\":\"Sklep\",\"item\":\"https:\\\/\\\/www.formedia.pl\\\/sklep\\\/\"},{\"@type\":\"ListItem\",\"position\":3,\"name\":\"Stojak tr\u00f3jstronny na ulotki DLx3\"}]},{\"@type\":\"WebSite\",\"@id\":\"https:\\\/\\\/www.formedia.pl\\\/sklep\\\/#website\",\"url\":\"https:\\\/\\\/www.formedia.pl\\\/sklep\\\/\",\"name\":\"Formedia\",\"description\":\"Producent wyrob\u00f3w z tworzyw sztucznych\",\"publisher\":{\"@id\":\"https:\\\/\\\/www.formedia.pl\\\/sklep\\\/#organization\"},\"alternateName\":\"Formedia\",\"potentialAction\":[{\"@type\":\"SearchAction\",\"target\":{\"@type\":\"EntryPoint\",\"urlTemplate\":\"https:\\\/\\\/www.formedia.pl\\\/sklep\\\/?s={search_term_string}\"},\"query-input\":{\"@type\":\"PropertyValueSpecification\",\"valueRequired\":true,\"valueName\":\"search_term_string\"}}],\"inLanguage\":\"pl-PL\"},{\"@type\":\"Organization\",\"@id\":\"https:\\\/\\\/www.formedia.pl\\\/sklep\\\/#organization\",\"name\":\"Formedia\",\"alternateName\":\"Formedia\",\"url\":\"https:\\\/\\\/www.formedia.pl\\\/sklep\\\/\",\"logo\":{\"@type\":\"ImageObject\",\"inLanguage\":\"pl-PL\",\"@id\":\"https:\\\/\\\/www.formedia.pl\\\/sklep\\\/#\\\/schema\\\/logo\\\/image\\\/\",\"url\":\"https:\\\/\\\/www.formedia.pl\\\/sklep\\\/wp-content\\\/uploads\\\/2025\\\/03\\\/1x1cropped-logo-WWW-ForMedia-bialy.png\",\"contentUrl\":\"https:\\\/\\\/www.formedia.pl\\\/sklep\\\/wp-content\\\/uploads\\\/2025\\\/03\\\/1x1cropped-logo-WWW-ForMedia-bialy.png\",\"width\":412,\"height\":412,\"caption\":\"Formedia\"},\"image\":{\"@id\":\"https:\\\/\\\/www.formedia.pl\\\/sklep\\\/#\\\/schema\\\/logo\\\/image\\\/\"},\"sameAs\":[\"https:\\\/\\\/www.facebook.com\\\/formedia.bydgoszcz\\\/\",\"https:\\\/\\\/www.youtube.com\\\/@formedia4306\"]}]}<\/script>\n<!-- \/ Yoast SEO plugin. -->","yoast_head_json":{"title":"Stojak tr\u00f3jstronny na ulotki DLx3 - Formedia","description":"Producent wyrob\u00f3w z plexi. Sprawd\u017a Stojak tr\u00f3jstronny na ulotki DLx3. Indywidualne podej\u015bcie, w\u0142asne studio projektowe. Zapraszamy!","robots":{"index":"index","follow":"follow","max-snippet":"max-snippet:-1","max-image-preview":"max-image-preview:large","max-video-preview":"max-video-preview:-1"},"canonical":"https:\/\/www.formedia.pl\/sklep\/produkt\/stojak-trojdzielny-na-ulotki-3xdl\/","og_locale":"pl_PL","og_type":"article","og_title":"Stojak tr\u00f3jstronny na ulotki DLx3 - Formedia","og_description":"Producent wyrob\u00f3w z plexi. Sprawd\u017a Stojak tr\u00f3jstronny na ulotki DLx3. Indywidualne podej\u015bcie, w\u0142asne studio projektowe. Zapraszamy!","og_url":"https:\/\/www.formedia.pl\/sklep\/produkt\/stojak-trojdzielny-na-ulotki-3xdl\/","og_site_name":"Formedia","article_publisher":"https:\/\/www.facebook.com\/formedia.bydgoszcz\/","article_modified_time":"2026-04-01T06:26:51+00:00","og_image":[{"width":1000,"height":1000,"url":"https:\/\/www.formedia.pl\/sklep\/wp-content\/uploads\/2024\/02\/stojak-trojdzielnybezulotki2.webp","type":"image\/webp"}],"twitter_card":"summary_large_image","twitter_misc":{"Szacowany czas czytania":"1 minuta"},"schema":{"@context":"https:\/\/schema.org","@graph":[{"@type":"WebPage","@id":"https:\/\/www.formedia.pl\/sklep\/produkt\/stojak-trojdzielny-na-ulotki-3xdl\/","url":"https:\/\/www.formedia.pl\/sklep\/produkt\/stojak-trojdzielny-na-ulotki-3xdl\/","name":"Stojak tr\u00f3jstronny na ulotki DLx3 - Formedia","isPartOf":{"@id":"https:\/\/www.formedia.pl\/sklep\/#website"},"primaryImageOfPage":{"@id":"https:\/\/www.formedia.pl\/sklep\/produkt\/stojak-trojdzielny-na-ulotki-3xdl\/#primaryimage"},"image":{"@id":"https:\/\/www.formedia.pl\/sklep\/produkt\/stojak-trojdzielny-na-ulotki-3xdl\/#primaryimage"},"thumbnailUrl":"https:\/\/www.formedia.pl\/sklep\/wp-content\/uploads\/2024\/02\/stojak-trojdzielnybezulotki2.webp","datePublished":"2024-02-16T13:24:29+00:00","dateModified":"2026-04-01T06:26:51+00:00","description":"Producent wyrob\u00f3w z plexi. Sprawd\u017a Stojak tr\u00f3jstronny na ulotki DLx3. Indywidualne podej\u015bcie, w\u0142asne studio projektowe. Zapraszamy!","breadcrumb":{"@id":"https:\/\/www.formedia.pl\/sklep\/produkt\/stojak-trojdzielny-na-ulotki-3xdl\/#breadcrumb"},"inLanguage":"pl-PL","potentialAction":[{"@type":"ReadAction","target":["https:\/\/www.formedia.pl\/sklep\/produkt\/stojak-trojdzielny-na-ulotki-3xdl\/"]}]},{"@type":"ImageObject","inLanguage":"pl-PL","@id":"https:\/\/www.formedia.pl\/sklep\/produkt\/stojak-trojdzielny-na-ulotki-3xdl\/#primaryimage","url":"https:\/\/www.formedia.pl\/sklep\/wp-content\/uploads\/2024\/02\/stojak-trojdzielnybezulotki2.webp","contentUrl":"https:\/\/www.formedia.pl\/sklep\/wp-content\/uploads\/2024\/02\/stojak-trojdzielnybezulotki2.webp","width":1000,"height":1000},{"@type":"BreadcrumbList","@id":"https:\/\/www.formedia.pl\/sklep\/produkt\/stojak-trojdzielny-na-ulotki-3xdl\/#breadcrumb","itemListElement":[{"@type":"ListItem","position":1,"name":"Strona g\u0142\u00f3wna","item":"https:\/\/www.formedia.pl\/sklep\/"},{"@type":"ListItem","position":2,"name":"Sklep","item":"https:\/\/www.formedia.pl\/sklep\/"},{"@type":"ListItem","position":3,"name":"Stojak tr\u00f3jstronny na ulotki DLx3"}]},{"@type":"WebSite","@id":"https:\/\/www.formedia.pl\/sklep\/#website","url":"https:\/\/www.formedia.pl\/sklep\/","name":"Formedia","description":"Producent wyrob\u00f3w z tworzyw sztucznych","publisher":{"@id":"https:\/\/www.formedia.pl\/sklep\/#organization"},"alternateName":"Formedia","potentialAction":[{"@type":"SearchAction","target":{"@type":"EntryPoint","urlTemplate":"https:\/\/www.formedia.pl\/sklep\/?s={search_term_string}"},"query-input":{"@type":"PropertyValueSpecification","valueRequired":true,"valueName":"search_term_string"}}],"inLanguage":"pl-PL"},{"@type":"Organization","@id":"https:\/\/www.formedia.pl\/sklep\/#organization","name":"Formedia","alternateName":"Formedia","url":"https:\/\/www.formedia.pl\/sklep\/","logo":{"@type":"ImageObject","inLanguage":"pl-PL","@id":"https:\/\/www.formedia.pl\/sklep\/#\/schema\/logo\/image\/","url":"https:\/\/www.formedia.pl\/sklep\/wp-content\/uploads\/2025\/03\/1x1cropped-logo-WWW-ForMedia-bialy.png","contentUrl":"https:\/\/www.formedia.pl\/sklep\/wp-content\/uploads\/2025\/03\/1x1cropped-logo-WWW-ForMedia-bialy.png","width":412,"height":412,"caption":"Formedia"},"image":{"@id":"https:\/\/www.formedia.pl\/sklep\/#\/schema\/logo\/image\/"},"sameAs":["https:\/\/www.facebook.com\/formedia.bydgoszcz\/","https:\/\/www.youtube.com\/@formedia4306"]}]}},"_links":{"self":[{"href":"https:\/\/www.formedia.pl\/sklep\/wp-json\/wp\/v2\/product\/26507","targetHints":{"allow":["GET"]}}],"collection":[{"href":"https:\/\/www.formedia.pl\/sklep\/wp-json\/wp\/v2\/product"}],"about":[{"href":"https:\/\/www.formedia.pl\/sklep\/wp-json\/wp\/v2\/types\/product"}],"wp:featuredmedia":[{"embeddable":true,"href":"https:\/\/www.formedia.pl\/sklep\/wp-json\/wp\/v2\/media\/26512"}],"wp:attachment":[{"href":"https:\/\/www.formedia.pl\/sklep\/wp-json\/wp\/v2\/media?parent=26507"}],"wp:term":[{"taxonomy":"product_brand","embeddable":true,"href":"https:\/\/www.formedia.pl\/sklep\/wp-json\/wp\/v2\/product_brand?post=26507"},{"taxonomy":"product_cat","embeddable":true,"href":"https:\/\/www.formedia.pl\/sklep\/wp-json\/wp\/v2\/product_cat?post=26507"},{"taxonomy":"product_tag","embeddable":true,"href":"https:\/\/www.formedia.pl\/sklep\/wp-json\/wp\/v2\/product_tag?post=26507"},{"taxonomy":"woo-feed-brand","embeddable":true,"href":"https:\/\/www.formedia.pl\/sklep\/wp-json\/wp\/v2\/woo-feed-brand?post=26507"}],"curies":[{"name":"wp","href":"https:\/\/api.w.org\/{rel}","templated":true}]}}