{"id":26595,"date":"2024-03-06T19:48:01","date_gmt":"2024-03-06T18:48:01","guid":{"rendered":"https:\/\/www.formedia.pl\/sklep\/?post_type=product&#038;p=26595"},"modified":"2026-04-01T08:26:52","modified_gmt":"2026-04-01T06:26:52","slug":"schodkowy-stojak-na-kosmetyki","status":"publish","type":"product","link":"https:\/\/www.formedia.pl\/sklep\/produkt\/schodkowy-stojak-na-kosmetyki\/","title":{"rendered":"Schodkowy stojak na kosmetyki"},"content":{"rendered":"<h2><span style=\"color: #ff6600;\">Display na kosmetyki<\/span><\/h2>\n<p>Displaye to niewielkich rozmiar\u00f3w organizery przestrzeni, kt\u00f3re idealnie sprawdzaj\u0105\u00a0 si\u0119 w organizacji wn\u0119trza sklepu. Konstrukcje displayu najcz\u0119\u015bciej \u0142\u0105czy si\u0119 metod\u0105\u00a0 na wycisk, przez co ich monta\u017c jest intuicyjny, a transport ekonomiczny. Tworz\u0105c nasze wyroby zwracamy uwag\u0119 na wymiary, form\u0119, tworzywo oraz kolorystyk\u0119, \u017ceby wpasowywa\u0142y si\u0119 one idealnie do Twojego produktu. Szczeg\u00f3\u0142y omawiane s\u0105\u00a0 przy zam\u00f3wieniu, aby mie\u0107 pewno\u015b\u0107, \u017ce b\u0119dziesz ca\u0142kowicie usatysfakcjonowany z naszej pracy. Nasi konstruktorzy odpowiadaj\u0105 za wysok\u0105 jako\u015b\u0107 wyrob\u00f3w, poprzez przeprowadzanie pr\u00f3b druku UV i graweru na sporz\u0105dzonym wcze\u015bniej prototypie, co eliminuje ryzyko b\u0142\u0119d\u00f3w w produkcji.<\/p>\n<p>Cena produktu ustalana jest indywidualnie. W tym celu <strong>nale\u017cy z\u0142o\u017cy\u0107 zapytanie<\/strong> na adres:<span style=\"color: #333333;\"> <a style=\"color: #333333;\" href=\"mailto:sklep@formedia.pl\"><strong>sklep@formedia.pl<\/strong><\/a><\/span> lub skontaktowa\u0107 si\u0119 z naszym <strong>biurem obs\u0142ugi klienta:<span style=\"color: #ff6600;\"> <a style=\"color: #ff6600;\" href=\"tel:+48661036036\">tel. 661 036 036<\/a><\/span>.<\/strong><\/p>\n<p align=\"JUSTIFY\"><strong>UWAGA!<\/strong><\/p>\n<ul>\n<li><span style=\"vertical-align: inherit;\">Wyroby z plexi s\u0105 foli\u0105 zwyk\u0142\u0105. Przed us\u0142ug\u0105 nale\u017cy j\u0105 \u015bci\u0105gn\u0105\u0107. <\/span><\/li>\n<li><span style=\"vertical-align: inherit;\">Inne wzory ust\u0119p\u00f3w dla Pa\u0144stwa na zam\u00f3wienie. W celu ustalenia nowego o kontakt z biurem obs\u0142ugi klienta: <\/span><strong><span style=\"color: #ff6600;\"><a style=\"color: #ff6600;\" href=\"tel:+48661036036\"><span style=\"vertical-align: inherit;\">tel. 661 036 036<\/span><\/a><\/span><\/strong><\/li>\n<li><span style=\"vertical-align: inherit;\">Oferujemy r\u00f3wnie\u017c znakowanie metod\u0105 grawerowania oraz nadruku utwardzanego \u015bwiat\u0142em UV. <\/span><\/li>\n<li><span style=\"vertical-align: inherit;\">Sprawd\u017a paczk\u0119 przy kurierze i oce\u0144 czy zawarto\u015b\u0107 nie jest uszkodzona! Protok\u00f3\u0142 obiektu jest narz\u0119dziem do reklamacji.<\/span><\/li>\n<\/ul>\n","protected":false},"excerpt":{"rendered":"<ul>\n<li>Przed z\u0142o\u017ceniem zam\u00f3wienia prosimy o kontakt z naszym biurem obs\u0142ugi klienta w celu ustalenia szczeg\u00f3\u0142\u00f3w:<span style=\"color: #ff6600;\"><strong> <a style=\"color: #ff6600;\" href=\"tel:+48661036036\">tel. 661 036 036<\/a><\/strong><\/span><\/li>\n<li><strong><span style=\"color: #ff6600;\">Materia\u0142:<\/span><\/strong> plexi, mo\u017cliwo\u015b\u0107 graweru lub druku UV<\/li>\n<li><span style=\"color: #ff6600;\"><strong>Kod produktu:<\/strong><\/span> DIS72<\/li>\n<\/ul>\n","protected":false},"featured_media":26593,"template":"","meta":[],"product_brand":[],"product_cat":[896,895,899,563],"product_tag":[],"woo-feed-brand":[],"class_list":{"0":"post-26595","1":"product","2":"type-product","3":"status-publish","4":"has-post-thumbnail","6":"product_cat-branza-farmaceutyczna","7":"product_cat-branza-kosmetyczna","8":"product_cat-branza-medyczna","9":"product_cat-ekspozytory-i-displaye-z-pleksi-formedia-pl","11":"first","12":"onbackorder","13":"taxable","14":"shipping-taxable","15":"product-type-simple"},"yoast_head":"<!-- This site is optimized with the Yoast SEO plugin v27.5 - https:\/\/yoast.com\/product\/yoast-seo-wordpress\/ -->\n<title>Schodkowy stojak na kosmetyki - Formedia<\/title>\n<meta name=\"description\" content=\"Producent wyrob\u00f3w z plexi. Sprawd\u017a Schodkowy stojak na kosmetyki. Indywidualne podej\u015bcie, w\u0142asne studio projektowe. Zapraszamy!\" \/>\n<meta name=\"robots\" content=\"index, follow, max-snippet:-1, max-image-preview:large, max-video-preview:-1\" \/>\n<link rel=\"canonical\" href=\"https:\/\/www.formedia.pl\/sklep\/produkt\/schodkowy-stojak-na-kosmetyki\/\" \/>\n<meta property=\"og:locale\" content=\"pl_PL\" \/>\n<meta property=\"og:type\" content=\"article\" \/>\n<meta property=\"og:title\" content=\"Schodkowy stojak na kosmetyki - Formedia\" \/>\n<meta property=\"og:description\" content=\"Producent wyrob\u00f3w z plexi. Sprawd\u017a Schodkowy stojak na kosmetyki. Indywidualne podej\u015bcie, w\u0142asne studio projektowe. Zapraszamy!\" \/>\n<meta property=\"og:url\" content=\"https:\/\/www.formedia.pl\/sklep\/produkt\/schodkowy-stojak-na-kosmetyki\/\" \/>\n<meta property=\"og:site_name\" content=\"Formedia\" \/>\n<meta property=\"article:publisher\" content=\"https:\/\/www.facebook.com\/formedia.bydgoszcz\/\" \/>\n<meta property=\"article:modified_time\" content=\"2026-04-01T06:26:52+00:00\" \/>\n<meta property=\"og:image\" content=\"https:\/\/www.formedia.pl\/sklep\/wp-content\/uploads\/2022\/12\/noweprodukty.jpg\" \/>\n\t<meta property=\"og:image:width\" content=\"824\" \/>\n\t<meta property=\"og:image:height\" content=\"824\" \/>\n\t<meta property=\"og:image:type\" content=\"image\/jpeg\" \/>\n<meta name=\"twitter:card\" content=\"summary_large_image\" \/>\n<meta name=\"twitter:label1\" content=\"Szacowany czas czytania\" \/>\n\t<meta name=\"twitter:data1\" content=\"1 minuta\" \/>\n<script type=\"application\/ld+json\" class=\"yoast-schema-graph\">{\"@context\":\"https:\\\/\\\/schema.org\",\"@graph\":[{\"@type\":\"WebPage\",\"@id\":\"https:\\\/\\\/www.formedia.pl\\\/sklep\\\/produkt\\\/schodkowy-stojak-na-kosmetyki\\\/\",\"url\":\"https:\\\/\\\/www.formedia.pl\\\/sklep\\\/produkt\\\/schodkowy-stojak-na-kosmetyki\\\/\",\"name\":\"Schodkowy stojak na kosmetyki - Formedia\",\"isPartOf\":{\"@id\":\"https:\\\/\\\/www.formedia.pl\\\/sklep\\\/#website\"},\"primaryImageOfPage\":{\"@id\":\"https:\\\/\\\/www.formedia.pl\\\/sklep\\\/produkt\\\/schodkowy-stojak-na-kosmetyki\\\/#primaryimage\"},\"image\":{\"@id\":\"https:\\\/\\\/www.formedia.pl\\\/sklep\\\/produkt\\\/schodkowy-stojak-na-kosmetyki\\\/#primaryimage\"},\"thumbnailUrl\":\"https:\\\/\\\/www.formedia.pl\\\/sklep\\\/wp-content\\\/uploads\\\/2022\\\/12\\\/noweprodukty.jpg\",\"datePublished\":\"2024-03-06T18:48:01+00:00\",\"dateModified\":\"2026-04-01T06:26:52+00:00\",\"description\":\"Producent wyrob\u00f3w z plexi. Sprawd\u017a Schodkowy stojak na kosmetyki. Indywidualne podej\u015bcie, w\u0142asne studio projektowe. Zapraszamy!\",\"breadcrumb\":{\"@id\":\"https:\\\/\\\/www.formedia.pl\\\/sklep\\\/produkt\\\/schodkowy-stojak-na-kosmetyki\\\/#breadcrumb\"},\"inLanguage\":\"pl-PL\",\"potentialAction\":[{\"@type\":\"ReadAction\",\"target\":[\"https:\\\/\\\/www.formedia.pl\\\/sklep\\\/produkt\\\/schodkowy-stojak-na-kosmetyki\\\/\"]}]},{\"@type\":\"ImageObject\",\"inLanguage\":\"pl-PL\",\"@id\":\"https:\\\/\\\/www.formedia.pl\\\/sklep\\\/produkt\\\/schodkowy-stojak-na-kosmetyki\\\/#primaryimage\",\"url\":\"https:\\\/\\\/www.formedia.pl\\\/sklep\\\/wp-content\\\/uploads\\\/2022\\\/12\\\/noweprodukty.jpg\",\"contentUrl\":\"https:\\\/\\\/www.formedia.pl\\\/sklep\\\/wp-content\\\/uploads\\\/2022\\\/12\\\/noweprodukty.jpg\",\"width\":824,\"height\":824},{\"@type\":\"BreadcrumbList\",\"@id\":\"https:\\\/\\\/www.formedia.pl\\\/sklep\\\/produkt\\\/schodkowy-stojak-na-kosmetyki\\\/#breadcrumb\",\"itemListElement\":[{\"@type\":\"ListItem\",\"position\":1,\"name\":\"Strona g\u0142\u00f3wna\",\"item\":\"https:\\\/\\\/www.formedia.pl\\\/sklep\\\/\"},{\"@type\":\"ListItem\",\"position\":2,\"name\":\"Sklep\",\"item\":\"https:\\\/\\\/www.formedia.pl\\\/sklep\\\/\"},{\"@type\":\"ListItem\",\"position\":3,\"name\":\"Schodkowy stojak na kosmetyki\"}]},{\"@type\":\"WebSite\",\"@id\":\"https:\\\/\\\/www.formedia.pl\\\/sklep\\\/#website\",\"url\":\"https:\\\/\\\/www.formedia.pl\\\/sklep\\\/\",\"name\":\"Formedia\",\"description\":\"Producent wyrob\u00f3w z tworzyw sztucznych\",\"publisher\":{\"@id\":\"https:\\\/\\\/www.formedia.pl\\\/sklep\\\/#organization\"},\"alternateName\":\"Formedia\",\"potentialAction\":[{\"@type\":\"SearchAction\",\"target\":{\"@type\":\"EntryPoint\",\"urlTemplate\":\"https:\\\/\\\/www.formedia.pl\\\/sklep\\\/?s={search_term_string}\"},\"query-input\":{\"@type\":\"PropertyValueSpecification\",\"valueRequired\":true,\"valueName\":\"search_term_string\"}}],\"inLanguage\":\"pl-PL\"},{\"@type\":\"Organization\",\"@id\":\"https:\\\/\\\/www.formedia.pl\\\/sklep\\\/#organization\",\"name\":\"Formedia\",\"alternateName\":\"Formedia\",\"url\":\"https:\\\/\\\/www.formedia.pl\\\/sklep\\\/\",\"logo\":{\"@type\":\"ImageObject\",\"inLanguage\":\"pl-PL\",\"@id\":\"https:\\\/\\\/www.formedia.pl\\\/sklep\\\/#\\\/schema\\\/logo\\\/image\\\/\",\"url\":\"https:\\\/\\\/www.formedia.pl\\\/sklep\\\/wp-content\\\/uploads\\\/2025\\\/03\\\/1x1cropped-logo-WWW-ForMedia-bialy.png\",\"contentUrl\":\"https:\\\/\\\/www.formedia.pl\\\/sklep\\\/wp-content\\\/uploads\\\/2025\\\/03\\\/1x1cropped-logo-WWW-ForMedia-bialy.png\",\"width\":412,\"height\":412,\"caption\":\"Formedia\"},\"image\":{\"@id\":\"https:\\\/\\\/www.formedia.pl\\\/sklep\\\/#\\\/schema\\\/logo\\\/image\\\/\"},\"sameAs\":[\"https:\\\/\\\/www.facebook.com\\\/formedia.bydgoszcz\\\/\",\"https:\\\/\\\/www.youtube.com\\\/@formedia4306\"]}]}<\/script>\n<!-- \/ Yoast SEO plugin. -->","yoast_head_json":{"title":"Schodkowy stojak na kosmetyki - Formedia","description":"Producent wyrob\u00f3w z plexi. Sprawd\u017a Schodkowy stojak na kosmetyki. Indywidualne podej\u015bcie, w\u0142asne studio projektowe. Zapraszamy!","robots":{"index":"index","follow":"follow","max-snippet":"max-snippet:-1","max-image-preview":"max-image-preview:large","max-video-preview":"max-video-preview:-1"},"canonical":"https:\/\/www.formedia.pl\/sklep\/produkt\/schodkowy-stojak-na-kosmetyki\/","og_locale":"pl_PL","og_type":"article","og_title":"Schodkowy stojak na kosmetyki - Formedia","og_description":"Producent wyrob\u00f3w z plexi. Sprawd\u017a Schodkowy stojak na kosmetyki. Indywidualne podej\u015bcie, w\u0142asne studio projektowe. Zapraszamy!","og_url":"https:\/\/www.formedia.pl\/sklep\/produkt\/schodkowy-stojak-na-kosmetyki\/","og_site_name":"Formedia","article_publisher":"https:\/\/www.facebook.com\/formedia.bydgoszcz\/","article_modified_time":"2026-04-01T06:26:52+00:00","og_image":[{"width":824,"height":824,"url":"https:\/\/www.formedia.pl\/sklep\/wp-content\/uploads\/2022\/12\/noweprodukty.jpg","type":"image\/jpeg"}],"twitter_card":"summary_large_image","twitter_misc":{"Szacowany czas czytania":"1 minuta"},"schema":{"@context":"https:\/\/schema.org","@graph":[{"@type":"WebPage","@id":"https:\/\/www.formedia.pl\/sklep\/produkt\/schodkowy-stojak-na-kosmetyki\/","url":"https:\/\/www.formedia.pl\/sklep\/produkt\/schodkowy-stojak-na-kosmetyki\/","name":"Schodkowy stojak na kosmetyki - Formedia","isPartOf":{"@id":"https:\/\/www.formedia.pl\/sklep\/#website"},"primaryImageOfPage":{"@id":"https:\/\/www.formedia.pl\/sklep\/produkt\/schodkowy-stojak-na-kosmetyki\/#primaryimage"},"image":{"@id":"https:\/\/www.formedia.pl\/sklep\/produkt\/schodkowy-stojak-na-kosmetyki\/#primaryimage"},"thumbnailUrl":"https:\/\/www.formedia.pl\/sklep\/wp-content\/uploads\/2022\/12\/noweprodukty.jpg","datePublished":"2024-03-06T18:48:01+00:00","dateModified":"2026-04-01T06:26:52+00:00","description":"Producent wyrob\u00f3w z plexi. Sprawd\u017a Schodkowy stojak na kosmetyki. Indywidualne podej\u015bcie, w\u0142asne studio projektowe. Zapraszamy!","breadcrumb":{"@id":"https:\/\/www.formedia.pl\/sklep\/produkt\/schodkowy-stojak-na-kosmetyki\/#breadcrumb"},"inLanguage":"pl-PL","potentialAction":[{"@type":"ReadAction","target":["https:\/\/www.formedia.pl\/sklep\/produkt\/schodkowy-stojak-na-kosmetyki\/"]}]},{"@type":"ImageObject","inLanguage":"pl-PL","@id":"https:\/\/www.formedia.pl\/sklep\/produkt\/schodkowy-stojak-na-kosmetyki\/#primaryimage","url":"https:\/\/www.formedia.pl\/sklep\/wp-content\/uploads\/2022\/12\/noweprodukty.jpg","contentUrl":"https:\/\/www.formedia.pl\/sklep\/wp-content\/uploads\/2022\/12\/noweprodukty.jpg","width":824,"height":824},{"@type":"BreadcrumbList","@id":"https:\/\/www.formedia.pl\/sklep\/produkt\/schodkowy-stojak-na-kosmetyki\/#breadcrumb","itemListElement":[{"@type":"ListItem","position":1,"name":"Strona g\u0142\u00f3wna","item":"https:\/\/www.formedia.pl\/sklep\/"},{"@type":"ListItem","position":2,"name":"Sklep","item":"https:\/\/www.formedia.pl\/sklep\/"},{"@type":"ListItem","position":3,"name":"Schodkowy stojak na kosmetyki"}]},{"@type":"WebSite","@id":"https:\/\/www.formedia.pl\/sklep\/#website","url":"https:\/\/www.formedia.pl\/sklep\/","name":"Formedia","description":"Producent wyrob\u00f3w z tworzyw sztucznych","publisher":{"@id":"https:\/\/www.formedia.pl\/sklep\/#organization"},"alternateName":"Formedia","potentialAction":[{"@type":"SearchAction","target":{"@type":"EntryPoint","urlTemplate":"https:\/\/www.formedia.pl\/sklep\/?s={search_term_string}"},"query-input":{"@type":"PropertyValueSpecification","valueRequired":true,"valueName":"search_term_string"}}],"inLanguage":"pl-PL"},{"@type":"Organization","@id":"https:\/\/www.formedia.pl\/sklep\/#organization","name":"Formedia","alternateName":"Formedia","url":"https:\/\/www.formedia.pl\/sklep\/","logo":{"@type":"ImageObject","inLanguage":"pl-PL","@id":"https:\/\/www.formedia.pl\/sklep\/#\/schema\/logo\/image\/","url":"https:\/\/www.formedia.pl\/sklep\/wp-content\/uploads\/2025\/03\/1x1cropped-logo-WWW-ForMedia-bialy.png","contentUrl":"https:\/\/www.formedia.pl\/sklep\/wp-content\/uploads\/2025\/03\/1x1cropped-logo-WWW-ForMedia-bialy.png","width":412,"height":412,"caption":"Formedia"},"image":{"@id":"https:\/\/www.formedia.pl\/sklep\/#\/schema\/logo\/image\/"},"sameAs":["https:\/\/www.facebook.com\/formedia.bydgoszcz\/","https:\/\/www.youtube.com\/@formedia4306"]}]}},"_links":{"self":[{"href":"https:\/\/www.formedia.pl\/sklep\/wp-json\/wp\/v2\/product\/26595","targetHints":{"allow":["GET"]}}],"collection":[{"href":"https:\/\/www.formedia.pl\/sklep\/wp-json\/wp\/v2\/product"}],"about":[{"href":"https:\/\/www.formedia.pl\/sklep\/wp-json\/wp\/v2\/types\/product"}],"wp:featuredmedia":[{"embeddable":true,"href":"https:\/\/www.formedia.pl\/sklep\/wp-json\/wp\/v2\/media\/26593"}],"wp:attachment":[{"href":"https:\/\/www.formedia.pl\/sklep\/wp-json\/wp\/v2\/media?parent=26595"}],"wp:term":[{"taxonomy":"product_brand","embeddable":true,"href":"https:\/\/www.formedia.pl\/sklep\/wp-json\/wp\/v2\/product_brand?post=26595"},{"taxonomy":"product_cat","embeddable":true,"href":"https:\/\/www.formedia.pl\/sklep\/wp-json\/wp\/v2\/product_cat?post=26595"},{"taxonomy":"product_tag","embeddable":true,"href":"https:\/\/www.formedia.pl\/sklep\/wp-json\/wp\/v2\/product_tag?post=26595"},{"taxonomy":"woo-feed-brand","embeddable":true,"href":"https:\/\/www.formedia.pl\/sklep\/wp-json\/wp\/v2\/woo-feed-brand?post=26595"}],"curies":[{"name":"wp","href":"https:\/\/api.w.org\/{rel}","templated":true}]}}