{"id":6433,"date":"2020-02-10T14:21:46","date_gmt":"2020-02-10T13:21:46","guid":{"rendered":"https:\/\/www.formedia.pl\/sklep\/?post_type=product&#038;p=6433"},"modified":"2026-04-01T08:24:49","modified_gmt":"2026-04-01T06:24:49","slug":"stojak-dwustronny-a6-pionowy-z-biala-podstawka-sbp3","status":"publish","type":"product","link":"https:\/\/www.formedia.pl\/sklep\/produkt\/stojak-dwustronny-a6-pionowy-z-biala-podstawka-sbp3\/","title":{"rendered":"Stojak dwustronny z bia\u0142\u0105 podstawk\u0105 z plexi A6 pionowy 10 sztuk  SBP3"},"content":{"rendered":"<h2><span style=\"color: #ff6600;\">Stojak na podstawce do prezentacji z dw\u00f3ch stron kartki A6<\/span><\/h2>\n<p>Wyj\u0105tkowe ekspozytory z wysokiej jako\u015bci plexi od polskiego producenta Formedia. Zaprojektowane z my\u015bl\u0105 o prezentacji kr\u00f3tkich informacji ustawionych w widocznych miejscach. S\u0105 to np. sto\u0142y w restauracjach, lady recepcji, przy miejscach w poczekalniach i obs\u0142ugi petent\u00f3w, w pokojach hotelowych ect. W prezenterze mo\u017cna zamie\u015bci\u0107 dowolny druk A6. S\u0105 wielokrotnego u\u017cytku, dzi\u0119ki zastosowaniu wysokojako\u015bciowej plexi mo\u017cna je stosowa\u0107 przez d\u0142ugie lata i wci\u0105\u017c b\u0119d\u0105 wygl\u0105da\u0107 na czasie dzi\u0119ki unikatowej formie i klasycznego po\u0142\u0105czenia bia\u0142ej i bezbarwnej plexi.<\/p>\n<p><strong>UWAGA!<\/strong><\/p>\n<ul>\n<li>Na fotografii jest przyk\u0142adowa prezentacja produktu.<\/li>\n<li>Inne wzory, kszta\u0142ty, kolory tworzywa mo\u017cemy wykona\u0107 dla Pa\u0144stwa na zam\u00f3wienie mailowe. Przed z\u0142o\u017ceniem zam\u00f3wienia indywidualnego prosimy o kontakt z naszym biurem obs\u0142ugi klienta w celu ustalenia szczeg\u00f3\u0142\u00f3w:\u00a0<strong><a href=\"tel:+48661036036\">tel. 661 036 036<\/a><\/strong><\/li>\n<li>Oferujemy r\u00f3wnie\u017c znakowanie metod\u0105 grawerowania oraz nadruku utwardzanego \u015bwiat\u0142em UV.<\/li>\n<li>Druk UV wykonujemy m.in. na: plexi, szkle, dibondzie, drewnie, kartonie, metalu, PCV.<\/li>\n<li>Wyroby z plexi zabezpieczone s\u0105 foli\u0105 ochronn\u0105. Przed u\u017cyciem nale\u017cy j\u0105 \u015bci\u0105gn\u0105\u0107.<\/li>\n<li>Sprawd\u017a\u00a0paczk\u0119\u00a0przy kurierze i oce\u0144\u00a0czy zawarto\u015b\u0107\u00a0nie jest uszkodzona! Protok\u00f3\u0142\u00a0szkody jest jedyn\u0105\u00a0podstaw\u0105\u00a0do reklamacji.<\/li>\n<\/ul>\n","protected":false},"excerpt":{"rendered":"<ul>\n<li><strong><span style=\"color: #ff6600;\">Wymiary kartki (szer. x wys.): <\/span><\/strong>105 x 148 mm<\/li>\n<li><strong><span style=\"color: #ff6600;\">Wymiary stojaka (d\u0142. x szer. x wys.): <\/span><\/strong>70 x 105 x 170 mm<\/li>\n<li><strong><span style=\"color: #ff6600;\">Podstawka:<\/span><\/strong> plexi bia\u0142a<\/li>\n<li><strong><span style=\"color: #ff6600;\">Kiesze\u0144 na ulotk\u0119: <\/span><\/strong>plexi bezbarwna 2mm<\/li>\n<li><strong><span style=\"color: #ff6600;\">Kod produktu:<\/span> <\/strong>\u00a0SBP3<\/li>\n<\/ul>\n","protected":false},"featured_media":17476,"template":"","meta":[],"product_brand":[],"product_cat":[868,862],"product_tag":[],"woo-feed-brand":[],"class_list":{"0":"post-6433","1":"product","2":"type-product","3":"status-publish","4":"has-post-thumbnail","6":"product_cat-format-a6","7":"product_cat-stojaki-z-kolorowa-podstawka","9":"first","10":"instock","11":"taxable","12":"shipping-taxable","13":"purchasable","14":"product-type-simple"},"yoast_head":"<!-- This site is optimized with the Yoast SEO plugin v27.5 - https:\/\/yoast.com\/product\/yoast-seo-wordpress\/ -->\n<title>Stojak dwustronny z bia\u0142\u0105 podstawk\u0105 z plexi A6 pionowy 10 sztuk SBP3 - Formedia<\/title>\n<meta name=\"description\" content=\"Producent wyrob\u00f3w z plexi. Sprawd\u017a Stojak dwustronny z bia\u0142\u0105 podstawk\u0105 z plexi A6 pionowy 10 sztuk SBP3. Indywidualne podej\u015bcie, w\u0142asne studio projektowe. Zapraszamy!\" \/>\n<meta name=\"robots\" content=\"index, follow, max-snippet:-1, max-image-preview:large, max-video-preview:-1\" \/>\n<link rel=\"canonical\" href=\"https:\/\/www.formedia.pl\/sklep\/produkt\/stojak-dwustronny-a6-pionowy-z-biala-podstawka-sbp3\/\" \/>\n<meta property=\"og:locale\" content=\"pl_PL\" \/>\n<meta property=\"og:type\" content=\"article\" \/>\n<meta property=\"og:title\" content=\"Stojak dwustronny z bia\u0142\u0105 podstawk\u0105 z plexi A6 pionowy 10 sztuk SBP3 - Formedia\" \/>\n<meta property=\"og:description\" content=\"Producent wyrob\u00f3w z plexi. Sprawd\u017a Stojak dwustronny z bia\u0142\u0105 podstawk\u0105 z plexi A6 pionowy 10 sztuk SBP3. Indywidualne podej\u015bcie, w\u0142asne studio projektowe. Zapraszamy!\" \/>\n<meta property=\"og:url\" content=\"https:\/\/www.formedia.pl\/sklep\/produkt\/stojak-dwustronny-a6-pionowy-z-biala-podstawka-sbp3\/\" \/>\n<meta property=\"og:site_name\" content=\"Formedia\" \/>\n<meta property=\"article:publisher\" content=\"https:\/\/www.facebook.com\/formedia.bydgoszcz\/\" \/>\n<meta property=\"article:modified_time\" content=\"2026-04-01T06:24:49+00:00\" \/>\n<meta property=\"og:image\" content=\"https:\/\/www.formedia.pl\/sklep\/wp-content\/uploads\/2020\/02\/stojak-na-ulotki-z-kolorowa-podstawka.jpg\" \/>\n\t<meta property=\"og:image:width\" content=\"504\" \/>\n\t<meta property=\"og:image:height\" content=\"503\" \/>\n\t<meta property=\"og:image:type\" content=\"image\/jpeg\" \/>\n<meta name=\"twitter:card\" content=\"summary_large_image\" \/>\n<meta name=\"twitter:label1\" content=\"Szacowany czas czytania\" \/>\n\t<meta name=\"twitter:data1\" content=\"2 minuty\" \/>\n<script type=\"application\/ld+json\" class=\"yoast-schema-graph\">{\"@context\":\"https:\\\/\\\/schema.org\",\"@graph\":[{\"@type\":\"WebPage\",\"@id\":\"https:\\\/\\\/www.formedia.pl\\\/sklep\\\/produkt\\\/stojak-dwustronny-a6-pionowy-z-biala-podstawka-sbp3\\\/\",\"url\":\"https:\\\/\\\/www.formedia.pl\\\/sklep\\\/produkt\\\/stojak-dwustronny-a6-pionowy-z-biala-podstawka-sbp3\\\/\",\"name\":\"Stojak dwustronny z bia\u0142\u0105 podstawk\u0105 z plexi A6 pionowy 10 sztuk SBP3 - Formedia\",\"isPartOf\":{\"@id\":\"https:\\\/\\\/www.formedia.pl\\\/sklep\\\/#website\"},\"primaryImageOfPage\":{\"@id\":\"https:\\\/\\\/www.formedia.pl\\\/sklep\\\/produkt\\\/stojak-dwustronny-a6-pionowy-z-biala-podstawka-sbp3\\\/#primaryimage\"},\"image\":{\"@id\":\"https:\\\/\\\/www.formedia.pl\\\/sklep\\\/produkt\\\/stojak-dwustronny-a6-pionowy-z-biala-podstawka-sbp3\\\/#primaryimage\"},\"thumbnailUrl\":\"https:\\\/\\\/www.formedia.pl\\\/sklep\\\/wp-content\\\/uploads\\\/2020\\\/02\\\/stojak-na-ulotki-z-kolorowa-podstawka.jpg\",\"datePublished\":\"2020-02-10T13:21:46+00:00\",\"dateModified\":\"2026-04-01T06:24:49+00:00\",\"description\":\"Producent wyrob\u00f3w z plexi. Sprawd\u017a Stojak dwustronny z bia\u0142\u0105 podstawk\u0105 z plexi A6 pionowy 10 sztuk SBP3. Indywidualne podej\u015bcie, w\u0142asne studio projektowe. Zapraszamy!\",\"breadcrumb\":{\"@id\":\"https:\\\/\\\/www.formedia.pl\\\/sklep\\\/produkt\\\/stojak-dwustronny-a6-pionowy-z-biala-podstawka-sbp3\\\/#breadcrumb\"},\"inLanguage\":\"pl-PL\",\"potentialAction\":[{\"@type\":\"ReadAction\",\"target\":[\"https:\\\/\\\/www.formedia.pl\\\/sklep\\\/produkt\\\/stojak-dwustronny-a6-pionowy-z-biala-podstawka-sbp3\\\/\"]}]},{\"@type\":\"ImageObject\",\"inLanguage\":\"pl-PL\",\"@id\":\"https:\\\/\\\/www.formedia.pl\\\/sklep\\\/produkt\\\/stojak-dwustronny-a6-pionowy-z-biala-podstawka-sbp3\\\/#primaryimage\",\"url\":\"https:\\\/\\\/www.formedia.pl\\\/sklep\\\/wp-content\\\/uploads\\\/2020\\\/02\\\/stojak-na-ulotki-z-kolorowa-podstawka.jpg\",\"contentUrl\":\"https:\\\/\\\/www.formedia.pl\\\/sklep\\\/wp-content\\\/uploads\\\/2020\\\/02\\\/stojak-na-ulotki-z-kolorowa-podstawka.jpg\",\"width\":504,\"height\":503,\"caption\":\"elegancki stojak z kolorow\u0105 podstawk\u0105 A4, A5, A6, A7, DL\"},{\"@type\":\"BreadcrumbList\",\"@id\":\"https:\\\/\\\/www.formedia.pl\\\/sklep\\\/produkt\\\/stojak-dwustronny-a6-pionowy-z-biala-podstawka-sbp3\\\/#breadcrumb\",\"itemListElement\":[{\"@type\":\"ListItem\",\"position\":1,\"name\":\"Strona g\u0142\u00f3wna\",\"item\":\"https:\\\/\\\/www.formedia.pl\\\/sklep\\\/\"},{\"@type\":\"ListItem\",\"position\":2,\"name\":\"Sklep\",\"item\":\"https:\\\/\\\/www.formedia.pl\\\/sklep\\\/\"},{\"@type\":\"ListItem\",\"position\":3,\"name\":\"Stojak dwustronny z bia\u0142\u0105 podstawk\u0105 z plexi A6 pionowy 10 sztuk SBP3\"}]},{\"@type\":\"WebSite\",\"@id\":\"https:\\\/\\\/www.formedia.pl\\\/sklep\\\/#website\",\"url\":\"https:\\\/\\\/www.formedia.pl\\\/sklep\\\/\",\"name\":\"Formedia\",\"description\":\"Producent wyrob\u00f3w z tworzyw sztucznych\",\"publisher\":{\"@id\":\"https:\\\/\\\/www.formedia.pl\\\/sklep\\\/#organization\"},\"alternateName\":\"Formedia\",\"potentialAction\":[{\"@type\":\"SearchAction\",\"target\":{\"@type\":\"EntryPoint\",\"urlTemplate\":\"https:\\\/\\\/www.formedia.pl\\\/sklep\\\/?s={search_term_string}\"},\"query-input\":{\"@type\":\"PropertyValueSpecification\",\"valueRequired\":true,\"valueName\":\"search_term_string\"}}],\"inLanguage\":\"pl-PL\"},{\"@type\":\"Organization\",\"@id\":\"https:\\\/\\\/www.formedia.pl\\\/sklep\\\/#organization\",\"name\":\"Formedia\",\"alternateName\":\"Formedia\",\"url\":\"https:\\\/\\\/www.formedia.pl\\\/sklep\\\/\",\"logo\":{\"@type\":\"ImageObject\",\"inLanguage\":\"pl-PL\",\"@id\":\"https:\\\/\\\/www.formedia.pl\\\/sklep\\\/#\\\/schema\\\/logo\\\/image\\\/\",\"url\":\"https:\\\/\\\/www.formedia.pl\\\/sklep\\\/wp-content\\\/uploads\\\/2025\\\/03\\\/1x1cropped-logo-WWW-ForMedia-bialy.png\",\"contentUrl\":\"https:\\\/\\\/www.formedia.pl\\\/sklep\\\/wp-content\\\/uploads\\\/2025\\\/03\\\/1x1cropped-logo-WWW-ForMedia-bialy.png\",\"width\":412,\"height\":412,\"caption\":\"Formedia\"},\"image\":{\"@id\":\"https:\\\/\\\/www.formedia.pl\\\/sklep\\\/#\\\/schema\\\/logo\\\/image\\\/\"},\"sameAs\":[\"https:\\\/\\\/www.facebook.com\\\/formedia.bydgoszcz\\\/\",\"https:\\\/\\\/www.youtube.com\\\/@formedia4306\"]}]}<\/script>\n<!-- \/ Yoast SEO plugin. -->","yoast_head_json":{"title":"Stojak dwustronny z bia\u0142\u0105 podstawk\u0105 z plexi A6 pionowy 10 sztuk SBP3 - Formedia","description":"Producent wyrob\u00f3w z plexi. Sprawd\u017a Stojak dwustronny z bia\u0142\u0105 podstawk\u0105 z plexi A6 pionowy 10 sztuk SBP3. Indywidualne podej\u015bcie, w\u0142asne studio projektowe. Zapraszamy!","robots":{"index":"index","follow":"follow","max-snippet":"max-snippet:-1","max-image-preview":"max-image-preview:large","max-video-preview":"max-video-preview:-1"},"canonical":"https:\/\/www.formedia.pl\/sklep\/produkt\/stojak-dwustronny-a6-pionowy-z-biala-podstawka-sbp3\/","og_locale":"pl_PL","og_type":"article","og_title":"Stojak dwustronny z bia\u0142\u0105 podstawk\u0105 z plexi A6 pionowy 10 sztuk SBP3 - Formedia","og_description":"Producent wyrob\u00f3w z plexi. Sprawd\u017a Stojak dwustronny z bia\u0142\u0105 podstawk\u0105 z plexi A6 pionowy 10 sztuk SBP3. Indywidualne podej\u015bcie, w\u0142asne studio projektowe. Zapraszamy!","og_url":"https:\/\/www.formedia.pl\/sklep\/produkt\/stojak-dwustronny-a6-pionowy-z-biala-podstawka-sbp3\/","og_site_name":"Formedia","article_publisher":"https:\/\/www.facebook.com\/formedia.bydgoszcz\/","article_modified_time":"2026-04-01T06:24:49+00:00","og_image":[{"width":504,"height":503,"url":"https:\/\/www.formedia.pl\/sklep\/wp-content\/uploads\/2020\/02\/stojak-na-ulotki-z-kolorowa-podstawka.jpg","type":"image\/jpeg"}],"twitter_card":"summary_large_image","twitter_misc":{"Szacowany czas czytania":"2 minuty"},"schema":{"@context":"https:\/\/schema.org","@graph":[{"@type":"WebPage","@id":"https:\/\/www.formedia.pl\/sklep\/produkt\/stojak-dwustronny-a6-pionowy-z-biala-podstawka-sbp3\/","url":"https:\/\/www.formedia.pl\/sklep\/produkt\/stojak-dwustronny-a6-pionowy-z-biala-podstawka-sbp3\/","name":"Stojak dwustronny z bia\u0142\u0105 podstawk\u0105 z plexi A6 pionowy 10 sztuk SBP3 - Formedia","isPartOf":{"@id":"https:\/\/www.formedia.pl\/sklep\/#website"},"primaryImageOfPage":{"@id":"https:\/\/www.formedia.pl\/sklep\/produkt\/stojak-dwustronny-a6-pionowy-z-biala-podstawka-sbp3\/#primaryimage"},"image":{"@id":"https:\/\/www.formedia.pl\/sklep\/produkt\/stojak-dwustronny-a6-pionowy-z-biala-podstawka-sbp3\/#primaryimage"},"thumbnailUrl":"https:\/\/www.formedia.pl\/sklep\/wp-content\/uploads\/2020\/02\/stojak-na-ulotki-z-kolorowa-podstawka.jpg","datePublished":"2020-02-10T13:21:46+00:00","dateModified":"2026-04-01T06:24:49+00:00","description":"Producent wyrob\u00f3w z plexi. Sprawd\u017a Stojak dwustronny z bia\u0142\u0105 podstawk\u0105 z plexi A6 pionowy 10 sztuk SBP3. Indywidualne podej\u015bcie, w\u0142asne studio projektowe. Zapraszamy!","breadcrumb":{"@id":"https:\/\/www.formedia.pl\/sklep\/produkt\/stojak-dwustronny-a6-pionowy-z-biala-podstawka-sbp3\/#breadcrumb"},"inLanguage":"pl-PL","potentialAction":[{"@type":"ReadAction","target":["https:\/\/www.formedia.pl\/sklep\/produkt\/stojak-dwustronny-a6-pionowy-z-biala-podstawka-sbp3\/"]}]},{"@type":"ImageObject","inLanguage":"pl-PL","@id":"https:\/\/www.formedia.pl\/sklep\/produkt\/stojak-dwustronny-a6-pionowy-z-biala-podstawka-sbp3\/#primaryimage","url":"https:\/\/www.formedia.pl\/sklep\/wp-content\/uploads\/2020\/02\/stojak-na-ulotki-z-kolorowa-podstawka.jpg","contentUrl":"https:\/\/www.formedia.pl\/sklep\/wp-content\/uploads\/2020\/02\/stojak-na-ulotki-z-kolorowa-podstawka.jpg","width":504,"height":503,"caption":"elegancki stojak z kolorow\u0105 podstawk\u0105 A4, A5, A6, A7, DL"},{"@type":"BreadcrumbList","@id":"https:\/\/www.formedia.pl\/sklep\/produkt\/stojak-dwustronny-a6-pionowy-z-biala-podstawka-sbp3\/#breadcrumb","itemListElement":[{"@type":"ListItem","position":1,"name":"Strona g\u0142\u00f3wna","item":"https:\/\/www.formedia.pl\/sklep\/"},{"@type":"ListItem","position":2,"name":"Sklep","item":"https:\/\/www.formedia.pl\/sklep\/"},{"@type":"ListItem","position":3,"name":"Stojak dwustronny z bia\u0142\u0105 podstawk\u0105 z plexi A6 pionowy 10 sztuk SBP3"}]},{"@type":"WebSite","@id":"https:\/\/www.formedia.pl\/sklep\/#website","url":"https:\/\/www.formedia.pl\/sklep\/","name":"Formedia","description":"Producent wyrob\u00f3w z tworzyw sztucznych","publisher":{"@id":"https:\/\/www.formedia.pl\/sklep\/#organization"},"alternateName":"Formedia","potentialAction":[{"@type":"SearchAction","target":{"@type":"EntryPoint","urlTemplate":"https:\/\/www.formedia.pl\/sklep\/?s={search_term_string}"},"query-input":{"@type":"PropertyValueSpecification","valueRequired":true,"valueName":"search_term_string"}}],"inLanguage":"pl-PL"},{"@type":"Organization","@id":"https:\/\/www.formedia.pl\/sklep\/#organization","name":"Formedia","alternateName":"Formedia","url":"https:\/\/www.formedia.pl\/sklep\/","logo":{"@type":"ImageObject","inLanguage":"pl-PL","@id":"https:\/\/www.formedia.pl\/sklep\/#\/schema\/logo\/image\/","url":"https:\/\/www.formedia.pl\/sklep\/wp-content\/uploads\/2025\/03\/1x1cropped-logo-WWW-ForMedia-bialy.png","contentUrl":"https:\/\/www.formedia.pl\/sklep\/wp-content\/uploads\/2025\/03\/1x1cropped-logo-WWW-ForMedia-bialy.png","width":412,"height":412,"caption":"Formedia"},"image":{"@id":"https:\/\/www.formedia.pl\/sklep\/#\/schema\/logo\/image\/"},"sameAs":["https:\/\/www.facebook.com\/formedia.bydgoszcz\/","https:\/\/www.youtube.com\/@formedia4306"]}]}},"_links":{"self":[{"href":"https:\/\/www.formedia.pl\/sklep\/wp-json\/wp\/v2\/product\/6433","targetHints":{"allow":["GET"]}}],"collection":[{"href":"https:\/\/www.formedia.pl\/sklep\/wp-json\/wp\/v2\/product"}],"about":[{"href":"https:\/\/www.formedia.pl\/sklep\/wp-json\/wp\/v2\/types\/product"}],"wp:featuredmedia":[{"embeddable":true,"href":"https:\/\/www.formedia.pl\/sklep\/wp-json\/wp\/v2\/media\/17476"}],"wp:attachment":[{"href":"https:\/\/www.formedia.pl\/sklep\/wp-json\/wp\/v2\/media?parent=6433"}],"wp:term":[{"taxonomy":"product_brand","embeddable":true,"href":"https:\/\/www.formedia.pl\/sklep\/wp-json\/wp\/v2\/product_brand?post=6433"},{"taxonomy":"product_cat","embeddable":true,"href":"https:\/\/www.formedia.pl\/sklep\/wp-json\/wp\/v2\/product_cat?post=6433"},{"taxonomy":"product_tag","embeddable":true,"href":"https:\/\/www.formedia.pl\/sklep\/wp-json\/wp\/v2\/product_tag?post=6433"},{"taxonomy":"woo-feed-brand","embeddable":true,"href":"https:\/\/www.formedia.pl\/sklep\/wp-json\/wp\/v2\/woo-feed-brand?post=6433"}],"curies":[{"name":"wp","href":"https:\/\/api.w.org\/{rel}","templated":true}]}}