{"id":6636,"date":"2020-03-11T20:04:18","date_gmt":"2020-03-11T19:04:18","guid":{"rendered":"https:\/\/www.formedia.pl\/sklep\/?post_type=product&#038;p=6636"},"modified":"2026-04-01T08:24:53","modified_gmt":"2026-04-01T06:24:53","slug":"stojak-z-plexi-a5-pionowy-snu63","status":"publish","type":"product","link":"https:\/\/www.formedia.pl\/sklep\/produkt\/stojak-z-plexi-a5-pionowy-snu63\/","title":{"rendered":"Stojak z plexi pionowy A5, 15 sztuk  SNU63"},"content":{"rendered":"<h2 align=\"LEFT\"><span style=\"color: #ff6600;\">Praktyczny stojak A5<\/span><\/h2>\n<p align=\"LEFT\">Uniwersalny i nowoczesny stojak, kt\u00f3ry zwr\u00f3ci uwag\u0119 os\u00f3b przechodz\u0105cych obok niego. Umieszczany przy produktach, na biurkach, ladach lub sto\u0142ach. Jego uniwersalny wygl\u0105d sprawia, \u017ce pasuje do ka\u017cdego wn\u0119trza. Jest odporny na uszkodzenia dzi\u0119ki czemu wykorzystywany jest r\u00f3wnie\u017c na zewn\u0105trz.<\/p>\n<p><strong>UWAGA!<\/strong><\/p>\n<ul>\n<li>Na fotografii jest przyk\u0142adowa prezentacja produktu.<\/li>\n<li>Inne wzory, kszta\u0142ty, kolory tworzywa mo\u017cemy wykona\u0107 dla Pa\u0144stwa na zam\u00f3wienie mailowe. Przed z\u0142o\u017ceniem zam\u00f3wienia indywidualnego prosimy o kontakt z naszym biurem obs\u0142ugi klienta w celu ustalenia szczeg\u00f3\u0142\u00f3w:\u00a0<strong><a href=\"tel:+48661036036\">tel. 661 036 036<\/a><\/strong><\/li>\n<li>Oferujemy r\u00f3wnie\u017c znakowanie metod\u0105 grawerowania oraz nadruku utwardzanego \u015bwiat\u0142em UV.<\/li>\n<li>Druk UV wykonujemy m.in. na: plexi, szkle, dibondzie, drewnie, kartonie, metalu, PCV.<\/li>\n<li>Wyroby z plexi zabezpieczone s\u0105 foli\u0105 ochronn\u0105. Przed u\u017cyciem nale\u017cy j\u0105 \u015bci\u0105gn\u0105\u0107.<\/li>\n<li>Sprawd\u017a\u00a0paczk\u0119\u00a0przy kurierze i oce\u0144\u00a0czy zawarto\u015b\u0107\u00a0nie jest uszkodzona! Protok\u00f3\u0142\u00a0szkody jest jedyn\u0105\u00a0podstaw\u0105\u00a0do reklamacji.<\/li>\n<\/ul>\n","protected":false},"excerpt":{"rendered":"<ul>\n<li><strong><span style=\"color: #ff6600;\">Wymiary kartki (szer. x wys.): <\/span><\/strong>148 x 210 mm<\/li>\n<li><strong><span style=\"color: #ff6600;\">Wymiary stojaka (d\u0142. x szer. x wys.):<\/span><\/strong> 70 x 150 x 210 mm<\/li>\n<li><strong><span style=\"color: #ff6600;\">Materia\u0142: <\/span><\/strong>plexi bezbarwna<\/li>\n<li><strong><span style=\"color: #ff6600;\">Grubo\u015b\u0107: <\/span><\/strong>2 mm<\/li>\n<li><strong><span style=\"color: #ff6600;\">Kod produktu:<\/span><\/strong> SNU63<\/li>\n<\/ul>\n","protected":false},"featured_media":17449,"template":"","meta":[],"product_brand":[],"product_cat":[867,216,860],"product_tag":[],"woo-feed-brand":[],"class_list":{"0":"post-6636","1":"product","2":"type-product","3":"status-publish","4":"has-post-thumbnail","6":"product_cat-format-a5","7":"product_cat-stojaki-reklamowe-z-pleksi","8":"product_cat-stojaki-z-plexi","10":"first","11":"instock","12":"taxable","13":"shipping-taxable","14":"purchasable","15":"product-type-simple"},"yoast_head":"<!-- This site is optimized with the Yoast SEO plugin v27.5 - https:\/\/yoast.com\/product\/yoast-seo-wordpress\/ -->\n<title>Stojak z plexi pionowy A5, 15 sztuk SNU63 - Formedia<\/title>\n<meta name=\"description\" content=\"Producent wyrob\u00f3w z plexi. Sprawd\u017a Stojak z plexi pionowy A5, 15 sztuk SNU63. Indywidualne podej\u015bcie, w\u0142asne studio projektowe. Zapraszamy!\" \/>\n<meta name=\"robots\" content=\"index, follow, max-snippet:-1, max-image-preview:large, max-video-preview:-1\" \/>\n<link rel=\"canonical\" href=\"https:\/\/www.formedia.pl\/sklep\/produkt\/stojak-z-plexi-a5-pionowy-snu63\/\" \/>\n<meta property=\"og:locale\" content=\"pl_PL\" \/>\n<meta property=\"og:type\" content=\"article\" \/>\n<meta property=\"og:title\" content=\"Stojak z plexi pionowy A5, 15 sztuk SNU63 - Formedia\" \/>\n<meta property=\"og:description\" content=\"Producent wyrob\u00f3w z plexi. Sprawd\u017a Stojak z plexi pionowy A5, 15 sztuk SNU63. Indywidualne podej\u015bcie, w\u0142asne studio projektowe. Zapraszamy!\" \/>\n<meta property=\"og:url\" content=\"https:\/\/www.formedia.pl\/sklep\/produkt\/stojak-z-plexi-a5-pionowy-snu63\/\" \/>\n<meta property=\"og:site_name\" content=\"Formedia\" \/>\n<meta property=\"article:publisher\" content=\"https:\/\/www.facebook.com\/formedia.bydgoszcz\/\" \/>\n<meta property=\"article:modified_time\" content=\"2026-04-01T06:24:53+00:00\" \/>\n<meta property=\"og:image\" content=\"https:\/\/www.formedia.pl\/sklep\/wp-content\/uploads\/2020\/03\/stojak-na-ulotki-z-plexi-na-biurko-z-kieszenia-i-podajnikiem.jpg\" \/>\n\t<meta property=\"og:image:width\" content=\"630\" \/>\n\t<meta property=\"og:image:height\" content=\"630\" \/>\n\t<meta property=\"og:image:type\" content=\"image\/jpeg\" \/>\n<meta name=\"twitter:card\" content=\"summary_large_image\" \/>\n<meta name=\"twitter:label1\" content=\"Szacowany czas czytania\" \/>\n\t<meta name=\"twitter:data1\" content=\"1 minuta\" \/>\n<script type=\"application\/ld+json\" class=\"yoast-schema-graph\">{\"@context\":\"https:\\\/\\\/schema.org\",\"@graph\":[{\"@type\":\"WebPage\",\"@id\":\"https:\\\/\\\/www.formedia.pl\\\/sklep\\\/produkt\\\/stojak-z-plexi-a5-pionowy-snu63\\\/\",\"url\":\"https:\\\/\\\/www.formedia.pl\\\/sklep\\\/produkt\\\/stojak-z-plexi-a5-pionowy-snu63\\\/\",\"name\":\"Stojak z plexi pionowy A5, 15 sztuk SNU63 - Formedia\",\"isPartOf\":{\"@id\":\"https:\\\/\\\/www.formedia.pl\\\/sklep\\\/#website\"},\"primaryImageOfPage\":{\"@id\":\"https:\\\/\\\/www.formedia.pl\\\/sklep\\\/produkt\\\/stojak-z-plexi-a5-pionowy-snu63\\\/#primaryimage\"},\"image\":{\"@id\":\"https:\\\/\\\/www.formedia.pl\\\/sklep\\\/produkt\\\/stojak-z-plexi-a5-pionowy-snu63\\\/#primaryimage\"},\"thumbnailUrl\":\"https:\\\/\\\/www.formedia.pl\\\/sklep\\\/wp-content\\\/uploads\\\/2020\\\/03\\\/stojak-na-ulotki-z-plexi-na-biurko-z-kieszenia-i-podajnikiem.jpg\",\"datePublished\":\"2020-03-11T19:04:18+00:00\",\"dateModified\":\"2026-04-01T06:24:53+00:00\",\"description\":\"Producent wyrob\u00f3w z plexi. Sprawd\u017a Stojak z plexi pionowy A5, 15 sztuk SNU63. Indywidualne podej\u015bcie, w\u0142asne studio projektowe. Zapraszamy!\",\"breadcrumb\":{\"@id\":\"https:\\\/\\\/www.formedia.pl\\\/sklep\\\/produkt\\\/stojak-z-plexi-a5-pionowy-snu63\\\/#breadcrumb\"},\"inLanguage\":\"pl-PL\",\"potentialAction\":[{\"@type\":\"ReadAction\",\"target\":[\"https:\\\/\\\/www.formedia.pl\\\/sklep\\\/produkt\\\/stojak-z-plexi-a5-pionowy-snu63\\\/\"]}]},{\"@type\":\"ImageObject\",\"inLanguage\":\"pl-PL\",\"@id\":\"https:\\\/\\\/www.formedia.pl\\\/sklep\\\/produkt\\\/stojak-z-plexi-a5-pionowy-snu63\\\/#primaryimage\",\"url\":\"https:\\\/\\\/www.formedia.pl\\\/sklep\\\/wp-content\\\/uploads\\\/2020\\\/03\\\/stojak-na-ulotki-z-plexi-na-biurko-z-kieszenia-i-podajnikiem.jpg\",\"contentUrl\":\"https:\\\/\\\/www.formedia.pl\\\/sklep\\\/wp-content\\\/uploads\\\/2020\\\/03\\\/stojak-na-ulotki-z-plexi-na-biurko-z-kieszenia-i-podajnikiem.jpg\",\"width\":630,\"height\":630,\"caption\":\"stojak z kieszeniami i podajnikami na ulotki A4, A5, A6, A7, DL\"},{\"@type\":\"BreadcrumbList\",\"@id\":\"https:\\\/\\\/www.formedia.pl\\\/sklep\\\/produkt\\\/stojak-z-plexi-a5-pionowy-snu63\\\/#breadcrumb\",\"itemListElement\":[{\"@type\":\"ListItem\",\"position\":1,\"name\":\"Strona g\u0142\u00f3wna\",\"item\":\"https:\\\/\\\/www.formedia.pl\\\/sklep\\\/\"},{\"@type\":\"ListItem\",\"position\":2,\"name\":\"Sklep\",\"item\":\"https:\\\/\\\/www.formedia.pl\\\/sklep\\\/\"},{\"@type\":\"ListItem\",\"position\":3,\"name\":\"Stojak z plexi pionowy A5, 15 sztuk SNU63\"}]},{\"@type\":\"WebSite\",\"@id\":\"https:\\\/\\\/www.formedia.pl\\\/sklep\\\/#website\",\"url\":\"https:\\\/\\\/www.formedia.pl\\\/sklep\\\/\",\"name\":\"Formedia\",\"description\":\"Producent wyrob\u00f3w z tworzyw sztucznych\",\"publisher\":{\"@id\":\"https:\\\/\\\/www.formedia.pl\\\/sklep\\\/#organization\"},\"alternateName\":\"Formedia\",\"potentialAction\":[{\"@type\":\"SearchAction\",\"target\":{\"@type\":\"EntryPoint\",\"urlTemplate\":\"https:\\\/\\\/www.formedia.pl\\\/sklep\\\/?s={search_term_string}\"},\"query-input\":{\"@type\":\"PropertyValueSpecification\",\"valueRequired\":true,\"valueName\":\"search_term_string\"}}],\"inLanguage\":\"pl-PL\"},{\"@type\":\"Organization\",\"@id\":\"https:\\\/\\\/www.formedia.pl\\\/sklep\\\/#organization\",\"name\":\"Formedia\",\"alternateName\":\"Formedia\",\"url\":\"https:\\\/\\\/www.formedia.pl\\\/sklep\\\/\",\"logo\":{\"@type\":\"ImageObject\",\"inLanguage\":\"pl-PL\",\"@id\":\"https:\\\/\\\/www.formedia.pl\\\/sklep\\\/#\\\/schema\\\/logo\\\/image\\\/\",\"url\":\"https:\\\/\\\/www.formedia.pl\\\/sklep\\\/wp-content\\\/uploads\\\/2025\\\/03\\\/1x1cropped-logo-WWW-ForMedia-bialy.png\",\"contentUrl\":\"https:\\\/\\\/www.formedia.pl\\\/sklep\\\/wp-content\\\/uploads\\\/2025\\\/03\\\/1x1cropped-logo-WWW-ForMedia-bialy.png\",\"width\":412,\"height\":412,\"caption\":\"Formedia\"},\"image\":{\"@id\":\"https:\\\/\\\/www.formedia.pl\\\/sklep\\\/#\\\/schema\\\/logo\\\/image\\\/\"},\"sameAs\":[\"https:\\\/\\\/www.facebook.com\\\/formedia.bydgoszcz\\\/\",\"https:\\\/\\\/www.youtube.com\\\/@formedia4306\"]}]}<\/script>\n<!-- \/ Yoast SEO plugin. -->","yoast_head_json":{"title":"Stojak z plexi pionowy A5, 15 sztuk SNU63 - Formedia","description":"Producent wyrob\u00f3w z plexi. Sprawd\u017a Stojak z plexi pionowy A5, 15 sztuk SNU63. Indywidualne podej\u015bcie, w\u0142asne studio projektowe. Zapraszamy!","robots":{"index":"index","follow":"follow","max-snippet":"max-snippet:-1","max-image-preview":"max-image-preview:large","max-video-preview":"max-video-preview:-1"},"canonical":"https:\/\/www.formedia.pl\/sklep\/produkt\/stojak-z-plexi-a5-pionowy-snu63\/","og_locale":"pl_PL","og_type":"article","og_title":"Stojak z plexi pionowy A5, 15 sztuk SNU63 - Formedia","og_description":"Producent wyrob\u00f3w z plexi. Sprawd\u017a Stojak z plexi pionowy A5, 15 sztuk SNU63. Indywidualne podej\u015bcie, w\u0142asne studio projektowe. Zapraszamy!","og_url":"https:\/\/www.formedia.pl\/sklep\/produkt\/stojak-z-plexi-a5-pionowy-snu63\/","og_site_name":"Formedia","article_publisher":"https:\/\/www.facebook.com\/formedia.bydgoszcz\/","article_modified_time":"2026-04-01T06:24:53+00:00","og_image":[{"width":630,"height":630,"url":"https:\/\/www.formedia.pl\/sklep\/wp-content\/uploads\/2020\/03\/stojak-na-ulotki-z-plexi-na-biurko-z-kieszenia-i-podajnikiem.jpg","type":"image\/jpeg"}],"twitter_card":"summary_large_image","twitter_misc":{"Szacowany czas czytania":"1 minuta"},"schema":{"@context":"https:\/\/schema.org","@graph":[{"@type":"WebPage","@id":"https:\/\/www.formedia.pl\/sklep\/produkt\/stojak-z-plexi-a5-pionowy-snu63\/","url":"https:\/\/www.formedia.pl\/sklep\/produkt\/stojak-z-plexi-a5-pionowy-snu63\/","name":"Stojak z plexi pionowy A5, 15 sztuk SNU63 - Formedia","isPartOf":{"@id":"https:\/\/www.formedia.pl\/sklep\/#website"},"primaryImageOfPage":{"@id":"https:\/\/www.formedia.pl\/sklep\/produkt\/stojak-z-plexi-a5-pionowy-snu63\/#primaryimage"},"image":{"@id":"https:\/\/www.formedia.pl\/sklep\/produkt\/stojak-z-plexi-a5-pionowy-snu63\/#primaryimage"},"thumbnailUrl":"https:\/\/www.formedia.pl\/sklep\/wp-content\/uploads\/2020\/03\/stojak-na-ulotki-z-plexi-na-biurko-z-kieszenia-i-podajnikiem.jpg","datePublished":"2020-03-11T19:04:18+00:00","dateModified":"2026-04-01T06:24:53+00:00","description":"Producent wyrob\u00f3w z plexi. Sprawd\u017a Stojak z plexi pionowy A5, 15 sztuk SNU63. Indywidualne podej\u015bcie, w\u0142asne studio projektowe. Zapraszamy!","breadcrumb":{"@id":"https:\/\/www.formedia.pl\/sklep\/produkt\/stojak-z-plexi-a5-pionowy-snu63\/#breadcrumb"},"inLanguage":"pl-PL","potentialAction":[{"@type":"ReadAction","target":["https:\/\/www.formedia.pl\/sklep\/produkt\/stojak-z-plexi-a5-pionowy-snu63\/"]}]},{"@type":"ImageObject","inLanguage":"pl-PL","@id":"https:\/\/www.formedia.pl\/sklep\/produkt\/stojak-z-plexi-a5-pionowy-snu63\/#primaryimage","url":"https:\/\/www.formedia.pl\/sklep\/wp-content\/uploads\/2020\/03\/stojak-na-ulotki-z-plexi-na-biurko-z-kieszenia-i-podajnikiem.jpg","contentUrl":"https:\/\/www.formedia.pl\/sklep\/wp-content\/uploads\/2020\/03\/stojak-na-ulotki-z-plexi-na-biurko-z-kieszenia-i-podajnikiem.jpg","width":630,"height":630,"caption":"stojak z kieszeniami i podajnikami na ulotki A4, A5, A6, A7, DL"},{"@type":"BreadcrumbList","@id":"https:\/\/www.formedia.pl\/sklep\/produkt\/stojak-z-plexi-a5-pionowy-snu63\/#breadcrumb","itemListElement":[{"@type":"ListItem","position":1,"name":"Strona g\u0142\u00f3wna","item":"https:\/\/www.formedia.pl\/sklep\/"},{"@type":"ListItem","position":2,"name":"Sklep","item":"https:\/\/www.formedia.pl\/sklep\/"},{"@type":"ListItem","position":3,"name":"Stojak z plexi pionowy A5, 15 sztuk SNU63"}]},{"@type":"WebSite","@id":"https:\/\/www.formedia.pl\/sklep\/#website","url":"https:\/\/www.formedia.pl\/sklep\/","name":"Formedia","description":"Producent wyrob\u00f3w z tworzyw sztucznych","publisher":{"@id":"https:\/\/www.formedia.pl\/sklep\/#organization"},"alternateName":"Formedia","potentialAction":[{"@type":"SearchAction","target":{"@type":"EntryPoint","urlTemplate":"https:\/\/www.formedia.pl\/sklep\/?s={search_term_string}"},"query-input":{"@type":"PropertyValueSpecification","valueRequired":true,"valueName":"search_term_string"}}],"inLanguage":"pl-PL"},{"@type":"Organization","@id":"https:\/\/www.formedia.pl\/sklep\/#organization","name":"Formedia","alternateName":"Formedia","url":"https:\/\/www.formedia.pl\/sklep\/","logo":{"@type":"ImageObject","inLanguage":"pl-PL","@id":"https:\/\/www.formedia.pl\/sklep\/#\/schema\/logo\/image\/","url":"https:\/\/www.formedia.pl\/sklep\/wp-content\/uploads\/2025\/03\/1x1cropped-logo-WWW-ForMedia-bialy.png","contentUrl":"https:\/\/www.formedia.pl\/sklep\/wp-content\/uploads\/2025\/03\/1x1cropped-logo-WWW-ForMedia-bialy.png","width":412,"height":412,"caption":"Formedia"},"image":{"@id":"https:\/\/www.formedia.pl\/sklep\/#\/schema\/logo\/image\/"},"sameAs":["https:\/\/www.facebook.com\/formedia.bydgoszcz\/","https:\/\/www.youtube.com\/@formedia4306"]}]}},"_links":{"self":[{"href":"https:\/\/www.formedia.pl\/sklep\/wp-json\/wp\/v2\/product\/6636","targetHints":{"allow":["GET"]}}],"collection":[{"href":"https:\/\/www.formedia.pl\/sklep\/wp-json\/wp\/v2\/product"}],"about":[{"href":"https:\/\/www.formedia.pl\/sklep\/wp-json\/wp\/v2\/types\/product"}],"wp:featuredmedia":[{"embeddable":true,"href":"https:\/\/www.formedia.pl\/sklep\/wp-json\/wp\/v2\/media\/17449"}],"wp:attachment":[{"href":"https:\/\/www.formedia.pl\/sklep\/wp-json\/wp\/v2\/media?parent=6636"}],"wp:term":[{"taxonomy":"product_brand","embeddable":true,"href":"https:\/\/www.formedia.pl\/sklep\/wp-json\/wp\/v2\/product_brand?post=6636"},{"taxonomy":"product_cat","embeddable":true,"href":"https:\/\/www.formedia.pl\/sklep\/wp-json\/wp\/v2\/product_cat?post=6636"},{"taxonomy":"product_tag","embeddable":true,"href":"https:\/\/www.formedia.pl\/sklep\/wp-json\/wp\/v2\/product_tag?post=6636"},{"taxonomy":"woo-feed-brand","embeddable":true,"href":"https:\/\/www.formedia.pl\/sklep\/wp-json\/wp\/v2\/woo-feed-brand?post=6636"}],"curies":[{"name":"wp","href":"https:\/\/api.w.org\/{rel}","templated":true}]}}