{"id":6833,"date":"2020-03-18T13:47:04","date_gmt":"2020-03-18T12:47:04","guid":{"rendered":"https:\/\/www.formedia.pl\/sklep\/?post_type=product&#038;p=6833"},"modified":"2026-04-01T08:24:56","modified_gmt":"2026-04-01T06:24:56","slug":"plyta-ochronna-bhp-z-plexi-antywirusowa-3mm-80x100x20cm-z-otworem","status":"publish","type":"product","link":"https:\/\/www.formedia.pl\/sklep\/produkt\/plyta-ochronna-bhp-z-plexi-antywirusowa-3mm-80x100x20cm-z-otworem\/","title":{"rendered":"P\u0142yta ochronna BHP z plexi antywirusowa 3 mm 80 x 100 x 20 cm z otworem"},"content":{"rendered":"<h2><span style=\"color: #ff6600;\">Ochrona na biurko z pleksi<\/span><\/h2>\n<p>\u015acianka z trwa\u0142ej plexi do cel\u00f3w ochronnych stanowi\u0105ca zabezpieczenie przed bezpo\u015brednim kontaktem z zarazkami pochodz\u0105cymi od os\u00f3b trzecich. Dzi\u0119ki tej os\u0142onie sprzedawca jak i kupuj\u0105cy jest chroniony przed kontaktem z zarazkami\/ wirusami z zewn\u0105trz. Przeznaczona do stosowania w miejscach obs\u0142ugi klient\u00f3w i bezpo\u015brednich spotka\u0144 w miejscach, w kt\u00f3rych zalecany odst\u0119p od os\u00f3b nieznajomych nie jest zachowany np. sklepy, apteki, banki. Stanowi tarcz\u0119 ochronn\u0105 chroni\u0105c\u0105 rozmawiaj\u0105cych przed zarazkami.<\/p>\n<h3><span style=\"color: #ff6600;\">Os\u0142ona \u015bcianka z plexi:<\/span><\/h3>\n<ul>\n<li>skuteczna ochrona przed zarazkami pochodz\u0105cymi od os\u00f3b trzecich<\/li>\n<li>\u0142atwy monta\u017c, prosta w obs\u0142udze<\/li>\n<li>otw\u00f3r umo\u017cliwiaj\u0105cy np. dokonanie wp\u0142aty lub podanie produktu<\/li>\n<li>\u0142atwo\u015b\u0107 w utrzymaniu czysto\u015bci<\/li>\n<li>trwa\u0142o\u015b\u0107 produktu, nawet 10% wytrzymalsza od szyby<\/li>\n<li>wysoka przepuszczalno\u015b\u0107 \u015bwiat\u0142a<\/li>\n<li>produkt zabezpieczony foli\u0105 ochronn\u0105 do demonta\u017cu przed u\u017cyciem zabezpieczaj\u0105c\u0105 plexi przed uszkodzeniem mechanicznym podczas transportu<\/li>\n<\/ul>\n<p dir=\"auto\"><strong>WA\u017bNE UWAGI:<\/strong><\/p>\n<ul>\n<li dir=\"auto\">UWAGA: Istnieje mo\u017cliwo\u015b\u0107 z d\u0142u\u017cszym terminem p\u0142atno\u015bci 14 dni dla instytucji publicznych, pa\u0144stwowych, samorz\u0105dowych.<\/li>\n<li>UWAGA: Je\u015bli u\u017cywasz detergent\u00f3w na bazie alkoholu do mycia plexi, zachowaj ostro\u017cno\u015b\u0107 przy czyszczeniu kraw\u0119dzi. Przy bezpo\u015brednim kontakcie mog\u0105 powsta\u0107 mikro p\u0119kni\u0119cia.<\/li>\n<li>UWAGA: Do utrzymywania higienicznej konserwacji, dezynfekcji powierzchni produkt\u00f3w zalecamy u\u017cywanie <span style=\"color: #333333;\"><strong>Safe Zone 1.0 o w wygodnym opakowaniu 0,75 L<\/strong><\/span>\u00a0lub <span style=\"color: #333333;\"><strong>Safe Zone 1.0 w ekonomicznej 5 L butelce.<\/strong> <\/span>Jest to \u015brodek czyszcz\u0105cy o dzia\u0142aniu wirusob\u00f3jczym. Nie zawiera alkoholu jest bezbarwny i bezzapachowy.<\/li>\n<li dir=\"auto\">UWAGA: Sprawd\u017a paczk\u0119 przy kurierze i oce\u0144 czy zawarto\u015b\u0107 nie jest uszkodzona! Protok\u00f3\u0142 szkody jest jedyn\u0105 podstaw\u0105 do reklamacji.<\/li>\n<li dir=\"auto\">UWAGA: Produkt jest zabezpieczony foli\u0105 ochronn\u0105, kt\u00f3r\u0105 nale\u017cy zdemontowa\u0107 przed u\u017cyciem.<\/li>\n<\/ul>\n","protected":false},"excerpt":{"rendered":"<ul>\n<li><strong><span style=\"color: #ff6600;\">Wymiary (d\u0142. x szer. x wys.):<\/span><\/strong> 20 x 100 x 80 cm<\/li>\n<li><strong><span style=\"color: #ff6600;\">Materia\u0142:<\/span><\/strong> plexi bezbarwna lub \u00a0polycasa san ? jest to l\u017cejszy, sztywniejszy zamiennik plexi<\/li>\n<li><strong><span style=\"color: #ff6600;\">Grubo\u015b\u0107:<\/span><\/strong> 3 mm<\/li>\n<li><strong><span style=\"color: #ff6600;\">Otw\u00f3r (szer. x wys.):<\/span><\/strong> 25 x 10 cm<\/li>\n<li><strong><span style=\"color: #ff6600;\">Kod produktu:\u00a0<\/span><\/strong> FMO29<\/li>\n<li>Os\u0142ona sk\u0142ada si\u0119 z trzech cz\u0119\u015bci, kt\u00f3re si\u0119 ze sob\u0105 \u0142\u0105czy.<\/li>\n<\/ul>\n","protected":false},"featured_media":6862,"template":"","meta":[],"product_brand":[],"product_cat":[335],"product_tag":[],"woo-feed-brand":[],"class_list":{"0":"post-6833","1":"product","2":"type-product","3":"status-publish","4":"has-post-thumbnail","6":"product_cat-oslony","8":"first","9":"instock","10":"taxable","11":"shipping-taxable","12":"purchasable","13":"product-type-simple"},"yoast_head":"<!-- This site is optimized with the Yoast SEO plugin v27.4 - https:\/\/yoast.com\/product\/yoast-seo-wordpress\/ -->\n<title>P\u0142yta ochronna BHP z plexi antywirusowa 3 mm 80 x 100 x 20 cm z otworem - Formedia<\/title>\n<meta name=\"description\" content=\"Producent wyrob\u00f3w z plexi. Sprawd\u017a P\u0142yta ochronna BHP z plexi antywirusowa 3 mm 80 x 100 x 20 cm z otworem. Indywidualne podej\u015bcie, w\u0142asne studio projektowe. Zapraszamy!\" \/>\n<meta name=\"robots\" content=\"index, follow, max-snippet:-1, max-image-preview:large, max-video-preview:-1\" \/>\n<link rel=\"canonical\" href=\"https:\/\/www.formedia.pl\/sklep\/produkt\/plyta-ochronna-bhp-z-plexi-antywirusowa-3mm-80x100x20cm-z-otworem\/\" \/>\n<meta property=\"og:locale\" content=\"pl_PL\" \/>\n<meta property=\"og:type\" content=\"article\" \/>\n<meta property=\"og:title\" content=\"P\u0142yta ochronna BHP z plexi antywirusowa 3 mm 80 x 100 x 20 cm z otworem - Formedia\" \/>\n<meta property=\"og:description\" content=\"Producent wyrob\u00f3w z plexi. Sprawd\u017a P\u0142yta ochronna BHP z plexi antywirusowa 3 mm 80 x 100 x 20 cm z otworem. Indywidualne podej\u015bcie, w\u0142asne studio projektowe. Zapraszamy!\" \/>\n<meta property=\"og:url\" content=\"https:\/\/www.formedia.pl\/sklep\/produkt\/plyta-ochronna-bhp-z-plexi-antywirusowa-3mm-80x100x20cm-z-otworem\/\" \/>\n<meta property=\"og:site_name\" content=\"Formedia\" \/>\n<meta property=\"article:publisher\" content=\"https:\/\/www.facebook.com\/formedia.bydgoszcz\/\" \/>\n<meta property=\"article:modified_time\" content=\"2026-04-01T06:24:56+00:00\" \/>\n<meta property=\"og:image\" content=\"https:\/\/www.formedia.pl\/sklep\/wp-content\/uploads\/2020\/03\/OSLONA-PRZECIWWIRUSOWA-SCIANKA-Z-PLEXI-BYDGOSZCZ-FORMEDIA-FMO-29-bhp-1.jpg\" \/>\n\t<meta property=\"og:image:width\" content=\"508\" \/>\n\t<meta property=\"og:image:height\" content=\"508\" \/>\n\t<meta property=\"og:image:type\" content=\"image\/jpeg\" \/>\n<meta name=\"twitter:card\" content=\"summary_large_image\" \/>\n<meta name=\"twitter:label1\" content=\"Szacowany czas czytania\" \/>\n\t<meta name=\"twitter:data1\" content=\"1 minuta\" \/>\n<script type=\"application\/ld+json\" class=\"yoast-schema-graph\">{\"@context\":\"https:\\\/\\\/schema.org\",\"@graph\":[{\"@type\":\"WebPage\",\"@id\":\"https:\\\/\\\/www.formedia.pl\\\/sklep\\\/produkt\\\/plyta-ochronna-bhp-z-plexi-antywirusowa-3mm-80x100x20cm-z-otworem\\\/\",\"url\":\"https:\\\/\\\/www.formedia.pl\\\/sklep\\\/produkt\\\/plyta-ochronna-bhp-z-plexi-antywirusowa-3mm-80x100x20cm-z-otworem\\\/\",\"name\":\"P\u0142yta ochronna BHP z plexi antywirusowa 3 mm 80 x 100 x 20 cm z otworem - Formedia\",\"isPartOf\":{\"@id\":\"https:\\\/\\\/www.formedia.pl\\\/sklep\\\/#website\"},\"primaryImageOfPage\":{\"@id\":\"https:\\\/\\\/www.formedia.pl\\\/sklep\\\/produkt\\\/plyta-ochronna-bhp-z-plexi-antywirusowa-3mm-80x100x20cm-z-otworem\\\/#primaryimage\"},\"image\":{\"@id\":\"https:\\\/\\\/www.formedia.pl\\\/sklep\\\/produkt\\\/plyta-ochronna-bhp-z-plexi-antywirusowa-3mm-80x100x20cm-z-otworem\\\/#primaryimage\"},\"thumbnailUrl\":\"https:\\\/\\\/www.formedia.pl\\\/sklep\\\/wp-content\\\/uploads\\\/2020\\\/03\\\/OSLONA-PRZECIWWIRUSOWA-SCIANKA-Z-PLEXI-BYDGOSZCZ-FORMEDIA-FMO-29-bhp-1.jpg\",\"datePublished\":\"2020-03-18T12:47:04+00:00\",\"dateModified\":\"2026-04-01T06:24:56+00:00\",\"description\":\"Producent wyrob\u00f3w z plexi. Sprawd\u017a P\u0142yta ochronna BHP z plexi antywirusowa 3 mm 80 x 100 x 20 cm z otworem. Indywidualne podej\u015bcie, w\u0142asne studio projektowe. Zapraszamy!\",\"breadcrumb\":{\"@id\":\"https:\\\/\\\/www.formedia.pl\\\/sklep\\\/produkt\\\/plyta-ochronna-bhp-z-plexi-antywirusowa-3mm-80x100x20cm-z-otworem\\\/#breadcrumb\"},\"inLanguage\":\"pl-PL\",\"potentialAction\":[{\"@type\":\"ReadAction\",\"target\":[\"https:\\\/\\\/www.formedia.pl\\\/sklep\\\/produkt\\\/plyta-ochronna-bhp-z-plexi-antywirusowa-3mm-80x100x20cm-z-otworem\\\/\"]}]},{\"@type\":\"ImageObject\",\"inLanguage\":\"pl-PL\",\"@id\":\"https:\\\/\\\/www.formedia.pl\\\/sklep\\\/produkt\\\/plyta-ochronna-bhp-z-plexi-antywirusowa-3mm-80x100x20cm-z-otworem\\\/#primaryimage\",\"url\":\"https:\\\/\\\/www.formedia.pl\\\/sklep\\\/wp-content\\\/uploads\\\/2020\\\/03\\\/OSLONA-PRZECIWWIRUSOWA-SCIANKA-Z-PLEXI-BYDGOSZCZ-FORMEDIA-FMO-29-bhp-1.jpg\",\"contentUrl\":\"https:\\\/\\\/www.formedia.pl\\\/sklep\\\/wp-content\\\/uploads\\\/2020\\\/03\\\/OSLONA-PRZECIWWIRUSOWA-SCIANKA-Z-PLEXI-BYDGOSZCZ-FORMEDIA-FMO-29-bhp-1.jpg\",\"width\":508,\"height\":508,\"caption\":\"plexi stoj\u0105ca na lade\"},{\"@type\":\"BreadcrumbList\",\"@id\":\"https:\\\/\\\/www.formedia.pl\\\/sklep\\\/produkt\\\/plyta-ochronna-bhp-z-plexi-antywirusowa-3mm-80x100x20cm-z-otworem\\\/#breadcrumb\",\"itemListElement\":[{\"@type\":\"ListItem\",\"position\":1,\"name\":\"Strona g\u0142\u00f3wna\",\"item\":\"https:\\\/\\\/www.formedia.pl\\\/sklep\\\/\"},{\"@type\":\"ListItem\",\"position\":2,\"name\":\"Sklep\",\"item\":\"https:\\\/\\\/www.formedia.pl\\\/sklep\\\/\"},{\"@type\":\"ListItem\",\"position\":3,\"name\":\"P\u0142yta ochronna BHP z plexi antywirusowa 3 mm 80 x 100 x 20 cm z otworem\"}]},{\"@type\":\"WebSite\",\"@id\":\"https:\\\/\\\/www.formedia.pl\\\/sklep\\\/#website\",\"url\":\"https:\\\/\\\/www.formedia.pl\\\/sklep\\\/\",\"name\":\"Formedia\",\"description\":\"Producent wyrob\u00f3w z tworzyw sztucznych\",\"publisher\":{\"@id\":\"https:\\\/\\\/www.formedia.pl\\\/sklep\\\/#organization\"},\"alternateName\":\"Formedia\",\"potentialAction\":[{\"@type\":\"SearchAction\",\"target\":{\"@type\":\"EntryPoint\",\"urlTemplate\":\"https:\\\/\\\/www.formedia.pl\\\/sklep\\\/?s={search_term_string}\"},\"query-input\":{\"@type\":\"PropertyValueSpecification\",\"valueRequired\":true,\"valueName\":\"search_term_string\"}}],\"inLanguage\":\"pl-PL\"},{\"@type\":\"Organization\",\"@id\":\"https:\\\/\\\/www.formedia.pl\\\/sklep\\\/#organization\",\"name\":\"Formedia\",\"alternateName\":\"Formedia\",\"url\":\"https:\\\/\\\/www.formedia.pl\\\/sklep\\\/\",\"logo\":{\"@type\":\"ImageObject\",\"inLanguage\":\"pl-PL\",\"@id\":\"https:\\\/\\\/www.formedia.pl\\\/sklep\\\/#\\\/schema\\\/logo\\\/image\\\/\",\"url\":\"https:\\\/\\\/www.formedia.pl\\\/sklep\\\/wp-content\\\/uploads\\\/2025\\\/03\\\/1x1cropped-logo-WWW-ForMedia-bialy.png\",\"contentUrl\":\"https:\\\/\\\/www.formedia.pl\\\/sklep\\\/wp-content\\\/uploads\\\/2025\\\/03\\\/1x1cropped-logo-WWW-ForMedia-bialy.png\",\"width\":412,\"height\":412,\"caption\":\"Formedia\"},\"image\":{\"@id\":\"https:\\\/\\\/www.formedia.pl\\\/sklep\\\/#\\\/schema\\\/logo\\\/image\\\/\"},\"sameAs\":[\"https:\\\/\\\/www.facebook.com\\\/formedia.bydgoszcz\\\/\",\"https:\\\/\\\/www.youtube.com\\\/@formedia4306\"]}]}<\/script>\n<!-- \/ Yoast SEO plugin. -->","yoast_head_json":{"title":"P\u0142yta ochronna BHP z plexi antywirusowa 3 mm 80 x 100 x 20 cm z otworem - Formedia","description":"Producent wyrob\u00f3w z plexi. Sprawd\u017a P\u0142yta ochronna BHP z plexi antywirusowa 3 mm 80 x 100 x 20 cm z otworem. Indywidualne podej\u015bcie, w\u0142asne studio projektowe. Zapraszamy!","robots":{"index":"index","follow":"follow","max-snippet":"max-snippet:-1","max-image-preview":"max-image-preview:large","max-video-preview":"max-video-preview:-1"},"canonical":"https:\/\/www.formedia.pl\/sklep\/produkt\/plyta-ochronna-bhp-z-plexi-antywirusowa-3mm-80x100x20cm-z-otworem\/","og_locale":"pl_PL","og_type":"article","og_title":"P\u0142yta ochronna BHP z plexi antywirusowa 3 mm 80 x 100 x 20 cm z otworem - Formedia","og_description":"Producent wyrob\u00f3w z plexi. Sprawd\u017a P\u0142yta ochronna BHP z plexi antywirusowa 3 mm 80 x 100 x 20 cm z otworem. Indywidualne podej\u015bcie, w\u0142asne studio projektowe. Zapraszamy!","og_url":"https:\/\/www.formedia.pl\/sklep\/produkt\/plyta-ochronna-bhp-z-plexi-antywirusowa-3mm-80x100x20cm-z-otworem\/","og_site_name":"Formedia","article_publisher":"https:\/\/www.facebook.com\/formedia.bydgoszcz\/","article_modified_time":"2026-04-01T06:24:56+00:00","og_image":[{"width":508,"height":508,"url":"https:\/\/www.formedia.pl\/sklep\/wp-content\/uploads\/2020\/03\/OSLONA-PRZECIWWIRUSOWA-SCIANKA-Z-PLEXI-BYDGOSZCZ-FORMEDIA-FMO-29-bhp-1.jpg","type":"image\/jpeg"}],"twitter_card":"summary_large_image","twitter_misc":{"Szacowany czas czytania":"1 minuta"},"schema":{"@context":"https:\/\/schema.org","@graph":[{"@type":"WebPage","@id":"https:\/\/www.formedia.pl\/sklep\/produkt\/plyta-ochronna-bhp-z-plexi-antywirusowa-3mm-80x100x20cm-z-otworem\/","url":"https:\/\/www.formedia.pl\/sklep\/produkt\/plyta-ochronna-bhp-z-plexi-antywirusowa-3mm-80x100x20cm-z-otworem\/","name":"P\u0142yta ochronna BHP z plexi antywirusowa 3 mm 80 x 100 x 20 cm z otworem - Formedia","isPartOf":{"@id":"https:\/\/www.formedia.pl\/sklep\/#website"},"primaryImageOfPage":{"@id":"https:\/\/www.formedia.pl\/sklep\/produkt\/plyta-ochronna-bhp-z-plexi-antywirusowa-3mm-80x100x20cm-z-otworem\/#primaryimage"},"image":{"@id":"https:\/\/www.formedia.pl\/sklep\/produkt\/plyta-ochronna-bhp-z-plexi-antywirusowa-3mm-80x100x20cm-z-otworem\/#primaryimage"},"thumbnailUrl":"https:\/\/www.formedia.pl\/sklep\/wp-content\/uploads\/2020\/03\/OSLONA-PRZECIWWIRUSOWA-SCIANKA-Z-PLEXI-BYDGOSZCZ-FORMEDIA-FMO-29-bhp-1.jpg","datePublished":"2020-03-18T12:47:04+00:00","dateModified":"2026-04-01T06:24:56+00:00","description":"Producent wyrob\u00f3w z plexi. Sprawd\u017a P\u0142yta ochronna BHP z plexi antywirusowa 3 mm 80 x 100 x 20 cm z otworem. Indywidualne podej\u015bcie, w\u0142asne studio projektowe. Zapraszamy!","breadcrumb":{"@id":"https:\/\/www.formedia.pl\/sklep\/produkt\/plyta-ochronna-bhp-z-plexi-antywirusowa-3mm-80x100x20cm-z-otworem\/#breadcrumb"},"inLanguage":"pl-PL","potentialAction":[{"@type":"ReadAction","target":["https:\/\/www.formedia.pl\/sklep\/produkt\/plyta-ochronna-bhp-z-plexi-antywirusowa-3mm-80x100x20cm-z-otworem\/"]}]},{"@type":"ImageObject","inLanguage":"pl-PL","@id":"https:\/\/www.formedia.pl\/sklep\/produkt\/plyta-ochronna-bhp-z-plexi-antywirusowa-3mm-80x100x20cm-z-otworem\/#primaryimage","url":"https:\/\/www.formedia.pl\/sklep\/wp-content\/uploads\/2020\/03\/OSLONA-PRZECIWWIRUSOWA-SCIANKA-Z-PLEXI-BYDGOSZCZ-FORMEDIA-FMO-29-bhp-1.jpg","contentUrl":"https:\/\/www.formedia.pl\/sklep\/wp-content\/uploads\/2020\/03\/OSLONA-PRZECIWWIRUSOWA-SCIANKA-Z-PLEXI-BYDGOSZCZ-FORMEDIA-FMO-29-bhp-1.jpg","width":508,"height":508,"caption":"plexi stoj\u0105ca na lade"},{"@type":"BreadcrumbList","@id":"https:\/\/www.formedia.pl\/sklep\/produkt\/plyta-ochronna-bhp-z-plexi-antywirusowa-3mm-80x100x20cm-z-otworem\/#breadcrumb","itemListElement":[{"@type":"ListItem","position":1,"name":"Strona g\u0142\u00f3wna","item":"https:\/\/www.formedia.pl\/sklep\/"},{"@type":"ListItem","position":2,"name":"Sklep","item":"https:\/\/www.formedia.pl\/sklep\/"},{"@type":"ListItem","position":3,"name":"P\u0142yta ochronna BHP z plexi antywirusowa 3 mm 80 x 100 x 20 cm z otworem"}]},{"@type":"WebSite","@id":"https:\/\/www.formedia.pl\/sklep\/#website","url":"https:\/\/www.formedia.pl\/sklep\/","name":"Formedia","description":"Producent wyrob\u00f3w z tworzyw sztucznych","publisher":{"@id":"https:\/\/www.formedia.pl\/sklep\/#organization"},"alternateName":"Formedia","potentialAction":[{"@type":"SearchAction","target":{"@type":"EntryPoint","urlTemplate":"https:\/\/www.formedia.pl\/sklep\/?s={search_term_string}"},"query-input":{"@type":"PropertyValueSpecification","valueRequired":true,"valueName":"search_term_string"}}],"inLanguage":"pl-PL"},{"@type":"Organization","@id":"https:\/\/www.formedia.pl\/sklep\/#organization","name":"Formedia","alternateName":"Formedia","url":"https:\/\/www.formedia.pl\/sklep\/","logo":{"@type":"ImageObject","inLanguage":"pl-PL","@id":"https:\/\/www.formedia.pl\/sklep\/#\/schema\/logo\/image\/","url":"https:\/\/www.formedia.pl\/sklep\/wp-content\/uploads\/2025\/03\/1x1cropped-logo-WWW-ForMedia-bialy.png","contentUrl":"https:\/\/www.formedia.pl\/sklep\/wp-content\/uploads\/2025\/03\/1x1cropped-logo-WWW-ForMedia-bialy.png","width":412,"height":412,"caption":"Formedia"},"image":{"@id":"https:\/\/www.formedia.pl\/sklep\/#\/schema\/logo\/image\/"},"sameAs":["https:\/\/www.facebook.com\/formedia.bydgoszcz\/","https:\/\/www.youtube.com\/@formedia4306"]}]}},"_links":{"self":[{"href":"https:\/\/www.formedia.pl\/sklep\/wp-json\/wp\/v2\/product\/6833","targetHints":{"allow":["GET"]}}],"collection":[{"href":"https:\/\/www.formedia.pl\/sklep\/wp-json\/wp\/v2\/product"}],"about":[{"href":"https:\/\/www.formedia.pl\/sklep\/wp-json\/wp\/v2\/types\/product"}],"wp:featuredmedia":[{"embeddable":true,"href":"https:\/\/www.formedia.pl\/sklep\/wp-json\/wp\/v2\/media\/6862"}],"wp:attachment":[{"href":"https:\/\/www.formedia.pl\/sklep\/wp-json\/wp\/v2\/media?parent=6833"}],"wp:term":[{"taxonomy":"product_brand","embeddable":true,"href":"https:\/\/www.formedia.pl\/sklep\/wp-json\/wp\/v2\/product_brand?post=6833"},{"taxonomy":"product_cat","embeddable":true,"href":"https:\/\/www.formedia.pl\/sklep\/wp-json\/wp\/v2\/product_cat?post=6833"},{"taxonomy":"product_tag","embeddable":true,"href":"https:\/\/www.formedia.pl\/sklep\/wp-json\/wp\/v2\/product_tag?post=6833"},{"taxonomy":"woo-feed-brand","embeddable":true,"href":"https:\/\/www.formedia.pl\/sklep\/wp-json\/wp\/v2\/woo-feed-brand?post=6833"}],"curies":[{"name":"wp","href":"https:\/\/api.w.org\/{rel}","templated":true}]}}