{"id":8327,"date":"2020-05-18T15:42:58","date_gmt":"2020-05-18T13:42:58","guid":{"rendered":"https:\/\/www.formedia.pl\/sklep\/?post_type=product&#038;p=8327"},"modified":"2026-04-01T08:25:04","modified_gmt":"2026-04-01T06:25:04","slug":"oslona-podlogowa-z-plexi-bezbarwnej-3mm-format-180-x-100-x-40-cm","status":"publish","type":"product","link":"https:\/\/www.formedia.pl\/sklep\/produkt\/oslona-podlogowa-z-plexi-bezbarwnej-3mm-format-180-x-100-x-40-cm\/","title":{"rendered":"Os\u0142ona pod\u0142ogowa format 180 x 80 x 40 cm"},"content":{"rendered":"<h2><span style=\"color: #ff6600;\">Os\u0142ona pod\u0142ogowa do przedszkola<\/span><\/h2>\n<p>Seria os\u0142on pod\u0142ogowych do podzia\u0142u pomieszcze\u0144 na bezpieczne strefy. \u015acianki te maj\u0105 za zadanie chroni\u0107 Pa\u0144stwa, pracownik\u00f3w, klient\u00f3w przed zarazkami rozpylanymi drog\u0105 kropelkow\u0105 od os\u00f3b trzecich. Dla Pa\u0144stwa komfortu i bezpiecze\u0144stwa \u015bcianki z plexi od Formedia s\u0105 \u0142atwe w utrzymaniu higienicznej czysto\u015bci. Prosta konstrukcja umo\u017cliwia \u0142atwy monta\u017c \u015bcianki na p\u0142askiej powierzchni pod\u0142ogi.<\/p>\n<p>Przezroczysta przegroda pod\u0142ogowa zapewnia komfort i bezpiecze\u0144stwo w miejscu pracy. Doskonale dzieli pomieszczenie na bezpieczne strefy. Wykonana jest z arkusza plexi o grubo\u015bci 3 mm. Charakteryzuje si\u0119 wysok\u0105 przejrzysto\u015bci\u0105 na poziomie 85% dzi\u0119ki czemu nie zak\u0142\u00f3ci przestrzeni wizualnej wn\u0119trza restauracji, salonu Beauty, biura, sklepu.<\/p>\n<h3><span style=\"color: #ff6600;\">Charakterystyka os\u0142on pod\u0142ogowych ochronnych od Formedia:<\/span><\/h3>\n<ul>\n<li>umo\u017cliwienie podzia\u0142u wn\u0119trza na bezpieczne strefy<\/li>\n<li>przejrzysto\u015b\u0107<\/li>\n<li>ochrona przed rozprzestrzenianiem si\u0119 drog\u0105 kropelkow\u0105 wirus\u00f3w<\/li>\n<li>\u0142atwo\u015b\u0107 w utrzymaniu higienicznej czysto\u015bci<\/li>\n<li>odporno\u015b\u0107 na rozbicie ? nie p\u0119ka i nic si\u0119 nie od\u0142amie jak w os\u0142onach szklanych<\/li>\n<li>nie t\u0142umi d\u017awi\u0119ku<\/li>\n<li>prosty i b\u0142yskawiczny monta\u017c<\/li>\n<li>szybki czas realizacji<\/li>\n<\/ul>\n<p>Os\u0142on\u0119 mo\u017cna czy\u015bci\u0107 bezalkoholowym, bezzapachowym \u015brodkiem antywirusowym <span style=\"color: #000000;\"><a style=\"color: #000000;\" href=\"https:\/\/www.formedia.pl\/sklep\/produkt\/safe-zone-0-1-zestaw-bezalkoholowe-bezbarwne-bezzapachowe-plyny-do-dezynfekcji\/\">Safe Zone 1.0<\/a> <\/span>lub letni\u0105 wod\u0105 z detergentem a tak\u017ce \u015brodkami przeznaczonymi do mycia szyb okiennych.<\/p>\n<p dir=\"auto\"><strong>WA\u017bNE UWAGI:<\/strong><\/p>\n<ul>\n<li dir=\"auto\">UWAGA: Istnieje mo\u017cliwo\u015b\u0107 z d\u0142u\u017cszym terminem p\u0142atno\u015bci 14 dni dla instytucji publicznych, pa\u0144stwowych, samorz\u0105dowych.<\/li>\n<li>UWAGA: Je\u015bli u\u017cywasz detergent\u00f3w na bazie alkoholu do mycia plexi, zachowaj ostro\u017cno\u015b\u0107 przy czyszczeniu kraw\u0119dzi. Przy bezpo\u015brednim kontakcie mog\u0105 powsta\u0107 mikro p\u0119kni\u0119cia.<\/li>\n<li>UWAGA: Do utrzymywania higienicznej konserwacji, dezynfekcji powierzchni produkt\u00f3w zalecamy u\u017cywanie\u00a0<span style=\"color: #000000;\"><strong><a style=\"color: #000000;\" href=\"https:\/\/www.formedia.pl\/sklep\/produkt\/075-l-bezalkoholowy-bezbarwny-bezzapachowy-plyn-do-dezynfekcji\/\">Safe Zone 1.0 o w wygodnym opakowaniu 0,75<\/a>\u00a0L<\/strong><\/span>\u00a0lub<span style=\"color: #000000;\">\u00a0<strong><a style=\"color: #000000;\" href=\"https:\/\/www.formedia.pl\/sklep\/produkt\/5-l-bezalkoholowy-bezbarwny-bezzapachowy-plyn-do-dezynfekcji\/\">Safe Zone 1.0 w ekonomicznej 5 L butelce.<\/a><\/strong>\u00a0<\/span>Jest to \u015brodek czyszcz\u0105cy o dzia\u0142aniu wirusob\u00f3jczym. Nie zawiera alkoholu jest bezbarwny i bezzapachowy.<\/li>\n<li dir=\"auto\">UWAGA: Sprawd\u017a paczk\u0119 przy kurierze i oce\u0144 czy zawarto\u015b\u0107 nie jest uszkodzona! Protok\u00f3\u0142 szkody jest jedyn\u0105 podstaw\u0105 do reklamacji.<\/li>\n<li dir=\"auto\">UWAGA: Produkt jest zabezpieczony foli\u0105 ochronn\u0105, kt\u00f3r\u0105 nale\u017cy zdemontowa\u0107 przed u\u017cyciem.<\/li>\n<\/ul>\n","protected":false},"excerpt":{"rendered":"<ul>\n<li><strong><span style=\"color: #ff6600;\">Wymiary produktu (d\u0142. x szer. x wys.):<\/span><\/strong>\u00a0 40 x 80 x 180 cm<\/li>\n<li><strong><span style=\"color: #ff6600;\">Materia\u0142:<\/span><\/strong> polycasa san &#8211; jest to l\u017cejszy, sztywniejszy zamiennik plexi<\/li>\n<li><strong><span style=\"color: #ff6600;\">Grubo\u015b\u0107:<\/span> <\/strong>3 mm<\/li>\n<li><strong><span style=\"color: #ff6600;\">Kod produktu:<\/span><\/strong> OP05<\/li>\n<li>Os\u0142ona sk\u0142ada si\u0119 z trzech cz\u0119\u015bci, do z\u0142\u0105czenia podczas monta\u017cu. Os\u0142ona dost\u0119pna tylko z odbiorem osobistym w siedzibie Formedia.<\/li>\n<\/ul>\n","protected":false},"featured_media":8328,"template":"","meta":[],"product_brand":[],"product_cat":[335],"product_tag":[],"woo-feed-brand":[],"class_list":{"0":"post-8327","1":"product","2":"type-product","3":"status-publish","4":"has-post-thumbnail","6":"product_cat-oslony","8":"first","9":"onbackorder","10":"taxable","11":"shipping-taxable","12":"purchasable","13":"product-type-simple"},"yoast_head":"<!-- This site is optimized with the Yoast SEO plugin v27.5 - https:\/\/yoast.com\/product\/yoast-seo-wordpress\/ -->\n<title>Os\u0142ona pod\u0142ogowa format 180 x 80 x 40 cm - Formedia<\/title>\n<meta name=\"description\" content=\"Producent wyrob\u00f3w z plexi. Sprawd\u017a Os\u0142ona pod\u0142ogowa format 180 x 80 x 40 cm. Indywidualne podej\u015bcie, w\u0142asne studio projektowe. Zapraszamy!\" \/>\n<meta name=\"robots\" content=\"index, follow, max-snippet:-1, max-image-preview:large, max-video-preview:-1\" \/>\n<link rel=\"canonical\" href=\"https:\/\/www.formedia.pl\/sklep\/produkt\/oslona-podlogowa-z-plexi-bezbarwnej-3mm-format-180-x-100-x-40-cm\/\" \/>\n<meta property=\"og:locale\" content=\"pl_PL\" \/>\n<meta property=\"og:type\" content=\"article\" \/>\n<meta property=\"og:title\" content=\"Os\u0142ona pod\u0142ogowa format 180 x 80 x 40 cm - Formedia\" \/>\n<meta property=\"og:description\" content=\"Producent wyrob\u00f3w z plexi. Sprawd\u017a Os\u0142ona pod\u0142ogowa format 180 x 80 x 40 cm. Indywidualne podej\u015bcie, w\u0142asne studio projektowe. Zapraszamy!\" \/>\n<meta property=\"og:url\" content=\"https:\/\/www.formedia.pl\/sklep\/produkt\/oslona-podlogowa-z-plexi-bezbarwnej-3mm-format-180-x-100-x-40-cm\/\" \/>\n<meta property=\"og:site_name\" content=\"Formedia\" \/>\n<meta property=\"article:publisher\" content=\"https:\/\/www.facebook.com\/formedia.bydgoszcz\/\" \/>\n<meta property=\"article:modified_time\" content=\"2026-04-01T06:25:04+00:00\" \/>\n<meta property=\"og:image\" content=\"https:\/\/www.formedia.pl\/sklep\/wp-content\/uploads\/2020\/05\/oslona-podlogowa-plexi-formedia-bydgoszcz_OP5.jpg\" \/>\n\t<meta property=\"og:image:width\" content=\"503\" \/>\n\t<meta property=\"og:image:height\" content=\"504\" \/>\n\t<meta property=\"og:image:type\" content=\"image\/jpeg\" \/>\n<meta name=\"twitter:card\" content=\"summary_large_image\" \/>\n<meta name=\"twitter:label1\" content=\"Szacowany czas czytania\" \/>\n\t<meta name=\"twitter:data1\" content=\"2 minuty\" \/>\n<script type=\"application\/ld+json\" class=\"yoast-schema-graph\">{\"@context\":\"https:\\\/\\\/schema.org\",\"@graph\":[{\"@type\":\"WebPage\",\"@id\":\"https:\\\/\\\/www.formedia.pl\\\/sklep\\\/produkt\\\/oslona-podlogowa-z-plexi-bezbarwnej-3mm-format-180-x-100-x-40-cm\\\/\",\"url\":\"https:\\\/\\\/www.formedia.pl\\\/sklep\\\/produkt\\\/oslona-podlogowa-z-plexi-bezbarwnej-3mm-format-180-x-100-x-40-cm\\\/\",\"name\":\"Os\u0142ona pod\u0142ogowa format 180 x 80 x 40 cm - Formedia\",\"isPartOf\":{\"@id\":\"https:\\\/\\\/www.formedia.pl\\\/sklep\\\/#website\"},\"primaryImageOfPage\":{\"@id\":\"https:\\\/\\\/www.formedia.pl\\\/sklep\\\/produkt\\\/oslona-podlogowa-z-plexi-bezbarwnej-3mm-format-180-x-100-x-40-cm\\\/#primaryimage\"},\"image\":{\"@id\":\"https:\\\/\\\/www.formedia.pl\\\/sklep\\\/produkt\\\/oslona-podlogowa-z-plexi-bezbarwnej-3mm-format-180-x-100-x-40-cm\\\/#primaryimage\"},\"thumbnailUrl\":\"https:\\\/\\\/www.formedia.pl\\\/sklep\\\/wp-content\\\/uploads\\\/2020\\\/05\\\/oslona-podlogowa-plexi-formedia-bydgoszcz_OP5.jpg\",\"datePublished\":\"2020-05-18T13:42:58+00:00\",\"dateModified\":\"2026-04-01T06:25:04+00:00\",\"description\":\"Producent wyrob\u00f3w z plexi. Sprawd\u017a Os\u0142ona pod\u0142ogowa format 180 x 80 x 40 cm. Indywidualne podej\u015bcie, w\u0142asne studio projektowe. Zapraszamy!\",\"breadcrumb\":{\"@id\":\"https:\\\/\\\/www.formedia.pl\\\/sklep\\\/produkt\\\/oslona-podlogowa-z-plexi-bezbarwnej-3mm-format-180-x-100-x-40-cm\\\/#breadcrumb\"},\"inLanguage\":\"pl-PL\",\"potentialAction\":[{\"@type\":\"ReadAction\",\"target\":[\"https:\\\/\\\/www.formedia.pl\\\/sklep\\\/produkt\\\/oslona-podlogowa-z-plexi-bezbarwnej-3mm-format-180-x-100-x-40-cm\\\/\"]}]},{\"@type\":\"ImageObject\",\"inLanguage\":\"pl-PL\",\"@id\":\"https:\\\/\\\/www.formedia.pl\\\/sklep\\\/produkt\\\/oslona-podlogowa-z-plexi-bezbarwnej-3mm-format-180-x-100-x-40-cm\\\/#primaryimage\",\"url\":\"https:\\\/\\\/www.formedia.pl\\\/sklep\\\/wp-content\\\/uploads\\\/2020\\\/05\\\/oslona-podlogowa-plexi-formedia-bydgoszcz_OP5.jpg\",\"contentUrl\":\"https:\\\/\\\/www.formedia.pl\\\/sklep\\\/wp-content\\\/uploads\\\/2020\\\/05\\\/oslona-podlogowa-plexi-formedia-bydgoszcz_OP5.jpg\",\"width\":503,\"height\":504,\"caption\":\"Przes\u0142ona z plexi\"},{\"@type\":\"BreadcrumbList\",\"@id\":\"https:\\\/\\\/www.formedia.pl\\\/sklep\\\/produkt\\\/oslona-podlogowa-z-plexi-bezbarwnej-3mm-format-180-x-100-x-40-cm\\\/#breadcrumb\",\"itemListElement\":[{\"@type\":\"ListItem\",\"position\":1,\"name\":\"Strona g\u0142\u00f3wna\",\"item\":\"https:\\\/\\\/www.formedia.pl\\\/sklep\\\/\"},{\"@type\":\"ListItem\",\"position\":2,\"name\":\"Sklep\",\"item\":\"https:\\\/\\\/www.formedia.pl\\\/sklep\\\/\"},{\"@type\":\"ListItem\",\"position\":3,\"name\":\"Os\u0142ona pod\u0142ogowa format 180 x 80 x 40 cm\"}]},{\"@type\":\"WebSite\",\"@id\":\"https:\\\/\\\/www.formedia.pl\\\/sklep\\\/#website\",\"url\":\"https:\\\/\\\/www.formedia.pl\\\/sklep\\\/\",\"name\":\"Formedia\",\"description\":\"Producent wyrob\u00f3w z tworzyw sztucznych\",\"publisher\":{\"@id\":\"https:\\\/\\\/www.formedia.pl\\\/sklep\\\/#organization\"},\"alternateName\":\"Formedia\",\"potentialAction\":[{\"@type\":\"SearchAction\",\"target\":{\"@type\":\"EntryPoint\",\"urlTemplate\":\"https:\\\/\\\/www.formedia.pl\\\/sklep\\\/?s={search_term_string}\"},\"query-input\":{\"@type\":\"PropertyValueSpecification\",\"valueRequired\":true,\"valueName\":\"search_term_string\"}}],\"inLanguage\":\"pl-PL\"},{\"@type\":\"Organization\",\"@id\":\"https:\\\/\\\/www.formedia.pl\\\/sklep\\\/#organization\",\"name\":\"Formedia\",\"alternateName\":\"Formedia\",\"url\":\"https:\\\/\\\/www.formedia.pl\\\/sklep\\\/\",\"logo\":{\"@type\":\"ImageObject\",\"inLanguage\":\"pl-PL\",\"@id\":\"https:\\\/\\\/www.formedia.pl\\\/sklep\\\/#\\\/schema\\\/logo\\\/image\\\/\",\"url\":\"https:\\\/\\\/www.formedia.pl\\\/sklep\\\/wp-content\\\/uploads\\\/2025\\\/03\\\/1x1cropped-logo-WWW-ForMedia-bialy.png\",\"contentUrl\":\"https:\\\/\\\/www.formedia.pl\\\/sklep\\\/wp-content\\\/uploads\\\/2025\\\/03\\\/1x1cropped-logo-WWW-ForMedia-bialy.png\",\"width\":412,\"height\":412,\"caption\":\"Formedia\"},\"image\":{\"@id\":\"https:\\\/\\\/www.formedia.pl\\\/sklep\\\/#\\\/schema\\\/logo\\\/image\\\/\"},\"sameAs\":[\"https:\\\/\\\/www.facebook.com\\\/formedia.bydgoszcz\\\/\",\"https:\\\/\\\/www.youtube.com\\\/@formedia4306\"]}]}<\/script>\n<!-- \/ Yoast SEO plugin. -->","yoast_head_json":{"title":"Os\u0142ona pod\u0142ogowa format 180 x 80 x 40 cm - Formedia","description":"Producent wyrob\u00f3w z plexi. Sprawd\u017a Os\u0142ona pod\u0142ogowa format 180 x 80 x 40 cm. Indywidualne podej\u015bcie, w\u0142asne studio projektowe. Zapraszamy!","robots":{"index":"index","follow":"follow","max-snippet":"max-snippet:-1","max-image-preview":"max-image-preview:large","max-video-preview":"max-video-preview:-1"},"canonical":"https:\/\/www.formedia.pl\/sklep\/produkt\/oslona-podlogowa-z-plexi-bezbarwnej-3mm-format-180-x-100-x-40-cm\/","og_locale":"pl_PL","og_type":"article","og_title":"Os\u0142ona pod\u0142ogowa format 180 x 80 x 40 cm - Formedia","og_description":"Producent wyrob\u00f3w z plexi. Sprawd\u017a Os\u0142ona pod\u0142ogowa format 180 x 80 x 40 cm. Indywidualne podej\u015bcie, w\u0142asne studio projektowe. Zapraszamy!","og_url":"https:\/\/www.formedia.pl\/sklep\/produkt\/oslona-podlogowa-z-plexi-bezbarwnej-3mm-format-180-x-100-x-40-cm\/","og_site_name":"Formedia","article_publisher":"https:\/\/www.facebook.com\/formedia.bydgoszcz\/","article_modified_time":"2026-04-01T06:25:04+00:00","og_image":[{"width":503,"height":504,"url":"https:\/\/www.formedia.pl\/sklep\/wp-content\/uploads\/2020\/05\/oslona-podlogowa-plexi-formedia-bydgoszcz_OP5.jpg","type":"image\/jpeg"}],"twitter_card":"summary_large_image","twitter_misc":{"Szacowany czas czytania":"2 minuty"},"schema":{"@context":"https:\/\/schema.org","@graph":[{"@type":"WebPage","@id":"https:\/\/www.formedia.pl\/sklep\/produkt\/oslona-podlogowa-z-plexi-bezbarwnej-3mm-format-180-x-100-x-40-cm\/","url":"https:\/\/www.formedia.pl\/sklep\/produkt\/oslona-podlogowa-z-plexi-bezbarwnej-3mm-format-180-x-100-x-40-cm\/","name":"Os\u0142ona pod\u0142ogowa format 180 x 80 x 40 cm - Formedia","isPartOf":{"@id":"https:\/\/www.formedia.pl\/sklep\/#website"},"primaryImageOfPage":{"@id":"https:\/\/www.formedia.pl\/sklep\/produkt\/oslona-podlogowa-z-plexi-bezbarwnej-3mm-format-180-x-100-x-40-cm\/#primaryimage"},"image":{"@id":"https:\/\/www.formedia.pl\/sklep\/produkt\/oslona-podlogowa-z-plexi-bezbarwnej-3mm-format-180-x-100-x-40-cm\/#primaryimage"},"thumbnailUrl":"https:\/\/www.formedia.pl\/sklep\/wp-content\/uploads\/2020\/05\/oslona-podlogowa-plexi-formedia-bydgoszcz_OP5.jpg","datePublished":"2020-05-18T13:42:58+00:00","dateModified":"2026-04-01T06:25:04+00:00","description":"Producent wyrob\u00f3w z plexi. Sprawd\u017a Os\u0142ona pod\u0142ogowa format 180 x 80 x 40 cm. Indywidualne podej\u015bcie, w\u0142asne studio projektowe. Zapraszamy!","breadcrumb":{"@id":"https:\/\/www.formedia.pl\/sklep\/produkt\/oslona-podlogowa-z-plexi-bezbarwnej-3mm-format-180-x-100-x-40-cm\/#breadcrumb"},"inLanguage":"pl-PL","potentialAction":[{"@type":"ReadAction","target":["https:\/\/www.formedia.pl\/sklep\/produkt\/oslona-podlogowa-z-plexi-bezbarwnej-3mm-format-180-x-100-x-40-cm\/"]}]},{"@type":"ImageObject","inLanguage":"pl-PL","@id":"https:\/\/www.formedia.pl\/sklep\/produkt\/oslona-podlogowa-z-plexi-bezbarwnej-3mm-format-180-x-100-x-40-cm\/#primaryimage","url":"https:\/\/www.formedia.pl\/sklep\/wp-content\/uploads\/2020\/05\/oslona-podlogowa-plexi-formedia-bydgoszcz_OP5.jpg","contentUrl":"https:\/\/www.formedia.pl\/sklep\/wp-content\/uploads\/2020\/05\/oslona-podlogowa-plexi-formedia-bydgoszcz_OP5.jpg","width":503,"height":504,"caption":"Przes\u0142ona z plexi"},{"@type":"BreadcrumbList","@id":"https:\/\/www.formedia.pl\/sklep\/produkt\/oslona-podlogowa-z-plexi-bezbarwnej-3mm-format-180-x-100-x-40-cm\/#breadcrumb","itemListElement":[{"@type":"ListItem","position":1,"name":"Strona g\u0142\u00f3wna","item":"https:\/\/www.formedia.pl\/sklep\/"},{"@type":"ListItem","position":2,"name":"Sklep","item":"https:\/\/www.formedia.pl\/sklep\/"},{"@type":"ListItem","position":3,"name":"Os\u0142ona pod\u0142ogowa format 180 x 80 x 40 cm"}]},{"@type":"WebSite","@id":"https:\/\/www.formedia.pl\/sklep\/#website","url":"https:\/\/www.formedia.pl\/sklep\/","name":"Formedia","description":"Producent wyrob\u00f3w z tworzyw sztucznych","publisher":{"@id":"https:\/\/www.formedia.pl\/sklep\/#organization"},"alternateName":"Formedia","potentialAction":[{"@type":"SearchAction","target":{"@type":"EntryPoint","urlTemplate":"https:\/\/www.formedia.pl\/sklep\/?s={search_term_string}"},"query-input":{"@type":"PropertyValueSpecification","valueRequired":true,"valueName":"search_term_string"}}],"inLanguage":"pl-PL"},{"@type":"Organization","@id":"https:\/\/www.formedia.pl\/sklep\/#organization","name":"Formedia","alternateName":"Formedia","url":"https:\/\/www.formedia.pl\/sklep\/","logo":{"@type":"ImageObject","inLanguage":"pl-PL","@id":"https:\/\/www.formedia.pl\/sklep\/#\/schema\/logo\/image\/","url":"https:\/\/www.formedia.pl\/sklep\/wp-content\/uploads\/2025\/03\/1x1cropped-logo-WWW-ForMedia-bialy.png","contentUrl":"https:\/\/www.formedia.pl\/sklep\/wp-content\/uploads\/2025\/03\/1x1cropped-logo-WWW-ForMedia-bialy.png","width":412,"height":412,"caption":"Formedia"},"image":{"@id":"https:\/\/www.formedia.pl\/sklep\/#\/schema\/logo\/image\/"},"sameAs":["https:\/\/www.facebook.com\/formedia.bydgoszcz\/","https:\/\/www.youtube.com\/@formedia4306"]}]}},"_links":{"self":[{"href":"https:\/\/www.formedia.pl\/sklep\/wp-json\/wp\/v2\/product\/8327","targetHints":{"allow":["GET"]}}],"collection":[{"href":"https:\/\/www.formedia.pl\/sklep\/wp-json\/wp\/v2\/product"}],"about":[{"href":"https:\/\/www.formedia.pl\/sklep\/wp-json\/wp\/v2\/types\/product"}],"wp:featuredmedia":[{"embeddable":true,"href":"https:\/\/www.formedia.pl\/sklep\/wp-json\/wp\/v2\/media\/8328"}],"wp:attachment":[{"href":"https:\/\/www.formedia.pl\/sklep\/wp-json\/wp\/v2\/media?parent=8327"}],"wp:term":[{"taxonomy":"product_brand","embeddable":true,"href":"https:\/\/www.formedia.pl\/sklep\/wp-json\/wp\/v2\/product_brand?post=8327"},{"taxonomy":"product_cat","embeddable":true,"href":"https:\/\/www.formedia.pl\/sklep\/wp-json\/wp\/v2\/product_cat?post=8327"},{"taxonomy":"product_tag","embeddable":true,"href":"https:\/\/www.formedia.pl\/sklep\/wp-json\/wp\/v2\/product_tag?post=8327"},{"taxonomy":"woo-feed-brand","embeddable":true,"href":"https:\/\/www.formedia.pl\/sklep\/wp-json\/wp\/v2\/woo-feed-brand?post=8327"}],"curies":[{"name":"wp","href":"https:\/\/api.w.org\/{rel}","templated":true}]}}