{"id":8427,"date":"2020-05-26T13:11:56","date_gmt":"2020-05-26T11:11:56","guid":{"rendered":"https:\/\/www.formedia.pl\/sklep\/?post_type=product&#038;p=8427"},"modified":"2026-04-01T08:25:08","modified_gmt":"2026-04-01T06:25:08","slug":"wtykacze-cenowki-opisowki-do-lodow-z-plexi-komplet-12","status":"publish","type":"product","link":"https:\/\/www.formedia.pl\/sklep\/produkt\/wtykacze-cenowki-opisowki-do-lodow-z-plexi-komplet-12\/","title":{"rendered":"Wtykacze, cen\u00f3wki, opis\u00f3wki do lod\u00f3w z plexi, komplet 20 sztuk"},"content":{"rendered":"<h2><span style=\"color: #ff6600;\">Cen\u00f3wki do lady bufetowej<\/span><\/h2>\n<p>Prowadzisz biznes gastronomiczny? Chcesz w efektowny spos<span lang=\"en-US\">\u00f3<\/span>b uporz\u0105dkowa\u0107 ceny w ladzie? <span lang=\"en-US\">Oferowane przez nas wtykacze do lod\u00f3w wykonane s<\/span><span lang=\"en-US\">\u0105 ze sterylnego plexi oraz materia\u0142u PCW. Pozwol\u0105 zapewni\u0107 ci porz\u0105dek oraz higieniczny wygl\u0105d w Twojm bufecie. Postaw na jako\u015b\u0107 wybieranych produkt<\/span><span lang=\"en-US\">\u00f3<\/span><span lang=\"en-US\">w razem z nami!<\/span><\/p>\n<p><strong>Charakterystyka tabliczek do lod\u00f3w:<\/strong><\/p>\n<ul>\n<li>wykonane z trwa\u0142ego, wodoodpornego tworzywa,<\/li>\n<li>trzy warianty kolorystyczne do wyboru (bezbarwny, mleczny, czarny),<\/li>\n<li>\u0142atwo\u015b\u0107 w utrzymaniu czysto\u015bci, mo\u017cna je przemywa\u0107 \u015brodkami do dezynfekcji,<\/li>\n<li>\u0142agodne, g\u0142adkie kraw\u0119dzie,<\/li>\n<li>do samodzielnego wypisania nazw smako\u0142yk\u00f3w markerem kredowym,<\/li>\n<li>wielokrotnego u\u017cytku,<\/li>\n<li>wysoka estetyka wykonania.<\/li>\n<\/ul>\n<p><strong>UWAGA!<\/strong><b><\/b><\/p>\n<ul>\n<li>Na fotografii jest przyk\u0142adowa prezentacja produktu.<\/li>\n<li>Inne wzory, kszta\u0142ty, kolory tworzywa mo\u017cemy wykona\u0107 dla Pa\u0144stwa na zam\u00f3wienie mailowe. Przed z\u0142o\u017ceniem zam\u00f3wienia indywidualnego prosimy o kontakt z naszym biurem obs\u0142ugi klienta w celu ustalenia szczeg\u00f3\u0142\u00f3w:\u00a0<strong><a href=\"tel:+48661036036\">tel. 661 036 036<\/a><\/strong><\/li>\n<li>Oferujemy r\u00f3wnie\u017c znakowanie metod\u0105 grawerowania oraz nadruku utwardzanego \u015bwiat\u0142em UV.<\/li>\n<li>Druk UV wykonujemy m.in. na: plexi, szkle, dibondzie, drewnie, kartonie, metalu, PCV.<\/li>\n<li>Wyroby z plexi zabezpieczone s\u0105 foli\u0105 ochronn\u0105. Przed u\u017cyciem nale\u017cy j\u0105 \u015bci\u0105gn\u0105\u0107.<\/li>\n<li>Sprawd\u017a\u00a0paczk\u0119\u00a0przy kurierze i oce\u0144\u00a0czy zawarto\u015b\u0107\u00a0nie jest uszkodzona! Protok\u00f3\u0142\u00a0szkody jest jedyn\u0105\u00a0podstaw\u0105\u00a0do reklamacji.<\/li>\n<\/ul>\n","protected":false},"excerpt":{"rendered":"<ul>\n<li><strong><span style=\"color: #ff6600;\">Ilo\u015b\u0107 sztuk w komplecie:<\/span> <\/strong>20<\/li>\n<li><strong><span style=\"color: #ff6600;\">Wymiary (szer. x wys.):<\/span> <\/strong>70 x 130 mm<\/li>\n<li><strong><span style=\"color: #ff6600;\">Materia\u0142 (do wyboru):<\/span><\/strong> plexi bezbarwna, mleczna, czarna, PCW bia\u0142y, PCW czarny<\/li>\n<li><strong><span style=\"color: #ff6600;\">Grubo\u015b\u0107 materia\u0142u:<\/span><\/strong> plexi bezbarwna 2 mm, mleczna &#8211; 2 lub 3 mm, czarna &#8211; 3 mm, PCW bia\u0142y i czarny &#8211; 3 mm<\/li>\n<li><strong><span style=\"color: #ff6600;\">Przeznaczenie:<\/span> <\/strong>dostosowane do zapisu tre\u015bci markerem kredowym (oferta nie zawiera marker\u00f3w)<\/li>\n<li><strong><span style=\"color: #ff6600;\">Kod produktu:<\/span> <\/strong>CDL01<\/li>\n<li>Tworzywo, z kt\u00f3rego wykonane s\u0105 opis\u00f3wki posiada atest do kontaktu z \u017cywno\u015bci\u0105.<\/li>\n<\/ul>\n","protected":false},"featured_media":15352,"template":"","meta":[],"product_brand":[],"product_cat":[828,826],"product_tag":[],"woo-feed-brand":[],"class_list":{"0":"post-8427","1":"product","2":"type-product","3":"status-publish","4":"has-post-thumbnail","6":"product_cat-wtykacze-do-lodow","7":"product_cat-wyposazenie-dla-horeca","9":"first","10":"instock","11":"taxable","12":"shipping-taxable","13":"purchasable","14":"product-type-variable"},"yoast_head":"<!-- This site is optimized with the Yoast SEO plugin v27.5 - https:\/\/yoast.com\/product\/yoast-seo-wordpress\/ -->\n<title>Wtykacze, cen\u00f3wki, opis\u00f3wki do lod\u00f3w z plexi, komplet 20 sztuk - Formedia<\/title>\n<meta name=\"description\" content=\"Producent wyrob\u00f3w z plexi. Sprawd\u017a Wtykacze, cen\u00f3wki, opis\u00f3wki do lod\u00f3w z plexi, komplet 20 sztuk. Indywidualne podej\u015bcie, w\u0142asne studio projektowe. Zapraszamy!\" \/>\n<meta name=\"robots\" content=\"index, follow, max-snippet:-1, max-image-preview:large, max-video-preview:-1\" \/>\n<link rel=\"canonical\" href=\"https:\/\/www.formedia.pl\/sklep\/produkt\/wtykacze-cenowki-opisowki-do-lodow-z-plexi-komplet-12\/\" \/>\n<meta property=\"og:locale\" content=\"pl_PL\" \/>\n<meta property=\"og:type\" content=\"article\" \/>\n<meta property=\"og:title\" content=\"Wtykacze, cen\u00f3wki, opis\u00f3wki do lod\u00f3w z plexi, komplet 20 sztuk - Formedia\" \/>\n<meta property=\"og:description\" content=\"Producent wyrob\u00f3w z plexi. Sprawd\u017a Wtykacze, cen\u00f3wki, opis\u00f3wki do lod\u00f3w z plexi, komplet 20 sztuk. Indywidualne podej\u015bcie, w\u0142asne studio projektowe. Zapraszamy!\" \/>\n<meta property=\"og:url\" content=\"https:\/\/www.formedia.pl\/sklep\/produkt\/wtykacze-cenowki-opisowki-do-lodow-z-plexi-komplet-12\/\" \/>\n<meta property=\"og:site_name\" content=\"Formedia\" \/>\n<meta property=\"article:publisher\" content=\"https:\/\/www.facebook.com\/formedia.bydgoszcz\/\" \/>\n<meta property=\"article:modified_time\" content=\"2026-04-01T06:25:08+00:00\" \/>\n<meta property=\"og:image\" content=\"https:\/\/www.formedia.pl\/sklep\/wp-content\/uploads\/2020\/05\/Etykiety_lody_galkowe_CDL01.jpg\" \/>\n\t<meta property=\"og:image:width\" content=\"504\" \/>\n\t<meta property=\"og:image:height\" content=\"504\" \/>\n\t<meta property=\"og:image:type\" content=\"image\/jpeg\" \/>\n<meta name=\"twitter:card\" content=\"summary_large_image\" \/>\n<meta name=\"twitter:label1\" content=\"Szacowany czas czytania\" \/>\n\t<meta name=\"twitter:data1\" content=\"1 minuta\" \/>\n<script type=\"application\/ld+json\" class=\"yoast-schema-graph\">{\"@context\":\"https:\\\/\\\/schema.org\",\"@graph\":[{\"@type\":\"WebPage\",\"@id\":\"https:\\\/\\\/www.formedia.pl\\\/sklep\\\/produkt\\\/wtykacze-cenowki-opisowki-do-lodow-z-plexi-komplet-12\\\/\",\"url\":\"https:\\\/\\\/www.formedia.pl\\\/sklep\\\/produkt\\\/wtykacze-cenowki-opisowki-do-lodow-z-plexi-komplet-12\\\/\",\"name\":\"Wtykacze, cen\u00f3wki, opis\u00f3wki do lod\u00f3w z plexi, komplet 20 sztuk - Formedia\",\"isPartOf\":{\"@id\":\"https:\\\/\\\/www.formedia.pl\\\/sklep\\\/#website\"},\"primaryImageOfPage\":{\"@id\":\"https:\\\/\\\/www.formedia.pl\\\/sklep\\\/produkt\\\/wtykacze-cenowki-opisowki-do-lodow-z-plexi-komplet-12\\\/#primaryimage\"},\"image\":{\"@id\":\"https:\\\/\\\/www.formedia.pl\\\/sklep\\\/produkt\\\/wtykacze-cenowki-opisowki-do-lodow-z-plexi-komplet-12\\\/#primaryimage\"},\"thumbnailUrl\":\"https:\\\/\\\/www.formedia.pl\\\/sklep\\\/wp-content\\\/uploads\\\/2020\\\/05\\\/Etykiety_lody_galkowe_CDL01.jpg\",\"datePublished\":\"2020-05-26T11:11:56+00:00\",\"dateModified\":\"2026-04-01T06:25:08+00:00\",\"description\":\"Producent wyrob\u00f3w z plexi. Sprawd\u017a Wtykacze, cen\u00f3wki, opis\u00f3wki do lod\u00f3w z plexi, komplet 20 sztuk. Indywidualne podej\u015bcie, w\u0142asne studio projektowe. Zapraszamy!\",\"breadcrumb\":{\"@id\":\"https:\\\/\\\/www.formedia.pl\\\/sklep\\\/produkt\\\/wtykacze-cenowki-opisowki-do-lodow-z-plexi-komplet-12\\\/#breadcrumb\"},\"inLanguage\":\"pl-PL\",\"potentialAction\":[{\"@type\":\"ReadAction\",\"target\":[\"https:\\\/\\\/www.formedia.pl\\\/sklep\\\/produkt\\\/wtykacze-cenowki-opisowki-do-lodow-z-plexi-komplet-12\\\/\"]}]},{\"@type\":\"ImageObject\",\"inLanguage\":\"pl-PL\",\"@id\":\"https:\\\/\\\/www.formedia.pl\\\/sklep\\\/produkt\\\/wtykacze-cenowki-opisowki-do-lodow-z-plexi-komplet-12\\\/#primaryimage\",\"url\":\"https:\\\/\\\/www.formedia.pl\\\/sklep\\\/wp-content\\\/uploads\\\/2020\\\/05\\\/Etykiety_lody_galkowe_CDL01.jpg\",\"contentUrl\":\"https:\\\/\\\/www.formedia.pl\\\/sklep\\\/wp-content\\\/uploads\\\/2020\\\/05\\\/Etykiety_lody_galkowe_CDL01.jpg\",\"width\":504,\"height\":504,\"caption\":\"wtykacze w kszta\u0142cie lod\u00f3w z ga\u0142kami\"},{\"@type\":\"BreadcrumbList\",\"@id\":\"https:\\\/\\\/www.formedia.pl\\\/sklep\\\/produkt\\\/wtykacze-cenowki-opisowki-do-lodow-z-plexi-komplet-12\\\/#breadcrumb\",\"itemListElement\":[{\"@type\":\"ListItem\",\"position\":1,\"name\":\"Strona g\u0142\u00f3wna\",\"item\":\"https:\\\/\\\/www.formedia.pl\\\/sklep\\\/\"},{\"@type\":\"ListItem\",\"position\":2,\"name\":\"Sklep\",\"item\":\"https:\\\/\\\/www.formedia.pl\\\/sklep\\\/\"},{\"@type\":\"ListItem\",\"position\":3,\"name\":\"Wtykacze, cen\u00f3wki, opis\u00f3wki do lod\u00f3w z plexi, komplet 20 sztuk\"}]},{\"@type\":\"WebSite\",\"@id\":\"https:\\\/\\\/www.formedia.pl\\\/sklep\\\/#website\",\"url\":\"https:\\\/\\\/www.formedia.pl\\\/sklep\\\/\",\"name\":\"Formedia\",\"description\":\"Producent wyrob\u00f3w z tworzyw sztucznych\",\"publisher\":{\"@id\":\"https:\\\/\\\/www.formedia.pl\\\/sklep\\\/#organization\"},\"alternateName\":\"Formedia\",\"potentialAction\":[{\"@type\":\"SearchAction\",\"target\":{\"@type\":\"EntryPoint\",\"urlTemplate\":\"https:\\\/\\\/www.formedia.pl\\\/sklep\\\/?s={search_term_string}\"},\"query-input\":{\"@type\":\"PropertyValueSpecification\",\"valueRequired\":true,\"valueName\":\"search_term_string\"}}],\"inLanguage\":\"pl-PL\"},{\"@type\":\"Organization\",\"@id\":\"https:\\\/\\\/www.formedia.pl\\\/sklep\\\/#organization\",\"name\":\"Formedia\",\"alternateName\":\"Formedia\",\"url\":\"https:\\\/\\\/www.formedia.pl\\\/sklep\\\/\",\"logo\":{\"@type\":\"ImageObject\",\"inLanguage\":\"pl-PL\",\"@id\":\"https:\\\/\\\/www.formedia.pl\\\/sklep\\\/#\\\/schema\\\/logo\\\/image\\\/\",\"url\":\"https:\\\/\\\/www.formedia.pl\\\/sklep\\\/wp-content\\\/uploads\\\/2025\\\/03\\\/1x1cropped-logo-WWW-ForMedia-bialy.png\",\"contentUrl\":\"https:\\\/\\\/www.formedia.pl\\\/sklep\\\/wp-content\\\/uploads\\\/2025\\\/03\\\/1x1cropped-logo-WWW-ForMedia-bialy.png\",\"width\":412,\"height\":412,\"caption\":\"Formedia\"},\"image\":{\"@id\":\"https:\\\/\\\/www.formedia.pl\\\/sklep\\\/#\\\/schema\\\/logo\\\/image\\\/\"},\"sameAs\":[\"https:\\\/\\\/www.facebook.com\\\/formedia.bydgoszcz\\\/\",\"https:\\\/\\\/www.youtube.com\\\/@formedia4306\"]}]}<\/script>\n<!-- \/ Yoast SEO plugin. -->","yoast_head_json":{"title":"Wtykacze, cen\u00f3wki, opis\u00f3wki do lod\u00f3w z plexi, komplet 20 sztuk - Formedia","description":"Producent wyrob\u00f3w z plexi. Sprawd\u017a Wtykacze, cen\u00f3wki, opis\u00f3wki do lod\u00f3w z plexi, komplet 20 sztuk. Indywidualne podej\u015bcie, w\u0142asne studio projektowe. Zapraszamy!","robots":{"index":"index","follow":"follow","max-snippet":"max-snippet:-1","max-image-preview":"max-image-preview:large","max-video-preview":"max-video-preview:-1"},"canonical":"https:\/\/www.formedia.pl\/sklep\/produkt\/wtykacze-cenowki-opisowki-do-lodow-z-plexi-komplet-12\/","og_locale":"pl_PL","og_type":"article","og_title":"Wtykacze, cen\u00f3wki, opis\u00f3wki do lod\u00f3w z plexi, komplet 20 sztuk - Formedia","og_description":"Producent wyrob\u00f3w z plexi. Sprawd\u017a Wtykacze, cen\u00f3wki, opis\u00f3wki do lod\u00f3w z plexi, komplet 20 sztuk. Indywidualne podej\u015bcie, w\u0142asne studio projektowe. Zapraszamy!","og_url":"https:\/\/www.formedia.pl\/sklep\/produkt\/wtykacze-cenowki-opisowki-do-lodow-z-plexi-komplet-12\/","og_site_name":"Formedia","article_publisher":"https:\/\/www.facebook.com\/formedia.bydgoszcz\/","article_modified_time":"2026-04-01T06:25:08+00:00","og_image":[{"width":504,"height":504,"url":"https:\/\/www.formedia.pl\/sklep\/wp-content\/uploads\/2020\/05\/Etykiety_lody_galkowe_CDL01.jpg","type":"image\/jpeg"}],"twitter_card":"summary_large_image","twitter_misc":{"Szacowany czas czytania":"1 minuta"},"schema":{"@context":"https:\/\/schema.org","@graph":[{"@type":"WebPage","@id":"https:\/\/www.formedia.pl\/sklep\/produkt\/wtykacze-cenowki-opisowki-do-lodow-z-plexi-komplet-12\/","url":"https:\/\/www.formedia.pl\/sklep\/produkt\/wtykacze-cenowki-opisowki-do-lodow-z-plexi-komplet-12\/","name":"Wtykacze, cen\u00f3wki, opis\u00f3wki do lod\u00f3w z plexi, komplet 20 sztuk - Formedia","isPartOf":{"@id":"https:\/\/www.formedia.pl\/sklep\/#website"},"primaryImageOfPage":{"@id":"https:\/\/www.formedia.pl\/sklep\/produkt\/wtykacze-cenowki-opisowki-do-lodow-z-plexi-komplet-12\/#primaryimage"},"image":{"@id":"https:\/\/www.formedia.pl\/sklep\/produkt\/wtykacze-cenowki-opisowki-do-lodow-z-plexi-komplet-12\/#primaryimage"},"thumbnailUrl":"https:\/\/www.formedia.pl\/sklep\/wp-content\/uploads\/2020\/05\/Etykiety_lody_galkowe_CDL01.jpg","datePublished":"2020-05-26T11:11:56+00:00","dateModified":"2026-04-01T06:25:08+00:00","description":"Producent wyrob\u00f3w z plexi. Sprawd\u017a Wtykacze, cen\u00f3wki, opis\u00f3wki do lod\u00f3w z plexi, komplet 20 sztuk. Indywidualne podej\u015bcie, w\u0142asne studio projektowe. Zapraszamy!","breadcrumb":{"@id":"https:\/\/www.formedia.pl\/sklep\/produkt\/wtykacze-cenowki-opisowki-do-lodow-z-plexi-komplet-12\/#breadcrumb"},"inLanguage":"pl-PL","potentialAction":[{"@type":"ReadAction","target":["https:\/\/www.formedia.pl\/sklep\/produkt\/wtykacze-cenowki-opisowki-do-lodow-z-plexi-komplet-12\/"]}]},{"@type":"ImageObject","inLanguage":"pl-PL","@id":"https:\/\/www.formedia.pl\/sklep\/produkt\/wtykacze-cenowki-opisowki-do-lodow-z-plexi-komplet-12\/#primaryimage","url":"https:\/\/www.formedia.pl\/sklep\/wp-content\/uploads\/2020\/05\/Etykiety_lody_galkowe_CDL01.jpg","contentUrl":"https:\/\/www.formedia.pl\/sklep\/wp-content\/uploads\/2020\/05\/Etykiety_lody_galkowe_CDL01.jpg","width":504,"height":504,"caption":"wtykacze w kszta\u0142cie lod\u00f3w z ga\u0142kami"},{"@type":"BreadcrumbList","@id":"https:\/\/www.formedia.pl\/sklep\/produkt\/wtykacze-cenowki-opisowki-do-lodow-z-plexi-komplet-12\/#breadcrumb","itemListElement":[{"@type":"ListItem","position":1,"name":"Strona g\u0142\u00f3wna","item":"https:\/\/www.formedia.pl\/sklep\/"},{"@type":"ListItem","position":2,"name":"Sklep","item":"https:\/\/www.formedia.pl\/sklep\/"},{"@type":"ListItem","position":3,"name":"Wtykacze, cen\u00f3wki, opis\u00f3wki do lod\u00f3w z plexi, komplet 20 sztuk"}]},{"@type":"WebSite","@id":"https:\/\/www.formedia.pl\/sklep\/#website","url":"https:\/\/www.formedia.pl\/sklep\/","name":"Formedia","description":"Producent wyrob\u00f3w z tworzyw sztucznych","publisher":{"@id":"https:\/\/www.formedia.pl\/sklep\/#organization"},"alternateName":"Formedia","potentialAction":[{"@type":"SearchAction","target":{"@type":"EntryPoint","urlTemplate":"https:\/\/www.formedia.pl\/sklep\/?s={search_term_string}"},"query-input":{"@type":"PropertyValueSpecification","valueRequired":true,"valueName":"search_term_string"}}],"inLanguage":"pl-PL"},{"@type":"Organization","@id":"https:\/\/www.formedia.pl\/sklep\/#organization","name":"Formedia","alternateName":"Formedia","url":"https:\/\/www.formedia.pl\/sklep\/","logo":{"@type":"ImageObject","inLanguage":"pl-PL","@id":"https:\/\/www.formedia.pl\/sklep\/#\/schema\/logo\/image\/","url":"https:\/\/www.formedia.pl\/sklep\/wp-content\/uploads\/2025\/03\/1x1cropped-logo-WWW-ForMedia-bialy.png","contentUrl":"https:\/\/www.formedia.pl\/sklep\/wp-content\/uploads\/2025\/03\/1x1cropped-logo-WWW-ForMedia-bialy.png","width":412,"height":412,"caption":"Formedia"},"image":{"@id":"https:\/\/www.formedia.pl\/sklep\/#\/schema\/logo\/image\/"},"sameAs":["https:\/\/www.facebook.com\/formedia.bydgoszcz\/","https:\/\/www.youtube.com\/@formedia4306"]}]}},"_links":{"self":[{"href":"https:\/\/www.formedia.pl\/sklep\/wp-json\/wp\/v2\/product\/8427","targetHints":{"allow":["GET"]}}],"collection":[{"href":"https:\/\/www.formedia.pl\/sklep\/wp-json\/wp\/v2\/product"}],"about":[{"href":"https:\/\/www.formedia.pl\/sklep\/wp-json\/wp\/v2\/types\/product"}],"wp:featuredmedia":[{"embeddable":true,"href":"https:\/\/www.formedia.pl\/sklep\/wp-json\/wp\/v2\/media\/15352"}],"wp:attachment":[{"href":"https:\/\/www.formedia.pl\/sklep\/wp-json\/wp\/v2\/media?parent=8427"}],"wp:term":[{"taxonomy":"product_brand","embeddable":true,"href":"https:\/\/www.formedia.pl\/sklep\/wp-json\/wp\/v2\/product_brand?post=8427"},{"taxonomy":"product_cat","embeddable":true,"href":"https:\/\/www.formedia.pl\/sklep\/wp-json\/wp\/v2\/product_cat?post=8427"},{"taxonomy":"product_tag","embeddable":true,"href":"https:\/\/www.formedia.pl\/sklep\/wp-json\/wp\/v2\/product_tag?post=8427"},{"taxonomy":"woo-feed-brand","embeddable":true,"href":"https:\/\/www.formedia.pl\/sklep\/wp-json\/wp\/v2\/woo-feed-brand?post=8427"}],"curies":[{"name":"wp","href":"https:\/\/api.w.org\/{rel}","templated":true}]}}