{"id":980,"date":"2019-02-16T10:29:03","date_gmt":"2019-02-16T09:29:03","guid":{"rendered":"http:\/\/formedia.pl\/sklep\/?post_type=product&#038;p=980"},"modified":"2026-04-01T08:24:26","modified_gmt":"2026-04-01T06:24:26","slug":"podwojny-stojak-pod-zegarki-i-bransoletki-z-plexi-snz8","status":"publish","type":"product","link":"https:\/\/www.formedia.pl\/sklep\/produkt\/podwojny-stojak-pod-zegarki-i-bransoletki-z-plexi-snz8\/","title":{"rendered":"Podw\u00f3jny stojak pod zegarki i bransoletki z plexi 25 szt SNZ8"},"content":{"rendered":"<h2><span style=\"color: #ff6600;\"> podw\u00f3jny stojak pod zegarki i bransoletki<\/span><\/h2>\n<p>Chcesz zaprezentowa\u0107 swoj\u0105 bi\u017cuterie noszon\u0105 na d\u0142oni, ale nie wiesz w jaki spos\u00f3b? Mamy dla Ciebie idealne rozwi\u0105zanie. Stojaki te idealnie nadaj\u0105 si\u0119 do ekspozycji Twoich wyrob\u00f3w jubilerskich. S\u0105 skuteczne, u\u017cyteczne oraz nie zajmuj\u0105 du\u017co miejsca dzi\u0119ki czemu wyeksponujesz sw\u00f3j produkt nawet w gablocie. Naturalnie stojaki wykonujemy z plexi bezbarwnej, lecz inne kolory mo\u017cemy wykona\u0107 na Twoje zam\u00f3wienie. Zobacz ca\u0142\u0105 <span style=\"color: #333333;\"><a style=\"color: #333333;\" href=\"https:\/\/www.formedia.pl\/sklep\/kategoria-produktu\/oferta\/prezentery-z-plexi-oferta\/stojaki-na-bizuterie\/\"><strong>seri\u0119 gad\u017cet\u00f3w wystawienniczych stojak\u00f3w na bi\u017cuteri\u0119 od Formedia<\/strong><strong>.<\/strong><\/a><\/span><\/p>\n<p><strong>UWAGA!<\/strong><\/p>\n<ul>\n<li>Na fotografii jest przyk\u0142adowa prezentacja produktu.<\/li>\n<li>Inne wzory, kszta\u0142ty, kolory tworzywa mo\u017cemy wykona\u0107 dla Pa\u0144stwa na zam\u00f3wienie mailowe. Przed z\u0142o\u017ceniem zam\u00f3wienia indywidualnego prosimy o kontakt z naszym biurem obs\u0142ugi klienta w celu ustalenia szczeg\u00f3\u0142\u00f3w:\u00a0<strong><a href=\"tel:+48661036036\">tel. 661 036 036<\/a><\/strong><\/li>\n<li>Oferujemy r\u00f3wnie\u017c znakowanie metod\u0105 grawerowania oraz nadruku utwardzanego \u015bwiat\u0142em UV.<\/li>\n<li>Druk UV wykonujemy m.in. na: plexi, szkle, dibondzie, drewnie, kartonie, metalu, PCV.<\/li>\n<li>Wyroby z plexi zabezpieczone s\u0105 foli\u0105 ochronn\u0105. Przed u\u017cyciem nale\u017cy j\u0105 \u015bci\u0105gn\u0105\u0107.<\/li>\n<li>Sprawd\u017a\u00a0paczk\u0119\u00a0przy kurierze i oce\u0144\u00a0czy zawarto\u015b\u0107\u00a0nie jest uszkodzona! Protok\u00f3\u0142\u00a0szkody jest jedyn\u0105\u00a0podstaw\u0105\u00a0do reklamacji.<\/li>\n<\/ul>\n","protected":false},"excerpt":{"rendered":"<ul>\n<li><span style=\"color: #ff6600;\"><strong>Wymiary stojaka (d\u0142. x szer. x wys.): <\/strong><\/span>40 x 100 x 110 mm<\/li>\n<li><strong><span style=\"color: #ff6600;\">Materia\u0142: <\/span><\/strong>plexi bezbarwna<\/li>\n<li><strong><span style=\"color: #ff6600;\">Grubo\u015b\u0107: <\/span><\/strong>2 mm<\/li>\n<li><strong><span style=\"color: #ff6600;\">Kod produktu:<\/span><\/strong> SNZ8<\/li>\n<\/ul>\n","protected":false},"featured_media":17473,"template":"","meta":[],"product_brand":[],"product_cat":[707,878],"product_tag":[],"woo-feed-brand":[],"class_list":{"0":"post-980","1":"product","2":"type-product","3":"status-publish","4":"has-post-thumbnail","6":"product_cat-ekspozytor-prezenter","7":"product_cat-stojaki-na-zegarki","9":"first","10":"instock","11":"taxable","12":"shipping-taxable","13":"purchasable","14":"product-type-simple"},"yoast_head":"<!-- This site is optimized with the Yoast SEO plugin v27.4 - https:\/\/yoast.com\/product\/yoast-seo-wordpress\/ -->\n<title>Podw\u00f3jny stojak pod zegarki i bransoletki z plexi 25 szt SNZ8 - Formedia<\/title>\n<meta name=\"description\" content=\"Producent wyrob\u00f3w z plexi. Sprawd\u017a Podw\u00f3jny stojak pod zegarki i bransoletki z plexi 25 szt SNZ8. Indywidualne podej\u015bcie, w\u0142asne studio projektowe. Zapraszamy!\" \/>\n<meta name=\"robots\" content=\"index, follow, max-snippet:-1, max-image-preview:large, max-video-preview:-1\" \/>\n<link rel=\"canonical\" href=\"https:\/\/www.formedia.pl\/sklep\/produkt\/podwojny-stojak-pod-zegarki-i-bransoletki-z-plexi-snz8\/\" \/>\n<meta property=\"og:locale\" content=\"pl_PL\" \/>\n<meta property=\"og:type\" content=\"article\" \/>\n<meta property=\"og:title\" content=\"Podw\u00f3jny stojak pod zegarki i bransoletki z plexi 25 szt SNZ8 - Formedia\" \/>\n<meta property=\"og:description\" content=\"Producent wyrob\u00f3w z plexi. Sprawd\u017a Podw\u00f3jny stojak pod zegarki i bransoletki z plexi 25 szt SNZ8. Indywidualne podej\u015bcie, w\u0142asne studio projektowe. Zapraszamy!\" \/>\n<meta property=\"og:url\" content=\"https:\/\/www.formedia.pl\/sklep\/produkt\/podwojny-stojak-pod-zegarki-i-bransoletki-z-plexi-snz8\/\" \/>\n<meta property=\"og:site_name\" content=\"Formedia\" \/>\n<meta property=\"article:publisher\" content=\"https:\/\/www.facebook.com\/formedia.bydgoszcz\/\" \/>\n<meta property=\"article:modified_time\" content=\"2026-04-01T06:24:26+00:00\" \/>\n<meta property=\"og:image\" content=\"https:\/\/www.formedia.pl\/sklep\/wp-content\/uploads\/2019\/02\/stojak-na-zegarki-z-plexi-ekspozytor-na-polke.jpg\" \/>\n\t<meta property=\"og:image:width\" content=\"500\" \/>\n\t<meta property=\"og:image:height\" content=\"500\" \/>\n\t<meta property=\"og:image:type\" content=\"image\/jpeg\" \/>\n<meta name=\"twitter:card\" content=\"summary_large_image\" \/>\n<meta name=\"twitter:label1\" content=\"Szacowany czas czytania\" \/>\n\t<meta name=\"twitter:data1\" content=\"1 minuta\" \/>\n<script type=\"application\/ld+json\" class=\"yoast-schema-graph\">{\"@context\":\"https:\\\/\\\/schema.org\",\"@graph\":[{\"@type\":\"WebPage\",\"@id\":\"https:\\\/\\\/www.formedia.pl\\\/sklep\\\/produkt\\\/podwojny-stojak-pod-zegarki-i-bransoletki-z-plexi-snz8\\\/\",\"url\":\"https:\\\/\\\/www.formedia.pl\\\/sklep\\\/produkt\\\/podwojny-stojak-pod-zegarki-i-bransoletki-z-plexi-snz8\\\/\",\"name\":\"Podw\u00f3jny stojak pod zegarki i bransoletki z plexi 25 szt SNZ8 - Formedia\",\"isPartOf\":{\"@id\":\"https:\\\/\\\/www.formedia.pl\\\/sklep\\\/#website\"},\"primaryImageOfPage\":{\"@id\":\"https:\\\/\\\/www.formedia.pl\\\/sklep\\\/produkt\\\/podwojny-stojak-pod-zegarki-i-bransoletki-z-plexi-snz8\\\/#primaryimage\"},\"image\":{\"@id\":\"https:\\\/\\\/www.formedia.pl\\\/sklep\\\/produkt\\\/podwojny-stojak-pod-zegarki-i-bransoletki-z-plexi-snz8\\\/#primaryimage\"},\"thumbnailUrl\":\"https:\\\/\\\/www.formedia.pl\\\/sklep\\\/wp-content\\\/uploads\\\/2019\\\/02\\\/stojak-na-zegarki-z-plexi-ekspozytor-na-polke.jpg\",\"datePublished\":\"2019-02-16T09:29:03+00:00\",\"dateModified\":\"2026-04-01T06:24:26+00:00\",\"description\":\"Producent wyrob\u00f3w z plexi. Sprawd\u017a Podw\u00f3jny stojak pod zegarki i bransoletki z plexi 25 szt SNZ8. Indywidualne podej\u015bcie, w\u0142asne studio projektowe. Zapraszamy!\",\"breadcrumb\":{\"@id\":\"https:\\\/\\\/www.formedia.pl\\\/sklep\\\/produkt\\\/podwojny-stojak-pod-zegarki-i-bransoletki-z-plexi-snz8\\\/#breadcrumb\"},\"inLanguage\":\"pl-PL\",\"potentialAction\":[{\"@type\":\"ReadAction\",\"target\":[\"https:\\\/\\\/www.formedia.pl\\\/sklep\\\/produkt\\\/podwojny-stojak-pod-zegarki-i-bransoletki-z-plexi-snz8\\\/\"]}]},{\"@type\":\"ImageObject\",\"inLanguage\":\"pl-PL\",\"@id\":\"https:\\\/\\\/www.formedia.pl\\\/sklep\\\/produkt\\\/podwojny-stojak-pod-zegarki-i-bransoletki-z-plexi-snz8\\\/#primaryimage\",\"url\":\"https:\\\/\\\/www.formedia.pl\\\/sklep\\\/wp-content\\\/uploads\\\/2019\\\/02\\\/stojak-na-zegarki-z-plexi-ekspozytor-na-polke.jpg\",\"contentUrl\":\"https:\\\/\\\/www.formedia.pl\\\/sklep\\\/wp-content\\\/uploads\\\/2019\\\/02\\\/stojak-na-zegarki-z-plexi-ekspozytor-na-polke.jpg\",\"width\":500,\"height\":500,\"caption\":\"stojak z plexi na zegarki A5, A4, A3, DL\"},{\"@type\":\"BreadcrumbList\",\"@id\":\"https:\\\/\\\/www.formedia.pl\\\/sklep\\\/produkt\\\/podwojny-stojak-pod-zegarki-i-bransoletki-z-plexi-snz8\\\/#breadcrumb\",\"itemListElement\":[{\"@type\":\"ListItem\",\"position\":1,\"name\":\"Strona g\u0142\u00f3wna\",\"item\":\"https:\\\/\\\/www.formedia.pl\\\/sklep\\\/\"},{\"@type\":\"ListItem\",\"position\":2,\"name\":\"Sklep\",\"item\":\"https:\\\/\\\/www.formedia.pl\\\/sklep\\\/\"},{\"@type\":\"ListItem\",\"position\":3,\"name\":\"Podw\u00f3jny stojak pod zegarki i bransoletki z plexi 25 szt SNZ8\"}]},{\"@type\":\"WebSite\",\"@id\":\"https:\\\/\\\/www.formedia.pl\\\/sklep\\\/#website\",\"url\":\"https:\\\/\\\/www.formedia.pl\\\/sklep\\\/\",\"name\":\"Formedia\",\"description\":\"Producent wyrob\u00f3w z tworzyw sztucznych\",\"publisher\":{\"@id\":\"https:\\\/\\\/www.formedia.pl\\\/sklep\\\/#organization\"},\"alternateName\":\"Formedia\",\"potentialAction\":[{\"@type\":\"SearchAction\",\"target\":{\"@type\":\"EntryPoint\",\"urlTemplate\":\"https:\\\/\\\/www.formedia.pl\\\/sklep\\\/?s={search_term_string}\"},\"query-input\":{\"@type\":\"PropertyValueSpecification\",\"valueRequired\":true,\"valueName\":\"search_term_string\"}}],\"inLanguage\":\"pl-PL\"},{\"@type\":\"Organization\",\"@id\":\"https:\\\/\\\/www.formedia.pl\\\/sklep\\\/#organization\",\"name\":\"Formedia\",\"alternateName\":\"Formedia\",\"url\":\"https:\\\/\\\/www.formedia.pl\\\/sklep\\\/\",\"logo\":{\"@type\":\"ImageObject\",\"inLanguage\":\"pl-PL\",\"@id\":\"https:\\\/\\\/www.formedia.pl\\\/sklep\\\/#\\\/schema\\\/logo\\\/image\\\/\",\"url\":\"https:\\\/\\\/www.formedia.pl\\\/sklep\\\/wp-content\\\/uploads\\\/2025\\\/03\\\/1x1cropped-logo-WWW-ForMedia-bialy.png\",\"contentUrl\":\"https:\\\/\\\/www.formedia.pl\\\/sklep\\\/wp-content\\\/uploads\\\/2025\\\/03\\\/1x1cropped-logo-WWW-ForMedia-bialy.png\",\"width\":412,\"height\":412,\"caption\":\"Formedia\"},\"image\":{\"@id\":\"https:\\\/\\\/www.formedia.pl\\\/sklep\\\/#\\\/schema\\\/logo\\\/image\\\/\"},\"sameAs\":[\"https:\\\/\\\/www.facebook.com\\\/formedia.bydgoszcz\\\/\",\"https:\\\/\\\/www.youtube.com\\\/@formedia4306\"]}]}<\/script>\n<!-- \/ Yoast SEO plugin. -->","yoast_head_json":{"title":"Podw\u00f3jny stojak pod zegarki i bransoletki z plexi 25 szt SNZ8 - Formedia","description":"Producent wyrob\u00f3w z plexi. Sprawd\u017a Podw\u00f3jny stojak pod zegarki i bransoletki z plexi 25 szt SNZ8. Indywidualne podej\u015bcie, w\u0142asne studio projektowe. Zapraszamy!","robots":{"index":"index","follow":"follow","max-snippet":"max-snippet:-1","max-image-preview":"max-image-preview:large","max-video-preview":"max-video-preview:-1"},"canonical":"https:\/\/www.formedia.pl\/sklep\/produkt\/podwojny-stojak-pod-zegarki-i-bransoletki-z-plexi-snz8\/","og_locale":"pl_PL","og_type":"article","og_title":"Podw\u00f3jny stojak pod zegarki i bransoletki z plexi 25 szt SNZ8 - Formedia","og_description":"Producent wyrob\u00f3w z plexi. Sprawd\u017a Podw\u00f3jny stojak pod zegarki i bransoletki z plexi 25 szt SNZ8. Indywidualne podej\u015bcie, w\u0142asne studio projektowe. Zapraszamy!","og_url":"https:\/\/www.formedia.pl\/sklep\/produkt\/podwojny-stojak-pod-zegarki-i-bransoletki-z-plexi-snz8\/","og_site_name":"Formedia","article_publisher":"https:\/\/www.facebook.com\/formedia.bydgoszcz\/","article_modified_time":"2026-04-01T06:24:26+00:00","og_image":[{"width":500,"height":500,"url":"https:\/\/www.formedia.pl\/sklep\/wp-content\/uploads\/2019\/02\/stojak-na-zegarki-z-plexi-ekspozytor-na-polke.jpg","type":"image\/jpeg"}],"twitter_card":"summary_large_image","twitter_misc":{"Szacowany czas czytania":"1 minuta"},"schema":{"@context":"https:\/\/schema.org","@graph":[{"@type":"WebPage","@id":"https:\/\/www.formedia.pl\/sklep\/produkt\/podwojny-stojak-pod-zegarki-i-bransoletki-z-plexi-snz8\/","url":"https:\/\/www.formedia.pl\/sklep\/produkt\/podwojny-stojak-pod-zegarki-i-bransoletki-z-plexi-snz8\/","name":"Podw\u00f3jny stojak pod zegarki i bransoletki z plexi 25 szt SNZ8 - Formedia","isPartOf":{"@id":"https:\/\/www.formedia.pl\/sklep\/#website"},"primaryImageOfPage":{"@id":"https:\/\/www.formedia.pl\/sklep\/produkt\/podwojny-stojak-pod-zegarki-i-bransoletki-z-plexi-snz8\/#primaryimage"},"image":{"@id":"https:\/\/www.formedia.pl\/sklep\/produkt\/podwojny-stojak-pod-zegarki-i-bransoletki-z-plexi-snz8\/#primaryimage"},"thumbnailUrl":"https:\/\/www.formedia.pl\/sklep\/wp-content\/uploads\/2019\/02\/stojak-na-zegarki-z-plexi-ekspozytor-na-polke.jpg","datePublished":"2019-02-16T09:29:03+00:00","dateModified":"2026-04-01T06:24:26+00:00","description":"Producent wyrob\u00f3w z plexi. Sprawd\u017a Podw\u00f3jny stojak pod zegarki i bransoletki z plexi 25 szt SNZ8. Indywidualne podej\u015bcie, w\u0142asne studio projektowe. Zapraszamy!","breadcrumb":{"@id":"https:\/\/www.formedia.pl\/sklep\/produkt\/podwojny-stojak-pod-zegarki-i-bransoletki-z-plexi-snz8\/#breadcrumb"},"inLanguage":"pl-PL","potentialAction":[{"@type":"ReadAction","target":["https:\/\/www.formedia.pl\/sklep\/produkt\/podwojny-stojak-pod-zegarki-i-bransoletki-z-plexi-snz8\/"]}]},{"@type":"ImageObject","inLanguage":"pl-PL","@id":"https:\/\/www.formedia.pl\/sklep\/produkt\/podwojny-stojak-pod-zegarki-i-bransoletki-z-plexi-snz8\/#primaryimage","url":"https:\/\/www.formedia.pl\/sklep\/wp-content\/uploads\/2019\/02\/stojak-na-zegarki-z-plexi-ekspozytor-na-polke.jpg","contentUrl":"https:\/\/www.formedia.pl\/sklep\/wp-content\/uploads\/2019\/02\/stojak-na-zegarki-z-plexi-ekspozytor-na-polke.jpg","width":500,"height":500,"caption":"stojak z plexi na zegarki A5, A4, A3, DL"},{"@type":"BreadcrumbList","@id":"https:\/\/www.formedia.pl\/sklep\/produkt\/podwojny-stojak-pod-zegarki-i-bransoletki-z-plexi-snz8\/#breadcrumb","itemListElement":[{"@type":"ListItem","position":1,"name":"Strona g\u0142\u00f3wna","item":"https:\/\/www.formedia.pl\/sklep\/"},{"@type":"ListItem","position":2,"name":"Sklep","item":"https:\/\/www.formedia.pl\/sklep\/"},{"@type":"ListItem","position":3,"name":"Podw\u00f3jny stojak pod zegarki i bransoletki z plexi 25 szt SNZ8"}]},{"@type":"WebSite","@id":"https:\/\/www.formedia.pl\/sklep\/#website","url":"https:\/\/www.formedia.pl\/sklep\/","name":"Formedia","description":"Producent wyrob\u00f3w z tworzyw sztucznych","publisher":{"@id":"https:\/\/www.formedia.pl\/sklep\/#organization"},"alternateName":"Formedia","potentialAction":[{"@type":"SearchAction","target":{"@type":"EntryPoint","urlTemplate":"https:\/\/www.formedia.pl\/sklep\/?s={search_term_string}"},"query-input":{"@type":"PropertyValueSpecification","valueRequired":true,"valueName":"search_term_string"}}],"inLanguage":"pl-PL"},{"@type":"Organization","@id":"https:\/\/www.formedia.pl\/sklep\/#organization","name":"Formedia","alternateName":"Formedia","url":"https:\/\/www.formedia.pl\/sklep\/","logo":{"@type":"ImageObject","inLanguage":"pl-PL","@id":"https:\/\/www.formedia.pl\/sklep\/#\/schema\/logo\/image\/","url":"https:\/\/www.formedia.pl\/sklep\/wp-content\/uploads\/2025\/03\/1x1cropped-logo-WWW-ForMedia-bialy.png","contentUrl":"https:\/\/www.formedia.pl\/sklep\/wp-content\/uploads\/2025\/03\/1x1cropped-logo-WWW-ForMedia-bialy.png","width":412,"height":412,"caption":"Formedia"},"image":{"@id":"https:\/\/www.formedia.pl\/sklep\/#\/schema\/logo\/image\/"},"sameAs":["https:\/\/www.facebook.com\/formedia.bydgoszcz\/","https:\/\/www.youtube.com\/@formedia4306"]}]}},"_links":{"self":[{"href":"https:\/\/www.formedia.pl\/sklep\/wp-json\/wp\/v2\/product\/980","targetHints":{"allow":["GET"]}}],"collection":[{"href":"https:\/\/www.formedia.pl\/sklep\/wp-json\/wp\/v2\/product"}],"about":[{"href":"https:\/\/www.formedia.pl\/sklep\/wp-json\/wp\/v2\/types\/product"}],"wp:featuredmedia":[{"embeddable":true,"href":"https:\/\/www.formedia.pl\/sklep\/wp-json\/wp\/v2\/media\/17473"}],"wp:attachment":[{"href":"https:\/\/www.formedia.pl\/sklep\/wp-json\/wp\/v2\/media?parent=980"}],"wp:term":[{"taxonomy":"product_brand","embeddable":true,"href":"https:\/\/www.formedia.pl\/sklep\/wp-json\/wp\/v2\/product_brand?post=980"},{"taxonomy":"product_cat","embeddable":true,"href":"https:\/\/www.formedia.pl\/sklep\/wp-json\/wp\/v2\/product_cat?post=980"},{"taxonomy":"product_tag","embeddable":true,"href":"https:\/\/www.formedia.pl\/sklep\/wp-json\/wp\/v2\/product_tag?post=980"},{"taxonomy":"woo-feed-brand","embeddable":true,"href":"https:\/\/www.formedia.pl\/sklep\/wp-json\/wp\/v2\/woo-feed-brand?post=980"}],"curies":[{"name":"wp","href":"https:\/\/api.w.org\/{rel}","templated":true}]}}